{"id":31459,"date":"2024-06-05T01:54:17","date_gmt":"2024-06-05T01:54:17","guid":{"rendered":"https:\/\/jbsy-china.com\/?page_id=31459"},"modified":"2024-06-05T01:57:08","modified_gmt":"2024-06-05T01:57:08","slug":"privacy-page","status":"publish","type":"page","link":"https:\/\/jbsy-china.com\/de\/privacy-page\/","title":{"rendered":"Privacy page"},"content":{"rendered":"<div data-elementor-type=\"wp-page\" data-elementor-id=\"31459\" class=\"elementor elementor-31459\" data-elementor-post-type=\"page\">\n\t\t\t\t\t\t<section class=\"elementor-section elementor-top-section elementor-element elementor-element-25a8ef9 elementor-section-boxed elementor-section-height-default elementor-section-height-default\" data-id=\"25a8ef9\" data-element_type=\"section\">\n\t\t\t\t\t\t<div class=\"elementor-container elementor-column-gap-default\">\n\t\t\t\t\t<div class=\"elementor-column elementor-col-100 elementor-top-column elementor-element elementor-element-15dfcd4\" data-id=\"15dfcd4\" data-element_type=\"column\">\n\t\t\t<div class=\"elementor-widget-wrap elementor-element-populated\">\n\t\t\t\t\t\t<div class=\"elementor-element elementor-element-8e83f79 elementor-widget elementor-widget-text-editor\" data-id=\"8e83f79\" data-element_type=\"widget\" data-widget_type=\"text-editor.default\">\n\t\t\t\t<div class=\"elementor-widget-container\">\n\t\t\t\t\t\t\t\t\t<p><strong>Datenschutzbestimmungen<\/strong><\/p><p>Wir sch\u00e4tzen Ihre Privatsph\u00e4re und verpflichten uns, Ihre pers\u00f6nlichen Daten zu sch\u00fctzen. Wenn Sie unsere Website nutzen, k\u00f6nnen wir Ihre pers\u00f6nlichen Daten erfassen und verwenden. Wir haben diese Datenschutzrichtlinie entwickelt, um zu erl\u00e4utern, wie wir Ihre personenbezogenen Daten erfassen, verwenden und verarbeiten, und um Ihnen die entsprechenden Rechte zu gew\u00e4hren.<\/p><p>Bitte lesen Sie diese Datenschutzrichtlinie sorgf\u00e4ltig durch, bevor Sie unsere Website nutzen. Wenn Sie mit einer der Bestimmungen dieser Datenschutzrichtlinie nicht einverstanden sind, nutzen Sie unsere Website bitte nicht weiter.<\/p><p><strong>Sammlung und Verwendung von Informationen<\/strong><\/p><p>Wenn Sie unsere Website besuchen, k\u00f6nnen wir Ihre pers\u00f6nlichen Daten wie Ihren Namen, Ihre E-Mail-Adresse, Ihre Kontaktnummer usw. erfassen. Wir sammeln diese Informationen, um Ihnen bessere Dienstleistungen anbieten und Ihre Bed\u00fcrfnisse besser erf\u00fcllen zu k\u00f6nnen.<\/p><p>Wir k\u00f6nnen die von Ihnen zur Verf\u00fcgung gestellten personenbezogenen Daten verwenden, um:<\/p><ul><li>Ihnen Informationen und Benachrichtigungen im Zusammenhang mit unserer Website zu senden.<\/li><li>Ihre Auftr\u00e4ge zu bearbeiten und die von Ihnen gew\u00fcnschten Dienstleistungen zu erbringen.<\/li><li>Verbesserung unserer Website, um Ihren Bed\u00fcrfnissen besser gerecht zu werden.<\/li><\/ul><p>Wir versprechen, dass wir Ihre pers\u00f6nlichen Daten nicht an Dritte verkaufen oder vermieten.<\/p><p><strong>Schutz von Informationen<\/strong><\/p><p>Wir haben angemessene Sicherheitsma\u00dfnahmen ergriffen, um Ihre pers\u00f6nlichen Daten vor unbefugtem Zugriff, Verwendung oder Offenlegung zu sch\u00fctzen. Wir werden unser Bestes tun, um die Sicherheit Ihrer pers\u00f6nlichen Daten zu gew\u00e4hrleisten, aber bitte beachten Sie, dass die \u00dcbertragung \u00fcber das Internet nicht absolut sicher ist.<\/p><p><strong>Cookie-Technologie<\/strong><\/p><p>Unsere Website verwendet m\u00f6glicherweise die Cookie-Technologie, um Ihre pers\u00f6nlichen Daten zu erfassen und zu speichern. Cookies sind kleine Datenpakete, die auf der Festplatte Ihres Computers gespeichert werden, um Informationen \u00fcber Ihren Besuch auf der Website aufzuzeichnen. Wir verwenden Cookies haupts\u00e4chlich, um Ihre Benutzererfahrung zu verbessern und personalisierte Dienste anzubieten.<\/p><p><strong>Gesetze zum Schutz der Privatsph\u00e4re<\/strong><\/p><p>Wir halten uns an die geltenden Datenschutzgesetze und -vorschriften, um Ihre pers\u00f6nlichen Daten zu sch\u00fctzen. Wenn Sie Fragen oder Beschwerden zu dieser Datenschutzrichtlinie oder Ihren pers\u00f6nlichen Daten haben, wenden Sie sich bitte an uns.<\/p><p><strong>Aktualisierungen der Datenschutzrichtlinie<\/strong><\/p><p>Wir behalten uns das Recht vor, diese Datenschutzrichtlinie jederzeit zu aktualisieren. Die aktualisierte Datenschutzrichtlinie wird auf unserer Website ver\u00f6ffentlicht. Wir empfehlen Ihnen, diese Datenschutzrichtlinie regelm\u00e4\u00dfig zu lesen, um zu verstehen, wie wir Ihre pers\u00f6nlichen Daten sch\u00fctzen.<\/p><p><strong>Kontakt<\/strong><\/p><p>Wenn Sie Fragen oder Bedenken haben oder wenn Sie Ihre pers\u00f6nlichen Daten einsehen, korrigieren oder l\u00f6schen m\u00f6chten, wenden Sie sich bitte an uns:<\/p><p>[Ihre Kontaktinformationen]<\/p>\t\t\t\t\t\t\t\t<\/div>\n\t\t\t\t<\/div>\n\t\t\t\t\t<\/div>\n\t\t<\/div>\n\t\t\t\t\t<\/div>\n\t\t<\/section>\n\t\t\t\t<\/div>","protected":false},"excerpt":{"rendered":"<p>Privacy Policy We value your privacy and are committed to protecting your personal information. When you use our website, we may collect and use your personal information. We have developed this privacy policy to explain how we collect, use, and process your personal information and to provide you with relevant rights. Please read this privacy [&hellip;]<\/p>","protected":false},"author":2,"featured_media":0,"parent":0,"menu_order":0,"comment_status":"closed","ping_status":"closed","template":"","meta":{"site-sidebar-layout":"no-sidebar","site-content-layout":"page-builder","ast-site-content-layout":"full-width-container","site-content-style":"default","site-sidebar-style":"default","ast-global-header-display":"","ast-banner-title-visibility":"","ast-main-header-display":"","ast-hfb-above-header-display":"","ast-hfb-below-header-display":"","ast-hfb-mobile-header-display":"","site-post-title":"disabled","ast-breadcrumbs-content":"","ast-featured-img":"disabled","footer-sml-layout":"","ast-disable-related-posts":"","theme-transparent-header-meta":"","adv-header-id-meta":"","stick-header-meta":"","header-above-stick-meta":"","header-main-stick-meta":"","header-below-stick-meta":"","astra-migrate-meta-layouts":"set","ast-page-background-enabled":"default","ast-page-background-meta":{"desktop":{"background-color":"var(--ast-global-color-4)","background-image":"","background-repeat":"repeat","background-position":"center center","background-size":"auto","background-attachment":"scroll","background-type":"","background-media":"","overlay-type":"","overlay-color":"","overlay-opacity":"","overlay-gradient":""},"tablet":{"background-color":"","background-image":"","background-repeat":"repeat","background-position":"center center","background-size":"auto","background-attachment":"scroll","background-type":"","background-media":"","overlay-type":"","overlay-color":"","overlay-opacity":"","overlay-gradient":""},"mobile":{"background-color":"","background-image":"","background-repeat":"repeat","background-position":"center center","background-size":"auto","background-attachment":"scroll","background-type":"","background-media":"","overlay-type":"","overlay-color":"","overlay-opacity":"","overlay-gradient":""}},"ast-content-background-meta":{"desktop":{"background-color":"var(--ast-global-color-5)","background-image":"","background-repeat":"repeat","background-position":"center center","background-size":"auto","background-attachment":"scroll","background-type":"","background-media":"","overlay-type":"","overlay-color":"","overlay-opacity":"","overlay-gradient":""},"tablet":{"background-color":"var(--ast-global-color-5)","background-image":"","background-repeat":"repeat","background-position":"center center","background-size":"auto","background-attachment":"scroll","background-type":"","background-media":"","overlay-type":"","overlay-color":"","overlay-opacity":"","overlay-gradient":""},"mobile":{"background-color":"var(--ast-global-color-5)","background-image":"","background-repeat":"repeat","background-position":"center center","background-size":"auto","background-attachment":"scroll","background-type":"","background-media":"","overlay-type":"","overlay-color":"","overlay-opacity":"","overlay-gradient":""}},"_themeisle_gutenberg_block_has_review":false,"_ti_tpc_template_sync":false,"_ti_tpc_template_id":"","footnotes":""},"class_list":["post-31459","page","type-page","status-publish","hentry"],"yoast_head":"<!-- This site is optimized with the Yoast SEO Premium plugin v21.7 (Yoast SEO v25.7) - https:\/\/yoast.com\/wordpress\/plugins\/seo\/ -->\n<title>Privacy page - Jingbang Industrial<\/title>\n<meta name=\"robots\" content=\"index, follow, max-snippet:-1, max-image-preview:large, max-video-preview:-1\" \/>\n<link rel=\"canonical\" href=\"https:\/\/jbsy-china.com\/de\/privacy-page\/\" \/>\n<meta property=\"og:locale\" content=\"de_DE\" \/>\n<meta property=\"og:type\" content=\"article\" \/>\n<meta property=\"og:title\" content=\"Privacy page\" \/>\n<meta property=\"og:description\" content=\"Privacy Policy We value your privacy and are committed to protecting your personal information. When you use our website, we may collect and use your personal information. We have developed this privacy policy to explain how we collect, use, and process your personal information and to provide you with relevant rights. Please read this privacy [&hellip;]\" \/>\n<meta property=\"og:url\" content=\"https:\/\/jbsy-china.com\/de\/privacy-page\/\" \/>\n<meta property=\"og:site_name\" content=\"Jingbang Industrial\" \/>\n<meta property=\"article:modified_time\" content=\"2024-06-05T01:57:08+00:00\" \/>\n<meta name=\"twitter:card\" content=\"summary_large_image\" \/>\n<meta name=\"twitter:label1\" content=\"Gesch\u00e4tzte Lesezeit\" \/>\n\t<meta name=\"twitter:data1\" content=\"2\u00a0Minuten\" \/>\n<script type=\"application\/ld+json\" class=\"yoast-schema-graph\">{\"@context\":\"https:\/\/schema.org\",\"@graph\":[{\"@type\":\"WebPage\",\"@id\":\"https:\/\/jbsy-china.com\/privacy-page\/\",\"url\":\"https:\/\/jbsy-china.com\/privacy-page\/\",\"name\":\"Privacy page - Jingbang Industrial\",\"isPartOf\":{\"@id\":\"https:\/\/jbsy-china.com\/#website\"},\"datePublished\":\"2024-06-05T01:54:17+00:00\",\"dateModified\":\"2024-06-05T01:57:08+00:00\",\"breadcrumb\":{\"@id\":\"https:\/\/jbsy-china.com\/privacy-page\/#breadcrumb\"},\"inLanguage\":\"de\",\"potentialAction\":[{\"@type\":\"ReadAction\",\"target\":[\"https:\/\/jbsy-china.com\/privacy-page\/\"]}]},{\"@type\":\"BreadcrumbList\",\"@id\":\"https:\/\/jbsy-china.com\/privacy-page\/#breadcrumb\",\"itemListElement\":[{\"@type\":\"ListItem\",\"position\":1,\"name\":\"Home\",\"item\":\"https:\/\/jbsy-china.com\/\"},{\"@type\":\"ListItem\",\"position\":2,\"name\":\"Privacy page\"}]},{\"@type\":\"WebSite\",\"@id\":\"https:\/\/jbsy-china.com\/#website\",\"url\":\"https:\/\/jbsy-china.com\/\",\"name\":\"Jingbang Industrial\",\"description\":\"Hardware and electronics manufacturer\",\"publisher\":{\"@id\":\"https:\/\/jbsy-china.com\/#organization\"},\"potentialAction\":[{\"@type\":\"SearchAction\",\"target\":{\"@type\":\"EntryPoint\",\"urlTemplate\":\"https:\/\/jbsy-china.com\/?s={search_term_string}\"},\"query-input\":{\"@type\":\"PropertyValueSpecification\",\"valueRequired\":true,\"valueName\":\"search_term_string\"}}],\"inLanguage\":\"de\"},{\"@type\":\"Organization\",\"@id\":\"https:\/\/jbsy-china.com\/#organization\",\"name\":\"Jingbang Industrial\",\"url\":\"https:\/\/jbsy-china.com\/\",\"logo\":{\"@type\":\"ImageObject\",\"inLanguage\":\"de\",\"@id\":\"https:\/\/jbsy-china.com\/#\/schema\/logo\/image\/\",\"url\":\"https:\/\/jbsy-china.com\/wp-content\/uploads\/2023\/11\/cropped-\u56fe\u5c42-1.png\",\"contentUrl\":\"https:\/\/jbsy-china.com\/wp-content\/uploads\/2023\/11\/cropped-\u56fe\u5c42-1.png\",\"width\":1049,\"height\":739,\"caption\":\"Jingbang Industrial\"},\"image\":{\"@id\":\"https:\/\/jbsy-china.com\/#\/schema\/logo\/image\/\"}}]}<\/script>\n<!-- \/ Yoast SEO Premium plugin. -->","yoast_head_json":{"title":"Privacy page - Jingbang Industrial","robots":{"index":"index","follow":"follow","max-snippet":"max-snippet:-1","max-image-preview":"max-image-preview:large","max-video-preview":"max-video-preview:-1"},"canonical":"https:\/\/jbsy-china.com\/de\/privacy-page\/","og_locale":"de_DE","og_type":"article","og_title":"Privacy page","og_description":"Privacy Policy We value your privacy and are committed to protecting your personal information. When you use our website, we may collect and use your personal information. We have developed this privacy policy to explain how we collect, use, and process your personal information and to provide you with relevant rights. Please read this privacy [&hellip;]","og_url":"https:\/\/jbsy-china.com\/de\/privacy-page\/","og_site_name":"Jingbang Industrial","article_modified_time":"2024-06-05T01:57:08+00:00","twitter_card":"summary_large_image","twitter_misc":{"Gesch\u00e4tzte Lesezeit":"2\u00a0Minuten"},"schema":{"@context":"https:\/\/schema.org","@graph":[{"@type":"WebPage","@id":"https:\/\/jbsy-china.com\/privacy-page\/","url":"https:\/\/jbsy-china.com\/privacy-page\/","name":"Privacy page - Jingbang Industrial","isPartOf":{"@id":"https:\/\/jbsy-china.com\/#website"},"datePublished":"2024-06-05T01:54:17+00:00","dateModified":"2024-06-05T01:57:08+00:00","breadcrumb":{"@id":"https:\/\/jbsy-china.com\/privacy-page\/#breadcrumb"},"inLanguage":"de","potentialAction":[{"@type":"ReadAction","target":["https:\/\/jbsy-china.com\/privacy-page\/"]}]},{"@type":"BreadcrumbList","@id":"https:\/\/jbsy-china.com\/privacy-page\/#breadcrumb","itemListElement":[{"@type":"ListItem","position":1,"name":"Home","item":"https:\/\/jbsy-china.com\/"},{"@type":"ListItem","position":2,"name":"Privacy page"}]},{"@type":"WebSite","@id":"https:\/\/jbsy-china.com\/#website","url":"https:\/\/jbsy-china.com\/","name":"Jingbang Industrie","description":"Hersteller von Hardware und Elektronik","publisher":{"@id":"https:\/\/jbsy-china.com\/#organization"},"potentialAction":[{"@type":"SearchAction","target":{"@type":"EntryPoint","urlTemplate":"https:\/\/jbsy-china.com\/?s={search_term_string}"},"query-input":{"@type":"PropertyValueSpecification","valueRequired":true,"valueName":"search_term_string"}}],"inLanguage":"de"},{"@type":"Organization","@id":"https:\/\/jbsy-china.com\/#organization","name":"Jingbang Industrie","url":"https:\/\/jbsy-china.com\/","logo":{"@type":"ImageObject","inLanguage":"de","@id":"https:\/\/jbsy-china.com\/#\/schema\/logo\/image\/","url":"https:\/\/jbsy-china.com\/wp-content\/uploads\/2023\/11\/cropped-\u56fe\u5c42-1.png","contentUrl":"https:\/\/jbsy-china.com\/wp-content\/uploads\/2023\/11\/cropped-\u56fe\u5c42-1.png","width":1049,"height":739,"caption":"Jingbang Industrial"},"image":{"@id":"https:\/\/jbsy-china.com\/#\/schema\/logo\/image\/"}}]}},"_links":{"self":[{"href":"https:\/\/jbsy-china.com\/de\/wp-json\/wp\/v2\/pages\/31459","targetHints":{"allow":["GET"]}}],"collection":[{"href":"https:\/\/jbsy-china.com\/de\/wp-json\/wp\/v2\/pages"}],"about":[{"href":"https:\/\/jbsy-china.com\/de\/wp-json\/wp\/v2\/types\/page"}],"author":[{"embeddable":true,"href":"https:\/\/jbsy-china.com\/de\/wp-json\/wp\/v2\/users\/2"}],"replies":[{"embeddable":true,"href":"https:\/\/jbsy-china.com\/de\/wp-json\/wp\/v2\/comments?post=31459"}],"version-history":[{"count":0,"href":"https:\/\/jbsy-china.com\/de\/wp-json\/wp\/v2\/pages\/31459\/revisions"}],"wp:attachment":[{"href":"https:\/\/jbsy-china.com\/de\/wp-json\/wp\/v2\/media?parent=31459"}],"curies":[{"name":"wp","href":"https:\/\/api.w.org\/{rel}","templated":true}]}}