{"id":31614,"date":"2025-02-17T02:44:58","date_gmt":"2025-02-17T02:44:58","guid":{"rendered":"https:\/\/jbsy-china.com\/?post_type=product&#038;p=31614"},"modified":"2025-02-21T02:07:36","modified_gmt":"2025-02-21T02:07:36","slug":"tamper-resistant-bolts-and-nuts","status":"publish","type":"product","link":"https:\/\/jbsy-china.com\/de\/produkt\/tamper-resistant-bolts-and-nuts\/","title":{"rendered":"Manipulationssichere Schrauben und Muttern"},"content":{"rendered":"<p><img fetchpriority=\"high\" decoding=\"async\" class=\"alignnone size-full wp-image-31578\" src=\"https:\/\/jbsy-china.com\/wp-content\/uploads\/2025\/02\/\u51b7\u9566\u8be6\u60c5\u9875_01.jpg\" alt=\"\" width=\"790\" height=\"329\" srcset=\"https:\/\/jbsy-china.com\/wp-content\/uploads\/2025\/02\/\u51b7\u9566\u8be6\u60c5\u9875_01.jpg 790w, https:\/\/jbsy-china.com\/wp-content\/uploads\/2025\/02\/\u51b7\u9566\u8be6\u60c5\u9875_01-300x125.jpg 300w, https:\/\/jbsy-china.com\/wp-content\/uploads\/2025\/02\/\u51b7\u9566\u8be6\u60c5\u9875_01-768x320.jpg 768w, https:\/\/jbsy-china.com\/wp-content\/uploads\/2025\/02\/\u51b7\u9566\u8be6\u60c5\u9875_01-600x250.jpg 600w\" sizes=\"(max-width: 790px) 100vw, 790px\" \/><img decoding=\"async\" class=\"alignnone size-full wp-image-31579\" src=\"https:\/\/jbsy-china.com\/wp-content\/uploads\/2025\/02\/\u51b7\u9566\u8be6\u60c5\u9875_02.jpg\" alt=\"\" width=\"790\" height=\"981\" srcset=\"https:\/\/jbsy-china.com\/wp-content\/uploads\/2025\/02\/\u51b7\u9566\u8be6\u60c5\u9875_02.jpg 790w, https:\/\/jbsy-china.com\/wp-content\/uploads\/2025\/02\/\u51b7\u9566\u8be6\u60c5\u9875_02-242x300.jpg 242w, https:\/\/jbsy-china.com\/wp-content\/uploads\/2025\/02\/\u51b7\u9566\u8be6\u60c5\u9875_02-768x954.jpg 768w, https:\/\/jbsy-china.com\/wp-content\/uploads\/2025\/02\/\u51b7\u9566\u8be6\u60c5\u9875_02-600x745.jpg 600w\" sizes=\"(max-width: 790px) 100vw, 790px\" \/><img decoding=\"async\" class=\"alignnone size-full wp-image-31580\" src=\"https:\/\/jbsy-china.com\/wp-content\/uploads\/2025\/02\/\u51b7\u9566\u8be6\u60c5\u9875_03.jpg\" alt=\"\" width=\"790\" height=\"740\" srcset=\"https:\/\/jbsy-china.com\/wp-content\/uploads\/2025\/02\/\u51b7\u9566\u8be6\u60c5\u9875_03.jpg 790w, https:\/\/jbsy-china.com\/wp-content\/uploads\/2025\/02\/\u51b7\u9566\u8be6\u60c5\u9875_03-300x281.jpg 300w, https:\/\/jbsy-china.com\/wp-content\/uploads\/2025\/02\/\u51b7\u9566\u8be6\u60c5\u9875_03-768x719.jpg 768w, https:\/\/jbsy-china.com\/wp-content\/uploads\/2025\/02\/\u51b7\u9566\u8be6\u60c5\u9875_03-600x562.jpg 600w\" sizes=\"(max-width: 790px) 100vw, 790px\" \/><img loading=\"lazy\" decoding=\"async\" class=\"alignnone size-full wp-image-31581\" src=\"https:\/\/jbsy-china.com\/wp-content\/uploads\/2025\/02\/\u51b7\u9566\u8be6\u60c5\u9875_04.jpg\" alt=\"\" width=\"790\" height=\"739\" srcset=\"https:\/\/jbsy-china.com\/wp-content\/uploads\/2025\/02\/\u51b7\u9566\u8be6\u60c5\u9875_04.jpg 790w, https:\/\/jbsy-china.com\/wp-content\/uploads\/2025\/02\/\u51b7\u9566\u8be6\u60c5\u9875_04-300x281.jpg 300w, https:\/\/jbsy-china.com\/wp-content\/uploads\/2025\/02\/\u51b7\u9566\u8be6\u60c5\u9875_04-768x718.jpg 768w, https:\/\/jbsy-china.com\/wp-content\/uploads\/2025\/02\/\u51b7\u9566\u8be6\u60c5\u9875_04-600x561.jpg 600w\" sizes=\"(max-width: 790px) 100vw, 790px\" \/><img loading=\"lazy\" decoding=\"async\" class=\"alignnone size-full wp-image-31583\" src=\"https:\/\/jbsy-china.com\/wp-content\/uploads\/2025\/02\/\u51b7\u9566\u8be6\u60c5\u9875_05_01.jpg\" alt=\"\" width=\"790\" height=\"677\" srcset=\"https:\/\/jbsy-china.com\/wp-content\/uploads\/2025\/02\/\u51b7\u9566\u8be6\u60c5\u9875_05_01.jpg 790w, https:\/\/jbsy-china.com\/wp-content\/uploads\/2025\/02\/\u51b7\u9566\u8be6\u60c5\u9875_05_01-300x257.jpg 300w, https:\/\/jbsy-china.com\/wp-content\/uploads\/2025\/02\/\u51b7\u9566\u8be6\u60c5\u9875_05_01-768x658.jpg 768w, https:\/\/jbsy-china.com\/wp-content\/uploads\/2025\/02\/\u51b7\u9566\u8be6\u60c5\u9875_05_01-600x514.jpg 600w\" sizes=\"(max-width: 790px) 100vw, 790px\" \/><\/p>\n<p><strong>Das Kaltstauchverfahren ist eines der neuen Verfahren f\u00fcr die Druckbearbeitung mit weniger oder gar keiner Zerspanung<\/strong><br \/>\n<strong>Es handelt sich um eine Verarbeitungsmethode, die die plastische Verformung von Metall unter der Einwirkung von<\/strong><br \/>\n<strong>\u00e4u\u00dfere Kr\u00e4fte, und mit Hilfe von Formen wird das Metallvolumen umverteilt und in die Form gebracht<\/strong><br \/>\n<strong>die gew\u00fcnschten Teile oder Rohlinge. Das Kaltstauchverfahren ist am besten geeignet f\u00fcr die Herstellung von Standard<\/strong><br \/>\n<strong>Verbindungselemente wie Bolzen, Schrauben, Muttern, Nieten, Stifte usw.<\/strong><\/p>\n<p><img loading=\"lazy\" decoding=\"async\" class=\"alignnone size-full wp-image-31585\" src=\"https:\/\/jbsy-china.com\/wp-content\/uploads\/2025\/02\/\u51b7\u9566\u8be6\u60c5\u9875_05_03.jpg\" alt=\"\" width=\"790\" height=\"603\" srcset=\"https:\/\/jbsy-china.com\/wp-content\/uploads\/2025\/02\/\u51b7\u9566\u8be6\u60c5\u9875_05_03.jpg 790w, https:\/\/jbsy-china.com\/wp-content\/uploads\/2025\/02\/\u51b7\u9566\u8be6\u60c5\u9875_05_03-300x229.jpg 300w, https:\/\/jbsy-china.com\/wp-content\/uploads\/2025\/02\/\u51b7\u9566\u8be6\u60c5\u9875_05_03-768x586.jpg 768w, https:\/\/jbsy-china.com\/wp-content\/uploads\/2025\/02\/\u51b7\u9566\u8be6\u60c5\u9875_05_03-600x458.jpg 600w\" sizes=\"(max-width: 790px) 100vw, 790px\" \/><img loading=\"lazy\" decoding=\"async\" class=\"alignnone size-full wp-image-31586\" src=\"https:\/\/jbsy-china.com\/wp-content\/uploads\/2025\/02\/\u51b7\u9566\u8be6\u60c5\u9875_06.jpg\" alt=\"\" width=\"790\" height=\"742\" srcset=\"https:\/\/jbsy-china.com\/wp-content\/uploads\/2025\/02\/\u51b7\u9566\u8be6\u60c5\u9875_06.jpg 790w, https:\/\/jbsy-china.com\/wp-content\/uploads\/2025\/02\/\u51b7\u9566\u8be6\u60c5\u9875_06-300x282.jpg 300w, https:\/\/jbsy-china.com\/wp-content\/uploads\/2025\/02\/\u51b7\u9566\u8be6\u60c5\u9875_06-768x721.jpg 768w, https:\/\/jbsy-china.com\/wp-content\/uploads\/2025\/02\/\u51b7\u9566\u8be6\u60c5\u9875_06-600x564.jpg 600w\" sizes=\"(max-width: 790px) 100vw, 790px\" \/><\/p>\n<p><strong>Manipulationssicher <a href=\"https:\/\/jbsy-china.com\/de\/safety-fasteners\/\">Bolzen und Muttern<\/a><\/strong>\u00a0sind spezielle Verschl\u00fcsse, die eine unbefugte Entfernung oder Manipulation verhindern sollen. Sie werden h\u00e4ufig in Anwendungen eingesetzt, bei denen es auf Sicherheit, Schutz oder Vandalismusschutz ankommt. Diese Verschl\u00fcsse verf\u00fcgen \u00fcber einzigartige Konstruktionen oder Mechanismen, die es schwierig machen, sie ohne die richtigen Werkzeuge oder Kenntnisse zu entfernen.<\/p>\n<h3 data-start=\"337\" data-end=\"361\">Wesentliche Merkmale:<\/h3>\n<ol data-start=\"362\" data-end=\"2214\">\n<li data-start=\"362\" data-end=\"1145\"><strong data-start=\"365\" data-end=\"389\">Einzigartige Antriebskonzepte<\/strong>:\n<ul data-start=\"395\" data-end=\"1145\">\n<li data-start=\"395\" data-end=\"659\">Manipulationssichere Schrauben und Muttern weisen in der Regel nicht standardisierte Antriebsmuster auf, f\u00fcr deren Montage oder Demontage ein Spezialwerkzeug oder Schl\u00fcssel erforderlich ist. Diese Antriebsmuster sind bei Standardwerkzeugen nicht \u00fcblich, was es f\u00fcr Unbefugte schwierig macht, sie zu manipulieren.<\/li>\n<li data-start=\"663\" data-end=\"1145\">Beispiele f\u00fcr Antriebskonstruktionen sind:\n<ul data-start=\"705\" data-end=\"1145\">\n<li data-start=\"705\" data-end=\"796\"><strong data-start=\"707\" data-end=\"722\">Pin-in-Loch<\/strong>: Ein zentraler Stift im Schraubenkopf, der einen entsprechenden Mitnehmer ben\u00f6tigt.<\/li>\n<li data-start=\"802\" data-end=\"905\"><strong data-start=\"804\" data-end=\"820\">Sechskant mit Stift<\/strong>: Eine sechseckige Form mit einem zentralen Stift, der verhindert, dass normale Sechskantschl\u00fcssel funktionieren.<\/li>\n<li data-start=\"911\" data-end=\"1016\"><strong data-start=\"913\" data-end=\"942\">Einseitiges oder umgekehrtes Gewinde<\/strong>: Diese Schrauben k\u00f6nnen ohne Spezialwerkzeug nur angezogen, nicht gel\u00f6st werden.<\/li>\n<li data-start=\"1022\" data-end=\"1141\"><strong data-start=\"1024\" data-end=\"1049\">Schraubenschl\u00fcssel oder Snake-Eyes<\/strong>: Zwei kleine, einander gegen\u00fcberliegende L\u00f6cher im Schraubenkopf oder in der Mutter, die ein Spezialwerkzeug erfordern.<\/li>\n<\/ul>\n<\/li>\n<\/ul>\n<\/li>\n<li data-start=\"1146\" data-end=\"1397\"><strong data-start=\"1149\" data-end=\"1182\">Korrosionsbest\u00e4ndige Materialien<\/strong>:\n<ul data-start=\"1187\" data-end=\"1397\">\n<li data-start=\"1187\" data-end=\"1393\">Viele manipulationssichere Schrauben und Muttern bestehen aus hochfesten, korrosionsbest\u00e4ndigen Materialien wie Edelstahl oder sind mit einer Korrosionsschutzbeschichtung versehen, die eine lange Lebensdauer auch in rauen Umgebungen gew\u00e4hrleistet.<\/li>\n<\/ul>\n<\/li>\n<li data-start=\"1398\" data-end=\"1643\"><strong data-start=\"1401\" data-end=\"1422\">Sicherheitsmerkmale<\/strong>:\n<ul data-start=\"1427\" data-end=\"1643\">\n<li data-start=\"1427\" data-end=\"1639\">Sie sind oft so konstruiert, dass sie mit Werkzeugen wie Schraubenschl\u00fcsseln, Zangen oder Schraubendrehern nicht manipuliert werden k\u00f6nnen. Einige Modelle verf\u00fcgen \u00fcber zus\u00e4tzliche Merkmale wie Verriegelungsmechanismen oder unverlierbare Muttern, die das Befestigungselement zus\u00e4tzlich sichern.<\/li>\n<\/ul>\n<\/li>\n<\/ol>\n<p>Manipulationssichere Schrauben und Muttern sind in Umgebungen unverzichtbar, in denen Standardbefestigungselemente leicht entfernt oder besch\u00e4digt werden k\u00f6nnen, und bieten zus\u00e4tzlichen Schutz und Sicherheit.<\/p>","protected":false},"excerpt":{"rendered":"<h5 data-start=\"222\" data-end=\"243\"><strong data-start=\"226\" data-end=\"242\">Wesentliche Merkmale<\/strong>:<\/h5>\n<ul data-start=\"244\" data-end=\"448\">\n<li data-start=\"244\" data-end=\"313\"><strong data-start=\"246\" data-end=\"265\">Sicherheitsdesign<\/strong>: Spezielle K\u00f6pfe oder Gewinde erfordern spezielle Werkzeuge.<\/li>\n<li data-start=\"314\" data-end=\"387\"><strong data-start=\"316\" data-end=\"330\">Dauerhaftigkeit<\/strong>: Hergestellt aus hochfesten, korrosionsbest\u00e4ndigen Materialien.<\/li>\n<li data-start=\"388\" data-end=\"448\"><strong data-start=\"390\" data-end=\"412\">Vielfalt der Designs<\/strong>: Zentrierstifte, Einwegk\u00f6pfe, usw.<\/li>\n<\/ul>","protected":false},"featured_media":31616,"comment_status":"open","ping_status":"closed","template":"","meta":{"site-sidebar-layout":"default","site-content-layout":"","ast-site-content-layout":"default","site-content-style":"default","site-sidebar-style":"default","ast-global-header-display":"","ast-banner-title-visibility":"","ast-main-header-display":"","ast-hfb-above-header-display":"","ast-hfb-below-header-display":"","ast-hfb-mobile-header-display":"","site-post-title":"","ast-breadcrumbs-content":"","ast-featured-img":"","footer-sml-layout":"","ast-disable-related-posts":"","theme-transparent-header-meta":"default","adv-header-id-meta":"","stick-header-meta":"default","header-above-stick-meta":"","header-main-stick-meta":"","header-below-stick-meta":"","astra-migrate-meta-layouts":"set","ast-page-background-enabled":"default","ast-page-background-meta":{"desktop":{"background-color":"var(--ast-global-color-4)","background-image":"","background-repeat":"repeat","background-position":"center center","background-size":"auto","background-attachment":"scroll","background-type":"","background-media":"","overlay-type":"","overlay-color":"","overlay-opacity":"","overlay-gradient":""},"tablet":{"background-color":"","background-image":"","background-repeat":"repeat","background-position":"center center","background-size":"auto","background-attachment":"scroll","background-type":"","background-media":"","overlay-type":"","overlay-color":"","overlay-opacity":"","overlay-gradient":""},"mobile":{"background-color":"","background-image":"","background-repeat":"repeat","background-position":"center center","background-size":"auto","background-attachment":"scroll","background-type":"","background-media":"","overlay-type":"","overlay-color":"","overlay-opacity":"","overlay-gradient":""}},"ast-content-background-meta":{"desktop":{"background-color":"var(--ast-global-color-5)","background-image":"","background-repeat":"repeat","background-position":"center center","background-size":"auto","background-attachment":"scroll","background-type":"","background-media":"","overlay-type":"","overlay-color":"","overlay-opacity":"","overlay-gradient":""},"tablet":{"background-color":"var(--ast-global-color-5)","background-image":"","background-repeat":"repeat","background-position":"center center","background-size":"auto","background-attachment":"scroll","background-type":"","background-media":"","overlay-type":"","overlay-color":"","overlay-opacity":"","overlay-gradient":""},"mobile":{"background-color":"var(--ast-global-color-5)","background-image":"","background-repeat":"repeat","background-position":"center center","background-size":"auto","background-attachment":"scroll","background-type":"","background-media":"","overlay-type":"","overlay-color":"","overlay-opacity":"","overlay-gradient":""}},"_themeisle_gutenberg_block_has_review":false,"_ti_tpc_template_sync":false,"_ti_tpc_template_id":""},"product_brand":[],"product_cat":[628],"product_tag":[1243,1242,1244],"class_list":{"0":"post-31614","1":"product","2":"type-product","3":"status-publish","4":"has-post-thumbnail","6":"product_cat-safety-fasteners","7":"product_tag-anti-tamper-bolts-nuts","8":"product_tag-security-bolts-nuts","9":"product_tag-theft-resistant-bolts-nuts","10":"desktop-align-left","11":"tablet-align-left","12":"mobile-align-left","13":"ast-product-gallery-layout-horizontal-slider","14":"ast-product-tabs-layout-horizontal","15":"ast-qv-on-image","17":"first","18":"instock","19":"shipping-taxable","20":"product-type-simple"},"yoast_head":"<!-- This site is optimized with the Yoast SEO Premium plugin v21.7 (Yoast SEO v25.7) - https:\/\/yoast.com\/wordpress\/plugins\/seo\/ -->\n<title>Tamper-resistant bolts and nuts - Jingbang Industrial<\/title>\n<meta name=\"description\" content=\"Tamper-resistant bolts and nuts are fasteners specifically designed to prevent unauthorized removal or tampering. Ideal for security applications.\" \/>\n<meta name=\"robots\" content=\"index, follow, max-snippet:-1, max-image-preview:large, max-video-preview:-1\" \/>\n<link rel=\"canonical\" href=\"https:\/\/jbsy-china.com\/de\/produkt\/tamper-resistant-bolts-and-nuts\/\" \/>\n<meta property=\"og:locale\" content=\"de_DE\" \/>\n<meta property=\"og:type\" content=\"article\" \/>\n<meta property=\"og:title\" content=\"Tamper-resistant bolts and nuts\" \/>\n<meta property=\"og:description\" content=\"Tamper-resistant bolts and nuts are fasteners specifically designed to prevent unauthorized removal or tampering. Ideal for security applications.\" \/>\n<meta property=\"og:url\" content=\"https:\/\/jbsy-china.com\/de\/produkt\/tamper-resistant-bolts-and-nuts\/\" \/>\n<meta property=\"og:site_name\" content=\"Jingbang Industrial\" \/>\n<meta property=\"article:modified_time\" content=\"2025-02-21T02:07:36+00:00\" \/>\n<meta property=\"og:image\" content=\"http:\/\/jbsy-china.com\/wp-content\/uploads\/2025\/02\/1-3.jpg\" \/>\n\t<meta property=\"og:image:width\" content=\"800\" \/>\n\t<meta property=\"og:image:height\" content=\"800\" \/>\n\t<meta property=\"og:image:type\" content=\"image\/jpeg\" \/>\n<meta name=\"twitter:card\" content=\"summary_large_image\" \/>\n<meta name=\"twitter:label1\" content=\"Gesch\u00e4tzte Lesezeit\" \/>\n\t<meta name=\"twitter:data1\" content=\"4\u00a0Minuten\" \/>\n<script type=\"application\/ld+json\" class=\"yoast-schema-graph\">{\"@context\":\"https:\/\/schema.org\",\"@graph\":[{\"@type\":\"WebPage\",\"@id\":\"https:\/\/jbsy-china.com\/product\/tamper-resistant-bolts-and-nuts\/\",\"url\":\"https:\/\/jbsy-china.com\/product\/tamper-resistant-bolts-and-nuts\/\",\"name\":\"Tamper-resistant bolts and nuts - Jingbang Industrial\",\"isPartOf\":{\"@id\":\"https:\/\/jbsy-china.com\/#website\"},\"primaryImageOfPage\":{\"@id\":\"https:\/\/jbsy-china.com\/product\/tamper-resistant-bolts-and-nuts\/#primaryimage\"},\"image\":{\"@id\":\"https:\/\/jbsy-china.com\/product\/tamper-resistant-bolts-and-nuts\/#primaryimage\"},\"thumbnailUrl\":\"https:\/\/jbsy-china.com\/wp-content\/uploads\/2025\/02\/1-3.jpg\",\"datePublished\":\"2025-02-17T02:44:58+00:00\",\"dateModified\":\"2025-02-21T02:07:36+00:00\",\"description\":\"Tamper-resistant bolts and nuts are fasteners specifically designed to prevent unauthorized removal or tampering. Ideal for security applications.\",\"breadcrumb\":{\"@id\":\"https:\/\/jbsy-china.com\/product\/tamper-resistant-bolts-and-nuts\/#breadcrumb\"},\"inLanguage\":\"de\",\"potentialAction\":[{\"@type\":\"ReadAction\",\"target\":[\"https:\/\/jbsy-china.com\/product\/tamper-resistant-bolts-and-nuts\/\"]}]},{\"@type\":\"ImageObject\",\"inLanguage\":\"de\",\"@id\":\"https:\/\/jbsy-china.com\/product\/tamper-resistant-bolts-and-nuts\/#primaryimage\",\"url\":\"https:\/\/jbsy-china.com\/wp-content\/uploads\/2025\/02\/1-3.jpg\",\"contentUrl\":\"https:\/\/jbsy-china.com\/wp-content\/uploads\/2025\/02\/1-3.jpg\",\"width\":800,\"height\":800},{\"@type\":\"BreadcrumbList\",\"@id\":\"https:\/\/jbsy-china.com\/product\/tamper-resistant-bolts-and-nuts\/#breadcrumb\",\"itemListElement\":[{\"@type\":\"ListItem\",\"position\":1,\"name\":\"Home\",\"item\":\"https:\/\/jbsy-china.com\/\"},{\"@type\":\"ListItem\",\"position\":2,\"name\":\"Products\",\"item\":\"https:\/\/jbsy-china.com\/shop\/\"},{\"@type\":\"ListItem\",\"position\":3,\"name\":\"Tamper-resistant bolts and nuts\"}]},{\"@type\":\"WebSite\",\"@id\":\"https:\/\/jbsy-china.com\/#website\",\"url\":\"https:\/\/jbsy-china.com\/\",\"name\":\"Jingbang Industrial\",\"description\":\"Hardware and electronics manufacturer\",\"publisher\":{\"@id\":\"https:\/\/jbsy-china.com\/#organization\"},\"potentialAction\":[{\"@type\":\"SearchAction\",\"target\":{\"@type\":\"EntryPoint\",\"urlTemplate\":\"https:\/\/jbsy-china.com\/?s={search_term_string}\"},\"query-input\":{\"@type\":\"PropertyValueSpecification\",\"valueRequired\":true,\"valueName\":\"search_term_string\"}}],\"inLanguage\":\"de\"},{\"@type\":\"Organization\",\"@id\":\"https:\/\/jbsy-china.com\/#organization\",\"name\":\"Jingbang Industrial\",\"url\":\"https:\/\/jbsy-china.com\/\",\"logo\":{\"@type\":\"ImageObject\",\"inLanguage\":\"de\",\"@id\":\"https:\/\/jbsy-china.com\/#\/schema\/logo\/image\/\",\"url\":\"https:\/\/jbsy-china.com\/wp-content\/uploads\/2023\/11\/cropped-\u56fe\u5c42-1.png\",\"contentUrl\":\"https:\/\/jbsy-china.com\/wp-content\/uploads\/2023\/11\/cropped-\u56fe\u5c42-1.png\",\"width\":1049,\"height\":739,\"caption\":\"Jingbang Industrial\"},\"image\":{\"@id\":\"https:\/\/jbsy-china.com\/#\/schema\/logo\/image\/\"}}]}<\/script>\n<!-- \/ Yoast SEO Premium plugin. -->","yoast_head_json":{"title":"Tamper-resistant bolts and nuts - Jingbang Industrial","description":"Tamper-resistant bolts and nuts are fasteners specifically designed to prevent unauthorized removal or tampering. Ideal for security applications.","robots":{"index":"index","follow":"follow","max-snippet":"max-snippet:-1","max-image-preview":"max-image-preview:large","max-video-preview":"max-video-preview:-1"},"canonical":"https:\/\/jbsy-china.com\/de\/produkt\/tamper-resistant-bolts-and-nuts\/","og_locale":"de_DE","og_type":"article","og_title":"Tamper-resistant bolts and nuts","og_description":"Tamper-resistant bolts and nuts are fasteners specifically designed to prevent unauthorized removal or tampering. Ideal for security applications.","og_url":"https:\/\/jbsy-china.com\/de\/produkt\/tamper-resistant-bolts-and-nuts\/","og_site_name":"Jingbang Industrial","article_modified_time":"2025-02-21T02:07:36+00:00","og_image":[{"width":800,"height":800,"url":"http:\/\/jbsy-china.com\/wp-content\/uploads\/2025\/02\/1-3.jpg","type":"image\/jpeg"}],"twitter_card":"summary_large_image","twitter_misc":{"Gesch\u00e4tzte Lesezeit":"4\u00a0Minuten"},"schema":{"@context":"https:\/\/schema.org","@graph":[{"@type":"WebPage","@id":"https:\/\/jbsy-china.com\/product\/tamper-resistant-bolts-and-nuts\/","url":"https:\/\/jbsy-china.com\/product\/tamper-resistant-bolts-and-nuts\/","name":"Tamper-resistant bolts and nuts - Jingbang Industrial","isPartOf":{"@id":"https:\/\/jbsy-china.com\/#website"},"primaryImageOfPage":{"@id":"https:\/\/jbsy-china.com\/product\/tamper-resistant-bolts-and-nuts\/#primaryimage"},"image":{"@id":"https:\/\/jbsy-china.com\/product\/tamper-resistant-bolts-and-nuts\/#primaryimage"},"thumbnailUrl":"https:\/\/jbsy-china.com\/wp-content\/uploads\/2025\/02\/1-3.jpg","datePublished":"2025-02-17T02:44:58+00:00","dateModified":"2025-02-21T02:07:36+00:00","description":"Tamper-resistant bolts and nuts are fasteners specifically designed to prevent unauthorized removal or tampering. Ideal for security applications.","breadcrumb":{"@id":"https:\/\/jbsy-china.com\/product\/tamper-resistant-bolts-and-nuts\/#breadcrumb"},"inLanguage":"de","potentialAction":[{"@type":"ReadAction","target":["https:\/\/jbsy-china.com\/product\/tamper-resistant-bolts-and-nuts\/"]}]},{"@type":"ImageObject","inLanguage":"de","@id":"https:\/\/jbsy-china.com\/product\/tamper-resistant-bolts-and-nuts\/#primaryimage","url":"https:\/\/jbsy-china.com\/wp-content\/uploads\/2025\/02\/1-3.jpg","contentUrl":"https:\/\/jbsy-china.com\/wp-content\/uploads\/2025\/02\/1-3.jpg","width":800,"height":800},{"@type":"BreadcrumbList","@id":"https:\/\/jbsy-china.com\/product\/tamper-resistant-bolts-and-nuts\/#breadcrumb","itemListElement":[{"@type":"ListItem","position":1,"name":"Home","item":"https:\/\/jbsy-china.com\/"},{"@type":"ListItem","position":2,"name":"Products","item":"https:\/\/jbsy-china.com\/shop\/"},{"@type":"ListItem","position":3,"name":"Tamper-resistant bolts and nuts"}]},{"@type":"WebSite","@id":"https:\/\/jbsy-china.com\/#website","url":"https:\/\/jbsy-china.com\/","name":"Jingbang Industrie","description":"Hersteller von Hardware und Elektronik","publisher":{"@id":"https:\/\/jbsy-china.com\/#organization"},"potentialAction":[{"@type":"SearchAction","target":{"@type":"EntryPoint","urlTemplate":"https:\/\/jbsy-china.com\/?s={search_term_string}"},"query-input":{"@type":"PropertyValueSpecification","valueRequired":true,"valueName":"search_term_string"}}],"inLanguage":"de"},{"@type":"Organization","@id":"https:\/\/jbsy-china.com\/#organization","name":"Jingbang Industrie","url":"https:\/\/jbsy-china.com\/","logo":{"@type":"ImageObject","inLanguage":"de","@id":"https:\/\/jbsy-china.com\/#\/schema\/logo\/image\/","url":"https:\/\/jbsy-china.com\/wp-content\/uploads\/2023\/11\/cropped-\u56fe\u5c42-1.png","contentUrl":"https:\/\/jbsy-china.com\/wp-content\/uploads\/2023\/11\/cropped-\u56fe\u5c42-1.png","width":1049,"height":739,"caption":"Jingbang Industrial"},"image":{"@id":"https:\/\/jbsy-china.com\/#\/schema\/logo\/image\/"}}]}},"_links":{"self":[{"href":"https:\/\/jbsy-china.com\/de\/wp-json\/wp\/v2\/product\/31614","targetHints":{"allow":["GET"]}}],"collection":[{"href":"https:\/\/jbsy-china.com\/de\/wp-json\/wp\/v2\/product"}],"about":[{"href":"https:\/\/jbsy-china.com\/de\/wp-json\/wp\/v2\/types\/product"}],"replies":[{"embeddable":true,"href":"https:\/\/jbsy-china.com\/de\/wp-json\/wp\/v2\/comments?post=31614"}],"wp:featuredmedia":[{"embeddable":true,"href":"https:\/\/jbsy-china.com\/de\/wp-json\/wp\/v2\/media\/31616"}],"wp:attachment":[{"href":"https:\/\/jbsy-china.com\/de\/wp-json\/wp\/v2\/media?parent=31614"}],"wp:term":[{"taxonomy":"product_brand","embeddable":true,"href":"https:\/\/jbsy-china.com\/de\/wp-json\/wp\/v2\/product_brand?post=31614"},{"taxonomy":"product_cat","embeddable":true,"href":"https:\/\/jbsy-china.com\/de\/wp-json\/wp\/v2\/product_cat?post=31614"},{"taxonomy":"product_tag","embeddable":true,"href":"https:\/\/jbsy-china.com\/de\/wp-json\/wp\/v2\/product_tag?post=31614"}],"curies":[{"name":"wp","href":"https:\/\/api.w.org\/{rel}","templated":true}]}}