{"id":32518,"date":"2025-05-06T07:26:12","date_gmt":"2025-05-06T07:26:12","guid":{"rendered":"https:\/\/jbsy-china.com\/?post_type=product&#038;p=32518"},"modified":"2025-05-06T07:26:15","modified_gmt":"2025-05-06T07:26:15","slug":"plum-blossom-countersunk-head-screw","status":"publish","type":"product","link":"https:\/\/jbsy-china.com\/de\/produkt\/plum-blossom-countersunk-head-screw\/","title":{"rendered":"Pflaumenbl\u00fcten-Senkkopfschraube"},"content":{"rendered":"<p><img fetchpriority=\"high\" decoding=\"async\" class=\"alignnone wp-image-6701\" src=\"http:\/\/jb-bolt.com\/wp-content\/uploads\/2023\/05\/15070631154_1652127104-e1683787254589-300x153.jpg\" alt=\"Plum blossom countersunk head screw\" width=\"1120\" height=\"571\" \/><\/p>\n<p><a href=\"http:\/\/jb-bolt.com\/\"><strong>JINGBANG Hardware<\/strong><\/a> ist ein professionelles, umfassendes Unternehmen, das Entwicklung, Design, Produktion, Verkauf und Service integriert und sich haupts\u00e4chlich mit der Herstellung und dem Betrieb von industriellen Verbindungselementen und mechanischen Teilen besch\u00e4ftigt. Das Unternehmen hat die Zertifizierungen ISO9001 und ISO14001 erhalten. Wir sind ein junges und kreatives Team mit Fabriken f\u00fcr Materialzeichnung, Stanzteile, Standardteile f\u00fcr Verbindungselemente, Nicht-Standardteile f\u00fcr Verbindungselemente und mechanische Teile.<\/p>\n<p><strong>Produktanwendung Industrie:<\/strong><\/p>\n<p><strong>Pflaumenbl\u00fcten-Senkkopfschraube<\/strong> werden haupts\u00e4chlich in verschiedenen Industriezweigen verwendet, z. B. in Elektroger\u00e4ten, elektronischen Produkten, Computern, Mobiltelefonen, Kommunikationsendger\u00e4ten, M\u00f6beln, Autos, Motorr\u00e4dern, Spielzeugen, Beleuchtungen, Lautsprechern, Uhren, Instrumenten, Kameras, mechanischen Ausr\u00fcstungen, Bau- und Installationsarbeiten usw. Wir sind darauf spezialisiert, qualitativ hochwertige Verbindungselemente und anderes Hardware-Zubeh\u00f6r f\u00fcr diese Unternehmen zu liefern.<\/p>\n<p><strong>Wichtigste Produkttypen:<\/strong><\/p>\n<p><strong>Kategorie Befestigungsmittel:<\/strong> einschlie\u00dflich verschiedener Maschinenschrauben, selbstschneidender Schrauben, Sechskantschrauben aus rostfreiem Stahl, Kombischrauben, Bolzen, Muttern, Senkkopf-Holzschrauben aus rostfreiem Stahl, Nieten, Unterlegscheiben, Federn und Drehteile (nicht genormte Teile).<br \/>\n<strong>Bearbeitungen:<\/strong> Stanzteile, Wellenkerne, CNC-Drehmaschinen, usw.<br \/>\n<strong>Material des Produkts:<\/strong> F\u00fcr unsere Produkte verwenden wir haupts\u00e4chlich Kohlenstoffstahl (einschlie\u00dflich Stahl mit niedrigem Kohlenstoffgehalt, Stahl mit mittlerem Kohlenstoffgehalt, Stahl mit hohem Kohlenstoffgehalt, Federstahl), Edelstahl (SUS201SUS202SUS302SUS303SUS304SUS316SUS416), legierten Stahl, Zink-Aluminium-Legierung, Aluminium, Kupfer, Kunststoff, PVC, Bakelit, Nylon usw.<\/p>","protected":false},"excerpt":{"rendered":"<p><strong>Produktname:<\/strong>Pflaumenbl\u00fcten-Senkkopfschraube<br \/>\n<strong>Marke:<\/strong> JINGBANG<br \/>\n<strong>Material:<\/strong> Q215A Kohlenstoffstahl<br \/>\n<strong>Zweck:<\/strong> Leistung gegen Abl\u00f6sen<br \/>\n<strong>Oberfl\u00e4chenbehandlung:<\/strong> schwarzes Zink<br \/>\n<strong>Standardnummer:<\/strong> QC\/T 856<br \/>\n<strong>Stufe der St\u00e4rke:<\/strong> 4.8<br \/>\n<strong>Form des Kopfes:<\/strong> Senkkopf<br \/>\n<strong>Typ des Steckplatzes:<\/strong> angepasst<br \/>\n<strong>L\u00e4nge der Schraube:<\/strong> kundenspezifisch (mm)<br \/>\n<strong>Gewinde Nennwert:<\/strong> angepasst<\/p>","protected":false},"featured_media":32535,"comment_status":"open","ping_status":"closed","template":"","meta":{"site-sidebar-layout":"default","site-content-layout":"","ast-site-content-layout":"default","site-content-style":"default","site-sidebar-style":"default","ast-global-header-display":"","ast-banner-title-visibility":"","ast-main-header-display":"","ast-hfb-above-header-display":"","ast-hfb-below-header-display":"","ast-hfb-mobile-header-display":"","site-post-title":"","ast-breadcrumbs-content":"","ast-featured-img":"","footer-sml-layout":"","ast-disable-related-posts":"","theme-transparent-header-meta":"","adv-header-id-meta":"","stick-header-meta":"","header-above-stick-meta":"","header-main-stick-meta":"","header-below-stick-meta":"","astra-migrate-meta-layouts":"default","ast-page-background-enabled":"default","ast-page-background-meta":{"desktop":{"background-color":"var(--ast-global-color-4)","background-image":"","background-repeat":"repeat","background-position":"center center","background-size":"auto","background-attachment":"scroll","background-type":"","background-media":"","overlay-type":"","overlay-color":"","overlay-opacity":"","overlay-gradient":""},"tablet":{"background-color":"","background-image":"","background-repeat":"repeat","background-position":"center center","background-size":"auto","background-attachment":"scroll","background-type":"","background-media":"","overlay-type":"","overlay-color":"","overlay-opacity":"","overlay-gradient":""},"mobile":{"background-color":"","background-image":"","background-repeat":"repeat","background-position":"center center","background-size":"auto","background-attachment":"scroll","background-type":"","background-media":"","overlay-type":"","overlay-color":"","overlay-opacity":"","overlay-gradient":""}},"ast-content-background-meta":{"desktop":{"background-color":"var(--ast-global-color-5)","background-image":"","background-repeat":"repeat","background-position":"center center","background-size":"auto","background-attachment":"scroll","background-type":"","background-media":"","overlay-type":"","overlay-color":"","overlay-opacity":"","overlay-gradient":""},"tablet":{"background-color":"var(--ast-global-color-5)","background-image":"","background-repeat":"repeat","background-position":"center center","background-size":"auto","background-attachment":"scroll","background-type":"","background-media":"","overlay-type":"","overlay-color":"","overlay-opacity":"","overlay-gradient":""},"mobile":{"background-color":"var(--ast-global-color-5)","background-image":"","background-repeat":"repeat","background-position":"center center","background-size":"auto","background-attachment":"scroll","background-type":"","background-media":"","overlay-type":"","overlay-color":"","overlay-opacity":"","overlay-gradient":""}},"_themeisle_gutenberg_block_has_review":false,"_ti_tpc_template_sync":false,"_ti_tpc_template_id":""},"product_brand":[],"product_cat":[1267,1268],"product_tag":[],"class_list":{"0":"post-32518","1":"product","2":"type-product","3":"status-publish","4":"has-post-thumbnail","6":"product_cat-bolts","7":"product_cat-safety-bolt","8":"desktop-align-left","9":"tablet-align-left","10":"mobile-align-left","11":"ast-product-gallery-layout-horizontal-slider","12":"ast-product-gallery-with-no-image","13":"ast-product-tabs-layout-horizontal","14":"ast-qv-on-image","16":"first","17":"instock","18":"shipping-taxable","19":"product-type-simple"},"yoast_head":"<!-- This site is optimized with the Yoast SEO Premium plugin v21.7 (Yoast SEO v25.7) - https:\/\/yoast.com\/wordpress\/plugins\/seo\/ -->\n<title>Plum blossom countersunk head screw - Jingbang Industrial<\/title>\n<meta name=\"robots\" content=\"index, follow, max-snippet:-1, max-image-preview:large, max-video-preview:-1\" \/>\n<link rel=\"canonical\" href=\"https:\/\/jbsy-china.com\/de\/produkt\/plum-blossom-countersunk-head-screw\/\" \/>\n<meta property=\"og:locale\" content=\"de_DE\" \/>\n<meta property=\"og:type\" content=\"article\" \/>\n<meta property=\"og:title\" content=\"Plum blossom countersunk head screw\" \/>\n<meta property=\"og:description\" content=\"Product Name:Plum blossom countersunk head screw Brand: JINGBANG Material: Q215A carbon steel Purpose: Anti detachment performance Surface treatment: black zinc Standard number: QC\/T 856 Strength level: 4.8 Head shape: countersunk head Slot type: customized Screw length: customized (mm) Thread nominal: customized\" \/>\n<meta property=\"og:url\" content=\"https:\/\/jbsy-china.com\/de\/produkt\/plum-blossom-countersunk-head-screw\/\" \/>\n<meta property=\"og:site_name\" content=\"Jingbang Industrial\" \/>\n<meta property=\"article:modified_time\" content=\"2025-05-06T07:26:15+00:00\" \/>\n<meta property=\"og:image\" content=\"http:\/\/jb-bolt.com\/wp-content\/uploads\/2023\/05\/15070631154_1652127104-e1683787254589-300x153.jpg\" \/>\n<meta name=\"twitter:card\" content=\"summary_large_image\" \/>\n<meta name=\"twitter:label1\" content=\"Gesch\u00e4tzte Lesezeit\" \/>\n\t<meta name=\"twitter:data1\" content=\"1\u00a0Minute\" \/>\n<script type=\"application\/ld+json\" class=\"yoast-schema-graph\">{\"@context\":\"https:\/\/schema.org\",\"@graph\":[{\"@type\":\"WebPage\",\"@id\":\"https:\/\/jbsy-china.com\/product\/plum-blossom-countersunk-head-screw\/\",\"url\":\"https:\/\/jbsy-china.com\/product\/plum-blossom-countersunk-head-screw\/\",\"name\":\"Plum blossom countersunk head screw - Jingbang Industrial\",\"isPartOf\":{\"@id\":\"https:\/\/jbsy-china.com\/#website\"},\"primaryImageOfPage\":{\"@id\":\"https:\/\/jbsy-china.com\/product\/plum-blossom-countersunk-head-screw\/#primaryimage\"},\"image\":{\"@id\":\"https:\/\/jbsy-china.com\/product\/plum-blossom-countersunk-head-screw\/#primaryimage\"},\"thumbnailUrl\":\"https:\/\/jbsy-china.com\/wp-content\/uploads\/2025\/05\/24.jpg\",\"datePublished\":\"2025-05-06T07:26:12+00:00\",\"dateModified\":\"2025-05-06T07:26:15+00:00\",\"breadcrumb\":{\"@id\":\"https:\/\/jbsy-china.com\/product\/plum-blossom-countersunk-head-screw\/#breadcrumb\"},\"inLanguage\":\"de\",\"potentialAction\":[{\"@type\":\"ReadAction\",\"target\":[\"https:\/\/jbsy-china.com\/product\/plum-blossom-countersunk-head-screw\/\"]}]},{\"@type\":\"ImageObject\",\"inLanguage\":\"de\",\"@id\":\"https:\/\/jbsy-china.com\/product\/plum-blossom-countersunk-head-screw\/#primaryimage\",\"url\":\"https:\/\/jbsy-china.com\/wp-content\/uploads\/2025\/05\/24.jpg\",\"contentUrl\":\"https:\/\/jbsy-china.com\/wp-content\/uploads\/2025\/05\/24.jpg\",\"width\":900,\"height\":900},{\"@type\":\"BreadcrumbList\",\"@id\":\"https:\/\/jbsy-china.com\/product\/plum-blossom-countersunk-head-screw\/#breadcrumb\",\"itemListElement\":[{\"@type\":\"ListItem\",\"position\":1,\"name\":\"Home\",\"item\":\"https:\/\/jbsy-china.com\/\"},{\"@type\":\"ListItem\",\"position\":2,\"name\":\"Products\",\"item\":\"https:\/\/jbsy-china.com\/shop\/\"},{\"@type\":\"ListItem\",\"position\":3,\"name\":\"Plum blossom countersunk head screw\"}]},{\"@type\":\"WebSite\",\"@id\":\"https:\/\/jbsy-china.com\/#website\",\"url\":\"https:\/\/jbsy-china.com\/\",\"name\":\"Jingbang Industrial\",\"description\":\"Hardware and electronics manufacturer\",\"publisher\":{\"@id\":\"https:\/\/jbsy-china.com\/#organization\"},\"potentialAction\":[{\"@type\":\"SearchAction\",\"target\":{\"@type\":\"EntryPoint\",\"urlTemplate\":\"https:\/\/jbsy-china.com\/?s={search_term_string}\"},\"query-input\":{\"@type\":\"PropertyValueSpecification\",\"valueRequired\":true,\"valueName\":\"search_term_string\"}}],\"inLanguage\":\"de\"},{\"@type\":\"Organization\",\"@id\":\"https:\/\/jbsy-china.com\/#organization\",\"name\":\"Jingbang Industrial\",\"url\":\"https:\/\/jbsy-china.com\/\",\"logo\":{\"@type\":\"ImageObject\",\"inLanguage\":\"de\",\"@id\":\"https:\/\/jbsy-china.com\/#\/schema\/logo\/image\/\",\"url\":\"https:\/\/jbsy-china.com\/wp-content\/uploads\/2023\/11\/cropped-\u56fe\u5c42-1.png\",\"contentUrl\":\"https:\/\/jbsy-china.com\/wp-content\/uploads\/2023\/11\/cropped-\u56fe\u5c42-1.png\",\"width\":1049,\"height\":739,\"caption\":\"Jingbang Industrial\"},\"image\":{\"@id\":\"https:\/\/jbsy-china.com\/#\/schema\/logo\/image\/\"}}]}<\/script>\n<!-- \/ Yoast SEO Premium plugin. -->","yoast_head_json":{"title":"Plum blossom countersunk head screw - Jingbang Industrial","robots":{"index":"index","follow":"follow","max-snippet":"max-snippet:-1","max-image-preview":"max-image-preview:large","max-video-preview":"max-video-preview:-1"},"canonical":"https:\/\/jbsy-china.com\/de\/produkt\/plum-blossom-countersunk-head-screw\/","og_locale":"de_DE","og_type":"article","og_title":"Plum blossom countersunk head screw","og_description":"Product Name:Plum blossom countersunk head screw Brand: JINGBANG Material: Q215A carbon steel Purpose: Anti detachment performance Surface treatment: black zinc Standard number: QC\/T 856 Strength level: 4.8 Head shape: countersunk head Slot type: customized Screw length: customized (mm) Thread nominal: customized","og_url":"https:\/\/jbsy-china.com\/de\/produkt\/plum-blossom-countersunk-head-screw\/","og_site_name":"Jingbang Industrial","article_modified_time":"2025-05-06T07:26:15+00:00","og_image":[{"url":"http:\/\/jb-bolt.com\/wp-content\/uploads\/2023\/05\/15070631154_1652127104-e1683787254589-300x153.jpg","type":"","width":"","height":""}],"twitter_card":"summary_large_image","twitter_misc":{"Gesch\u00e4tzte Lesezeit":"1\u00a0Minute"},"schema":{"@context":"https:\/\/schema.org","@graph":[{"@type":"WebPage","@id":"https:\/\/jbsy-china.com\/product\/plum-blossom-countersunk-head-screw\/","url":"https:\/\/jbsy-china.com\/product\/plum-blossom-countersunk-head-screw\/","name":"Plum blossom countersunk head screw - Jingbang Industrial","isPartOf":{"@id":"https:\/\/jbsy-china.com\/#website"},"primaryImageOfPage":{"@id":"https:\/\/jbsy-china.com\/product\/plum-blossom-countersunk-head-screw\/#primaryimage"},"image":{"@id":"https:\/\/jbsy-china.com\/product\/plum-blossom-countersunk-head-screw\/#primaryimage"},"thumbnailUrl":"https:\/\/jbsy-china.com\/wp-content\/uploads\/2025\/05\/24.jpg","datePublished":"2025-05-06T07:26:12+00:00","dateModified":"2025-05-06T07:26:15+00:00","breadcrumb":{"@id":"https:\/\/jbsy-china.com\/product\/plum-blossom-countersunk-head-screw\/#breadcrumb"},"inLanguage":"de","potentialAction":[{"@type":"ReadAction","target":["https:\/\/jbsy-china.com\/product\/plum-blossom-countersunk-head-screw\/"]}]},{"@type":"ImageObject","inLanguage":"de","@id":"https:\/\/jbsy-china.com\/product\/plum-blossom-countersunk-head-screw\/#primaryimage","url":"https:\/\/jbsy-china.com\/wp-content\/uploads\/2025\/05\/24.jpg","contentUrl":"https:\/\/jbsy-china.com\/wp-content\/uploads\/2025\/05\/24.jpg","width":900,"height":900},{"@type":"BreadcrumbList","@id":"https:\/\/jbsy-china.com\/product\/plum-blossom-countersunk-head-screw\/#breadcrumb","itemListElement":[{"@type":"ListItem","position":1,"name":"Home","item":"https:\/\/jbsy-china.com\/"},{"@type":"ListItem","position":2,"name":"Products","item":"https:\/\/jbsy-china.com\/shop\/"},{"@type":"ListItem","position":3,"name":"Plum blossom countersunk head screw"}]},{"@type":"WebSite","@id":"https:\/\/jbsy-china.com\/#website","url":"https:\/\/jbsy-china.com\/","name":"Jingbang Industrie","description":"Hersteller von Hardware und Elektronik","publisher":{"@id":"https:\/\/jbsy-china.com\/#organization"},"potentialAction":[{"@type":"SearchAction","target":{"@type":"EntryPoint","urlTemplate":"https:\/\/jbsy-china.com\/?s={search_term_string}"},"query-input":{"@type":"PropertyValueSpecification","valueRequired":true,"valueName":"search_term_string"}}],"inLanguage":"de"},{"@type":"Organization","@id":"https:\/\/jbsy-china.com\/#organization","name":"Jingbang Industrie","url":"https:\/\/jbsy-china.com\/","logo":{"@type":"ImageObject","inLanguage":"de","@id":"https:\/\/jbsy-china.com\/#\/schema\/logo\/image\/","url":"https:\/\/jbsy-china.com\/wp-content\/uploads\/2023\/11\/cropped-\u56fe\u5c42-1.png","contentUrl":"https:\/\/jbsy-china.com\/wp-content\/uploads\/2023\/11\/cropped-\u56fe\u5c42-1.png","width":1049,"height":739,"caption":"Jingbang Industrial"},"image":{"@id":"https:\/\/jbsy-china.com\/#\/schema\/logo\/image\/"}}]}},"_links":{"self":[{"href":"https:\/\/jbsy-china.com\/de\/wp-json\/wp\/v2\/product\/32518","targetHints":{"allow":["GET"]}}],"collection":[{"href":"https:\/\/jbsy-china.com\/de\/wp-json\/wp\/v2\/product"}],"about":[{"href":"https:\/\/jbsy-china.com\/de\/wp-json\/wp\/v2\/types\/product"}],"replies":[{"embeddable":true,"href":"https:\/\/jbsy-china.com\/de\/wp-json\/wp\/v2\/comments?post=32518"}],"wp:featuredmedia":[{"embeddable":true,"href":"https:\/\/jbsy-china.com\/de\/wp-json\/wp\/v2\/media\/32535"}],"wp:attachment":[{"href":"https:\/\/jbsy-china.com\/de\/wp-json\/wp\/v2\/media?parent=32518"}],"wp:term":[{"taxonomy":"product_brand","embeddable":true,"href":"https:\/\/jbsy-china.com\/de\/wp-json\/wp\/v2\/product_brand?post=32518"},{"taxonomy":"product_cat","embeddable":true,"href":"https:\/\/jbsy-china.com\/de\/wp-json\/wp\/v2\/product_cat?post=32518"},{"taxonomy":"product_tag","embeddable":true,"href":"https:\/\/jbsy-china.com\/de\/wp-json\/wp\/v2\/product_tag?post=32518"}],"curies":[{"name":"wp","href":"https:\/\/api.w.org\/{rel}","templated":true}]}}