{"id":32526,"date":"2025-05-06T07:26:13","date_gmt":"2025-05-06T07:26:13","guid":{"rendered":"https:\/\/jbsy-china.com\/?post_type=product&#038;p=32526"},"modified":"2025-05-06T07:26:23","modified_gmt":"2025-05-06T07:26:23","slug":"stainless-steel-head-hex-socket-adjustable-metal-screws","status":"publish","type":"product","link":"https:\/\/jbsy-china.com\/de\/produkt\/stainless-steel-head-hex-socket-adjustable-metal-screws\/","title":{"rendered":"Verstellbare Metallschrauben mit Innensechskant aus Edelstahl"},"content":{"rendered":"<p><span style=\"color: #ff0000;\"><a style=\"color: #ff0000;\" title=\"Shenzhen Jinbang Hardware and Electronics Co, Ltd.\" href=\"http:\/\/jb-bolt.com\/\" target=\"_blank\" rel=\"noopener sponsored\"><strong>Shenzhen Jinbang Hardware and Electronics Co, Ltd.<\/strong> <\/a><\/span>Zu den Hauptprodukten geh\u00f6ren Motorradlenker, Manschetten, Synchronr\u00e4der, Riemenscheiben, Kn\u00f6pfe, Hupenn\u00e4gel, K\u00fchlk\u00f6rper, Linsenkopfschrauben mit Innensechskant aus Edelstahl, Vierkantmuttern Din557 M8 M10 M12, DIN557 Edelstahlmuttern M3 M4 M5 M6 M8 M10 M12 M16, Anti-Diebstahl-Schrauben, Anti-Diebstahl-Muttern, verstellbare Metallschrauben mit Innensechskant aus Edelstahl, Nicht-Standard-Schrauben, Nicht-Standard-Muttern und kundenspezifische Hardware-Teile, Kontaktinformationen:<span style=\"color: #ff0000;\">\u00a0<a style=\"color: #ff0000;\" href=\"mailto:jazz@jbsy-china.com\" target=\"_blank\" rel=\"nofollow noopener\"><strong>EMAIL: jazz@jbsy-china.com<\/strong><\/a>\u00a0<\/span>Tel:+86 189 2643 8760, Direktverkauf des Herstellers ist stark rabattiert. Willkommen zu f\u00fchren und zu kooperieren!<\/p>\n<p><img fetchpriority=\"high\" decoding=\"async\" class=\"alignnone wp-image-1309\" src=\"http:\/\/jb-bolt.com\/wp-content\/uploads\/2023\/05\/special-square-pan-flat-head-screw-.jpg\" alt=\"Stainless Steel Pan Head Hexagon Socket Bolts\" width=\"1530\" height=\"979\" \/><\/p>","protected":false},"excerpt":{"rendered":"<p><strong>Produktname:<\/strong> Verstellbare Metallschrauben mit Innensechskant aus Edelstahl<br \/>\n<strong>Marke:<\/strong>\u00a0JINGBANG<br \/>\n<strong>Farbe:<\/strong>\u00a0Anpassbar<br \/>\n<strong>Gr\u00f6\u00dfe:<\/strong>\u00a0Anpassbar<br \/>\n<strong>Verarbeitung:<\/strong>\u00a0Anpassbare Verarbeitung<br \/>\n<strong>Material:<\/strong> Ganz aus Aluminium und Edelstahl<br \/>\n<strong>Hauptprodukte:<\/strong> Motorrad-Lenkerschl\u00f6sser, Manschetten, Synchronr\u00e4der, Riemenscheiben, Kn\u00f6pfe, Hupenn\u00e4gel, K\u00fchlk\u00f6rper, Anti-Diebstahl-Schrauben, Anti-Diebstahl-Muttern, Nicht-Standard-Schrauben, Nicht-Standard-Muttern, kundenspezifische Hardware-Teile<\/p>","protected":false},"featured_media":32543,"comment_status":"open","ping_status":"closed","template":"","meta":{"site-sidebar-layout":"default","site-content-layout":"","ast-site-content-layout":"default","site-content-style":"default","site-sidebar-style":"default","ast-global-header-display":"","ast-banner-title-visibility":"","ast-main-header-display":"","ast-hfb-above-header-display":"","ast-hfb-below-header-display":"","ast-hfb-mobile-header-display":"","site-post-title":"","ast-breadcrumbs-content":"","ast-featured-img":"","footer-sml-layout":"","ast-disable-related-posts":"","theme-transparent-header-meta":"","adv-header-id-meta":"","stick-header-meta":"","header-above-stick-meta":"","header-main-stick-meta":"","header-below-stick-meta":"","astra-migrate-meta-layouts":"default","ast-page-background-enabled":"default","ast-page-background-meta":{"desktop":{"background-color":"var(--ast-global-color-4)","background-image":"","background-repeat":"repeat","background-position":"center center","background-size":"auto","background-attachment":"scroll","background-type":"","background-media":"","overlay-type":"","overlay-color":"","overlay-opacity":"","overlay-gradient":""},"tablet":{"background-color":"","background-image":"","background-repeat":"repeat","background-position":"center center","background-size":"auto","background-attachment":"scroll","background-type":"","background-media":"","overlay-type":"","overlay-color":"","overlay-opacity":"","overlay-gradient":""},"mobile":{"background-color":"","background-image":"","background-repeat":"repeat","background-position":"center center","background-size":"auto","background-attachment":"scroll","background-type":"","background-media":"","overlay-type":"","overlay-color":"","overlay-opacity":"","overlay-gradient":""}},"ast-content-background-meta":{"desktop":{"background-color":"var(--ast-global-color-5)","background-image":"","background-repeat":"repeat","background-position":"center center","background-size":"auto","background-attachment":"scroll","background-type":"","background-media":"","overlay-type":"","overlay-color":"","overlay-opacity":"","overlay-gradient":""},"tablet":{"background-color":"var(--ast-global-color-5)","background-image":"","background-repeat":"repeat","background-position":"center center","background-size":"auto","background-attachment":"scroll","background-type":"","background-media":"","overlay-type":"","overlay-color":"","overlay-opacity":"","overlay-gradient":""},"mobile":{"background-color":"var(--ast-global-color-5)","background-image":"","background-repeat":"repeat","background-position":"center center","background-size":"auto","background-attachment":"scroll","background-type":"","background-media":"","overlay-type":"","overlay-color":"","overlay-opacity":"","overlay-gradient":""}},"_themeisle_gutenberg_block_has_review":false,"_ti_tpc_template_sync":false,"_ti_tpc_template_id":""},"product_brand":[],"product_cat":[1267,1263],"product_tag":[],"class_list":{"0":"post-32526","1":"product","2":"type-product","3":"status-publish","4":"has-post-thumbnail","6":"product_cat-bolts","7":"product_cat-more-fastener","8":"desktop-align-left","9":"tablet-align-left","10":"mobile-align-left","11":"ast-product-gallery-layout-horizontal-slider","12":"ast-product-gallery-with-no-image","13":"ast-product-tabs-layout-horizontal","14":"ast-qv-on-image","16":"first","17":"instock","18":"shipping-taxable","19":"product-type-simple"},"yoast_head":"<!-- This site is optimized with the Yoast SEO Premium plugin v21.7 (Yoast SEO v25.7) - https:\/\/yoast.com\/wordpress\/plugins\/seo\/ -->\n<title>Stainless Steel head hex socket adjustable metal screws - Jingbang Industrial<\/title>\n<meta name=\"robots\" content=\"index, follow, max-snippet:-1, max-image-preview:large, max-video-preview:-1\" \/>\n<link rel=\"canonical\" href=\"https:\/\/jbsy-china.com\/de\/produkt\/stainless-steel-head-hex-socket-adjustable-metal-screws\/\" \/>\n<meta property=\"og:locale\" content=\"de_DE\" \/>\n<meta property=\"og:type\" content=\"article\" \/>\n<meta property=\"og:title\" content=\"Stainless Steel head hex socket adjustable metal screws\" \/>\n<meta property=\"og:description\" content=\"Product Name: Stainless Steel head hex socket adjustable metal screws Brand:\u00a0JINGBANG Color:\u00a0Customizable Size:\u00a0Customizable Processing:\u00a0Customizable processing Material: All aluminum stainless steel Main products: Motorcycle handlebar locks, collars, synchronous wheels, pulleys, knobs, horn nails, heat sinks, anti-theft screws, anti-theft nuts, non-standard screws, non-standard nuts, customized hardware parts\" \/>\n<meta property=\"og:url\" content=\"https:\/\/jbsy-china.com\/de\/produkt\/stainless-steel-head-hex-socket-adjustable-metal-screws\/\" \/>\n<meta property=\"og:site_name\" content=\"Jingbang Industrial\" \/>\n<meta property=\"article:modified_time\" content=\"2025-05-06T07:26:23+00:00\" \/>\n<meta property=\"og:image\" content=\"http:\/\/jb-bolt.com\/wp-content\/uploads\/2023\/05\/special-square-pan-flat-head-screw-.jpg\" \/>\n<meta name=\"twitter:card\" content=\"summary_large_image\" \/>\n<script type=\"application\/ld+json\" class=\"yoast-schema-graph\">{\"@context\":\"https:\/\/schema.org\",\"@graph\":[{\"@type\":\"WebPage\",\"@id\":\"https:\/\/jbsy-china.com\/product\/stainless-steel-head-hex-socket-adjustable-metal-screws\/\",\"url\":\"https:\/\/jbsy-china.com\/product\/stainless-steel-head-hex-socket-adjustable-metal-screws\/\",\"name\":\"Stainless Steel head hex socket adjustable metal screws - Jingbang Industrial\",\"isPartOf\":{\"@id\":\"https:\/\/jbsy-china.com\/#website\"},\"primaryImageOfPage\":{\"@id\":\"https:\/\/jbsy-china.com\/product\/stainless-steel-head-hex-socket-adjustable-metal-screws\/#primaryimage\"},\"image\":{\"@id\":\"https:\/\/jbsy-china.com\/product\/stainless-steel-head-hex-socket-adjustable-metal-screws\/#primaryimage\"},\"thumbnailUrl\":\"https:\/\/jbsy-china.com\/wp-content\/uploads\/2025\/05\/Stainless-Steel-Pan-Head-Hexagon-Socket-Bolts.png\",\"datePublished\":\"2025-05-06T07:26:13+00:00\",\"dateModified\":\"2025-05-06T07:26:23+00:00\",\"breadcrumb\":{\"@id\":\"https:\/\/jbsy-china.com\/product\/stainless-steel-head-hex-socket-adjustable-metal-screws\/#breadcrumb\"},\"inLanguage\":\"de\",\"potentialAction\":[{\"@type\":\"ReadAction\",\"target\":[\"https:\/\/jbsy-china.com\/product\/stainless-steel-head-hex-socket-adjustable-metal-screws\/\"]}]},{\"@type\":\"ImageObject\",\"inLanguage\":\"de\",\"@id\":\"https:\/\/jbsy-china.com\/product\/stainless-steel-head-hex-socket-adjustable-metal-screws\/#primaryimage\",\"url\":\"https:\/\/jbsy-china.com\/wp-content\/uploads\/2025\/05\/Stainless-Steel-Pan-Head-Hexagon-Socket-Bolts.png\",\"contentUrl\":\"https:\/\/jbsy-china.com\/wp-content\/uploads\/2025\/05\/Stainless-Steel-Pan-Head-Hexagon-Socket-Bolts.png\",\"width\":477,\"height\":452},{\"@type\":\"BreadcrumbList\",\"@id\":\"https:\/\/jbsy-china.com\/product\/stainless-steel-head-hex-socket-adjustable-metal-screws\/#breadcrumb\",\"itemListElement\":[{\"@type\":\"ListItem\",\"position\":1,\"name\":\"Home\",\"item\":\"https:\/\/jbsy-china.com\/\"},{\"@type\":\"ListItem\",\"position\":2,\"name\":\"Products\",\"item\":\"https:\/\/jbsy-china.com\/shop\/\"},{\"@type\":\"ListItem\",\"position\":3,\"name\":\"Stainless Steel head hex socket adjustable metal screws\"}]},{\"@type\":\"WebSite\",\"@id\":\"https:\/\/jbsy-china.com\/#website\",\"url\":\"https:\/\/jbsy-china.com\/\",\"name\":\"Jingbang Industrial\",\"description\":\"Hardware and electronics manufacturer\",\"publisher\":{\"@id\":\"https:\/\/jbsy-china.com\/#organization\"},\"potentialAction\":[{\"@type\":\"SearchAction\",\"target\":{\"@type\":\"EntryPoint\",\"urlTemplate\":\"https:\/\/jbsy-china.com\/?s={search_term_string}\"},\"query-input\":{\"@type\":\"PropertyValueSpecification\",\"valueRequired\":true,\"valueName\":\"search_term_string\"}}],\"inLanguage\":\"de\"},{\"@type\":\"Organization\",\"@id\":\"https:\/\/jbsy-china.com\/#organization\",\"name\":\"Jingbang Industrial\",\"url\":\"https:\/\/jbsy-china.com\/\",\"logo\":{\"@type\":\"ImageObject\",\"inLanguage\":\"de\",\"@id\":\"https:\/\/jbsy-china.com\/#\/schema\/logo\/image\/\",\"url\":\"https:\/\/jbsy-china.com\/wp-content\/uploads\/2023\/11\/cropped-\u56fe\u5c42-1.png\",\"contentUrl\":\"https:\/\/jbsy-china.com\/wp-content\/uploads\/2023\/11\/cropped-\u56fe\u5c42-1.png\",\"width\":1049,\"height\":739,\"caption\":\"Jingbang Industrial\"},\"image\":{\"@id\":\"https:\/\/jbsy-china.com\/#\/schema\/logo\/image\/\"}}]}<\/script>\n<!-- \/ Yoast SEO Premium plugin. -->","yoast_head_json":{"title":"Stainless Steel head hex socket adjustable metal screws - Jingbang Industrial","robots":{"index":"index","follow":"follow","max-snippet":"max-snippet:-1","max-image-preview":"max-image-preview:large","max-video-preview":"max-video-preview:-1"},"canonical":"https:\/\/jbsy-china.com\/de\/produkt\/stainless-steel-head-hex-socket-adjustable-metal-screws\/","og_locale":"de_DE","og_type":"article","og_title":"Stainless Steel head hex socket adjustable metal screws","og_description":"Product Name: Stainless Steel head hex socket adjustable metal screws Brand:\u00a0JINGBANG Color:\u00a0Customizable Size:\u00a0Customizable Processing:\u00a0Customizable processing Material: All aluminum stainless steel Main products: Motorcycle handlebar locks, collars, synchronous wheels, pulleys, knobs, horn nails, heat sinks, anti-theft screws, anti-theft nuts, non-standard screws, non-standard nuts, customized hardware parts","og_url":"https:\/\/jbsy-china.com\/de\/produkt\/stainless-steel-head-hex-socket-adjustable-metal-screws\/","og_site_name":"Jingbang Industrial","article_modified_time":"2025-05-06T07:26:23+00:00","og_image":[{"url":"http:\/\/jb-bolt.com\/wp-content\/uploads\/2023\/05\/special-square-pan-flat-head-screw-.jpg","type":"","width":"","height":""}],"twitter_card":"summary_large_image","schema":{"@context":"https:\/\/schema.org","@graph":[{"@type":"WebPage","@id":"https:\/\/jbsy-china.com\/product\/stainless-steel-head-hex-socket-adjustable-metal-screws\/","url":"https:\/\/jbsy-china.com\/product\/stainless-steel-head-hex-socket-adjustable-metal-screws\/","name":"Stainless Steel head hex socket adjustable metal screws - Jingbang Industrial","isPartOf":{"@id":"https:\/\/jbsy-china.com\/#website"},"primaryImageOfPage":{"@id":"https:\/\/jbsy-china.com\/product\/stainless-steel-head-hex-socket-adjustable-metal-screws\/#primaryimage"},"image":{"@id":"https:\/\/jbsy-china.com\/product\/stainless-steel-head-hex-socket-adjustable-metal-screws\/#primaryimage"},"thumbnailUrl":"https:\/\/jbsy-china.com\/wp-content\/uploads\/2025\/05\/Stainless-Steel-Pan-Head-Hexagon-Socket-Bolts.png","datePublished":"2025-05-06T07:26:13+00:00","dateModified":"2025-05-06T07:26:23+00:00","breadcrumb":{"@id":"https:\/\/jbsy-china.com\/product\/stainless-steel-head-hex-socket-adjustable-metal-screws\/#breadcrumb"},"inLanguage":"de","potentialAction":[{"@type":"ReadAction","target":["https:\/\/jbsy-china.com\/product\/stainless-steel-head-hex-socket-adjustable-metal-screws\/"]}]},{"@type":"ImageObject","inLanguage":"de","@id":"https:\/\/jbsy-china.com\/product\/stainless-steel-head-hex-socket-adjustable-metal-screws\/#primaryimage","url":"https:\/\/jbsy-china.com\/wp-content\/uploads\/2025\/05\/Stainless-Steel-Pan-Head-Hexagon-Socket-Bolts.png","contentUrl":"https:\/\/jbsy-china.com\/wp-content\/uploads\/2025\/05\/Stainless-Steel-Pan-Head-Hexagon-Socket-Bolts.png","width":477,"height":452},{"@type":"BreadcrumbList","@id":"https:\/\/jbsy-china.com\/product\/stainless-steel-head-hex-socket-adjustable-metal-screws\/#breadcrumb","itemListElement":[{"@type":"ListItem","position":1,"name":"Home","item":"https:\/\/jbsy-china.com\/"},{"@type":"ListItem","position":2,"name":"Products","item":"https:\/\/jbsy-china.com\/shop\/"},{"@type":"ListItem","position":3,"name":"Stainless Steel head hex socket adjustable metal screws"}]},{"@type":"WebSite","@id":"https:\/\/jbsy-china.com\/#website","url":"https:\/\/jbsy-china.com\/","name":"Jingbang Industrie","description":"Hersteller von Hardware und Elektronik","publisher":{"@id":"https:\/\/jbsy-china.com\/#organization"},"potentialAction":[{"@type":"SearchAction","target":{"@type":"EntryPoint","urlTemplate":"https:\/\/jbsy-china.com\/?s={search_term_string}"},"query-input":{"@type":"PropertyValueSpecification","valueRequired":true,"valueName":"search_term_string"}}],"inLanguage":"de"},{"@type":"Organization","@id":"https:\/\/jbsy-china.com\/#organization","name":"Jingbang Industrie","url":"https:\/\/jbsy-china.com\/","logo":{"@type":"ImageObject","inLanguage":"de","@id":"https:\/\/jbsy-china.com\/#\/schema\/logo\/image\/","url":"https:\/\/jbsy-china.com\/wp-content\/uploads\/2023\/11\/cropped-\u56fe\u5c42-1.png","contentUrl":"https:\/\/jbsy-china.com\/wp-content\/uploads\/2023\/11\/cropped-\u56fe\u5c42-1.png","width":1049,"height":739,"caption":"Jingbang Industrial"},"image":{"@id":"https:\/\/jbsy-china.com\/#\/schema\/logo\/image\/"}}]}},"_links":{"self":[{"href":"https:\/\/jbsy-china.com\/de\/wp-json\/wp\/v2\/product\/32526","targetHints":{"allow":["GET"]}}],"collection":[{"href":"https:\/\/jbsy-china.com\/de\/wp-json\/wp\/v2\/product"}],"about":[{"href":"https:\/\/jbsy-china.com\/de\/wp-json\/wp\/v2\/types\/product"}],"replies":[{"embeddable":true,"href":"https:\/\/jbsy-china.com\/de\/wp-json\/wp\/v2\/comments?post=32526"}],"wp:featuredmedia":[{"embeddable":true,"href":"https:\/\/jbsy-china.com\/de\/wp-json\/wp\/v2\/media\/32543"}],"wp:attachment":[{"href":"https:\/\/jbsy-china.com\/de\/wp-json\/wp\/v2\/media?parent=32526"}],"wp:term":[{"taxonomy":"product_brand","embeddable":true,"href":"https:\/\/jbsy-china.com\/de\/wp-json\/wp\/v2\/product_brand?post=32526"},{"taxonomy":"product_cat","embeddable":true,"href":"https:\/\/jbsy-china.com\/de\/wp-json\/wp\/v2\/product_cat?post=32526"},{"taxonomy":"product_tag","embeddable":true,"href":"https:\/\/jbsy-china.com\/de\/wp-json\/wp\/v2\/product_tag?post=32526"}],"curies":[{"name":"wp","href":"https:\/\/api.w.org\/{rel}","templated":true}]}}