{"id":32929,"date":"2025-05-06T07:29:49","date_gmt":"2025-05-06T07:29:49","guid":{"rendered":"https:\/\/jbsy-china.com\/?post_type=product&#038;p=32929"},"modified":"2025-05-09T06:49:44","modified_gmt":"2025-05-09T06:49:44","slug":"lock-nut-2","status":"publish","type":"product","link":"https:\/\/jbsy-china.com\/de\/produkt\/lock-nut-2\/","title":{"rendered":"Kontermutter"},"content":{"rendered":"<p><img fetchpriority=\"high\" decoding=\"async\" class=\"alignnone wp-image-7963 size-full\" src=\"https:\/\/jb-bolt.com\/wp-content\/uploads\/2025\/02\/\u4e3b\u63a8-\u9632\u76d7\u87ba\u6bcd_01.jpg\" alt=\"\" width=\"790\" height=\"1330\" \/><img decoding=\"async\" class=\"alignnone size-full wp-image-7964\" src=\"https:\/\/jb-bolt.com\/wp-content\/uploads\/2025\/02\/\u4e3b\u63a8-\u9632\u76d7\u87ba\u6bcd_02.jpg\" alt=\"\" width=\"790\" height=\"930\" \/><\/p>\n<p><img decoding=\"async\" class=\"alignnone size-full wp-image-7965\" src=\"https:\/\/jb-bolt.com\/wp-content\/uploads\/2025\/02\/\u4e3b\u63a8-\u9632\u76d7\u87ba\u6bcd_03.jpg\" alt=\"\" width=\"790\" height=\"1060\" \/><img loading=\"lazy\" decoding=\"async\" class=\"alignnone size-full wp-image-7966\" src=\"https:\/\/jb-bolt.com\/wp-content\/uploads\/2025\/02\/\u4e3b\u63a8-\u9632\u76d7\u87ba\u6bcd_04.jpg\" alt=\"\" width=\"790\" height=\"850\" \/><\/p>\n<p><strong>Das Befestigen und \u00d6ffnen von Schrauben und Muttern ist nicht standardisiert, und die passende<\/strong><br \/>\n<strong>Zur L\u00f6sung der \u00d6ffnungs- und Befestigungsprobleme werden nicht genormte Werkzeuge verwendet. Im Allgemeinen werden andere<\/strong><br \/>\n<strong>Schraubenschl\u00fcssel k\u00f6nnen nicht eingesetzt werden. in das Erscheinungsbild Design von Schrauben und Muttern, Nicht-Standard-Schlitzung,<\/strong><br \/>\n<strong>\u00f6ffnende oder f\u00fcnfeckige, siebeneckige, neuneckige oder speziell angefertigte entsprechende Nutwerkzeuge<\/strong><br \/>\n<strong>haben eine sehr gute Anti-Diebstahl-Wirkung gespielt<\/strong><\/p>\n<p><img loading=\"lazy\" decoding=\"async\" class=\"alignnone size-full wp-image-7968\" src=\"https:\/\/jb-bolt.com\/wp-content\/uploads\/2025\/02\/\u4e3b\u63a8-\u9632\u76d7\u87ba\u6bcd_06.jpg\" alt=\"\" width=\"790\" height=\"690\" \/><\/p>\n<p><strong>Das Kaltstauchverfahren ist eines der neuen Verfahren f\u00fcr die Druckbearbeitung mit weniger oder gar keiner Zerspanung<\/strong><br \/>\n<strong>Es handelt sich um eine Verarbeitungsmethode, die die plastische Verformung von Metall unter der Einwirkung von<\/strong><br \/>\n<strong>\u00e4u\u00dfere Kr\u00e4fte, und mit Hilfe von Formen wird das Metallvolumen umverteilt und in die Form gebracht<\/strong><br \/>\n<strong>die gew\u00fcnschten Teile oder Rohlinge. Das Kaltstauchverfahren ist am besten geeignet f\u00fcr die Herstellung von Standard<\/strong><br \/>\n<strong>Verbindungselemente wie Bolzen, Schrauben, Muttern, Nieten, Stifte usw.<\/strong><\/p>\n<p><img loading=\"lazy\" decoding=\"async\" class=\"alignnone size-full wp-image-7970\" src=\"https:\/\/jb-bolt.com\/wp-content\/uploads\/2025\/02\/\u4e3b\u63a8-\u9632\u76d7\u87ba\u6bcd_08.jpg\" alt=\"\" width=\"790\" height=\"590\" \/><img loading=\"lazy\" decoding=\"async\" class=\"alignnone size-full wp-image-7971\" src=\"https:\/\/jb-bolt.com\/wp-content\/uploads\/2025\/02\/\u4e3b\u63a8-\u9632\u76d7\u87ba\u6bcd_09.jpg\" alt=\"\" width=\"790\" height=\"720\" \/><\/p>\n<p>A <strong data-start=\"43\" data-end=\"55\">sperren <a href=\"https:\/\/jb-bolt.com\/product-category\/security-safety-nuts\/\">Nuss<\/a><\/strong> ist eine Spezialmutter, die ein L\u00f6sen durch Vibrationen, Drehmoment oder andere mechanische Kr\u00e4fte verhindert, die sonst zum L\u00f6sen einer Standardmutter f\u00fchren k\u00f6nnten. Sie ist eine wichtige Komponente in Branchen und Anwendungen, in denen eine sichere Befestigung unerl\u00e4sslich ist, insbesondere in Umgebungen mit starken Vibrationen.<\/p>\n<h3 data-start=\"362\" data-end=\"389\"><strong data-start=\"366\" data-end=\"388\">Arten von Sicherungsmuttern<\/strong>:<\/h3>\n<ol data-start=\"390\" data-end=\"1489\">\n<li data-start=\"390\" data-end=\"618\">\n<p data-start=\"393\" data-end=\"432\"><strong data-start=\"393\" data-end=\"430\">Sicherungsmutter mit Nyloneinsatz (Nyloc-Mutter)<\/strong>:<\/p>\n<ul data-start=\"436\" data-end=\"618\">\n<li data-start=\"436\" data-end=\"537\">Verf\u00fcgt \u00fcber einen Nyloneinsatz, der den Bolzen oder die Schraube festh\u00e4lt, f\u00fcr Reibung sorgt und ein L\u00f6sen verhindert.<\/li>\n<li data-start=\"541\" data-end=\"618\">Wird h\u00e4ufig in der Automobilindustrie, der Luft- und Raumfahrt und im allgemeinen Maschinenbau eingesetzt.<\/li>\n<\/ul>\n<\/li>\n<li data-start=\"620\" data-end=\"873\">\n<p data-start=\"623\" data-end=\"647\"><strong data-start=\"623\" data-end=\"645\">Ganzmetall-Sicherungsmutter<\/strong>:<\/p>\n<ul data-start=\"651\" data-end=\"873\">\n<li data-start=\"651\" data-end=\"774\">Diese vollst\u00e4ndig aus Metall gefertigten Sicherungsmuttern nutzen die Verformung des Metalls, um Reibung mit dem Gewinde des Befestigungselements zu erzeugen.<\/li>\n<li data-start=\"778\" data-end=\"873\">Sie sind bekannt f\u00fcr ihre Langlebigkeit und ihre F\u00e4higkeit, hohen Temperaturen und rauen Umgebungen zu widerstehen.<\/li>\n<\/ul>\n<\/li>\n<li data-start=\"875\" data-end=\"1187\">\n<p data-start=\"878\" data-end=\"907\"><strong data-start=\"878\" data-end=\"906\">Gezahnte Flanschsicherungsmutter<\/strong>:<\/p>\n<ul data-start=\"911\" data-end=\"1187\">\n<li data-start=\"911\" data-end=\"1036\">Verf\u00fcgt \u00fcber einen Flansch mit gezackten Kanten, die sich in das Material oder die Oberfl\u00e4che der Mutter verbei\u00dfen, um den Widerstand gegen das L\u00f6sen zu erh\u00f6hen.<\/li>\n<li data-start=\"1040\" data-end=\"1187\">Wird h\u00e4ufig bei Anwendungen verwendet, bei denen ein h\u00f6heres Drehmoment erforderlich ist oder wenn das Befestigungselement in weicheren Materialien wie Kunststoff oder Aluminium befestigt werden muss.<\/li>\n<\/ul>\n<\/li>\n<li data-start=\"1189\" data-end=\"1489\">\n<p data-start=\"1192\" data-end=\"1223\"><strong data-start=\"1192\" data-end=\"1222\">Vorherrschendes Drehmoment Sicherungsmutter<\/strong>:<\/p>\n<ul data-start=\"1227\" data-end=\"1489\">\n<li data-start=\"1227\" data-end=\"1344\">Bei dieser Konstruktion wird durch innere Merkmale (wie z. B. einen gewellten Teil der Mutter) ein konstanter Druck auf die Schraube ausge\u00fcbt.<\/li>\n<li data-start=\"1348\" data-end=\"1489\">Wird bei Anwendungen verwendet, bei denen die Mutter sicher sein muss, aber m\u00f6glicherweise mehrmals angezogen oder eingestellt werden muss, ohne dass das Gewinde besch\u00e4digt wird.<\/li>\n<\/ul>\n<\/li>\n<\/ol>\n<hr data-start=\"1491\" data-end=\"1494\" \/>\n<h3 data-start=\"1496\" data-end=\"1514\"><strong data-start=\"1500\" data-end=\"1513\">Materialien<\/strong>:<\/h3>\n<ul data-start=\"1515\" data-end=\"1871\">\n<li data-start=\"1515\" data-end=\"1654\"><strong data-start=\"1517\" data-end=\"1526\">Stahl<\/strong>: Am weitesten verbreitet, bietet Festigkeit und Kosteneffizienz. Kann f\u00fcr Korrosionsbest\u00e4ndigkeit behandelt oder beschichtet werden (z. B. verzinkt).<\/li>\n<li data-start=\"1655\" data-end=\"1763\"><strong data-start=\"1657\" data-end=\"1676\">Rostfreier Stahl<\/strong>: F\u00fcr den Einsatz in korrosiven Umgebungen, bietet eine h\u00f6here Best\u00e4ndigkeit gegen Rost und Korrosion.<\/li>\n<li data-start=\"1764\" data-end=\"1871\"><strong data-start=\"1766\" data-end=\"1787\">Messing oder Aluminium<\/strong>: F\u00fcr Anwendungen, die leichte Materialien mit guter Korrosionsbest\u00e4ndigkeit erfordern.<\/li>\n<\/ul>\n<hr data-start=\"1873\" data-end=\"1876\" \/>\n<h3 data-start=\"1878\" data-end=\"1899\"><strong data-start=\"1882\" data-end=\"1898\">Anwendungen<\/strong>:<\/h3>\n<ul data-start=\"1900\" data-end=\"2422\">\n<li data-start=\"1900\" data-end=\"2033\"><strong data-start=\"1902\" data-end=\"1916\">Automobilindustrie<\/strong>: In Motoren, Aufh\u00e4ngungen und anderen Teilen, die Vibrationen und hohen Drehmomenten ausgesetzt sind, wie z. B. Radmuttern und Antriebswellen.<\/li>\n<li data-start=\"2034\" data-end=\"2168\"><strong data-start=\"2036\" data-end=\"2060\">Industrielle Ausr\u00fcstung<\/strong>: Zur Sicherung von Maschinenteilen, die sich in Bereichen, die st\u00e4ndiger Bewegung und Vibration ausgesetzt sind, nicht lockern k\u00f6nnen.<\/li>\n<li data-start=\"2169\" data-end=\"2316\"><strong data-start=\"2171\" data-end=\"2184\">Luft- und Raumfahrt<\/strong>: In Luft- und Raumfahrtkomponenten, um sicherzustellen, dass Befestigungselemente bei hohen Fluggeschwindigkeiten und unter extremen Bedingungen sicher an ihrem Platz bleiben.<\/li>\n<li data-start=\"2317\" data-end=\"2422\"><strong data-start=\"2319\" data-end=\"2335\">Bauwesen<\/strong>: F\u00fcr hochbelastete Befestigungen in Bauteilen oder Maschinen, die Vibrationen ausgesetzt sind.<\/li>\n<\/ul>\n<hr data-start=\"2424\" data-end=\"2427\" \/>\n<h3 data-start=\"2429\" data-end=\"2446\"><strong data-start=\"2433\" data-end=\"2445\">Vorteile<\/strong>:<\/h3>\n<ul data-start=\"2447\" data-end=\"3047\">\n<li data-start=\"2447\" data-end=\"2578\"><strong data-start=\"2449\" data-end=\"2471\">Verhindert Lockerung<\/strong>: Bietet eine zuverl\u00e4ssige und sichere Befestigung, die eine versehentliche Demontage aufgrund von Vibrationen oder Bewegungen verhindert.<\/li>\n<li data-start=\"2579\" data-end=\"2691\"><strong data-start=\"2581\" data-end=\"2603\">Langlebig und stark<\/strong>: Hergestellt aus robusten Materialien, die starken Belastungen, hohen Drehmomenten und Vibrationen standhalten k\u00f6nnen.<\/li>\n<li data-start=\"2692\" data-end=\"2823\"><strong data-start=\"2694\" data-end=\"2709\">Wiederverwendbarkeit<\/strong>: Viele Sicherungsmuttern, insbesondere solche mit Nyloneinsatz, k\u00f6nnen mehrmals wiederverwendet werden, ohne ihre Sicherungsf\u00e4higkeit zu verlieren.<\/li>\n<li data-start=\"2824\" data-end=\"2923\"><strong data-start=\"2826\" data-end=\"2853\">Kosteneffiziente L\u00f6sung<\/strong>: Reduziert den Bedarf an teuren, speziellen Schlie\u00dfmechanismen.<\/li>\n<li data-start=\"2924\" data-end=\"3047\"><strong data-start=\"2926\" data-end=\"2941\">Vielseitigkeit<\/strong>: Erh\u00e4ltlich in verschiedenen Gr\u00f6\u00dfen, Materialien und Gewindetypen f\u00fcr unterschiedliche Anwendungen und Umgebungen.<\/li>\n<\/ul>\n<hr data-start=\"3049\" data-end=\"3052\" \/>\n<h3 data-start=\"3054\" data-end=\"3077\"><strong data-start=\"3058\" data-end=\"3076\">\u00dcberlegungen<\/strong>:<\/h3>\n<ul data-start=\"3078\" data-end=\"3445\">\n<li data-start=\"3078\" data-end=\"3286\"><strong data-start=\"3080\" data-end=\"3107\">Temperatur-Empfindlichkeit<\/strong>: Sicherungsmuttern mit Nyloneinsatz k\u00f6nnen sich bei sehr hohen Temperaturen (\u00fcber 250 \u00b0C) zersetzen oder ihre Wirksamkeit verlieren, so dass unter extremen Bedingungen Alternativen wie Ganzmetall-Sicherungsmuttern erforderlich sein k\u00f6nnen.<\/li>\n<li data-start=\"3287\" data-end=\"3445\"><strong data-start=\"3289\" data-end=\"3310\">Platzbeschr\u00e4nkungen<\/strong>: Einige Sicherungsmuttern, wie z. B. Ganzmetallmuttern, k\u00f6nnen kompakter sein, w\u00e4hrend andere, wie z. B. Nyloneins\u00e4tze, mehr Platz ben\u00f6tigen.<\/li>\n<\/ul>","protected":false},"excerpt":{"rendered":"<h5 data-start=\"260\" data-end=\"281\"><strong data-start=\"264\" data-end=\"280\">Wesentliche Merkmale<\/strong>:<\/h5>\n<ul data-start=\"282\" data-end=\"657\">\n<li data-start=\"282\" data-end=\"367\"><strong data-start=\"284\" data-end=\"306\">Verhindert Lockerung<\/strong>: Entwickelt, um auch bei Vibrationen oder Bewegungen an Ort und Stelle zu bleiben.<\/li>\n<li data-start=\"368\" data-end=\"484\"><strong data-start=\"370\" data-end=\"391\">Verriegelungsmechanismus<\/strong>: Sie k\u00f6nnen Nyloneins\u00e4tze, gezahnte Flansche oder Metall-auf-Metall-Kontakt aufweisen, um ein L\u00f6sen zu verhindern.<\/li>\n<li data-start=\"485\" data-end=\"568\"><strong data-start=\"487\" data-end=\"498\">Dauerhaft<\/strong>: In der Regel aus Stahl, rostfreiem Stahl oder hochfesten Legierungen hergestellt.<\/li>\n<li data-start=\"569\" data-end=\"657\"><strong data-start=\"571\" data-end=\"584\">Vielseitig<\/strong>: Erh\u00e4ltlich in verschiedenen Gr\u00f6\u00dfen und Gewindetypen f\u00fcr unterschiedliche Anwendungen.<\/li>\n<\/ul>","protected":false},"featured_media":32974,"comment_status":"open","ping_status":"closed","template":"","meta":{"site-sidebar-layout":"default","site-content-layout":"","ast-site-content-layout":"default","site-content-style":"default","site-sidebar-style":"default","ast-global-header-display":"","ast-banner-title-visibility":"","ast-main-header-display":"","ast-hfb-above-header-display":"","ast-hfb-below-header-display":"","ast-hfb-mobile-header-display":"","site-post-title":"","ast-breadcrumbs-content":"","ast-featured-img":"","footer-sml-layout":"","ast-disable-related-posts":"","theme-transparent-header-meta":"","adv-header-id-meta":"","stick-header-meta":"","header-above-stick-meta":"","header-main-stick-meta":"","header-below-stick-meta":"","astra-migrate-meta-layouts":"default","ast-page-background-enabled":"default","ast-page-background-meta":{"desktop":{"background-color":"var(--ast-global-color-4)","background-image":"","background-repeat":"repeat","background-position":"center center","background-size":"auto","background-attachment":"scroll","background-type":"","background-media":"","overlay-type":"","overlay-color":"","overlay-opacity":"","overlay-gradient":""},"tablet":{"background-color":"","background-image":"","background-repeat":"repeat","background-position":"center center","background-size":"auto","background-attachment":"scroll","background-type":"","background-media":"","overlay-type":"","overlay-color":"","overlay-opacity":"","overlay-gradient":""},"mobile":{"background-color":"","background-image":"","background-repeat":"repeat","background-position":"center center","background-size":"auto","background-attachment":"scroll","background-type":"","background-media":"","overlay-type":"","overlay-color":"","overlay-opacity":"","overlay-gradient":""}},"ast-content-background-meta":{"desktop":{"background-color":"var(--ast-global-color-5)","background-image":"","background-repeat":"repeat","background-position":"center center","background-size":"auto","background-attachment":"scroll","background-type":"","background-media":"","overlay-type":"","overlay-color":"","overlay-opacity":"","overlay-gradient":""},"tablet":{"background-color":"var(--ast-global-color-5)","background-image":"","background-repeat":"repeat","background-position":"center center","background-size":"auto","background-attachment":"scroll","background-type":"","background-media":"","overlay-type":"","overlay-color":"","overlay-opacity":"","overlay-gradient":""},"mobile":{"background-color":"var(--ast-global-color-5)","background-image":"","background-repeat":"repeat","background-position":"center center","background-size":"auto","background-attachment":"scroll","background-type":"","background-media":"","overlay-type":"","overlay-color":"","overlay-opacity":"","overlay-gradient":""}},"_themeisle_gutenberg_block_has_review":false,"_ti_tpc_template_sync":false,"_ti_tpc_template_id":""},"product_brand":[],"product_cat":[1274],"product_tag":[1262,1261,1238],"class_list":{"0":"post-32929","1":"product","2":"type-product","3":"status-publish","4":"has-post-thumbnail","6":"product_cat-lock-nut","7":"product_tag-nylon-insert-nut","8":"product_tag-safety-nut","9":"product_tag-self-locking-nut","10":"desktop-align-left","11":"tablet-align-left","12":"mobile-align-left","13":"ast-product-gallery-layout-horizontal-slider","14":"ast-product-tabs-layout-horizontal","15":"ast-qv-on-image","17":"first","18":"instock","19":"shipping-taxable","20":"product-type-simple"},"yoast_head":"<!-- This site is optimized with the Yoast SEO Premium plugin v21.7 (Yoast SEO v25.7) - https:\/\/yoast.com\/wordpress\/plugins\/seo\/ -->\n<title>Lock nut - Jingbang Industrial<\/title>\n<meta name=\"robots\" content=\"index, follow, max-snippet:-1, max-image-preview:large, max-video-preview:-1\" \/>\n<link rel=\"canonical\" href=\"https:\/\/jbsy-china.com\/de\/produkt\/lock-nut-2\/\" \/>\n<meta property=\"og:locale\" content=\"de_DE\" \/>\n<meta property=\"og:type\" content=\"article\" \/>\n<meta property=\"og:title\" content=\"Lock nut\" \/>\n<meta property=\"og:description\" content=\"Key Features:   Prevents Loosening: Designed to stay in place even under vibration or movement.  Locking Mechanism: Can feature nylon inserts, serrated flanges, or metal-to-metal contact to resist loosening.  Durable: Typically made from steel, stainless steel, or high-strength alloys.  Versatile: Available in various sizes and thread types for different applications.\" \/>\n<meta property=\"og:url\" content=\"https:\/\/jbsy-china.com\/de\/produkt\/lock-nut-2\/\" \/>\n<meta property=\"og:site_name\" content=\"Jingbang Industrial\" \/>\n<meta property=\"article:modified_time\" content=\"2025-05-09T06:49:44+00:00\" \/>\n<meta property=\"og:image\" content=\"http:\/\/jbsy-china.com\/wp-content\/uploads\/2025\/05\/87df32ea-2291-400d-acc7-f4f98ee25abc.jpg\" \/>\n\t<meta property=\"og:image:width\" content=\"800\" \/>\n\t<meta property=\"og:image:height\" content=\"800\" \/>\n\t<meta property=\"og:image:type\" content=\"image\/jpeg\" \/>\n<meta name=\"twitter:card\" content=\"summary_large_image\" \/>\n<meta name=\"twitter:label1\" content=\"Gesch\u00e4tzte Lesezeit\" \/>\n\t<meta name=\"twitter:data1\" content=\"3\u00a0Minuten\" \/>\n<script type=\"application\/ld+json\" class=\"yoast-schema-graph\">{\"@context\":\"https:\/\/schema.org\",\"@graph\":[{\"@type\":\"WebPage\",\"@id\":\"https:\/\/jbsy-china.com\/product\/lock-nut-2\/\",\"url\":\"https:\/\/jbsy-china.com\/product\/lock-nut-2\/\",\"name\":\"Lock nut - Jingbang Industrial\",\"isPartOf\":{\"@id\":\"https:\/\/jbsy-china.com\/#website\"},\"primaryImageOfPage\":{\"@id\":\"https:\/\/jbsy-china.com\/product\/lock-nut-2\/#primaryimage\"},\"image\":{\"@id\":\"https:\/\/jbsy-china.com\/product\/lock-nut-2\/#primaryimage\"},\"thumbnailUrl\":\"https:\/\/jbsy-china.com\/wp-content\/uploads\/2025\/05\/87df32ea-2291-400d-acc7-f4f98ee25abc.jpg\",\"datePublished\":\"2025-05-06T07:29:49+00:00\",\"dateModified\":\"2025-05-09T06:49:44+00:00\",\"breadcrumb\":{\"@id\":\"https:\/\/jbsy-china.com\/product\/lock-nut-2\/#breadcrumb\"},\"inLanguage\":\"de\",\"potentialAction\":[{\"@type\":\"ReadAction\",\"target\":[\"https:\/\/jbsy-china.com\/product\/lock-nut-2\/\"]}]},{\"@type\":\"ImageObject\",\"inLanguage\":\"de\",\"@id\":\"https:\/\/jbsy-china.com\/product\/lock-nut-2\/#primaryimage\",\"url\":\"https:\/\/jbsy-china.com\/wp-content\/uploads\/2025\/05\/87df32ea-2291-400d-acc7-f4f98ee25abc.jpg\",\"contentUrl\":\"https:\/\/jbsy-china.com\/wp-content\/uploads\/2025\/05\/87df32ea-2291-400d-acc7-f4f98ee25abc.jpg\",\"width\":800,\"height\":800},{\"@type\":\"BreadcrumbList\",\"@id\":\"https:\/\/jbsy-china.com\/product\/lock-nut-2\/#breadcrumb\",\"itemListElement\":[{\"@type\":\"ListItem\",\"position\":1,\"name\":\"Home\",\"item\":\"https:\/\/jbsy-china.com\/\"},{\"@type\":\"ListItem\",\"position\":2,\"name\":\"Products\",\"item\":\"https:\/\/jbsy-china.com\/shop\/\"},{\"@type\":\"ListItem\",\"position\":3,\"name\":\"Lock nut\"}]},{\"@type\":\"WebSite\",\"@id\":\"https:\/\/jbsy-china.com\/#website\",\"url\":\"https:\/\/jbsy-china.com\/\",\"name\":\"Jingbang Industrial\",\"description\":\"Hardware and electronics manufacturer\",\"publisher\":{\"@id\":\"https:\/\/jbsy-china.com\/#organization\"},\"potentialAction\":[{\"@type\":\"SearchAction\",\"target\":{\"@type\":\"EntryPoint\",\"urlTemplate\":\"https:\/\/jbsy-china.com\/?s={search_term_string}\"},\"query-input\":{\"@type\":\"PropertyValueSpecification\",\"valueRequired\":true,\"valueName\":\"search_term_string\"}}],\"inLanguage\":\"de\"},{\"@type\":\"Organization\",\"@id\":\"https:\/\/jbsy-china.com\/#organization\",\"name\":\"Jingbang Industrial\",\"url\":\"https:\/\/jbsy-china.com\/\",\"logo\":{\"@type\":\"ImageObject\",\"inLanguage\":\"de\",\"@id\":\"https:\/\/jbsy-china.com\/#\/schema\/logo\/image\/\",\"url\":\"https:\/\/jbsy-china.com\/wp-content\/uploads\/2023\/11\/cropped-\u56fe\u5c42-1.png\",\"contentUrl\":\"https:\/\/jbsy-china.com\/wp-content\/uploads\/2023\/11\/cropped-\u56fe\u5c42-1.png\",\"width\":1049,\"height\":739,\"caption\":\"Jingbang Industrial\"},\"image\":{\"@id\":\"https:\/\/jbsy-china.com\/#\/schema\/logo\/image\/\"}}]}<\/script>\n<!-- \/ Yoast SEO Premium plugin. -->","yoast_head_json":{"title":"Lock nut - Jingbang Industrial","robots":{"index":"index","follow":"follow","max-snippet":"max-snippet:-1","max-image-preview":"max-image-preview:large","max-video-preview":"max-video-preview:-1"},"canonical":"https:\/\/jbsy-china.com\/de\/produkt\/lock-nut-2\/","og_locale":"de_DE","og_type":"article","og_title":"Lock nut","og_description":"Key Features:   Prevents Loosening: Designed to stay in place even under vibration or movement.  Locking Mechanism: Can feature nylon inserts, serrated flanges, or metal-to-metal contact to resist loosening.  Durable: Typically made from steel, stainless steel, or high-strength alloys.  Versatile: Available in various sizes and thread types for different applications.","og_url":"https:\/\/jbsy-china.com\/de\/produkt\/lock-nut-2\/","og_site_name":"Jingbang Industrial","article_modified_time":"2025-05-09T06:49:44+00:00","og_image":[{"width":800,"height":800,"url":"http:\/\/jbsy-china.com\/wp-content\/uploads\/2025\/05\/87df32ea-2291-400d-acc7-f4f98ee25abc.jpg","type":"image\/jpeg"}],"twitter_card":"summary_large_image","twitter_misc":{"Gesch\u00e4tzte Lesezeit":"3\u00a0Minuten"},"schema":{"@context":"https:\/\/schema.org","@graph":[{"@type":"WebPage","@id":"https:\/\/jbsy-china.com\/product\/lock-nut-2\/","url":"https:\/\/jbsy-china.com\/product\/lock-nut-2\/","name":"Lock nut - Jingbang Industrial","isPartOf":{"@id":"https:\/\/jbsy-china.com\/#website"},"primaryImageOfPage":{"@id":"https:\/\/jbsy-china.com\/product\/lock-nut-2\/#primaryimage"},"image":{"@id":"https:\/\/jbsy-china.com\/product\/lock-nut-2\/#primaryimage"},"thumbnailUrl":"https:\/\/jbsy-china.com\/wp-content\/uploads\/2025\/05\/87df32ea-2291-400d-acc7-f4f98ee25abc.jpg","datePublished":"2025-05-06T07:29:49+00:00","dateModified":"2025-05-09T06:49:44+00:00","breadcrumb":{"@id":"https:\/\/jbsy-china.com\/product\/lock-nut-2\/#breadcrumb"},"inLanguage":"de","potentialAction":[{"@type":"ReadAction","target":["https:\/\/jbsy-china.com\/product\/lock-nut-2\/"]}]},{"@type":"ImageObject","inLanguage":"de","@id":"https:\/\/jbsy-china.com\/product\/lock-nut-2\/#primaryimage","url":"https:\/\/jbsy-china.com\/wp-content\/uploads\/2025\/05\/87df32ea-2291-400d-acc7-f4f98ee25abc.jpg","contentUrl":"https:\/\/jbsy-china.com\/wp-content\/uploads\/2025\/05\/87df32ea-2291-400d-acc7-f4f98ee25abc.jpg","width":800,"height":800},{"@type":"BreadcrumbList","@id":"https:\/\/jbsy-china.com\/product\/lock-nut-2\/#breadcrumb","itemListElement":[{"@type":"ListItem","position":1,"name":"Home","item":"https:\/\/jbsy-china.com\/"},{"@type":"ListItem","position":2,"name":"Products","item":"https:\/\/jbsy-china.com\/shop\/"},{"@type":"ListItem","position":3,"name":"Lock nut"}]},{"@type":"WebSite","@id":"https:\/\/jbsy-china.com\/#website","url":"https:\/\/jbsy-china.com\/","name":"Jingbang Industrie","description":"Hersteller von Hardware und Elektronik","publisher":{"@id":"https:\/\/jbsy-china.com\/#organization"},"potentialAction":[{"@type":"SearchAction","target":{"@type":"EntryPoint","urlTemplate":"https:\/\/jbsy-china.com\/?s={search_term_string}"},"query-input":{"@type":"PropertyValueSpecification","valueRequired":true,"valueName":"search_term_string"}}],"inLanguage":"de"},{"@type":"Organization","@id":"https:\/\/jbsy-china.com\/#organization","name":"Jingbang Industrie","url":"https:\/\/jbsy-china.com\/","logo":{"@type":"ImageObject","inLanguage":"de","@id":"https:\/\/jbsy-china.com\/#\/schema\/logo\/image\/","url":"https:\/\/jbsy-china.com\/wp-content\/uploads\/2023\/11\/cropped-\u56fe\u5c42-1.png","contentUrl":"https:\/\/jbsy-china.com\/wp-content\/uploads\/2023\/11\/cropped-\u56fe\u5c42-1.png","width":1049,"height":739,"caption":"Jingbang Industrial"},"image":{"@id":"https:\/\/jbsy-china.com\/#\/schema\/logo\/image\/"}}]}},"_links":{"self":[{"href":"https:\/\/jbsy-china.com\/de\/wp-json\/wp\/v2\/product\/32929","targetHints":{"allow":["GET"]}}],"collection":[{"href":"https:\/\/jbsy-china.com\/de\/wp-json\/wp\/v2\/product"}],"about":[{"href":"https:\/\/jbsy-china.com\/de\/wp-json\/wp\/v2\/types\/product"}],"replies":[{"embeddable":true,"href":"https:\/\/jbsy-china.com\/de\/wp-json\/wp\/v2\/comments?post=32929"}],"wp:featuredmedia":[{"embeddable":true,"href":"https:\/\/jbsy-china.com\/de\/wp-json\/wp\/v2\/media\/32974"}],"wp:attachment":[{"href":"https:\/\/jbsy-china.com\/de\/wp-json\/wp\/v2\/media?parent=32929"}],"wp:term":[{"taxonomy":"product_brand","embeddable":true,"href":"https:\/\/jbsy-china.com\/de\/wp-json\/wp\/v2\/product_brand?post=32929"},{"taxonomy":"product_cat","embeddable":true,"href":"https:\/\/jbsy-china.com\/de\/wp-json\/wp\/v2\/product_cat?post=32929"},{"taxonomy":"product_tag","embeddable":true,"href":"https:\/\/jbsy-china.com\/de\/wp-json\/wp\/v2\/product_tag?post=32929"}],"curies":[{"name":"wp","href":"https:\/\/api.w.org\/{rel}","templated":true}]}}