{"id":32931,"date":"2025-05-06T07:29:49","date_gmt":"2025-05-06T07:29:49","guid":{"rendered":"https:\/\/jbsy-china.com\/?post_type=product&#038;p=32931"},"modified":"2025-05-06T07:30:24","modified_gmt":"2025-05-06T07:30:24","slug":"shearing-nuts-and-bolts-2","status":"publish","type":"product","link":"https:\/\/jbsy-china.com\/de\/produkt\/shearing-nuts-and-bolts-2\/","title":{"rendered":"Abscheren von Muttern und Bolzen"},"content":{"rendered":"<p><img fetchpriority=\"high\" decoding=\"async\" class=\"alignnone size-full wp-image-7963\" src=\"https:\/\/jb-bolt.com\/wp-content\/uploads\/2025\/02\/\u4e3b\u63a8-\u9632\u76d7\u87ba\u6bcd_01.jpg\" alt=\"\" width=\"790\" height=\"1330\" \/><img decoding=\"async\" class=\"alignnone size-full wp-image-7964\" src=\"https:\/\/jb-bolt.com\/wp-content\/uploads\/2025\/02\/\u4e3b\u63a8-\u9632\u76d7\u87ba\u6bcd_02.jpg\" alt=\"\" width=\"790\" height=\"930\" \/><img decoding=\"async\" class=\"alignnone size-full wp-image-7965\" src=\"https:\/\/jb-bolt.com\/wp-content\/uploads\/2025\/02\/\u4e3b\u63a8-\u9632\u76d7\u87ba\u6bcd_03.jpg\" alt=\"\" width=\"790\" height=\"1060\" \/><img loading=\"lazy\" decoding=\"async\" class=\"alignnone size-full wp-image-7966\" src=\"https:\/\/jb-bolt.com\/wp-content\/uploads\/2025\/02\/\u4e3b\u63a8-\u9632\u76d7\u87ba\u6bcd_04.jpg\" alt=\"\" width=\"790\" height=\"850\" \/><\/p>\n<p><strong>Das Befestigen und \u00d6ffnen von Schrauben und Muttern ist nicht standardisiert, und die passende<\/strong><br \/>\n<strong>Zur L\u00f6sung der \u00d6ffnungs- und Befestigungsprobleme werden nicht genormte Werkzeuge verwendet. Im Allgemeinen werden andere<\/strong><br \/>\n<strong>Schraubenschl\u00fcssel k\u00f6nnen nicht eingesetzt werden. Bei der Gestaltung des Aussehens von Schrauben und Muttern sind nicht genormte Schlitzungen<\/strong><br \/>\n<strong>\u00f6ffnende oder f\u00fcnfeckige, siebeneckige, neuneckige oder speziell angefertigte entsprechende Nutwerkzeuge<\/strong><br \/>\n<strong>haben eine sehr gute Anti-Diebstahl-Wirkung gespielt<\/strong><\/p>\n<p><img loading=\"lazy\" decoding=\"async\" class=\"alignnone size-full wp-image-7968\" src=\"https:\/\/jb-bolt.com\/wp-content\/uploads\/2025\/02\/\u4e3b\u63a8-\u9632\u76d7\u87ba\u6bcd_06.jpg\" alt=\"\" width=\"790\" height=\"690\" \/><\/p>\n<p><strong>Das Kaltstauchverfahren ist eines der neuen Verfahren f\u00fcr die Druckbearbeitung mit weniger oder gar keiner Zerspanung<\/strong><br \/>\n<strong>Es handelt sich um eine Verarbeitungsmethode, die die plastische Verformung von Metall unter der Einwirkung von<\/strong><br \/>\n<strong>\u00e4u\u00dfere Kr\u00e4fte, und mit Hilfe von Formen wird das Metallvolumen umverteilt und in die Form gebracht<\/strong><br \/>\n<strong>die gew\u00fcnschten Teile oder Rohlinge. Das Kaltstauchverfahren ist am besten geeignet f\u00fcr die Herstellung von Standard<\/strong><br \/>\n<strong>Verbindungselemente wie Bolzen, Schrauben, Muttern, Nieten, Stifte usw.<\/strong><\/p>\n<p><img loading=\"lazy\" decoding=\"async\" class=\"alignnone size-full wp-image-7970\" src=\"https:\/\/jb-bolt.com\/wp-content\/uploads\/2025\/02\/\u4e3b\u63a8-\u9632\u76d7\u87ba\u6bcd_08.jpg\" alt=\"\" width=\"790\" height=\"590\" \/><img loading=\"lazy\" decoding=\"async\" class=\"alignnone size-full wp-image-7971\" src=\"https:\/\/jb-bolt.com\/wp-content\/uploads\/2025\/02\/\u4e3b\u63a8-\u9632\u76d7\u87ba\u6bcd_09.jpg\" alt=\"\" width=\"790\" height=\"720\" \/><\/p>\n<p><strong data-start=\"0\" data-end=\"24\">Scheren <a href=\"https:\/\/jb-bolt.com\/product-category\/more-fastener\/\">Schrauben und Muttern<\/a><\/strong> sind spezielle Befestigungselemente, die so konstruiert sind, dass sie bei einem bestimmten Drehmoment oder einer bestimmten Belastung abscherbar oder abbrechbar sind. Sie werden h\u00e4ufig in Anwendungen eingesetzt, bei denen ein bestimmtes Ma\u00df an Befestigungsfestigkeit erforderlich ist und jedes \u00fcberm\u00e4\u00dfige Drehmoment oder jede \u00fcberm\u00e4\u00dfige Kraft zum Bruch des Befestigungselements f\u00fchren w\u00fcrde, was anzeigt, dass es seine maximal zul\u00e4ssige Belastung erreicht hat. Auf diese Weise wird sichergestellt, dass das Verbindungselement weder zu stark noch zu schwach angezogen wird, was eine zuverl\u00e4ssige, manipulationssichere L\u00f6sung darstellt.<\/p>\n<p data-start=\"2114\" data-end=\"2393\" data-is-last-node=\"\" data-is-only-node=\"\">Zusammenfassend l\u00e4sst sich sagen, dass Schermuttern und -schrauben f\u00fcr Anwendungen, bei denen ein kontrolliertes und gleichm\u00e4\u00dfiges Anziehen erforderlich ist, unverzichtbar sind und den zus\u00e4tzlichen Vorteil haben, dass sie manipulationssicher sind. Sie tragen dazu bei, die Integrit\u00e4t mechanischer Systeme zu erhalten und verhindern gleichzeitig eine unsachgem\u00e4\u00dfe Installation oder Ver\u00e4nderung.<\/p>\n<h3>1.\u00a0<strong>Scheren als Verb (Handlung)<\/strong><\/h3>\n<ul>\n<li>Wenn \"scheren\" als Verb verwendet wird, k\u00f6nnte es bedeuten, dass Muttern und Schrauben unter Belastung geschnitten oder gebrochen werden.<\/li>\n<li><strong>Beschreibung<\/strong>: Muttern und Schrauben, die Scherkr\u00e4ften ausgesetzt sind (Kr\u00e4fte, die ein Gleiten oder Schneiden verursachen), k\u00f6nnen versagen oder brechen. Dies ist h\u00e4ufig bei strukturellen oder mechanischen Anwendungen der Fall, bei denen eine \u00fcberm\u00e4\u00dfige Seitenkraft auftritt.<\/li>\n<li>Beispiel: \"Die Schrauben und Muttern scherten ab, als die Maschine einer unerwarteten seitlichen Belastung ausgesetzt war.\"<\/li>\n<\/ul>\n<hr \/>\n<h3>2.\u00a0<strong>Scherung als Substantiv (Scherkraft)<\/strong><\/h3>\n<ul>\n<li>In der Technik bezieht sich der Begriff \"Scherung\" auf eine Art von Spannung, die dazu f\u00fchrt, dass Materialien aneinander vorbeigleiten.<\/li>\n<li><strong>Beschreibung<\/strong>: Schrauben und Muttern, die Scherkr\u00e4ften standhalten, sind entscheidend f\u00fcr Anwendungen, bei denen Bauteile seitlich oder gleitend beansprucht werden, wie z. B. bei Br\u00fccken, Maschinen oder Fahrzeugen.<\/li>\n<li>Beispiel: \"Die beim Bau der Br\u00fccke verwendeten Schermuttern und Schrauben wurden speziell f\u00fcr die Aufnahme hoher seitlicher Belastungen ausgew\u00e4hlt.\"<\/li>\n<\/ul>\n<p>&nbsp;<\/p>","protected":false},"excerpt":{"rendered":"<h3 data-start=\"235\" data-end=\"252\">Wesentliche Merkmale:<\/h3>\n<ul data-start=\"253\" data-end=\"484\">\n<li data-start=\"253\" data-end=\"337\"><strong data-start=\"255\" data-end=\"284\">Kontrollierte Scherfestigkeit<\/strong>: Brechen bei einer voreingestellten Kraft, um ein \u00dcberdrehen zu verhindern.<\/li>\n<li data-start=\"338\" data-end=\"398\"><strong data-start=\"340\" data-end=\"364\">Korrosionsbest\u00e4ndigkeit<\/strong>: Oft verzinkt oder galvanisiert.<\/li>\n<li data-start=\"399\" data-end=\"484\"><strong data-start=\"401\" data-end=\"411\">Sicherheit<\/strong>: Sorgt bei sicherheitskritischen Anwendungen f\u00fcr einen kontrollierten Ausfall.<\/li>\n<\/ul>","protected":false},"featured_media":32987,"comment_status":"open","ping_status":"closed","template":"","meta":{"site-sidebar-layout":"default","site-content-layout":"","ast-site-content-layout":"default","site-content-style":"default","site-sidebar-style":"default","ast-global-header-display":"","ast-banner-title-visibility":"","ast-main-header-display":"","ast-hfb-above-header-display":"","ast-hfb-below-header-display":"","ast-hfb-mobile-header-display":"","site-post-title":"","ast-breadcrumbs-content":"","ast-featured-img":"","footer-sml-layout":"","ast-disable-related-posts":"","theme-transparent-header-meta":"","adv-header-id-meta":"","stick-header-meta":"","header-above-stick-meta":"","header-main-stick-meta":"","header-below-stick-meta":"","astra-migrate-meta-layouts":"default","ast-page-background-enabled":"default","ast-page-background-meta":{"desktop":{"background-color":"var(--ast-global-color-4)","background-image":"","background-repeat":"repeat","background-position":"center center","background-size":"auto","background-attachment":"scroll","background-type":"","background-media":"","overlay-type":"","overlay-color":"","overlay-opacity":"","overlay-gradient":""},"tablet":{"background-color":"","background-image":"","background-repeat":"repeat","background-position":"center center","background-size":"auto","background-attachment":"scroll","background-type":"","background-media":"","overlay-type":"","overlay-color":"","overlay-opacity":"","overlay-gradient":""},"mobile":{"background-color":"","background-image":"","background-repeat":"repeat","background-position":"center center","background-size":"auto","background-attachment":"scroll","background-type":"","background-media":"","overlay-type":"","overlay-color":"","overlay-opacity":"","overlay-gradient":""}},"ast-content-background-meta":{"desktop":{"background-color":"var(--ast-global-color-5)","background-image":"","background-repeat":"repeat","background-position":"center center","background-size":"auto","background-attachment":"scroll","background-type":"","background-media":"","overlay-type":"","overlay-color":"","overlay-opacity":"","overlay-gradient":""},"tablet":{"background-color":"var(--ast-global-color-5)","background-image":"","background-repeat":"repeat","background-position":"center center","background-size":"auto","background-attachment":"scroll","background-type":"","background-media":"","overlay-type":"","overlay-color":"","overlay-opacity":"","overlay-gradient":""},"mobile":{"background-color":"var(--ast-global-color-5)","background-image":"","background-repeat":"repeat","background-position":"center center","background-size":"auto","background-attachment":"scroll","background-type":"","background-media":"","overlay-type":"","overlay-color":"","overlay-opacity":"","overlay-gradient":""}},"_themeisle_gutenberg_block_has_review":false,"_ti_tpc_template_sync":false,"_ti_tpc_template_id":""},"product_brand":[],"product_cat":[1263],"product_tag":[1256,1258,1257],"class_list":{"0":"post-32931","1":"product","2":"type-product","3":"status-publish","4":"has-post-thumbnail","6":"product_cat-more-fastener","7":"product_tag-breakaway-nuts-and-bolts","8":"product_tag-frangible-nuts-and-bolts","9":"product_tag-torque-limiting-nuts-and-bolts","10":"desktop-align-left","11":"tablet-align-left","12":"mobile-align-left","13":"ast-product-gallery-layout-horizontal-slider","14":"ast-product-tabs-layout-horizontal","15":"ast-qv-on-image","17":"first","18":"instock","19":"shipping-taxable","20":"product-type-simple"},"yoast_head":"<!-- This site is optimized with the Yoast SEO Premium plugin v21.7 (Yoast SEO v25.7) - https:\/\/yoast.com\/wordpress\/plugins\/seo\/ -->\n<title>Shearing nuts and bolts - Jingbang Industrial<\/title>\n<meta name=\"robots\" content=\"index, follow, max-snippet:-1, max-image-preview:large, max-video-preview:-1\" \/>\n<link rel=\"canonical\" href=\"https:\/\/jbsy-china.com\/de\/produkt\/shearing-nuts-and-bolts-2\/\" \/>\n<meta property=\"og:locale\" content=\"de_DE\" \/>\n<meta property=\"og:type\" content=\"article\" \/>\n<meta property=\"og:title\" content=\"Shearing nuts and bolts\" \/>\n<meta property=\"og:description\" content=\"Key Features:   Controlled Shear Strength: Break at a preset force to prevent over-tightening.  Corrosion Resistance: Often zinc-plated or galvanized.  Safety: Ensures failure at a controlled force for safety-critical applications.\" \/>\n<meta property=\"og:url\" content=\"https:\/\/jbsy-china.com\/de\/produkt\/shearing-nuts-and-bolts-2\/\" \/>\n<meta property=\"og:site_name\" content=\"Jingbang Industrial\" \/>\n<meta property=\"article:modified_time\" content=\"2025-05-06T07:30:24+00:00\" \/>\n<meta name=\"twitter:card\" content=\"summary_large_image\" \/>\n<meta name=\"twitter:label1\" content=\"Gesch\u00e4tzte Lesezeit\" \/>\n\t<meta name=\"twitter:data1\" content=\"2\u00a0Minuten\" \/>\n<script type=\"application\/ld+json\" class=\"yoast-schema-graph\">{\"@context\":\"https:\/\/schema.org\",\"@graph\":[{\"@type\":\"WebPage\",\"@id\":\"https:\/\/jbsy-china.com\/product\/shearing-nuts-and-bolts-2\/\",\"url\":\"https:\/\/jbsy-china.com\/product\/shearing-nuts-and-bolts-2\/\",\"name\":\"Shearing nuts and bolts - Jingbang Industrial\",\"isPartOf\":{\"@id\":\"https:\/\/jbsy-china.com\/#website\"},\"primaryImageOfPage\":{\"@id\":\"https:\/\/jbsy-china.com\/product\/shearing-nuts-and-bolts-2\/#primaryimage\"},\"image\":{\"@id\":\"https:\/\/jbsy-china.com\/product\/shearing-nuts-and-bolts-2\/#primaryimage\"},\"thumbnailUrl\":\"https:\/\/jbsy-china.com\/wp-content\/uploads\/2025\/05\/05ea65912482aebafbd1f4e3d95d8a3.png\",\"datePublished\":\"2025-05-06T07:29:49+00:00\",\"dateModified\":\"2025-05-06T07:30:24+00:00\",\"breadcrumb\":{\"@id\":\"https:\/\/jbsy-china.com\/product\/shearing-nuts-and-bolts-2\/#breadcrumb\"},\"inLanguage\":\"de\",\"potentialAction\":[{\"@type\":\"ReadAction\",\"target\":[\"https:\/\/jbsy-china.com\/product\/shearing-nuts-and-bolts-2\/\"]}]},{\"@type\":\"ImageObject\",\"inLanguage\":\"de\",\"@id\":\"https:\/\/jbsy-china.com\/product\/shearing-nuts-and-bolts-2\/#primaryimage\",\"url\":\"https:\/\/jbsy-china.com\/wp-content\/uploads\/2025\/05\/05ea65912482aebafbd1f4e3d95d8a3.png\",\"contentUrl\":\"https:\/\/jbsy-china.com\/wp-content\/uploads\/2025\/05\/05ea65912482aebafbd1f4e3d95d8a3.png\",\"width\":800,\"height\":800},{\"@type\":\"BreadcrumbList\",\"@id\":\"https:\/\/jbsy-china.com\/product\/shearing-nuts-and-bolts-2\/#breadcrumb\",\"itemListElement\":[{\"@type\":\"ListItem\",\"position\":1,\"name\":\"Home\",\"item\":\"https:\/\/jbsy-china.com\/\"},{\"@type\":\"ListItem\",\"position\":2,\"name\":\"Products\",\"item\":\"https:\/\/jbsy-china.com\/shop\/\"},{\"@type\":\"ListItem\",\"position\":3,\"name\":\"Shearing nuts and bolts\"}]},{\"@type\":\"WebSite\",\"@id\":\"https:\/\/jbsy-china.com\/#website\",\"url\":\"https:\/\/jbsy-china.com\/\",\"name\":\"Jingbang Industrial\",\"description\":\"Hardware and electronics manufacturer\",\"publisher\":{\"@id\":\"https:\/\/jbsy-china.com\/#organization\"},\"potentialAction\":[{\"@type\":\"SearchAction\",\"target\":{\"@type\":\"EntryPoint\",\"urlTemplate\":\"https:\/\/jbsy-china.com\/?s={search_term_string}\"},\"query-input\":{\"@type\":\"PropertyValueSpecification\",\"valueRequired\":true,\"valueName\":\"search_term_string\"}}],\"inLanguage\":\"de\"},{\"@type\":\"Organization\",\"@id\":\"https:\/\/jbsy-china.com\/#organization\",\"name\":\"Jingbang Industrial\",\"url\":\"https:\/\/jbsy-china.com\/\",\"logo\":{\"@type\":\"ImageObject\",\"inLanguage\":\"de\",\"@id\":\"https:\/\/jbsy-china.com\/#\/schema\/logo\/image\/\",\"url\":\"https:\/\/jbsy-china.com\/wp-content\/uploads\/2023\/11\/cropped-\u56fe\u5c42-1.png\",\"contentUrl\":\"https:\/\/jbsy-china.com\/wp-content\/uploads\/2023\/11\/cropped-\u56fe\u5c42-1.png\",\"width\":1049,\"height\":739,\"caption\":\"Jingbang Industrial\"},\"image\":{\"@id\":\"https:\/\/jbsy-china.com\/#\/schema\/logo\/image\/\"}}]}<\/script>\n<!-- \/ Yoast SEO Premium plugin. -->","yoast_head_json":{"title":"Shearing nuts and bolts - Jingbang Industrial","robots":{"index":"index","follow":"follow","max-snippet":"max-snippet:-1","max-image-preview":"max-image-preview:large","max-video-preview":"max-video-preview:-1"},"canonical":"https:\/\/jbsy-china.com\/de\/produkt\/shearing-nuts-and-bolts-2\/","og_locale":"de_DE","og_type":"article","og_title":"Shearing nuts and bolts","og_description":"Key Features:   Controlled Shear Strength: Break at a preset force to prevent over-tightening.  Corrosion Resistance: Often zinc-plated or galvanized.  Safety: Ensures failure at a controlled force for safety-critical applications.","og_url":"https:\/\/jbsy-china.com\/de\/produkt\/shearing-nuts-and-bolts-2\/","og_site_name":"Jingbang Industrial","article_modified_time":"2025-05-06T07:30:24+00:00","twitter_card":"summary_large_image","twitter_misc":{"Gesch\u00e4tzte Lesezeit":"2\u00a0Minuten"},"schema":{"@context":"https:\/\/schema.org","@graph":[{"@type":"WebPage","@id":"https:\/\/jbsy-china.com\/product\/shearing-nuts-and-bolts-2\/","url":"https:\/\/jbsy-china.com\/product\/shearing-nuts-and-bolts-2\/","name":"Shearing nuts and bolts - Jingbang Industrial","isPartOf":{"@id":"https:\/\/jbsy-china.com\/#website"},"primaryImageOfPage":{"@id":"https:\/\/jbsy-china.com\/product\/shearing-nuts-and-bolts-2\/#primaryimage"},"image":{"@id":"https:\/\/jbsy-china.com\/product\/shearing-nuts-and-bolts-2\/#primaryimage"},"thumbnailUrl":"https:\/\/jbsy-china.com\/wp-content\/uploads\/2025\/05\/05ea65912482aebafbd1f4e3d95d8a3.png","datePublished":"2025-05-06T07:29:49+00:00","dateModified":"2025-05-06T07:30:24+00:00","breadcrumb":{"@id":"https:\/\/jbsy-china.com\/product\/shearing-nuts-and-bolts-2\/#breadcrumb"},"inLanguage":"de","potentialAction":[{"@type":"ReadAction","target":["https:\/\/jbsy-china.com\/product\/shearing-nuts-and-bolts-2\/"]}]},{"@type":"ImageObject","inLanguage":"de","@id":"https:\/\/jbsy-china.com\/product\/shearing-nuts-and-bolts-2\/#primaryimage","url":"https:\/\/jbsy-china.com\/wp-content\/uploads\/2025\/05\/05ea65912482aebafbd1f4e3d95d8a3.png","contentUrl":"https:\/\/jbsy-china.com\/wp-content\/uploads\/2025\/05\/05ea65912482aebafbd1f4e3d95d8a3.png","width":800,"height":800},{"@type":"BreadcrumbList","@id":"https:\/\/jbsy-china.com\/product\/shearing-nuts-and-bolts-2\/#breadcrumb","itemListElement":[{"@type":"ListItem","position":1,"name":"Home","item":"https:\/\/jbsy-china.com\/"},{"@type":"ListItem","position":2,"name":"Products","item":"https:\/\/jbsy-china.com\/shop\/"},{"@type":"ListItem","position":3,"name":"Shearing nuts and bolts"}]},{"@type":"WebSite","@id":"https:\/\/jbsy-china.com\/#website","url":"https:\/\/jbsy-china.com\/","name":"Jingbang Industrie","description":"Hersteller von Hardware und Elektronik","publisher":{"@id":"https:\/\/jbsy-china.com\/#organization"},"potentialAction":[{"@type":"SearchAction","target":{"@type":"EntryPoint","urlTemplate":"https:\/\/jbsy-china.com\/?s={search_term_string}"},"query-input":{"@type":"PropertyValueSpecification","valueRequired":true,"valueName":"search_term_string"}}],"inLanguage":"de"},{"@type":"Organization","@id":"https:\/\/jbsy-china.com\/#organization","name":"Jingbang Industrie","url":"https:\/\/jbsy-china.com\/","logo":{"@type":"ImageObject","inLanguage":"de","@id":"https:\/\/jbsy-china.com\/#\/schema\/logo\/image\/","url":"https:\/\/jbsy-china.com\/wp-content\/uploads\/2023\/11\/cropped-\u56fe\u5c42-1.png","contentUrl":"https:\/\/jbsy-china.com\/wp-content\/uploads\/2023\/11\/cropped-\u56fe\u5c42-1.png","width":1049,"height":739,"caption":"Jingbang Industrial"},"image":{"@id":"https:\/\/jbsy-china.com\/#\/schema\/logo\/image\/"}}]}},"_links":{"self":[{"href":"https:\/\/jbsy-china.com\/de\/wp-json\/wp\/v2\/product\/32931","targetHints":{"allow":["GET"]}}],"collection":[{"href":"https:\/\/jbsy-china.com\/de\/wp-json\/wp\/v2\/product"}],"about":[{"href":"https:\/\/jbsy-china.com\/de\/wp-json\/wp\/v2\/types\/product"}],"replies":[{"embeddable":true,"href":"https:\/\/jbsy-china.com\/de\/wp-json\/wp\/v2\/comments?post=32931"}],"wp:featuredmedia":[{"embeddable":true,"href":"https:\/\/jbsy-china.com\/de\/wp-json\/wp\/v2\/media\/32987"}],"wp:attachment":[{"href":"https:\/\/jbsy-china.com\/de\/wp-json\/wp\/v2\/media?parent=32931"}],"wp:term":[{"taxonomy":"product_brand","embeddable":true,"href":"https:\/\/jbsy-china.com\/de\/wp-json\/wp\/v2\/product_brand?post=32931"},{"taxonomy":"product_cat","embeddable":true,"href":"https:\/\/jbsy-china.com\/de\/wp-json\/wp\/v2\/product_cat?post=32931"},{"taxonomy":"product_tag","embeddable":true,"href":"https:\/\/jbsy-china.com\/de\/wp-json\/wp\/v2\/product_tag?post=32931"}],"curies":[{"name":"wp","href":"https:\/\/api.w.org\/{rel}","templated":true}]}}