{"id":32933,"date":"2025-05-06T07:29:49","date_gmt":"2025-05-06T07:29:49","guid":{"rendered":"https:\/\/jbsy-china.com\/?post_type=product&#038;p=32933"},"modified":"2025-05-06T07:30:36","modified_gmt":"2025-05-06T07:30:36","slug":"chicago-screw-2","status":"publish","type":"product","link":"https:\/\/jbsy-china.com\/de\/produkt\/chicago-screw-2\/","title":{"rendered":"Chicagoer Schraube"},"content":{"rendered":"<p><img fetchpriority=\"high\" decoding=\"async\" class=\"alignnone size-full wp-image-7963\" src=\"https:\/\/jb-bolt.com\/wp-content\/uploads\/2025\/02\/\u4e3b\u63a8-\u9632\u76d7\u87ba\u6bcd_01.jpg\" alt=\"\" width=\"790\" height=\"1330\" \/><img decoding=\"async\" class=\"alignnone size-full wp-image-7964\" src=\"https:\/\/jb-bolt.com\/wp-content\/uploads\/2025\/02\/\u4e3b\u63a8-\u9632\u76d7\u87ba\u6bcd_02.jpg\" alt=\"\" width=\"790\" height=\"930\" \/><img decoding=\"async\" class=\"alignnone size-full wp-image-7965\" src=\"https:\/\/jb-bolt.com\/wp-content\/uploads\/2025\/02\/\u4e3b\u63a8-\u9632\u76d7\u87ba\u6bcd_03.jpg\" alt=\"\" width=\"790\" height=\"1060\" \/><img loading=\"lazy\" decoding=\"async\" class=\"alignnone size-full wp-image-7966\" src=\"https:\/\/jb-bolt.com\/wp-content\/uploads\/2025\/02\/\u4e3b\u63a8-\u9632\u76d7\u87ba\u6bcd_04.jpg\" alt=\"\" width=\"790\" height=\"850\" \/><\/p>\n<p><strong>Das Befestigen und \u00d6ffnen von Schrauben und Muttern ist nicht standardisiert, und die passende<\/strong><br \/>\n<strong>Zur L\u00f6sung der \u00d6ffnungs- und Befestigungsprobleme werden nicht genormte Werkzeuge verwendet. Im Allgemeinen werden andere<\/strong><br \/>\n<strong>Schraubenschl\u00fcssel k\u00f6nnen nicht eingesetzt werden. Bei der Gestaltung des Aussehens von Schrauben und Muttern sind nicht genormte Schlitzungen<\/strong><br \/>\n<strong>\u00f6ffnende oder f\u00fcnfeckige, siebeneckige, neuneckige oder speziell angefertigte entsprechende Nutwerkzeuge<\/strong><br \/>\n<strong>haben eine sehr gute Anti-Diebstahl-Wirkung gespielt<\/strong><\/p>\n<p><img loading=\"lazy\" decoding=\"async\" class=\"alignnone size-full wp-image-7968\" src=\"https:\/\/jb-bolt.com\/wp-content\/uploads\/2025\/02\/\u4e3b\u63a8-\u9632\u76d7\u87ba\u6bcd_06.jpg\" alt=\"\" width=\"790\" height=\"690\" \/><\/p>\n<p><strong>Das Kaltstauchverfahren ist eines der neuen Verfahren f\u00fcr die Druckbearbeitung mit weniger oder gar keiner Zerspanung<\/strong><br \/>\n<strong>Es handelt sich um eine Verarbeitungsmethode, die die plastische Verformung von Metall unter der Einwirkung von<\/strong><br \/>\n<strong>\u00e4u\u00dfere Kr\u00e4fte, und mit Hilfe von Formen wird das Metallvolumen umverteilt und in die Form gebracht<\/strong><br \/>\n<strong>die gew\u00fcnschten Teile oder Rohlinge. Das Kaltstauchverfahren ist am besten geeignet f\u00fcr die Herstellung von Standard<\/strong><br \/>\n<strong>Verbindungselemente wie Bolzen, Schrauben, Muttern, Nieten, Stifte usw.<\/strong><\/p>\n<p><img loading=\"lazy\" decoding=\"async\" class=\"alignnone size-full wp-image-7970\" src=\"https:\/\/jb-bolt.com\/wp-content\/uploads\/2025\/02\/\u4e3b\u63a8-\u9632\u76d7\u87ba\u6bcd_08.jpg\" alt=\"\" width=\"790\" height=\"590\" \/><img loading=\"lazy\" decoding=\"async\" class=\"alignnone size-full wp-image-7971\" src=\"https:\/\/jb-bolt.com\/wp-content\/uploads\/2025\/02\/\u4e3b\u63a8-\u9632\u76d7\u87ba\u6bcd_09.jpg\" alt=\"\" width=\"790\" height=\"720\" \/><\/p>\n<p>A <strong data-start=\"2\" data-end=\"19\">Chicagoer Schraube<\/strong> (auch bekannt als <strong data-start=\"37\" data-end=\"53\">Einbandpfosten<\/strong> oder <a href=\"https:\/\/jb-bolt.com\/product-category\/safety-bolt-2\/\"><strong data-start=\"57\" data-end=\"69\">Sexbolzen<\/strong><\/a>) ist eine Art von Befestigungselement, das dazu dient, zwei oder mehr Materialien sicher miteinander zu verbinden. Er besteht aus zwei Hauptbestandteilen: einem <strong data-start=\"185\" data-end=\"193\">Schraube<\/strong> und eine <strong data-start=\"200\" data-end=\"207\">Nuss<\/strong> (oder ein zweites Teil mit Innengewinde), die angezogen werden, um die Materialien zu fixieren.<\/p>\n<h3 data-start=\"0\" data-end=\"44\"><strong data-start=\"4\" data-end=\"44\">Chicago Screw - Produkteinf\u00fchrung<\/strong><\/h3>\n<p data-start=\"46\" data-end=\"300\">A <strong data-start=\"48\" data-end=\"65\">Chicagoer Schraube<\/strong> ist eine Art von Befestigungselement, das aus einer Schraube und einem dazugeh\u00f6rigen Stift oder Zylinder besteht und oft als Alternative zu Nieten verwendet wird. Sie wird h\u00e4ufig f\u00fcr Anwendungen verwendet, die eine einfache Montage und Demontage erfordern, wie z. B. bei Lederarbeiten, Bindearbeiten oder Schr\u00e4nken.<\/p>\n<hr data-start=\"302\" data-end=\"305\" \/>\n<h3 data-start=\"307\" data-end=\"328\"><strong data-start=\"311\" data-end=\"327\">Wesentliche Merkmale<\/strong>:<\/h3>\n<ul data-start=\"329\" data-end=\"609\">\n<li data-start=\"329\" data-end=\"410\"><strong data-start=\"331\" data-end=\"362\">Einfache Montage\/Demontage<\/strong>: Sie brauchen kein Spezialwerkzeug, nur einen Schraubenzieher.<\/li>\n<li data-start=\"411\" data-end=\"505\"><strong data-start=\"413\" data-end=\"428\">Starker Halt<\/strong>: Bietet eine sichere Befestigung f\u00fcr Materialien wie Leder, Holz und Kunststoff.<\/li>\n<li data-start=\"506\" data-end=\"609\"><strong data-start=\"508\" data-end=\"531\">Korrosionsbest\u00e4ndig<\/strong>: Aus Materialien wie rostfreiem Stahl, Messing oder Aluminium f\u00fcr lange Haltbarkeit.<\/li>\n<\/ul>\n<hr data-start=\"611\" data-end=\"614\" \/>\n<h3 data-start=\"616\" data-end=\"637\"><strong data-start=\"620\" data-end=\"636\">Anwendungen<\/strong>:<\/h3>\n<ul data-start=\"638\" data-end=\"833\">\n<li data-start=\"638\" data-end=\"694\"><strong data-start=\"640\" data-end=\"655\">Lederarbeiten<\/strong>: Wird f\u00fcr G\u00fcrtel, Taschen und Accessoires verwendet.<\/li>\n<li data-start=\"695\" data-end=\"756\"><strong data-start=\"697\" data-end=\"718\">M\u00f6bel\/Buchbinderei<\/strong>: Befestigt Platten, Einb\u00e4nde oder Rahmen.<\/li>\n<\/ul>","protected":false},"excerpt":{"rendered":"<h5 data-start=\"307\" data-end=\"328\"><strong data-start=\"311\" data-end=\"327\">Wesentliche Merkmale<\/strong>:<\/h5>\n<ul data-start=\"329\" data-end=\"609\">\n<li data-start=\"329\" data-end=\"410\"><strong data-start=\"331\" data-end=\"362\">Einfache Montage\/Demontage<\/strong>: Sie brauchen kein Spezialwerkzeug, nur einen Schraubenzieher.<\/li>\n<li data-start=\"411\" data-end=\"505\"><strong data-start=\"413\" data-end=\"428\">Starker Halt<\/strong>: Bietet eine sichere Befestigung f\u00fcr Materialien wie Leder, Holz und Kunststoff.<\/li>\n<li data-start=\"506\" data-end=\"609\"><strong data-start=\"508\" data-end=\"531\">Korrosionsbest\u00e4ndig<\/strong>: Aus Materialien wie rostfreiem Stahl, Messing oder Aluminium f\u00fcr lange Haltbarkeit.<\/li>\n<\/ul>","protected":false},"featured_media":32998,"comment_status":"open","ping_status":"closed","template":"","meta":{"site-sidebar-layout":"default","site-content-layout":"","ast-site-content-layout":"default","site-content-style":"default","site-sidebar-style":"default","ast-global-header-display":"","ast-banner-title-visibility":"","ast-main-header-display":"","ast-hfb-above-header-display":"","ast-hfb-below-header-display":"","ast-hfb-mobile-header-display":"","site-post-title":"","ast-breadcrumbs-content":"","ast-featured-img":"","footer-sml-layout":"","ast-disable-related-posts":"","theme-transparent-header-meta":"","adv-header-id-meta":"","stick-header-meta":"","header-above-stick-meta":"","header-main-stick-meta":"","header-below-stick-meta":"","astra-migrate-meta-layouts":"default","ast-page-background-enabled":"default","ast-page-background-meta":{"desktop":{"background-color":"var(--ast-global-color-4)","background-image":"","background-repeat":"repeat","background-position":"center center","background-size":"auto","background-attachment":"scroll","background-type":"","background-media":"","overlay-type":"","overlay-color":"","overlay-opacity":"","overlay-gradient":""},"tablet":{"background-color":"","background-image":"","background-repeat":"repeat","background-position":"center center","background-size":"auto","background-attachment":"scroll","background-type":"","background-media":"","overlay-type":"","overlay-color":"","overlay-opacity":"","overlay-gradient":""},"mobile":{"background-color":"","background-image":"","background-repeat":"repeat","background-position":"center center","background-size":"auto","background-attachment":"scroll","background-type":"","background-media":"","overlay-type":"","overlay-color":"","overlay-opacity":"","overlay-gradient":""}},"ast-content-background-meta":{"desktop":{"background-color":"var(--ast-global-color-5)","background-image":"","background-repeat":"repeat","background-position":"center center","background-size":"auto","background-attachment":"scroll","background-type":"","background-media":"","overlay-type":"","overlay-color":"","overlay-opacity":"","overlay-gradient":""},"tablet":{"background-color":"var(--ast-global-color-5)","background-image":"","background-repeat":"repeat","background-position":"center center","background-size":"auto","background-attachment":"scroll","background-type":"","background-media":"","overlay-type":"","overlay-color":"","overlay-opacity":"","overlay-gradient":""},"mobile":{"background-color":"var(--ast-global-color-5)","background-image":"","background-repeat":"repeat","background-position":"center center","background-size":"auto","background-attachment":"scroll","background-type":"","background-media":"","overlay-type":"","overlay-color":"","overlay-opacity":"","overlay-gradient":""}},"_themeisle_gutenberg_block_has_review":false,"_ti_tpc_template_sync":false,"_ti_tpc_template_id":""},"product_brand":[],"product_cat":[1268],"product_tag":[1252,1251],"class_list":{"0":"post-32933","1":"product","2":"type-product","3":"status-publish","4":"has-post-thumbnail","6":"product_cat-safety-bolt","7":"product_tag-binding-post","8":"product_tag-sex-bolt","9":"desktop-align-left","10":"tablet-align-left","11":"mobile-align-left","12":"ast-product-gallery-layout-horizontal-slider","13":"ast-product-tabs-layout-horizontal","14":"ast-qv-on-image","16":"first","17":"instock","18":"shipping-taxable","19":"product-type-simple"},"yoast_head":"<!-- This site is optimized with the Yoast SEO Premium plugin v21.7 (Yoast SEO v25.7) - https:\/\/yoast.com\/wordpress\/plugins\/seo\/ -->\n<title>Chicago Screw - Jingbang Industrial<\/title>\n<meta name=\"robots\" content=\"index, follow, max-snippet:-1, max-image-preview:large, max-video-preview:-1\" \/>\n<link rel=\"canonical\" href=\"https:\/\/jbsy-china.com\/de\/produkt\/chicago-screw-2\/\" \/>\n<meta property=\"og:locale\" content=\"de_DE\" \/>\n<meta property=\"og:type\" content=\"article\" \/>\n<meta property=\"og:title\" content=\"Chicago Screw\" \/>\n<meta property=\"og:description\" content=\"Key Features:   Simple Assembly\/Disassembly: No need for special tools, just a screwdriver.  Strong Hold: Provides a secure fastening for materials like leather, wood, and plastics.  Corrosion-Resistant: Made from materials like stainless steel, brass, or aluminum for durability.\" \/>\n<meta property=\"og:url\" content=\"https:\/\/jbsy-china.com\/de\/produkt\/chicago-screw-2\/\" \/>\n<meta property=\"og:site_name\" content=\"Jingbang Industrial\" \/>\n<meta property=\"article:modified_time\" content=\"2025-05-06T07:30:36+00:00\" \/>\n<meta name=\"twitter:card\" content=\"summary_large_image\" \/>\n<meta name=\"twitter:label1\" content=\"Gesch\u00e4tzte Lesezeit\" \/>\n\t<meta name=\"twitter:data1\" content=\"1\u00a0Minute\" \/>\n<script type=\"application\/ld+json\" class=\"yoast-schema-graph\">{\"@context\":\"https:\/\/schema.org\",\"@graph\":[{\"@type\":\"WebPage\",\"@id\":\"https:\/\/jbsy-china.com\/product\/chicago-screw-2\/\",\"url\":\"https:\/\/jbsy-china.com\/product\/chicago-screw-2\/\",\"name\":\"Chicago Screw - Jingbang Industrial\",\"isPartOf\":{\"@id\":\"https:\/\/jbsy-china.com\/#website\"},\"primaryImageOfPage\":{\"@id\":\"https:\/\/jbsy-china.com\/product\/chicago-screw-2\/#primaryimage\"},\"image\":{\"@id\":\"https:\/\/jbsy-china.com\/product\/chicago-screw-2\/#primaryimage\"},\"thumbnailUrl\":\"https:\/\/jbsy-china.com\/wp-content\/uploads\/2025\/05\/c1868de9449bd05e0fb6b65d0d83f2d.png\",\"datePublished\":\"2025-05-06T07:29:49+00:00\",\"dateModified\":\"2025-05-06T07:30:36+00:00\",\"breadcrumb\":{\"@id\":\"https:\/\/jbsy-china.com\/product\/chicago-screw-2\/#breadcrumb\"},\"inLanguage\":\"de\",\"potentialAction\":[{\"@type\":\"ReadAction\",\"target\":[\"https:\/\/jbsy-china.com\/product\/chicago-screw-2\/\"]}]},{\"@type\":\"ImageObject\",\"inLanguage\":\"de\",\"@id\":\"https:\/\/jbsy-china.com\/product\/chicago-screw-2\/#primaryimage\",\"url\":\"https:\/\/jbsy-china.com\/wp-content\/uploads\/2025\/05\/c1868de9449bd05e0fb6b65d0d83f2d.png\",\"contentUrl\":\"https:\/\/jbsy-china.com\/wp-content\/uploads\/2025\/05\/c1868de9449bd05e0fb6b65d0d83f2d.png\",\"width\":800,\"height\":800},{\"@type\":\"BreadcrumbList\",\"@id\":\"https:\/\/jbsy-china.com\/product\/chicago-screw-2\/#breadcrumb\",\"itemListElement\":[{\"@type\":\"ListItem\",\"position\":1,\"name\":\"Home\",\"item\":\"https:\/\/jbsy-china.com\/\"},{\"@type\":\"ListItem\",\"position\":2,\"name\":\"Products\",\"item\":\"https:\/\/jbsy-china.com\/shop\/\"},{\"@type\":\"ListItem\",\"position\":3,\"name\":\"Chicago Screw\"}]},{\"@type\":\"WebSite\",\"@id\":\"https:\/\/jbsy-china.com\/#website\",\"url\":\"https:\/\/jbsy-china.com\/\",\"name\":\"Jingbang Industrial\",\"description\":\"Hardware and electronics manufacturer\",\"publisher\":{\"@id\":\"https:\/\/jbsy-china.com\/#organization\"},\"potentialAction\":[{\"@type\":\"SearchAction\",\"target\":{\"@type\":\"EntryPoint\",\"urlTemplate\":\"https:\/\/jbsy-china.com\/?s={search_term_string}\"},\"query-input\":{\"@type\":\"PropertyValueSpecification\",\"valueRequired\":true,\"valueName\":\"search_term_string\"}}],\"inLanguage\":\"de\"},{\"@type\":\"Organization\",\"@id\":\"https:\/\/jbsy-china.com\/#organization\",\"name\":\"Jingbang Industrial\",\"url\":\"https:\/\/jbsy-china.com\/\",\"logo\":{\"@type\":\"ImageObject\",\"inLanguage\":\"de\",\"@id\":\"https:\/\/jbsy-china.com\/#\/schema\/logo\/image\/\",\"url\":\"https:\/\/jbsy-china.com\/wp-content\/uploads\/2023\/11\/cropped-\u56fe\u5c42-1.png\",\"contentUrl\":\"https:\/\/jbsy-china.com\/wp-content\/uploads\/2023\/11\/cropped-\u56fe\u5c42-1.png\",\"width\":1049,\"height\":739,\"caption\":\"Jingbang Industrial\"},\"image\":{\"@id\":\"https:\/\/jbsy-china.com\/#\/schema\/logo\/image\/\"}}]}<\/script>\n<!-- \/ Yoast SEO Premium plugin. -->","yoast_head_json":{"title":"Chicago Screw - Jingbang Industrial","robots":{"index":"index","follow":"follow","max-snippet":"max-snippet:-1","max-image-preview":"max-image-preview:large","max-video-preview":"max-video-preview:-1"},"canonical":"https:\/\/jbsy-china.com\/de\/produkt\/chicago-screw-2\/","og_locale":"de_DE","og_type":"article","og_title":"Chicago Screw","og_description":"Key Features:   Simple Assembly\/Disassembly: No need for special tools, just a screwdriver.  Strong Hold: Provides a secure fastening for materials like leather, wood, and plastics.  Corrosion-Resistant: Made from materials like stainless steel, brass, or aluminum for durability.","og_url":"https:\/\/jbsy-china.com\/de\/produkt\/chicago-screw-2\/","og_site_name":"Jingbang Industrial","article_modified_time":"2025-05-06T07:30:36+00:00","twitter_card":"summary_large_image","twitter_misc":{"Gesch\u00e4tzte Lesezeit":"1\u00a0Minute"},"schema":{"@context":"https:\/\/schema.org","@graph":[{"@type":"WebPage","@id":"https:\/\/jbsy-china.com\/product\/chicago-screw-2\/","url":"https:\/\/jbsy-china.com\/product\/chicago-screw-2\/","name":"Chicago Screw - Jingbang Industrial","isPartOf":{"@id":"https:\/\/jbsy-china.com\/#website"},"primaryImageOfPage":{"@id":"https:\/\/jbsy-china.com\/product\/chicago-screw-2\/#primaryimage"},"image":{"@id":"https:\/\/jbsy-china.com\/product\/chicago-screw-2\/#primaryimage"},"thumbnailUrl":"https:\/\/jbsy-china.com\/wp-content\/uploads\/2025\/05\/c1868de9449bd05e0fb6b65d0d83f2d.png","datePublished":"2025-05-06T07:29:49+00:00","dateModified":"2025-05-06T07:30:36+00:00","breadcrumb":{"@id":"https:\/\/jbsy-china.com\/product\/chicago-screw-2\/#breadcrumb"},"inLanguage":"de","potentialAction":[{"@type":"ReadAction","target":["https:\/\/jbsy-china.com\/product\/chicago-screw-2\/"]}]},{"@type":"ImageObject","inLanguage":"de","@id":"https:\/\/jbsy-china.com\/product\/chicago-screw-2\/#primaryimage","url":"https:\/\/jbsy-china.com\/wp-content\/uploads\/2025\/05\/c1868de9449bd05e0fb6b65d0d83f2d.png","contentUrl":"https:\/\/jbsy-china.com\/wp-content\/uploads\/2025\/05\/c1868de9449bd05e0fb6b65d0d83f2d.png","width":800,"height":800},{"@type":"BreadcrumbList","@id":"https:\/\/jbsy-china.com\/product\/chicago-screw-2\/#breadcrumb","itemListElement":[{"@type":"ListItem","position":1,"name":"Home","item":"https:\/\/jbsy-china.com\/"},{"@type":"ListItem","position":2,"name":"Products","item":"https:\/\/jbsy-china.com\/shop\/"},{"@type":"ListItem","position":3,"name":"Chicago Screw"}]},{"@type":"WebSite","@id":"https:\/\/jbsy-china.com\/#website","url":"https:\/\/jbsy-china.com\/","name":"Jingbang Industrie","description":"Hersteller von Hardware und Elektronik","publisher":{"@id":"https:\/\/jbsy-china.com\/#organization"},"potentialAction":[{"@type":"SearchAction","target":{"@type":"EntryPoint","urlTemplate":"https:\/\/jbsy-china.com\/?s={search_term_string}"},"query-input":{"@type":"PropertyValueSpecification","valueRequired":true,"valueName":"search_term_string"}}],"inLanguage":"de"},{"@type":"Organization","@id":"https:\/\/jbsy-china.com\/#organization","name":"Jingbang Industrie","url":"https:\/\/jbsy-china.com\/","logo":{"@type":"ImageObject","inLanguage":"de","@id":"https:\/\/jbsy-china.com\/#\/schema\/logo\/image\/","url":"https:\/\/jbsy-china.com\/wp-content\/uploads\/2023\/11\/cropped-\u56fe\u5c42-1.png","contentUrl":"https:\/\/jbsy-china.com\/wp-content\/uploads\/2023\/11\/cropped-\u56fe\u5c42-1.png","width":1049,"height":739,"caption":"Jingbang Industrial"},"image":{"@id":"https:\/\/jbsy-china.com\/#\/schema\/logo\/image\/"}}]}},"_links":{"self":[{"href":"https:\/\/jbsy-china.com\/de\/wp-json\/wp\/v2\/product\/32933","targetHints":{"allow":["GET"]}}],"collection":[{"href":"https:\/\/jbsy-china.com\/de\/wp-json\/wp\/v2\/product"}],"about":[{"href":"https:\/\/jbsy-china.com\/de\/wp-json\/wp\/v2\/types\/product"}],"replies":[{"embeddable":true,"href":"https:\/\/jbsy-china.com\/de\/wp-json\/wp\/v2\/comments?post=32933"}],"wp:featuredmedia":[{"embeddable":true,"href":"https:\/\/jbsy-china.com\/de\/wp-json\/wp\/v2\/media\/32998"}],"wp:attachment":[{"href":"https:\/\/jbsy-china.com\/de\/wp-json\/wp\/v2\/media?parent=32933"}],"wp:term":[{"taxonomy":"product_brand","embeddable":true,"href":"https:\/\/jbsy-china.com\/de\/wp-json\/wp\/v2\/product_brand?post=32933"},{"taxonomy":"product_cat","embeddable":true,"href":"https:\/\/jbsy-china.com\/de\/wp-json\/wp\/v2\/product_cat?post=32933"},{"taxonomy":"product_tag","embeddable":true,"href":"https:\/\/jbsy-china.com\/de\/wp-json\/wp\/v2\/product_tag?post=32933"}],"curies":[{"name":"wp","href":"https:\/\/api.w.org\/{rel}","templated":true}]}}