{"id":32934,"date":"2025-05-06T07:29:49","date_gmt":"2025-05-06T07:29:49","guid":{"rendered":"https:\/\/jbsy-china.com\/?post_type=product&#038;p=32934"},"modified":"2025-05-06T07:30:42","modified_gmt":"2025-05-06T07:30:42","slug":"nuts-and-bolts-manufacturers-2","status":"publish","type":"product","link":"https:\/\/jbsy-china.com\/de\/produkt\/nuts-and-bolts-manufacturers-2\/","title":{"rendered":"Muttern und Bolzen Hersteller"},"content":{"rendered":"<p><img fetchpriority=\"high\" decoding=\"async\" class=\"alignnone size-full wp-image-7978\" src=\"https:\/\/jb-bolt.com\/wp-content\/uploads\/2025\/02\/\u51b7\u9566\u8be6\u60c5\u9875_01.jpg\" alt=\"\" width=\"790\" height=\"329\" \/><img decoding=\"async\" class=\"alignnone size-full wp-image-7979\" src=\"https:\/\/jb-bolt.com\/wp-content\/uploads\/2025\/02\/\u51b7\u9566\u8be6\u60c5\u9875_02.jpg\" alt=\"\" width=\"790\" height=\"981\" \/><img decoding=\"async\" class=\"alignnone size-full wp-image-7980\" src=\"https:\/\/jb-bolt.com\/wp-content\/uploads\/2025\/02\/\u51b7\u9566\u8be6\u60c5\u9875_03.jpg\" alt=\"\" width=\"790\" height=\"740\" \/><img loading=\"lazy\" decoding=\"async\" class=\"alignnone size-full wp-image-7981\" src=\"https:\/\/jb-bolt.com\/wp-content\/uploads\/2025\/02\/\u51b7\u9566\u8be6\u60c5\u9875_04.jpg\" alt=\"\" width=\"790\" height=\"739\" \/><img loading=\"lazy\" decoding=\"async\" class=\"alignnone size-full wp-image-7983\" src=\"https:\/\/jb-bolt.com\/wp-content\/uploads\/2025\/02\/\u51b7\u9566\u8be6\u60c5\u9875_05_01.jpg\" alt=\"\" width=\"790\" height=\"677\" \/><\/p>\n<p><strong>Das Kaltstauchverfahren ist eines der neuen Verfahren f\u00fcr die Druckbearbeitung mit weniger oder gar keiner Zerspanung<\/strong><br \/>\n<strong>Es handelt sich um eine Verarbeitungsmethode, die die plastische Verformung von Metall unter der Einwirkung von<\/strong><br \/>\n<strong>\u00e4u\u00dfere Kr\u00e4fte, und mit Hilfe von Formen wird das Metallvolumen umverteilt und in die Form gebracht<\/strong><br \/>\n<strong>die gew\u00fcnschten Teile oder Rohlinge. Das Kaltstauchverfahren ist am besten geeignet f\u00fcr die Herstellung von Standard<\/strong><br \/>\n<strong>Verbindungselemente wie Bolzen, Schrauben, Muttern, Nieten, Stifte usw.<\/strong><\/p>\n<p><img loading=\"lazy\" decoding=\"async\" class=\"alignnone size-full wp-image-7985\" src=\"https:\/\/jb-bolt.com\/wp-content\/uploads\/2025\/02\/\u51b7\u9566\u8be6\u60c5\u9875_05_03.jpg\" alt=\"\" width=\"790\" height=\"603\" \/><img loading=\"lazy\" decoding=\"async\" class=\"alignnone size-full wp-image-7986\" src=\"https:\/\/jb-bolt.com\/wp-content\/uploads\/2025\/02\/\u51b7\u9566\u8be6\u60c5\u9875_06.jpg\" alt=\"\" width=\"790\" height=\"742\" \/><\/p>\n<p><strong><a href=\"https:\/\/jb-bolt.com\/\">Schrauben und Muttern<\/a> Hersteller<\/strong>\u00a0sind Unternehmen, die sich auf die Herstellung von Verbindungselementen spezialisiert haben, die in verschiedenen Industriezweigen zur Verbindung oder Befestigung von Materialien verwendet werden. Diese Hersteller produzieren eine breite Palette von Muttern, Bolzen, Schrauben, Unterlegscheiben und anderen verwandten Befestigungsprodukten f\u00fcr Branchen wie das Baugewerbe, die Automobilindustrie, die Luft- und Raumfahrt, den Maschinenbau und die Konsumg\u00fcterindustrie.<\/p>\n<h3 data-start=\"373\" data-end=\"398\">1. <strong data-start=\"380\" data-end=\"397\">Produktpalette<\/strong>:<\/h3>\n<ul data-start=\"402\" data-end=\"1003\">\n<li data-start=\"402\" data-end=\"587\"><strong data-start=\"404\" data-end=\"413\">Bolzen<\/strong>: Dies sind in der Regel Befestigungselemente aus Metall mit einem Gewindeschaft und einem Kopf an einem Ende. G\u00e4ngige Typen sind Sechskantschrauben, Schlossschrauben, Maschinenschrauben, Zugbolzen und Ankerbolzen.<\/li>\n<li data-start=\"591\" data-end=\"728\"><strong data-start=\"593\" data-end=\"601\">N\u00fcsse<\/strong>: Muttern sind Befestigungselemente mit Innengewinde, die sich mit Schrauben verbinden. G\u00e4ngige Typen sind Sechskantmuttern, Sicherungsmuttern, Fl\u00fcgelmuttern und Hutmuttern.<\/li>\n<li data-start=\"732\" data-end=\"873\"><strong data-start=\"734\" data-end=\"745\">Unterlegscheiben<\/strong>: Werden zusammen mit Schrauben und Muttern verwendet, um die Last zu verteilen und den Verschlei\u00df zu verringern. Zu den Arten geh\u00f6ren flache Unterlegscheiben, Federscheiben und Sicherungsscheiben.<\/li>\n<li data-start=\"877\" data-end=\"999\"><strong data-start=\"879\" data-end=\"889\">Schrauben<\/strong>: Obwohl sie sich von den Bolzen leicht unterscheiden, sind Schrauben ein weiteres Verbindungselement mit Gewinde, das die Hersteller herstellen k\u00f6nnen.<\/li>\n<\/ul>\n<h3 data-start=\"1004\" data-end=\"1030\">2. <strong data-start=\"1011\" data-end=\"1029\">Materialtypen<\/strong>:<\/h3>\n<ul data-start=\"1034\" data-end=\"1692\">\n<li data-start=\"1034\" data-end=\"1141\"><strong data-start=\"1036\" data-end=\"1045\">Stahl<\/strong>: Das gebr\u00e4uchlichste Material, das h\u00e4ufig in der Automobilindustrie, im Bauwesen und in der Industrie eingesetzt wird.<\/li>\n<li data-start=\"1145\" data-end=\"1268\"><strong data-start=\"1147\" data-end=\"1166\">Rostfreier Stahl<\/strong>: Es ist f\u00fcr seine Korrosionsbest\u00e4ndigkeit bekannt und wird in der Schifffahrt, der Lebensmittelverarbeitung und der Medizintechnik eingesetzt.<\/li>\n<li data-start=\"1272\" data-end=\"1392\"><strong data-start=\"1274\" data-end=\"1283\">Messing<\/strong>: Hervorragende Korrosionsbest\u00e4ndigkeit und elektrische Leitf\u00e4higkeit, wird h\u00e4ufig in elektrischen Anwendungen eingesetzt.<\/li>\n<li data-start=\"1396\" data-end=\"1486\"><strong data-start=\"1398\" data-end=\"1410\">Aluminium<\/strong>: Leicht und korrosionsbest\u00e4ndig, wird in Branchen wie der Luft- und Raumfahrt verwendet.<\/li>\n<li data-start=\"1490\" data-end=\"1692\"><strong data-start=\"1492\" data-end=\"1510\">Spezial-Legierungen<\/strong>: Die Hersteller bieten oft Muttern und Schrauben aus Materialien wie Titan, Kupfer oder Speziallegierungen an, die bestimmte Anforderungen an Festigkeit, Temperatur oder chemische Best\u00e4ndigkeit erf\u00fcllen.<\/li>\n<\/ul>\n<h3 data-start=\"1694\" data-end=\"1719\">3. <strong data-start=\"1701\" data-end=\"1718\">Personalisierung<\/strong>:<\/h3>\n<p data-start=\"1723\" data-end=\"1945\">Viele Hersteller bieten kundenspezifische Schrauben und Muttern an, die auf bestimmte Gr\u00f6\u00dfen, Designs und Spezifikationen zugeschnitten sind. Dies kann einzigartige Gewindemuster, Beschichtungen oder zus\u00e4tzliche Merkmale wie nicht standardisierte Formen, Gr\u00f6\u00dfen oder Oberfl\u00e4chen umfassen.<\/p>\n<h3 data-start=\"1947\" data-end=\"1982\">4. <strong data-start=\"1954\" data-end=\"1981\">Herstellungsverfahren<\/strong>:<\/h3>\n<ul data-start=\"1986\" data-end=\"2425\">\n<li data-start=\"1986\" data-end=\"2099\"><strong data-start=\"1988\" data-end=\"2004\">Kalte \u00dcberschrift<\/strong>: Dabei wird der Schraubenkopf aus einem St\u00fcck Draht geformt, ohne das Material zu erhitzen.<\/li>\n<li data-start=\"2103\" data-end=\"2166\"><strong data-start=\"2105\" data-end=\"2116\">Schmieden<\/strong>: Das Metall wird erhitzt und zu einer Schraube oder Mutter geformt.<\/li>\n<li data-start=\"2170\" data-end=\"2295\"><strong data-start=\"2172\" data-end=\"2190\">Gewindewalzen<\/strong>: Anstatt Gewinde zu schneiden, werden beim Gewinderollen die Gewinde durch Druck geformt, wodurch st\u00e4rkere Verbindungselemente entstehen.<\/li>\n<li data-start=\"2299\" data-end=\"2425\"><strong data-start=\"2301\" data-end=\"2322\">Spritzgie\u00dfen<\/strong>: Kunststoffmuttern und -schrauben werden von den Herstellern im Spritzgussverfahren in die gew\u00fcnschte Form gebracht.<\/li>\n<\/ul>\n<h3 data-start=\"2427\" data-end=\"2460\">5. <strong data-start=\"2434\" data-end=\"2459\">Qualit\u00e4t und Normen<\/strong>:<\/h3>\n<p data-start=\"2464\" data-end=\"2593\">Die Hersteller m\u00fcssen sich an verschiedene Industrienormen halten, um sicherzustellen, dass ihre Produkte die erforderlichen Spezifikationen erf\u00fcllen. Dies schlie\u00dft ein:<\/p>\n<ul data-start=\"2597\" data-end=\"2896\">\n<li data-start=\"2597\" data-end=\"2656\"><strong data-start=\"2599\" data-end=\"2616\">ISO-Normen<\/strong> (z. B. ISO 9001 f\u00fcr Qualit\u00e4tsmanagement)<\/li>\n<li data-start=\"2660\" data-end=\"2720\"><strong data-start=\"2662\" data-end=\"2710\">ANSI (Amerikanisches Institut f\u00fcr Normung)<\/strong> Normen<\/li>\n<li data-start=\"2724\" data-end=\"2813\"><strong data-start=\"2726\" data-end=\"2779\">ASTM (Amerikanische Gesellschaft f\u00fcr Tests und Materialien)<\/strong> Normen f\u00fcr Materialeigenschaften<\/li>\n<li data-start=\"2817\" data-end=\"2892\"><strong data-start=\"2819\" data-end=\"2859\">DIN (Deutsches Institut f\u00fcr Normung)<\/strong> Normen (insbesondere in Europa)<\/li>\n<\/ul>\n<h3 data-start=\"2897\" data-end=\"2931\">6. <strong data-start=\"2904\" data-end=\"2930\">Veredelung und Beschichtungen<\/strong>:<\/h3>\n<ul data-start=\"2935\" data-end=\"3265\">\n<li data-start=\"2935\" data-end=\"2983\"><strong data-start=\"2937\" data-end=\"2953\">Verzinkung<\/strong>: Bietet Korrosionsbest\u00e4ndigkeit.<\/li>\n<li data-start=\"2987\" data-end=\"3067\"><strong data-start=\"2989\" data-end=\"3004\">Verzinkung<\/strong>: Ein im Schmelztauchverfahren aufgetragener Zink\u00fcberzug zum Schutz vor Rost.<\/li>\n<li data-start=\"3071\" data-end=\"3149\"><strong data-start=\"3073\" data-end=\"3086\">Eloxieren<\/strong>: Wird f\u00fcr Aluminium-Verbindungselemente verwendet, um die Korrosionsbest\u00e4ndigkeit zu erh\u00f6hen.<\/li>\n<li data-start=\"3153\" data-end=\"3265\"><strong data-start=\"3155\" data-end=\"3176\">Phosphat-Beschichtung<\/strong>: F\u00fcgt eine Schicht zur besseren Schmierung bei der Montage hinzu und erh\u00f6ht die Korrosionsbest\u00e4ndigkeit.<\/li>\n<\/ul>\n<h3 data-start=\"3267\" data-end=\"3291\">7. <strong data-start=\"3274\" data-end=\"3290\">Lieferkette<\/strong>:<\/h3>\n<ul data-start=\"3295\" data-end=\"3666\">\n<li data-start=\"3295\" data-end=\"3403\"><strong data-start=\"3297\" data-end=\"3312\">Gro\u00dfbestellungen<\/strong>: Viele Hersteller liefern Verbindungselemente in gro\u00dfen Mengen f\u00fcr Gro\u00dfprojekte oder Produktionsl\u00e4ufe.<\/li>\n<li data-start=\"3407\" data-end=\"3520\"><strong data-start=\"3409\" data-end=\"3426\">Kundenspezifische Auftr\u00e4ge<\/strong>: Sie k\u00f6nnen auch kleinere oder ma\u00dfgeschneiderte Auftr\u00e4ge auf der Grundlage individueller Projektanforderungen ausf\u00fchren.<\/li>\n<li data-start=\"3524\" data-end=\"3666\"><strong data-start=\"3526\" data-end=\"3549\">Globaler Vertrieb<\/strong>: Gro\u00dfe Hersteller liefern oft weltweit und verf\u00fcgen \u00fcber Vertriebszentren und Einzelhandelspartnerschaften in verschiedenen Regionen.<\/li>\n<\/ul>\n<p>&nbsp;<\/p>","protected":false},"excerpt":{"rendered":"<h5 data-start=\"308\" data-end=\"342\"><strong>Standard-Muttern und -Schrauben<\/strong><\/h5>\n<p data-start=\"343\" data-end=\"443\"><strong data-start=\"343\" data-end=\"358\">Beschreibung<\/strong>: Grundverbindungselemente f\u00fcr allgemeine Anwendungen, erh\u00e4ltlich in verschiedenen Gr\u00f6\u00dfen und Materialien.<\/p>\n<ul data-start=\"444\" data-end=\"695\">\n<li data-start=\"444\" data-end=\"501\"><strong data-start=\"446\" data-end=\"459\">Materialien<\/strong>: Stahl, rostfreier Stahl, Messing, Aluminium.<\/li>\n<li data-start=\"502\" data-end=\"580\"><strong data-start=\"504\" data-end=\"516\">Beschichtungen<\/strong>: Verzinkt, galvanisiert, schwarz oxidiert f\u00fcr Korrosionsbest\u00e4ndigkeit.<\/li>\n<li data-start=\"581\" data-end=\"638\"><strong data-start=\"583\" data-end=\"599\">Gewindetypen<\/strong>: Metrische, UNC-, UNF- und Sondergewinde.<\/li>\n<li data-start=\"639\" data-end=\"695\"><strong data-start=\"641\" data-end=\"657\">Anwendungen<\/strong>: Baugewerbe, Maschinenbau, Automobilindustrie.<\/li>\n<\/ul>","protected":false},"featured_media":33012,"comment_status":"open","ping_status":"closed","template":"","meta":{"site-sidebar-layout":"default","site-content-layout":"","ast-site-content-layout":"default","site-content-style":"default","site-sidebar-style":"default","ast-global-header-display":"","ast-banner-title-visibility":"","ast-main-header-display":"","ast-hfb-above-header-display":"","ast-hfb-below-header-display":"","ast-hfb-mobile-header-display":"","site-post-title":"","ast-breadcrumbs-content":"","ast-featured-img":"","footer-sml-layout":"","ast-disable-related-posts":"","theme-transparent-header-meta":"","adv-header-id-meta":"","stick-header-meta":"","header-above-stick-meta":"","header-main-stick-meta":"","header-below-stick-meta":"","astra-migrate-meta-layouts":"default","ast-page-background-enabled":"default","ast-page-background-meta":{"desktop":{"background-color":"var(--ast-global-color-4)","background-image":"","background-repeat":"repeat","background-position":"center center","background-size":"auto","background-attachment":"scroll","background-type":"","background-media":"","overlay-type":"","overlay-color":"","overlay-opacity":"","overlay-gradient":""},"tablet":{"background-color":"","background-image":"","background-repeat":"repeat","background-position":"center center","background-size":"auto","background-attachment":"scroll","background-type":"","background-media":"","overlay-type":"","overlay-color":"","overlay-opacity":"","overlay-gradient":""},"mobile":{"background-color":"","background-image":"","background-repeat":"repeat","background-position":"center center","background-size":"auto","background-attachment":"scroll","background-type":"","background-media":"","overlay-type":"","overlay-color":"","overlay-opacity":"","overlay-gradient":""}},"ast-content-background-meta":{"desktop":{"background-color":"var(--ast-global-color-5)","background-image":"","background-repeat":"repeat","background-position":"center center","background-size":"auto","background-attachment":"scroll","background-type":"","background-media":"","overlay-type":"","overlay-color":"","overlay-opacity":"","overlay-gradient":""},"tablet":{"background-color":"var(--ast-global-color-5)","background-image":"","background-repeat":"repeat","background-position":"center center","background-size":"auto","background-attachment":"scroll","background-type":"","background-media":"","overlay-type":"","overlay-color":"","overlay-opacity":"","overlay-gradient":""},"mobile":{"background-color":"var(--ast-global-color-5)","background-image":"","background-repeat":"repeat","background-position":"center center","background-size":"auto","background-attachment":"scroll","background-type":"","background-media":"","overlay-type":"","overlay-color":"","overlay-opacity":"","overlay-gradient":""}},"_themeisle_gutenberg_block_has_review":false,"_ti_tpc_template_sync":false,"_ti_tpc_template_id":""},"product_brand":[],"product_cat":[1263],"product_tag":[1249,1248,1250],"class_list":{"0":"post-32934","1":"product","2":"type-product","3":"status-publish","4":"has-post-thumbnail","6":"product_cat-more-fastener","7":"product_tag-bolt-and-nut-producer","8":"product_tag-fastener-manufacturer","9":"product_tag-hardware-manufacturer","10":"desktop-align-left","11":"tablet-align-left","12":"mobile-align-left","13":"ast-product-gallery-layout-horizontal-slider","14":"ast-product-tabs-layout-horizontal","15":"ast-qv-on-image","17":"first","18":"instock","19":"shipping-taxable","20":"product-type-simple"},"yoast_head":"<!-- This site is optimized with the Yoast SEO Premium plugin v21.7 (Yoast SEO v25.7) - https:\/\/yoast.com\/wordpress\/plugins\/seo\/ -->\n<title>Nuts and Bolts Manufacturers - Jingbang Industrial<\/title>\n<meta name=\"robots\" content=\"index, follow, max-snippet:-1, max-image-preview:large, max-video-preview:-1\" \/>\n<link rel=\"canonical\" href=\"https:\/\/jbsy-china.com\/de\/produkt\/nuts-and-bolts-manufacturers-2\/\" \/>\n<meta property=\"og:locale\" content=\"de_DE\" \/>\n<meta property=\"og:type\" content=\"article\" \/>\n<meta property=\"og:title\" content=\"Nuts and Bolts Manufacturers\" \/>\n<meta property=\"og:description\" content=\"Standard Nuts and Bolts Description: Basic fasteners for general applications, available in various sizes and materials.    Materials: Steel, stainless steel, brass, aluminum.  Coatings: Zinc-plated, galvanized, black oxide for corrosion resistance.  Thread Types: Metric, UNC, UNF, and custom threads.  Applications: Construction, machinery, automotive.\" \/>\n<meta property=\"og:url\" content=\"https:\/\/jbsy-china.com\/de\/produkt\/nuts-and-bolts-manufacturers-2\/\" \/>\n<meta property=\"og:site_name\" content=\"Jingbang Industrial\" \/>\n<meta property=\"article:modified_time\" content=\"2025-05-06T07:30:42+00:00\" \/>\n<meta name=\"twitter:card\" content=\"summary_large_image\" \/>\n<meta name=\"twitter:label1\" content=\"Gesch\u00e4tzte Lesezeit\" \/>\n\t<meta name=\"twitter:data1\" content=\"3\u00a0Minuten\" \/>\n<script type=\"application\/ld+json\" class=\"yoast-schema-graph\">{\"@context\":\"https:\/\/schema.org\",\"@graph\":[{\"@type\":\"WebPage\",\"@id\":\"https:\/\/jbsy-china.com\/product\/nuts-and-bolts-manufacturers-2\/\",\"url\":\"https:\/\/jbsy-china.com\/product\/nuts-and-bolts-manufacturers-2\/\",\"name\":\"Nuts and Bolts Manufacturers - Jingbang Industrial\",\"isPartOf\":{\"@id\":\"https:\/\/jbsy-china.com\/#website\"},\"primaryImageOfPage\":{\"@id\":\"https:\/\/jbsy-china.com\/product\/nuts-and-bolts-manufacturers-2\/#primaryimage\"},\"image\":{\"@id\":\"https:\/\/jbsy-china.com\/product\/nuts-and-bolts-manufacturers-2\/#primaryimage\"},\"thumbnailUrl\":\"https:\/\/jbsy-china.com\/wp-content\/uploads\/2025\/05\/9f0de1845db8e101704c1cc666acad3.png\",\"datePublished\":\"2025-05-06T07:29:49+00:00\",\"dateModified\":\"2025-05-06T07:30:42+00:00\",\"breadcrumb\":{\"@id\":\"https:\/\/jbsy-china.com\/product\/nuts-and-bolts-manufacturers-2\/#breadcrumb\"},\"inLanguage\":\"de\",\"potentialAction\":[{\"@type\":\"ReadAction\",\"target\":[\"https:\/\/jbsy-china.com\/product\/nuts-and-bolts-manufacturers-2\/\"]}]},{\"@type\":\"ImageObject\",\"inLanguage\":\"de\",\"@id\":\"https:\/\/jbsy-china.com\/product\/nuts-and-bolts-manufacturers-2\/#primaryimage\",\"url\":\"https:\/\/jbsy-china.com\/wp-content\/uploads\/2025\/05\/9f0de1845db8e101704c1cc666acad3.png\",\"contentUrl\":\"https:\/\/jbsy-china.com\/wp-content\/uploads\/2025\/05\/9f0de1845db8e101704c1cc666acad3.png\",\"width\":800,\"height\":800},{\"@type\":\"BreadcrumbList\",\"@id\":\"https:\/\/jbsy-china.com\/product\/nuts-and-bolts-manufacturers-2\/#breadcrumb\",\"itemListElement\":[{\"@type\":\"ListItem\",\"position\":1,\"name\":\"Home\",\"item\":\"https:\/\/jbsy-china.com\/\"},{\"@type\":\"ListItem\",\"position\":2,\"name\":\"Products\",\"item\":\"https:\/\/jbsy-china.com\/shop\/\"},{\"@type\":\"ListItem\",\"position\":3,\"name\":\"Nuts and Bolts Manufacturers\"}]},{\"@type\":\"WebSite\",\"@id\":\"https:\/\/jbsy-china.com\/#website\",\"url\":\"https:\/\/jbsy-china.com\/\",\"name\":\"Jingbang Industrial\",\"description\":\"Hardware and electronics manufacturer\",\"publisher\":{\"@id\":\"https:\/\/jbsy-china.com\/#organization\"},\"potentialAction\":[{\"@type\":\"SearchAction\",\"target\":{\"@type\":\"EntryPoint\",\"urlTemplate\":\"https:\/\/jbsy-china.com\/?s={search_term_string}\"},\"query-input\":{\"@type\":\"PropertyValueSpecification\",\"valueRequired\":true,\"valueName\":\"search_term_string\"}}],\"inLanguage\":\"de\"},{\"@type\":\"Organization\",\"@id\":\"https:\/\/jbsy-china.com\/#organization\",\"name\":\"Jingbang Industrial\",\"url\":\"https:\/\/jbsy-china.com\/\",\"logo\":{\"@type\":\"ImageObject\",\"inLanguage\":\"de\",\"@id\":\"https:\/\/jbsy-china.com\/#\/schema\/logo\/image\/\",\"url\":\"https:\/\/jbsy-china.com\/wp-content\/uploads\/2023\/11\/cropped-\u56fe\u5c42-1.png\",\"contentUrl\":\"https:\/\/jbsy-china.com\/wp-content\/uploads\/2023\/11\/cropped-\u56fe\u5c42-1.png\",\"width\":1049,\"height\":739,\"caption\":\"Jingbang Industrial\"},\"image\":{\"@id\":\"https:\/\/jbsy-china.com\/#\/schema\/logo\/image\/\"}}]}<\/script>\n<!-- \/ Yoast SEO Premium plugin. -->","yoast_head_json":{"title":"Nuts and Bolts Manufacturers - Jingbang Industrial","robots":{"index":"index","follow":"follow","max-snippet":"max-snippet:-1","max-image-preview":"max-image-preview:large","max-video-preview":"max-video-preview:-1"},"canonical":"https:\/\/jbsy-china.com\/de\/produkt\/nuts-and-bolts-manufacturers-2\/","og_locale":"de_DE","og_type":"article","og_title":"Nuts and Bolts Manufacturers","og_description":"Standard Nuts and Bolts Description: Basic fasteners for general applications, available in various sizes and materials.    Materials: Steel, stainless steel, brass, aluminum.  Coatings: Zinc-plated, galvanized, black oxide for corrosion resistance.  Thread Types: Metric, UNC, UNF, and custom threads.  Applications: Construction, machinery, automotive.","og_url":"https:\/\/jbsy-china.com\/de\/produkt\/nuts-and-bolts-manufacturers-2\/","og_site_name":"Jingbang Industrial","article_modified_time":"2025-05-06T07:30:42+00:00","twitter_card":"summary_large_image","twitter_misc":{"Gesch\u00e4tzte Lesezeit":"3\u00a0Minuten"},"schema":{"@context":"https:\/\/schema.org","@graph":[{"@type":"WebPage","@id":"https:\/\/jbsy-china.com\/product\/nuts-and-bolts-manufacturers-2\/","url":"https:\/\/jbsy-china.com\/product\/nuts-and-bolts-manufacturers-2\/","name":"Nuts and Bolts Manufacturers - Jingbang Industrial","isPartOf":{"@id":"https:\/\/jbsy-china.com\/#website"},"primaryImageOfPage":{"@id":"https:\/\/jbsy-china.com\/product\/nuts-and-bolts-manufacturers-2\/#primaryimage"},"image":{"@id":"https:\/\/jbsy-china.com\/product\/nuts-and-bolts-manufacturers-2\/#primaryimage"},"thumbnailUrl":"https:\/\/jbsy-china.com\/wp-content\/uploads\/2025\/05\/9f0de1845db8e101704c1cc666acad3.png","datePublished":"2025-05-06T07:29:49+00:00","dateModified":"2025-05-06T07:30:42+00:00","breadcrumb":{"@id":"https:\/\/jbsy-china.com\/product\/nuts-and-bolts-manufacturers-2\/#breadcrumb"},"inLanguage":"de","potentialAction":[{"@type":"ReadAction","target":["https:\/\/jbsy-china.com\/product\/nuts-and-bolts-manufacturers-2\/"]}]},{"@type":"ImageObject","inLanguage":"de","@id":"https:\/\/jbsy-china.com\/product\/nuts-and-bolts-manufacturers-2\/#primaryimage","url":"https:\/\/jbsy-china.com\/wp-content\/uploads\/2025\/05\/9f0de1845db8e101704c1cc666acad3.png","contentUrl":"https:\/\/jbsy-china.com\/wp-content\/uploads\/2025\/05\/9f0de1845db8e101704c1cc666acad3.png","width":800,"height":800},{"@type":"BreadcrumbList","@id":"https:\/\/jbsy-china.com\/product\/nuts-and-bolts-manufacturers-2\/#breadcrumb","itemListElement":[{"@type":"ListItem","position":1,"name":"Home","item":"https:\/\/jbsy-china.com\/"},{"@type":"ListItem","position":2,"name":"Products","item":"https:\/\/jbsy-china.com\/shop\/"},{"@type":"ListItem","position":3,"name":"Nuts and Bolts Manufacturers"}]},{"@type":"WebSite","@id":"https:\/\/jbsy-china.com\/#website","url":"https:\/\/jbsy-china.com\/","name":"Jingbang Industrie","description":"Hersteller von Hardware und Elektronik","publisher":{"@id":"https:\/\/jbsy-china.com\/#organization"},"potentialAction":[{"@type":"SearchAction","target":{"@type":"EntryPoint","urlTemplate":"https:\/\/jbsy-china.com\/?s={search_term_string}"},"query-input":{"@type":"PropertyValueSpecification","valueRequired":true,"valueName":"search_term_string"}}],"inLanguage":"de"},{"@type":"Organization","@id":"https:\/\/jbsy-china.com\/#organization","name":"Jingbang Industrie","url":"https:\/\/jbsy-china.com\/","logo":{"@type":"ImageObject","inLanguage":"de","@id":"https:\/\/jbsy-china.com\/#\/schema\/logo\/image\/","url":"https:\/\/jbsy-china.com\/wp-content\/uploads\/2023\/11\/cropped-\u56fe\u5c42-1.png","contentUrl":"https:\/\/jbsy-china.com\/wp-content\/uploads\/2023\/11\/cropped-\u56fe\u5c42-1.png","width":1049,"height":739,"caption":"Jingbang Industrial"},"image":{"@id":"https:\/\/jbsy-china.com\/#\/schema\/logo\/image\/"}}]}},"_links":{"self":[{"href":"https:\/\/jbsy-china.com\/de\/wp-json\/wp\/v2\/product\/32934","targetHints":{"allow":["GET"]}}],"collection":[{"href":"https:\/\/jbsy-china.com\/de\/wp-json\/wp\/v2\/product"}],"about":[{"href":"https:\/\/jbsy-china.com\/de\/wp-json\/wp\/v2\/types\/product"}],"replies":[{"embeddable":true,"href":"https:\/\/jbsy-china.com\/de\/wp-json\/wp\/v2\/comments?post=32934"}],"wp:featuredmedia":[{"embeddable":true,"href":"https:\/\/jbsy-china.com\/de\/wp-json\/wp\/v2\/media\/33012"}],"wp:attachment":[{"href":"https:\/\/jbsy-china.com\/de\/wp-json\/wp\/v2\/media?parent=32934"}],"wp:term":[{"taxonomy":"product_brand","embeddable":true,"href":"https:\/\/jbsy-china.com\/de\/wp-json\/wp\/v2\/product_brand?post=32934"},{"taxonomy":"product_cat","embeddable":true,"href":"https:\/\/jbsy-china.com\/de\/wp-json\/wp\/v2\/product_cat?post=32934"},{"taxonomy":"product_tag","embeddable":true,"href":"https:\/\/jbsy-china.com\/de\/wp-json\/wp\/v2\/product_tag?post=32934"}],"curies":[{"name":"wp","href":"https:\/\/api.w.org\/{rel}","templated":true}]}}