{"id":32935,"date":"2025-05-06T07:29:49","date_gmt":"2025-05-06T07:29:49","guid":{"rendered":"https:\/\/jbsy-china.com\/?post_type=product&#038;p=32935"},"modified":"2025-05-09T06:52:13","modified_gmt":"2025-05-09T06:52:13","slug":"twelve-head-bolt-2","status":"publish","type":"product","link":"https:\/\/jbsy-china.com\/de\/produkt\/twelve-head-bolt-2\/","title":{"rendered":"Zw\u00f6lfkopfschraube"},"content":{"rendered":"<p><img fetchpriority=\"high\" decoding=\"async\" class=\"alignnone size-full wp-image-7978\" src=\"https:\/\/jb-bolt.com\/wp-content\/uploads\/2025\/02\/\u51b7\u9566\u8be6\u60c5\u9875_01.jpg\" alt=\"\" width=\"790\" height=\"329\" \/><img decoding=\"async\" class=\"alignnone size-full wp-image-7979\" src=\"https:\/\/jb-bolt.com\/wp-content\/uploads\/2025\/02\/\u51b7\u9566\u8be6\u60c5\u9875_02.jpg\" alt=\"\" width=\"790\" height=\"981\" \/><img decoding=\"async\" class=\"alignnone size-full wp-image-7980\" src=\"https:\/\/jb-bolt.com\/wp-content\/uploads\/2025\/02\/\u51b7\u9566\u8be6\u60c5\u9875_03.jpg\" alt=\"\" width=\"790\" height=\"740\" \/><img loading=\"lazy\" decoding=\"async\" class=\"alignnone size-full wp-image-7981\" src=\"https:\/\/jb-bolt.com\/wp-content\/uploads\/2025\/02\/\u51b7\u9566\u8be6\u60c5\u9875_04.jpg\" alt=\"\" width=\"790\" height=\"739\" \/><img loading=\"lazy\" decoding=\"async\" class=\"alignnone size-full wp-image-7983\" src=\"https:\/\/jb-bolt.com\/wp-content\/uploads\/2025\/02\/\u51b7\u9566\u8be6\u60c5\u9875_05_01.jpg\" alt=\"\" width=\"790\" height=\"677\" \/><\/p>\n<p><strong>Das Kaltstauchverfahren ist eines der neuen Verfahren f\u00fcr die Druckbearbeitung mit weniger oder gar keiner Zerspanung<\/strong><br \/>\n<strong>Es handelt sich um eine Verarbeitungsmethode, die die plastische Verformung von Metall unter der Einwirkung von<\/strong><br \/>\n<strong>\u00e4u\u00dfere Kr\u00e4fte, und mit Hilfe von Formen wird das Metallvolumen umverteilt und in die Form gebracht<\/strong><br \/>\n<strong>die gew\u00fcnschten Teile oder Rohlinge. Das Kaltstauchverfahren ist am besten geeignet f\u00fcr die Herstellung von Standard<\/strong><br \/>\n<strong>Verbindungselemente wie Bolzen, Schrauben, Muttern, Nieten, Stifte usw.<\/strong><\/p>\n<p><img loading=\"lazy\" decoding=\"async\" class=\"alignnone size-full wp-image-7985\" src=\"https:\/\/jb-bolt.com\/wp-content\/uploads\/2025\/02\/\u51b7\u9566\u8be6\u60c5\u9875_05_03.jpg\" alt=\"\" width=\"790\" height=\"603\" \/><img loading=\"lazy\" decoding=\"async\" class=\"alignnone size-full wp-image-7986\" src=\"https:\/\/jb-bolt.com\/wp-content\/uploads\/2025\/02\/\u51b7\u9566\u8be6\u60c5\u9875_06.jpg\" alt=\"\" width=\"790\" height=\"742\" \/><\/p>\n<p><a href=\"https:\/\/jb-bolt.com\/product-category\/flange-bolt\/\"><strong>Zw\u00f6lf Kopfbolzen<\/strong><\/a> sind eine Art von Befestigungselementen mit einem zw\u00f6lfeckigen Kopf, der einen sichereren und pr\u00e4ziseren Sitz f\u00fcr Anwendungen mit hohen Drehmomenten bietet. Diese Schrauben werden h\u00e4ufig in anspruchsvollen Umgebungen verwendet, in denen herk\u00f6mmliche Sechskantschrauben m\u00f6glicherweise nicht das erforderliche Leistungsniveau bieten.<\/p>\n<h3 data-start=\"0\" data-end=\"48\"><strong data-start=\"4\" data-end=\"48\">Zw\u00f6lfkopfbolzen - Produkteinf\u00fchrung<\/strong><\/h3>\n<p data-start=\"50\" data-end=\"383\"><strong data-start=\"50\" data-end=\"71\">Zw\u00f6lfkopfschraube<\/strong>\u00a0sind Verbindungselemente mit einem einzigartigen zw\u00f6lfeckigen Kopfdesign, das mehrere Greifpunkte bietet, wodurch sie sich ideal f\u00fcr Anwendungen eignen, die ein h\u00f6heres Drehmoment oder eine einfachere Montage\/Demontage auf engem Raum erfordern. Diese Schrauben werden typischerweise in Hochleistungsmaschinen, Automobilen und industriellen Anwendungen eingesetzt.<\/p>\n<hr data-start=\"385\" data-end=\"388\" \/>\n<h3 data-start=\"390\" data-end=\"411\"><strong data-start=\"394\" data-end=\"410\">Wesentliche Merkmale<\/strong>:<\/h3>\n<ul data-start=\"412\" data-end=\"862\">\n<li data-start=\"412\" data-end=\"523\"><strong data-start=\"414\" data-end=\"435\">Zw\u00f6lfseitiger Kopf<\/strong>: Erm\u00f6glicht einen besseren Halt der Werkzeuge, verbessert die Anwendung des Drehmoments und verringert das Abrutschen.<\/li>\n<li data-start=\"524\" data-end=\"649\"><strong data-start=\"526\" data-end=\"552\">Hoher Drehmomentwiderstand<\/strong>: Entwickelt f\u00fcr schwere Anwendungen, die eine starke Befestigung und Widerstandsf\u00e4higkeit gegen L\u00f6sen erfordern.<\/li>\n<li data-start=\"650\" data-end=\"742\"><strong data-start=\"652\" data-end=\"666\">Dauerhaftigkeit<\/strong>: Hergestellt aus hochfesten Materialien wie Kohlenstoffstahl oder Edelstahl.<\/li>\n<li data-start=\"743\" data-end=\"862\"><strong data-start=\"745\" data-end=\"768\">Korrosionsbest\u00e4ndig<\/strong>: H\u00e4ufig mit Beschichtungen wie Zink oder schwarzem Oxid zum Schutz vor Rost und Verschlei\u00df erh\u00e4ltlich.<\/li>\n<\/ul>\n<hr data-start=\"864\" data-end=\"867\" \/>\n<h3 data-start=\"869\" data-end=\"890\"><strong data-start=\"873\" data-end=\"889\">Anwendungen<\/strong>:<\/h3>\n<ul data-start=\"891\" data-end=\"1217\">\n<li data-start=\"891\" data-end=\"955\"><strong data-start=\"893\" data-end=\"907\">Automobilindustrie<\/strong>: Wird in der Motorenmontage und in stark beanspruchten Bereichen eingesetzt.<\/li>\n<li data-start=\"956\" data-end=\"1029\"><strong data-start=\"958\" data-end=\"982\">Industrielle Ausr\u00fcstung<\/strong>: In Schwermaschinen und Fertigungssystemen.<\/li>\n<li data-start=\"1030\" data-end=\"1123\"><strong data-start=\"1032\" data-end=\"1045\">Luft- und Raumfahrt<\/strong>: Sichere Befestigung von Flugzeugteilen, die Pr\u00e4zision und ein hohes Drehmoment erfordern.<\/li>\n<li data-start=\"1124\" data-end=\"1217\"><strong data-start=\"1126\" data-end=\"1142\">Bauwesen<\/strong>: Geeignet f\u00fcr Bauteile, die sicher und mit hohem Drehmoment befestigt werden m\u00fcssen.<\/li>\n<\/ul>","protected":false},"excerpt":{"rendered":"<h5 data-start=\"390\" data-end=\"411\"><strong data-start=\"394\" data-end=\"410\">Wesentliche Merkmale<\/strong>:<\/h5>\n<ul data-start=\"412\" data-end=\"862\">\n<li data-start=\"412\" data-end=\"523\"><strong data-start=\"414\" data-end=\"435\">Zw\u00f6lfseitiger Kopf<\/strong>: Erm\u00f6glicht einen besseren Halt der Werkzeuge, verbessert die Anwendung des Drehmoments und verringert das Abrutschen.<\/li>\n<li data-start=\"524\" data-end=\"649\"><strong data-start=\"526\" data-end=\"552\">Hoher Drehmomentwiderstand<\/strong>: Entwickelt f\u00fcr schwere Anwendungen, die eine starke Befestigung und Widerstandsf\u00e4higkeit gegen L\u00f6sen erfordern.<\/li>\n<li data-start=\"650\" data-end=\"742\"><strong data-start=\"652\" data-end=\"666\">Dauerhaftigkeit<\/strong>: Hergestellt aus hochfesten Materialien wie Kohlenstoffstahl oder Edelstahl.<\/li>\n<li data-start=\"743\" data-end=\"862\"><strong data-start=\"745\" data-end=\"768\">Korrosionsbest\u00e4ndig<\/strong>: H\u00e4ufig mit Beschichtungen wie Zink oder schwarzem Oxid zum Schutz vor Rost und Verschlei\u00df erh\u00e4ltlich.<\/li>\n<\/ul>","protected":false},"featured_media":33019,"comment_status":"open","ping_status":"closed","template":"","meta":{"site-sidebar-layout":"default","site-content-layout":"","ast-site-content-layout":"default","site-content-style":"default","site-sidebar-style":"default","ast-global-header-display":"","ast-banner-title-visibility":"","ast-main-header-display":"","ast-hfb-above-header-display":"","ast-hfb-below-header-display":"","ast-hfb-mobile-header-display":"","site-post-title":"","ast-breadcrumbs-content":"","ast-featured-img":"","footer-sml-layout":"","ast-disable-related-posts":"","theme-transparent-header-meta":"","adv-header-id-meta":"","stick-header-meta":"","header-above-stick-meta":"","header-main-stick-meta":"","header-below-stick-meta":"","astra-migrate-meta-layouts":"default","ast-page-background-enabled":"default","ast-page-background-meta":{"desktop":{"background-color":"var(--ast-global-color-4)","background-image":"","background-repeat":"repeat","background-position":"center center","background-size":"auto","background-attachment":"scroll","background-type":"","background-media":"","overlay-type":"","overlay-color":"","overlay-opacity":"","overlay-gradient":""},"tablet":{"background-color":"","background-image":"","background-repeat":"repeat","background-position":"center center","background-size":"auto","background-attachment":"scroll","background-type":"","background-media":"","overlay-type":"","overlay-color":"","overlay-opacity":"","overlay-gradient":""},"mobile":{"background-color":"","background-image":"","background-repeat":"repeat","background-position":"center center","background-size":"auto","background-attachment":"scroll","background-type":"","background-media":"","overlay-type":"","overlay-color":"","overlay-opacity":"","overlay-gradient":""}},"ast-content-background-meta":{"desktop":{"background-color":"var(--ast-global-color-5)","background-image":"","background-repeat":"repeat","background-position":"center center","background-size":"auto","background-attachment":"scroll","background-type":"","background-media":"","overlay-type":"","overlay-color":"","overlay-opacity":"","overlay-gradient":""},"tablet":{"background-color":"var(--ast-global-color-5)","background-image":"","background-repeat":"repeat","background-position":"center center","background-size":"auto","background-attachment":"scroll","background-type":"","background-media":"","overlay-type":"","overlay-color":"","overlay-opacity":"","overlay-gradient":""},"mobile":{"background-color":"var(--ast-global-color-5)","background-image":"","background-repeat":"repeat","background-position":"center center","background-size":"auto","background-attachment":"scroll","background-type":"","background-media":"","overlay-type":"","overlay-color":"","overlay-opacity":"","overlay-gradient":""}},"_themeisle_gutenberg_block_has_review":false,"_ti_tpc_template_sync":false,"_ti_tpc_template_id":""},"product_brand":[],"product_cat":[1273],"product_tag":[1245,1246,1247],"class_list":{"0":"post-32935","1":"product","2":"type-product","3":"status-publish","4":"has-post-thumbnail","6":"product_cat-12-point-bolt","7":"product_tag-12-point-bolts","8":"product_tag-12-point-fasteners","9":"product_tag-twelve-flanged-bolts","10":"desktop-align-left","11":"tablet-align-left","12":"mobile-align-left","13":"ast-product-gallery-layout-horizontal-slider","14":"ast-product-tabs-layout-horizontal","15":"ast-qv-on-image","17":"first","18":"instock","19":"shipping-taxable","20":"product-type-simple"},"yoast_head":"<!-- This site is optimized with the Yoast SEO Premium plugin v21.7 (Yoast SEO v25.7) - https:\/\/yoast.com\/wordpress\/plugins\/seo\/ -->\n<title>Twelve head bolt - Jingbang Industrial<\/title>\n<meta name=\"robots\" content=\"index, follow, max-snippet:-1, max-image-preview:large, max-video-preview:-1\" \/>\n<link rel=\"canonical\" href=\"https:\/\/jbsy-china.com\/de\/produkt\/twelve-head-bolt-2\/\" \/>\n<meta property=\"og:locale\" content=\"de_DE\" \/>\n<meta property=\"og:type\" content=\"article\" \/>\n<meta property=\"og:title\" content=\"Twelve head bolt\" \/>\n<meta property=\"og:description\" content=\"Key Features:   Twelve-Sided Head: Allows for better grip with tools, improving torque application and reducing slipping.  High Torque Resistance: Designed for heavy-duty applications that require strong fastening and resistance to loosening.  Durability: Made from high-strength materials such as carbon steel or stainless steel.  Corrosion-Resistant: Often available with coatings like zinc or black oxide for protection against rust and wear.\" \/>\n<meta property=\"og:url\" content=\"https:\/\/jbsy-china.com\/de\/produkt\/twelve-head-bolt-2\/\" \/>\n<meta property=\"og:site_name\" content=\"Jingbang Industrial\" \/>\n<meta property=\"article:modified_time\" content=\"2025-05-09T06:52:13+00:00\" \/>\n<meta property=\"og:image\" content=\"http:\/\/jbsy-china.com\/wp-content\/uploads\/2025\/05\/8140f8e2935d58f3b5ae17c237c3043.png\" \/>\n\t<meta property=\"og:image:width\" content=\"800\" \/>\n\t<meta property=\"og:image:height\" content=\"800\" \/>\n\t<meta property=\"og:image:type\" content=\"image\/png\" \/>\n<meta name=\"twitter:card\" content=\"summary_large_image\" \/>\n<meta name=\"twitter:label1\" content=\"Gesch\u00e4tzte Lesezeit\" \/>\n\t<meta name=\"twitter:data1\" content=\"1\u00a0Minute\" \/>\n<script type=\"application\/ld+json\" class=\"yoast-schema-graph\">{\"@context\":\"https:\/\/schema.org\",\"@graph\":[{\"@type\":\"WebPage\",\"@id\":\"https:\/\/jbsy-china.com\/product\/twelve-head-bolt-2\/\",\"url\":\"https:\/\/jbsy-china.com\/product\/twelve-head-bolt-2\/\",\"name\":\"Twelve head bolt - Jingbang Industrial\",\"isPartOf\":{\"@id\":\"https:\/\/jbsy-china.com\/#website\"},\"primaryImageOfPage\":{\"@id\":\"https:\/\/jbsy-china.com\/product\/twelve-head-bolt-2\/#primaryimage\"},\"image\":{\"@id\":\"https:\/\/jbsy-china.com\/product\/twelve-head-bolt-2\/#primaryimage\"},\"thumbnailUrl\":\"https:\/\/jbsy-china.com\/wp-content\/uploads\/2025\/05\/8140f8e2935d58f3b5ae17c237c3043.png\",\"datePublished\":\"2025-05-06T07:29:49+00:00\",\"dateModified\":\"2025-05-09T06:52:13+00:00\",\"breadcrumb\":{\"@id\":\"https:\/\/jbsy-china.com\/product\/twelve-head-bolt-2\/#breadcrumb\"},\"inLanguage\":\"de\",\"potentialAction\":[{\"@type\":\"ReadAction\",\"target\":[\"https:\/\/jbsy-china.com\/product\/twelve-head-bolt-2\/\"]}]},{\"@type\":\"ImageObject\",\"inLanguage\":\"de\",\"@id\":\"https:\/\/jbsy-china.com\/product\/twelve-head-bolt-2\/#primaryimage\",\"url\":\"https:\/\/jbsy-china.com\/wp-content\/uploads\/2025\/05\/8140f8e2935d58f3b5ae17c237c3043.png\",\"contentUrl\":\"https:\/\/jbsy-china.com\/wp-content\/uploads\/2025\/05\/8140f8e2935d58f3b5ae17c237c3043.png\",\"width\":800,\"height\":800},{\"@type\":\"BreadcrumbList\",\"@id\":\"https:\/\/jbsy-china.com\/product\/twelve-head-bolt-2\/#breadcrumb\",\"itemListElement\":[{\"@type\":\"ListItem\",\"position\":1,\"name\":\"Home\",\"item\":\"https:\/\/jbsy-china.com\/\"},{\"@type\":\"ListItem\",\"position\":2,\"name\":\"Products\",\"item\":\"https:\/\/jbsy-china.com\/shop\/\"},{\"@type\":\"ListItem\",\"position\":3,\"name\":\"Twelve head bolt\"}]},{\"@type\":\"WebSite\",\"@id\":\"https:\/\/jbsy-china.com\/#website\",\"url\":\"https:\/\/jbsy-china.com\/\",\"name\":\"Jingbang Industrial\",\"description\":\"Hardware and electronics manufacturer\",\"publisher\":{\"@id\":\"https:\/\/jbsy-china.com\/#organization\"},\"potentialAction\":[{\"@type\":\"SearchAction\",\"target\":{\"@type\":\"EntryPoint\",\"urlTemplate\":\"https:\/\/jbsy-china.com\/?s={search_term_string}\"},\"query-input\":{\"@type\":\"PropertyValueSpecification\",\"valueRequired\":true,\"valueName\":\"search_term_string\"}}],\"inLanguage\":\"de\"},{\"@type\":\"Organization\",\"@id\":\"https:\/\/jbsy-china.com\/#organization\",\"name\":\"Jingbang Industrial\",\"url\":\"https:\/\/jbsy-china.com\/\",\"logo\":{\"@type\":\"ImageObject\",\"inLanguage\":\"de\",\"@id\":\"https:\/\/jbsy-china.com\/#\/schema\/logo\/image\/\",\"url\":\"https:\/\/jbsy-china.com\/wp-content\/uploads\/2023\/11\/cropped-\u56fe\u5c42-1.png\",\"contentUrl\":\"https:\/\/jbsy-china.com\/wp-content\/uploads\/2023\/11\/cropped-\u56fe\u5c42-1.png\",\"width\":1049,\"height\":739,\"caption\":\"Jingbang Industrial\"},\"image\":{\"@id\":\"https:\/\/jbsy-china.com\/#\/schema\/logo\/image\/\"}}]}<\/script>\n<!-- \/ Yoast SEO Premium plugin. -->","yoast_head_json":{"title":"Twelve head bolt - Jingbang Industrial","robots":{"index":"index","follow":"follow","max-snippet":"max-snippet:-1","max-image-preview":"max-image-preview:large","max-video-preview":"max-video-preview:-1"},"canonical":"https:\/\/jbsy-china.com\/de\/produkt\/twelve-head-bolt-2\/","og_locale":"de_DE","og_type":"article","og_title":"Twelve head bolt","og_description":"Key Features:   Twelve-Sided Head: Allows for better grip with tools, improving torque application and reducing slipping.  High Torque Resistance: Designed for heavy-duty applications that require strong fastening and resistance to loosening.  Durability: Made from high-strength materials such as carbon steel or stainless steel.  Corrosion-Resistant: Often available with coatings like zinc or black oxide for protection against rust and wear.","og_url":"https:\/\/jbsy-china.com\/de\/produkt\/twelve-head-bolt-2\/","og_site_name":"Jingbang Industrial","article_modified_time":"2025-05-09T06:52:13+00:00","og_image":[{"width":800,"height":800,"url":"http:\/\/jbsy-china.com\/wp-content\/uploads\/2025\/05\/8140f8e2935d58f3b5ae17c237c3043.png","type":"image\/png"}],"twitter_card":"summary_large_image","twitter_misc":{"Gesch\u00e4tzte Lesezeit":"1\u00a0Minute"},"schema":{"@context":"https:\/\/schema.org","@graph":[{"@type":"WebPage","@id":"https:\/\/jbsy-china.com\/product\/twelve-head-bolt-2\/","url":"https:\/\/jbsy-china.com\/product\/twelve-head-bolt-2\/","name":"Twelve head bolt - Jingbang Industrial","isPartOf":{"@id":"https:\/\/jbsy-china.com\/#website"},"primaryImageOfPage":{"@id":"https:\/\/jbsy-china.com\/product\/twelve-head-bolt-2\/#primaryimage"},"image":{"@id":"https:\/\/jbsy-china.com\/product\/twelve-head-bolt-2\/#primaryimage"},"thumbnailUrl":"https:\/\/jbsy-china.com\/wp-content\/uploads\/2025\/05\/8140f8e2935d58f3b5ae17c237c3043.png","datePublished":"2025-05-06T07:29:49+00:00","dateModified":"2025-05-09T06:52:13+00:00","breadcrumb":{"@id":"https:\/\/jbsy-china.com\/product\/twelve-head-bolt-2\/#breadcrumb"},"inLanguage":"de","potentialAction":[{"@type":"ReadAction","target":["https:\/\/jbsy-china.com\/product\/twelve-head-bolt-2\/"]}]},{"@type":"ImageObject","inLanguage":"de","@id":"https:\/\/jbsy-china.com\/product\/twelve-head-bolt-2\/#primaryimage","url":"https:\/\/jbsy-china.com\/wp-content\/uploads\/2025\/05\/8140f8e2935d58f3b5ae17c237c3043.png","contentUrl":"https:\/\/jbsy-china.com\/wp-content\/uploads\/2025\/05\/8140f8e2935d58f3b5ae17c237c3043.png","width":800,"height":800},{"@type":"BreadcrumbList","@id":"https:\/\/jbsy-china.com\/product\/twelve-head-bolt-2\/#breadcrumb","itemListElement":[{"@type":"ListItem","position":1,"name":"Home","item":"https:\/\/jbsy-china.com\/"},{"@type":"ListItem","position":2,"name":"Products","item":"https:\/\/jbsy-china.com\/shop\/"},{"@type":"ListItem","position":3,"name":"Twelve head bolt"}]},{"@type":"WebSite","@id":"https:\/\/jbsy-china.com\/#website","url":"https:\/\/jbsy-china.com\/","name":"Jingbang Industrie","description":"Hersteller von Hardware und Elektronik","publisher":{"@id":"https:\/\/jbsy-china.com\/#organization"},"potentialAction":[{"@type":"SearchAction","target":{"@type":"EntryPoint","urlTemplate":"https:\/\/jbsy-china.com\/?s={search_term_string}"},"query-input":{"@type":"PropertyValueSpecification","valueRequired":true,"valueName":"search_term_string"}}],"inLanguage":"de"},{"@type":"Organization","@id":"https:\/\/jbsy-china.com\/#organization","name":"Jingbang Industrie","url":"https:\/\/jbsy-china.com\/","logo":{"@type":"ImageObject","inLanguage":"de","@id":"https:\/\/jbsy-china.com\/#\/schema\/logo\/image\/","url":"https:\/\/jbsy-china.com\/wp-content\/uploads\/2023\/11\/cropped-\u56fe\u5c42-1.png","contentUrl":"https:\/\/jbsy-china.com\/wp-content\/uploads\/2023\/11\/cropped-\u56fe\u5c42-1.png","width":1049,"height":739,"caption":"Jingbang Industrial"},"image":{"@id":"https:\/\/jbsy-china.com\/#\/schema\/logo\/image\/"}}]}},"_links":{"self":[{"href":"https:\/\/jbsy-china.com\/de\/wp-json\/wp\/v2\/product\/32935","targetHints":{"allow":["GET"]}}],"collection":[{"href":"https:\/\/jbsy-china.com\/de\/wp-json\/wp\/v2\/product"}],"about":[{"href":"https:\/\/jbsy-china.com\/de\/wp-json\/wp\/v2\/types\/product"}],"replies":[{"embeddable":true,"href":"https:\/\/jbsy-china.com\/de\/wp-json\/wp\/v2\/comments?post=32935"}],"wp:featuredmedia":[{"embeddable":true,"href":"https:\/\/jbsy-china.com\/de\/wp-json\/wp\/v2\/media\/33019"}],"wp:attachment":[{"href":"https:\/\/jbsy-china.com\/de\/wp-json\/wp\/v2\/media?parent=32935"}],"wp:term":[{"taxonomy":"product_brand","embeddable":true,"href":"https:\/\/jbsy-china.com\/de\/wp-json\/wp\/v2\/product_brand?post=32935"},{"taxonomy":"product_cat","embeddable":true,"href":"https:\/\/jbsy-china.com\/de\/wp-json\/wp\/v2\/product_cat?post=32935"},{"taxonomy":"product_tag","embeddable":true,"href":"https:\/\/jbsy-china.com\/de\/wp-json\/wp\/v2\/product_tag?post=32935"}],"curies":[{"name":"wp","href":"https:\/\/api.w.org\/{rel}","templated":true}]}}