{"id":32936,"date":"2025-05-06T07:29:49","date_gmt":"2025-05-06T07:29:49","guid":{"rendered":"https:\/\/jbsy-china.com\/?post_type=product&#038;p=32936"},"modified":"2025-05-09T06:52:56","modified_gmt":"2025-05-09T06:52:56","slug":"tamper-resistant-bolts-and-nuts-2","status":"publish","type":"product","link":"https:\/\/jbsy-china.com\/de\/produkt\/tamper-resistant-bolts-and-nuts-2\/","title":{"rendered":"Manipulationssichere Schrauben und Muttern"},"content":{"rendered":"<p><img fetchpriority=\"high\" decoding=\"async\" class=\"alignnone size-full wp-image-7963\" src=\"https:\/\/jb-bolt.com\/wp-content\/uploads\/2025\/02\/\u4e3b\u63a8-\u9632\u76d7\u87ba\u6bcd_01.jpg\" alt=\"\" width=\"790\" height=\"1330\" \/><img decoding=\"async\" class=\"alignnone size-full wp-image-7964\" src=\"https:\/\/jb-bolt.com\/wp-content\/uploads\/2025\/02\/\u4e3b\u63a8-\u9632\u76d7\u87ba\u6bcd_02.jpg\" alt=\"\" width=\"790\" height=\"930\" \/><img decoding=\"async\" class=\"alignnone size-full wp-image-7965\" src=\"https:\/\/jb-bolt.com\/wp-content\/uploads\/2025\/02\/\u4e3b\u63a8-\u9632\u76d7\u87ba\u6bcd_03.jpg\" alt=\"\" width=\"790\" height=\"1060\" \/><img loading=\"lazy\" decoding=\"async\" class=\"alignnone size-full wp-image-7966\" src=\"https:\/\/jb-bolt.com\/wp-content\/uploads\/2025\/02\/\u4e3b\u63a8-\u9632\u76d7\u87ba\u6bcd_04.jpg\" alt=\"\" width=\"790\" height=\"850\" \/><\/p>\n<p><strong>Das Befestigen und \u00d6ffnen von Schrauben und Muttern ist nicht standardisiert, und die passende<\/strong><br \/>\n<strong>Zur L\u00f6sung der \u00d6ffnungs- und Befestigungsprobleme werden nicht genormte Werkzeuge verwendet. Im Allgemeinen werden andere<\/strong><br \/>\n<strong>Schraubenschl\u00fcssel k\u00f6nnen nicht eingesetzt werden. Bei der Gestaltung des Aussehens von Schrauben und Muttern sind nicht genormte Schlitzungen<\/strong><br \/>\n<strong>\u00f6ffnende oder f\u00fcnfeckige, siebeneckige, neuneckige oder speziell angefertigte entsprechende Nutwerkzeuge<\/strong><br \/>\n<strong>haben eine sehr gute Anti-Diebstahl-Wirkung gespielt<\/strong><\/p>\n<p><img loading=\"lazy\" decoding=\"async\" class=\"alignnone size-full wp-image-7968\" src=\"https:\/\/jb-bolt.com\/wp-content\/uploads\/2025\/02\/\u4e3b\u63a8-\u9632\u76d7\u87ba\u6bcd_06.jpg\" alt=\"\" width=\"790\" height=\"690\" \/><\/p>\n<p><strong>Das Kaltstauchverfahren ist eines der neuen Verfahren f\u00fcr die Druckbearbeitung mit weniger oder gar keiner Zerspanung<\/strong><br \/>\n<strong>Es handelt sich um eine Verarbeitungsmethode, die die plastische Verformung von Metall unter der Einwirkung von<\/strong><br \/>\n<strong>\u00e4u\u00dfere Kr\u00e4fte, und mit Hilfe von Formen wird das Metallvolumen umverteilt und in die Form gebracht<\/strong><br \/>\n<strong>die gew\u00fcnschten Teile oder Rohlinge. Das Kaltstauchverfahren ist am besten geeignet f\u00fcr die Herstellung von Standard<\/strong><br \/>\n<strong>Verbindungselemente wie Bolzen, Schrauben, Muttern, Nieten, Stifte usw.<\/strong><\/p>\n<p><img loading=\"lazy\" decoding=\"async\" class=\"alignnone size-full wp-image-7970\" src=\"https:\/\/jb-bolt.com\/wp-content\/uploads\/2025\/02\/\u4e3b\u63a8-\u9632\u76d7\u87ba\u6bcd_08.jpg\" alt=\"\" width=\"790\" height=\"590\" \/><img loading=\"lazy\" decoding=\"async\" class=\"alignnone size-full wp-image-7971\" src=\"https:\/\/jb-bolt.com\/wp-content\/uploads\/2025\/02\/\u4e3b\u63a8-\u9632\u76d7\u87ba\u6bcd_09.jpg\" alt=\"\" width=\"790\" height=\"720\" \/><\/p>\n<p><strong>Manipulationssicher <a href=\"https:\/\/jb-bolt.com\/product-category\/more-fastener\/\">Bolzen und Muttern<\/a><\/strong>\u00a0sind spezielle Verschl\u00fcsse, die eine unbefugte Entfernung oder Manipulation verhindern sollen. Sie werden h\u00e4ufig in Anwendungen eingesetzt, bei denen es auf Sicherheit, Schutz oder Vandalismusschutz ankommt. Diese Verschl\u00fcsse verf\u00fcgen \u00fcber einzigartige Konstruktionen oder Mechanismen, die es schwierig machen, sie ohne die richtigen Werkzeuge oder Kenntnisse zu entfernen.<\/p>\n<h3 data-start=\"337\" data-end=\"361\">Wesentliche Merkmale:<\/h3>\n<ol data-start=\"362\" data-end=\"2214\">\n<li data-start=\"362\" data-end=\"1145\"><strong data-start=\"365\" data-end=\"389\">Einzigartige Antriebskonzepte<\/strong>:\n<ul data-start=\"395\" data-end=\"1145\">\n<li data-start=\"395\" data-end=\"659\">Manipulationssichere Schrauben und Muttern weisen in der Regel nicht standardisierte Antriebsmuster auf, f\u00fcr deren Montage oder Demontage ein Spezialwerkzeug oder Schl\u00fcssel erforderlich ist. Diese Antriebsmuster sind bei Standardwerkzeugen nicht \u00fcblich, was es f\u00fcr Unbefugte schwierig macht, sie zu manipulieren.<\/li>\n<li data-start=\"663\" data-end=\"1145\">Beispiele f\u00fcr Antriebskonstruktionen sind:\n<ul data-start=\"705\" data-end=\"1145\">\n<li data-start=\"705\" data-end=\"796\"><strong data-start=\"707\" data-end=\"722\">Pin-in-Loch<\/strong>: Ein zentraler Stift im Schraubenkopf, der einen entsprechenden Mitnehmer ben\u00f6tigt.<\/li>\n<li data-start=\"802\" data-end=\"905\"><strong data-start=\"804\" data-end=\"820\">Sechskant mit Stift<\/strong>: Eine sechseckige Form mit einem zentralen Stift, der verhindert, dass normale Sechskantschl\u00fcssel funktionieren.<\/li>\n<li data-start=\"911\" data-end=\"1016\"><strong data-start=\"913\" data-end=\"942\">Einseitiges oder umgekehrtes Gewinde<\/strong>: Diese Schrauben k\u00f6nnen ohne Spezialwerkzeug nur angezogen, nicht gel\u00f6st werden.<\/li>\n<li data-start=\"1022\" data-end=\"1141\"><strong data-start=\"1024\" data-end=\"1049\">Schraubenschl\u00fcssel oder Snake-Eyes<\/strong>: Zwei kleine, einander gegen\u00fcberliegende L\u00f6cher im Schraubenkopf oder in der Mutter, die ein Spezialwerkzeug erfordern.<\/li>\n<\/ul>\n<\/li>\n<\/ul>\n<\/li>\n<li data-start=\"1146\" data-end=\"1397\"><strong data-start=\"1149\" data-end=\"1182\">Korrosionsbest\u00e4ndige Materialien<\/strong>:\n<ul data-start=\"1187\" data-end=\"1397\">\n<li data-start=\"1187\" data-end=\"1393\">Viele manipulationssichere Schrauben und Muttern bestehen aus hochfesten, korrosionsbest\u00e4ndigen Materialien wie Edelstahl oder sind mit einer Korrosionsschutzbeschichtung versehen, die eine lange Lebensdauer auch in rauen Umgebungen gew\u00e4hrleistet.<\/li>\n<\/ul>\n<\/li>\n<li data-start=\"1398\" data-end=\"1643\"><strong data-start=\"1401\" data-end=\"1422\">Sicherheitsmerkmale<\/strong>:\n<ul data-start=\"1427\" data-end=\"1643\">\n<li data-start=\"1427\" data-end=\"1639\">Sie sind oft so konstruiert, dass sie mit Werkzeugen wie Schraubenschl\u00fcsseln, Zangen oder Schraubendrehern nicht manipuliert werden k\u00f6nnen. Einige Modelle verf\u00fcgen \u00fcber zus\u00e4tzliche Merkmale wie Verriegelungsmechanismen oder unverlierbare Muttern, die das Befestigungselement zus\u00e4tzlich sichern.<\/li>\n<\/ul>\n<\/li>\n<\/ol>\n<p>Manipulationssichere Schrauben und Muttern sind in Umgebungen unverzichtbar, in denen Standardbefestigungselemente leicht entfernt oder besch\u00e4digt werden k\u00f6nnen, und bieten zus\u00e4tzlichen Schutz und Sicherheit.<\/p>","protected":false},"excerpt":{"rendered":"<h5 data-start=\"222\" data-end=\"243\"><strong data-start=\"226\" data-end=\"242\">Wesentliche Merkmale<\/strong>:<\/h5>\n<ul data-start=\"244\" data-end=\"448\">\n<li data-start=\"244\" data-end=\"313\"><strong data-start=\"246\" data-end=\"265\">Sicherheitsdesign<\/strong>: Spezielle K\u00f6pfe oder Gewinde erfordern spezielle Werkzeuge.<\/li>\n<li data-start=\"314\" data-end=\"387\"><strong data-start=\"316\" data-end=\"330\">Dauerhaftigkeit<\/strong>: Hergestellt aus hochfesten, korrosionsbest\u00e4ndigen Materialien.<\/li>\n<li data-start=\"388\" data-end=\"448\"><strong data-start=\"390\" data-end=\"412\">Vielfalt der Designs<\/strong>: Zentrierstifte, Einwegk\u00f6pfe, usw.<\/li>\n<\/ul>","protected":false},"featured_media":33026,"comment_status":"open","ping_status":"closed","template":"","meta":{"site-sidebar-layout":"default","site-content-layout":"","ast-site-content-layout":"default","site-content-style":"default","site-sidebar-style":"default","ast-global-header-display":"","ast-banner-title-visibility":"","ast-main-header-display":"","ast-hfb-above-header-display":"","ast-hfb-below-header-display":"","ast-hfb-mobile-header-display":"","site-post-title":"","ast-breadcrumbs-content":"","ast-featured-img":"","footer-sml-layout":"","ast-disable-related-posts":"","theme-transparent-header-meta":"","adv-header-id-meta":"","stick-header-meta":"","header-above-stick-meta":"","header-main-stick-meta":"","header-below-stick-meta":"","astra-migrate-meta-layouts":"default","ast-page-background-enabled":"default","ast-page-background-meta":{"desktop":{"background-color":"var(--ast-global-color-4)","background-image":"","background-repeat":"repeat","background-position":"center center","background-size":"auto","background-attachment":"scroll","background-type":"","background-media":"","overlay-type":"","overlay-color":"","overlay-opacity":"","overlay-gradient":""},"tablet":{"background-color":"","background-image":"","background-repeat":"repeat","background-position":"center center","background-size":"auto","background-attachment":"scroll","background-type":"","background-media":"","overlay-type":"","overlay-color":"","overlay-opacity":"","overlay-gradient":""},"mobile":{"background-color":"","background-image":"","background-repeat":"repeat","background-position":"center center","background-size":"auto","background-attachment":"scroll","background-type":"","background-media":"","overlay-type":"","overlay-color":"","overlay-opacity":"","overlay-gradient":""}},"ast-content-background-meta":{"desktop":{"background-color":"var(--ast-global-color-5)","background-image":"","background-repeat":"repeat","background-position":"center center","background-size":"auto","background-attachment":"scroll","background-type":"","background-media":"","overlay-type":"","overlay-color":"","overlay-opacity":"","overlay-gradient":""},"tablet":{"background-color":"var(--ast-global-color-5)","background-image":"","background-repeat":"repeat","background-position":"center center","background-size":"auto","background-attachment":"scroll","background-type":"","background-media":"","overlay-type":"","overlay-color":"","overlay-opacity":"","overlay-gradient":""},"mobile":{"background-color":"var(--ast-global-color-5)","background-image":"","background-repeat":"repeat","background-position":"center center","background-size":"auto","background-attachment":"scroll","background-type":"","background-media":"","overlay-type":"","overlay-color":"","overlay-opacity":"","overlay-gradient":""}},"_themeisle_gutenberg_block_has_review":false,"_ti_tpc_template_sync":false,"_ti_tpc_template_id":""},"product_brand":[],"product_cat":[1263],"product_tag":[1243,1242,1244],"class_list":{"0":"post-32936","1":"product","2":"type-product","3":"status-publish","4":"has-post-thumbnail","6":"product_cat-more-fastener","7":"product_tag-anti-tamper-bolts-nuts","8":"product_tag-security-bolts-nuts","9":"product_tag-theft-resistant-bolts-nuts","10":"desktop-align-left","11":"tablet-align-left","12":"mobile-align-left","13":"ast-product-gallery-layout-horizontal-slider","14":"ast-product-tabs-layout-horizontal","15":"ast-qv-on-image","17":"first","18":"instock","19":"shipping-taxable","20":"product-type-simple"},"yoast_head":"<!-- This site is optimized with the Yoast SEO Premium plugin v21.7 (Yoast SEO v25.7) - https:\/\/yoast.com\/wordpress\/plugins\/seo\/ -->\n<title>Tamper-resistant bolts and nuts - Jingbang Industrial<\/title>\n<meta name=\"robots\" content=\"index, follow, max-snippet:-1, max-image-preview:large, max-video-preview:-1\" \/>\n<link rel=\"canonical\" href=\"https:\/\/jbsy-china.com\/de\/produkt\/tamper-resistant-bolts-and-nuts-2\/\" \/>\n<meta property=\"og:locale\" content=\"de_DE\" \/>\n<meta property=\"og:type\" content=\"article\" \/>\n<meta property=\"og:title\" content=\"Tamper-resistant bolts and nuts\" \/>\n<meta property=\"og:description\" content=\"Key Features:   Security Design: Special heads or threads require unique tools.  Durability: Made from high-strength, corrosion-resistant materials.  Variety of Designs: Pin-in-center, one-way heads, etc.\" \/>\n<meta property=\"og:url\" content=\"https:\/\/jbsy-china.com\/de\/produkt\/tamper-resistant-bolts-and-nuts-2\/\" \/>\n<meta property=\"og:site_name\" content=\"Jingbang Industrial\" \/>\n<meta property=\"article:modified_time\" content=\"2025-05-09T06:52:56+00:00\" \/>\n<meta property=\"og:image\" content=\"http:\/\/jbsy-china.com\/wp-content\/uploads\/2025\/05\/b67933ea982b8fb12c02b563c4e3fea.png\" \/>\n\t<meta property=\"og:image:width\" content=\"800\" \/>\n\t<meta property=\"og:image:height\" content=\"800\" \/>\n\t<meta property=\"og:image:type\" content=\"image\/png\" \/>\n<meta name=\"twitter:card\" content=\"summary_large_image\" \/>\n<meta name=\"twitter:label1\" content=\"Gesch\u00e4tzte Lesezeit\" \/>\n\t<meta name=\"twitter:data1\" content=\"2\u00a0Minuten\" \/>\n<script type=\"application\/ld+json\" class=\"yoast-schema-graph\">{\"@context\":\"https:\/\/schema.org\",\"@graph\":[{\"@type\":\"WebPage\",\"@id\":\"https:\/\/jbsy-china.com\/product\/tamper-resistant-bolts-and-nuts-2\/\",\"url\":\"https:\/\/jbsy-china.com\/product\/tamper-resistant-bolts-and-nuts-2\/\",\"name\":\"Tamper-resistant bolts and nuts - Jingbang Industrial\",\"isPartOf\":{\"@id\":\"https:\/\/jbsy-china.com\/#website\"},\"primaryImageOfPage\":{\"@id\":\"https:\/\/jbsy-china.com\/product\/tamper-resistant-bolts-and-nuts-2\/#primaryimage\"},\"image\":{\"@id\":\"https:\/\/jbsy-china.com\/product\/tamper-resistant-bolts-and-nuts-2\/#primaryimage\"},\"thumbnailUrl\":\"https:\/\/jbsy-china.com\/wp-content\/uploads\/2025\/05\/b67933ea982b8fb12c02b563c4e3fea.png\",\"datePublished\":\"2025-05-06T07:29:49+00:00\",\"dateModified\":\"2025-05-09T06:52:56+00:00\",\"breadcrumb\":{\"@id\":\"https:\/\/jbsy-china.com\/product\/tamper-resistant-bolts-and-nuts-2\/#breadcrumb\"},\"inLanguage\":\"de\",\"potentialAction\":[{\"@type\":\"ReadAction\",\"target\":[\"https:\/\/jbsy-china.com\/product\/tamper-resistant-bolts-and-nuts-2\/\"]}]},{\"@type\":\"ImageObject\",\"inLanguage\":\"de\",\"@id\":\"https:\/\/jbsy-china.com\/product\/tamper-resistant-bolts-and-nuts-2\/#primaryimage\",\"url\":\"https:\/\/jbsy-china.com\/wp-content\/uploads\/2025\/05\/b67933ea982b8fb12c02b563c4e3fea.png\",\"contentUrl\":\"https:\/\/jbsy-china.com\/wp-content\/uploads\/2025\/05\/b67933ea982b8fb12c02b563c4e3fea.png\",\"width\":800,\"height\":800},{\"@type\":\"BreadcrumbList\",\"@id\":\"https:\/\/jbsy-china.com\/product\/tamper-resistant-bolts-and-nuts-2\/#breadcrumb\",\"itemListElement\":[{\"@type\":\"ListItem\",\"position\":1,\"name\":\"Home\",\"item\":\"https:\/\/jbsy-china.com\/\"},{\"@type\":\"ListItem\",\"position\":2,\"name\":\"Products\",\"item\":\"https:\/\/jbsy-china.com\/shop\/\"},{\"@type\":\"ListItem\",\"position\":3,\"name\":\"Tamper-resistant bolts and nuts\"}]},{\"@type\":\"WebSite\",\"@id\":\"https:\/\/jbsy-china.com\/#website\",\"url\":\"https:\/\/jbsy-china.com\/\",\"name\":\"Jingbang Industrial\",\"description\":\"Hardware and electronics manufacturer\",\"publisher\":{\"@id\":\"https:\/\/jbsy-china.com\/#organization\"},\"potentialAction\":[{\"@type\":\"SearchAction\",\"target\":{\"@type\":\"EntryPoint\",\"urlTemplate\":\"https:\/\/jbsy-china.com\/?s={search_term_string}\"},\"query-input\":{\"@type\":\"PropertyValueSpecification\",\"valueRequired\":true,\"valueName\":\"search_term_string\"}}],\"inLanguage\":\"de\"},{\"@type\":\"Organization\",\"@id\":\"https:\/\/jbsy-china.com\/#organization\",\"name\":\"Jingbang Industrial\",\"url\":\"https:\/\/jbsy-china.com\/\",\"logo\":{\"@type\":\"ImageObject\",\"inLanguage\":\"de\",\"@id\":\"https:\/\/jbsy-china.com\/#\/schema\/logo\/image\/\",\"url\":\"https:\/\/jbsy-china.com\/wp-content\/uploads\/2023\/11\/cropped-\u56fe\u5c42-1.png\",\"contentUrl\":\"https:\/\/jbsy-china.com\/wp-content\/uploads\/2023\/11\/cropped-\u56fe\u5c42-1.png\",\"width\":1049,\"height\":739,\"caption\":\"Jingbang Industrial\"},\"image\":{\"@id\":\"https:\/\/jbsy-china.com\/#\/schema\/logo\/image\/\"}}]}<\/script>\n<!-- \/ Yoast SEO Premium plugin. -->","yoast_head_json":{"title":"Tamper-resistant bolts and nuts - Jingbang Industrial","robots":{"index":"index","follow":"follow","max-snippet":"max-snippet:-1","max-image-preview":"max-image-preview:large","max-video-preview":"max-video-preview:-1"},"canonical":"https:\/\/jbsy-china.com\/de\/produkt\/tamper-resistant-bolts-and-nuts-2\/","og_locale":"de_DE","og_type":"article","og_title":"Tamper-resistant bolts and nuts","og_description":"Key Features:   Security Design: Special heads or threads require unique tools.  Durability: Made from high-strength, corrosion-resistant materials.  Variety of Designs: Pin-in-center, one-way heads, etc.","og_url":"https:\/\/jbsy-china.com\/de\/produkt\/tamper-resistant-bolts-and-nuts-2\/","og_site_name":"Jingbang Industrial","article_modified_time":"2025-05-09T06:52:56+00:00","og_image":[{"width":800,"height":800,"url":"http:\/\/jbsy-china.com\/wp-content\/uploads\/2025\/05\/b67933ea982b8fb12c02b563c4e3fea.png","type":"image\/png"}],"twitter_card":"summary_large_image","twitter_misc":{"Gesch\u00e4tzte Lesezeit":"2\u00a0Minuten"},"schema":{"@context":"https:\/\/schema.org","@graph":[{"@type":"WebPage","@id":"https:\/\/jbsy-china.com\/product\/tamper-resistant-bolts-and-nuts-2\/","url":"https:\/\/jbsy-china.com\/product\/tamper-resistant-bolts-and-nuts-2\/","name":"Tamper-resistant bolts and nuts - Jingbang Industrial","isPartOf":{"@id":"https:\/\/jbsy-china.com\/#website"},"primaryImageOfPage":{"@id":"https:\/\/jbsy-china.com\/product\/tamper-resistant-bolts-and-nuts-2\/#primaryimage"},"image":{"@id":"https:\/\/jbsy-china.com\/product\/tamper-resistant-bolts-and-nuts-2\/#primaryimage"},"thumbnailUrl":"https:\/\/jbsy-china.com\/wp-content\/uploads\/2025\/05\/b67933ea982b8fb12c02b563c4e3fea.png","datePublished":"2025-05-06T07:29:49+00:00","dateModified":"2025-05-09T06:52:56+00:00","breadcrumb":{"@id":"https:\/\/jbsy-china.com\/product\/tamper-resistant-bolts-and-nuts-2\/#breadcrumb"},"inLanguage":"de","potentialAction":[{"@type":"ReadAction","target":["https:\/\/jbsy-china.com\/product\/tamper-resistant-bolts-and-nuts-2\/"]}]},{"@type":"ImageObject","inLanguage":"de","@id":"https:\/\/jbsy-china.com\/product\/tamper-resistant-bolts-and-nuts-2\/#primaryimage","url":"https:\/\/jbsy-china.com\/wp-content\/uploads\/2025\/05\/b67933ea982b8fb12c02b563c4e3fea.png","contentUrl":"https:\/\/jbsy-china.com\/wp-content\/uploads\/2025\/05\/b67933ea982b8fb12c02b563c4e3fea.png","width":800,"height":800},{"@type":"BreadcrumbList","@id":"https:\/\/jbsy-china.com\/product\/tamper-resistant-bolts-and-nuts-2\/#breadcrumb","itemListElement":[{"@type":"ListItem","position":1,"name":"Home","item":"https:\/\/jbsy-china.com\/"},{"@type":"ListItem","position":2,"name":"Products","item":"https:\/\/jbsy-china.com\/shop\/"},{"@type":"ListItem","position":3,"name":"Tamper-resistant bolts and nuts"}]},{"@type":"WebSite","@id":"https:\/\/jbsy-china.com\/#website","url":"https:\/\/jbsy-china.com\/","name":"Jingbang Industrie","description":"Hersteller von Hardware und Elektronik","publisher":{"@id":"https:\/\/jbsy-china.com\/#organization"},"potentialAction":[{"@type":"SearchAction","target":{"@type":"EntryPoint","urlTemplate":"https:\/\/jbsy-china.com\/?s={search_term_string}"},"query-input":{"@type":"PropertyValueSpecification","valueRequired":true,"valueName":"search_term_string"}}],"inLanguage":"de"},{"@type":"Organization","@id":"https:\/\/jbsy-china.com\/#organization","name":"Jingbang Industrie","url":"https:\/\/jbsy-china.com\/","logo":{"@type":"ImageObject","inLanguage":"de","@id":"https:\/\/jbsy-china.com\/#\/schema\/logo\/image\/","url":"https:\/\/jbsy-china.com\/wp-content\/uploads\/2023\/11\/cropped-\u56fe\u5c42-1.png","contentUrl":"https:\/\/jbsy-china.com\/wp-content\/uploads\/2023\/11\/cropped-\u56fe\u5c42-1.png","width":1049,"height":739,"caption":"Jingbang Industrial"},"image":{"@id":"https:\/\/jbsy-china.com\/#\/schema\/logo\/image\/"}}]}},"_links":{"self":[{"href":"https:\/\/jbsy-china.com\/de\/wp-json\/wp\/v2\/product\/32936","targetHints":{"allow":["GET"]}}],"collection":[{"href":"https:\/\/jbsy-china.com\/de\/wp-json\/wp\/v2\/product"}],"about":[{"href":"https:\/\/jbsy-china.com\/de\/wp-json\/wp\/v2\/types\/product"}],"replies":[{"embeddable":true,"href":"https:\/\/jbsy-china.com\/de\/wp-json\/wp\/v2\/comments?post=32936"}],"wp:featuredmedia":[{"embeddable":true,"href":"https:\/\/jbsy-china.com\/de\/wp-json\/wp\/v2\/media\/33026"}],"wp:attachment":[{"href":"https:\/\/jbsy-china.com\/de\/wp-json\/wp\/v2\/media?parent=32936"}],"wp:term":[{"taxonomy":"product_brand","embeddable":true,"href":"https:\/\/jbsy-china.com\/de\/wp-json\/wp\/v2\/product_brand?post=32936"},{"taxonomy":"product_cat","embeddable":true,"href":"https:\/\/jbsy-china.com\/de\/wp-json\/wp\/v2\/product_cat?post=32936"},{"taxonomy":"product_tag","embeddable":true,"href":"https:\/\/jbsy-china.com\/de\/wp-json\/wp\/v2\/product_tag?post=32936"}],"curies":[{"name":"wp","href":"https:\/\/api.w.org\/{rel}","templated":true}]}}