{"id":32938,"date":"2025-05-06T07:29:49","date_gmt":"2025-05-06T07:29:49","guid":{"rendered":"https:\/\/jbsy-china.com\/?post_type=product&#038;p=32938"},"modified":"2025-05-06T07:31:02","modified_gmt":"2025-05-06T07:31:02","slug":"safety-nut-2","status":"publish","type":"product","link":"https:\/\/jbsy-china.com\/de\/produkt\/safety-nut-2\/","title":{"rendered":"Sicherheitsmutter"},"content":{"rendered":"<p><img fetchpriority=\"high\" decoding=\"async\" class=\"alignnone size-full wp-image-7963\" src=\"https:\/\/jb-bolt.com\/wp-content\/uploads\/2025\/02\/\u4e3b\u63a8-\u9632\u76d7\u87ba\u6bcd_01.jpg\" alt=\"\" width=\"790\" height=\"1330\" \/><img decoding=\"async\" class=\"alignnone size-full wp-image-7964\" src=\"https:\/\/jb-bolt.com\/wp-content\/uploads\/2025\/02\/\u4e3b\u63a8-\u9632\u76d7\u87ba\u6bcd_02.jpg\" alt=\"\" width=\"790\" height=\"930\" \/><img decoding=\"async\" class=\"alignnone size-full wp-image-7965\" src=\"https:\/\/jb-bolt.com\/wp-content\/uploads\/2025\/02\/\u4e3b\u63a8-\u9632\u76d7\u87ba\u6bcd_03.jpg\" alt=\"\" width=\"790\" height=\"1060\" \/><img loading=\"lazy\" decoding=\"async\" class=\"alignnone size-full wp-image-7966\" src=\"https:\/\/jb-bolt.com\/wp-content\/uploads\/2025\/02\/\u4e3b\u63a8-\u9632\u76d7\u87ba\u6bcd_04.jpg\" alt=\"\" width=\"790\" height=\"850\" \/><\/p>\n<p><strong>Das Befestigen und \u00d6ffnen von Schrauben und Muttern ist nicht standardisiert, und die passende<\/strong><br \/>\n<strong>Zur L\u00f6sung der \u00d6ffnungs- und Befestigungsprobleme werden nicht genormte Werkzeuge verwendet. Im Allgemeinen werden andere<\/strong><br \/>\n<strong>Schraubenschl\u00fcssel k\u00f6nnen nicht eingesetzt werden. Bei der Gestaltung des Aussehens von Schrauben und Muttern sind nicht genormte Schlitzungen<\/strong><br \/>\n<strong>\u00f6ffnende oder f\u00fcnfeckige, siebeneckige, neuneckige oder speziell angefertigte entsprechende Nutwerkzeuge<\/strong><br \/>\n<strong>haben eine sehr gute Anti-Diebstahl-Wirkung gespielt<\/strong><\/p>\n<p><img loading=\"lazy\" decoding=\"async\" class=\"alignnone size-full wp-image-7968\" src=\"https:\/\/jb-bolt.com\/wp-content\/uploads\/2025\/02\/\u4e3b\u63a8-\u9632\u76d7\u87ba\u6bcd_06.jpg\" alt=\"\" width=\"790\" height=\"690\" \/><\/p>\n<p><strong>Das Kaltstauchverfahren ist eines der neuen Verfahren f\u00fcr die Druckbearbeitung mit weniger oder gar keiner Zerspanung<\/strong><br \/>\n<strong>Es handelt sich um eine Verarbeitungsmethode, die die plastische Verformung von Metall unter der Einwirkung von<\/strong><br \/>\n<strong>\u00e4u\u00dfere Kr\u00e4fte, und mit Hilfe von Formen wird das Metallvolumen umverteilt und in die Form gebracht<\/strong><br \/>\n<strong>die gew\u00fcnschten Teile oder Rohlinge. Das Kaltstauchverfahren ist am besten geeignet f\u00fcr die Herstellung von Standard<\/strong><br \/>\n<strong>Verbindungselemente wie Bolzen, Schrauben, Muttern, Nieten, Stifte usw.<\/strong><\/p>\n<p><img loading=\"lazy\" decoding=\"async\" class=\"alignnone size-full wp-image-7970\" src=\"https:\/\/jb-bolt.com\/wp-content\/uploads\/2025\/02\/\u4e3b\u63a8-\u9632\u76d7\u87ba\u6bcd_08.jpg\" alt=\"\" width=\"790\" height=\"590\" \/><img loading=\"lazy\" decoding=\"async\" class=\"alignnone size-full wp-image-7971\" src=\"https:\/\/jb-bolt.com\/wp-content\/uploads\/2025\/02\/\u4e3b\u63a8-\u9632\u76d7\u87ba\u6bcd_09.jpg\" alt=\"\" width=\"790\" height=\"720\" \/><\/p>\n<p>A\u00a0<strong>Sicherheit <a href=\"https:\/\/jb-bolt.com\/product-category\/safety-nut\/\">Nuss<\/a><\/strong>\u00a0ist eine Art von Befestigungselement, das speziell daf\u00fcr entwickelt wurde, sich bei Vibrationen, W\u00e4rmeausdehnung oder anderen dynamischen Kr\u00e4ften nicht zu lockern. Sie gew\u00e4hrleisten eine sichere und zuverl\u00e4ssige Verbindung in kritischen Anwendungen, bei denen Sicherheit und Stabilit\u00e4t von gr\u00f6\u00dfter Bedeutung sind. Hier finden Sie eine detaillierte Beschreibung:<\/p>\n<hr \/>\n<h3><strong>Wesentliche Merkmale:<\/strong><\/h3>\n<ol start=\"1\">\n<li><strong>Verriegelungsmechanismus<\/strong>:\n<ul>\n<li>Sicherheitsmuttern verf\u00fcgen \u00fcber ein Sicherungselement, z. B. einen Nyloneinsatz, ein verformtes Gewinde oder einen Flansch mit Kerbverzahnung, um ein unbeabsichtigtes L\u00f6sen zu verhindern.<\/li>\n<\/ul>\n<\/li>\n<li><strong>Material<\/strong>:\n<ul>\n<li>Sie bestehen in der Regel aus haltbaren Materialien wie Stahl, Edelstahl oder Messing und sind h\u00e4ufig mit Beschichtungen (z. B. Zink) versehen, um sie korrosionsbest\u00e4ndig zu machen.<\/li>\n<\/ul>\n<\/li>\n<li><strong>Gewindetyp<\/strong>:\n<ul>\n<li>Kompatibel mit metrischen oder z\u00f6lligen Standardgewinden, je nach Anwendung.<\/li>\n<\/ul>\n<\/li>\n<li><strong>Design-Variationen<\/strong>:\n<ul>\n<li>Erh\u00e4ltlich in verschiedenen Ausf\u00fchrungen, einschlie\u00dflich Sicherungsmuttern mit Nyloneinsatz, obere Sicherungsmuttern, Flanschmuttern und Kronenmuttern.<\/li>\n<\/ul>\n<\/li>\n<\/ol>\n<hr \/>\n<h3><strong>G\u00e4ngige Arten von Sicherheitsmuttern:<\/strong><\/h3>\n<ol start=\"1\">\n<li><strong>Nyloc-Mutter (Sicherungsmutter mit Nyloneinsatz)<\/strong>:\n<ul>\n<li>Verf\u00fcgt \u00fcber einen Nylonring im Inneren der Mutter, der Reibung gegen das Schraubengewinde erzeugt und so ein L\u00f6sen verhindert.<\/li>\n<\/ul>\n<\/li>\n<li><strong>Obere Sicherungsmutter<\/strong>:\n<ul>\n<li>Der obere Teil der Mutter ist leicht verformt, um beim Anziehen eine Sicherungswirkung zu erzielen.<\/li>\n<\/ul>\n<\/li>\n<li><strong>Flanschmutter<\/strong>:\n<ul>\n<li>Verf\u00fcgt \u00fcber einen breiten Flansch an einem Ende, der den Druck verteilt und durch die Verzahnung am Flansch einen Verriegelungseffekt bietet.<\/li>\n<\/ul>\n<\/li>\n<li><strong>Schloss Nuss<\/strong>:\n<ul>\n<li>Enth\u00e4lt Schlitze (Kannelierungen) f\u00fcr einen Splint oder Draht zur Sicherung der Mutter, die \u00fcblicherweise in der Automobilindustrie und im Maschinenbau verwendet werden.<\/li>\n<\/ul>\n<\/li>\n<li><strong>Marmeladennuss<\/strong>:\n<ul>\n<li>Eine d\u00fcnnere Mutter, die in Verbindung mit einer Standardmutter verwendet wird, um die Baugruppe zu \"verklemmen\" und zu sichern.<\/li>\n<\/ul>\n<\/li>\n<li><strong>Keps-Mutter (K-Sicherungsmutter)<\/strong>:\n<ul>\n<li>F\u00fcr zus\u00e4tzliche Sicherheit ist eine frei drehende Sicherungsscheibe beigef\u00fcgt.<\/li>\n<\/ul>\n<\/li>\n<\/ol>\n<hr \/>\n<h3><strong>Wie es funktioniert:<\/strong><\/h3>\n<ul>\n<li>Der Sicherungsmechanismus der Sicherheitsmutter (z. B. Nyloneinsatz, verformtes Gewinde oder Kerbverzahnung) erzeugt einen Widerstand gegen Rotationskr\u00e4fte und sorgt daf\u00fcr, dass die Mutter auch bei Vibrationen oder Temperaturschwankungen fest angezogen bleibt.<\/li>\n<\/ul>\n<hr \/>\n<h3><strong>Anwendungen:<\/strong><\/h3>\n<ul>\n<li><strong>Automobilindustrie<\/strong>: Radnaben, Aufh\u00e4ngungssysteme und Motorkomponenten.<\/li>\n<li><strong>Luft- und Raumfahrt<\/strong>: Kritische Befestigung in Flugzeugstrukturen.<\/li>\n<li><strong>Maschinenpark<\/strong>: Schwere Ger\u00e4te und rotierende Maschinen.<\/li>\n<li><strong>Bauwesen<\/strong>: Strukturelle Verbindungen, die eine hohe Zuverl\u00e4ssigkeit erfordern.<\/li>\n<li><strong>Industriell<\/strong>: F\u00f6rdersysteme, Pumpen und Motoren.<\/li>\n<\/ul>\n<hr \/>\n<p>&nbsp;<\/p>","protected":false},"excerpt":{"rendered":"<h5 data-start=\"173\" data-end=\"194\"><strong data-start=\"177\" data-end=\"193\">Wesentliche Merkmale<\/strong>:<\/h5>\n<ul data-start=\"195\" data-end=\"332\">\n<li data-start=\"195\" data-end=\"239\"><strong data-start=\"197\" data-end=\"218\">Verriegelungsmechanismus<\/strong>: Verhindert Lockerung.<\/li>\n<li data-start=\"240\" data-end=\"282\"><strong data-start=\"242\" data-end=\"253\">Dauerhaft<\/strong>: Hergestellt aus robusten Materialien.<\/li>\n<li data-start=\"283\" data-end=\"332\"><strong data-start=\"285\" data-end=\"308\">Korrosionsbest\u00e4ndig<\/strong>: Zum Schutz beschichtet.<\/li>\n<\/ul>","protected":false},"featured_media":33037,"comment_status":"open","ping_status":"closed","template":"","meta":{"site-sidebar-layout":"default","site-content-layout":"","ast-site-content-layout":"default","site-content-style":"default","site-sidebar-style":"default","ast-global-header-display":"","ast-banner-title-visibility":"","ast-main-header-display":"","ast-hfb-above-header-display":"","ast-hfb-below-header-display":"","ast-hfb-mobile-header-display":"","site-post-title":"","ast-breadcrumbs-content":"","ast-featured-img":"","footer-sml-layout":"","ast-disable-related-posts":"","theme-transparent-header-meta":"","adv-header-id-meta":"","stick-header-meta":"","header-above-stick-meta":"","header-main-stick-meta":"","header-below-stick-meta":"","astra-migrate-meta-layouts":"default","ast-page-background-enabled":"default","ast-page-background-meta":{"desktop":{"background-color":"var(--ast-global-color-4)","background-image":"","background-repeat":"repeat","background-position":"center center","background-size":"auto","background-attachment":"scroll","background-type":"","background-media":"","overlay-type":"","overlay-color":"","overlay-opacity":"","overlay-gradient":""},"tablet":{"background-color":"","background-image":"","background-repeat":"repeat","background-position":"center center","background-size":"auto","background-attachment":"scroll","background-type":"","background-media":"","overlay-type":"","overlay-color":"","overlay-opacity":"","overlay-gradient":""},"mobile":{"background-color":"","background-image":"","background-repeat":"repeat","background-position":"center center","background-size":"auto","background-attachment":"scroll","background-type":"","background-media":"","overlay-type":"","overlay-color":"","overlay-opacity":"","overlay-gradient":""}},"ast-content-background-meta":{"desktop":{"background-color":"var(--ast-global-color-5)","background-image":"","background-repeat":"repeat","background-position":"center center","background-size":"auto","background-attachment":"scroll","background-type":"","background-media":"","overlay-type":"","overlay-color":"","overlay-opacity":"","overlay-gradient":""},"tablet":{"background-color":"var(--ast-global-color-5)","background-image":"","background-repeat":"repeat","background-position":"center center","background-size":"auto","background-attachment":"scroll","background-type":"","background-media":"","overlay-type":"","overlay-color":"","overlay-opacity":"","overlay-gradient":""},"mobile":{"background-color":"var(--ast-global-color-5)","background-image":"","background-repeat":"repeat","background-position":"center center","background-size":"auto","background-attachment":"scroll","background-type":"","background-media":"","overlay-type":"","overlay-color":"","overlay-opacity":"","overlay-gradient":""}},"_themeisle_gutenberg_block_has_review":false,"_ti_tpc_template_sync":false,"_ti_tpc_template_id":""},"product_brand":[],"product_cat":[1265],"product_tag":[1237,1238],"class_list":{"0":"post-32938","1":"product","2":"type-product","3":"status-publish","4":"has-post-thumbnail","6":"product_cat-safety-nut","7":"product_tag-lock-nut","8":"product_tag-self-locking-nut","9":"desktop-align-left","10":"tablet-align-left","11":"mobile-align-left","12":"ast-product-gallery-layout-horizontal-slider","13":"ast-product-tabs-layout-horizontal","14":"ast-qv-on-image","16":"first","17":"instock","18":"shipping-taxable","19":"product-type-simple"},"yoast_head":"<!-- This site is optimized with the Yoast SEO Premium plugin v21.7 (Yoast SEO v25.7) - https:\/\/yoast.com\/wordpress\/plugins\/seo\/ -->\n<title>Safety nut - Jingbang Industrial<\/title>\n<meta name=\"robots\" content=\"index, follow, max-snippet:-1, max-image-preview:large, max-video-preview:-1\" \/>\n<link rel=\"canonical\" href=\"https:\/\/jbsy-china.com\/de\/produkt\/safety-nut-2\/\" \/>\n<meta property=\"og:locale\" content=\"de_DE\" \/>\n<meta property=\"og:type\" content=\"article\" \/>\n<meta property=\"og:title\" content=\"Safety nut\" \/>\n<meta property=\"og:description\" content=\"Key Features:   Locking Mechanism: Prevents loosening.  Durable: Made from strong materials.  Corrosion-Resistant: Coated for protection.\" \/>\n<meta property=\"og:url\" content=\"https:\/\/jbsy-china.com\/de\/produkt\/safety-nut-2\/\" \/>\n<meta property=\"og:site_name\" content=\"Jingbang Industrial\" \/>\n<meta property=\"article:modified_time\" content=\"2025-05-06T07:31:02+00:00\" \/>\n<meta name=\"twitter:card\" content=\"summary_large_image\" \/>\n<meta name=\"twitter:label1\" content=\"Gesch\u00e4tzte Lesezeit\" \/>\n\t<meta name=\"twitter:data1\" content=\"2\u00a0Minuten\" \/>\n<script type=\"application\/ld+json\" class=\"yoast-schema-graph\">{\"@context\":\"https:\/\/schema.org\",\"@graph\":[{\"@type\":\"WebPage\",\"@id\":\"https:\/\/jbsy-china.com\/product\/safety-nut-2\/\",\"url\":\"https:\/\/jbsy-china.com\/product\/safety-nut-2\/\",\"name\":\"Safety nut - Jingbang Industrial\",\"isPartOf\":{\"@id\":\"https:\/\/jbsy-china.com\/#website\"},\"primaryImageOfPage\":{\"@id\":\"https:\/\/jbsy-china.com\/product\/safety-nut-2\/#primaryimage\"},\"image\":{\"@id\":\"https:\/\/jbsy-china.com\/product\/safety-nut-2\/#primaryimage\"},\"thumbnailUrl\":\"https:\/\/jbsy-china.com\/wp-content\/uploads\/2025\/05\/Security-Nuts.jpg\",\"datePublished\":\"2025-05-06T07:29:49+00:00\",\"dateModified\":\"2025-05-06T07:31:02+00:00\",\"breadcrumb\":{\"@id\":\"https:\/\/jbsy-china.com\/product\/safety-nut-2\/#breadcrumb\"},\"inLanguage\":\"de\",\"potentialAction\":[{\"@type\":\"ReadAction\",\"target\":[\"https:\/\/jbsy-china.com\/product\/safety-nut-2\/\"]}]},{\"@type\":\"ImageObject\",\"inLanguage\":\"de\",\"@id\":\"https:\/\/jbsy-china.com\/product\/safety-nut-2\/#primaryimage\",\"url\":\"https:\/\/jbsy-china.com\/wp-content\/uploads\/2025\/05\/Security-Nuts.jpg\",\"contentUrl\":\"https:\/\/jbsy-china.com\/wp-content\/uploads\/2025\/05\/Security-Nuts.jpg\",\"width\":480,\"height\":481},{\"@type\":\"BreadcrumbList\",\"@id\":\"https:\/\/jbsy-china.com\/product\/safety-nut-2\/#breadcrumb\",\"itemListElement\":[{\"@type\":\"ListItem\",\"position\":1,\"name\":\"Home\",\"item\":\"https:\/\/jbsy-china.com\/\"},{\"@type\":\"ListItem\",\"position\":2,\"name\":\"Products\",\"item\":\"https:\/\/jbsy-china.com\/shop\/\"},{\"@type\":\"ListItem\",\"position\":3,\"name\":\"Safety nut\"}]},{\"@type\":\"WebSite\",\"@id\":\"https:\/\/jbsy-china.com\/#website\",\"url\":\"https:\/\/jbsy-china.com\/\",\"name\":\"Jingbang Industrial\",\"description\":\"Hardware and electronics manufacturer\",\"publisher\":{\"@id\":\"https:\/\/jbsy-china.com\/#organization\"},\"potentialAction\":[{\"@type\":\"SearchAction\",\"target\":{\"@type\":\"EntryPoint\",\"urlTemplate\":\"https:\/\/jbsy-china.com\/?s={search_term_string}\"},\"query-input\":{\"@type\":\"PropertyValueSpecification\",\"valueRequired\":true,\"valueName\":\"search_term_string\"}}],\"inLanguage\":\"de\"},{\"@type\":\"Organization\",\"@id\":\"https:\/\/jbsy-china.com\/#organization\",\"name\":\"Jingbang Industrial\",\"url\":\"https:\/\/jbsy-china.com\/\",\"logo\":{\"@type\":\"ImageObject\",\"inLanguage\":\"de\",\"@id\":\"https:\/\/jbsy-china.com\/#\/schema\/logo\/image\/\",\"url\":\"https:\/\/jbsy-china.com\/wp-content\/uploads\/2023\/11\/cropped-\u56fe\u5c42-1.png\",\"contentUrl\":\"https:\/\/jbsy-china.com\/wp-content\/uploads\/2023\/11\/cropped-\u56fe\u5c42-1.png\",\"width\":1049,\"height\":739,\"caption\":\"Jingbang Industrial\"},\"image\":{\"@id\":\"https:\/\/jbsy-china.com\/#\/schema\/logo\/image\/\"}}]}<\/script>\n<!-- \/ Yoast SEO Premium plugin. -->","yoast_head_json":{"title":"Safety nut - Jingbang Industrial","robots":{"index":"index","follow":"follow","max-snippet":"max-snippet:-1","max-image-preview":"max-image-preview:large","max-video-preview":"max-video-preview:-1"},"canonical":"https:\/\/jbsy-china.com\/de\/produkt\/safety-nut-2\/","og_locale":"de_DE","og_type":"article","og_title":"Safety nut","og_description":"Key Features:   Locking Mechanism: Prevents loosening.  Durable: Made from strong materials.  Corrosion-Resistant: Coated for protection.","og_url":"https:\/\/jbsy-china.com\/de\/produkt\/safety-nut-2\/","og_site_name":"Jingbang Industrial","article_modified_time":"2025-05-06T07:31:02+00:00","twitter_card":"summary_large_image","twitter_misc":{"Gesch\u00e4tzte Lesezeit":"2\u00a0Minuten"},"schema":{"@context":"https:\/\/schema.org","@graph":[{"@type":"WebPage","@id":"https:\/\/jbsy-china.com\/product\/safety-nut-2\/","url":"https:\/\/jbsy-china.com\/product\/safety-nut-2\/","name":"Safety nut - Jingbang Industrial","isPartOf":{"@id":"https:\/\/jbsy-china.com\/#website"},"primaryImageOfPage":{"@id":"https:\/\/jbsy-china.com\/product\/safety-nut-2\/#primaryimage"},"image":{"@id":"https:\/\/jbsy-china.com\/product\/safety-nut-2\/#primaryimage"},"thumbnailUrl":"https:\/\/jbsy-china.com\/wp-content\/uploads\/2025\/05\/Security-Nuts.jpg","datePublished":"2025-05-06T07:29:49+00:00","dateModified":"2025-05-06T07:31:02+00:00","breadcrumb":{"@id":"https:\/\/jbsy-china.com\/product\/safety-nut-2\/#breadcrumb"},"inLanguage":"de","potentialAction":[{"@type":"ReadAction","target":["https:\/\/jbsy-china.com\/product\/safety-nut-2\/"]}]},{"@type":"ImageObject","inLanguage":"de","@id":"https:\/\/jbsy-china.com\/product\/safety-nut-2\/#primaryimage","url":"https:\/\/jbsy-china.com\/wp-content\/uploads\/2025\/05\/Security-Nuts.jpg","contentUrl":"https:\/\/jbsy-china.com\/wp-content\/uploads\/2025\/05\/Security-Nuts.jpg","width":480,"height":481},{"@type":"BreadcrumbList","@id":"https:\/\/jbsy-china.com\/product\/safety-nut-2\/#breadcrumb","itemListElement":[{"@type":"ListItem","position":1,"name":"Home","item":"https:\/\/jbsy-china.com\/"},{"@type":"ListItem","position":2,"name":"Products","item":"https:\/\/jbsy-china.com\/shop\/"},{"@type":"ListItem","position":3,"name":"Safety nut"}]},{"@type":"WebSite","@id":"https:\/\/jbsy-china.com\/#website","url":"https:\/\/jbsy-china.com\/","name":"Jingbang Industrie","description":"Hersteller von Hardware und Elektronik","publisher":{"@id":"https:\/\/jbsy-china.com\/#organization"},"potentialAction":[{"@type":"SearchAction","target":{"@type":"EntryPoint","urlTemplate":"https:\/\/jbsy-china.com\/?s={search_term_string}"},"query-input":{"@type":"PropertyValueSpecification","valueRequired":true,"valueName":"search_term_string"}}],"inLanguage":"de"},{"@type":"Organization","@id":"https:\/\/jbsy-china.com\/#organization","name":"Jingbang Industrie","url":"https:\/\/jbsy-china.com\/","logo":{"@type":"ImageObject","inLanguage":"de","@id":"https:\/\/jbsy-china.com\/#\/schema\/logo\/image\/","url":"https:\/\/jbsy-china.com\/wp-content\/uploads\/2023\/11\/cropped-\u56fe\u5c42-1.png","contentUrl":"https:\/\/jbsy-china.com\/wp-content\/uploads\/2023\/11\/cropped-\u56fe\u5c42-1.png","width":1049,"height":739,"caption":"Jingbang Industrial"},"image":{"@id":"https:\/\/jbsy-china.com\/#\/schema\/logo\/image\/"}}]}},"_links":{"self":[{"href":"https:\/\/jbsy-china.com\/de\/wp-json\/wp\/v2\/product\/32938","targetHints":{"allow":["GET"]}}],"collection":[{"href":"https:\/\/jbsy-china.com\/de\/wp-json\/wp\/v2\/product"}],"about":[{"href":"https:\/\/jbsy-china.com\/de\/wp-json\/wp\/v2\/types\/product"}],"replies":[{"embeddable":true,"href":"https:\/\/jbsy-china.com\/de\/wp-json\/wp\/v2\/comments?post=32938"}],"wp:featuredmedia":[{"embeddable":true,"href":"https:\/\/jbsy-china.com\/de\/wp-json\/wp\/v2\/media\/33037"}],"wp:attachment":[{"href":"https:\/\/jbsy-china.com\/de\/wp-json\/wp\/v2\/media?parent=32938"}],"wp:term":[{"taxonomy":"product_brand","embeddable":true,"href":"https:\/\/jbsy-china.com\/de\/wp-json\/wp\/v2\/product_brand?post=32938"},{"taxonomy":"product_cat","embeddable":true,"href":"https:\/\/jbsy-china.com\/de\/wp-json\/wp\/v2\/product_cat?post=32938"},{"taxonomy":"product_tag","embeddable":true,"href":"https:\/\/jbsy-china.com\/de\/wp-json\/wp\/v2\/product_tag?post=32938"}],"curies":[{"name":"wp","href":"https:\/\/api.w.org\/{rel}","templated":true}]}}