{"id":32939,"date":"2025-05-06T07:29:49","date_gmt":"2025-05-06T07:29:49","guid":{"rendered":"https:\/\/jbsy-china.com\/?post_type=product&#038;p=32939"},"modified":"2025-05-06T07:31:08","modified_gmt":"2025-05-06T07:31:08","slug":"barrel-nut-2","status":"publish","type":"product","link":"https:\/\/jbsy-china.com\/de\/produkt\/barrel-nut-2\/","title":{"rendered":"Trommelmutter"},"content":{"rendered":"<p>&nbsp;<\/p>\n<p><img fetchpriority=\"high\" decoding=\"async\" class=\"alignnone size-full wp-image-7978\" src=\"https:\/\/jb-bolt.com\/wp-content\/uploads\/2025\/02\/\u51b7\u9566\u8be6\u60c5\u9875_01.jpg\" alt=\"\" width=\"790\" height=\"329\" \/><img decoding=\"async\" class=\"alignnone size-full wp-image-7979\" src=\"https:\/\/jb-bolt.com\/wp-content\/uploads\/2025\/02\/\u51b7\u9566\u8be6\u60c5\u9875_02.jpg\" alt=\"\" width=\"790\" height=\"981\" \/><img decoding=\"async\" class=\"alignnone size-full wp-image-7980\" src=\"https:\/\/jb-bolt.com\/wp-content\/uploads\/2025\/02\/\u51b7\u9566\u8be6\u60c5\u9875_03.jpg\" alt=\"\" width=\"790\" height=\"740\" \/><img loading=\"lazy\" decoding=\"async\" class=\"alignnone size-full wp-image-7981\" src=\"https:\/\/jb-bolt.com\/wp-content\/uploads\/2025\/02\/\u51b7\u9566\u8be6\u60c5\u9875_04.jpg\" alt=\"\" width=\"790\" height=\"739\" \/><img loading=\"lazy\" decoding=\"async\" class=\"alignnone size-full wp-image-7983\" src=\"https:\/\/jb-bolt.com\/wp-content\/uploads\/2025\/02\/\u51b7\u9566\u8be6\u60c5\u9875_05_01.jpg\" alt=\"\" width=\"790\" height=\"677\" \/><\/p>\n<p><strong>Das Kaltstauchverfahren ist eines der neuen Verfahren f\u00fcr die Druckbearbeitung mit weniger oder gar keiner Zerspanung<\/strong><br \/>\n<strong>Es handelt sich um eine Verarbeitungsmethode, die die plastische Verformung von Metall unter der Einwirkung von<\/strong><br \/>\n<strong>\u00e4u\u00dfere Kr\u00e4fte, und mit Hilfe von Formen wird das Metallvolumen umverteilt und in die Form gebracht<\/strong><br \/>\n<strong>die gew\u00fcnschten Teile oder Rohlinge. Das Kaltstauchverfahren ist am besten geeignet f\u00fcr die Herstellung von Standard<\/strong><br \/>\n<strong>Verbindungselemente wie Bolzen, Schrauben, Muttern, Nieten, Stifte usw.<\/strong><\/p>\n<p><img loading=\"lazy\" decoding=\"async\" class=\"alignnone size-full wp-image-7985\" src=\"https:\/\/jb-bolt.com\/wp-content\/uploads\/2025\/02\/\u51b7\u9566\u8be6\u60c5\u9875_05_03.jpg\" alt=\"\" width=\"790\" height=\"603\" \/><img loading=\"lazy\" decoding=\"async\" class=\"alignnone size-full wp-image-7986\" src=\"https:\/\/jb-bolt.com\/wp-content\/uploads\/2025\/02\/\u51b7\u9566\u8be6\u60c5\u9875_06.jpg\" alt=\"\" width=\"790\" height=\"742\" \/><\/p>\n<p data-start=\"45\" data-end=\"420\">A <strong data-start=\"47\" data-end=\"61\">Fass <a href=\"https:\/\/jb-bolt.com\/product-category\/barrel-safety-nut\/\">Nuss<\/a><\/strong> (auch bekannt als <strong data-start=\"79\" data-end=\"94\">Querd\u00fcbel<\/strong>, <strong data-start=\"96\" data-end=\"109\">Wirbels\u00e4ulenmutter<\/strong>, oder <strong data-start=\"114\" data-end=\"130\">Einbandpfosten<\/strong>) ist eine Befestigungskomponente, die f\u00fcr starke und sichere Verbindungen in verschiedenen Anwendungen, wie z. B. in der M\u00f6belindustrie, der Luft- und Raumfahrt, der Automobilindustrie und bei mechanischen Baugruppen, entwickelt wurde. Es besteht aus einem kurzen, zylindrischen Metallk\u00f6rper mit einem Innengewinde, das die Aufnahme eines Bolzens oder einer Schraube erm\u00f6glicht.<\/p>\n<hr data-start=\"422\" data-end=\"425\" \/>\n<h2 data-start=\"427\" data-end=\"458\"><strong data-start=\"430\" data-end=\"456\">1. Aufbau und Merkmale<\/strong><\/h2>\n<ul data-start=\"459\" data-end=\"1079\">\n<li data-start=\"459\" data-end=\"559\"><strong data-start=\"461\" data-end=\"471\">Die Form:<\/strong> Zylindrisch oder leicht l\u00e4nglich, manchmal mit Flanschen oder Schlitzen f\u00fcr besseren Halt.<\/li>\n<li data-start=\"560\" data-end=\"670\"><strong data-start=\"562\" data-end=\"585\">Innengewinde:<\/strong> Das Loch im Inneren der Laufmutter ist mit einem Gewinde versehen, um einen Bolzen oder eine Maschinenschraube aufzunehmen.<\/li>\n<li data-start=\"671\" data-end=\"827\"><strong data-start=\"673\" data-end=\"686\">Material:<\/strong> Typischerweise hergestellt aus <strong data-start=\"707\" data-end=\"763\">Stahl, rostfreier Stahl, Messing, Aluminium oder Titan<\/strong>je nach der erforderlichen Festigkeit und Korrosionsbest\u00e4ndigkeit.<\/li>\n<li data-start=\"828\" data-end=\"938\"><strong data-start=\"830\" data-end=\"850\">Gr\u00f6\u00dfenvariationen:<\/strong> Erh\u00e4ltlich in verschiedenen Durchmessern, Gewindegr\u00f6\u00dfen und L\u00e4ngen f\u00fcr spezifische Anwendungen.<\/li>\n<li data-start=\"939\" data-end=\"1079\"><strong data-start=\"941\" data-end=\"957\">Orientierung:<\/strong> Das Innengewinde verl\u00e4uft in der Regel rechtwinklig zur L\u00e4nge des Laufs, einige Ausf\u00fchrungen erm\u00f6glichen jedoch eine parallele Ausrichtung.<\/li>\n<\/ul>\n<hr data-start=\"1081\" data-end=\"1084\" \/>\n<h2 data-start=\"1086\" data-end=\"1118\"><strong data-start=\"1089\" data-end=\"1116\">2. Arten von Trommelmuttern<\/strong><\/h2>\n<h3 data-start=\"1119\" data-end=\"1162\"><strong data-start=\"1123\" data-end=\"1160\">(A) Auf der Grundlage von Form und Struktur:<\/strong><\/h3>\n<ol data-start=\"1163\" data-end=\"1745\">\n<li data-start=\"1163\" data-end=\"1285\"><strong data-start=\"1166\" data-end=\"1190\">Standard-Laufmutter:<\/strong> Ein einfacher zylindrischer K\u00f6rper mit Innengewinde, der f\u00fcr M\u00f6bel und allgemeine Befestigungen verwendet wird.<\/li>\n<li data-start=\"1286\" data-end=\"1412\"><strong data-start=\"1289\" data-end=\"1332\">Querd\u00fcbel (senkrechte Laufmutter):<\/strong> Die Schraube verl\u00e4uft senkrecht zur Mutter, wie es bei M\u00f6belverbindungen \u00fcblich ist.<\/li>\n<li data-start=\"1413\" data-end=\"1519\"><strong data-start=\"1416\" data-end=\"1439\">Geflanschte \u00dcberwurfmutter:<\/strong> Hat einen verl\u00e4ngerten Flansch an einem Ende zur besseren Lastverteilung und Stabilit\u00e4t.<\/li>\n<li data-start=\"1520\" data-end=\"1621\"><strong data-start=\"1523\" data-end=\"1546\">Geschlitzte Trommelmutter:<\/strong> Enth\u00e4lt einen Schlitz oder eine Schraubendreherrille zum einfachen Festziehen und Ausrichten.<\/li>\n<li data-start=\"1622\" data-end=\"1745\"><strong data-start=\"1625\" data-end=\"1659\">Bindungspfosten (Chicagoer Schrauben):<\/strong> Besteht aus einem m\u00e4nnlichen und einem weiblichen Teil und wird h\u00e4ufig in der Buchbinderei und bei Lederprodukten verwendet.<\/li>\n<\/ol>\n<p>&nbsp;<\/p>","protected":false},"excerpt":{"rendered":"<h5 data-start=\"265\" data-end=\"286\"><strong data-start=\"269\" data-end=\"285\">Wesentliche Merkmale<\/strong>:<\/h5>\n<ul data-start=\"287\" data-end=\"502\">\n<li data-start=\"287\" data-end=\"344\"><strong data-start=\"289\" data-end=\"311\">Zylindrische Form<\/strong>: F\u00fcr eine b\u00fcndige, sichere Verbindung.<\/li>\n<li data-start=\"345\" data-end=\"418\"><strong data-start=\"347\" data-end=\"358\">Dauerhaft<\/strong>: Hergestellt aus Materialien wie Stahl, Edelstahl oder Messing.<\/li>\n<li data-start=\"419\" data-end=\"502\"><strong data-start=\"421\" data-end=\"434\">Vielseitig<\/strong>: Kompatibel mit verschiedenen Anwendungen, von M\u00f6beln bis zu Maschinen.<\/li>\n<\/ul>","protected":false},"featured_media":33041,"comment_status":"open","ping_status":"closed","template":"","meta":{"site-sidebar-layout":"default","site-content-layout":"","ast-site-content-layout":"default","site-content-style":"default","site-sidebar-style":"default","ast-global-header-display":"","ast-banner-title-visibility":"","ast-main-header-display":"","ast-hfb-above-header-display":"","ast-hfb-below-header-display":"","ast-hfb-mobile-header-display":"","site-post-title":"","ast-breadcrumbs-content":"","ast-featured-img":"","footer-sml-layout":"","ast-disable-related-posts":"","theme-transparent-header-meta":"","adv-header-id-meta":"","stick-header-meta":"","header-above-stick-meta":"","header-main-stick-meta":"","header-below-stick-meta":"","astra-migrate-meta-layouts":"default","ast-page-background-enabled":"default","ast-page-background-meta":{"desktop":{"background-color":"var(--ast-global-color-4)","background-image":"","background-repeat":"repeat","background-position":"center center","background-size":"auto","background-attachment":"scroll","background-type":"","background-media":"","overlay-type":"","overlay-color":"","overlay-opacity":"","overlay-gradient":""},"tablet":{"background-color":"","background-image":"","background-repeat":"repeat","background-position":"center center","background-size":"auto","background-attachment":"scroll","background-type":"","background-media":"","overlay-type":"","overlay-color":"","overlay-opacity":"","overlay-gradient":""},"mobile":{"background-color":"","background-image":"","background-repeat":"repeat","background-position":"center center","background-size":"auto","background-attachment":"scroll","background-type":"","background-media":"","overlay-type":"","overlay-color":"","overlay-opacity":"","overlay-gradient":""}},"ast-content-background-meta":{"desktop":{"background-color":"var(--ast-global-color-5)","background-image":"","background-repeat":"repeat","background-position":"center center","background-size":"auto","background-attachment":"scroll","background-type":"","background-media":"","overlay-type":"","overlay-color":"","overlay-opacity":"","overlay-gradient":""},"tablet":{"background-color":"var(--ast-global-color-5)","background-image":"","background-repeat":"repeat","background-position":"center center","background-size":"auto","background-attachment":"scroll","background-type":"","background-media":"","overlay-type":"","overlay-color":"","overlay-opacity":"","overlay-gradient":""},"mobile":{"background-color":"var(--ast-global-color-5)","background-image":"","background-repeat":"repeat","background-position":"center center","background-size":"auto","background-attachment":"scroll","background-type":"","background-media":"","overlay-type":"","overlay-color":"","overlay-opacity":"","overlay-gradient":""}},"_themeisle_gutenberg_block_has_review":false,"_ti_tpc_template_sync":false,"_ti_tpc_template_id":""},"product_brand":[],"product_cat":[1266],"product_tag":[335,333],"class_list":{"0":"post-32939","1":"product","2":"type-product","3":"status-publish","4":"has-post-thumbnail","6":"product_cat-barrel-nut","7":"product_tag-round-nut","8":"product_tag-sleeve-nut","9":"desktop-align-left","10":"tablet-align-left","11":"mobile-align-left","12":"ast-product-gallery-layout-horizontal-slider","13":"ast-product-tabs-layout-horizontal","14":"ast-qv-on-image","16":"first","17":"instock","18":"shipping-taxable","19":"product-type-simple"},"yoast_head":"<!-- This site is optimized with the Yoast SEO Premium plugin v21.7 (Yoast SEO v25.7) - https:\/\/yoast.com\/wordpress\/plugins\/seo\/ -->\n<title>Barrel nut - Jingbang Industrial<\/title>\n<meta name=\"robots\" content=\"index, follow, max-snippet:-1, max-image-preview:large, max-video-preview:-1\" \/>\n<link rel=\"canonical\" href=\"https:\/\/jbsy-china.com\/de\/produkt\/barrel-nut-2\/\" \/>\n<meta property=\"og:locale\" content=\"de_DE\" \/>\n<meta property=\"og:type\" content=\"article\" \/>\n<meta property=\"og:title\" content=\"Barrel nut\" \/>\n<meta property=\"og:description\" content=\"Key Features:   Cylindrical Design: For a flush, secure connection.  Durable: Made from materials like steel, stainless steel, or brass.  Versatile: Compatible with various applications, from furniture to machinery.\" \/>\n<meta property=\"og:url\" content=\"https:\/\/jbsy-china.com\/de\/produkt\/barrel-nut-2\/\" \/>\n<meta property=\"og:site_name\" content=\"Jingbang Industrial\" \/>\n<meta property=\"article:modified_time\" content=\"2025-05-06T07:31:08+00:00\" \/>\n<meta name=\"twitter:card\" content=\"summary_large_image\" \/>\n<meta name=\"twitter:label1\" content=\"Gesch\u00e4tzte Lesezeit\" \/>\n\t<meta name=\"twitter:data1\" content=\"2\u00a0Minuten\" \/>\n<script type=\"application\/ld+json\" class=\"yoast-schema-graph\">{\"@context\":\"https:\/\/schema.org\",\"@graph\":[{\"@type\":\"WebPage\",\"@id\":\"https:\/\/jbsy-china.com\/product\/barrel-nut-2\/\",\"url\":\"https:\/\/jbsy-china.com\/product\/barrel-nut-2\/\",\"name\":\"Barrel nut - Jingbang Industrial\",\"isPartOf\":{\"@id\":\"https:\/\/jbsy-china.com\/#website\"},\"primaryImageOfPage\":{\"@id\":\"https:\/\/jbsy-china.com\/product\/barrel-nut-2\/#primaryimage\"},\"image\":{\"@id\":\"https:\/\/jbsy-china.com\/product\/barrel-nut-2\/#primaryimage\"},\"thumbnailUrl\":\"https:\/\/jbsy-china.com\/wp-content\/uploads\/2025\/05\/3a5feb0f8e59613dc80dada58c550ce.png\",\"datePublished\":\"2025-05-06T07:29:49+00:00\",\"dateModified\":\"2025-05-06T07:31:08+00:00\",\"breadcrumb\":{\"@id\":\"https:\/\/jbsy-china.com\/product\/barrel-nut-2\/#breadcrumb\"},\"inLanguage\":\"de\",\"potentialAction\":[{\"@type\":\"ReadAction\",\"target\":[\"https:\/\/jbsy-china.com\/product\/barrel-nut-2\/\"]}]},{\"@type\":\"ImageObject\",\"inLanguage\":\"de\",\"@id\":\"https:\/\/jbsy-china.com\/product\/barrel-nut-2\/#primaryimage\",\"url\":\"https:\/\/jbsy-china.com\/wp-content\/uploads\/2025\/05\/3a5feb0f8e59613dc80dada58c550ce.png\",\"contentUrl\":\"https:\/\/jbsy-china.com\/wp-content\/uploads\/2025\/05\/3a5feb0f8e59613dc80dada58c550ce.png\",\"width\":800,\"height\":800},{\"@type\":\"BreadcrumbList\",\"@id\":\"https:\/\/jbsy-china.com\/product\/barrel-nut-2\/#breadcrumb\",\"itemListElement\":[{\"@type\":\"ListItem\",\"position\":1,\"name\":\"Home\",\"item\":\"https:\/\/jbsy-china.com\/\"},{\"@type\":\"ListItem\",\"position\":2,\"name\":\"Products\",\"item\":\"https:\/\/jbsy-china.com\/shop\/\"},{\"@type\":\"ListItem\",\"position\":3,\"name\":\"Barrel nut\"}]},{\"@type\":\"WebSite\",\"@id\":\"https:\/\/jbsy-china.com\/#website\",\"url\":\"https:\/\/jbsy-china.com\/\",\"name\":\"Jingbang Industrial\",\"description\":\"Hardware and electronics manufacturer\",\"publisher\":{\"@id\":\"https:\/\/jbsy-china.com\/#organization\"},\"potentialAction\":[{\"@type\":\"SearchAction\",\"target\":{\"@type\":\"EntryPoint\",\"urlTemplate\":\"https:\/\/jbsy-china.com\/?s={search_term_string}\"},\"query-input\":{\"@type\":\"PropertyValueSpecification\",\"valueRequired\":true,\"valueName\":\"search_term_string\"}}],\"inLanguage\":\"de\"},{\"@type\":\"Organization\",\"@id\":\"https:\/\/jbsy-china.com\/#organization\",\"name\":\"Jingbang Industrial\",\"url\":\"https:\/\/jbsy-china.com\/\",\"logo\":{\"@type\":\"ImageObject\",\"inLanguage\":\"de\",\"@id\":\"https:\/\/jbsy-china.com\/#\/schema\/logo\/image\/\",\"url\":\"https:\/\/jbsy-china.com\/wp-content\/uploads\/2023\/11\/cropped-\u56fe\u5c42-1.png\",\"contentUrl\":\"https:\/\/jbsy-china.com\/wp-content\/uploads\/2023\/11\/cropped-\u56fe\u5c42-1.png\",\"width\":1049,\"height\":739,\"caption\":\"Jingbang Industrial\"},\"image\":{\"@id\":\"https:\/\/jbsy-china.com\/#\/schema\/logo\/image\/\"}}]}<\/script>\n<!-- \/ Yoast SEO Premium plugin. -->","yoast_head_json":{"title":"Barrel nut - Jingbang Industrial","robots":{"index":"index","follow":"follow","max-snippet":"max-snippet:-1","max-image-preview":"max-image-preview:large","max-video-preview":"max-video-preview:-1"},"canonical":"https:\/\/jbsy-china.com\/de\/produkt\/barrel-nut-2\/","og_locale":"de_DE","og_type":"article","og_title":"Barrel nut","og_description":"Key Features:   Cylindrical Design: For a flush, secure connection.  Durable: Made from materials like steel, stainless steel, or brass.  Versatile: Compatible with various applications, from furniture to machinery.","og_url":"https:\/\/jbsy-china.com\/de\/produkt\/barrel-nut-2\/","og_site_name":"Jingbang Industrial","article_modified_time":"2025-05-06T07:31:08+00:00","twitter_card":"summary_large_image","twitter_misc":{"Gesch\u00e4tzte Lesezeit":"2\u00a0Minuten"},"schema":{"@context":"https:\/\/schema.org","@graph":[{"@type":"WebPage","@id":"https:\/\/jbsy-china.com\/product\/barrel-nut-2\/","url":"https:\/\/jbsy-china.com\/product\/barrel-nut-2\/","name":"Barrel nut - Jingbang Industrial","isPartOf":{"@id":"https:\/\/jbsy-china.com\/#website"},"primaryImageOfPage":{"@id":"https:\/\/jbsy-china.com\/product\/barrel-nut-2\/#primaryimage"},"image":{"@id":"https:\/\/jbsy-china.com\/product\/barrel-nut-2\/#primaryimage"},"thumbnailUrl":"https:\/\/jbsy-china.com\/wp-content\/uploads\/2025\/05\/3a5feb0f8e59613dc80dada58c550ce.png","datePublished":"2025-05-06T07:29:49+00:00","dateModified":"2025-05-06T07:31:08+00:00","breadcrumb":{"@id":"https:\/\/jbsy-china.com\/product\/barrel-nut-2\/#breadcrumb"},"inLanguage":"de","potentialAction":[{"@type":"ReadAction","target":["https:\/\/jbsy-china.com\/product\/barrel-nut-2\/"]}]},{"@type":"ImageObject","inLanguage":"de","@id":"https:\/\/jbsy-china.com\/product\/barrel-nut-2\/#primaryimage","url":"https:\/\/jbsy-china.com\/wp-content\/uploads\/2025\/05\/3a5feb0f8e59613dc80dada58c550ce.png","contentUrl":"https:\/\/jbsy-china.com\/wp-content\/uploads\/2025\/05\/3a5feb0f8e59613dc80dada58c550ce.png","width":800,"height":800},{"@type":"BreadcrumbList","@id":"https:\/\/jbsy-china.com\/product\/barrel-nut-2\/#breadcrumb","itemListElement":[{"@type":"ListItem","position":1,"name":"Home","item":"https:\/\/jbsy-china.com\/"},{"@type":"ListItem","position":2,"name":"Products","item":"https:\/\/jbsy-china.com\/shop\/"},{"@type":"ListItem","position":3,"name":"Barrel nut"}]},{"@type":"WebSite","@id":"https:\/\/jbsy-china.com\/#website","url":"https:\/\/jbsy-china.com\/","name":"Jingbang Industrie","description":"Hersteller von Hardware und Elektronik","publisher":{"@id":"https:\/\/jbsy-china.com\/#organization"},"potentialAction":[{"@type":"SearchAction","target":{"@type":"EntryPoint","urlTemplate":"https:\/\/jbsy-china.com\/?s={search_term_string}"},"query-input":{"@type":"PropertyValueSpecification","valueRequired":true,"valueName":"search_term_string"}}],"inLanguage":"de"},{"@type":"Organization","@id":"https:\/\/jbsy-china.com\/#organization","name":"Jingbang Industrie","url":"https:\/\/jbsy-china.com\/","logo":{"@type":"ImageObject","inLanguage":"de","@id":"https:\/\/jbsy-china.com\/#\/schema\/logo\/image\/","url":"https:\/\/jbsy-china.com\/wp-content\/uploads\/2023\/11\/cropped-\u56fe\u5c42-1.png","contentUrl":"https:\/\/jbsy-china.com\/wp-content\/uploads\/2023\/11\/cropped-\u56fe\u5c42-1.png","width":1049,"height":739,"caption":"Jingbang Industrial"},"image":{"@id":"https:\/\/jbsy-china.com\/#\/schema\/logo\/image\/"}}]}},"_links":{"self":[{"href":"https:\/\/jbsy-china.com\/de\/wp-json\/wp\/v2\/product\/32939","targetHints":{"allow":["GET"]}}],"collection":[{"href":"https:\/\/jbsy-china.com\/de\/wp-json\/wp\/v2\/product"}],"about":[{"href":"https:\/\/jbsy-china.com\/de\/wp-json\/wp\/v2\/types\/product"}],"replies":[{"embeddable":true,"href":"https:\/\/jbsy-china.com\/de\/wp-json\/wp\/v2\/comments?post=32939"}],"wp:featuredmedia":[{"embeddable":true,"href":"https:\/\/jbsy-china.com\/de\/wp-json\/wp\/v2\/media\/33041"}],"wp:attachment":[{"href":"https:\/\/jbsy-china.com\/de\/wp-json\/wp\/v2\/media?parent=32939"}],"wp:term":[{"taxonomy":"product_brand","embeddable":true,"href":"https:\/\/jbsy-china.com\/de\/wp-json\/wp\/v2\/product_brand?post=32939"},{"taxonomy":"product_cat","embeddable":true,"href":"https:\/\/jbsy-china.com\/de\/wp-json\/wp\/v2\/product_cat?post=32939"},{"taxonomy":"product_tag","embeddable":true,"href":"https:\/\/jbsy-china.com\/de\/wp-json\/wp\/v2\/product_tag?post=32939"}],"curies":[{"name":"wp","href":"https:\/\/api.w.org\/{rel}","templated":true}]}}