{"id":33097,"date":"2025-05-06T07:32:15","date_gmt":"2025-05-06T07:32:15","guid":{"rendered":"https:\/\/jbsy-china.com\/?post_type=product&#038;p=33097"},"modified":"2025-08-05T07:29:16","modified_gmt":"2025-08-05T07:29:16","slug":"triangular-groove-safety-bolt","status":"publish","type":"product","link":"https:\/\/jbsy-china.com\/de\/produkt\/triangular-groove-safety-bolt\/","title":{"rendered":"Sicherheitsbolzen mit Dreikantrille"},"content":{"rendered":"<p><img fetchpriority=\"high\" decoding=\"async\" class=\"alignnone size-full wp-image-7978\" src=\"http:\/\/jb-bolt.com\/wp-content\/uploads\/2025\/02\/\u51b7\u9566\u8be6\u60c5\u9875_01.jpg\" alt=\"\" width=\"790\" height=\"329\" \/> <img decoding=\"async\" class=\"alignnone size-full wp-image-7979\" src=\"http:\/\/jb-bolt.com\/wp-content\/uploads\/2025\/02\/\u51b7\u9566\u8be6\u60c5\u9875_02.jpg\" alt=\"\" width=\"790\" height=\"981\" \/> <img decoding=\"async\" class=\"alignnone size-full wp-image-7980\" src=\"http:\/\/jb-bolt.com\/wp-content\/uploads\/2025\/02\/\u51b7\u9566\u8be6\u60c5\u9875_03.jpg\" alt=\"\" width=\"790\" height=\"740\" \/> <img loading=\"lazy\" decoding=\"async\" class=\"alignnone size-full wp-image-7981\" src=\"http:\/\/jb-bolt.com\/wp-content\/uploads\/2025\/02\/\u51b7\u9566\u8be6\u60c5\u9875_04.jpg\" alt=\"\" width=\"790\" height=\"739\" \/> <img loading=\"lazy\" decoding=\"async\" class=\"alignnone size-full wp-image-7983\" src=\"http:\/\/jb-bolt.com\/wp-content\/uploads\/2025\/02\/\u51b7\u9566\u8be6\u60c5\u9875_05_01.jpg\" alt=\"\" width=\"790\" height=\"677\" \/><\/p>\n<p><strong>Das Kaltstauchverfahren ist eines der neuen Verfahren f\u00fcr die Druckbearbeitung mit weniger oder gar keiner Zerspanung<\/strong><br \/>\n<strong>Metall. Es handelt sich um eine Verarbeitungsmethode, die die plastische Verformung von Metall unter der Einwirkung von<\/strong><br \/>\n<strong>\u00e4u\u00dfere Kr\u00e4fte, und mit Hilfe von Formen wird das Metallvolumen umverteilt und in die Form gebracht<\/strong><br \/>\n<strong>die gew\u00fcnschten Teile oder Rohlinge. Das Kaltstauchverfahren ist am besten geeignet f\u00fcr die Herstellung von Standard<\/strong><br \/>\n<strong>Verbindungselemente wie Bolzen, Schrauben, Muttern, Nieten, Stifte usw.<\/strong><\/p>\n<p><img loading=\"lazy\" decoding=\"async\" class=\"alignnone size-full wp-image-7985\" src=\"http:\/\/jb-bolt.com\/wp-content\/uploads\/2025\/02\/\u51b7\u9566\u8be6\u60c5\u9875_05_03.jpg\" alt=\"\" width=\"790\" height=\"603\" \/> <img loading=\"lazy\" decoding=\"async\" class=\"alignnone size-full wp-image-7986\" src=\"http:\/\/jb-bolt.com\/wp-content\/uploads\/2025\/02\/\u51b7\u9566\u8be6\u60c5\u9875_06.jpg\" alt=\"\" width=\"790\" height=\"742\" \/><\/p>\n<p class=\"ds-markdown-paragraph\">A\u00a0<strong>Dreiecksnut <a href=\"https:\/\/jbsy-china.com\/de\/safety-bolt\/\">Sicherheitsbolzen<\/a><\/strong>\u00a0ist ein spezieller Verschluss, der f\u00fcr erh\u00f6hte Sicherheit und Manipulationssicherheit ausgelegt ist. Es verf\u00fcgt \u00fcber einen einzigartigen dreieckigen Schlitz im Schraubenkopf, der einen passenden dreieckigen Schraubendrehereinsatz f\u00fcr die Montage und Demontage erfordert. Diese Konstruktion verhindert den unbefugten Zugriff oder die Manipulation mit Standardwerkzeugen wie Flachkopf- oder Kreuzschlitzschraubendrehern.<\/p>\n<h5><strong>Wesentliche Merkmale:<\/strong><\/h5>\n<ol start=\"1\">\n<li>\n<p class=\"ds-markdown-paragraph\"><strong>Dreieckiger Schlitzkopf<\/strong>\u00a0- Der Bolzen hat eine vertiefte dreieckige Vertiefung, so dass er ohne das richtige Werkzeug nur schwer zu entfernen ist.<\/p>\n<\/li>\n<li>\n<p class=\"ds-markdown-paragraph\"><strong>Manipulationssicher<\/strong>\u00a0- Im Gegensatz zu herk\u00f6mmlichen Bolzen kann er nicht einfach mit herk\u00f6mmlichen Werkzeugen gel\u00f6st werden, was die Sicherheit erh\u00f6ht.<\/p>\n<\/li>\n<li>\n<p class=\"ds-markdown-paragraph\"><strong>Langlebiges Material<\/strong>\u00a0- Sie werden h\u00e4ufig aus geh\u00e4rtetem Stahl, Edelstahl oder anderen robusten Materialien hergestellt, die eine hohe Festigkeit und Korrosionsbest\u00e4ndigkeit aufweisen.<\/p>\n<\/li>\n<li>\n<p class=\"ds-markdown-paragraph\"><strong>Anwendungen<\/strong>\u00a0- Wird in Hochsicherheitsumgebungen wie \u00f6ffentlicher Infrastruktur, Elektronik, Maschinen und Transportsystemen eingesetzt, wo Manipulationen verhindert werden m\u00fcssen.<\/p>\n<\/li>\n<\/ol>\n<h5><strong>Vorteile:<\/strong><\/h5>\n<ul>\n<li>\n<p class=\"ds-markdown-paragraph\"><strong>Erh\u00f6hte Sicherheit<\/strong>\u00a0- Verhindert zuf\u00e4llige Manipulationen und Vandalismus.<\/p>\n<\/li>\n<li>\n<p class=\"ds-markdown-paragraph\"><strong>Kontrollierter Zugang<\/strong>\u00a0- Nur Personen mit dem richtigen Dreikantschl\u00fcssel k\u00f6nnen den Bolzen entfernen.<\/p>\n<\/li>\n<li>\n<p class=\"ds-markdown-paragraph\"><strong>Breite Verwendung<\/strong>\u00a0- Geeignet f\u00fcr Branchen, in denen eine sichere Befestigung erforderlich ist, z. B. in der Luft- und Raumfahrt, im Automobilbau und in der Elektronik.<\/p>\n<\/li>\n<\/ul>\n<h5><strong>H\u00e4ufige Verwendungen:<\/strong><\/h5>\n<ul>\n<li>\n<p class=\"ds-markdown-paragraph\"><strong>\u00d6ffentliches Inventar<\/strong>\u00a0(z. B. Toilettenabtrennungen, Stra\u00dfenschilder)<\/p>\n<\/li>\n<li>\n<p class=\"ds-markdown-paragraph\"><strong>Elektronik-Geh\u00e4use<\/strong>\u00a0(z. B. Spielautomaten, Kioske)<\/p>\n<\/li>\n<li>\n<p class=\"ds-markdown-paragraph\"><strong>Industrielle Maschinen<\/strong>\u00a0(z. B. Schutzvorrichtungen, Zugangsklappen)<\/p>\n<\/li>\n<\/ul>\n<h5><strong>Montage und Demontage:<\/strong><\/h5>\n<ul>\n<li>\n<p class=\"ds-markdown-paragraph\">Erfordert eine\u00a0<strong>Dreikant-Schraubendrehereinsatz<\/strong>\u00a0oder\u00a0<strong>Sicherheitsbit gesetzt<\/strong>.<\/p>\n<\/li>\n<li>\n<p class=\"ds-markdown-paragraph\">Einige Versionen k\u00f6nnen zus\u00e4tzliche Sicherheitsmerkmale wie Pin-in-Center-Varianten f\u00fcr noch h\u00f6here Widerstandsf\u00e4higkeit aufweisen.<\/p>\n<\/li>\n<\/ul>\n<p class=\"ds-markdown-paragraph\">Dieser Schraubentyp ist ideal f\u00fcr Anwendungen, bei denen Standardbefestigungen ein Sicherheitsrisiko darstellen k\u00f6nnen. W\u00fcnschen Sie Informationen \u00fcber Lieferanten oder Tipps f\u00fcr den Einbau?<\/p>","protected":false},"excerpt":{"rendered":"<h6><strong>Wesentliche Merkmale:<\/strong><\/h6>\n<ul>\n<li class=\"ds-markdown-paragraph\"><strong>Dreieckiger Schlitzkopf<\/strong>\u00a0- Der Bolzen hat eine vertiefte dreieckige Vertiefung, so dass er ohne das richtige Werkzeug nur schwer zu entfernen ist.<\/li>\n<li class=\"ds-markdown-paragraph\"><strong>Manipulationssicher<\/strong>\u00a0- Im Gegensatz zu herk\u00f6mmlichen Bolzen kann er nicht einfach mit herk\u00f6mmlichen Werkzeugen gel\u00f6st werden, was die Sicherheit erh\u00f6ht.<\/li>\n<li class=\"ds-markdown-paragraph\"><strong>Langlebiges Material<\/strong>\u00a0- Sie werden h\u00e4ufig aus geh\u00e4rtetem Stahl, Edelstahl oder anderen robusten Materialien hergestellt, die eine hohe Festigkeit und Korrosionsbest\u00e4ndigkeit aufweisen.<\/li>\n<\/ul>","protected":false},"featured_media":33122,"comment_status":"closed","ping_status":"closed","template":"","meta":{"site-sidebar-layout":"default","site-content-layout":"","ast-site-content-layout":"default","site-content-style":"default","site-sidebar-style":"default","ast-global-header-display":"","ast-banner-title-visibility":"","ast-main-header-display":"","ast-hfb-above-header-display":"","ast-hfb-below-header-display":"","ast-hfb-mobile-header-display":"","site-post-title":"","ast-breadcrumbs-content":"","ast-featured-img":"","footer-sml-layout":"","ast-disable-related-posts":"","theme-transparent-header-meta":"default","adv-header-id-meta":"","stick-header-meta":"default","header-above-stick-meta":"","header-main-stick-meta":"","header-below-stick-meta":"","astra-migrate-meta-layouts":"set","ast-page-background-enabled":"default","ast-page-background-meta":{"desktop":{"background-color":"var(--ast-global-color-4)","background-image":"","background-repeat":"repeat","background-position":"center center","background-size":"auto","background-attachment":"scroll","background-type":"","background-media":"","overlay-type":"","overlay-color":"","overlay-opacity":"","overlay-gradient":""},"tablet":{"background-color":"","background-image":"","background-repeat":"repeat","background-position":"center center","background-size":"auto","background-attachment":"scroll","background-type":"","background-media":"","overlay-type":"","overlay-color":"","overlay-opacity":"","overlay-gradient":""},"mobile":{"background-color":"","background-image":"","background-repeat":"repeat","background-position":"center center","background-size":"auto","background-attachment":"scroll","background-type":"","background-media":"","overlay-type":"","overlay-color":"","overlay-opacity":"","overlay-gradient":""}},"ast-content-background-meta":{"desktop":{"background-color":"var(--ast-global-color-5)","background-image":"","background-repeat":"repeat","background-position":"center center","background-size":"auto","background-attachment":"scroll","background-type":"","background-media":"","overlay-type":"","overlay-color":"","overlay-opacity":"","overlay-gradient":""},"tablet":{"background-color":"var(--ast-global-color-5)","background-image":"","background-repeat":"repeat","background-position":"center center","background-size":"auto","background-attachment":"scroll","background-type":"","background-media":"","overlay-type":"","overlay-color":"","overlay-opacity":"","overlay-gradient":""},"mobile":{"background-color":"var(--ast-global-color-5)","background-image":"","background-repeat":"repeat","background-position":"center center","background-size":"auto","background-attachment":"scroll","background-type":"","background-media":"","overlay-type":"","overlay-color":"","overlay-opacity":"","overlay-gradient":""}},"_themeisle_gutenberg_block_has_review":false,"_ti_tpc_template_sync":false,"_ti_tpc_template_id":""},"product_brand":[],"product_cat":[1268],"product_tag":[],"class_list":{"0":"post-33097","1":"product","2":"type-product","3":"status-publish","4":"has-post-thumbnail","6":"product_cat-safety-bolt","7":"desktop-align-left","8":"tablet-align-left","9":"mobile-align-left","10":"ast-product-gallery-layout-horizontal-slider","11":"ast-product-tabs-layout-horizontal","12":"ast-qv-on-image","14":"first","15":"instock","16":"shipping-taxable","17":"product-type-simple"},"yoast_head":"<!-- This site is optimized with the Yoast SEO Premium plugin v21.7 (Yoast SEO v25.7) - https:\/\/yoast.com\/wordpress\/plugins\/seo\/ -->\n<title>Triangular groove safety bolt - Jingbang Industrial<\/title>\n<meta name=\"description\" content=\"The Triangular groove safety bolt is a specialized fastener designed to provide enhanced security and tamper resistance to prevent unauthorized tampering.\" \/>\n<meta name=\"robots\" content=\"index, follow, max-snippet:-1, max-image-preview:large, max-video-preview:-1\" \/>\n<link rel=\"canonical\" href=\"https:\/\/jbsy-china.com\/de\/produkt\/triangular-groove-safety-bolt\/\" \/>\n<meta property=\"og:locale\" content=\"de_DE\" \/>\n<meta property=\"og:type\" content=\"article\" \/>\n<meta property=\"og:title\" content=\"Triangular groove safety bolt\" \/>\n<meta property=\"og:description\" content=\"The Triangular groove safety bolt is a specialized fastener designed to provide enhanced security and tamper resistance to prevent unauthorized tampering.\" \/>\n<meta property=\"og:url\" content=\"https:\/\/jbsy-china.com\/de\/produkt\/triangular-groove-safety-bolt\/\" \/>\n<meta property=\"og:site_name\" content=\"Jingbang Industrial\" \/>\n<meta property=\"article:modified_time\" content=\"2025-08-05T07:29:16+00:00\" \/>\n<meta property=\"og:image\" content=\"http:\/\/jbsy-china.com\/wp-content\/uploads\/2025\/05\/\u4e09\u89d2\u69fd\u9632\u76d7\u87ba\u6813.jpg\" \/>\n\t<meta property=\"og:image:width\" content=\"900\" \/>\n\t<meta property=\"og:image:height\" content=\"900\" \/>\n\t<meta property=\"og:image:type\" content=\"image\/jpeg\" \/>\n<meta name=\"twitter:card\" content=\"summary_large_image\" \/>\n<meta name=\"twitter:label1\" content=\"Gesch\u00e4tzte Lesezeit\" \/>\n\t<meta name=\"twitter:data1\" content=\"3\u00a0Minuten\" \/>\n<script type=\"application\/ld+json\" class=\"yoast-schema-graph\">{\"@context\":\"https:\/\/schema.org\",\"@graph\":[{\"@type\":\"WebPage\",\"@id\":\"https:\/\/jbsy-china.com\/product\/triangular-groove-safety-bolt\/\",\"url\":\"https:\/\/jbsy-china.com\/product\/triangular-groove-safety-bolt\/\",\"name\":\"Triangular groove safety bolt - Jingbang Industrial\",\"isPartOf\":{\"@id\":\"https:\/\/jbsy-china.com\/#website\"},\"primaryImageOfPage\":{\"@id\":\"https:\/\/jbsy-china.com\/product\/triangular-groove-safety-bolt\/#primaryimage\"},\"image\":{\"@id\":\"https:\/\/jbsy-china.com\/product\/triangular-groove-safety-bolt\/#primaryimage\"},\"thumbnailUrl\":\"https:\/\/jbsy-china.com\/wp-content\/uploads\/2025\/05\/\u4e09\u89d2\u69fd\u9632\u76d7\u87ba\u6813.jpg\",\"datePublished\":\"2025-05-06T07:32:15+00:00\",\"dateModified\":\"2025-08-05T07:29:16+00:00\",\"description\":\"The Triangular groove safety bolt is a specialized fastener designed to provide enhanced security and tamper resistance to prevent unauthorized tampering.\",\"breadcrumb\":{\"@id\":\"https:\/\/jbsy-china.com\/product\/triangular-groove-safety-bolt\/#breadcrumb\"},\"inLanguage\":\"de\",\"potentialAction\":[{\"@type\":\"ReadAction\",\"target\":[\"https:\/\/jbsy-china.com\/product\/triangular-groove-safety-bolt\/\"]}]},{\"@type\":\"ImageObject\",\"inLanguage\":\"de\",\"@id\":\"https:\/\/jbsy-china.com\/product\/triangular-groove-safety-bolt\/#primaryimage\",\"url\":\"https:\/\/jbsy-china.com\/wp-content\/uploads\/2025\/05\/\u4e09\u89d2\u69fd\u9632\u76d7\u87ba\u6813.jpg\",\"contentUrl\":\"https:\/\/jbsy-china.com\/wp-content\/uploads\/2025\/05\/\u4e09\u89d2\u69fd\u9632\u76d7\u87ba\u6813.jpg\",\"width\":900,\"height\":900},{\"@type\":\"BreadcrumbList\",\"@id\":\"https:\/\/jbsy-china.com\/product\/triangular-groove-safety-bolt\/#breadcrumb\",\"itemListElement\":[{\"@type\":\"ListItem\",\"position\":1,\"name\":\"Home\",\"item\":\"https:\/\/jbsy-china.com\/\"},{\"@type\":\"ListItem\",\"position\":2,\"name\":\"Products\",\"item\":\"https:\/\/jbsy-china.com\/shop\/\"},{\"@type\":\"ListItem\",\"position\":3,\"name\":\"Triangular groove safety bolt\"}]},{\"@type\":\"WebSite\",\"@id\":\"https:\/\/jbsy-china.com\/#website\",\"url\":\"https:\/\/jbsy-china.com\/\",\"name\":\"Jingbang Industrial\",\"description\":\"Hardware and electronics manufacturer\",\"publisher\":{\"@id\":\"https:\/\/jbsy-china.com\/#organization\"},\"potentialAction\":[{\"@type\":\"SearchAction\",\"target\":{\"@type\":\"EntryPoint\",\"urlTemplate\":\"https:\/\/jbsy-china.com\/?s={search_term_string}\"},\"query-input\":{\"@type\":\"PropertyValueSpecification\",\"valueRequired\":true,\"valueName\":\"search_term_string\"}}],\"inLanguage\":\"de\"},{\"@type\":\"Organization\",\"@id\":\"https:\/\/jbsy-china.com\/#organization\",\"name\":\"Jingbang Industrial\",\"url\":\"https:\/\/jbsy-china.com\/\",\"logo\":{\"@type\":\"ImageObject\",\"inLanguage\":\"de\",\"@id\":\"https:\/\/jbsy-china.com\/#\/schema\/logo\/image\/\",\"url\":\"https:\/\/jbsy-china.com\/wp-content\/uploads\/2023\/11\/cropped-\u56fe\u5c42-1.png\",\"contentUrl\":\"https:\/\/jbsy-china.com\/wp-content\/uploads\/2023\/11\/cropped-\u56fe\u5c42-1.png\",\"width\":1049,\"height\":739,\"caption\":\"Jingbang Industrial\"},\"image\":{\"@id\":\"https:\/\/jbsy-china.com\/#\/schema\/logo\/image\/\"}}]}<\/script>\n<!-- \/ Yoast SEO Premium plugin. -->","yoast_head_json":{"title":"Triangular groove safety bolt - Jingbang Industrial","description":"The Triangular groove safety bolt is a specialized fastener designed to provide enhanced security and tamper resistance to prevent unauthorized tampering.","robots":{"index":"index","follow":"follow","max-snippet":"max-snippet:-1","max-image-preview":"max-image-preview:large","max-video-preview":"max-video-preview:-1"},"canonical":"https:\/\/jbsy-china.com\/de\/produkt\/triangular-groove-safety-bolt\/","og_locale":"de_DE","og_type":"article","og_title":"Triangular groove safety bolt","og_description":"The Triangular groove safety bolt is a specialized fastener designed to provide enhanced security and tamper resistance to prevent unauthorized tampering.","og_url":"https:\/\/jbsy-china.com\/de\/produkt\/triangular-groove-safety-bolt\/","og_site_name":"Jingbang Industrial","article_modified_time":"2025-08-05T07:29:16+00:00","og_image":[{"width":900,"height":900,"url":"http:\/\/jbsy-china.com\/wp-content\/uploads\/2025\/05\/\u4e09\u89d2\u69fd\u9632\u76d7\u87ba\u6813.jpg","type":"image\/jpeg"}],"twitter_card":"summary_large_image","twitter_misc":{"Gesch\u00e4tzte Lesezeit":"3\u00a0Minuten"},"schema":{"@context":"https:\/\/schema.org","@graph":[{"@type":"WebPage","@id":"https:\/\/jbsy-china.com\/product\/triangular-groove-safety-bolt\/","url":"https:\/\/jbsy-china.com\/product\/triangular-groove-safety-bolt\/","name":"Triangular groove safety bolt - Jingbang Industrial","isPartOf":{"@id":"https:\/\/jbsy-china.com\/#website"},"primaryImageOfPage":{"@id":"https:\/\/jbsy-china.com\/product\/triangular-groove-safety-bolt\/#primaryimage"},"image":{"@id":"https:\/\/jbsy-china.com\/product\/triangular-groove-safety-bolt\/#primaryimage"},"thumbnailUrl":"https:\/\/jbsy-china.com\/wp-content\/uploads\/2025\/05\/\u4e09\u89d2\u69fd\u9632\u76d7\u87ba\u6813.jpg","datePublished":"2025-05-06T07:32:15+00:00","dateModified":"2025-08-05T07:29:16+00:00","description":"The Triangular groove safety bolt is a specialized fastener designed to provide enhanced security and tamper resistance to prevent unauthorized tampering.","breadcrumb":{"@id":"https:\/\/jbsy-china.com\/product\/triangular-groove-safety-bolt\/#breadcrumb"},"inLanguage":"de","potentialAction":[{"@type":"ReadAction","target":["https:\/\/jbsy-china.com\/product\/triangular-groove-safety-bolt\/"]}]},{"@type":"ImageObject","inLanguage":"de","@id":"https:\/\/jbsy-china.com\/product\/triangular-groove-safety-bolt\/#primaryimage","url":"https:\/\/jbsy-china.com\/wp-content\/uploads\/2025\/05\/\u4e09\u89d2\u69fd\u9632\u76d7\u87ba\u6813.jpg","contentUrl":"https:\/\/jbsy-china.com\/wp-content\/uploads\/2025\/05\/\u4e09\u89d2\u69fd\u9632\u76d7\u87ba\u6813.jpg","width":900,"height":900},{"@type":"BreadcrumbList","@id":"https:\/\/jbsy-china.com\/product\/triangular-groove-safety-bolt\/#breadcrumb","itemListElement":[{"@type":"ListItem","position":1,"name":"Home","item":"https:\/\/jbsy-china.com\/"},{"@type":"ListItem","position":2,"name":"Products","item":"https:\/\/jbsy-china.com\/shop\/"},{"@type":"ListItem","position":3,"name":"Triangular groove safety bolt"}]},{"@type":"WebSite","@id":"https:\/\/jbsy-china.com\/#website","url":"https:\/\/jbsy-china.com\/","name":"Jingbang Industrie","description":"Hersteller von Hardware und Elektronik","publisher":{"@id":"https:\/\/jbsy-china.com\/#organization"},"potentialAction":[{"@type":"SearchAction","target":{"@type":"EntryPoint","urlTemplate":"https:\/\/jbsy-china.com\/?s={search_term_string}"},"query-input":{"@type":"PropertyValueSpecification","valueRequired":true,"valueName":"search_term_string"}}],"inLanguage":"de"},{"@type":"Organization","@id":"https:\/\/jbsy-china.com\/#organization","name":"Jingbang Industrie","url":"https:\/\/jbsy-china.com\/","logo":{"@type":"ImageObject","inLanguage":"de","@id":"https:\/\/jbsy-china.com\/#\/schema\/logo\/image\/","url":"https:\/\/jbsy-china.com\/wp-content\/uploads\/2023\/11\/cropped-\u56fe\u5c42-1.png","contentUrl":"https:\/\/jbsy-china.com\/wp-content\/uploads\/2023\/11\/cropped-\u56fe\u5c42-1.png","width":1049,"height":739,"caption":"Jingbang Industrial"},"image":{"@id":"https:\/\/jbsy-china.com\/#\/schema\/logo\/image\/"}}]}},"_links":{"self":[{"href":"https:\/\/jbsy-china.com\/de\/wp-json\/wp\/v2\/product\/33097","targetHints":{"allow":["GET"]}}],"collection":[{"href":"https:\/\/jbsy-china.com\/de\/wp-json\/wp\/v2\/product"}],"about":[{"href":"https:\/\/jbsy-china.com\/de\/wp-json\/wp\/v2\/types\/product"}],"replies":[{"embeddable":true,"href":"https:\/\/jbsy-china.com\/de\/wp-json\/wp\/v2\/comments?post=33097"}],"wp:featuredmedia":[{"embeddable":true,"href":"https:\/\/jbsy-china.com\/de\/wp-json\/wp\/v2\/media\/33122"}],"wp:attachment":[{"href":"https:\/\/jbsy-china.com\/de\/wp-json\/wp\/v2\/media?parent=33097"}],"wp:term":[{"taxonomy":"product_brand","embeddable":true,"href":"https:\/\/jbsy-china.com\/de\/wp-json\/wp\/v2\/product_brand?post=33097"},{"taxonomy":"product_cat","embeddable":true,"href":"https:\/\/jbsy-china.com\/de\/wp-json\/wp\/v2\/product_cat?post=33097"},{"taxonomy":"product_tag","embeddable":true,"href":"https:\/\/jbsy-china.com\/de\/wp-json\/wp\/v2\/product_tag?post=33097"}],"curies":[{"name":"wp","href":"https:\/\/api.w.org\/{rel}","templated":true}]}}