{"id":33128,"date":"2025-05-06T07:32:35","date_gmt":"2025-05-06T07:32:35","guid":{"rendered":"https:\/\/jbsy-china.com\/?post_type=product&#038;p=33128"},"modified":"2025-07-31T09:52:21","modified_gmt":"2025-07-31T09:52:21","slug":"flat-head-shear-bolt","status":"publish","type":"product","link":"https:\/\/jbsy-china.com\/de\/produkt\/flat-head-shear-bolt\/","title":{"rendered":"Flachkopf-Abrei\u00dfschraube"},"content":{"rendered":"<p><img fetchpriority=\"high\" decoding=\"async\" class=\"alignnone size-full wp-image-7978\" src=\"http:\/\/jb-bolt.com\/wp-content\/uploads\/2025\/02\/\u51b7\u9566\u8be6\u60c5\u9875_01.jpg\" alt=\"\" width=\"790\" height=\"329\" \/> <img decoding=\"async\" class=\"alignnone size-full wp-image-7979\" src=\"http:\/\/jb-bolt.com\/wp-content\/uploads\/2025\/02\/\u51b7\u9566\u8be6\u60c5\u9875_02.jpg\" alt=\"\" width=\"790\" height=\"981\" \/> <img decoding=\"async\" class=\"alignnone size-full wp-image-7980\" src=\"http:\/\/jb-bolt.com\/wp-content\/uploads\/2025\/02\/\u51b7\u9566\u8be6\u60c5\u9875_03.jpg\" alt=\"\" width=\"790\" height=\"740\" \/> <img loading=\"lazy\" decoding=\"async\" class=\"alignnone size-full wp-image-7981\" src=\"http:\/\/jb-bolt.com\/wp-content\/uploads\/2025\/02\/\u51b7\u9566\u8be6\u60c5\u9875_04.jpg\" alt=\"\" width=\"790\" height=\"739\" \/> <img loading=\"lazy\" decoding=\"async\" class=\"alignnone size-full wp-image-7983\" src=\"http:\/\/jb-bolt.com\/wp-content\/uploads\/2025\/02\/\u51b7\u9566\u8be6\u60c5\u9875_05_01.jpg\" alt=\"\" width=\"790\" height=\"677\" \/><\/p>\n<p><strong>Das Kaltstauchverfahren ist eines der neuen Verfahren f\u00fcr die Druckbearbeitung mit weniger oder gar keiner Zerspanung<\/strong><br \/>\n<strong>Metall. Es handelt sich um eine Verarbeitungsmethode, die die plastische Verformung von Metall unter der Einwirkung von<\/strong><br \/>\n<strong>\u00e4u\u00dfere Kr\u00e4fte, und mit Hilfe von Formen wird das Metallvolumen umverteilt und in die Form gebracht<\/strong><br \/>\n<strong>die gew\u00fcnschten Teile oder Rohlinge. Das Kaltstauchverfahren ist am besten geeignet f\u00fcr die Herstellung von Standard<\/strong><br \/>\n<strong>Verbindungselemente wie Bolzen, Schrauben, Muttern, Nieten, Stifte usw.<\/strong><\/p>\n<p><img loading=\"lazy\" decoding=\"async\" class=\"alignnone size-full wp-image-7985\" src=\"http:\/\/jb-bolt.com\/wp-content\/uploads\/2025\/02\/\u51b7\u9566\u8be6\u60c5\u9875_05_03.jpg\" alt=\"\" width=\"790\" height=\"603\" \/> <img loading=\"lazy\" decoding=\"async\" class=\"alignnone size-full wp-image-7986\" src=\"http:\/\/jb-bolt.com\/wp-content\/uploads\/2025\/02\/\u51b7\u9566\u8be6\u60c5\u9875_06.jpg\" alt=\"\" width=\"790\" height=\"742\" \/><\/p>\n<p class=\"ds-markdown-paragraph\">Flacher Kopf <a href=\"https:\/\/jbsy-china.com\/de\/shear-off-nuts-and-bolts\/\">Scherbolzen<\/a> sind spezielle Verbindungselemente, die so konstruiert sind, dass sie bei einem bestimmten Drehmoment oder einer bestimmten Last brechen oder \"abscheren\" und Maschinen vor Sch\u00e4den sch\u00fctzen, indem sie eine \u00dcberlastung verhindern. Hier ist eine detaillierte Beschreibung:<\/p>\n<h5><strong>Merkmale von Flachkopfscherbolzen:<\/strong><\/h5>\n<ol start=\"1\">\n<li>\n<p class=\"ds-markdown-paragraph\"><strong>Kopf-Design:<\/strong><\/p>\n<ul>\n<li>\n<p class=\"ds-markdown-paragraph\"><strong>Flachkopf (Senkkopf):<\/strong>\u00a0Erm\u00f6glicht, dass der Bolzen beim Einbau b\u00fcndig mit der Oberfl\u00e4che abschlie\u00dft, wodurch der \u00dcberstand verringert und die Aerodynamik oder die Sicherheit bei beweglichen Teilen verbessert wird.<\/p>\n<\/li>\n<li>\n<p class=\"ds-markdown-paragraph\"><strong>Scherfurche:<\/strong>\u00a0Ein vorgeschw\u00e4chter Abschnitt (in der Regel unter dem Kopf oder entlang des Schafts) sorgt f\u00fcr einen kontrollierten Bruch bei einem vorher festgelegten Drehmoment.<\/p>\n<\/li>\n<\/ul>\n<\/li>\n<li>\n<p class=\"ds-markdown-paragraph\"><strong>Material:<\/strong><\/p>\n<ul>\n<li>\n<p class=\"ds-markdown-paragraph\">Sie werden in der Regel aus geh\u00e4rtetem Stahl, rostfreiem Stahl oder anderen hochfesten Legierungen hergestellt, um eine gleichm\u00e4\u00dfige Scherfestigkeit zu gew\u00e4hrleisten.<\/p>\n<\/li>\n<li>\n<p class=\"ds-markdown-paragraph\">Kann mit korrosionsbest\u00e4ndigen Beschichtungen (z. B. Verzinkung) versehen sein, um die Haltbarkeit zu erh\u00f6hen.<\/p>\n<\/li>\n<li>Flachkopf-Abrei\u00dfschraube<\/li>\n<\/ul>\n<\/li>\n<li>\n<p class=\"ds-markdown-paragraph\"><strong>Funktion:<\/strong><\/p>\n<ul>\n<li>\n<p class=\"ds-markdown-paragraph\">Wirkt wie eine mechanische Sicherung und schert bei \u00fcberm\u00e4\u00dfiger Krafteinwirkung ab (z. B. in landwirtschaftlichen Ger\u00e4ten, Schneefr\u00e4sen oder F\u00f6rderanlagen).<\/p>\n<\/li>\n<li>\n<p class=\"ds-markdown-paragraph\">Verhindert kostspielige Sch\u00e4den an Zahnr\u00e4dern, Wellen oder anderen Bauteilen, wenn sie zuerst ausfallen.<\/p>\n<\/li>\n<\/ul>\n<\/li>\n<li>\n<p class=\"ds-markdown-paragraph\"><strong>Gewindetyp:<\/strong><\/p>\n<ul>\n<li>\n<p class=\"ds-markdown-paragraph\">Voll- oder Teilgewinde, je nach Anwendung.<\/p>\n<\/li>\n<li>\n<p class=\"ds-markdown-paragraph\">Die Gewindesteigung kann grob oder fein sein, je nach den Anforderungen der Maschine.<\/p>\n<\/li>\n<\/ul>\n<\/li>\n<\/ol>\n<h5><strong>Anwendungen:<\/strong><\/h5>\n<ul>\n<li>\n<p class=\"ds-markdown-paragraph\"><strong>Landwirtschaftliche Maschinen:<\/strong>\u00a0Sch\u00fctzt den Antriebsstrang von Traktoren und Erntemaschinen.<\/p>\n<\/li>\n<li>\n<p class=\"ds-markdown-paragraph\"><strong>Schneefr\u00e4sen und Fr\u00e4sschleudern:<\/strong>\u00a0Schert, wenn die Messer auf ein Hindernis treffen.<\/p>\n<\/li>\n<li>\n<p class=\"ds-markdown-paragraph\"><strong>Industrielle Ausr\u00fcstung:<\/strong>\u00a0Wird in Getrieben, Kupplungen und Sicherheitskupplungen verwendet.<\/p>\n<\/li>\n<\/ul>\n<h5><strong>Warum Scherschrauben verwenden?<\/strong><\/h5>\n<ul>\n<li>\n<p class=\"ds-markdown-paragraph\"><strong>Sicherheit:<\/strong>\u00a0Verhindert katastrophales Versagen.<\/p>\n<\/li>\n<li>\n<p class=\"ds-markdown-paragraph\"><strong>Kosteng\u00fcnstig:<\/strong>\u00a0Eine Schraube zu ersetzen ist billiger als eine Maschine zu reparieren.<\/p>\n<\/li>\n<li>\n<p class=\"ds-markdown-paragraph\"><strong>Pr\u00e4zision:<\/strong>\u00a0Entwickelt, um bei exakten Belastungen zu scheren und eine gleichbleibende Leistung zu gew\u00e4hrleisten.<\/p>\n<\/li>\n<\/ul>\n<h5><strong>Tipps zum Einbau:<\/strong><\/h5>\n<ul>\n<li>\n<p class=\"ds-markdown-paragraph\">Verwenden Sie immer die\u00a0<strong>angegebene Qualit\u00e4t\/Gr\u00f6\u00dfe<\/strong>-Ungeeignete Schrauben scheren m\u00f6glicherweise nicht richtig ab.<\/p>\n<\/li>\n<li>\n<p class=\"ds-markdown-paragraph\">Ziehen Sie die Schraube mit dem empfohlenen Drehmoment an; ein zu starkes Anziehen kann zu einer vorzeitigen Schw\u00e4chung der Schraube f\u00fchren.<\/p>\n<\/li>\n<li>\n<p class=\"ds-markdown-paragraph\">Flachkopf-Abrei\u00dfschraube<\/p>\n<\/li>\n<li>\n<p class=\"ds-markdown-paragraph\">Ersetzen Sie die Scherschrauben nach einem Ausfall durch identische Schrauben - niemals durch Standardschrauben ersetzen.<\/p>\n<\/li>\n<\/ul>","protected":false},"excerpt":{"rendered":"<h6><strong>Hauptmerkmale:<\/strong><\/h6>\n<ol start=\"1\">\n<li style=\"list-style-type: none;\">\n<ul>\n<li>\n<p class=\"ds-markdown-paragraph\"><strong>Flachkopf (Senkkopf):<\/strong>\u00a0Erm\u00f6glicht, dass der Bolzen beim Einbau b\u00fcndig mit der Oberfl\u00e4che abschlie\u00dft, wodurch der \u00dcberstand verringert und die Aerodynamik oder die Sicherheit bei beweglichen Teilen verbessert wird.<\/p>\n<\/li>\n<li>\n<p class=\"ds-markdown-paragraph\"><strong>Scherfurche:<\/strong>\u00a0Ein vorgeschw\u00e4chter Abschnitt (in der Regel unter dem Kopf oder entlang des Schafts) sorgt f\u00fcr einen kontrollierten Bruch bei einem vorher festgelegten Drehmoment.<\/p>\n<\/li>\n<li>\n<p class=\"ds-markdown-paragraph\">Sie werden in der Regel aus geh\u00e4rtetem Stahl, rostfreiem Stahl oder anderen hochfesten Legierungen hergestellt, um eine gleichm\u00e4\u00dfige Scherfestigkeit zu gew\u00e4hrleisten.<\/p>\n<\/li>\n<\/ul>\n<\/li>\n<\/ol>","protected":false},"featured_media":33154,"comment_status":"closed","ping_status":"closed","template":"","meta":{"site-sidebar-layout":"default","site-content-layout":"","ast-site-content-layout":"default","site-content-style":"default","site-sidebar-style":"default","ast-global-header-display":"","ast-banner-title-visibility":"","ast-main-header-display":"","ast-hfb-above-header-display":"","ast-hfb-below-header-display":"","ast-hfb-mobile-header-display":"","site-post-title":"","ast-breadcrumbs-content":"","ast-featured-img":"","footer-sml-layout":"","ast-disable-related-posts":"","theme-transparent-header-meta":"default","adv-header-id-meta":"","stick-header-meta":"default","header-above-stick-meta":"","header-main-stick-meta":"","header-below-stick-meta":"","astra-migrate-meta-layouts":"set","ast-page-background-enabled":"default","ast-page-background-meta":{"desktop":{"background-color":"var(--ast-global-color-4)","background-image":"","background-repeat":"repeat","background-position":"center center","background-size":"auto","background-attachment":"scroll","background-type":"","background-media":"","overlay-type":"","overlay-color":"","overlay-opacity":"","overlay-gradient":""},"tablet":{"background-color":"","background-image":"","background-repeat":"repeat","background-position":"center center","background-size":"auto","background-attachment":"scroll","background-type":"","background-media":"","overlay-type":"","overlay-color":"","overlay-opacity":"","overlay-gradient":""},"mobile":{"background-color":"","background-image":"","background-repeat":"repeat","background-position":"center center","background-size":"auto","background-attachment":"scroll","background-type":"","background-media":"","overlay-type":"","overlay-color":"","overlay-opacity":"","overlay-gradient":""}},"ast-content-background-meta":{"desktop":{"background-color":"var(--ast-global-color-5)","background-image":"","background-repeat":"repeat","background-position":"center center","background-size":"auto","background-attachment":"scroll","background-type":"","background-media":"","overlay-type":"","overlay-color":"","overlay-opacity":"","overlay-gradient":""},"tablet":{"background-color":"var(--ast-global-color-5)","background-image":"","background-repeat":"repeat","background-position":"center center","background-size":"auto","background-attachment":"scroll","background-type":"","background-media":"","overlay-type":"","overlay-color":"","overlay-opacity":"","overlay-gradient":""},"mobile":{"background-color":"var(--ast-global-color-5)","background-image":"","background-repeat":"repeat","background-position":"center center","background-size":"auto","background-attachment":"scroll","background-type":"","background-media":"","overlay-type":"","overlay-color":"","overlay-opacity":"","overlay-gradient":""}},"_themeisle_gutenberg_block_has_review":false,"_ti_tpc_template_sync":false,"_ti_tpc_template_id":""},"product_brand":[],"product_cat":[1272],"product_tag":[],"class_list":{"0":"post-33128","1":"product","2":"type-product","3":"status-publish","4":"has-post-thumbnail","6":"product_cat-shear-off-nuts-and-bolts","7":"desktop-align-left","8":"tablet-align-left","9":"mobile-align-left","10":"ast-product-gallery-layout-horizontal-slider","11":"ast-product-tabs-layout-horizontal","12":"ast-qv-on-image","14":"first","15":"instock","16":"shipping-taxable","17":"product-type-simple"},"yoast_head":"<!-- This site is optimized with the Yoast SEO Premium plugin v21.7 (Yoast SEO v25.7) - https:\/\/yoast.com\/wordpress\/plugins\/seo\/ -->\n<title>Flat head shear bolt - Jingbang Industrial<\/title>\n<meta name=\"description\" content=\"Flat head shear bolt are fasteners specifically designed to break at a specific torque or load, protecting machinery from damage by preventing overloading.\" \/>\n<meta name=\"robots\" content=\"index, follow, max-snippet:-1, max-image-preview:large, max-video-preview:-1\" \/>\n<link rel=\"canonical\" href=\"https:\/\/jbsy-china.com\/de\/produkt\/flat-head-shear-bolt\/\" \/>\n<meta property=\"og:locale\" content=\"de_DE\" \/>\n<meta property=\"og:type\" content=\"article\" \/>\n<meta property=\"og:title\" content=\"Flat head shear bolt\" \/>\n<meta property=\"og:description\" content=\"Flat head shear bolt are fasteners specifically designed to break at a specific torque or load, protecting machinery from damage by preventing overloading.\" \/>\n<meta property=\"og:url\" content=\"https:\/\/jbsy-china.com\/de\/produkt\/flat-head-shear-bolt\/\" \/>\n<meta property=\"og:site_name\" content=\"Jingbang Industrial\" \/>\n<meta property=\"article:modified_time\" content=\"2025-07-31T09:52:21+00:00\" \/>\n<meta property=\"og:image\" content=\"http:\/\/jbsy-china.com\/wp-content\/uploads\/2025\/05\/\u526a\u5207\u87ba\u6813\u5e26\u5e73\u5934.jpg\" \/>\n\t<meta property=\"og:image:width\" content=\"800\" \/>\n\t<meta property=\"og:image:height\" content=\"800\" \/>\n\t<meta property=\"og:image:type\" content=\"image\/jpeg\" \/>\n<meta name=\"twitter:card\" content=\"summary_large_image\" \/>\n<meta name=\"twitter:label1\" content=\"Gesch\u00e4tzte Lesezeit\" \/>\n\t<meta name=\"twitter:data1\" content=\"4\u00a0Minuten\" \/>\n<script type=\"application\/ld+json\" class=\"yoast-schema-graph\">{\"@context\":\"https:\/\/schema.org\",\"@graph\":[{\"@type\":\"WebPage\",\"@id\":\"https:\/\/jbsy-china.com\/product\/flat-head-shear-bolt\/\",\"url\":\"https:\/\/jbsy-china.com\/product\/flat-head-shear-bolt\/\",\"name\":\"Flat head shear bolt - Jingbang Industrial\",\"isPartOf\":{\"@id\":\"https:\/\/jbsy-china.com\/#website\"},\"primaryImageOfPage\":{\"@id\":\"https:\/\/jbsy-china.com\/product\/flat-head-shear-bolt\/#primaryimage\"},\"image\":{\"@id\":\"https:\/\/jbsy-china.com\/product\/flat-head-shear-bolt\/#primaryimage\"},\"thumbnailUrl\":\"https:\/\/jbsy-china.com\/wp-content\/uploads\/2025\/05\/\u526a\u5207\u87ba\u6813\u5e26\u5e73\u5934.jpg\",\"datePublished\":\"2025-05-06T07:32:35+00:00\",\"dateModified\":\"2025-07-31T09:52:21+00:00\",\"description\":\"Flat head shear bolt are fasteners specifically designed to break at a specific torque or load, protecting machinery from damage by preventing overloading.\",\"breadcrumb\":{\"@id\":\"https:\/\/jbsy-china.com\/product\/flat-head-shear-bolt\/#breadcrumb\"},\"inLanguage\":\"de\",\"potentialAction\":[{\"@type\":\"ReadAction\",\"target\":[\"https:\/\/jbsy-china.com\/product\/flat-head-shear-bolt\/\"]}]},{\"@type\":\"ImageObject\",\"inLanguage\":\"de\",\"@id\":\"https:\/\/jbsy-china.com\/product\/flat-head-shear-bolt\/#primaryimage\",\"url\":\"https:\/\/jbsy-china.com\/wp-content\/uploads\/2025\/05\/\u526a\u5207\u87ba\u6813\u5e26\u5e73\u5934.jpg\",\"contentUrl\":\"https:\/\/jbsy-china.com\/wp-content\/uploads\/2025\/05\/\u526a\u5207\u87ba\u6813\u5e26\u5e73\u5934.jpg\",\"width\":800,\"height\":800},{\"@type\":\"BreadcrumbList\",\"@id\":\"https:\/\/jbsy-china.com\/product\/flat-head-shear-bolt\/#breadcrumb\",\"itemListElement\":[{\"@type\":\"ListItem\",\"position\":1,\"name\":\"Home\",\"item\":\"https:\/\/jbsy-china.com\/\"},{\"@type\":\"ListItem\",\"position\":2,\"name\":\"Products\",\"item\":\"https:\/\/jbsy-china.com\/shop\/\"},{\"@type\":\"ListItem\",\"position\":3,\"name\":\"Flat head shear bolt\"}]},{\"@type\":\"WebSite\",\"@id\":\"https:\/\/jbsy-china.com\/#website\",\"url\":\"https:\/\/jbsy-china.com\/\",\"name\":\"Jingbang Industrial\",\"description\":\"Hardware and electronics manufacturer\",\"publisher\":{\"@id\":\"https:\/\/jbsy-china.com\/#organization\"},\"potentialAction\":[{\"@type\":\"SearchAction\",\"target\":{\"@type\":\"EntryPoint\",\"urlTemplate\":\"https:\/\/jbsy-china.com\/?s={search_term_string}\"},\"query-input\":{\"@type\":\"PropertyValueSpecification\",\"valueRequired\":true,\"valueName\":\"search_term_string\"}}],\"inLanguage\":\"de\"},{\"@type\":\"Organization\",\"@id\":\"https:\/\/jbsy-china.com\/#organization\",\"name\":\"Jingbang Industrial\",\"url\":\"https:\/\/jbsy-china.com\/\",\"logo\":{\"@type\":\"ImageObject\",\"inLanguage\":\"de\",\"@id\":\"https:\/\/jbsy-china.com\/#\/schema\/logo\/image\/\",\"url\":\"https:\/\/jbsy-china.com\/wp-content\/uploads\/2023\/11\/cropped-\u56fe\u5c42-1.png\",\"contentUrl\":\"https:\/\/jbsy-china.com\/wp-content\/uploads\/2023\/11\/cropped-\u56fe\u5c42-1.png\",\"width\":1049,\"height\":739,\"caption\":\"Jingbang Industrial\"},\"image\":{\"@id\":\"https:\/\/jbsy-china.com\/#\/schema\/logo\/image\/\"}}]}<\/script>\n<!-- \/ Yoast SEO Premium plugin. -->","yoast_head_json":{"title":"Flat head shear bolt - Jingbang Industrial","description":"Flat head shear bolt are fasteners specifically designed to break at a specific torque or load, protecting machinery from damage by preventing overloading.","robots":{"index":"index","follow":"follow","max-snippet":"max-snippet:-1","max-image-preview":"max-image-preview:large","max-video-preview":"max-video-preview:-1"},"canonical":"https:\/\/jbsy-china.com\/de\/produkt\/flat-head-shear-bolt\/","og_locale":"de_DE","og_type":"article","og_title":"Flat head shear bolt","og_description":"Flat head shear bolt are fasteners specifically designed to break at a specific torque or load, protecting machinery from damage by preventing overloading.","og_url":"https:\/\/jbsy-china.com\/de\/produkt\/flat-head-shear-bolt\/","og_site_name":"Jingbang Industrial","article_modified_time":"2025-07-31T09:52:21+00:00","og_image":[{"width":800,"height":800,"url":"http:\/\/jbsy-china.com\/wp-content\/uploads\/2025\/05\/\u526a\u5207\u87ba\u6813\u5e26\u5e73\u5934.jpg","type":"image\/jpeg"}],"twitter_card":"summary_large_image","twitter_misc":{"Gesch\u00e4tzte Lesezeit":"4\u00a0Minuten"},"schema":{"@context":"https:\/\/schema.org","@graph":[{"@type":"WebPage","@id":"https:\/\/jbsy-china.com\/product\/flat-head-shear-bolt\/","url":"https:\/\/jbsy-china.com\/product\/flat-head-shear-bolt\/","name":"Flat head shear bolt - Jingbang Industrial","isPartOf":{"@id":"https:\/\/jbsy-china.com\/#website"},"primaryImageOfPage":{"@id":"https:\/\/jbsy-china.com\/product\/flat-head-shear-bolt\/#primaryimage"},"image":{"@id":"https:\/\/jbsy-china.com\/product\/flat-head-shear-bolt\/#primaryimage"},"thumbnailUrl":"https:\/\/jbsy-china.com\/wp-content\/uploads\/2025\/05\/\u526a\u5207\u87ba\u6813\u5e26\u5e73\u5934.jpg","datePublished":"2025-05-06T07:32:35+00:00","dateModified":"2025-07-31T09:52:21+00:00","description":"Flat head shear bolt are fasteners specifically designed to break at a specific torque or load, protecting machinery from damage by preventing overloading.","breadcrumb":{"@id":"https:\/\/jbsy-china.com\/product\/flat-head-shear-bolt\/#breadcrumb"},"inLanguage":"de","potentialAction":[{"@type":"ReadAction","target":["https:\/\/jbsy-china.com\/product\/flat-head-shear-bolt\/"]}]},{"@type":"ImageObject","inLanguage":"de","@id":"https:\/\/jbsy-china.com\/product\/flat-head-shear-bolt\/#primaryimage","url":"https:\/\/jbsy-china.com\/wp-content\/uploads\/2025\/05\/\u526a\u5207\u87ba\u6813\u5e26\u5e73\u5934.jpg","contentUrl":"https:\/\/jbsy-china.com\/wp-content\/uploads\/2025\/05\/\u526a\u5207\u87ba\u6813\u5e26\u5e73\u5934.jpg","width":800,"height":800},{"@type":"BreadcrumbList","@id":"https:\/\/jbsy-china.com\/product\/flat-head-shear-bolt\/#breadcrumb","itemListElement":[{"@type":"ListItem","position":1,"name":"Home","item":"https:\/\/jbsy-china.com\/"},{"@type":"ListItem","position":2,"name":"Products","item":"https:\/\/jbsy-china.com\/shop\/"},{"@type":"ListItem","position":3,"name":"Flat head shear bolt"}]},{"@type":"WebSite","@id":"https:\/\/jbsy-china.com\/#website","url":"https:\/\/jbsy-china.com\/","name":"Jingbang Industrie","description":"Hersteller von Hardware und Elektronik","publisher":{"@id":"https:\/\/jbsy-china.com\/#organization"},"potentialAction":[{"@type":"SearchAction","target":{"@type":"EntryPoint","urlTemplate":"https:\/\/jbsy-china.com\/?s={search_term_string}"},"query-input":{"@type":"PropertyValueSpecification","valueRequired":true,"valueName":"search_term_string"}}],"inLanguage":"de"},{"@type":"Organization","@id":"https:\/\/jbsy-china.com\/#organization","name":"Jingbang Industrie","url":"https:\/\/jbsy-china.com\/","logo":{"@type":"ImageObject","inLanguage":"de","@id":"https:\/\/jbsy-china.com\/#\/schema\/logo\/image\/","url":"https:\/\/jbsy-china.com\/wp-content\/uploads\/2023\/11\/cropped-\u56fe\u5c42-1.png","contentUrl":"https:\/\/jbsy-china.com\/wp-content\/uploads\/2023\/11\/cropped-\u56fe\u5c42-1.png","width":1049,"height":739,"caption":"Jingbang Industrial"},"image":{"@id":"https:\/\/jbsy-china.com\/#\/schema\/logo\/image\/"}}]}},"_links":{"self":[{"href":"https:\/\/jbsy-china.com\/de\/wp-json\/wp\/v2\/product\/33128","targetHints":{"allow":["GET"]}}],"collection":[{"href":"https:\/\/jbsy-china.com\/de\/wp-json\/wp\/v2\/product"}],"about":[{"href":"https:\/\/jbsy-china.com\/de\/wp-json\/wp\/v2\/types\/product"}],"replies":[{"embeddable":true,"href":"https:\/\/jbsy-china.com\/de\/wp-json\/wp\/v2\/comments?post=33128"}],"wp:featuredmedia":[{"embeddable":true,"href":"https:\/\/jbsy-china.com\/de\/wp-json\/wp\/v2\/media\/33154"}],"wp:attachment":[{"href":"https:\/\/jbsy-china.com\/de\/wp-json\/wp\/v2\/media?parent=33128"}],"wp:term":[{"taxonomy":"product_brand","embeddable":true,"href":"https:\/\/jbsy-china.com\/de\/wp-json\/wp\/v2\/product_brand?post=33128"},{"taxonomy":"product_cat","embeddable":true,"href":"https:\/\/jbsy-china.com\/de\/wp-json\/wp\/v2\/product_cat?post=33128"},{"taxonomy":"product_tag","embeddable":true,"href":"https:\/\/jbsy-china.com\/de\/wp-json\/wp\/v2\/product_tag?post=33128"}],"curies":[{"name":"wp","href":"https:\/\/api.w.org\/{rel}","templated":true}]}}