{"id":33133,"date":"2025-05-06T07:32:36","date_gmt":"2025-05-06T07:32:36","guid":{"rendered":"https:\/\/jbsy-china.com\/?post_type=product&#038;p=33133"},"modified":"2025-07-31T08:57:54","modified_gmt":"2025-07-31T08:57:54","slug":"round-head-shear-bolts","status":"publish","type":"product","link":"https:\/\/jbsy-china.com\/de\/produkt\/round-head-shear-bolts\/","title":{"rendered":"Abrei\u00dfschrauben mit rundem Kopf"},"content":{"rendered":"<p><img fetchpriority=\"high\" decoding=\"async\" class=\"alignnone size-full wp-image-7978\" src=\"http:\/\/jb-bolt.com\/wp-content\/uploads\/2025\/02\/\u51b7\u9566\u8be6\u60c5\u9875_01.jpg\" alt=\"\" width=\"790\" height=\"329\" \/> <img decoding=\"async\" class=\"alignnone size-full wp-image-7979\" src=\"http:\/\/jb-bolt.com\/wp-content\/uploads\/2025\/02\/\u51b7\u9566\u8be6\u60c5\u9875_02.jpg\" alt=\"\" width=\"790\" height=\"981\" \/> <img decoding=\"async\" class=\"alignnone size-full wp-image-7980\" src=\"http:\/\/jb-bolt.com\/wp-content\/uploads\/2025\/02\/\u51b7\u9566\u8be6\u60c5\u9875_03.jpg\" alt=\"\" width=\"790\" height=\"740\" \/> <img loading=\"lazy\" decoding=\"async\" class=\"alignnone size-full wp-image-7981\" src=\"http:\/\/jb-bolt.com\/wp-content\/uploads\/2025\/02\/\u51b7\u9566\u8be6\u60c5\u9875_04.jpg\" alt=\"\" width=\"790\" height=\"739\" \/> <img loading=\"lazy\" decoding=\"async\" class=\"alignnone size-full wp-image-7983\" src=\"http:\/\/jb-bolt.com\/wp-content\/uploads\/2025\/02\/\u51b7\u9566\u8be6\u60c5\u9875_05_01.jpg\" alt=\"\" width=\"790\" height=\"677\" \/><\/p>\n<p><strong>Das Kaltstauchverfahren ist eines der neuen Verfahren f\u00fcr die Druckbearbeitung mit weniger oder gar keiner Zerspanung<\/strong><br \/>\n<strong>Metall. Es handelt sich um eine Verarbeitungsmethode, die die plastische Verformung von Metall unter der Einwirkung von<\/strong><br \/>\n<strong>\u00e4u\u00dfere Kr\u00e4fte, und mit Hilfe von Formen wird das Metallvolumen umverteilt und in die Form gebracht<\/strong><br \/>\n<strong>die gew\u00fcnschten Teile oder Rohlinge. Das Kaltstauchverfahren ist am besten geeignet f\u00fcr die Herstellung von Standard<\/strong><br \/>\n<strong>Verbindungselemente wie Bolzen, Schrauben, Muttern, Nieten, Stifte usw.<\/strong><\/p>\n<p><img loading=\"lazy\" decoding=\"async\" class=\"alignnone size-full wp-image-7985\" src=\"http:\/\/jb-bolt.com\/wp-content\/uploads\/2025\/02\/\u51b7\u9566\u8be6\u60c5\u9875_05_03.jpg\" alt=\"\" width=\"790\" height=\"603\" \/> <img loading=\"lazy\" decoding=\"async\" class=\"alignnone size-full wp-image-7986\" src=\"http:\/\/jb-bolt.com\/wp-content\/uploads\/2025\/02\/\u51b7\u9566\u8be6\u60c5\u9875_06.jpg\" alt=\"\" width=\"790\" height=\"742\" \/><\/p>\n<p class=\"ds-markdown-paragraph\">Rundkopf-Abrei\u00dfschrauben, auch bekannt als\u00a0<a href=\"https:\/\/jbsy-china.com\/de\/shear-off-nuts-and-bolts\/\"><strong>Scherbolzen<\/strong><\/a>\u00a0oder\u00a0<strong>Abbruchbolzen<\/strong>sind spezialisierte Befestigungselemente, die eine manipulationssichere Sicherung bieten. Sie werden h\u00e4ufig bei Anwendungen eingesetzt, bei denen Vandalismus, Diebstahl oder unbefugter Zugriff ein Problem darstellen, wie z. B. bei \u00f6ffentlicher Infrastruktur, Maschinen, Elektronik und Transportsystemen.<\/p>\n<h3><strong>Hauptmerkmale von Scherbolzen mit rundem Kopf:<\/strong><\/h3>\n<ol start=\"1\">\n<li>\n<p class=\"ds-markdown-paragraph\"><strong>Schermechanismus<\/strong><\/p>\n<ul>\n<li>\n<p class=\"ds-markdown-paragraph\">Der Schraubenkopf ist so konstruiert, dass\u00a0<strong>abknicken<\/strong>\u00a0(Scherung), sobald bei der Montage ein bestimmtes Drehmoment erreicht wird, und hinterl\u00e4sst nur eine glatte, abgerundete Oberfl\u00e4che.<\/p>\n<\/li>\n<li>\n<p class=\"ds-markdown-paragraph\">Dies verhindert die Demontage mit Standardwerkzeugen wie Schraubenschl\u00fcsseln oder Steckschl\u00fcsseln.<\/p>\n<\/li>\n<\/ul>\n<\/li>\n<li>\n<p class=\"ds-markdown-paragraph\"><strong>Runder (kuppelf\u00f6rmiger) Kopf<\/strong><\/p>\n<ul>\n<li>\n<p class=\"ds-markdown-paragraph\">Nach dem Abscheren ist der verbleibende Kopf glatt und abgerundet, so dass er mit einer Zange oder anderen Werkzeugen schwer zu greifen ist.<\/p>\n<\/li>\n<li>\n<p class=\"ds-markdown-paragraph\">Die Kuppelform verbessert auch die \u00c4sthetik und reduziert das Verheddern.<\/p>\n<\/li>\n<\/ul>\n<\/li>\n<li>\n<p class=\"ds-markdown-paragraph\"><strong>Manipulationssicher<\/strong><\/p>\n<ul>\n<li>\n<p class=\"ds-markdown-paragraph\">Die Beseitigung erfordert in der Regel\u00a0<strong>spezielle Tools<\/strong>\u00a0(z. B. linksh\u00e4ndige Bohrer, Abziehn\u00fcsse oder Scherschraubenentferner).<\/p>\n<\/li>\n<li>\n<p class=\"ds-markdown-paragraph\">Einige Versionen haben\u00a0<strong>einzigartige Antriebsmuster<\/strong>\u00a0(z. B. Stecknadelk\u00f6pfe oder Schraubenschl\u00fcssel) vor dem Abscheren.<\/p>\n<\/li>\n<\/ul>\n<\/li>\n<li>\n<p class=\"ds-markdown-paragraph\"><strong>Materialien und Beschichtungen<\/strong><\/p>\n<ul>\n<li>\n<p class=\"ds-markdown-paragraph\">H\u00e4ufig hergestellt aus\u00a0<strong>geh\u00e4rteter Stahl<\/strong>, Edelstahl oder andere haltbare Metalle.<\/p>\n<\/li>\n<li>\n<p class=\"ds-markdown-paragraph\">Kann umfassen\u00a0<strong>korrosionsbest\u00e4ndige Beschichtungen<\/strong>\u00a0(Verzinkung, schwarzes Oxid usw.) f\u00fcr den Au\u00dfenbereich oder raue Umgebungen.<\/p>\n<\/li>\n<\/ul>\n<\/li>\n<li>\n<p class=\"ds-markdown-paragraph\"><strong>Gemeinsame Anwendungen<\/strong><\/p>\n<ul>\n<li>\n<p class=\"ds-markdown-paragraph\"><strong>Sicherheitspaneele<\/strong>\u00a0(Stromk\u00e4sten, Z\u00e4hler, Verkehrssignale)<\/p>\n<\/li>\n<li>\n<p class=\"ds-markdown-paragraph\"><strong>\u00d6ffentliche Infrastruktur<\/strong>\u00a0(Stra\u00dfenschilder, B\u00e4nke, Gel\u00e4nder)<\/p>\n<\/li>\n<li>\n<p class=\"ds-markdown-paragraph\"><strong>Automobilindustrie und Luft- und Raumfahrt<\/strong>\u00a0(Nummernschilder, Zugangsklappen)<\/p>\n<\/li>\n<li>\n<p class=\"ds-markdown-paragraph\"><strong>Industrielle Maschinen<\/strong>\u00a0(Schutzvorrichtungen, Geh\u00e4use f\u00fcr Ger\u00e4te)<\/p>\n<\/li>\n<\/ul>\n<\/li>\n<\/ol>\n<h3><strong>Montage und Demontage:<\/strong><\/h3>\n<ul>\n<li>\n<p class=\"ds-markdown-paragraph\"><strong>Einbau:<\/strong>\u00a0Mit einem handels\u00fcblichen Werkzeug (z. B. Sechskantschl\u00fcssel) festziehen, bis der Kopf abbricht.<\/p>\n<\/li>\n<li>\n<p class=\"ds-markdown-paragraph\"><strong>Beseitigung:<\/strong>\u00a0Erfordert Bohren, Aufhebeln oder spezielle Extraktoren, was den unbefugten Zugang erschwert.<\/p>\n<\/li>\n<\/ul>","protected":false},"excerpt":{"rendered":"<h6><strong>Wesentliche Merkmale:<\/strong><\/h6>\n<ol start=\"1\">\n<li style=\"list-style-type: none;\">\n<ul>\n<li>\n<p class=\"ds-markdown-paragraph\">Der Schraubenkopf ist so konstruiert, dass\u00a0<strong>abknicken<\/strong>\u00a0(Scherung), sobald bei der Montage ein bestimmtes Drehmoment erreicht wird, und hinterl\u00e4sst nur eine glatte, abgerundete Oberfl\u00e4che.<\/p>\n<\/li>\n<li>\n<p class=\"ds-markdown-paragraph\">Dies verhindert die Demontage mit Standardwerkzeugen wie Schraubenschl\u00fcsseln oder Steckschl\u00fcsseln.<\/p>\n<\/li>\n<li>\n<p class=\"ds-markdown-paragraph\">Nach dem Abscheren ist der verbleibende Kopf glatt und abgerundet, so dass er mit einer Zange oder anderen Werkzeugen schwer zu greifen ist.<\/p>\n<\/li>\n<\/ul>\n<\/li>\n<\/ol>","protected":false},"featured_media":33167,"comment_status":"closed","ping_status":"closed","template":"","meta":{"site-sidebar-layout":"default","site-content-layout":"","ast-site-content-layout":"default","site-content-style":"default","site-sidebar-style":"default","ast-global-header-display":"","ast-banner-title-visibility":"","ast-main-header-display":"","ast-hfb-above-header-display":"","ast-hfb-below-header-display":"","ast-hfb-mobile-header-display":"","site-post-title":"","ast-breadcrumbs-content":"","ast-featured-img":"","footer-sml-layout":"","ast-disable-related-posts":"","theme-transparent-header-meta":"default","adv-header-id-meta":"","stick-header-meta":"default","header-above-stick-meta":"","header-main-stick-meta":"","header-below-stick-meta":"","astra-migrate-meta-layouts":"set","ast-page-background-enabled":"default","ast-page-background-meta":{"desktop":{"background-color":"var(--ast-global-color-4)","background-image":"","background-repeat":"repeat","background-position":"center center","background-size":"auto","background-attachment":"scroll","background-type":"","background-media":"","overlay-type":"","overlay-color":"","overlay-opacity":"","overlay-gradient":""},"tablet":{"background-color":"","background-image":"","background-repeat":"repeat","background-position":"center center","background-size":"auto","background-attachment":"scroll","background-type":"","background-media":"","overlay-type":"","overlay-color":"","overlay-opacity":"","overlay-gradient":""},"mobile":{"background-color":"","background-image":"","background-repeat":"repeat","background-position":"center center","background-size":"auto","background-attachment":"scroll","background-type":"","background-media":"","overlay-type":"","overlay-color":"","overlay-opacity":"","overlay-gradient":""}},"ast-content-background-meta":{"desktop":{"background-color":"var(--ast-global-color-5)","background-image":"","background-repeat":"repeat","background-position":"center center","background-size":"auto","background-attachment":"scroll","background-type":"","background-media":"","overlay-type":"","overlay-color":"","overlay-opacity":"","overlay-gradient":""},"tablet":{"background-color":"var(--ast-global-color-5)","background-image":"","background-repeat":"repeat","background-position":"center center","background-size":"auto","background-attachment":"scroll","background-type":"","background-media":"","overlay-type":"","overlay-color":"","overlay-opacity":"","overlay-gradient":""},"mobile":{"background-color":"var(--ast-global-color-5)","background-image":"","background-repeat":"repeat","background-position":"center center","background-size":"auto","background-attachment":"scroll","background-type":"","background-media":"","overlay-type":"","overlay-color":"","overlay-opacity":"","overlay-gradient":""}},"_themeisle_gutenberg_block_has_review":false,"_ti_tpc_template_sync":false,"_ti_tpc_template_id":""},"product_brand":[],"product_cat":[1272],"product_tag":[],"class_list":{"0":"post-33133","1":"product","2":"type-product","3":"status-publish","4":"has-post-thumbnail","6":"product_cat-shear-off-nuts-and-bolts","7":"desktop-align-left","8":"tablet-align-left","9":"mobile-align-left","10":"ast-product-gallery-layout-horizontal-slider","11":"ast-product-tabs-layout-horizontal","12":"ast-qv-on-image","14":"first","15":"instock","16":"shipping-taxable","17":"product-type-simple"},"yoast_head":"<!-- This site is optimized with the Yoast SEO Premium plugin v21.7 (Yoast SEO v25.7) - https:\/\/yoast.com\/wordpress\/plugins\/seo\/ -->\n<title>Round head shear bolts - Jingbang Industrial<\/title>\n<meta name=\"description\" content=\"Round head shear bolts, also known as shear bolts or break-off bolts, are specialized fasteners designed to provide tamper-resistant security.\" \/>\n<meta name=\"robots\" content=\"index, follow, max-snippet:-1, max-image-preview:large, max-video-preview:-1\" \/>\n<link rel=\"canonical\" href=\"https:\/\/jbsy-china.com\/de\/produkt\/round-head-shear-bolts\/\" \/>\n<meta property=\"og:locale\" content=\"de_DE\" \/>\n<meta property=\"og:type\" content=\"article\" \/>\n<meta property=\"og:title\" content=\"Round head shear bolts\" \/>\n<meta property=\"og:description\" content=\"Round head shear bolts, also known as shear bolts or break-off bolts, are specialized fasteners designed to provide tamper-resistant security.\" \/>\n<meta property=\"og:url\" content=\"https:\/\/jbsy-china.com\/de\/produkt\/round-head-shear-bolts\/\" \/>\n<meta property=\"og:site_name\" content=\"Jingbang Industrial\" \/>\n<meta property=\"article:modified_time\" content=\"2025-07-31T08:57:54+00:00\" \/>\n<meta property=\"og:image\" content=\"http:\/\/jbsy-china.com\/wp-content\/uploads\/2025\/05\/\u5185\u516d\u89d2\u5e26\u5706\u5934\u526a\u5207\u87ba\u6813.jpg\" \/>\n\t<meta property=\"og:image:width\" content=\"800\" \/>\n\t<meta property=\"og:image:height\" content=\"800\" \/>\n\t<meta property=\"og:image:type\" content=\"image\/jpeg\" \/>\n<meta name=\"twitter:card\" content=\"summary_large_image\" \/>\n<meta name=\"twitter:label1\" content=\"Gesch\u00e4tzte Lesezeit\" \/>\n\t<meta name=\"twitter:data1\" content=\"3\u00a0Minuten\" \/>\n<script type=\"application\/ld+json\" class=\"yoast-schema-graph\">{\"@context\":\"https:\/\/schema.org\",\"@graph\":[{\"@type\":\"WebPage\",\"@id\":\"https:\/\/jbsy-china.com\/product\/round-head-shear-bolts\/\",\"url\":\"https:\/\/jbsy-china.com\/product\/round-head-shear-bolts\/\",\"name\":\"Round head shear bolts - Jingbang Industrial\",\"isPartOf\":{\"@id\":\"https:\/\/jbsy-china.com\/#website\"},\"primaryImageOfPage\":{\"@id\":\"https:\/\/jbsy-china.com\/product\/round-head-shear-bolts\/#primaryimage\"},\"image\":{\"@id\":\"https:\/\/jbsy-china.com\/product\/round-head-shear-bolts\/#primaryimage\"},\"thumbnailUrl\":\"https:\/\/jbsy-china.com\/wp-content\/uploads\/2025\/05\/\u5185\u516d\u89d2\u5e26\u5706\u5934\u526a\u5207\u87ba\u6813.jpg\",\"datePublished\":\"2025-05-06T07:32:36+00:00\",\"dateModified\":\"2025-07-31T08:57:54+00:00\",\"description\":\"Round head shear bolts, also known as shear bolts or break-off bolts, are specialized fasteners designed to provide tamper-resistant security.\",\"breadcrumb\":{\"@id\":\"https:\/\/jbsy-china.com\/product\/round-head-shear-bolts\/#breadcrumb\"},\"inLanguage\":\"de\",\"potentialAction\":[{\"@type\":\"ReadAction\",\"target\":[\"https:\/\/jbsy-china.com\/product\/round-head-shear-bolts\/\"]}]},{\"@type\":\"ImageObject\",\"inLanguage\":\"de\",\"@id\":\"https:\/\/jbsy-china.com\/product\/round-head-shear-bolts\/#primaryimage\",\"url\":\"https:\/\/jbsy-china.com\/wp-content\/uploads\/2025\/05\/\u5185\u516d\u89d2\u5e26\u5706\u5934\u526a\u5207\u87ba\u6813.jpg\",\"contentUrl\":\"https:\/\/jbsy-china.com\/wp-content\/uploads\/2025\/05\/\u5185\u516d\u89d2\u5e26\u5706\u5934\u526a\u5207\u87ba\u6813.jpg\",\"width\":800,\"height\":800},{\"@type\":\"BreadcrumbList\",\"@id\":\"https:\/\/jbsy-china.com\/product\/round-head-shear-bolts\/#breadcrumb\",\"itemListElement\":[{\"@type\":\"ListItem\",\"position\":1,\"name\":\"Home\",\"item\":\"https:\/\/jbsy-china.com\/\"},{\"@type\":\"ListItem\",\"position\":2,\"name\":\"Products\",\"item\":\"https:\/\/jbsy-china.com\/shop\/\"},{\"@type\":\"ListItem\",\"position\":3,\"name\":\"Round head shear bolts\"}]},{\"@type\":\"WebSite\",\"@id\":\"https:\/\/jbsy-china.com\/#website\",\"url\":\"https:\/\/jbsy-china.com\/\",\"name\":\"Jingbang Industrial\",\"description\":\"Hardware and electronics manufacturer\",\"publisher\":{\"@id\":\"https:\/\/jbsy-china.com\/#organization\"},\"potentialAction\":[{\"@type\":\"SearchAction\",\"target\":{\"@type\":\"EntryPoint\",\"urlTemplate\":\"https:\/\/jbsy-china.com\/?s={search_term_string}\"},\"query-input\":{\"@type\":\"PropertyValueSpecification\",\"valueRequired\":true,\"valueName\":\"search_term_string\"}}],\"inLanguage\":\"de\"},{\"@type\":\"Organization\",\"@id\":\"https:\/\/jbsy-china.com\/#organization\",\"name\":\"Jingbang Industrial\",\"url\":\"https:\/\/jbsy-china.com\/\",\"logo\":{\"@type\":\"ImageObject\",\"inLanguage\":\"de\",\"@id\":\"https:\/\/jbsy-china.com\/#\/schema\/logo\/image\/\",\"url\":\"https:\/\/jbsy-china.com\/wp-content\/uploads\/2023\/11\/cropped-\u56fe\u5c42-1.png\",\"contentUrl\":\"https:\/\/jbsy-china.com\/wp-content\/uploads\/2023\/11\/cropped-\u56fe\u5c42-1.png\",\"width\":1049,\"height\":739,\"caption\":\"Jingbang Industrial\"},\"image\":{\"@id\":\"https:\/\/jbsy-china.com\/#\/schema\/logo\/image\/\"}}]}<\/script>\n<!-- \/ Yoast SEO Premium plugin. -->","yoast_head_json":{"title":"Round head shear bolts - Jingbang Industrial","description":"Round head shear bolts, also known as shear bolts or break-off bolts, are specialized fasteners designed to provide tamper-resistant security.","robots":{"index":"index","follow":"follow","max-snippet":"max-snippet:-1","max-image-preview":"max-image-preview:large","max-video-preview":"max-video-preview:-1"},"canonical":"https:\/\/jbsy-china.com\/de\/produkt\/round-head-shear-bolts\/","og_locale":"de_DE","og_type":"article","og_title":"Round head shear bolts","og_description":"Round head shear bolts, also known as shear bolts or break-off bolts, are specialized fasteners designed to provide tamper-resistant security.","og_url":"https:\/\/jbsy-china.com\/de\/produkt\/round-head-shear-bolts\/","og_site_name":"Jingbang Industrial","article_modified_time":"2025-07-31T08:57:54+00:00","og_image":[{"width":800,"height":800,"url":"http:\/\/jbsy-china.com\/wp-content\/uploads\/2025\/05\/\u5185\u516d\u89d2\u5e26\u5706\u5934\u526a\u5207\u87ba\u6813.jpg","type":"image\/jpeg"}],"twitter_card":"summary_large_image","twitter_misc":{"Gesch\u00e4tzte Lesezeit":"3\u00a0Minuten"},"schema":{"@context":"https:\/\/schema.org","@graph":[{"@type":"WebPage","@id":"https:\/\/jbsy-china.com\/product\/round-head-shear-bolts\/","url":"https:\/\/jbsy-china.com\/product\/round-head-shear-bolts\/","name":"Round head shear bolts - Jingbang Industrial","isPartOf":{"@id":"https:\/\/jbsy-china.com\/#website"},"primaryImageOfPage":{"@id":"https:\/\/jbsy-china.com\/product\/round-head-shear-bolts\/#primaryimage"},"image":{"@id":"https:\/\/jbsy-china.com\/product\/round-head-shear-bolts\/#primaryimage"},"thumbnailUrl":"https:\/\/jbsy-china.com\/wp-content\/uploads\/2025\/05\/\u5185\u516d\u89d2\u5e26\u5706\u5934\u526a\u5207\u87ba\u6813.jpg","datePublished":"2025-05-06T07:32:36+00:00","dateModified":"2025-07-31T08:57:54+00:00","description":"Round head shear bolts, also known as shear bolts or break-off bolts, are specialized fasteners designed to provide tamper-resistant security.","breadcrumb":{"@id":"https:\/\/jbsy-china.com\/product\/round-head-shear-bolts\/#breadcrumb"},"inLanguage":"de","potentialAction":[{"@type":"ReadAction","target":["https:\/\/jbsy-china.com\/product\/round-head-shear-bolts\/"]}]},{"@type":"ImageObject","inLanguage":"de","@id":"https:\/\/jbsy-china.com\/product\/round-head-shear-bolts\/#primaryimage","url":"https:\/\/jbsy-china.com\/wp-content\/uploads\/2025\/05\/\u5185\u516d\u89d2\u5e26\u5706\u5934\u526a\u5207\u87ba\u6813.jpg","contentUrl":"https:\/\/jbsy-china.com\/wp-content\/uploads\/2025\/05\/\u5185\u516d\u89d2\u5e26\u5706\u5934\u526a\u5207\u87ba\u6813.jpg","width":800,"height":800},{"@type":"BreadcrumbList","@id":"https:\/\/jbsy-china.com\/product\/round-head-shear-bolts\/#breadcrumb","itemListElement":[{"@type":"ListItem","position":1,"name":"Home","item":"https:\/\/jbsy-china.com\/"},{"@type":"ListItem","position":2,"name":"Products","item":"https:\/\/jbsy-china.com\/shop\/"},{"@type":"ListItem","position":3,"name":"Round head shear bolts"}]},{"@type":"WebSite","@id":"https:\/\/jbsy-china.com\/#website","url":"https:\/\/jbsy-china.com\/","name":"Jingbang Industrie","description":"Hersteller von Hardware und Elektronik","publisher":{"@id":"https:\/\/jbsy-china.com\/#organization"},"potentialAction":[{"@type":"SearchAction","target":{"@type":"EntryPoint","urlTemplate":"https:\/\/jbsy-china.com\/?s={search_term_string}"},"query-input":{"@type":"PropertyValueSpecification","valueRequired":true,"valueName":"search_term_string"}}],"inLanguage":"de"},{"@type":"Organization","@id":"https:\/\/jbsy-china.com\/#organization","name":"Jingbang Industrie","url":"https:\/\/jbsy-china.com\/","logo":{"@type":"ImageObject","inLanguage":"de","@id":"https:\/\/jbsy-china.com\/#\/schema\/logo\/image\/","url":"https:\/\/jbsy-china.com\/wp-content\/uploads\/2023\/11\/cropped-\u56fe\u5c42-1.png","contentUrl":"https:\/\/jbsy-china.com\/wp-content\/uploads\/2023\/11\/cropped-\u56fe\u5c42-1.png","width":1049,"height":739,"caption":"Jingbang Industrial"},"image":{"@id":"https:\/\/jbsy-china.com\/#\/schema\/logo\/image\/"}}]}},"_links":{"self":[{"href":"https:\/\/jbsy-china.com\/de\/wp-json\/wp\/v2\/product\/33133","targetHints":{"allow":["GET"]}}],"collection":[{"href":"https:\/\/jbsy-china.com\/de\/wp-json\/wp\/v2\/product"}],"about":[{"href":"https:\/\/jbsy-china.com\/de\/wp-json\/wp\/v2\/types\/product"}],"replies":[{"embeddable":true,"href":"https:\/\/jbsy-china.com\/de\/wp-json\/wp\/v2\/comments?post=33133"}],"wp:featuredmedia":[{"embeddable":true,"href":"https:\/\/jbsy-china.com\/de\/wp-json\/wp\/v2\/media\/33167"}],"wp:attachment":[{"href":"https:\/\/jbsy-china.com\/de\/wp-json\/wp\/v2\/media?parent=33133"}],"wp:term":[{"taxonomy":"product_brand","embeddable":true,"href":"https:\/\/jbsy-china.com\/de\/wp-json\/wp\/v2\/product_brand?post=33133"},{"taxonomy":"product_cat","embeddable":true,"href":"https:\/\/jbsy-china.com\/de\/wp-json\/wp\/v2\/product_cat?post=33133"},{"taxonomy":"product_tag","embeddable":true,"href":"https:\/\/jbsy-china.com\/de\/wp-json\/wp\/v2\/product_tag?post=33133"}],"curies":[{"name":"wp","href":"https:\/\/api.w.org\/{rel}","templated":true}]}}