{"id":33134,"date":"2025-05-06T07:32:36","date_gmt":"2025-05-06T07:32:36","guid":{"rendered":"https:\/\/jbsy-china.com\/?post_type=product&#038;p=33134"},"modified":"2025-07-31T06:52:37","modified_gmt":"2025-07-31T06:52:37","slug":"torx-head-shear-bolt","status":"publish","type":"product","link":"https:\/\/jbsy-china.com\/de\/produkt\/torx-head-shear-bolt\/","title":{"rendered":"Torxkopf-Abrei\u00dfschraube"},"content":{"rendered":"<p><img fetchpriority=\"high\" decoding=\"async\" class=\"alignnone size-full wp-image-7978\" src=\"http:\/\/jb-bolt.com\/wp-content\/uploads\/2025\/02\/\u51b7\u9566\u8be6\u60c5\u9875_01.jpg\" alt=\"\" width=\"790\" height=\"329\" \/> <img decoding=\"async\" class=\"alignnone size-full wp-image-7979\" src=\"http:\/\/jb-bolt.com\/wp-content\/uploads\/2025\/02\/\u51b7\u9566\u8be6\u60c5\u9875_02.jpg\" alt=\"\" width=\"790\" height=\"981\" \/> <img decoding=\"async\" class=\"alignnone size-full wp-image-7980\" src=\"http:\/\/jb-bolt.com\/wp-content\/uploads\/2025\/02\/\u51b7\u9566\u8be6\u60c5\u9875_03.jpg\" alt=\"\" width=\"790\" height=\"740\" \/> <img loading=\"lazy\" decoding=\"async\" class=\"alignnone size-full wp-image-7981\" src=\"http:\/\/jb-bolt.com\/wp-content\/uploads\/2025\/02\/\u51b7\u9566\u8be6\u60c5\u9875_04.jpg\" alt=\"\" width=\"790\" height=\"739\" \/> <img loading=\"lazy\" decoding=\"async\" class=\"alignnone size-full wp-image-7983\" src=\"http:\/\/jb-bolt.com\/wp-content\/uploads\/2025\/02\/\u51b7\u9566\u8be6\u60c5\u9875_05_01.jpg\" alt=\"\" width=\"790\" height=\"677\" \/><\/p>\n<p>&nbsp;<\/p>\n<p><strong>Das Kaltstauchverfahren ist eines der neuen Verfahren f\u00fcr die Druckbearbeitung mit weniger oder gar keiner Zerspanung<\/strong><br \/>\n<strong>Metall. Es handelt sich um eine Verarbeitungsmethode, die die plastische Verformung von Metall unter der Einwirkung von<\/strong><br \/>\n<strong>\u00e4u\u00dfere Kr\u00e4fte, und mit Hilfe von Formen wird das Metallvolumen umverteilt und in die Form gebracht<\/strong><br \/>\n<strong>die gew\u00fcnschten Teile oder Rohlinge. Das Kaltstauchverfahren ist am besten geeignet f\u00fcr die Herstellung von Standard<\/strong><br \/>\n<strong>Verbindungselemente wie Bolzen, Schrauben, Muttern, Nieten, Stifte usw.<\/strong><\/p>\n<p><img loading=\"lazy\" decoding=\"async\" class=\"alignnone size-full wp-image-7985\" src=\"http:\/\/jb-bolt.com\/wp-content\/uploads\/2025\/02\/\u51b7\u9566\u8be6\u60c5\u9875_05_03.jpg\" alt=\"\" width=\"790\" height=\"603\" \/> <img loading=\"lazy\" decoding=\"async\" class=\"alignnone size-full wp-image-7986\" src=\"http:\/\/jb-bolt.com\/wp-content\/uploads\/2025\/02\/\u51b7\u9566\u8be6\u60c5\u9875_06.jpg\" alt=\"\" width=\"790\" height=\"742\" \/><\/p>\n<p class=\"ds-markdown-paragraph\">Torx-Kopf <a href=\"https:\/\/jbsy-china.com\/de\/shear-off-nuts-and-bolts\/\">Scherbolzen<\/a> sind spezialisierte Verbindungselemente, die f\u00fcr sichere, manipulationssichere Verbindungen in Anwendungen entwickelt wurden, bei denen Sicherheit und Schutz entscheidend sind. Hier ist eine detaillierte Beschreibung:<\/p>\n<h5><strong>Wesentliche Merkmale:<\/strong><\/h5>\n<ol start=\"1\">\n<li>\n<p class=\"ds-markdown-paragraph\"><strong>Torx-Antrieb (Sternkopf)<\/strong><\/p>\n<ul>\n<li>\n<p class=\"ds-markdown-paragraph\">Verf\u00fcgt \u00fcber eine 6-zackige, sternf\u00f6rmige Aussparung (Torx) f\u00fcr eine bessere Drehmoment\u00fcbertragung und weniger Ausbr\u00fcche im Vergleich zu Phillips- oder Schlitzantrieben.<\/p>\n<\/li>\n<li>\n<p class=\"ds-markdown-paragraph\">G\u00e4ngige Gr\u00f6\u00dfen sind\u00a0<strong>T10, T15, T20, T25, T27, T30<\/strong>usw., je nach Durchmesser und Festigkeitsanforderungen der Schraube.<\/p>\n<\/li>\n<\/ul>\n<\/li>\n<li>\n<p class=\"ds-markdown-paragraph\"><strong>Scherung Design<\/strong><\/p>\n<ul>\n<li>\n<p class=\"ds-markdown-paragraph\">Der Schraubenkopf ist so konstruiert, dass\u00a0<strong>abscheren<\/strong>\u00a0(wegbrechen), sobald ein bestimmtes Drehmoment erreicht ist, so dass nur der Schaft an seinem Platz bleibt.<\/p>\n<\/li>\n<li>\n<p class=\"ds-markdown-paragraph\">Dies verhindert ein zu starkes Anziehen und erschwert das Entfernen ohne Spezialwerkzeug, was die Sicherheit erh\u00f6ht.<\/p>\n<\/li>\n<\/ul>\n<\/li>\n<li>\n<p class=\"ds-markdown-paragraph\"><strong>Manipulationssicher<\/strong><\/p>\n<ul>\n<li>\n<p class=\"ds-markdown-paragraph\">Nach dem Abscheren fehlt dem verbleibenden Schaft eine Antriebsaussparung, was das Herausziehen ohne Bohren oder einen Scherbolzenauszieher schwierig macht.<\/p>\n<\/li>\n<li>\n<p class=\"ds-markdown-paragraph\">H\u00e4ufig verwendet in\u00a0<strong>\u00f6ffentliche Infrastrukturen, Maschinen und sicherheitskritische Baugruppen<\/strong>\u00a0um Vandalismus oder unbefugten Zugang zu verhindern.<\/p>\n<\/li>\n<\/ul>\n<\/li>\n<li>\n<p class=\"ds-markdown-paragraph\"><strong>Materialien und Beschichtungen<\/strong><\/p>\n<ul>\n<li>\n<p class=\"ds-markdown-paragraph\">Typischerweise hergestellt aus\u00a0<strong>geh\u00e4rteter Stahl, rostfreier Stahl oder legierte Metalle<\/strong>\u00a0f\u00fcr Festigkeit und Korrosionsbest\u00e4ndigkeit.<\/p>\n<\/li>\n<li>\n<p class=\"ds-markdown-paragraph\">Die Beschichtungen k\u00f6nnen umfassen\u00a0<strong>Verzinkung, Schwarzoxid oder verzinkte Oberfl\u00e4chen<\/strong>\u00a0f\u00fcr Langlebigkeit.<\/p>\n<\/li>\n<\/ul>\n<\/li>\n<li>\n<p class=\"ds-markdown-paragraph\"><strong>Gewindetypen<\/strong><\/p>\n<ul>\n<li>\n<p class=\"ds-markdown-paragraph\">Verf\u00fcgbar in\u00a0<strong>Grob- (UNC) oder Feingewinde (UNF)<\/strong>je nach Anwendung.<\/p>\n<\/li>\n<li>\n<p class=\"ds-markdown-paragraph\">Mai-Funktion\u00a0<strong>Vollgewinde oder Teilgewinde<\/strong>\u00a0Sch\u00e4fte.<\/p>\n<\/li>\n<\/ul>\n<\/li>\n<\/ol>\n<h5><strong>Gemeinsame Anwendungen:<\/strong><\/h5>\n<ul>\n<li>\n<p class=\"ds-markdown-paragraph\"><strong>Versorgungsmasten, Stra\u00dfenlaternen und Verkehrssignale<\/strong>\u00a0(um Diebstahl\/Unterschlagung zu verhindern).<\/p>\n<\/li>\n<li>\n<p class=\"ds-markdown-paragraph\"><strong>Baugruppen f\u00fcr die Automobilindustrie und die Luft- und Raumfahrt<\/strong>\u00a0(wo die Vibrationsfestigkeit entscheidend ist).<\/p>\n<\/li>\n<li>\n<p class=\"ds-markdown-paragraph\"><strong>Industriemaschinen, elektrische Schaltschr\u00e4nke und Sicherheitssysteme<\/strong>.<\/p>\n<\/li>\n<\/ul>\n<h5><strong>Montage und Demontage:<\/strong><\/h5>\n<ul>\n<li>\n<p class=\"ds-markdown-paragraph\"><strong>Einbau:<\/strong>\u00a0Wird mit einem Torx-Bit eingeschlagen, bis der Kopf mit dem vorgegebenen Drehmoment abrei\u00dft.<\/p>\n<\/li>\n<li>\n<p class=\"ds-markdown-paragraph\"><strong>Beseitigung:<\/strong>\u00a0Erfordert eine\u00a0<strong>Bohrer f\u00fcr Linksh\u00e4nder, Ausziehvorrichtung oder Spezialwerkzeug zum Entfernen von Scherschrauben<\/strong>.<\/p>\n<\/li>\n<\/ul>","protected":false},"excerpt":{"rendered":"<h6><strong>Wesentliche Merkmale:<\/strong><\/h6>\n<ol start=\"1\">\n<li style=\"list-style-type: none;\">\n<ul>\n<li>\n<p class=\"ds-markdown-paragraph\">Verf\u00fcgt \u00fcber eine 6-zackige, sternf\u00f6rmige Aussparung (Torx) f\u00fcr eine bessere Drehmoment\u00fcbertragung und weniger Ausbr\u00fcche im Vergleich zu Phillips- oder Schlitzantrieben.<\/p>\n<\/li>\n<li>\n<p class=\"ds-markdown-paragraph\">Dies verhindert ein zu starkes Anziehen und erschwert das Entfernen ohne Spezialwerkzeug, was die Sicherheit erh\u00f6ht.<\/p>\n<\/li>\n<li>\n<p class=\"ds-markdown-paragraph\">Der Schraubenkopf ist so konstruiert, dass\u00a0<strong>abscheren<\/strong>\u00a0(wegbrechen), sobald ein bestimmtes Drehmoment erreicht ist, so dass nur der Schaft an seinem Platz bleibt.<\/p>\n<\/li>\n<\/ul>\n<\/li>\n<\/ol>","protected":false},"featured_media":33169,"comment_status":"closed","ping_status":"closed","template":"","meta":{"site-sidebar-layout":"default","site-content-layout":"","ast-site-content-layout":"default","site-content-style":"default","site-sidebar-style":"default","ast-global-header-display":"","ast-banner-title-visibility":"","ast-main-header-display":"","ast-hfb-above-header-display":"","ast-hfb-below-header-display":"","ast-hfb-mobile-header-display":"","site-post-title":"","ast-breadcrumbs-content":"","ast-featured-img":"","footer-sml-layout":"","ast-disable-related-posts":"","theme-transparent-header-meta":"default","adv-header-id-meta":"","stick-header-meta":"default","header-above-stick-meta":"","header-main-stick-meta":"","header-below-stick-meta":"","astra-migrate-meta-layouts":"set","ast-page-background-enabled":"default","ast-page-background-meta":{"desktop":{"background-color":"var(--ast-global-color-4)","background-image":"","background-repeat":"repeat","background-position":"center center","background-size":"auto","background-attachment":"scroll","background-type":"","background-media":"","overlay-type":"","overlay-color":"","overlay-opacity":"","overlay-gradient":""},"tablet":{"background-color":"","background-image":"","background-repeat":"repeat","background-position":"center center","background-size":"auto","background-attachment":"scroll","background-type":"","background-media":"","overlay-type":"","overlay-color":"","overlay-opacity":"","overlay-gradient":""},"mobile":{"background-color":"","background-image":"","background-repeat":"repeat","background-position":"center center","background-size":"auto","background-attachment":"scroll","background-type":"","background-media":"","overlay-type":"","overlay-color":"","overlay-opacity":"","overlay-gradient":""}},"ast-content-background-meta":{"desktop":{"background-color":"var(--ast-global-color-5)","background-image":"","background-repeat":"repeat","background-position":"center center","background-size":"auto","background-attachment":"scroll","background-type":"","background-media":"","overlay-type":"","overlay-color":"","overlay-opacity":"","overlay-gradient":""},"tablet":{"background-color":"var(--ast-global-color-5)","background-image":"","background-repeat":"repeat","background-position":"center center","background-size":"auto","background-attachment":"scroll","background-type":"","background-media":"","overlay-type":"","overlay-color":"","overlay-opacity":"","overlay-gradient":""},"mobile":{"background-color":"var(--ast-global-color-5)","background-image":"","background-repeat":"repeat","background-position":"center center","background-size":"auto","background-attachment":"scroll","background-type":"","background-media":"","overlay-type":"","overlay-color":"","overlay-opacity":"","overlay-gradient":""}},"_themeisle_gutenberg_block_has_review":false,"_ti_tpc_template_sync":false,"_ti_tpc_template_id":""},"product_brand":[],"product_cat":[1272],"product_tag":[],"class_list":{"0":"post-33134","1":"product","2":"type-product","3":"status-publish","4":"has-post-thumbnail","6":"product_cat-shear-off-nuts-and-bolts","7":"desktop-align-left","8":"tablet-align-left","9":"mobile-align-left","10":"ast-product-gallery-layout-horizontal-slider","11":"ast-product-tabs-layout-horizontal","12":"ast-qv-on-image","14":"first","15":"instock","16":"shipping-taxable","17":"product-type-simple"},"yoast_head":"<!-- This site is optimized with the Yoast SEO Premium plugin v21.7 (Yoast SEO v25.7) - https:\/\/yoast.com\/wordpress\/plugins\/seo\/ -->\n<title>Torx head shear bolt - Jingbang Industrial<\/title>\n<meta name=\"description\" content=\"Torx head shear bolt are specialized fasteners designed to provide secure, tamper-resistant connections in applications where safety is critical.\" \/>\n<meta name=\"robots\" content=\"index, follow, max-snippet:-1, max-image-preview:large, max-video-preview:-1\" \/>\n<link rel=\"canonical\" href=\"https:\/\/jbsy-china.com\/de\/produkt\/torx-head-shear-bolt\/\" \/>\n<meta property=\"og:locale\" content=\"de_DE\" \/>\n<meta property=\"og:type\" content=\"article\" \/>\n<meta property=\"og:title\" content=\"Torx head shear bolt\" \/>\n<meta property=\"og:description\" content=\"Torx head shear bolt are specialized fasteners designed to provide secure, tamper-resistant connections in applications where safety is critical.\" \/>\n<meta property=\"og:url\" content=\"https:\/\/jbsy-china.com\/de\/produkt\/torx-head-shear-bolt\/\" \/>\n<meta property=\"og:site_name\" content=\"Jingbang Industrial\" \/>\n<meta property=\"article:modified_time\" content=\"2025-07-31T06:52:37+00:00\" \/>\n<meta property=\"og:image\" content=\"http:\/\/jbsy-china.com\/wp-content\/uploads\/2025\/05\/\u6885\u82b1\u5934\u526a\u5207\u87ba\u6813.jpg\" \/>\n\t<meta property=\"og:image:width\" content=\"800\" \/>\n\t<meta property=\"og:image:height\" content=\"800\" \/>\n\t<meta property=\"og:image:type\" content=\"image\/jpeg\" \/>\n<meta name=\"twitter:card\" content=\"summary_large_image\" \/>\n<meta name=\"twitter:label1\" content=\"Gesch\u00e4tzte Lesezeit\" \/>\n\t<meta name=\"twitter:data1\" content=\"4\u00a0Minuten\" \/>\n<script type=\"application\/ld+json\" class=\"yoast-schema-graph\">{\"@context\":\"https:\/\/schema.org\",\"@graph\":[{\"@type\":\"WebPage\",\"@id\":\"https:\/\/jbsy-china.com\/product\/torx-head-shear-bolt\/\",\"url\":\"https:\/\/jbsy-china.com\/product\/torx-head-shear-bolt\/\",\"name\":\"Torx head shear bolt - Jingbang Industrial\",\"isPartOf\":{\"@id\":\"https:\/\/jbsy-china.com\/#website\"},\"primaryImageOfPage\":{\"@id\":\"https:\/\/jbsy-china.com\/product\/torx-head-shear-bolt\/#primaryimage\"},\"image\":{\"@id\":\"https:\/\/jbsy-china.com\/product\/torx-head-shear-bolt\/#primaryimage\"},\"thumbnailUrl\":\"https:\/\/jbsy-china.com\/wp-content\/uploads\/2025\/05\/\u6885\u82b1\u5934\u526a\u5207\u87ba\u6813.jpg\",\"datePublished\":\"2025-05-06T07:32:36+00:00\",\"dateModified\":\"2025-07-31T06:52:37+00:00\",\"description\":\"Torx head shear bolt are specialized fasteners designed to provide secure, tamper-resistant connections in applications where safety is critical.\",\"breadcrumb\":{\"@id\":\"https:\/\/jbsy-china.com\/product\/torx-head-shear-bolt\/#breadcrumb\"},\"inLanguage\":\"de\",\"potentialAction\":[{\"@type\":\"ReadAction\",\"target\":[\"https:\/\/jbsy-china.com\/product\/torx-head-shear-bolt\/\"]}]},{\"@type\":\"ImageObject\",\"inLanguage\":\"de\",\"@id\":\"https:\/\/jbsy-china.com\/product\/torx-head-shear-bolt\/#primaryimage\",\"url\":\"https:\/\/jbsy-china.com\/wp-content\/uploads\/2025\/05\/\u6885\u82b1\u5934\u526a\u5207\u87ba\u6813.jpg\",\"contentUrl\":\"https:\/\/jbsy-china.com\/wp-content\/uploads\/2025\/05\/\u6885\u82b1\u5934\u526a\u5207\u87ba\u6813.jpg\",\"width\":800,\"height\":800},{\"@type\":\"BreadcrumbList\",\"@id\":\"https:\/\/jbsy-china.com\/product\/torx-head-shear-bolt\/#breadcrumb\",\"itemListElement\":[{\"@type\":\"ListItem\",\"position\":1,\"name\":\"Home\",\"item\":\"https:\/\/jbsy-china.com\/\"},{\"@type\":\"ListItem\",\"position\":2,\"name\":\"Products\",\"item\":\"https:\/\/jbsy-china.com\/shop\/\"},{\"@type\":\"ListItem\",\"position\":3,\"name\":\"Torx head shear bolt\"}]},{\"@type\":\"WebSite\",\"@id\":\"https:\/\/jbsy-china.com\/#website\",\"url\":\"https:\/\/jbsy-china.com\/\",\"name\":\"Jingbang Industrial\",\"description\":\"Hardware and electronics manufacturer\",\"publisher\":{\"@id\":\"https:\/\/jbsy-china.com\/#organization\"},\"potentialAction\":[{\"@type\":\"SearchAction\",\"target\":{\"@type\":\"EntryPoint\",\"urlTemplate\":\"https:\/\/jbsy-china.com\/?s={search_term_string}\"},\"query-input\":{\"@type\":\"PropertyValueSpecification\",\"valueRequired\":true,\"valueName\":\"search_term_string\"}}],\"inLanguage\":\"de\"},{\"@type\":\"Organization\",\"@id\":\"https:\/\/jbsy-china.com\/#organization\",\"name\":\"Jingbang Industrial\",\"url\":\"https:\/\/jbsy-china.com\/\",\"logo\":{\"@type\":\"ImageObject\",\"inLanguage\":\"de\",\"@id\":\"https:\/\/jbsy-china.com\/#\/schema\/logo\/image\/\",\"url\":\"https:\/\/jbsy-china.com\/wp-content\/uploads\/2023\/11\/cropped-\u56fe\u5c42-1.png\",\"contentUrl\":\"https:\/\/jbsy-china.com\/wp-content\/uploads\/2023\/11\/cropped-\u56fe\u5c42-1.png\",\"width\":1049,\"height\":739,\"caption\":\"Jingbang Industrial\"},\"image\":{\"@id\":\"https:\/\/jbsy-china.com\/#\/schema\/logo\/image\/\"}}]}<\/script>\n<!-- \/ Yoast SEO Premium plugin. -->","yoast_head_json":{"title":"Torx head shear bolt - Jingbang Industrial","description":"Torx head shear bolt are specialized fasteners designed to provide secure, tamper-resistant connections in applications where safety is critical.","robots":{"index":"index","follow":"follow","max-snippet":"max-snippet:-1","max-image-preview":"max-image-preview:large","max-video-preview":"max-video-preview:-1"},"canonical":"https:\/\/jbsy-china.com\/de\/produkt\/torx-head-shear-bolt\/","og_locale":"de_DE","og_type":"article","og_title":"Torx head shear bolt","og_description":"Torx head shear bolt are specialized fasteners designed to provide secure, tamper-resistant connections in applications where safety is critical.","og_url":"https:\/\/jbsy-china.com\/de\/produkt\/torx-head-shear-bolt\/","og_site_name":"Jingbang Industrial","article_modified_time":"2025-07-31T06:52:37+00:00","og_image":[{"width":800,"height":800,"url":"http:\/\/jbsy-china.com\/wp-content\/uploads\/2025\/05\/\u6885\u82b1\u5934\u526a\u5207\u87ba\u6813.jpg","type":"image\/jpeg"}],"twitter_card":"summary_large_image","twitter_misc":{"Gesch\u00e4tzte Lesezeit":"4\u00a0Minuten"},"schema":{"@context":"https:\/\/schema.org","@graph":[{"@type":"WebPage","@id":"https:\/\/jbsy-china.com\/product\/torx-head-shear-bolt\/","url":"https:\/\/jbsy-china.com\/product\/torx-head-shear-bolt\/","name":"Torx head shear bolt - Jingbang Industrial","isPartOf":{"@id":"https:\/\/jbsy-china.com\/#website"},"primaryImageOfPage":{"@id":"https:\/\/jbsy-china.com\/product\/torx-head-shear-bolt\/#primaryimage"},"image":{"@id":"https:\/\/jbsy-china.com\/product\/torx-head-shear-bolt\/#primaryimage"},"thumbnailUrl":"https:\/\/jbsy-china.com\/wp-content\/uploads\/2025\/05\/\u6885\u82b1\u5934\u526a\u5207\u87ba\u6813.jpg","datePublished":"2025-05-06T07:32:36+00:00","dateModified":"2025-07-31T06:52:37+00:00","description":"Torx head shear bolt are specialized fasteners designed to provide secure, tamper-resistant connections in applications where safety is critical.","breadcrumb":{"@id":"https:\/\/jbsy-china.com\/product\/torx-head-shear-bolt\/#breadcrumb"},"inLanguage":"de","potentialAction":[{"@type":"ReadAction","target":["https:\/\/jbsy-china.com\/product\/torx-head-shear-bolt\/"]}]},{"@type":"ImageObject","inLanguage":"de","@id":"https:\/\/jbsy-china.com\/product\/torx-head-shear-bolt\/#primaryimage","url":"https:\/\/jbsy-china.com\/wp-content\/uploads\/2025\/05\/\u6885\u82b1\u5934\u526a\u5207\u87ba\u6813.jpg","contentUrl":"https:\/\/jbsy-china.com\/wp-content\/uploads\/2025\/05\/\u6885\u82b1\u5934\u526a\u5207\u87ba\u6813.jpg","width":800,"height":800},{"@type":"BreadcrumbList","@id":"https:\/\/jbsy-china.com\/product\/torx-head-shear-bolt\/#breadcrumb","itemListElement":[{"@type":"ListItem","position":1,"name":"Home","item":"https:\/\/jbsy-china.com\/"},{"@type":"ListItem","position":2,"name":"Products","item":"https:\/\/jbsy-china.com\/shop\/"},{"@type":"ListItem","position":3,"name":"Torx head shear bolt"}]},{"@type":"WebSite","@id":"https:\/\/jbsy-china.com\/#website","url":"https:\/\/jbsy-china.com\/","name":"Jingbang Industrie","description":"Hersteller von Hardware und Elektronik","publisher":{"@id":"https:\/\/jbsy-china.com\/#organization"},"potentialAction":[{"@type":"SearchAction","target":{"@type":"EntryPoint","urlTemplate":"https:\/\/jbsy-china.com\/?s={search_term_string}"},"query-input":{"@type":"PropertyValueSpecification","valueRequired":true,"valueName":"search_term_string"}}],"inLanguage":"de"},{"@type":"Organization","@id":"https:\/\/jbsy-china.com\/#organization","name":"Jingbang Industrie","url":"https:\/\/jbsy-china.com\/","logo":{"@type":"ImageObject","inLanguage":"de","@id":"https:\/\/jbsy-china.com\/#\/schema\/logo\/image\/","url":"https:\/\/jbsy-china.com\/wp-content\/uploads\/2023\/11\/cropped-\u56fe\u5c42-1.png","contentUrl":"https:\/\/jbsy-china.com\/wp-content\/uploads\/2023\/11\/cropped-\u56fe\u5c42-1.png","width":1049,"height":739,"caption":"Jingbang Industrial"},"image":{"@id":"https:\/\/jbsy-china.com\/#\/schema\/logo\/image\/"}}]}},"_links":{"self":[{"href":"https:\/\/jbsy-china.com\/de\/wp-json\/wp\/v2\/product\/33134","targetHints":{"allow":["GET"]}}],"collection":[{"href":"https:\/\/jbsy-china.com\/de\/wp-json\/wp\/v2\/product"}],"about":[{"href":"https:\/\/jbsy-china.com\/de\/wp-json\/wp\/v2\/types\/product"}],"replies":[{"embeddable":true,"href":"https:\/\/jbsy-china.com\/de\/wp-json\/wp\/v2\/comments?post=33134"}],"wp:featuredmedia":[{"embeddable":true,"href":"https:\/\/jbsy-china.com\/de\/wp-json\/wp\/v2\/media\/33169"}],"wp:attachment":[{"href":"https:\/\/jbsy-china.com\/de\/wp-json\/wp\/v2\/media?parent=33134"}],"wp:term":[{"taxonomy":"product_brand","embeddable":true,"href":"https:\/\/jbsy-china.com\/de\/wp-json\/wp\/v2\/product_brand?post=33134"},{"taxonomy":"product_cat","embeddable":true,"href":"https:\/\/jbsy-china.com\/de\/wp-json\/wp\/v2\/product_cat?post=33134"},{"taxonomy":"product_tag","embeddable":true,"href":"https:\/\/jbsy-china.com\/de\/wp-json\/wp\/v2\/product_tag?post=33134"}],"curies":[{"name":"wp","href":"https:\/\/api.w.org\/{rel}","templated":true}]}}