{"id":33136,"date":"2025-05-06T07:32:36","date_gmt":"2025-05-06T07:32:36","guid":{"rendered":"https:\/\/jbsy-china.com\/?post_type=product&#038;p=33136"},"modified":"2025-07-31T09:36:09","modified_gmt":"2025-07-31T09:36:09","slug":"hexagonal-shear-bolts-gold-plated","status":"publish","type":"product","link":"https:\/\/jbsy-china.com\/de\/produkt\/hexagonal-shear-bolts-gold-plated\/","title":{"rendered":"Sechskant-Abrei\u00dfschrauben vergoldet"},"content":{"rendered":"<p><img fetchpriority=\"high\" decoding=\"async\" class=\"alignnone size-full wp-image-7978\" src=\"http:\/\/jb-bolt.com\/wp-content\/uploads\/2025\/02\/\u51b7\u9566\u8be6\u60c5\u9875_01.jpg\" alt=\"\" width=\"790\" height=\"329\" \/> <img decoding=\"async\" class=\"alignnone size-full wp-image-7979\" src=\"http:\/\/jb-bolt.com\/wp-content\/uploads\/2025\/02\/\u51b7\u9566\u8be6\u60c5\u9875_02.jpg\" alt=\"\" width=\"790\" height=\"981\" \/> <img decoding=\"async\" class=\"alignnone size-full wp-image-7980\" src=\"http:\/\/jb-bolt.com\/wp-content\/uploads\/2025\/02\/\u51b7\u9566\u8be6\u60c5\u9875_03.jpg\" alt=\"\" width=\"790\" height=\"740\" \/> <img loading=\"lazy\" decoding=\"async\" class=\"alignnone size-full wp-image-7981\" src=\"http:\/\/jb-bolt.com\/wp-content\/uploads\/2025\/02\/\u51b7\u9566\u8be6\u60c5\u9875_04.jpg\" alt=\"\" width=\"790\" height=\"739\" \/> <img loading=\"lazy\" decoding=\"async\" class=\"alignnone size-full wp-image-7983\" src=\"http:\/\/jb-bolt.com\/wp-content\/uploads\/2025\/02\/\u51b7\u9566\u8be6\u60c5\u9875_05_01.jpg\" alt=\"\" width=\"790\" height=\"677\" \/><\/p>\n<p><strong>Das Kaltstauchverfahren ist eines der neuen Verfahren f\u00fcr die Druckbearbeitung mit weniger oder gar keiner Zerspanung<\/strong><br \/>\n<strong>Metall. Es handelt sich um eine Verarbeitungsmethode, die die plastische Verformung von Metall unter der Einwirkung von<\/strong><br \/>\n<strong>\u00e4u\u00dfere Kr\u00e4fte, und mit Hilfe von Formen wird das Metallvolumen umverteilt und in die Form gebracht<\/strong><br \/>\n<strong>die gew\u00fcnschten Teile oder Rohlinge. Das Kaltstauchverfahren ist am besten geeignet f\u00fcr die Herstellung von Standard<\/strong><br \/>\n<strong>Verbindungselemente wie Bolzen, Schrauben, Muttern, Nieten, Stifte usw.<\/strong><\/p>\n<p><img loading=\"lazy\" decoding=\"async\" class=\"alignnone size-full wp-image-7985\" src=\"http:\/\/jb-bolt.com\/wp-content\/uploads\/2025\/02\/\u51b7\u9566\u8be6\u60c5\u9875_05_03.jpg\" alt=\"\" width=\"790\" height=\"603\" \/> <img loading=\"lazy\" decoding=\"async\" class=\"alignnone size-full wp-image-7986\" src=\"http:\/\/jb-bolt.com\/wp-content\/uploads\/2025\/02\/\u51b7\u9566\u8be6\u60c5\u9875_06.jpg\" alt=\"\" width=\"790\" height=\"742\" \/><\/p>\n<div class=\"dad65929\">\n<div class=\"_4f9bf79 d7dc56a8 _43c05b5\">\n<div class=\"ds-markdown ds-markdown--block\">\n<p class=\"ds-markdown-paragraph\">Vergoldetes Sechseck <a href=\"https:\/\/jbsy-china.com\/de\/shear-off-nuts-and-bolts\/\">Scherbolzen<\/a> sind spezielle Verbindungselemente f\u00fcr Anwendungen, die sowohl Sicherheit als auch Korrosionsbest\u00e4ndigkeit erfordern. Hier ist eine detaillierte Beschreibung:<\/p>\n<h5><strong>1. Material &amp; Konstruktion<\/strong><\/h5>\n<ul>\n<li>\n<p class=\"ds-markdown-paragraph\"><strong>Unedles Metall<\/strong>: Normalerweise aus hochfestem Stahl oder Edelstahl f\u00fcr strukturelle Integrit\u00e4t.<\/p>\n<\/li>\n<li>\n<p class=\"ds-markdown-paragraph\"><strong>Beschichtung<\/strong>: Galvanisch mit einer Goldschicht \u00fcberzogen (oft eine d\u00fcnne Schicht im Mikrometerbereich), die Korrosionsbest\u00e4ndigkeit und eine dekorative Oberfl\u00e4che bietet.<\/p>\n<\/li>\n<\/ul>\n<h5><strong>2. Kopf Design<\/strong><\/h5>\n<ul>\n<li>\n<p class=\"ds-markdown-paragraph\"><strong>Sechskantkopf<\/strong>: Verf\u00fcgt \u00fcber einen sechsseitigen (Sechskant-)Kopf zur Aufnahme von Werkzeugen (z. B. Sechskantschl\u00fcssel oder Steckschl\u00fcsseleins\u00e4tze).<\/p>\n<\/li>\n<li>\n<p class=\"ds-markdown-paragraph\"><strong>Merkmal Scherung<\/strong>: Der Kopf ist so konzipiert, dass er bei einem bestimmten Drehmoment abschert und einen glatten, manipulationssicheren Schaft zur\u00fcckl\u00e4sst. Dies verhindert ein unbefugtes Entfernen.<\/p>\n<\/li>\n<\/ul>\n<h5><strong>3. Gewindetyp<\/strong><\/h5>\n<ul>\n<li>\n<p class=\"ds-markdown-paragraph\">Kann je nach Anwendung ein Maschinengewinde (z. B. metrisch oder UNC\/UNF) oder ein Sondergewinde haben.<\/p>\n<\/li>\n<li>Sechskant-Abrei\u00dfschrauben vergoldet<\/li>\n<\/ul>\n<h5><strong>4. Anwendungen<\/strong><\/h5>\n<ul>\n<li>\n<p class=\"ds-markdown-paragraph\"><strong>Sicherheit Verwendungszwecke<\/strong>: Ideal f\u00fcr manipulationssichere Baugruppen in \u00f6ffentlicher Infrastruktur, Elektronik, Luft- und Raumfahrt oder milit\u00e4rischer Hardware.<\/p>\n<\/li>\n<li>\n<p class=\"ds-markdown-paragraph\"><strong>\u00c4sthetisch\/Funktional<\/strong>: Die Vergoldung bietet sowohl Korrosionsschutz als auch eine attraktive Oberfl\u00e4che f\u00fcr sichtbare Komponenten.<\/p>\n<\/li>\n<\/ul>\n<h5><strong>5. Vorteile<\/strong><\/h5>\n<ul>\n<li>\n<p class=\"ds-markdown-paragraph\"><strong>Manipulationssicher<\/strong>: Der abgescherte Kopf verhindert die Demontage.<\/p>\n<\/li>\n<li>\n<p class=\"ds-markdown-paragraph\"><strong>Korrosionsbest\u00e4ndigkeit<\/strong>: Die Vergoldung sch\u00fctzt vor Oxidation.<\/p>\n<\/li>\n<li>\n<p class=\"ds-markdown-paragraph\"><strong>Hohe Festigkeit<\/strong>: Das Basismaterial gew\u00e4hrleistet eine lange Lebensdauer bei Belastung.<\/p>\n<\/li>\n<\/ul>\n<h5><strong>6. \u00dcbliche Gr\u00f6\u00dfen<\/strong><\/h5>\n<ul>\n<li>\n<p class=\"ds-markdown-paragraph\">Die Palette reicht von kleinen (M3, M4) bis zu gro\u00dfen Durchmessern (M12+), wobei die L\u00e4ngen auf die jeweiligen Bed\u00fcrfnisse zugeschnitten sind.<\/p>\n<\/li>\n<li>Sechskant-Abrei\u00dfschrauben vergoldet<\/li>\n<\/ul>\n<h5><strong>7. Normen<\/strong><\/h5>\n<ul>\n<li>\n<p class=\"ds-markdown-paragraph\">Kann den Industrienormen wie DIN, ISO oder MIL-SPEC f\u00fcr Scherschrauben entsprechen.<\/p>\n<\/li>\n<\/ul>\n<p class=\"ds-markdown-paragraph\">Diese Schrauben werden dort eingesetzt, wo eine dauerhafte, sichere Befestigung mit zus\u00e4tzlichem Umweltschutz erforderlich ist. Lassen Sie es mich wissen, wenn Sie n\u00e4here Angaben zur Gr\u00f6\u00dfe, zu den Drehmomentwerten oder zu Alternativen haben m\u00f6chten!<\/p>\n<\/div>\n<\/div>\n<\/div>","protected":false},"excerpt":{"rendered":"<h6><strong>Wesentliche Merkmale:<\/strong><\/h6>\n<ul>\n<li style=\"list-style-type: none;\">\n<ul>\n<li>\n<p class=\"ds-markdown-paragraph\">Sechseckige Standardausf\u00fchrung f\u00fcr eine einfache Montage mit einem Schraubenschl\u00fcssel oder einer Steckdose.<\/p>\n<\/li>\n<li>\n<p class=\"ds-markdown-paragraph\">Schert mit einem bestimmten Drehmoment ab und hinterl\u00e4sst einen glatten, nicht verkr\u00fcppelbaren Stumpf.<\/p>\n<\/li>\n<li>\n<p class=\"ds-markdown-paragraph\">D\u00fcnne Goldbeschichtung (galvanisch) f\u00fcr Korrosionsbest\u00e4ndigkeit und Oxidationsschutz.<\/p>\n<\/li>\n<\/ul>\n<\/li>\n<\/ul>","protected":false},"featured_media":33165,"comment_status":"closed","ping_status":"closed","template":"","meta":{"site-sidebar-layout":"default","site-content-layout":"","ast-site-content-layout":"default","site-content-style":"default","site-sidebar-style":"default","ast-global-header-display":"","ast-banner-title-visibility":"","ast-main-header-display":"","ast-hfb-above-header-display":"","ast-hfb-below-header-display":"","ast-hfb-mobile-header-display":"","site-post-title":"","ast-breadcrumbs-content":"","ast-featured-img":"","footer-sml-layout":"","ast-disable-related-posts":"","theme-transparent-header-meta":"default","adv-header-id-meta":"","stick-header-meta":"default","header-above-stick-meta":"","header-main-stick-meta":"","header-below-stick-meta":"","astra-migrate-meta-layouts":"set","ast-page-background-enabled":"default","ast-page-background-meta":{"desktop":{"background-color":"var(--ast-global-color-4)","background-image":"","background-repeat":"repeat","background-position":"center center","background-size":"auto","background-attachment":"scroll","background-type":"","background-media":"","overlay-type":"","overlay-color":"","overlay-opacity":"","overlay-gradient":""},"tablet":{"background-color":"","background-image":"","background-repeat":"repeat","background-position":"center center","background-size":"auto","background-attachment":"scroll","background-type":"","background-media":"","overlay-type":"","overlay-color":"","overlay-opacity":"","overlay-gradient":""},"mobile":{"background-color":"","background-image":"","background-repeat":"repeat","background-position":"center center","background-size":"auto","background-attachment":"scroll","background-type":"","background-media":"","overlay-type":"","overlay-color":"","overlay-opacity":"","overlay-gradient":""}},"ast-content-background-meta":{"desktop":{"background-color":"var(--ast-global-color-5)","background-image":"","background-repeat":"repeat","background-position":"center center","background-size":"auto","background-attachment":"scroll","background-type":"","background-media":"","overlay-type":"","overlay-color":"","overlay-opacity":"","overlay-gradient":""},"tablet":{"background-color":"var(--ast-global-color-5)","background-image":"","background-repeat":"repeat","background-position":"center center","background-size":"auto","background-attachment":"scroll","background-type":"","background-media":"","overlay-type":"","overlay-color":"","overlay-opacity":"","overlay-gradient":""},"mobile":{"background-color":"var(--ast-global-color-5)","background-image":"","background-repeat":"repeat","background-position":"center center","background-size":"auto","background-attachment":"scroll","background-type":"","background-media":"","overlay-type":"","overlay-color":"","overlay-opacity":"","overlay-gradient":""}},"_themeisle_gutenberg_block_has_review":false,"_ti_tpc_template_sync":false,"_ti_tpc_template_id":""},"product_brand":[],"product_cat":[1272],"product_tag":[],"class_list":{"0":"post-33136","1":"product","2":"type-product","3":"status-publish","4":"has-post-thumbnail","6":"product_cat-shear-off-nuts-and-bolts","7":"desktop-align-left","8":"tablet-align-left","9":"mobile-align-left","10":"ast-product-gallery-layout-horizontal-slider","11":"ast-product-tabs-layout-horizontal","12":"ast-qv-on-image","14":"first","15":"instock","16":"shipping-taxable","17":"product-type-simple"},"yoast_head":"<!-- This site is optimized with the Yoast SEO Premium plugin v21.7 (Yoast SEO v25.7) - https:\/\/yoast.com\/wordpress\/plugins\/seo\/ -->\n<title>Hexagonal shear bolts gold plated - Jingbang Industrial<\/title>\n<meta name=\"description\" content=\"Gold-plated hexagonal shear bolts are specialized fasteners designed for applications requiring both security and corrosion resistance.\" \/>\n<meta name=\"robots\" content=\"index, follow, max-snippet:-1, max-image-preview:large, max-video-preview:-1\" \/>\n<link rel=\"canonical\" href=\"https:\/\/jbsy-china.com\/de\/produkt\/hexagonal-shear-bolts-gold-plated\/\" \/>\n<meta property=\"og:locale\" content=\"de_DE\" \/>\n<meta property=\"og:type\" content=\"article\" \/>\n<meta property=\"og:title\" content=\"Hexagonal shear bolts gold plated\" \/>\n<meta property=\"og:description\" content=\"Gold-plated hexagonal shear bolts are specialized fasteners designed for applications requiring both security and corrosion resistance.\" \/>\n<meta property=\"og:url\" content=\"https:\/\/jbsy-china.com\/de\/produkt\/hexagonal-shear-bolts-gold-plated\/\" \/>\n<meta property=\"og:site_name\" content=\"Jingbang Industrial\" \/>\n<meta property=\"article:modified_time\" content=\"2025-07-31T09:36:09+00:00\" \/>\n<meta property=\"og:image\" content=\"http:\/\/jbsy-china.com\/wp-content\/uploads\/2025\/05\/\u5916\u516d\u89d2\u5e26\u76d8\u5934\u526a\u5207\u87ba\u6813\u9540\u91d1.jpg\" \/>\n\t<meta property=\"og:image:width\" content=\"800\" \/>\n\t<meta property=\"og:image:height\" content=\"800\" \/>\n\t<meta property=\"og:image:type\" content=\"image\/jpeg\" \/>\n<meta name=\"twitter:card\" content=\"summary_large_image\" \/>\n<meta name=\"twitter:label1\" content=\"Gesch\u00e4tzte Lesezeit\" \/>\n\t<meta name=\"twitter:data1\" content=\"3\u00a0Minuten\" \/>\n<script type=\"application\/ld+json\" class=\"yoast-schema-graph\">{\"@context\":\"https:\/\/schema.org\",\"@graph\":[{\"@type\":\"WebPage\",\"@id\":\"https:\/\/jbsy-china.com\/product\/hexagonal-shear-bolts-gold-plated\/\",\"url\":\"https:\/\/jbsy-china.com\/product\/hexagonal-shear-bolts-gold-plated\/\",\"name\":\"Hexagonal shear bolts gold plated - Jingbang Industrial\",\"isPartOf\":{\"@id\":\"https:\/\/jbsy-china.com\/#website\"},\"primaryImageOfPage\":{\"@id\":\"https:\/\/jbsy-china.com\/product\/hexagonal-shear-bolts-gold-plated\/#primaryimage\"},\"image\":{\"@id\":\"https:\/\/jbsy-china.com\/product\/hexagonal-shear-bolts-gold-plated\/#primaryimage\"},\"thumbnailUrl\":\"https:\/\/jbsy-china.com\/wp-content\/uploads\/2025\/05\/\u5916\u516d\u89d2\u5e26\u76d8\u5934\u526a\u5207\u87ba\u6813\u9540\u91d1.jpg\",\"datePublished\":\"2025-05-06T07:32:36+00:00\",\"dateModified\":\"2025-07-31T09:36:09+00:00\",\"description\":\"Gold-plated hexagonal shear bolts are specialized fasteners designed for applications requiring both security and corrosion resistance.\",\"breadcrumb\":{\"@id\":\"https:\/\/jbsy-china.com\/product\/hexagonal-shear-bolts-gold-plated\/#breadcrumb\"},\"inLanguage\":\"de\",\"potentialAction\":[{\"@type\":\"ReadAction\",\"target\":[\"https:\/\/jbsy-china.com\/product\/hexagonal-shear-bolts-gold-plated\/\"]}]},{\"@type\":\"ImageObject\",\"inLanguage\":\"de\",\"@id\":\"https:\/\/jbsy-china.com\/product\/hexagonal-shear-bolts-gold-plated\/#primaryimage\",\"url\":\"https:\/\/jbsy-china.com\/wp-content\/uploads\/2025\/05\/\u5916\u516d\u89d2\u5e26\u76d8\u5934\u526a\u5207\u87ba\u6813\u9540\u91d1.jpg\",\"contentUrl\":\"https:\/\/jbsy-china.com\/wp-content\/uploads\/2025\/05\/\u5916\u516d\u89d2\u5e26\u76d8\u5934\u526a\u5207\u87ba\u6813\u9540\u91d1.jpg\",\"width\":800,\"height\":800},{\"@type\":\"BreadcrumbList\",\"@id\":\"https:\/\/jbsy-china.com\/product\/hexagonal-shear-bolts-gold-plated\/#breadcrumb\",\"itemListElement\":[{\"@type\":\"ListItem\",\"position\":1,\"name\":\"Home\",\"item\":\"https:\/\/jbsy-china.com\/\"},{\"@type\":\"ListItem\",\"position\":2,\"name\":\"Products\",\"item\":\"https:\/\/jbsy-china.com\/shop\/\"},{\"@type\":\"ListItem\",\"position\":3,\"name\":\"Hexagonal shear bolts gold plated\"}]},{\"@type\":\"WebSite\",\"@id\":\"https:\/\/jbsy-china.com\/#website\",\"url\":\"https:\/\/jbsy-china.com\/\",\"name\":\"Jingbang Industrial\",\"description\":\"Hardware and electronics manufacturer\",\"publisher\":{\"@id\":\"https:\/\/jbsy-china.com\/#organization\"},\"potentialAction\":[{\"@type\":\"SearchAction\",\"target\":{\"@type\":\"EntryPoint\",\"urlTemplate\":\"https:\/\/jbsy-china.com\/?s={search_term_string}\"},\"query-input\":{\"@type\":\"PropertyValueSpecification\",\"valueRequired\":true,\"valueName\":\"search_term_string\"}}],\"inLanguage\":\"de\"},{\"@type\":\"Organization\",\"@id\":\"https:\/\/jbsy-china.com\/#organization\",\"name\":\"Jingbang Industrial\",\"url\":\"https:\/\/jbsy-china.com\/\",\"logo\":{\"@type\":\"ImageObject\",\"inLanguage\":\"de\",\"@id\":\"https:\/\/jbsy-china.com\/#\/schema\/logo\/image\/\",\"url\":\"https:\/\/jbsy-china.com\/wp-content\/uploads\/2023\/11\/cropped-\u56fe\u5c42-1.png\",\"contentUrl\":\"https:\/\/jbsy-china.com\/wp-content\/uploads\/2023\/11\/cropped-\u56fe\u5c42-1.png\",\"width\":1049,\"height\":739,\"caption\":\"Jingbang Industrial\"},\"image\":{\"@id\":\"https:\/\/jbsy-china.com\/#\/schema\/logo\/image\/\"}}]}<\/script>\n<!-- \/ Yoast SEO Premium plugin. -->","yoast_head_json":{"title":"Sechskant-Abrei\u00dfschrauben vergoldet - Jingbang Industrial","description":"Vergoldete Sechskant-Abrei\u00dfschrauben sind spezielle Verbindungselemente f\u00fcr Anwendungen, die sowohl Sicherheit als auch Korrosionsbest\u00e4ndigkeit erfordern.","robots":{"index":"index","follow":"follow","max-snippet":"max-snippet:-1","max-image-preview":"max-image-preview:large","max-video-preview":"max-video-preview:-1"},"canonical":"https:\/\/jbsy-china.com\/de\/produkt\/hexagonal-shear-bolts-gold-plated\/","og_locale":"de_DE","og_type":"article","og_title":"Hexagonal shear bolts gold plated","og_description":"Gold-plated hexagonal shear bolts are specialized fasteners designed for applications requiring both security and corrosion resistance.","og_url":"https:\/\/jbsy-china.com\/de\/produkt\/hexagonal-shear-bolts-gold-plated\/","og_site_name":"Jingbang Industrial","article_modified_time":"2025-07-31T09:36:09+00:00","og_image":[{"width":800,"height":800,"url":"http:\/\/jbsy-china.com\/wp-content\/uploads\/2025\/05\/\u5916\u516d\u89d2\u5e26\u76d8\u5934\u526a\u5207\u87ba\u6813\u9540\u91d1.jpg","type":"image\/jpeg"}],"twitter_card":"summary_large_image","twitter_misc":{"Gesch\u00e4tzte Lesezeit":"3\u00a0Minuten"},"schema":{"@context":"https:\/\/schema.org","@graph":[{"@type":"WebPage","@id":"https:\/\/jbsy-china.com\/product\/hexagonal-shear-bolts-gold-plated\/","url":"https:\/\/jbsy-china.com\/product\/hexagonal-shear-bolts-gold-plated\/","name":"Sechskant-Abrei\u00dfschrauben vergoldet - Jingbang Industrial","isPartOf":{"@id":"https:\/\/jbsy-china.com\/#website"},"primaryImageOfPage":{"@id":"https:\/\/jbsy-china.com\/product\/hexagonal-shear-bolts-gold-plated\/#primaryimage"},"image":{"@id":"https:\/\/jbsy-china.com\/product\/hexagonal-shear-bolts-gold-plated\/#primaryimage"},"thumbnailUrl":"https:\/\/jbsy-china.com\/wp-content\/uploads\/2025\/05\/\u5916\u516d\u89d2\u5e26\u76d8\u5934\u526a\u5207\u87ba\u6813\u9540\u91d1.jpg","datePublished":"2025-05-06T07:32:36+00:00","dateModified":"2025-07-31T09:36:09+00:00","description":"Vergoldete Sechskant-Abrei\u00dfschrauben sind spezielle Verbindungselemente f\u00fcr Anwendungen, die sowohl Sicherheit als auch Korrosionsbest\u00e4ndigkeit erfordern.","breadcrumb":{"@id":"https:\/\/jbsy-china.com\/product\/hexagonal-shear-bolts-gold-plated\/#breadcrumb"},"inLanguage":"de","potentialAction":[{"@type":"ReadAction","target":["https:\/\/jbsy-china.com\/product\/hexagonal-shear-bolts-gold-plated\/"]}]},{"@type":"ImageObject","inLanguage":"de","@id":"https:\/\/jbsy-china.com\/product\/hexagonal-shear-bolts-gold-plated\/#primaryimage","url":"https:\/\/jbsy-china.com\/wp-content\/uploads\/2025\/05\/\u5916\u516d\u89d2\u5e26\u76d8\u5934\u526a\u5207\u87ba\u6813\u9540\u91d1.jpg","contentUrl":"https:\/\/jbsy-china.com\/wp-content\/uploads\/2025\/05\/\u5916\u516d\u89d2\u5e26\u76d8\u5934\u526a\u5207\u87ba\u6813\u9540\u91d1.jpg","width":800,"height":800},{"@type":"BreadcrumbList","@id":"https:\/\/jbsy-china.com\/product\/hexagonal-shear-bolts-gold-plated\/#breadcrumb","itemListElement":[{"@type":"ListItem","position":1,"name":"Home","item":"https:\/\/jbsy-china.com\/"},{"@type":"ListItem","position":2,"name":"Products","item":"https:\/\/jbsy-china.com\/shop\/"},{"@type":"ListItem","position":3,"name":"Hexagonal shear bolts gold plated"}]},{"@type":"WebSite","@id":"https:\/\/jbsy-china.com\/#website","url":"https:\/\/jbsy-china.com\/","name":"Jingbang Industrie","description":"Hersteller von Hardware und Elektronik","publisher":{"@id":"https:\/\/jbsy-china.com\/#organization"},"potentialAction":[{"@type":"SearchAction","target":{"@type":"EntryPoint","urlTemplate":"https:\/\/jbsy-china.com\/?s={search_term_string}"},"query-input":{"@type":"PropertyValueSpecification","valueRequired":true,"valueName":"search_term_string"}}],"inLanguage":"de"},{"@type":"Organization","@id":"https:\/\/jbsy-china.com\/#organization","name":"Jingbang Industrie","url":"https:\/\/jbsy-china.com\/","logo":{"@type":"ImageObject","inLanguage":"de","@id":"https:\/\/jbsy-china.com\/#\/schema\/logo\/image\/","url":"https:\/\/jbsy-china.com\/wp-content\/uploads\/2023\/11\/cropped-\u56fe\u5c42-1.png","contentUrl":"https:\/\/jbsy-china.com\/wp-content\/uploads\/2023\/11\/cropped-\u56fe\u5c42-1.png","width":1049,"height":739,"caption":"Jingbang Industrial"},"image":{"@id":"https:\/\/jbsy-china.com\/#\/schema\/logo\/image\/"}}]}},"_links":{"self":[{"href":"https:\/\/jbsy-china.com\/de\/wp-json\/wp\/v2\/product\/33136","targetHints":{"allow":["GET"]}}],"collection":[{"href":"https:\/\/jbsy-china.com\/de\/wp-json\/wp\/v2\/product"}],"about":[{"href":"https:\/\/jbsy-china.com\/de\/wp-json\/wp\/v2\/types\/product"}],"replies":[{"embeddable":true,"href":"https:\/\/jbsy-china.com\/de\/wp-json\/wp\/v2\/comments?post=33136"}],"wp:featuredmedia":[{"embeddable":true,"href":"https:\/\/jbsy-china.com\/de\/wp-json\/wp\/v2\/media\/33165"}],"wp:attachment":[{"href":"https:\/\/jbsy-china.com\/de\/wp-json\/wp\/v2\/media?parent=33136"}],"wp:term":[{"taxonomy":"product_brand","embeddable":true,"href":"https:\/\/jbsy-china.com\/de\/wp-json\/wp\/v2\/product_brand?post=33136"},{"taxonomy":"product_cat","embeddable":true,"href":"https:\/\/jbsy-china.com\/de\/wp-json\/wp\/v2\/product_cat?post=33136"},{"taxonomy":"product_tag","embeddable":true,"href":"https:\/\/jbsy-china.com\/de\/wp-json\/wp\/v2\/product_tag?post=33136"}],"curies":[{"name":"wp","href":"https:\/\/api.w.org\/{rel}","templated":true}]}}