{"id":33251,"date":"2025-05-09T09:02:39","date_gmt":"2025-05-09T09:02:39","guid":{"rendered":"https:\/\/jbsy-china.com\/?post_type=product&#038;p=33251"},"modified":"2025-07-31T06:14:40","modified_gmt":"2025-07-31T06:14:40","slug":"shear-bolts-black-nickel-plated","status":"publish","type":"product","link":"https:\/\/jbsy-china.com\/de\/produkt\/shear-bolts-black-nickel-plated\/","title":{"rendered":"Scherbolzen schwarz vernickelt"},"content":{"rendered":"<p><img fetchpriority=\"high\" decoding=\"async\" class=\"alignnone size-full wp-image-31578\" src=\"http:\/\/jbsy-china.com\/wp-content\/uploads\/2025\/02\/\u51b7\u9566\u8be6\u60c5\u9875_01.jpg\" alt=\"\" width=\"790\" height=\"329\" srcset=\"https:\/\/jbsy-china.com\/wp-content\/uploads\/2025\/02\/\u51b7\u9566\u8be6\u60c5\u9875_01.jpg 790w, https:\/\/jbsy-china.com\/wp-content\/uploads\/2025\/02\/\u51b7\u9566\u8be6\u60c5\u9875_01-300x125.jpg 300w, https:\/\/jbsy-china.com\/wp-content\/uploads\/2025\/02\/\u51b7\u9566\u8be6\u60c5\u9875_01-768x320.jpg 768w, https:\/\/jbsy-china.com\/wp-content\/uploads\/2025\/02\/\u51b7\u9566\u8be6\u60c5\u9875_01-600x250.jpg 600w\" sizes=\"(max-width: 790px) 100vw, 790px\" \/> <img decoding=\"async\" class=\"alignnone size-full wp-image-31579\" src=\"http:\/\/jbsy-china.com\/wp-content\/uploads\/2025\/02\/\u51b7\u9566\u8be6\u60c5\u9875_02.jpg\" alt=\"\" width=\"790\" height=\"981\" srcset=\"https:\/\/jbsy-china.com\/wp-content\/uploads\/2025\/02\/\u51b7\u9566\u8be6\u60c5\u9875_02.jpg 790w, https:\/\/jbsy-china.com\/wp-content\/uploads\/2025\/02\/\u51b7\u9566\u8be6\u60c5\u9875_02-242x300.jpg 242w, https:\/\/jbsy-china.com\/wp-content\/uploads\/2025\/02\/\u51b7\u9566\u8be6\u60c5\u9875_02-768x954.jpg 768w, https:\/\/jbsy-china.com\/wp-content\/uploads\/2025\/02\/\u51b7\u9566\u8be6\u60c5\u9875_02-600x745.jpg 600w\" sizes=\"(max-width: 790px) 100vw, 790px\" \/> <img decoding=\"async\" class=\"alignnone size-full wp-image-31580\" src=\"http:\/\/jbsy-china.com\/wp-content\/uploads\/2025\/02\/\u51b7\u9566\u8be6\u60c5\u9875_03.jpg\" alt=\"\" width=\"790\" height=\"740\" srcset=\"https:\/\/jbsy-china.com\/wp-content\/uploads\/2025\/02\/\u51b7\u9566\u8be6\u60c5\u9875_03.jpg 790w, https:\/\/jbsy-china.com\/wp-content\/uploads\/2025\/02\/\u51b7\u9566\u8be6\u60c5\u9875_03-300x281.jpg 300w, https:\/\/jbsy-china.com\/wp-content\/uploads\/2025\/02\/\u51b7\u9566\u8be6\u60c5\u9875_03-768x719.jpg 768w, https:\/\/jbsy-china.com\/wp-content\/uploads\/2025\/02\/\u51b7\u9566\u8be6\u60c5\u9875_03-600x562.jpg 600w\" sizes=\"(max-width: 790px) 100vw, 790px\" \/> <img loading=\"lazy\" decoding=\"async\" class=\"alignnone size-full wp-image-31581\" src=\"http:\/\/jbsy-china.com\/wp-content\/uploads\/2025\/02\/\u51b7\u9566\u8be6\u60c5\u9875_04.jpg\" alt=\"\" width=\"790\" height=\"739\" srcset=\"https:\/\/jbsy-china.com\/wp-content\/uploads\/2025\/02\/\u51b7\u9566\u8be6\u60c5\u9875_04.jpg 790w, https:\/\/jbsy-china.com\/wp-content\/uploads\/2025\/02\/\u51b7\u9566\u8be6\u60c5\u9875_04-300x281.jpg 300w, https:\/\/jbsy-china.com\/wp-content\/uploads\/2025\/02\/\u51b7\u9566\u8be6\u60c5\u9875_04-768x718.jpg 768w, https:\/\/jbsy-china.com\/wp-content\/uploads\/2025\/02\/\u51b7\u9566\u8be6\u60c5\u9875_04-600x561.jpg 600w\" sizes=\"(max-width: 790px) 100vw, 790px\" \/> <img loading=\"lazy\" decoding=\"async\" class=\"alignnone size-full wp-image-31583\" src=\"http:\/\/jbsy-china.com\/wp-content\/uploads\/2025\/02\/\u51b7\u9566\u8be6\u60c5\u9875_05_01.jpg\" alt=\"\" width=\"790\" height=\"677\" srcset=\"https:\/\/jbsy-china.com\/wp-content\/uploads\/2025\/02\/\u51b7\u9566\u8be6\u60c5\u9875_05_01.jpg 790w, https:\/\/jbsy-china.com\/wp-content\/uploads\/2025\/02\/\u51b7\u9566\u8be6\u60c5\u9875_05_01-300x257.jpg 300w, https:\/\/jbsy-china.com\/wp-content\/uploads\/2025\/02\/\u51b7\u9566\u8be6\u60c5\u9875_05_01-768x658.jpg 768w, https:\/\/jbsy-china.com\/wp-content\/uploads\/2025\/02\/\u51b7\u9566\u8be6\u60c5\u9875_05_01-600x514.jpg 600w\" sizes=\"(max-width: 790px) 100vw, 790px\" \/><\/p>\n<p><strong>Das Kaltstauchverfahren ist eines der neuen Verfahren f\u00fcr die Druckbearbeitung mit weniger oder gar keiner Zerspanung<\/strong><br \/>\n<strong>Metall. Es handelt sich um eine Verarbeitungsmethode, die die plastische Verformung von Metall unter der Einwirkung von<\/strong><br \/>\n<strong>\u00e4u\u00dfere Kr\u00e4fte, und mit Hilfe von Formen wird das Metallvolumen umverteilt und in die Form gebracht<\/strong><br \/>\n<strong>die gew\u00fcnschten Teile oder Rohlinge. Das Kaltstauchverfahren ist am besten geeignet f\u00fcr die Herstellung von Standard<\/strong><br \/>\n<strong>Verbindungselemente wie Bolzen, Schrauben, Muttern, Nieten, Stifte usw.<\/strong><\/p>\n<p><img loading=\"lazy\" decoding=\"async\" class=\"alignnone size-full wp-image-31585\" src=\"http:\/\/jbsy-china.com\/wp-content\/uploads\/2025\/02\/\u51b7\u9566\u8be6\u60c5\u9875_05_03.jpg\" alt=\"\" width=\"790\" height=\"603\" srcset=\"https:\/\/jbsy-china.com\/wp-content\/uploads\/2025\/02\/\u51b7\u9566\u8be6\u60c5\u9875_05_03.jpg 790w, https:\/\/jbsy-china.com\/wp-content\/uploads\/2025\/02\/\u51b7\u9566\u8be6\u60c5\u9875_05_03-300x229.jpg 300w, https:\/\/jbsy-china.com\/wp-content\/uploads\/2025\/02\/\u51b7\u9566\u8be6\u60c5\u9875_05_03-768x586.jpg 768w, https:\/\/jbsy-china.com\/wp-content\/uploads\/2025\/02\/\u51b7\u9566\u8be6\u60c5\u9875_05_03-600x458.jpg 600w\" sizes=\"(max-width: 790px) 100vw, 790px\" \/> <img loading=\"lazy\" decoding=\"async\" class=\"alignnone size-full wp-image-31586\" src=\"http:\/\/jbsy-china.com\/wp-content\/uploads\/2025\/02\/\u51b7\u9566\u8be6\u60c5\u9875_06.jpg\" alt=\"\" width=\"790\" height=\"742\" srcset=\"https:\/\/jbsy-china.com\/wp-content\/uploads\/2025\/02\/\u51b7\u9566\u8be6\u60c5\u9875_06.jpg 790w, https:\/\/jbsy-china.com\/wp-content\/uploads\/2025\/02\/\u51b7\u9566\u8be6\u60c5\u9875_06-300x282.jpg 300w, https:\/\/jbsy-china.com\/wp-content\/uploads\/2025\/02\/\u51b7\u9566\u8be6\u60c5\u9875_06-768x721.jpg 768w, https:\/\/jbsy-china.com\/wp-content\/uploads\/2025\/02\/\u51b7\u9566\u8be6\u60c5\u9875_06-600x564.jpg 600w\" sizes=\"(max-width: 790px) 100vw, 790px\" \/><\/p>\n<p class=\"ds-markdown-paragraph\">Schwarz vernickelt <a href=\"https:\/\/jbsy-china.com\/de\/shear-off-nuts-and-bolts\/\">Scherbolzen<\/a> sind spezielle Verbindungselemente, die sowohl Korrosionsbest\u00e4ndigkeit als auch eine kontrollierte Bruchstelle bei bestimmten Drehmomenten oder Scherbelastungen bieten. Hier ist eine detaillierte Beschreibung:<\/p>\n<h5><strong>1. Material &amp; Konstruktion:<\/strong><\/h5>\n<ul>\n<li>\n<p class=\"ds-markdown-paragraph\"><strong>Unedles Metall:<\/strong>\u00a0Sie werden in der Regel aus hochfestem Stahl oder einer Legierung hergestellt, um eine lange Lebensdauer zu gew\u00e4hrleisten.<\/p>\n<\/li>\n<li>\n<p class=\"ds-markdown-paragraph\"><strong>\u00dcberzug:<\/strong>\u00a0Beschichtet mit\u00a0<strong>Schwarzer Nickel<\/strong>ein dunkles, mattes oder halbgl\u00e4nzendes Finish, das eine hohe Qualit\u00e4t bietet:<\/p>\n<ul>\n<li>\n<p class=\"ds-markdown-paragraph\"><strong>Korrosionsbest\u00e4ndigkeit:<\/strong>\u00a0Sch\u00fctzt vor Rost und Umweltsch\u00e4den.<\/p>\n<\/li>\n<li>\n<p class=\"ds-markdown-paragraph\"><strong>\u00c4sthetische Anziehungskraft:<\/strong>\u00a0Glatte, nicht reflektierende schwarze Oberfl\u00e4che.<\/p>\n<\/li>\n<li>\n<p class=\"ds-markdown-paragraph\"><strong>M\u00e4\u00dfige Schmierf\u00e4higkeit:<\/strong>\u00a0Hilft beim Festziehen, ist aber weniger rutschig als Zink oder Chrom.<\/p>\n<\/li>\n<\/ul>\n<\/li>\n<\/ul>\n<h5><strong>2. Konstruktion von Scherschrauben:<\/strong><\/h5>\n<ul>\n<li>\n<p class=\"ds-markdown-paragraph\"><strong>Zweck:<\/strong>\u00a0Entworfen f\u00fcr\u00a0<strong>abscheren<\/strong>\u00a0bei einem bestimmten Drehmoment oder einer bestimmten Last und wirkt wie eine mechanische Sicherung, um Maschinen vor \u00dcberlastsch\u00e4den zu sch\u00fctzen.<\/p>\n<\/li>\n<li>\n<p class=\"ds-markdown-paragraph\"><strong>Schwachpunkt:<\/strong>\u00a0Hat oft einen gekerbten oder reduzierten Schaftdurchmesser, um einen kontrollierten Bruch zu gew\u00e4hrleisten.<\/p>\n<\/li>\n<li><strong>Scherbolzen schwarz vernickelt<\/strong><\/li>\n<li>\n<p class=\"ds-markdown-paragraph\"><strong>Gemeinsame Anwendungen:<\/strong>\u00a0Wird in landwirtschaftlichen Ger\u00e4ten (z. B. M\u00e4hmaschinen, Schnecken), Sicherheitssystemen f\u00fcr Kraftfahrzeuge und Industriemaschinen verwendet.<\/p>\n<\/li>\n<\/ul>\n<h5><strong>3. Hauptmerkmale:<\/strong><\/h5>\n<ul>\n<li>\n<p class=\"ds-markdown-paragraph\"><strong>Kontrolliertes Scheitern:<\/strong>\u00a0Verhindert kostspielige Sch\u00e4den durch Abscheren, bevor \u00fcberm\u00e4\u00dfige Kr\u00e4fte andere Komponenten besch\u00e4digen.<\/p>\n<\/li>\n<li>\n<p class=\"ds-markdown-paragraph\"><strong>Gewindetyp:<\/strong>\u00a0Kann je nach Anwendung Fein- oder Grobgewinde haben (z. B. metrische oder SAE-Normen).<\/p>\n<\/li>\n<li>\n<p class=\"ds-markdown-paragraph\"><strong>Kopfformate:<\/strong>\u00a0Sechskantkopf, Flanschkopf oder Spezialk\u00f6pfe f\u00fcr spezifische Drehmomentanforderungen.<\/p>\n<\/li>\n<\/ul>\n<h5><strong>4. Vorteile der Schwarzvernickelung:<\/strong><\/h5>\n<ul>\n<li>\n<p class=\"ds-markdown-paragraph\"><strong>Verbesserte Langlebigkeit:<\/strong>\u00a0Verschlei\u00dffester als glatte oder verzinkte Bolzen.<\/p>\n<\/li>\n<li>\n<p class=\"ds-markdown-paragraph\"><strong>Dekorative Ausf\u00fchrung:<\/strong>\u00a0Wird h\u00e4ufig in sichtbaren Anwendungen verwendet, bei denen es auf \u00c4sthetik ankommt.<\/p>\n<\/li>\n<li>\n<p class=\"ds-markdown-paragraph\"><strong>Bessere Adh\u00e4sion:<\/strong>\u00a0Farbe oder Beschichtungen haften besser als auf Glanznickel.<\/p>\n<\/li>\n<li><strong>Scherbolzen schwarz vernickelt<\/strong><\/li>\n<\/ul>\n<h5><strong>5. H\u00e4ufige Verwendungen:<\/strong><\/h5>\n<ul>\n<li>\n<p class=\"ds-markdown-paragraph\"><strong>Landwirtschaft:<\/strong>\u00a0Abscherschrauben in Zapfwellen, M\u00e4hwerken und Erntemaschinen.<\/p>\n<\/li>\n<li>\n<p class=\"ds-markdown-paragraph\"><strong>Automobilindustrie:<\/strong>\u00a0Sicherheitskritische Scherstellen in Sicherheitsgurten oder im Antriebsstrang.<\/p>\n<\/li>\n<li>\n<p class=\"ds-markdown-paragraph\"><strong>Industrielle Maschinen:<\/strong>\u00a0\u00dcberlastschutz in F\u00f6rderanlagen oder Getrieben.<\/p>\n<\/li>\n<\/ul>","protected":false},"excerpt":{"rendered":"<h6><strong>Wesentliche Merkmale:<\/strong><\/h6>\n<ul>\n<li>\n<p class=\"ds-markdown-paragraph\"><strong>Kontrolliertes Scheitern:<\/strong>\u00a0Verhindert kostspielige Sch\u00e4den durch Abscheren, bevor \u00fcberm\u00e4\u00dfige Kr\u00e4fte andere Komponenten besch\u00e4digen.<\/p>\n<\/li>\n<li>\n<p class=\"ds-markdown-paragraph\"><strong>Gewindetyp:<\/strong>\u00a0Kann je nach Anwendung Fein- oder Grobgewinde haben (z. B. metrische oder SAE-Normen).<\/p>\n<\/li>\n<li>\n<p class=\"ds-markdown-paragraph\"><strong>Kopfformate:<\/strong>\u00a0Sechskantkopf, Flanschkopf oder Spezialk\u00f6pfe f\u00fcr spezifische Drehmomentanforderungen.<\/p>\n<\/li>\n<\/ul>","protected":false},"featured_media":33164,"comment_status":"open","ping_status":"closed","template":"","meta":{"site-sidebar-layout":"default","site-content-layout":"","ast-site-content-layout":"default","site-content-style":"default","site-sidebar-style":"default","ast-global-header-display":"","ast-banner-title-visibility":"","ast-main-header-display":"","ast-hfb-above-header-display":"","ast-hfb-below-header-display":"","ast-hfb-mobile-header-display":"","site-post-title":"","ast-breadcrumbs-content":"","ast-featured-img":"","footer-sml-layout":"","ast-disable-related-posts":"","theme-transparent-header-meta":"default","adv-header-id-meta":"","stick-header-meta":"default","header-above-stick-meta":"","header-main-stick-meta":"","header-below-stick-meta":"","astra-migrate-meta-layouts":"set","ast-page-background-enabled":"default","ast-page-background-meta":{"desktop":{"background-color":"var(--ast-global-color-4)","background-image":"","background-repeat":"repeat","background-position":"center center","background-size":"auto","background-attachment":"scroll","background-type":"","background-media":"","overlay-type":"","overlay-color":"","overlay-opacity":"","overlay-gradient":""},"tablet":{"background-color":"","background-image":"","background-repeat":"repeat","background-position":"center center","background-size":"auto","background-attachment":"scroll","background-type":"","background-media":"","overlay-type":"","overlay-color":"","overlay-opacity":"","overlay-gradient":""},"mobile":{"background-color":"","background-image":"","background-repeat":"repeat","background-position":"center center","background-size":"auto","background-attachment":"scroll","background-type":"","background-media":"","overlay-type":"","overlay-color":"","overlay-opacity":"","overlay-gradient":""}},"ast-content-background-meta":{"desktop":{"background-color":"var(--ast-global-color-5)","background-image":"","background-repeat":"repeat","background-position":"center center","background-size":"auto","background-attachment":"scroll","background-type":"","background-media":"","overlay-type":"","overlay-color":"","overlay-opacity":"","overlay-gradient":""},"tablet":{"background-color":"var(--ast-global-color-5)","background-image":"","background-repeat":"repeat","background-position":"center center","background-size":"auto","background-attachment":"scroll","background-type":"","background-media":"","overlay-type":"","overlay-color":"","overlay-opacity":"","overlay-gradient":""},"mobile":{"background-color":"var(--ast-global-color-5)","background-image":"","background-repeat":"repeat","background-position":"center center","background-size":"auto","background-attachment":"scroll","background-type":"","background-media":"","overlay-type":"","overlay-color":"","overlay-opacity":"","overlay-gradient":""}},"_themeisle_gutenberg_block_has_review":false,"_ti_tpc_template_sync":false,"_ti_tpc_template_id":""},"product_brand":[],"product_cat":[1272],"product_tag":[],"class_list":{"0":"post-33251","1":"product","2":"type-product","3":"status-publish","4":"has-post-thumbnail","6":"product_cat-shear-off-nuts-and-bolts","7":"desktop-align-left","8":"tablet-align-left","9":"mobile-align-left","10":"ast-product-gallery-layout-horizontal-slider","11":"ast-product-tabs-layout-horizontal","12":"ast-qv-on-image","14":"first","15":"instock","16":"shipping-taxable","17":"product-type-simple"},"yoast_head":"<!-- This site is optimized with the Yoast SEO Premium plugin v21.7 (Yoast SEO v25.7) - https:\/\/yoast.com\/wordpress\/plugins\/seo\/ -->\n<title>Shear bolts black nickel plated - Jingbang Industrial<\/title>\n<meta name=\"description\" content=\"Black nickel plated shear bolts are specially designed fasteners to provide corrosion resistance and a controlled breaking point under shear stress.\" \/>\n<meta name=\"robots\" content=\"index, follow, max-snippet:-1, max-image-preview:large, max-video-preview:-1\" \/>\n<link rel=\"canonical\" href=\"https:\/\/jbsy-china.com\/de\/produkt\/shear-bolts-black-nickel-plated\/\" \/>\n<meta property=\"og:locale\" content=\"de_DE\" \/>\n<meta property=\"og:type\" content=\"article\" \/>\n<meta property=\"og:title\" content=\"Shear bolts black nickel plated\" \/>\n<meta property=\"og:description\" content=\"Black nickel plated shear bolts are specially designed fasteners to provide corrosion resistance and a controlled breaking point under shear stress.\" \/>\n<meta property=\"og:url\" content=\"https:\/\/jbsy-china.com\/de\/produkt\/shear-bolts-black-nickel-plated\/\" \/>\n<meta property=\"og:site_name\" content=\"Jingbang Industrial\" \/>\n<meta property=\"article:modified_time\" content=\"2025-07-31T06:14:40+00:00\" \/>\n<meta property=\"og:image\" content=\"http:\/\/jbsy-china.com\/wp-content\/uploads\/2025\/05\/\u5916\u516d\u89d2\u5e26\u76d8\u5934\u526a\u5207\u87ba\u6813\u9540\u9ed1\u954d.jpg\" \/>\n\t<meta property=\"og:image:width\" content=\"800\" \/>\n\t<meta property=\"og:image:height\" content=\"800\" \/>\n\t<meta property=\"og:image:type\" content=\"image\/jpeg\" \/>\n<meta name=\"twitter:card\" content=\"summary_large_image\" \/>\n<meta name=\"twitter:label1\" content=\"Gesch\u00e4tzte Lesezeit\" \/>\n\t<meta name=\"twitter:data1\" content=\"4\u00a0Minuten\" \/>\n<script type=\"application\/ld+json\" class=\"yoast-schema-graph\">{\"@context\":\"https:\/\/schema.org\",\"@graph\":[{\"@type\":\"WebPage\",\"@id\":\"https:\/\/jbsy-china.com\/product\/shear-bolts-black-nickel-plated\/\",\"url\":\"https:\/\/jbsy-china.com\/product\/shear-bolts-black-nickel-plated\/\",\"name\":\"Shear bolts black nickel plated - Jingbang Industrial\",\"isPartOf\":{\"@id\":\"https:\/\/jbsy-china.com\/#website\"},\"primaryImageOfPage\":{\"@id\":\"https:\/\/jbsy-china.com\/product\/shear-bolts-black-nickel-plated\/#primaryimage\"},\"image\":{\"@id\":\"https:\/\/jbsy-china.com\/product\/shear-bolts-black-nickel-plated\/#primaryimage\"},\"thumbnailUrl\":\"https:\/\/jbsy-china.com\/wp-content\/uploads\/2025\/05\/\u5916\u516d\u89d2\u5e26\u76d8\u5934\u526a\u5207\u87ba\u6813\u9540\u9ed1\u954d.jpg\",\"datePublished\":\"2025-05-09T09:02:39+00:00\",\"dateModified\":\"2025-07-31T06:14:40+00:00\",\"description\":\"Black nickel plated shear bolts are specially designed fasteners to provide corrosion resistance and a controlled breaking point under shear stress.\",\"breadcrumb\":{\"@id\":\"https:\/\/jbsy-china.com\/product\/shear-bolts-black-nickel-plated\/#breadcrumb\"},\"inLanguage\":\"de\",\"potentialAction\":[{\"@type\":\"ReadAction\",\"target\":[\"https:\/\/jbsy-china.com\/product\/shear-bolts-black-nickel-plated\/\"]}]},{\"@type\":\"ImageObject\",\"inLanguage\":\"de\",\"@id\":\"https:\/\/jbsy-china.com\/product\/shear-bolts-black-nickel-plated\/#primaryimage\",\"url\":\"https:\/\/jbsy-china.com\/wp-content\/uploads\/2025\/05\/\u5916\u516d\u89d2\u5e26\u76d8\u5934\u526a\u5207\u87ba\u6813\u9540\u9ed1\u954d.jpg\",\"contentUrl\":\"https:\/\/jbsy-china.com\/wp-content\/uploads\/2025\/05\/\u5916\u516d\u89d2\u5e26\u76d8\u5934\u526a\u5207\u87ba\u6813\u9540\u9ed1\u954d.jpg\",\"width\":800,\"height\":800},{\"@type\":\"BreadcrumbList\",\"@id\":\"https:\/\/jbsy-china.com\/product\/shear-bolts-black-nickel-plated\/#breadcrumb\",\"itemListElement\":[{\"@type\":\"ListItem\",\"position\":1,\"name\":\"Home\",\"item\":\"https:\/\/jbsy-china.com\/\"},{\"@type\":\"ListItem\",\"position\":2,\"name\":\"Products\",\"item\":\"https:\/\/jbsy-china.com\/shop\/\"},{\"@type\":\"ListItem\",\"position\":3,\"name\":\"Shear bolts black nickel plated\"}]},{\"@type\":\"WebSite\",\"@id\":\"https:\/\/jbsy-china.com\/#website\",\"url\":\"https:\/\/jbsy-china.com\/\",\"name\":\"Jingbang Industrial\",\"description\":\"Hardware and electronics manufacturer\",\"publisher\":{\"@id\":\"https:\/\/jbsy-china.com\/#organization\"},\"potentialAction\":[{\"@type\":\"SearchAction\",\"target\":{\"@type\":\"EntryPoint\",\"urlTemplate\":\"https:\/\/jbsy-china.com\/?s={search_term_string}\"},\"query-input\":{\"@type\":\"PropertyValueSpecification\",\"valueRequired\":true,\"valueName\":\"search_term_string\"}}],\"inLanguage\":\"de\"},{\"@type\":\"Organization\",\"@id\":\"https:\/\/jbsy-china.com\/#organization\",\"name\":\"Jingbang Industrial\",\"url\":\"https:\/\/jbsy-china.com\/\",\"logo\":{\"@type\":\"ImageObject\",\"inLanguage\":\"de\",\"@id\":\"https:\/\/jbsy-china.com\/#\/schema\/logo\/image\/\",\"url\":\"https:\/\/jbsy-china.com\/wp-content\/uploads\/2023\/11\/cropped-\u56fe\u5c42-1.png\",\"contentUrl\":\"https:\/\/jbsy-china.com\/wp-content\/uploads\/2023\/11\/cropped-\u56fe\u5c42-1.png\",\"width\":1049,\"height\":739,\"caption\":\"Jingbang Industrial\"},\"image\":{\"@id\":\"https:\/\/jbsy-china.com\/#\/schema\/logo\/image\/\"}}]}<\/script>\n<!-- \/ Yoast SEO Premium plugin. -->","yoast_head_json":{"title":"Shear bolts black nickel plated - Jingbang Industrial","description":"Black nickel plated shear bolts are specially designed fasteners to provide corrosion resistance and a controlled breaking point under shear stress.","robots":{"index":"index","follow":"follow","max-snippet":"max-snippet:-1","max-image-preview":"max-image-preview:large","max-video-preview":"max-video-preview:-1"},"canonical":"https:\/\/jbsy-china.com\/de\/produkt\/shear-bolts-black-nickel-plated\/","og_locale":"de_DE","og_type":"article","og_title":"Shear bolts black nickel plated","og_description":"Black nickel plated shear bolts are specially designed fasteners to provide corrosion resistance and a controlled breaking point under shear stress.","og_url":"https:\/\/jbsy-china.com\/de\/produkt\/shear-bolts-black-nickel-plated\/","og_site_name":"Jingbang Industrial","article_modified_time":"2025-07-31T06:14:40+00:00","og_image":[{"width":800,"height":800,"url":"http:\/\/jbsy-china.com\/wp-content\/uploads\/2025\/05\/\u5916\u516d\u89d2\u5e26\u76d8\u5934\u526a\u5207\u87ba\u6813\u9540\u9ed1\u954d.jpg","type":"image\/jpeg"}],"twitter_card":"summary_large_image","twitter_misc":{"Gesch\u00e4tzte Lesezeit":"4\u00a0Minuten"},"schema":{"@context":"https:\/\/schema.org","@graph":[{"@type":"WebPage","@id":"https:\/\/jbsy-china.com\/product\/shear-bolts-black-nickel-plated\/","url":"https:\/\/jbsy-china.com\/product\/shear-bolts-black-nickel-plated\/","name":"Shear bolts black nickel plated - Jingbang Industrial","isPartOf":{"@id":"https:\/\/jbsy-china.com\/#website"},"primaryImageOfPage":{"@id":"https:\/\/jbsy-china.com\/product\/shear-bolts-black-nickel-plated\/#primaryimage"},"image":{"@id":"https:\/\/jbsy-china.com\/product\/shear-bolts-black-nickel-plated\/#primaryimage"},"thumbnailUrl":"https:\/\/jbsy-china.com\/wp-content\/uploads\/2025\/05\/\u5916\u516d\u89d2\u5e26\u76d8\u5934\u526a\u5207\u87ba\u6813\u9540\u9ed1\u954d.jpg","datePublished":"2025-05-09T09:02:39+00:00","dateModified":"2025-07-31T06:14:40+00:00","description":"Black nickel plated shear bolts are specially designed fasteners to provide corrosion resistance and a controlled breaking point under shear stress.","breadcrumb":{"@id":"https:\/\/jbsy-china.com\/product\/shear-bolts-black-nickel-plated\/#breadcrumb"},"inLanguage":"de","potentialAction":[{"@type":"ReadAction","target":["https:\/\/jbsy-china.com\/product\/shear-bolts-black-nickel-plated\/"]}]},{"@type":"ImageObject","inLanguage":"de","@id":"https:\/\/jbsy-china.com\/product\/shear-bolts-black-nickel-plated\/#primaryimage","url":"https:\/\/jbsy-china.com\/wp-content\/uploads\/2025\/05\/\u5916\u516d\u89d2\u5e26\u76d8\u5934\u526a\u5207\u87ba\u6813\u9540\u9ed1\u954d.jpg","contentUrl":"https:\/\/jbsy-china.com\/wp-content\/uploads\/2025\/05\/\u5916\u516d\u89d2\u5e26\u76d8\u5934\u526a\u5207\u87ba\u6813\u9540\u9ed1\u954d.jpg","width":800,"height":800},{"@type":"BreadcrumbList","@id":"https:\/\/jbsy-china.com\/product\/shear-bolts-black-nickel-plated\/#breadcrumb","itemListElement":[{"@type":"ListItem","position":1,"name":"Home","item":"https:\/\/jbsy-china.com\/"},{"@type":"ListItem","position":2,"name":"Products","item":"https:\/\/jbsy-china.com\/shop\/"},{"@type":"ListItem","position":3,"name":"Shear bolts black nickel plated"}]},{"@type":"WebSite","@id":"https:\/\/jbsy-china.com\/#website","url":"https:\/\/jbsy-china.com\/","name":"Jingbang Industrie","description":"Hersteller von Hardware und Elektronik","publisher":{"@id":"https:\/\/jbsy-china.com\/#organization"},"potentialAction":[{"@type":"SearchAction","target":{"@type":"EntryPoint","urlTemplate":"https:\/\/jbsy-china.com\/?s={search_term_string}"},"query-input":{"@type":"PropertyValueSpecification","valueRequired":true,"valueName":"search_term_string"}}],"inLanguage":"de"},{"@type":"Organization","@id":"https:\/\/jbsy-china.com\/#organization","name":"Jingbang Industrie","url":"https:\/\/jbsy-china.com\/","logo":{"@type":"ImageObject","inLanguage":"de","@id":"https:\/\/jbsy-china.com\/#\/schema\/logo\/image\/","url":"https:\/\/jbsy-china.com\/wp-content\/uploads\/2023\/11\/cropped-\u56fe\u5c42-1.png","contentUrl":"https:\/\/jbsy-china.com\/wp-content\/uploads\/2023\/11\/cropped-\u56fe\u5c42-1.png","width":1049,"height":739,"caption":"Jingbang Industrial"},"image":{"@id":"https:\/\/jbsy-china.com\/#\/schema\/logo\/image\/"}}]}},"_links":{"self":[{"href":"https:\/\/jbsy-china.com\/de\/wp-json\/wp\/v2\/product\/33251","targetHints":{"allow":["GET"]}}],"collection":[{"href":"https:\/\/jbsy-china.com\/de\/wp-json\/wp\/v2\/product"}],"about":[{"href":"https:\/\/jbsy-china.com\/de\/wp-json\/wp\/v2\/types\/product"}],"replies":[{"embeddable":true,"href":"https:\/\/jbsy-china.com\/de\/wp-json\/wp\/v2\/comments?post=33251"}],"wp:featuredmedia":[{"embeddable":true,"href":"https:\/\/jbsy-china.com\/de\/wp-json\/wp\/v2\/media\/33164"}],"wp:attachment":[{"href":"https:\/\/jbsy-china.com\/de\/wp-json\/wp\/v2\/media?parent=33251"}],"wp:term":[{"taxonomy":"product_brand","embeddable":true,"href":"https:\/\/jbsy-china.com\/de\/wp-json\/wp\/v2\/product_brand?post=33251"},{"taxonomy":"product_cat","embeddable":true,"href":"https:\/\/jbsy-china.com\/de\/wp-json\/wp\/v2\/product_cat?post=33251"},{"taxonomy":"product_tag","embeddable":true,"href":"https:\/\/jbsy-china.com\/de\/wp-json\/wp\/v2\/product_tag?post=33251"}],"curies":[{"name":"wp","href":"https:\/\/api.w.org\/{rel}","templated":true}]}}