{"id":33253,"date":"2025-05-09T09:05:30","date_gmt":"2025-05-09T09:05:30","guid":{"rendered":"https:\/\/jbsy-china.com\/?post_type=product&#038;p=33253"},"modified":"2025-07-31T06:32:46","modified_gmt":"2025-07-31T06:32:46","slug":"shear-bolts-black-zinc-plated","status":"publish","type":"product","link":"https:\/\/jbsy-china.com\/de\/produkt\/shear-bolts-black-zinc-plated\/","title":{"rendered":"Scherbolzen schwarz verzinkt"},"content":{"rendered":"<p><img fetchpriority=\"high\" decoding=\"async\" class=\"alignnone size-full wp-image-31578\" src=\"http:\/\/jbsy-china.com\/wp-content\/uploads\/2025\/02\/\u51b7\u9566\u8be6\u60c5\u9875_01.jpg\" alt=\"\" width=\"790\" height=\"329\" srcset=\"https:\/\/jbsy-china.com\/wp-content\/uploads\/2025\/02\/\u51b7\u9566\u8be6\u60c5\u9875_01.jpg 790w, https:\/\/jbsy-china.com\/wp-content\/uploads\/2025\/02\/\u51b7\u9566\u8be6\u60c5\u9875_01-300x125.jpg 300w, https:\/\/jbsy-china.com\/wp-content\/uploads\/2025\/02\/\u51b7\u9566\u8be6\u60c5\u9875_01-768x320.jpg 768w, https:\/\/jbsy-china.com\/wp-content\/uploads\/2025\/02\/\u51b7\u9566\u8be6\u60c5\u9875_01-600x250.jpg 600w\" sizes=\"(max-width: 790px) 100vw, 790px\" \/> <img decoding=\"async\" class=\"alignnone size-full wp-image-31579\" src=\"http:\/\/jbsy-china.com\/wp-content\/uploads\/2025\/02\/\u51b7\u9566\u8be6\u60c5\u9875_02.jpg\" alt=\"\" width=\"790\" height=\"981\" srcset=\"https:\/\/jbsy-china.com\/wp-content\/uploads\/2025\/02\/\u51b7\u9566\u8be6\u60c5\u9875_02.jpg 790w, https:\/\/jbsy-china.com\/wp-content\/uploads\/2025\/02\/\u51b7\u9566\u8be6\u60c5\u9875_02-242x300.jpg 242w, https:\/\/jbsy-china.com\/wp-content\/uploads\/2025\/02\/\u51b7\u9566\u8be6\u60c5\u9875_02-768x954.jpg 768w, https:\/\/jbsy-china.com\/wp-content\/uploads\/2025\/02\/\u51b7\u9566\u8be6\u60c5\u9875_02-600x745.jpg 600w\" sizes=\"(max-width: 790px) 100vw, 790px\" \/> <img decoding=\"async\" class=\"alignnone size-full wp-image-31580\" src=\"http:\/\/jbsy-china.com\/wp-content\/uploads\/2025\/02\/\u51b7\u9566\u8be6\u60c5\u9875_03.jpg\" alt=\"\" width=\"790\" height=\"740\" srcset=\"https:\/\/jbsy-china.com\/wp-content\/uploads\/2025\/02\/\u51b7\u9566\u8be6\u60c5\u9875_03.jpg 790w, https:\/\/jbsy-china.com\/wp-content\/uploads\/2025\/02\/\u51b7\u9566\u8be6\u60c5\u9875_03-300x281.jpg 300w, https:\/\/jbsy-china.com\/wp-content\/uploads\/2025\/02\/\u51b7\u9566\u8be6\u60c5\u9875_03-768x719.jpg 768w, https:\/\/jbsy-china.com\/wp-content\/uploads\/2025\/02\/\u51b7\u9566\u8be6\u60c5\u9875_03-600x562.jpg 600w\" sizes=\"(max-width: 790px) 100vw, 790px\" \/> <img loading=\"lazy\" decoding=\"async\" class=\"alignnone size-full wp-image-31581\" src=\"http:\/\/jbsy-china.com\/wp-content\/uploads\/2025\/02\/\u51b7\u9566\u8be6\u60c5\u9875_04.jpg\" alt=\"\" width=\"790\" height=\"739\" srcset=\"https:\/\/jbsy-china.com\/wp-content\/uploads\/2025\/02\/\u51b7\u9566\u8be6\u60c5\u9875_04.jpg 790w, https:\/\/jbsy-china.com\/wp-content\/uploads\/2025\/02\/\u51b7\u9566\u8be6\u60c5\u9875_04-300x281.jpg 300w, https:\/\/jbsy-china.com\/wp-content\/uploads\/2025\/02\/\u51b7\u9566\u8be6\u60c5\u9875_04-768x718.jpg 768w, https:\/\/jbsy-china.com\/wp-content\/uploads\/2025\/02\/\u51b7\u9566\u8be6\u60c5\u9875_04-600x561.jpg 600w\" sizes=\"(max-width: 790px) 100vw, 790px\" \/> <img loading=\"lazy\" decoding=\"async\" class=\"alignnone size-full wp-image-31583\" src=\"http:\/\/jbsy-china.com\/wp-content\/uploads\/2025\/02\/\u51b7\u9566\u8be6\u60c5\u9875_05_01.jpg\" alt=\"\" width=\"790\" height=\"677\" srcset=\"https:\/\/jbsy-china.com\/wp-content\/uploads\/2025\/02\/\u51b7\u9566\u8be6\u60c5\u9875_05_01.jpg 790w, https:\/\/jbsy-china.com\/wp-content\/uploads\/2025\/02\/\u51b7\u9566\u8be6\u60c5\u9875_05_01-300x257.jpg 300w, https:\/\/jbsy-china.com\/wp-content\/uploads\/2025\/02\/\u51b7\u9566\u8be6\u60c5\u9875_05_01-768x658.jpg 768w, https:\/\/jbsy-china.com\/wp-content\/uploads\/2025\/02\/\u51b7\u9566\u8be6\u60c5\u9875_05_01-600x514.jpg 600w\" sizes=\"(max-width: 790px) 100vw, 790px\" \/><\/p>\n<p><strong>Das Kaltstauchverfahren ist eines der neuen Verfahren f\u00fcr die Druckbearbeitung mit weniger oder gar keiner Zerspanung<\/strong><br \/>\n<strong>Metall. Es handelt sich um eine Verarbeitungsmethode, die die plastische Verformung von Metall unter der Einwirkung von<\/strong><br \/>\n<strong>\u00e4u\u00dfere Kr\u00e4fte, und mit Hilfe von Formen wird das Metallvolumen umverteilt und in die Form gebracht<\/strong><br \/>\n<strong>die gew\u00fcnschten Teile oder Rohlinge. Das Kaltstauchverfahren ist am besten geeignet f\u00fcr die Herstellung von Standard<\/strong><br \/>\n<strong>Verbindungselemente wie Bolzen, Schrauben, Muttern, Nieten, Stifte usw.<\/strong><\/p>\n<p><img loading=\"lazy\" decoding=\"async\" class=\"alignnone size-full wp-image-31585\" src=\"http:\/\/jbsy-china.com\/wp-content\/uploads\/2025\/02\/\u51b7\u9566\u8be6\u60c5\u9875_05_03.jpg\" alt=\"\" width=\"790\" height=\"603\" srcset=\"https:\/\/jbsy-china.com\/wp-content\/uploads\/2025\/02\/\u51b7\u9566\u8be6\u60c5\u9875_05_03.jpg 790w, https:\/\/jbsy-china.com\/wp-content\/uploads\/2025\/02\/\u51b7\u9566\u8be6\u60c5\u9875_05_03-300x229.jpg 300w, https:\/\/jbsy-china.com\/wp-content\/uploads\/2025\/02\/\u51b7\u9566\u8be6\u60c5\u9875_05_03-768x586.jpg 768w, https:\/\/jbsy-china.com\/wp-content\/uploads\/2025\/02\/\u51b7\u9566\u8be6\u60c5\u9875_05_03-600x458.jpg 600w\" sizes=\"(max-width: 790px) 100vw, 790px\" \/> <img loading=\"lazy\" decoding=\"async\" class=\"alignnone size-full wp-image-31586\" src=\"http:\/\/jbsy-china.com\/wp-content\/uploads\/2025\/02\/\u51b7\u9566\u8be6\u60c5\u9875_06.jpg\" alt=\"\" width=\"790\" height=\"742\" srcset=\"https:\/\/jbsy-china.com\/wp-content\/uploads\/2025\/02\/\u51b7\u9566\u8be6\u60c5\u9875_06.jpg 790w, https:\/\/jbsy-china.com\/wp-content\/uploads\/2025\/02\/\u51b7\u9566\u8be6\u60c5\u9875_06-300x282.jpg 300w, https:\/\/jbsy-china.com\/wp-content\/uploads\/2025\/02\/\u51b7\u9566\u8be6\u60c5\u9875_06-768x721.jpg 768w, https:\/\/jbsy-china.com\/wp-content\/uploads\/2025\/02\/\u51b7\u9566\u8be6\u60c5\u9875_06-600x564.jpg 600w\" sizes=\"(max-width: 790px) 100vw, 790px\" \/><\/p>\n<p class=\"ds-markdown-paragraph\"><strong>Schwarz Verzinkt <a href=\"https:\/\/jbsy-china.com\/de\/shear-off-nuts-and-bolts\/\">Scherschrauben<\/a><\/strong>\u00a0sind spezielle Verbindungselemente f\u00fcr Anwendungen, bei denen Sicherheit und Korrosionsbest\u00e4ndigkeit entscheidend sind. Hier ist eine detaillierte Beschreibung:<\/p>\n<h5><strong>1. Material &amp; Beschichtung:<\/strong><\/h5>\n<ul>\n<li>\n<p class=\"ds-markdown-paragraph\"><strong>Material:<\/strong>\u00a0Sie werden in der Regel aus hochfestem Stahl hergestellt, um eine lange Lebensdauer zu gew\u00e4hrleisten.<\/p>\n<\/li>\n<li>\n<p class=\"ds-markdown-paragraph\"><strong>Beschichtung:<\/strong>\u00a0<strong>Verzinkt<\/strong>\u00a0(verzinkt) zur Gew\u00e4hrleistung der Korrosionsbest\u00e4ndigkeit, mit einer zus\u00e4tzlichen\u00a0<strong>schwarze Ausf\u00fchrung<\/strong>\u00a0(oft schwarzes Oxid oder eine andere schwarze Schutzschicht) f\u00fcr \u00c4sthetik und zus\u00e4tzlichen Schutz.<\/p>\n<\/li>\n<li><strong>Scherbolzen schwarz verzinkt<\/strong><\/li>\n<\/ul>\n<h5><strong>2. Scherfunktion:<\/strong><\/h5>\n<ul>\n<li>\n<p class=\"ds-markdown-paragraph\"><strong>Scherkopf-Design:<\/strong>\u00a0Der Schraubenkopf ist so konstruiert, dass\u00a0<strong>abscheren<\/strong>\u00a0(wegbrechen), sobald bei der Montage ein bestimmtes Drehmoment erreicht wird, und eine glatte, manipulationssichere Oberfl\u00e4che hinterlassen.<\/p>\n<\/li>\n<li>\n<p class=\"ds-markdown-paragraph\"><strong>Sicherheit Zweck:<\/strong>\u00a0Sie lassen sich nach der Installation nicht mehr entfernen und sind daher ideal f\u00fcr\u00a0<strong>permanente oder hochsichere Anwendungen<\/strong>\u00a0(z. B. \u00f6ffentliche Infrastruktur, elektrische Schalttafeln, Verkehrsschilder).<\/p>\n<\/li>\n<\/ul>\n<h5><strong>3. Gewinde &amp; Antriebstyp:<\/strong><\/h5>\n<ul>\n<li>\n<p class=\"ds-markdown-paragraph\"><strong>Thema:<\/strong>\u00a0In der Regel mit Vollgewinde f\u00fcr einen festen Halt.<\/p>\n<\/li>\n<li>\n<p class=\"ds-markdown-paragraph\"><strong>Laufwerkstyp:<\/strong>\u00a0Kann eine\u00a0<strong>Spezialantrieb<\/strong>\u00a0(z. B. Innensechskant, Einweg, oder propriet\u00e4r), um Manipulationen zu verhindern.<\/p>\n<\/li>\n<li><strong>Scherbolzen schwarz verzinkt<\/strong><\/li>\n<\/ul>\n<h5><strong>4. H\u00e4ufige Verwendungen:<\/strong><\/h5>\n<ul>\n<li>\n<p class=\"ds-markdown-paragraph\"><strong>Bauwesen und Infrastruktur:<\/strong>\u00a0Leitplanken, Br\u00fccken und Z\u00e4une f\u00fcr Autobahnen.<\/p>\n<\/li>\n<li>\n<p class=\"ds-markdown-paragraph\"><strong>Elektrisch &amp; Versorgung:<\/strong>\u00a0Stra\u00dfenlaternenmasten, Transformatorenk\u00e4sten.<\/p>\n<\/li>\n<li>\n<p class=\"ds-markdown-paragraph\"><strong>Sicherheitsanwendungen:<\/strong>\u00a0Vandalensichere Vorrichtungen, Maschinen und \u00f6ffentliche Einrichtungen.<\/p>\n<\/li>\n<\/ul>\n<h5><strong>5. Vorteile:<\/strong><\/h5>\n<ul>\n<li>\n<p class=\"ds-markdown-paragraph\"><strong>Korrosionsbest\u00e4ndigkeit:<\/strong>\u00a0Zinkbeschichtung und schwarzes Finish erh\u00f6hen die Langlebigkeit in rauen Umgebungen.<\/p>\n<\/li>\n<li>\n<p class=\"ds-markdown-paragraph\"><strong>Manipulationssicher:<\/strong>\u00a0Abgescherter Kopf verhindert Demontage.<\/p>\n<\/li>\n<li>\n<p class=\"ds-markdown-paragraph\"><strong>Hohe Festigkeit:<\/strong>\u00a0Geeignet f\u00fcr strukturelle Anwendungen.<\/p>\n<\/li>\n<li><strong>Scherbolzen schwarz verzinkt<\/strong><\/li>\n<\/ul>\n<h5><strong>6. Gr\u00f6\u00dfen &amp; Normen:<\/strong><\/h5>\n<ul>\n<li>\n<p class=\"ds-markdown-paragraph\">Erh\u00e4ltlich in verschiedenen Durchmessern (z.B.,\u00a0<strong>1\/4&#8243;, 5\/16&#8243;, 3\/8&#8243;<\/strong>) und L\u00e4ngen.<\/p>\n<\/li>\n<li>\n<p class=\"ds-markdown-paragraph\">Entspricht den Industriestandards wie\u00a0<strong>ASTM, DIN oder ISO<\/strong>\u00a0f\u00fcr Scherbolzen.<\/p>\n<\/li>\n<\/ul>","protected":false},"excerpt":{"rendered":"<h6><strong>Scherfunktion:<\/strong><\/h6>\n<ul>\n<li>\n<p class=\"ds-markdown-paragraph\"><strong>Scherkopf-Design:<\/strong>\u00a0Der Schraubenkopf ist so konstruiert, dass\u00a0<strong>abscheren<\/strong>\u00a0(wegbrechen), sobald bei der Montage ein bestimmtes Drehmoment erreicht wird, und eine glatte, manipulationssichere Oberfl\u00e4che hinterlassen.<\/p>\n<\/li>\n<li>\n<p class=\"ds-markdown-paragraph\"><strong>Sicherheit Zweck:<\/strong>\u00a0Sie lassen sich nach der Installation nicht mehr entfernen und sind daher ideal f\u00fcr\u00a0<strong>permanente oder hochsichere Anwendungen<\/strong>\u00a0(z. B. \u00f6ffentliche Infrastruktur, elektrische Schalttafeln, Verkehrsschilder).<\/p>\n<\/li>\n<\/ul>","protected":false},"featured_media":33170,"comment_status":"open","ping_status":"closed","template":"","meta":{"site-sidebar-layout":"default","site-content-layout":"","ast-site-content-layout":"default","site-content-style":"default","site-sidebar-style":"default","ast-global-header-display":"","ast-banner-title-visibility":"","ast-main-header-display":"","ast-hfb-above-header-display":"","ast-hfb-below-header-display":"","ast-hfb-mobile-header-display":"","site-post-title":"","ast-breadcrumbs-content":"","ast-featured-img":"","footer-sml-layout":"","ast-disable-related-posts":"","theme-transparent-header-meta":"default","adv-header-id-meta":"","stick-header-meta":"default","header-above-stick-meta":"","header-main-stick-meta":"","header-below-stick-meta":"","astra-migrate-meta-layouts":"set","ast-page-background-enabled":"default","ast-page-background-meta":{"desktop":{"background-color":"var(--ast-global-color-4)","background-image":"","background-repeat":"repeat","background-position":"center center","background-size":"auto","background-attachment":"scroll","background-type":"","background-media":"","overlay-type":"","overlay-color":"","overlay-opacity":"","overlay-gradient":""},"tablet":{"background-color":"","background-image":"","background-repeat":"repeat","background-position":"center center","background-size":"auto","background-attachment":"scroll","background-type":"","background-media":"","overlay-type":"","overlay-color":"","overlay-opacity":"","overlay-gradient":""},"mobile":{"background-color":"","background-image":"","background-repeat":"repeat","background-position":"center center","background-size":"auto","background-attachment":"scroll","background-type":"","background-media":"","overlay-type":"","overlay-color":"","overlay-opacity":"","overlay-gradient":""}},"ast-content-background-meta":{"desktop":{"background-color":"var(--ast-global-color-5)","background-image":"","background-repeat":"repeat","background-position":"center center","background-size":"auto","background-attachment":"scroll","background-type":"","background-media":"","overlay-type":"","overlay-color":"","overlay-opacity":"","overlay-gradient":""},"tablet":{"background-color":"var(--ast-global-color-5)","background-image":"","background-repeat":"repeat","background-position":"center center","background-size":"auto","background-attachment":"scroll","background-type":"","background-media":"","overlay-type":"","overlay-color":"","overlay-opacity":"","overlay-gradient":""},"mobile":{"background-color":"var(--ast-global-color-5)","background-image":"","background-repeat":"repeat","background-position":"center center","background-size":"auto","background-attachment":"scroll","background-type":"","background-media":"","overlay-type":"","overlay-color":"","overlay-opacity":"","overlay-gradient":""}},"_themeisle_gutenberg_block_has_review":false,"_ti_tpc_template_sync":false,"_ti_tpc_template_id":""},"product_brand":[],"product_cat":[1272],"product_tag":[],"class_list":{"0":"post-33253","1":"product","2":"type-product","3":"status-publish","4":"has-post-thumbnail","6":"product_cat-shear-off-nuts-and-bolts","7":"desktop-align-left","8":"tablet-align-left","9":"mobile-align-left","10":"ast-product-gallery-layout-horizontal-slider","11":"ast-product-tabs-layout-horizontal","12":"ast-qv-on-image","14":"first","15":"instock","16":"shipping-taxable","17":"product-type-simple"},"yoast_head":"<!-- This site is optimized with the Yoast SEO Premium plugin v21.7 (Yoast SEO v25.7) - https:\/\/yoast.com\/wordpress\/plugins\/seo\/ -->\n<title>Shear bolts black zinc plated - Jingbang Industrial<\/title>\n<meta name=\"description\" content=\"Shear bolts black zinc plated are specialized fasteners designed for applications where security and corrosion resistance are critical.\" \/>\n<meta name=\"robots\" content=\"index, follow, max-snippet:-1, max-image-preview:large, max-video-preview:-1\" \/>\n<link rel=\"canonical\" href=\"https:\/\/jbsy-china.com\/de\/produkt\/shear-bolts-black-zinc-plated\/\" \/>\n<meta property=\"og:locale\" content=\"de_DE\" \/>\n<meta property=\"og:type\" content=\"article\" \/>\n<meta property=\"og:title\" content=\"Shear bolts black zinc plated\" \/>\n<meta property=\"og:description\" content=\"Shear bolts black zinc plated are specialized fasteners designed for applications where security and corrosion resistance are critical.\" \/>\n<meta property=\"og:url\" content=\"https:\/\/jbsy-china.com\/de\/produkt\/shear-bolts-black-zinc-plated\/\" \/>\n<meta property=\"og:site_name\" content=\"Jingbang Industrial\" \/>\n<meta property=\"article:modified_time\" content=\"2025-07-31T06:32:46+00:00\" \/>\n<meta property=\"og:image\" content=\"http:\/\/jbsy-china.com\/wp-content\/uploads\/2025\/05\/\u5916\u516d\u89d2\u5e26\u76d8\u5934\u526a\u5207\u87ba\u6813\u9540\u9ed1\u950c.jpg\" \/>\n\t<meta property=\"og:image:width\" content=\"800\" \/>\n\t<meta property=\"og:image:height\" content=\"800\" \/>\n\t<meta property=\"og:image:type\" content=\"image\/jpeg\" \/>\n<meta name=\"twitter:card\" content=\"summary_large_image\" \/>\n<meta name=\"twitter:label1\" content=\"Gesch\u00e4tzte Lesezeit\" \/>\n\t<meta name=\"twitter:data1\" content=\"3\u00a0Minuten\" \/>\n<script type=\"application\/ld+json\" class=\"yoast-schema-graph\">{\"@context\":\"https:\/\/schema.org\",\"@graph\":[{\"@type\":\"WebPage\",\"@id\":\"https:\/\/jbsy-china.com\/product\/shear-bolts-black-zinc-plated\/\",\"url\":\"https:\/\/jbsy-china.com\/product\/shear-bolts-black-zinc-plated\/\",\"name\":\"Shear bolts black zinc plated - Jingbang Industrial\",\"isPartOf\":{\"@id\":\"https:\/\/jbsy-china.com\/#website\"},\"primaryImageOfPage\":{\"@id\":\"https:\/\/jbsy-china.com\/product\/shear-bolts-black-zinc-plated\/#primaryimage\"},\"image\":{\"@id\":\"https:\/\/jbsy-china.com\/product\/shear-bolts-black-zinc-plated\/#primaryimage\"},\"thumbnailUrl\":\"https:\/\/jbsy-china.com\/wp-content\/uploads\/2025\/05\/\u5916\u516d\u89d2\u5e26\u76d8\u5934\u526a\u5207\u87ba\u6813\u9540\u9ed1\u950c.jpg\",\"datePublished\":\"2025-05-09T09:05:30+00:00\",\"dateModified\":\"2025-07-31T06:32:46+00:00\",\"description\":\"Shear bolts black zinc plated are specialized fasteners designed for applications where security and corrosion resistance are critical.\",\"breadcrumb\":{\"@id\":\"https:\/\/jbsy-china.com\/product\/shear-bolts-black-zinc-plated\/#breadcrumb\"},\"inLanguage\":\"de\",\"potentialAction\":[{\"@type\":\"ReadAction\",\"target\":[\"https:\/\/jbsy-china.com\/product\/shear-bolts-black-zinc-plated\/\"]}]},{\"@type\":\"ImageObject\",\"inLanguage\":\"de\",\"@id\":\"https:\/\/jbsy-china.com\/product\/shear-bolts-black-zinc-plated\/#primaryimage\",\"url\":\"https:\/\/jbsy-china.com\/wp-content\/uploads\/2025\/05\/\u5916\u516d\u89d2\u5e26\u76d8\u5934\u526a\u5207\u87ba\u6813\u9540\u9ed1\u950c.jpg\",\"contentUrl\":\"https:\/\/jbsy-china.com\/wp-content\/uploads\/2025\/05\/\u5916\u516d\u89d2\u5e26\u76d8\u5934\u526a\u5207\u87ba\u6813\u9540\u9ed1\u950c.jpg\",\"width\":800,\"height\":800},{\"@type\":\"BreadcrumbList\",\"@id\":\"https:\/\/jbsy-china.com\/product\/shear-bolts-black-zinc-plated\/#breadcrumb\",\"itemListElement\":[{\"@type\":\"ListItem\",\"position\":1,\"name\":\"Home\",\"item\":\"https:\/\/jbsy-china.com\/\"},{\"@type\":\"ListItem\",\"position\":2,\"name\":\"Products\",\"item\":\"https:\/\/jbsy-china.com\/shop\/\"},{\"@type\":\"ListItem\",\"position\":3,\"name\":\"Shear bolts black zinc plated\"}]},{\"@type\":\"WebSite\",\"@id\":\"https:\/\/jbsy-china.com\/#website\",\"url\":\"https:\/\/jbsy-china.com\/\",\"name\":\"Jingbang Industrial\",\"description\":\"Hardware and electronics manufacturer\",\"publisher\":{\"@id\":\"https:\/\/jbsy-china.com\/#organization\"},\"potentialAction\":[{\"@type\":\"SearchAction\",\"target\":{\"@type\":\"EntryPoint\",\"urlTemplate\":\"https:\/\/jbsy-china.com\/?s={search_term_string}\"},\"query-input\":{\"@type\":\"PropertyValueSpecification\",\"valueRequired\":true,\"valueName\":\"search_term_string\"}}],\"inLanguage\":\"de\"},{\"@type\":\"Organization\",\"@id\":\"https:\/\/jbsy-china.com\/#organization\",\"name\":\"Jingbang Industrial\",\"url\":\"https:\/\/jbsy-china.com\/\",\"logo\":{\"@type\":\"ImageObject\",\"inLanguage\":\"de\",\"@id\":\"https:\/\/jbsy-china.com\/#\/schema\/logo\/image\/\",\"url\":\"https:\/\/jbsy-china.com\/wp-content\/uploads\/2023\/11\/cropped-\u56fe\u5c42-1.png\",\"contentUrl\":\"https:\/\/jbsy-china.com\/wp-content\/uploads\/2023\/11\/cropped-\u56fe\u5c42-1.png\",\"width\":1049,\"height\":739,\"caption\":\"Jingbang Industrial\"},\"image\":{\"@id\":\"https:\/\/jbsy-china.com\/#\/schema\/logo\/image\/\"}}]}<\/script>\n<!-- \/ Yoast SEO Premium plugin. -->","yoast_head_json":{"title":"Shear bolts black zinc plated - Jingbang Industrial","description":"Shear bolts black zinc plated are specialized fasteners designed for applications where security and corrosion resistance are critical.","robots":{"index":"index","follow":"follow","max-snippet":"max-snippet:-1","max-image-preview":"max-image-preview:large","max-video-preview":"max-video-preview:-1"},"canonical":"https:\/\/jbsy-china.com\/de\/produkt\/shear-bolts-black-zinc-plated\/","og_locale":"de_DE","og_type":"article","og_title":"Shear bolts black zinc plated","og_description":"Shear bolts black zinc plated are specialized fasteners designed for applications where security and corrosion resistance are critical.","og_url":"https:\/\/jbsy-china.com\/de\/produkt\/shear-bolts-black-zinc-plated\/","og_site_name":"Jingbang Industrial","article_modified_time":"2025-07-31T06:32:46+00:00","og_image":[{"width":800,"height":800,"url":"http:\/\/jbsy-china.com\/wp-content\/uploads\/2025\/05\/\u5916\u516d\u89d2\u5e26\u76d8\u5934\u526a\u5207\u87ba\u6813\u9540\u9ed1\u950c.jpg","type":"image\/jpeg"}],"twitter_card":"summary_large_image","twitter_misc":{"Gesch\u00e4tzte Lesezeit":"3\u00a0Minuten"},"schema":{"@context":"https:\/\/schema.org","@graph":[{"@type":"WebPage","@id":"https:\/\/jbsy-china.com\/product\/shear-bolts-black-zinc-plated\/","url":"https:\/\/jbsy-china.com\/product\/shear-bolts-black-zinc-plated\/","name":"Shear bolts black zinc plated - Jingbang Industrial","isPartOf":{"@id":"https:\/\/jbsy-china.com\/#website"},"primaryImageOfPage":{"@id":"https:\/\/jbsy-china.com\/product\/shear-bolts-black-zinc-plated\/#primaryimage"},"image":{"@id":"https:\/\/jbsy-china.com\/product\/shear-bolts-black-zinc-plated\/#primaryimage"},"thumbnailUrl":"https:\/\/jbsy-china.com\/wp-content\/uploads\/2025\/05\/\u5916\u516d\u89d2\u5e26\u76d8\u5934\u526a\u5207\u87ba\u6813\u9540\u9ed1\u950c.jpg","datePublished":"2025-05-09T09:05:30+00:00","dateModified":"2025-07-31T06:32:46+00:00","description":"Shear bolts black zinc plated are specialized fasteners designed for applications where security and corrosion resistance are critical.","breadcrumb":{"@id":"https:\/\/jbsy-china.com\/product\/shear-bolts-black-zinc-plated\/#breadcrumb"},"inLanguage":"de","potentialAction":[{"@type":"ReadAction","target":["https:\/\/jbsy-china.com\/product\/shear-bolts-black-zinc-plated\/"]}]},{"@type":"ImageObject","inLanguage":"de","@id":"https:\/\/jbsy-china.com\/product\/shear-bolts-black-zinc-plated\/#primaryimage","url":"https:\/\/jbsy-china.com\/wp-content\/uploads\/2025\/05\/\u5916\u516d\u89d2\u5e26\u76d8\u5934\u526a\u5207\u87ba\u6813\u9540\u9ed1\u950c.jpg","contentUrl":"https:\/\/jbsy-china.com\/wp-content\/uploads\/2025\/05\/\u5916\u516d\u89d2\u5e26\u76d8\u5934\u526a\u5207\u87ba\u6813\u9540\u9ed1\u950c.jpg","width":800,"height":800},{"@type":"BreadcrumbList","@id":"https:\/\/jbsy-china.com\/product\/shear-bolts-black-zinc-plated\/#breadcrumb","itemListElement":[{"@type":"ListItem","position":1,"name":"Home","item":"https:\/\/jbsy-china.com\/"},{"@type":"ListItem","position":2,"name":"Products","item":"https:\/\/jbsy-china.com\/shop\/"},{"@type":"ListItem","position":3,"name":"Shear bolts black zinc plated"}]},{"@type":"WebSite","@id":"https:\/\/jbsy-china.com\/#website","url":"https:\/\/jbsy-china.com\/","name":"Jingbang Industrie","description":"Hersteller von Hardware und Elektronik","publisher":{"@id":"https:\/\/jbsy-china.com\/#organization"},"potentialAction":[{"@type":"SearchAction","target":{"@type":"EntryPoint","urlTemplate":"https:\/\/jbsy-china.com\/?s={search_term_string}"},"query-input":{"@type":"PropertyValueSpecification","valueRequired":true,"valueName":"search_term_string"}}],"inLanguage":"de"},{"@type":"Organization","@id":"https:\/\/jbsy-china.com\/#organization","name":"Jingbang Industrie","url":"https:\/\/jbsy-china.com\/","logo":{"@type":"ImageObject","inLanguage":"de","@id":"https:\/\/jbsy-china.com\/#\/schema\/logo\/image\/","url":"https:\/\/jbsy-china.com\/wp-content\/uploads\/2023\/11\/cropped-\u56fe\u5c42-1.png","contentUrl":"https:\/\/jbsy-china.com\/wp-content\/uploads\/2023\/11\/cropped-\u56fe\u5c42-1.png","width":1049,"height":739,"caption":"Jingbang Industrial"},"image":{"@id":"https:\/\/jbsy-china.com\/#\/schema\/logo\/image\/"}}]}},"_links":{"self":[{"href":"https:\/\/jbsy-china.com\/de\/wp-json\/wp\/v2\/product\/33253","targetHints":{"allow":["GET"]}}],"collection":[{"href":"https:\/\/jbsy-china.com\/de\/wp-json\/wp\/v2\/product"}],"about":[{"href":"https:\/\/jbsy-china.com\/de\/wp-json\/wp\/v2\/types\/product"}],"replies":[{"embeddable":true,"href":"https:\/\/jbsy-china.com\/de\/wp-json\/wp\/v2\/comments?post=33253"}],"wp:featuredmedia":[{"embeddable":true,"href":"https:\/\/jbsy-china.com\/de\/wp-json\/wp\/v2\/media\/33170"}],"wp:attachment":[{"href":"https:\/\/jbsy-china.com\/de\/wp-json\/wp\/v2\/media?parent=33253"}],"wp:term":[{"taxonomy":"product_brand","embeddable":true,"href":"https:\/\/jbsy-china.com\/de\/wp-json\/wp\/v2\/product_brand?post=33253"},{"taxonomy":"product_cat","embeddable":true,"href":"https:\/\/jbsy-china.com\/de\/wp-json\/wp\/v2\/product_cat?post=33253"},{"taxonomy":"product_tag","embeddable":true,"href":"https:\/\/jbsy-china.com\/de\/wp-json\/wp\/v2\/product_tag?post=33253"}],"curies":[{"name":"wp","href":"https:\/\/api.w.org\/{rel}","templated":true}]}}