{"id":33273,"date":"2025-05-09T10:23:11","date_gmt":"2025-05-09T10:23:11","guid":{"rendered":"https:\/\/jbsy-china.com\/?post_type=product&#038;p=33273"},"modified":"2025-07-28T08:02:41","modified_gmt":"2025-07-28T08:02:41","slug":"stepped-shear-bolts","status":"publish","type":"product","link":"https:\/\/jbsy-china.com\/de\/produkt\/stepped-shear-bolts\/","title":{"rendered":"Abgestufte Scherbolzen"},"content":{"rendered":"<p><img fetchpriority=\"high\" decoding=\"async\" class=\"alignnone size-full wp-image-31578\" src=\"http:\/\/jbsy-china.com\/wp-content\/uploads\/2025\/02\/\u51b7\u9566\u8be6\u60c5\u9875_01.jpg\" alt=\"\" width=\"790\" height=\"329\" srcset=\"https:\/\/jbsy-china.com\/wp-content\/uploads\/2025\/02\/\u51b7\u9566\u8be6\u60c5\u9875_01.jpg 790w, https:\/\/jbsy-china.com\/wp-content\/uploads\/2025\/02\/\u51b7\u9566\u8be6\u60c5\u9875_01-300x125.jpg 300w, https:\/\/jbsy-china.com\/wp-content\/uploads\/2025\/02\/\u51b7\u9566\u8be6\u60c5\u9875_01-768x320.jpg 768w, https:\/\/jbsy-china.com\/wp-content\/uploads\/2025\/02\/\u51b7\u9566\u8be6\u60c5\u9875_01-600x250.jpg 600w\" sizes=\"(max-width: 790px) 100vw, 790px\" \/> <img decoding=\"async\" class=\"alignnone size-full wp-image-31579\" src=\"http:\/\/jbsy-china.com\/wp-content\/uploads\/2025\/02\/\u51b7\u9566\u8be6\u60c5\u9875_02.jpg\" alt=\"\" width=\"790\" height=\"981\" srcset=\"https:\/\/jbsy-china.com\/wp-content\/uploads\/2025\/02\/\u51b7\u9566\u8be6\u60c5\u9875_02.jpg 790w, https:\/\/jbsy-china.com\/wp-content\/uploads\/2025\/02\/\u51b7\u9566\u8be6\u60c5\u9875_02-242x300.jpg 242w, https:\/\/jbsy-china.com\/wp-content\/uploads\/2025\/02\/\u51b7\u9566\u8be6\u60c5\u9875_02-768x954.jpg 768w, https:\/\/jbsy-china.com\/wp-content\/uploads\/2025\/02\/\u51b7\u9566\u8be6\u60c5\u9875_02-600x745.jpg 600w\" sizes=\"(max-width: 790px) 100vw, 790px\" \/> <img decoding=\"async\" class=\"alignnone size-full wp-image-31580\" src=\"http:\/\/jbsy-china.com\/wp-content\/uploads\/2025\/02\/\u51b7\u9566\u8be6\u60c5\u9875_03.jpg\" alt=\"\" width=\"790\" height=\"740\" srcset=\"https:\/\/jbsy-china.com\/wp-content\/uploads\/2025\/02\/\u51b7\u9566\u8be6\u60c5\u9875_03.jpg 790w, https:\/\/jbsy-china.com\/wp-content\/uploads\/2025\/02\/\u51b7\u9566\u8be6\u60c5\u9875_03-300x281.jpg 300w, https:\/\/jbsy-china.com\/wp-content\/uploads\/2025\/02\/\u51b7\u9566\u8be6\u60c5\u9875_03-768x719.jpg 768w, https:\/\/jbsy-china.com\/wp-content\/uploads\/2025\/02\/\u51b7\u9566\u8be6\u60c5\u9875_03-600x562.jpg 600w\" sizes=\"(max-width: 790px) 100vw, 790px\" \/> <img loading=\"lazy\" decoding=\"async\" class=\"alignnone size-full wp-image-31581\" src=\"http:\/\/jbsy-china.com\/wp-content\/uploads\/2025\/02\/\u51b7\u9566\u8be6\u60c5\u9875_04.jpg\" alt=\"\" width=\"790\" height=\"739\" srcset=\"https:\/\/jbsy-china.com\/wp-content\/uploads\/2025\/02\/\u51b7\u9566\u8be6\u60c5\u9875_04.jpg 790w, https:\/\/jbsy-china.com\/wp-content\/uploads\/2025\/02\/\u51b7\u9566\u8be6\u60c5\u9875_04-300x281.jpg 300w, https:\/\/jbsy-china.com\/wp-content\/uploads\/2025\/02\/\u51b7\u9566\u8be6\u60c5\u9875_04-768x718.jpg 768w, https:\/\/jbsy-china.com\/wp-content\/uploads\/2025\/02\/\u51b7\u9566\u8be6\u60c5\u9875_04-600x561.jpg 600w\" sizes=\"(max-width: 790px) 100vw, 790px\" \/> <img loading=\"lazy\" decoding=\"async\" class=\"alignnone size-full wp-image-31583\" src=\"http:\/\/jbsy-china.com\/wp-content\/uploads\/2025\/02\/\u51b7\u9566\u8be6\u60c5\u9875_05_01.jpg\" alt=\"\" width=\"790\" height=\"677\" srcset=\"https:\/\/jbsy-china.com\/wp-content\/uploads\/2025\/02\/\u51b7\u9566\u8be6\u60c5\u9875_05_01.jpg 790w, https:\/\/jbsy-china.com\/wp-content\/uploads\/2025\/02\/\u51b7\u9566\u8be6\u60c5\u9875_05_01-300x257.jpg 300w, https:\/\/jbsy-china.com\/wp-content\/uploads\/2025\/02\/\u51b7\u9566\u8be6\u60c5\u9875_05_01-768x658.jpg 768w, https:\/\/jbsy-china.com\/wp-content\/uploads\/2025\/02\/\u51b7\u9566\u8be6\u60c5\u9875_05_01-600x514.jpg 600w\" sizes=\"(max-width: 790px) 100vw, 790px\" \/><\/p>\n<p><strong>Das Kaltstauchverfahren ist eines der neuen Verfahren f\u00fcr die Druckbearbeitung mit weniger oder gar keiner Zerspanung<\/strong><br \/>\n<strong>Metall. Es handelt sich um eine Verarbeitungsmethode, die die plastische Verformung von Metall unter der Einwirkung von<\/strong><br \/>\n<strong>\u00e4u\u00dfere Kr\u00e4fte, und mit Hilfe von Formen wird das Metallvolumen umverteilt und in die Form gebracht<\/strong><br \/>\n<strong>die gew\u00fcnschten Teile oder Rohlinge. Das Kaltstauchverfahren ist am besten geeignet f\u00fcr die Herstellung von Standard<\/strong><br \/>\n<strong>Verbindungselemente wie Bolzen, Schrauben, Muttern, Nieten, Stifte usw.<\/strong><\/p>\n<p><img loading=\"lazy\" decoding=\"async\" class=\"alignnone size-full wp-image-31585\" src=\"http:\/\/jbsy-china.com\/wp-content\/uploads\/2025\/02\/\u51b7\u9566\u8be6\u60c5\u9875_05_03.jpg\" alt=\"\" width=\"790\" height=\"603\" srcset=\"https:\/\/jbsy-china.com\/wp-content\/uploads\/2025\/02\/\u51b7\u9566\u8be6\u60c5\u9875_05_03.jpg 790w, https:\/\/jbsy-china.com\/wp-content\/uploads\/2025\/02\/\u51b7\u9566\u8be6\u60c5\u9875_05_03-300x229.jpg 300w, https:\/\/jbsy-china.com\/wp-content\/uploads\/2025\/02\/\u51b7\u9566\u8be6\u60c5\u9875_05_03-768x586.jpg 768w, https:\/\/jbsy-china.com\/wp-content\/uploads\/2025\/02\/\u51b7\u9566\u8be6\u60c5\u9875_05_03-600x458.jpg 600w\" sizes=\"(max-width: 790px) 100vw, 790px\" \/> <img loading=\"lazy\" decoding=\"async\" class=\"alignnone size-full wp-image-31586\" src=\"http:\/\/jbsy-china.com\/wp-content\/uploads\/2025\/02\/\u51b7\u9566\u8be6\u60c5\u9875_06.jpg\" alt=\"\" width=\"790\" height=\"742\" srcset=\"https:\/\/jbsy-china.com\/wp-content\/uploads\/2025\/02\/\u51b7\u9566\u8be6\u60c5\u9875_06.jpg 790w, https:\/\/jbsy-china.com\/wp-content\/uploads\/2025\/02\/\u51b7\u9566\u8be6\u60c5\u9875_06-300x282.jpg 300w, https:\/\/jbsy-china.com\/wp-content\/uploads\/2025\/02\/\u51b7\u9566\u8be6\u60c5\u9875_06-768x721.jpg 768w, https:\/\/jbsy-china.com\/wp-content\/uploads\/2025\/02\/\u51b7\u9566\u8be6\u60c5\u9875_06-600x564.jpg 600w\" sizes=\"(max-width: 790px) 100vw, 790px\" \/><\/p>\n<p class=\"ds-markdown-paragraph\">Abgestuft <a href=\"https:\/\/jbsy-china.com\/de\/shear-off-nuts-and-bolts\/\">Scherbolzen<\/a> sind spezielle Verbindungselemente, die f\u00fcr ein kontrolliertes Scherversagen unter bestimmten Lastbedingungen ausgelegt sind. Sie werden h\u00e4ufig in strukturellen oder mechanischen Anwendungen eingesetzt, bei denen Sicherheit und vorhersehbare Fehlerpunkte entscheidend sind. Hier finden Sie eine detaillierte Beschreibung:<\/p>\n<h5><strong>Hauptmerkmale von Stufenscherbolzen:<\/strong><\/h5>\n<ol start=\"1\">\n<li>\n<p class=\"ds-markdown-paragraph\"><strong>Abgestuftes Wellendesign<\/strong><\/p>\n<ul>\n<li>\n<p class=\"ds-markdown-paragraph\">Der Bolzen hat eine\u00a0<strong>Querschnittsverminderung<\/strong>\u00a0(Scherfurche) entlang des Schafts, wodurch eine absichtliche Schwachstelle geschaffen wird.<\/p>\n<\/li>\n<li>\n<p class=\"ds-markdown-paragraph\">Durch diesen Schritt wird sichergestellt, dass der Bolzen bei einer bestimmten Belastung abschert und andere Bauteile vor Besch\u00e4digungen sch\u00fctzt.<\/p>\n<\/li>\n<\/ul>\n<\/li>\n<li>\n<p class=\"ds-markdown-paragraph\"><strong>Material und St\u00e4rke<\/strong><\/p>\n<ul>\n<li>\n<p class=\"ds-markdown-paragraph\">Typischerweise hergestellt aus\u00a0<strong>hochfester Stahl<\/strong>\u00a0(z. B. G\u00fcteklasse 5, G\u00fcteklasse 8 oder legierter Stahl), um ein gleichm\u00e4\u00dfiges Scherverhalten zu gew\u00e4hrleisten.<\/p>\n<\/li>\n<li>\n<p class=\"ds-markdown-paragraph\">W\u00e4rmebehandelt f\u00fcr pr\u00e4zise Scherfestigkeit.<\/p>\n<\/li>\n<\/ul>\n<\/li>\n<li>\n<p class=\"ds-markdown-paragraph\"><strong>Kopf-Typen<\/strong><\/p>\n<ul>\n<li>\n<p class=\"ds-markdown-paragraph\">Erh\u00e4ltlich mit verschiedenen K\u00f6pfen (Innensechskant, Steckschl\u00fcsseleinsatz, Rundkopf) je nach Anwendungsbedarf.<\/p>\n<\/li>\n<li>\n<p class=\"ds-markdown-paragraph\">Einige Entw\u00fcrfe enthalten eine\u00a0<strong>abbrechbarer Kopf<\/strong>\u00a0die nach dem korrekten Installationsdrehmoment abschnappt.<\/p>\n<\/li>\n<\/ul>\n<\/li>\n<li>\n<p class=\"ds-markdown-paragraph\"><strong>Gewindetyp<\/strong><\/p>\n<ul>\n<li>\n<p class=\"ds-markdown-paragraph\">Mai-Funktion\u00a0<strong>vollst\u00e4ndiges oder teilweises Einf\u00e4deln<\/strong>Die Scherstufe befindet sich im gewindefreien Teil, um ein Verziehen des Gewindes w\u00e4hrend des Scherens zu vermeiden.<\/p>\n<\/li>\n<\/ul>\n<\/li>\n<li>\n<p class=\"ds-markdown-paragraph\"><strong>Scherlastkontrolle<\/strong><\/p>\n<ul>\n<li>\n<p class=\"ds-markdown-paragraph\">Der gestufte Abschnitt ist so konstruiert, dass er bei einer bestimmten Scherkraft versagt und als\u00a0<strong>mechanische Sicherung<\/strong>.<\/p>\n<\/li>\n<li>\n<p class=\"ds-markdown-paragraph\">Verwendet in\u00a0<strong>sicherheitskritische Systeme<\/strong>\u00a0(z. B. Flugzeuge, Maschinen, strukturelle Verbindungen), um \u00dcberlastungen zu vermeiden.<\/p>\n<\/li>\n<\/ul>\n<\/li>\n<\/ol>\n<h5><strong>Anwendungen:<\/strong><\/h5>\n<ul>\n<li>\n<p class=\"ds-markdown-paragraph\"><strong>Bauingenieurwesen:<\/strong>\u00a0Scherkritische Verbindungen in Stahltragwerken.<\/p>\n<\/li>\n<li>\n<p class=\"ds-markdown-paragraph\"><strong>Luft- und Raumfahrt:<\/strong>\u00a0Scherstifte in Flugsteuerungssystemen.<\/p>\n<\/li>\n<li>\n<p class=\"ds-markdown-paragraph\"><strong>Automobilindustrie:<\/strong>\u00a0Komponenten der Aufh\u00e4ngung oder des Antriebsstrangs.<\/p>\n<\/li>\n<li>\n<p class=\"ds-markdown-paragraph\"><strong>Industrielle Maschinen:<\/strong>\u00a0\u00dcberlastschutz in Kupplungen oder Getrieben.<\/p>\n<\/li>\n<\/ul>\n<h5><strong>Vorteile:<\/strong><\/h5>\n<ul>\n<li>\n<p class=\"ds-markdown-paragraph\"><strong>Vorhersehbares Scheitern:<\/strong>\u00a0Verhindert katastrophale Sch\u00e4den durch Abscherung bei einer bestimmten Belastung.<\/p>\n<\/li>\n<li>\n<p class=\"ds-markdown-paragraph\"><strong>Einfaches Ersetzen:<\/strong>\u00a0Abgebrochene Bolzen k\u00f6nnen nach dem Ausfall schnell ersetzt werden.<\/p>\n<\/li>\n<li>\n<p class=\"ds-markdown-paragraph\"><strong>Korrosionsbest\u00e4ndigkeit:<\/strong>\u00a0H\u00e4ufig beschichtet (z. B. Zink, Kadmium) f\u00fcr l\u00e4ngere Haltbarkeit.<\/p>\n<\/li>\n<\/ul>\n<h5><strong>Beispiel f\u00fcr einen Anwendungsfall:<\/strong><\/h5>\n<p class=\"ds-markdown-paragraph\">In einem\u00a0<strong>Windkraftanlage<\/strong>Die gestuften Scherbolzen k\u00f6nnen die Blattnabe sichern. Bei \u00fcberm\u00e4\u00dfiger Krafteinwirkung (z. B. bei Sturm) scheren die Schrauben ab und sch\u00fctzen die Rotoreinheit vor schweren Sch\u00e4den.<\/p>","protected":false},"excerpt":{"rendered":"<h6><strong>Hauptmerkmale:<\/strong><\/h6>\n<ul>\n<li style=\"list-style-type: none;\">\n<ul>\n<li>\n<p class=\"ds-markdown-paragraph\">Der Bolzen hat eine\u00a0<strong>Querschnittsverminderung<\/strong>\u00a0(Scherfurche) entlang des Schafts, wodurch eine absichtliche Schwachstelle geschaffen wird.<\/p>\n<\/li>\n<li>\n<p class=\"ds-markdown-paragraph\">Durch diesen Schritt wird sichergestellt, dass der Bolzen bei einer bestimmten Belastung abschert und andere Bauteile vor Besch\u00e4digungen sch\u00fctzt.<\/p>\n<\/li>\n<li>\n<p class=\"ds-markdown-paragraph\">Typischerweise hergestellt aus\u00a0<strong>hochfester Stahl<\/strong>\u00a0(z. B. G\u00fcteklasse 5, G\u00fcteklasse 8 oder legierter Stahl), um ein gleichm\u00e4\u00dfiges Scherverhalten zu gew\u00e4hrleisten.<\/p>\n<\/li>\n<\/ul>\n<\/li>\n<\/ul>","protected":false},"featured_media":33275,"comment_status":"open","ping_status":"closed","template":"","meta":{"site-sidebar-layout":"default","site-content-layout":"","ast-site-content-layout":"default","site-content-style":"default","site-sidebar-style":"default","ast-global-header-display":"","ast-banner-title-visibility":"","ast-main-header-display":"","ast-hfb-above-header-display":"","ast-hfb-below-header-display":"","ast-hfb-mobile-header-display":"","site-post-title":"","ast-breadcrumbs-content":"","ast-featured-img":"","footer-sml-layout":"","ast-disable-related-posts":"","theme-transparent-header-meta":"default","adv-header-id-meta":"","stick-header-meta":"default","header-above-stick-meta":"","header-main-stick-meta":"","header-below-stick-meta":"","astra-migrate-meta-layouts":"set","ast-page-background-enabled":"default","ast-page-background-meta":{"desktop":{"background-color":"var(--ast-global-color-4)","background-image":"","background-repeat":"repeat","background-position":"center center","background-size":"auto","background-attachment":"scroll","background-type":"","background-media":"","overlay-type":"","overlay-color":"","overlay-opacity":"","overlay-gradient":""},"tablet":{"background-color":"","background-image":"","background-repeat":"repeat","background-position":"center center","background-size":"auto","background-attachment":"scroll","background-type":"","background-media":"","overlay-type":"","overlay-color":"","overlay-opacity":"","overlay-gradient":""},"mobile":{"background-color":"","background-image":"","background-repeat":"repeat","background-position":"center center","background-size":"auto","background-attachment":"scroll","background-type":"","background-media":"","overlay-type":"","overlay-color":"","overlay-opacity":"","overlay-gradient":""}},"ast-content-background-meta":{"desktop":{"background-color":"var(--ast-global-color-5)","background-image":"","background-repeat":"repeat","background-position":"center center","background-size":"auto","background-attachment":"scroll","background-type":"","background-media":"","overlay-type":"","overlay-color":"","overlay-opacity":"","overlay-gradient":""},"tablet":{"background-color":"var(--ast-global-color-5)","background-image":"","background-repeat":"repeat","background-position":"center center","background-size":"auto","background-attachment":"scroll","background-type":"","background-media":"","overlay-type":"","overlay-color":"","overlay-opacity":"","overlay-gradient":""},"mobile":{"background-color":"var(--ast-global-color-5)","background-image":"","background-repeat":"repeat","background-position":"center center","background-size":"auto","background-attachment":"scroll","background-type":"","background-media":"","overlay-type":"","overlay-color":"","overlay-opacity":"","overlay-gradient":""}},"_themeisle_gutenberg_block_has_review":false,"_ti_tpc_template_sync":false,"_ti_tpc_template_id":""},"product_brand":[],"product_cat":[1272],"product_tag":[],"class_list":{"0":"post-33273","1":"product","2":"type-product","3":"status-publish","4":"has-post-thumbnail","6":"product_cat-shear-off-nuts-and-bolts","7":"desktop-align-left","8":"tablet-align-left","9":"mobile-align-left","10":"ast-product-gallery-layout-horizontal-slider","11":"ast-product-tabs-layout-horizontal","12":"ast-qv-on-image","14":"first","15":"instock","16":"shipping-taxable","17":"product-type-simple"},"yoast_head":"<!-- This site is optimized with the Yoast SEO Premium plugin v21.7 (Yoast SEO v25.7) - https:\/\/yoast.com\/wordpress\/plugins\/seo\/ -->\n<title>Stepped shear bolts - Jingbang Industrial<\/title>\n<meta name=\"description\" content=\"Stepped shear bolts are specially designed fasteners to provide controlled shear failure under specific loading conditions.\" \/>\n<meta name=\"robots\" content=\"index, follow, max-snippet:-1, max-image-preview:large, max-video-preview:-1\" \/>\n<link rel=\"canonical\" href=\"https:\/\/jbsy-china.com\/de\/produkt\/stepped-shear-bolts\/\" \/>\n<meta property=\"og:locale\" content=\"de_DE\" \/>\n<meta property=\"og:type\" content=\"article\" \/>\n<meta property=\"og:title\" content=\"Stepped shear bolts\" \/>\n<meta property=\"og:description\" content=\"Stepped shear bolts are specially designed fasteners to provide controlled shear failure under specific loading conditions.\" \/>\n<meta property=\"og:url\" content=\"https:\/\/jbsy-china.com\/de\/produkt\/stepped-shear-bolts\/\" \/>\n<meta property=\"og:site_name\" content=\"Jingbang Industrial\" \/>\n<meta property=\"article:modified_time\" content=\"2025-07-28T08:02:41+00:00\" \/>\n<meta property=\"og:image\" content=\"http:\/\/jbsy-china.com\/wp-content\/uploads\/2025\/05\/9dc5946a7bbb5dfa4b67a11a477dcfa.png\" \/>\n\t<meta property=\"og:image:width\" content=\"600\" \/>\n\t<meta property=\"og:image:height\" content=\"600\" \/>\n\t<meta property=\"og:image:type\" content=\"image\/png\" \/>\n<meta name=\"twitter:card\" content=\"summary_large_image\" \/>\n<meta name=\"twitter:label1\" content=\"Gesch\u00e4tzte Lesezeit\" \/>\n\t<meta name=\"twitter:data1\" content=\"4\u00a0Minuten\" \/>\n<script type=\"application\/ld+json\" class=\"yoast-schema-graph\">{\"@context\":\"https:\/\/schema.org\",\"@graph\":[{\"@type\":\"WebPage\",\"@id\":\"https:\/\/jbsy-china.com\/product\/stepped-shear-bolts\/\",\"url\":\"https:\/\/jbsy-china.com\/product\/stepped-shear-bolts\/\",\"name\":\"Stepped shear bolts - Jingbang Industrial\",\"isPartOf\":{\"@id\":\"https:\/\/jbsy-china.com\/#website\"},\"primaryImageOfPage\":{\"@id\":\"https:\/\/jbsy-china.com\/product\/stepped-shear-bolts\/#primaryimage\"},\"image\":{\"@id\":\"https:\/\/jbsy-china.com\/product\/stepped-shear-bolts\/#primaryimage\"},\"thumbnailUrl\":\"https:\/\/jbsy-china.com\/wp-content\/uploads\/2025\/05\/9dc5946a7bbb5dfa4b67a11a477dcfa.png\",\"datePublished\":\"2025-05-09T10:23:11+00:00\",\"dateModified\":\"2025-07-28T08:02:41+00:00\",\"description\":\"Stepped shear bolts are specially designed fasteners to provide controlled shear failure under specific loading conditions.\",\"breadcrumb\":{\"@id\":\"https:\/\/jbsy-china.com\/product\/stepped-shear-bolts\/#breadcrumb\"},\"inLanguage\":\"de\",\"potentialAction\":[{\"@type\":\"ReadAction\",\"target\":[\"https:\/\/jbsy-china.com\/product\/stepped-shear-bolts\/\"]}]},{\"@type\":\"ImageObject\",\"inLanguage\":\"de\",\"@id\":\"https:\/\/jbsy-china.com\/product\/stepped-shear-bolts\/#primaryimage\",\"url\":\"https:\/\/jbsy-china.com\/wp-content\/uploads\/2025\/05\/9dc5946a7bbb5dfa4b67a11a477dcfa.png\",\"contentUrl\":\"https:\/\/jbsy-china.com\/wp-content\/uploads\/2025\/05\/9dc5946a7bbb5dfa4b67a11a477dcfa.png\",\"width\":600,\"height\":600},{\"@type\":\"BreadcrumbList\",\"@id\":\"https:\/\/jbsy-china.com\/product\/stepped-shear-bolts\/#breadcrumb\",\"itemListElement\":[{\"@type\":\"ListItem\",\"position\":1,\"name\":\"Home\",\"item\":\"https:\/\/jbsy-china.com\/\"},{\"@type\":\"ListItem\",\"position\":2,\"name\":\"Products\",\"item\":\"https:\/\/jbsy-china.com\/shop\/\"},{\"@type\":\"ListItem\",\"position\":3,\"name\":\"Stepped shear bolts\"}]},{\"@type\":\"WebSite\",\"@id\":\"https:\/\/jbsy-china.com\/#website\",\"url\":\"https:\/\/jbsy-china.com\/\",\"name\":\"Jingbang Industrial\",\"description\":\"Hardware and electronics manufacturer\",\"publisher\":{\"@id\":\"https:\/\/jbsy-china.com\/#organization\"},\"potentialAction\":[{\"@type\":\"SearchAction\",\"target\":{\"@type\":\"EntryPoint\",\"urlTemplate\":\"https:\/\/jbsy-china.com\/?s={search_term_string}\"},\"query-input\":{\"@type\":\"PropertyValueSpecification\",\"valueRequired\":true,\"valueName\":\"search_term_string\"}}],\"inLanguage\":\"de\"},{\"@type\":\"Organization\",\"@id\":\"https:\/\/jbsy-china.com\/#organization\",\"name\":\"Jingbang Industrial\",\"url\":\"https:\/\/jbsy-china.com\/\",\"logo\":{\"@type\":\"ImageObject\",\"inLanguage\":\"de\",\"@id\":\"https:\/\/jbsy-china.com\/#\/schema\/logo\/image\/\",\"url\":\"https:\/\/jbsy-china.com\/wp-content\/uploads\/2023\/11\/cropped-\u56fe\u5c42-1.png\",\"contentUrl\":\"https:\/\/jbsy-china.com\/wp-content\/uploads\/2023\/11\/cropped-\u56fe\u5c42-1.png\",\"width\":1049,\"height\":739,\"caption\":\"Jingbang Industrial\"},\"image\":{\"@id\":\"https:\/\/jbsy-china.com\/#\/schema\/logo\/image\/\"}}]}<\/script>\n<!-- \/ Yoast SEO Premium plugin. -->","yoast_head_json":{"title":"Stepped shear bolts - Jingbang Industrial","description":"Stepped shear bolts are specially designed fasteners to provide controlled shear failure under specific loading conditions.","robots":{"index":"index","follow":"follow","max-snippet":"max-snippet:-1","max-image-preview":"max-image-preview:large","max-video-preview":"max-video-preview:-1"},"canonical":"https:\/\/jbsy-china.com\/de\/produkt\/stepped-shear-bolts\/","og_locale":"de_DE","og_type":"article","og_title":"Stepped shear bolts","og_description":"Stepped shear bolts are specially designed fasteners to provide controlled shear failure under specific loading conditions.","og_url":"https:\/\/jbsy-china.com\/de\/produkt\/stepped-shear-bolts\/","og_site_name":"Jingbang Industrial","article_modified_time":"2025-07-28T08:02:41+00:00","og_image":[{"width":600,"height":600,"url":"http:\/\/jbsy-china.com\/wp-content\/uploads\/2025\/05\/9dc5946a7bbb5dfa4b67a11a477dcfa.png","type":"image\/png"}],"twitter_card":"summary_large_image","twitter_misc":{"Gesch\u00e4tzte Lesezeit":"4\u00a0Minuten"},"schema":{"@context":"https:\/\/schema.org","@graph":[{"@type":"WebPage","@id":"https:\/\/jbsy-china.com\/product\/stepped-shear-bolts\/","url":"https:\/\/jbsy-china.com\/product\/stepped-shear-bolts\/","name":"Stepped shear bolts - Jingbang Industrial","isPartOf":{"@id":"https:\/\/jbsy-china.com\/#website"},"primaryImageOfPage":{"@id":"https:\/\/jbsy-china.com\/product\/stepped-shear-bolts\/#primaryimage"},"image":{"@id":"https:\/\/jbsy-china.com\/product\/stepped-shear-bolts\/#primaryimage"},"thumbnailUrl":"https:\/\/jbsy-china.com\/wp-content\/uploads\/2025\/05\/9dc5946a7bbb5dfa4b67a11a477dcfa.png","datePublished":"2025-05-09T10:23:11+00:00","dateModified":"2025-07-28T08:02:41+00:00","description":"Stepped shear bolts are specially designed fasteners to provide controlled shear failure under specific loading conditions.","breadcrumb":{"@id":"https:\/\/jbsy-china.com\/product\/stepped-shear-bolts\/#breadcrumb"},"inLanguage":"de","potentialAction":[{"@type":"ReadAction","target":["https:\/\/jbsy-china.com\/product\/stepped-shear-bolts\/"]}]},{"@type":"ImageObject","inLanguage":"de","@id":"https:\/\/jbsy-china.com\/product\/stepped-shear-bolts\/#primaryimage","url":"https:\/\/jbsy-china.com\/wp-content\/uploads\/2025\/05\/9dc5946a7bbb5dfa4b67a11a477dcfa.png","contentUrl":"https:\/\/jbsy-china.com\/wp-content\/uploads\/2025\/05\/9dc5946a7bbb5dfa4b67a11a477dcfa.png","width":600,"height":600},{"@type":"BreadcrumbList","@id":"https:\/\/jbsy-china.com\/product\/stepped-shear-bolts\/#breadcrumb","itemListElement":[{"@type":"ListItem","position":1,"name":"Home","item":"https:\/\/jbsy-china.com\/"},{"@type":"ListItem","position":2,"name":"Products","item":"https:\/\/jbsy-china.com\/shop\/"},{"@type":"ListItem","position":3,"name":"Stepped shear bolts"}]},{"@type":"WebSite","@id":"https:\/\/jbsy-china.com\/#website","url":"https:\/\/jbsy-china.com\/","name":"Jingbang Industrie","description":"Hersteller von Hardware und Elektronik","publisher":{"@id":"https:\/\/jbsy-china.com\/#organization"},"potentialAction":[{"@type":"SearchAction","target":{"@type":"EntryPoint","urlTemplate":"https:\/\/jbsy-china.com\/?s={search_term_string}"},"query-input":{"@type":"PropertyValueSpecification","valueRequired":true,"valueName":"search_term_string"}}],"inLanguage":"de"},{"@type":"Organization","@id":"https:\/\/jbsy-china.com\/#organization","name":"Jingbang Industrie","url":"https:\/\/jbsy-china.com\/","logo":{"@type":"ImageObject","inLanguage":"de","@id":"https:\/\/jbsy-china.com\/#\/schema\/logo\/image\/","url":"https:\/\/jbsy-china.com\/wp-content\/uploads\/2023\/11\/cropped-\u56fe\u5c42-1.png","contentUrl":"https:\/\/jbsy-china.com\/wp-content\/uploads\/2023\/11\/cropped-\u56fe\u5c42-1.png","width":1049,"height":739,"caption":"Jingbang Industrial"},"image":{"@id":"https:\/\/jbsy-china.com\/#\/schema\/logo\/image\/"}}]}},"_links":{"self":[{"href":"https:\/\/jbsy-china.com\/de\/wp-json\/wp\/v2\/product\/33273","targetHints":{"allow":["GET"]}}],"collection":[{"href":"https:\/\/jbsy-china.com\/de\/wp-json\/wp\/v2\/product"}],"about":[{"href":"https:\/\/jbsy-china.com\/de\/wp-json\/wp\/v2\/types\/product"}],"replies":[{"embeddable":true,"href":"https:\/\/jbsy-china.com\/de\/wp-json\/wp\/v2\/comments?post=33273"}],"wp:featuredmedia":[{"embeddable":true,"href":"https:\/\/jbsy-china.com\/de\/wp-json\/wp\/v2\/media\/33275"}],"wp:attachment":[{"href":"https:\/\/jbsy-china.com\/de\/wp-json\/wp\/v2\/media?parent=33273"}],"wp:term":[{"taxonomy":"product_brand","embeddable":true,"href":"https:\/\/jbsy-china.com\/de\/wp-json\/wp\/v2\/product_brand?post=33273"},{"taxonomy":"product_cat","embeddable":true,"href":"https:\/\/jbsy-china.com\/de\/wp-json\/wp\/v2\/product_cat?post=33273"},{"taxonomy":"product_tag","embeddable":true,"href":"https:\/\/jbsy-china.com\/de\/wp-json\/wp\/v2\/product_tag?post=33273"}],"curies":[{"name":"wp","href":"https:\/\/api.w.org\/{rel}","templated":true}]}}