{"id":33333,"date":"2025-05-12T08:24:21","date_gmt":"2025-05-12T08:24:21","guid":{"rendered":"https:\/\/jbsy-china.com\/?post_type=product&#038;p=33333"},"modified":"2025-07-25T08:58:06","modified_gmt":"2025-07-25T08:58:06","slug":"cup-head-safety-wire-bolt","status":"publish","type":"product","link":"https:\/\/jbsy-china.com\/de\/produkt\/cup-head-safety-wire-bolt\/","title":{"rendered":"Flachkopf-Sicherheitsdrahtbolzen"},"content":{"rendered":"<p><img fetchpriority=\"high\" decoding=\"async\" class=\"alignnone size-full wp-image-31578\" src=\"http:\/\/jbsy-china.com\/wp-content\/uploads\/2025\/02\/\u51b7\u9566\u8be6\u60c5\u9875_01.jpg\" alt=\"\" width=\"790\" height=\"329\" srcset=\"https:\/\/jbsy-china.com\/wp-content\/uploads\/2025\/02\/\u51b7\u9566\u8be6\u60c5\u9875_01.jpg 790w, https:\/\/jbsy-china.com\/wp-content\/uploads\/2025\/02\/\u51b7\u9566\u8be6\u60c5\u9875_01-300x125.jpg 300w, https:\/\/jbsy-china.com\/wp-content\/uploads\/2025\/02\/\u51b7\u9566\u8be6\u60c5\u9875_01-768x320.jpg 768w, https:\/\/jbsy-china.com\/wp-content\/uploads\/2025\/02\/\u51b7\u9566\u8be6\u60c5\u9875_01-600x250.jpg 600w\" sizes=\"(max-width: 790px) 100vw, 790px\" \/> <img decoding=\"async\" class=\"alignnone size-full wp-image-31579\" src=\"http:\/\/jbsy-china.com\/wp-content\/uploads\/2025\/02\/\u51b7\u9566\u8be6\u60c5\u9875_02.jpg\" alt=\"\" width=\"790\" height=\"981\" srcset=\"https:\/\/jbsy-china.com\/wp-content\/uploads\/2025\/02\/\u51b7\u9566\u8be6\u60c5\u9875_02.jpg 790w, https:\/\/jbsy-china.com\/wp-content\/uploads\/2025\/02\/\u51b7\u9566\u8be6\u60c5\u9875_02-242x300.jpg 242w, https:\/\/jbsy-china.com\/wp-content\/uploads\/2025\/02\/\u51b7\u9566\u8be6\u60c5\u9875_02-768x954.jpg 768w, https:\/\/jbsy-china.com\/wp-content\/uploads\/2025\/02\/\u51b7\u9566\u8be6\u60c5\u9875_02-600x745.jpg 600w\" sizes=\"(max-width: 790px) 100vw, 790px\" \/> <img decoding=\"async\" class=\"alignnone size-full wp-image-31580\" src=\"http:\/\/jbsy-china.com\/wp-content\/uploads\/2025\/02\/\u51b7\u9566\u8be6\u60c5\u9875_03.jpg\" alt=\"\" width=\"790\" height=\"740\" srcset=\"https:\/\/jbsy-china.com\/wp-content\/uploads\/2025\/02\/\u51b7\u9566\u8be6\u60c5\u9875_03.jpg 790w, https:\/\/jbsy-china.com\/wp-content\/uploads\/2025\/02\/\u51b7\u9566\u8be6\u60c5\u9875_03-300x281.jpg 300w, https:\/\/jbsy-china.com\/wp-content\/uploads\/2025\/02\/\u51b7\u9566\u8be6\u60c5\u9875_03-768x719.jpg 768w, https:\/\/jbsy-china.com\/wp-content\/uploads\/2025\/02\/\u51b7\u9566\u8be6\u60c5\u9875_03-600x562.jpg 600w\" sizes=\"(max-width: 790px) 100vw, 790px\" \/> <img loading=\"lazy\" decoding=\"async\" class=\"alignnone size-full wp-image-31581\" src=\"http:\/\/jbsy-china.com\/wp-content\/uploads\/2025\/02\/\u51b7\u9566\u8be6\u60c5\u9875_04.jpg\" alt=\"\" width=\"790\" height=\"739\" srcset=\"https:\/\/jbsy-china.com\/wp-content\/uploads\/2025\/02\/\u51b7\u9566\u8be6\u60c5\u9875_04.jpg 790w, https:\/\/jbsy-china.com\/wp-content\/uploads\/2025\/02\/\u51b7\u9566\u8be6\u60c5\u9875_04-300x281.jpg 300w, https:\/\/jbsy-china.com\/wp-content\/uploads\/2025\/02\/\u51b7\u9566\u8be6\u60c5\u9875_04-768x718.jpg 768w, https:\/\/jbsy-china.com\/wp-content\/uploads\/2025\/02\/\u51b7\u9566\u8be6\u60c5\u9875_04-600x561.jpg 600w\" sizes=\"(max-width: 790px) 100vw, 790px\" \/> <img loading=\"lazy\" decoding=\"async\" class=\"alignnone size-full wp-image-31583\" src=\"http:\/\/jbsy-china.com\/wp-content\/uploads\/2025\/02\/\u51b7\u9566\u8be6\u60c5\u9875_05_01.jpg\" alt=\"\" width=\"790\" height=\"677\" srcset=\"https:\/\/jbsy-china.com\/wp-content\/uploads\/2025\/02\/\u51b7\u9566\u8be6\u60c5\u9875_05_01.jpg 790w, https:\/\/jbsy-china.com\/wp-content\/uploads\/2025\/02\/\u51b7\u9566\u8be6\u60c5\u9875_05_01-300x257.jpg 300w, https:\/\/jbsy-china.com\/wp-content\/uploads\/2025\/02\/\u51b7\u9566\u8be6\u60c5\u9875_05_01-768x658.jpg 768w, https:\/\/jbsy-china.com\/wp-content\/uploads\/2025\/02\/\u51b7\u9566\u8be6\u60c5\u9875_05_01-600x514.jpg 600w\" sizes=\"(max-width: 790px) 100vw, 790px\" \/><\/p>\n<p><strong>Das Kaltstauchverfahren ist eines der neuen Verfahren f\u00fcr die Druckbearbeitung mit weniger oder gar keiner Zerspanung<\/strong><br \/>\n<strong>Metall. Es handelt sich um eine Verarbeitungsmethode, die die plastische Verformung von Metall unter der Einwirkung von<\/strong><br \/>\n<strong>\u00e4u\u00dfere Kr\u00e4fte, und mit Hilfe von Formen wird das Metallvolumen umverteilt und in die Form gebracht<\/strong><br \/>\n<strong>die gew\u00fcnschten Teile oder Rohlinge. Das Kaltstauchverfahren ist am besten geeignet f\u00fcr die Herstellung von Standard<\/strong><br \/>\n<strong>Verbindungselemente wie Bolzen, Schrauben, Muttern, Nieten, Stifte usw.<\/strong><\/p>\n<p><img loading=\"lazy\" decoding=\"async\" class=\"alignnone size-full wp-image-31585\" src=\"http:\/\/jbsy-china.com\/wp-content\/uploads\/2025\/02\/\u51b7\u9566\u8be6\u60c5\u9875_05_03.jpg\" alt=\"\" width=\"790\" height=\"603\" srcset=\"https:\/\/jbsy-china.com\/wp-content\/uploads\/2025\/02\/\u51b7\u9566\u8be6\u60c5\u9875_05_03.jpg 790w, https:\/\/jbsy-china.com\/wp-content\/uploads\/2025\/02\/\u51b7\u9566\u8be6\u60c5\u9875_05_03-300x229.jpg 300w, https:\/\/jbsy-china.com\/wp-content\/uploads\/2025\/02\/\u51b7\u9566\u8be6\u60c5\u9875_05_03-768x586.jpg 768w, https:\/\/jbsy-china.com\/wp-content\/uploads\/2025\/02\/\u51b7\u9566\u8be6\u60c5\u9875_05_03-600x458.jpg 600w\" sizes=\"(max-width: 790px) 100vw, 790px\" \/> <img loading=\"lazy\" decoding=\"async\" class=\"alignnone size-full wp-image-31586\" src=\"http:\/\/jbsy-china.com\/wp-content\/uploads\/2025\/02\/\u51b7\u9566\u8be6\u60c5\u9875_06.jpg\" alt=\"\" width=\"790\" height=\"742\" srcset=\"https:\/\/jbsy-china.com\/wp-content\/uploads\/2025\/02\/\u51b7\u9566\u8be6\u60c5\u9875_06.jpg 790w, https:\/\/jbsy-china.com\/wp-content\/uploads\/2025\/02\/\u51b7\u9566\u8be6\u60c5\u9875_06-300x282.jpg 300w, https:\/\/jbsy-china.com\/wp-content\/uploads\/2025\/02\/\u51b7\u9566\u8be6\u60c5\u9875_06-768x721.jpg 768w, https:\/\/jbsy-china.com\/wp-content\/uploads\/2025\/02\/\u51b7\u9566\u8be6\u60c5\u9875_06-600x564.jpg 600w\" sizes=\"(max-width: 790px) 100vw, 790px\" \/><\/p>\n<p class=\"ds-markdown-paragraph\">Schale Kopf <a href=\"https:\/\/jbsy-china.com\/de\/safety-wire-bolts\/\">Sicherheitsdrahtbolzen<\/a> sind Spezialbefestigungselemente zur Sicherung von Bauteilen in vibrationsintensiven oder kritischen Anwendungen, bei denen eine Lockerung zu mechanischem Versagen f\u00fchren k\u00f6nnte. Hier finden Sie eine detaillierte Beschreibung:<\/p>\n<h5><strong>Merkmale:<\/strong><\/h5>\n<ol start=\"1\">\n<li>\n<p class=\"ds-markdown-paragraph\"><strong>Schale Kopf Design<\/strong>\u00a0- Die Schraube hat einen abgerundeten, gew\u00f6lbten Kopf (\u00e4hnlich wie ein Knopfkopf, aber mit einer tieferen Schalenform), der eine glatte, flache Oberfl\u00e4che bietet und gleichzeitig eine sichere Drahtbefestigung erm\u00f6glicht.<\/p>\n<\/li>\n<li>\n<p class=\"ds-markdown-paragraph\"><strong>Sicherheitsdrahtl\u00f6cher<\/strong>\u00a0- Der Kopf ist in der Regel mit zwei kleinen, diametral gegen\u00fcberliegenden L\u00f6chern versehen, durch die ein Sicherungsdraht eingef\u00e4delt werden kann, um den Bolzen zu fixieren.<\/p>\n<\/li>\n<li>\n<p class=\"ds-markdown-paragraph\"><strong>Material<\/strong>\u00a0- Sie werden h\u00e4ufig aus hochfesten Materialien wie\u00a0<strong>rostfreier Stahl (z. B. AISI 304, 316)<\/strong>\u00a0oder\u00a0<strong>legierter Stahl (z. B. G\u00fcteklasse 8, Inconel)<\/strong>\u00a0f\u00fcr Korrosionsbest\u00e4ndigkeit und Langlebigkeit.<\/p>\n<\/li>\n<li>\n<p class=\"ds-markdown-paragraph\"><strong>Gewindetyp<\/strong>\u00a0- Kann je nach Anwendung mit Fein- oder Grobgewinde versehen sein (z. B.,\u00a0<strong>ANSI-, metrische oder Luft- und Raumfahrtnormen<\/strong>).<\/p>\n<\/li>\n<li>\n<p class=\"ds-markdown-paragraph\"><strong>Beendet<\/strong>\u00a0- \u00dcbliche Ausf\u00fchrungen sind\u00a0<strong>passivierte, verzinkte oder anodisierte Beschichtungen<\/strong>\u00a0um Rost und Verschlei\u00df zu verhindern.<\/p>\n<\/li>\n<li>Flachkopf-Sicherheitsdrahtbolzen<\/li>\n<\/ol>\n<h5><strong>Anwendungen:<\/strong><\/h5>\n<ul>\n<li>\n<p class=\"ds-markdown-paragraph\"><strong>Luft- und Raumfahrt<\/strong>\u00a0- Wird in Flugzeugtriebwerken und Steuersystemen verwendet, um ein L\u00f6sen der Schrauben durch Vibrationen zu verhindern.<\/p>\n<\/li>\n<li>\n<p class=\"ds-markdown-paragraph\"><strong>Motorsport<\/strong>\u00a0- Sichert wichtige Komponenten in Rennwagen und Motorr\u00e4dern.<\/p>\n<\/li>\n<li>\n<p class=\"ds-markdown-paragraph\"><strong>Milit\u00e4r\/Verteidigung<\/strong>\u00a0- Gew\u00e4hrleistet die Zuverl\u00e4ssigkeit von Waffensystemen und schweren Maschinen.<\/p>\n<\/li>\n<li>\n<p class=\"ds-markdown-paragraph\"><strong>Industrielle Maschinen<\/strong>\u00a0- Sichert Bolzen in Umgebungen mit starken Vibrationen wie Turbinen und Pumpen.<\/p>\n<\/li>\n<\/ul>\n<h5><strong>Sicherheitsverdrahtung Methode:<\/strong><\/h5>\n<ul>\n<li>\n<p class=\"ds-markdown-paragraph\">Ein rostfreier Stahldraht wird durch die L\u00f6cher in den benachbarten Bolzen gef\u00e4delt und fest verdreht, so dass eine Schlaufe entsteht, die ein Verdrehen und L\u00f6sen verhindert.<\/p>\n<\/li>\n<li>Flachkopf-Sicherheitsdrahtbolzen<\/li>\n<\/ul>\n<h5><strong>Normen:<\/strong><\/h5>\n<ul>\n<li>\n<p class=\"ds-markdown-paragraph\">Konform mit\u00a0<strong>MS-, NAS- oder AN-Spezifikationen<\/strong>\u00a0(\u00fcblich in der Luft- und Raumfahrt).<\/p>\n<\/li>\n<li>\n<p class=\"ds-markdown-paragraph\">Kann auch treffen\u00a0<strong>MIL-SPEC<\/strong>\u00a0Anforderungen f\u00fcr milit\u00e4rische Anwendungen.<\/p>\n<\/li>\n<\/ul>","protected":false},"excerpt":{"rendered":"<h5><strong>Hauptmerkmale:<\/strong><\/h5>\n<ul>\n<li class=\"ds-markdown-paragraph\"><strong>Schale Kopf Design<\/strong>\u00a0- Die Schraube hat einen abgerundeten, gew\u00f6lbten Kopf (\u00e4hnlich wie ein Knopfkopf, aber mit einer tieferen Schalenform), der eine glatte, flache Oberfl\u00e4che bietet und gleichzeitig eine sichere Drahtbefestigung erm\u00f6glicht.<\/li>\n<li class=\"ds-markdown-paragraph\"><strong>Sicherheitsdrahtl\u00f6cher<\/strong>\u00a0- Der Kopf ist in der Regel mit zwei kleinen, diametral gegen\u00fcberliegenden L\u00f6chern versehen, durch die ein Sicherungsdraht eingef\u00e4delt werden kann, um den Bolzen zu fixieren.<\/li>\n<li class=\"ds-markdown-paragraph\"><strong>Material<\/strong>\u00a0- Sie werden h\u00e4ufig aus hochfesten Materialien wie\u00a0<strong>rostfreier Stahl (z. B. AISI 304, 316)<\/strong>\u00a0oder\u00a0<strong>legierter Stahl (z. B. G\u00fcteklasse 8, Inconel)<\/strong>\u00a0f\u00fcr Korrosionsbest\u00e4ndigkeit und Langlebigkeit.<\/li>\n<\/ul>\n<ol start=\"1\">\n<li>\n<p class=\"ds-markdown-paragraph\">\n<\/li>\n<\/ol>","protected":false},"featured_media":33298,"comment_status":"open","ping_status":"closed","template":"","meta":{"site-sidebar-layout":"default","site-content-layout":"","ast-site-content-layout":"default","site-content-style":"default","site-sidebar-style":"default","ast-global-header-display":"","ast-banner-title-visibility":"","ast-main-header-display":"","ast-hfb-above-header-display":"","ast-hfb-below-header-display":"","ast-hfb-mobile-header-display":"","site-post-title":"","ast-breadcrumbs-content":"","ast-featured-img":"","footer-sml-layout":"","ast-disable-related-posts":"","theme-transparent-header-meta":"default","adv-header-id-meta":"","stick-header-meta":"default","header-above-stick-meta":"","header-main-stick-meta":"","header-below-stick-meta":"","astra-migrate-meta-layouts":"set","ast-page-background-enabled":"default","ast-page-background-meta":{"desktop":{"background-color":"var(--ast-global-color-4)","background-image":"","background-repeat":"repeat","background-position":"center center","background-size":"auto","background-attachment":"scroll","background-type":"","background-media":"","overlay-type":"","overlay-color":"","overlay-opacity":"","overlay-gradient":""},"tablet":{"background-color":"","background-image":"","background-repeat":"repeat","background-position":"center center","background-size":"auto","background-attachment":"scroll","background-type":"","background-media":"","overlay-type":"","overlay-color":"","overlay-opacity":"","overlay-gradient":""},"mobile":{"background-color":"","background-image":"","background-repeat":"repeat","background-position":"center center","background-size":"auto","background-attachment":"scroll","background-type":"","background-media":"","overlay-type":"","overlay-color":"","overlay-opacity":"","overlay-gradient":""}},"ast-content-background-meta":{"desktop":{"background-color":"var(--ast-global-color-5)","background-image":"","background-repeat":"repeat","background-position":"center center","background-size":"auto","background-attachment":"scroll","background-type":"","background-media":"","overlay-type":"","overlay-color":"","overlay-opacity":"","overlay-gradient":""},"tablet":{"background-color":"var(--ast-global-color-5)","background-image":"","background-repeat":"repeat","background-position":"center center","background-size":"auto","background-attachment":"scroll","background-type":"","background-media":"","overlay-type":"","overlay-color":"","overlay-opacity":"","overlay-gradient":""},"mobile":{"background-color":"var(--ast-global-color-5)","background-image":"","background-repeat":"repeat","background-position":"center center","background-size":"auto","background-attachment":"scroll","background-type":"","background-media":"","overlay-type":"","overlay-color":"","overlay-opacity":"","overlay-gradient":""}},"_themeisle_gutenberg_block_has_review":false,"_ti_tpc_template_sync":false,"_ti_tpc_template_id":""},"product_brand":[],"product_cat":[1275],"product_tag":[],"class_list":{"0":"post-33333","1":"product","2":"type-product","3":"status-publish","4":"has-post-thumbnail","6":"product_cat-safety-wire-bolts","7":"desktop-align-left","8":"tablet-align-left","9":"mobile-align-left","10":"ast-product-gallery-layout-horizontal-slider","11":"ast-product-tabs-layout-horizontal","12":"ast-qv-on-image","14":"first","15":"instock","16":"shipping-taxable","17":"product-type-simple"},"yoast_head":"<!-- This site is optimized with the Yoast SEO Premium plugin v21.7 (Yoast SEO v25.7) - https:\/\/yoast.com\/wordpress\/plugins\/seo\/ -->\n<title>Cup head safety wire bolt - Jingbang Industrial<\/title>\n<meta name=\"description\" content=\"The Cup Head Safety Wire Bolt is a specialty fastener used to secure components in high vibration or critical applications for added safety.\" \/>\n<meta name=\"robots\" content=\"index, follow, max-snippet:-1, max-image-preview:large, max-video-preview:-1\" \/>\n<link rel=\"canonical\" href=\"https:\/\/jbsy-china.com\/de\/produkt\/cup-head-safety-wire-bolt\/\" \/>\n<meta property=\"og:locale\" content=\"de_DE\" \/>\n<meta property=\"og:type\" content=\"article\" \/>\n<meta property=\"og:title\" content=\"Cup head safety wire bolt\" \/>\n<meta property=\"og:description\" content=\"The Cup Head Safety Wire Bolt is a specialty fastener used to secure components in high vibration or critical applications for added safety.\" \/>\n<meta property=\"og:url\" content=\"https:\/\/jbsy-china.com\/de\/produkt\/cup-head-safety-wire-bolt\/\" \/>\n<meta property=\"og:site_name\" content=\"Jingbang Industrial\" \/>\n<meta property=\"article:modified_time\" content=\"2025-07-25T08:58:06+00:00\" \/>\n<meta property=\"og:image\" content=\"http:\/\/jbsy-china.com\/wp-content\/uploads\/2025\/05\/\u676f\u5934\u5b89\u5168\u94a2\u4e1d\u87ba\u6813.jpg\" \/>\n\t<meta property=\"og:image:width\" content=\"800\" \/>\n\t<meta property=\"og:image:height\" content=\"800\" \/>\n\t<meta property=\"og:image:type\" content=\"image\/jpeg\" \/>\n<meta name=\"twitter:card\" content=\"summary_large_image\" \/>\n<meta name=\"twitter:label1\" content=\"Gesch\u00e4tzte Lesezeit\" \/>\n\t<meta name=\"twitter:data1\" content=\"4\u00a0Minuten\" \/>\n<script type=\"application\/ld+json\" class=\"yoast-schema-graph\">{\"@context\":\"https:\/\/schema.org\",\"@graph\":[{\"@type\":\"WebPage\",\"@id\":\"https:\/\/jbsy-china.com\/product\/cup-head-safety-wire-bolt\/\",\"url\":\"https:\/\/jbsy-china.com\/product\/cup-head-safety-wire-bolt\/\",\"name\":\"Cup head safety wire bolt - Jingbang Industrial\",\"isPartOf\":{\"@id\":\"https:\/\/jbsy-china.com\/#website\"},\"primaryImageOfPage\":{\"@id\":\"https:\/\/jbsy-china.com\/product\/cup-head-safety-wire-bolt\/#primaryimage\"},\"image\":{\"@id\":\"https:\/\/jbsy-china.com\/product\/cup-head-safety-wire-bolt\/#primaryimage\"},\"thumbnailUrl\":\"https:\/\/jbsy-china.com\/wp-content\/uploads\/2025\/05\/\u676f\u5934\u5b89\u5168\u94a2\u4e1d\u87ba\u6813.jpg\",\"datePublished\":\"2025-05-12T08:24:21+00:00\",\"dateModified\":\"2025-07-25T08:58:06+00:00\",\"description\":\"The Cup Head Safety Wire Bolt is a specialty fastener used to secure components in high vibration or critical applications for added safety.\",\"breadcrumb\":{\"@id\":\"https:\/\/jbsy-china.com\/product\/cup-head-safety-wire-bolt\/#breadcrumb\"},\"inLanguage\":\"de\",\"potentialAction\":[{\"@type\":\"ReadAction\",\"target\":[\"https:\/\/jbsy-china.com\/product\/cup-head-safety-wire-bolt\/\"]}]},{\"@type\":\"ImageObject\",\"inLanguage\":\"de\",\"@id\":\"https:\/\/jbsy-china.com\/product\/cup-head-safety-wire-bolt\/#primaryimage\",\"url\":\"https:\/\/jbsy-china.com\/wp-content\/uploads\/2025\/05\/\u676f\u5934\u5b89\u5168\u94a2\u4e1d\u87ba\u6813.jpg\",\"contentUrl\":\"https:\/\/jbsy-china.com\/wp-content\/uploads\/2025\/05\/\u676f\u5934\u5b89\u5168\u94a2\u4e1d\u87ba\u6813.jpg\",\"width\":800,\"height\":800},{\"@type\":\"BreadcrumbList\",\"@id\":\"https:\/\/jbsy-china.com\/product\/cup-head-safety-wire-bolt\/#breadcrumb\",\"itemListElement\":[{\"@type\":\"ListItem\",\"position\":1,\"name\":\"Home\",\"item\":\"https:\/\/jbsy-china.com\/\"},{\"@type\":\"ListItem\",\"position\":2,\"name\":\"Products\",\"item\":\"https:\/\/jbsy-china.com\/shop\/\"},{\"@type\":\"ListItem\",\"position\":3,\"name\":\"Cup head safety wire bolt\"}]},{\"@type\":\"WebSite\",\"@id\":\"https:\/\/jbsy-china.com\/#website\",\"url\":\"https:\/\/jbsy-china.com\/\",\"name\":\"Jingbang Industrial\",\"description\":\"Hardware and electronics manufacturer\",\"publisher\":{\"@id\":\"https:\/\/jbsy-china.com\/#organization\"},\"potentialAction\":[{\"@type\":\"SearchAction\",\"target\":{\"@type\":\"EntryPoint\",\"urlTemplate\":\"https:\/\/jbsy-china.com\/?s={search_term_string}\"},\"query-input\":{\"@type\":\"PropertyValueSpecification\",\"valueRequired\":true,\"valueName\":\"search_term_string\"}}],\"inLanguage\":\"de\"},{\"@type\":\"Organization\",\"@id\":\"https:\/\/jbsy-china.com\/#organization\",\"name\":\"Jingbang Industrial\",\"url\":\"https:\/\/jbsy-china.com\/\",\"logo\":{\"@type\":\"ImageObject\",\"inLanguage\":\"de\",\"@id\":\"https:\/\/jbsy-china.com\/#\/schema\/logo\/image\/\",\"url\":\"https:\/\/jbsy-china.com\/wp-content\/uploads\/2023\/11\/cropped-\u56fe\u5c42-1.png\",\"contentUrl\":\"https:\/\/jbsy-china.com\/wp-content\/uploads\/2023\/11\/cropped-\u56fe\u5c42-1.png\",\"width\":1049,\"height\":739,\"caption\":\"Jingbang Industrial\"},\"image\":{\"@id\":\"https:\/\/jbsy-china.com\/#\/schema\/logo\/image\/\"}}]}<\/script>\n<!-- \/ Yoast SEO Premium plugin. -->","yoast_head_json":{"title":"Cup head safety wire bolt - Jingbang Industrial","description":"The Cup Head Safety Wire Bolt is a specialty fastener used to secure components in high vibration or critical applications for added safety.","robots":{"index":"index","follow":"follow","max-snippet":"max-snippet:-1","max-image-preview":"max-image-preview:large","max-video-preview":"max-video-preview:-1"},"canonical":"https:\/\/jbsy-china.com\/de\/produkt\/cup-head-safety-wire-bolt\/","og_locale":"de_DE","og_type":"article","og_title":"Cup head safety wire bolt","og_description":"The Cup Head Safety Wire Bolt is a specialty fastener used to secure components in high vibration or critical applications for added safety.","og_url":"https:\/\/jbsy-china.com\/de\/produkt\/cup-head-safety-wire-bolt\/","og_site_name":"Jingbang Industrial","article_modified_time":"2025-07-25T08:58:06+00:00","og_image":[{"width":800,"height":800,"url":"http:\/\/jbsy-china.com\/wp-content\/uploads\/2025\/05\/\u676f\u5934\u5b89\u5168\u94a2\u4e1d\u87ba\u6813.jpg","type":"image\/jpeg"}],"twitter_card":"summary_large_image","twitter_misc":{"Gesch\u00e4tzte Lesezeit":"4\u00a0Minuten"},"schema":{"@context":"https:\/\/schema.org","@graph":[{"@type":"WebPage","@id":"https:\/\/jbsy-china.com\/product\/cup-head-safety-wire-bolt\/","url":"https:\/\/jbsy-china.com\/product\/cup-head-safety-wire-bolt\/","name":"Cup head safety wire bolt - Jingbang Industrial","isPartOf":{"@id":"https:\/\/jbsy-china.com\/#website"},"primaryImageOfPage":{"@id":"https:\/\/jbsy-china.com\/product\/cup-head-safety-wire-bolt\/#primaryimage"},"image":{"@id":"https:\/\/jbsy-china.com\/product\/cup-head-safety-wire-bolt\/#primaryimage"},"thumbnailUrl":"https:\/\/jbsy-china.com\/wp-content\/uploads\/2025\/05\/\u676f\u5934\u5b89\u5168\u94a2\u4e1d\u87ba\u6813.jpg","datePublished":"2025-05-12T08:24:21+00:00","dateModified":"2025-07-25T08:58:06+00:00","description":"The Cup Head Safety Wire Bolt is a specialty fastener used to secure components in high vibration or critical applications for added safety.","breadcrumb":{"@id":"https:\/\/jbsy-china.com\/product\/cup-head-safety-wire-bolt\/#breadcrumb"},"inLanguage":"de","potentialAction":[{"@type":"ReadAction","target":["https:\/\/jbsy-china.com\/product\/cup-head-safety-wire-bolt\/"]}]},{"@type":"ImageObject","inLanguage":"de","@id":"https:\/\/jbsy-china.com\/product\/cup-head-safety-wire-bolt\/#primaryimage","url":"https:\/\/jbsy-china.com\/wp-content\/uploads\/2025\/05\/\u676f\u5934\u5b89\u5168\u94a2\u4e1d\u87ba\u6813.jpg","contentUrl":"https:\/\/jbsy-china.com\/wp-content\/uploads\/2025\/05\/\u676f\u5934\u5b89\u5168\u94a2\u4e1d\u87ba\u6813.jpg","width":800,"height":800},{"@type":"BreadcrumbList","@id":"https:\/\/jbsy-china.com\/product\/cup-head-safety-wire-bolt\/#breadcrumb","itemListElement":[{"@type":"ListItem","position":1,"name":"Home","item":"https:\/\/jbsy-china.com\/"},{"@type":"ListItem","position":2,"name":"Products","item":"https:\/\/jbsy-china.com\/shop\/"},{"@type":"ListItem","position":3,"name":"Cup head safety wire bolt"}]},{"@type":"WebSite","@id":"https:\/\/jbsy-china.com\/#website","url":"https:\/\/jbsy-china.com\/","name":"Jingbang Industrie","description":"Hersteller von Hardware und Elektronik","publisher":{"@id":"https:\/\/jbsy-china.com\/#organization"},"potentialAction":[{"@type":"SearchAction","target":{"@type":"EntryPoint","urlTemplate":"https:\/\/jbsy-china.com\/?s={search_term_string}"},"query-input":{"@type":"PropertyValueSpecification","valueRequired":true,"valueName":"search_term_string"}}],"inLanguage":"de"},{"@type":"Organization","@id":"https:\/\/jbsy-china.com\/#organization","name":"Jingbang Industrie","url":"https:\/\/jbsy-china.com\/","logo":{"@type":"ImageObject","inLanguage":"de","@id":"https:\/\/jbsy-china.com\/#\/schema\/logo\/image\/","url":"https:\/\/jbsy-china.com\/wp-content\/uploads\/2023\/11\/cropped-\u56fe\u5c42-1.png","contentUrl":"https:\/\/jbsy-china.com\/wp-content\/uploads\/2023\/11\/cropped-\u56fe\u5c42-1.png","width":1049,"height":739,"caption":"Jingbang Industrial"},"image":{"@id":"https:\/\/jbsy-china.com\/#\/schema\/logo\/image\/"}}]}},"_links":{"self":[{"href":"https:\/\/jbsy-china.com\/de\/wp-json\/wp\/v2\/product\/33333","targetHints":{"allow":["GET"]}}],"collection":[{"href":"https:\/\/jbsy-china.com\/de\/wp-json\/wp\/v2\/product"}],"about":[{"href":"https:\/\/jbsy-china.com\/de\/wp-json\/wp\/v2\/types\/product"}],"replies":[{"embeddable":true,"href":"https:\/\/jbsy-china.com\/de\/wp-json\/wp\/v2\/comments?post=33333"}],"wp:featuredmedia":[{"embeddable":true,"href":"https:\/\/jbsy-china.com\/de\/wp-json\/wp\/v2\/media\/33298"}],"wp:attachment":[{"href":"https:\/\/jbsy-china.com\/de\/wp-json\/wp\/v2\/media?parent=33333"}],"wp:term":[{"taxonomy":"product_brand","embeddable":true,"href":"https:\/\/jbsy-china.com\/de\/wp-json\/wp\/v2\/product_brand?post=33333"},{"taxonomy":"product_cat","embeddable":true,"href":"https:\/\/jbsy-china.com\/de\/wp-json\/wp\/v2\/product_cat?post=33333"},{"taxonomy":"product_tag","embeddable":true,"href":"https:\/\/jbsy-china.com\/de\/wp-json\/wp\/v2\/product_tag?post=33333"}],"curies":[{"name":"wp","href":"https:\/\/api.w.org\/{rel}","templated":true}]}}