{"id":33401,"date":"2025-05-12T10:03:34","date_gmt":"2025-05-12T10:03:34","guid":{"rendered":"https:\/\/jbsy-china.com\/?post_type=product&#038;p=33401"},"modified":"2025-07-08T09:05:16","modified_gmt":"2025-07-08T09:05:16","slug":"304-stainless-steel-flange-nut","status":"publish","type":"product","link":"https:\/\/jbsy-china.com\/de\/produkt\/304-stainless-steel-flange-nut\/","title":{"rendered":"Flanschmutter aus Edelstahl 304"},"content":{"rendered":"<p><img fetchpriority=\"high\" decoding=\"async\" class=\"alignnone size-full wp-image-31694\" src=\"http:\/\/jbsy-china.com\/wp-content\/uploads\/2025\/02\/\u4e3b\u63a8-\u9632\u76d7\u87ba\u6bcd_01.jpg\" alt=\"\" width=\"790\" height=\"1330\" srcset=\"https:\/\/jbsy-china.com\/wp-content\/uploads\/2025\/02\/\u4e3b\u63a8-\u9632\u76d7\u87ba\u6bcd_01.jpg 790w, https:\/\/jbsy-china.com\/wp-content\/uploads\/2025\/02\/\u4e3b\u63a8-\u9632\u76d7\u87ba\u6bcd_01-178x300.jpg 178w, https:\/\/jbsy-china.com\/wp-content\/uploads\/2025\/02\/\u4e3b\u63a8-\u9632\u76d7\u87ba\u6bcd_01-608x1024.jpg 608w, https:\/\/jbsy-china.com\/wp-content\/uploads\/2025\/02\/\u4e3b\u63a8-\u9632\u76d7\u87ba\u6bcd_01-768x1293.jpg 768w, https:\/\/jbsy-china.com\/wp-content\/uploads\/2025\/02\/\u4e3b\u63a8-\u9632\u76d7\u87ba\u6bcd_01-600x1010.jpg 600w\" sizes=\"(max-width: 790px) 100vw, 790px\" \/> <img decoding=\"async\" class=\"alignnone size-full wp-image-31695\" src=\"http:\/\/jbsy-china.com\/wp-content\/uploads\/2025\/02\/\u4e3b\u63a8-\u9632\u76d7\u87ba\u6bcd_02.jpg\" alt=\"\" width=\"790\" height=\"930\" srcset=\"https:\/\/jbsy-china.com\/wp-content\/uploads\/2025\/02\/\u4e3b\u63a8-\u9632\u76d7\u87ba\u6bcd_02.jpg 790w, https:\/\/jbsy-china.com\/wp-content\/uploads\/2025\/02\/\u4e3b\u63a8-\u9632\u76d7\u87ba\u6bcd_02-255x300.jpg 255w, https:\/\/jbsy-china.com\/wp-content\/uploads\/2025\/02\/\u4e3b\u63a8-\u9632\u76d7\u87ba\u6bcd_02-768x904.jpg 768w, https:\/\/jbsy-china.com\/wp-content\/uploads\/2025\/02\/\u4e3b\u63a8-\u9632\u76d7\u87ba\u6bcd_02-600x706.jpg 600w\" sizes=\"(max-width: 790px) 100vw, 790px\" \/> <img decoding=\"async\" class=\"alignnone size-full wp-image-31696\" src=\"http:\/\/jbsy-china.com\/wp-content\/uploads\/2025\/02\/\u4e3b\u63a8-\u9632\u76d7\u87ba\u6bcd_03.jpg\" alt=\"\" width=\"790\" height=\"1060\" srcset=\"https:\/\/jbsy-china.com\/wp-content\/uploads\/2025\/02\/\u4e3b\u63a8-\u9632\u76d7\u87ba\u6bcd_03.jpg 790w, https:\/\/jbsy-china.com\/wp-content\/uploads\/2025\/02\/\u4e3b\u63a8-\u9632\u76d7\u87ba\u6bcd_03-224x300.jpg 224w, https:\/\/jbsy-china.com\/wp-content\/uploads\/2025\/02\/\u4e3b\u63a8-\u9632\u76d7\u87ba\u6bcd_03-763x1024.jpg 763w, https:\/\/jbsy-china.com\/wp-content\/uploads\/2025\/02\/\u4e3b\u63a8-\u9632\u76d7\u87ba\u6bcd_03-768x1030.jpg 768w, https:\/\/jbsy-china.com\/wp-content\/uploads\/2025\/02\/\u4e3b\u63a8-\u9632\u76d7\u87ba\u6bcd_03-600x805.jpg 600w\" sizes=\"(max-width: 790px) 100vw, 790px\" \/> <img loading=\"lazy\" decoding=\"async\" class=\"alignnone size-full wp-image-31697\" src=\"http:\/\/jbsy-china.com\/wp-content\/uploads\/2025\/02\/\u4e3b\u63a8-\u9632\u76d7\u87ba\u6bcd_04.jpg\" alt=\"\" width=\"790\" height=\"850\" srcset=\"https:\/\/jbsy-china.com\/wp-content\/uploads\/2025\/02\/\u4e3b\u63a8-\u9632\u76d7\u87ba\u6bcd_04.jpg 790w, https:\/\/jbsy-china.com\/wp-content\/uploads\/2025\/02\/\u4e3b\u63a8-\u9632\u76d7\u87ba\u6bcd_04-279x300.jpg 279w, https:\/\/jbsy-china.com\/wp-content\/uploads\/2025\/02\/\u4e3b\u63a8-\u9632\u76d7\u87ba\u6bcd_04-768x826.jpg 768w, https:\/\/jbsy-china.com\/wp-content\/uploads\/2025\/02\/\u4e3b\u63a8-\u9632\u76d7\u87ba\u6bcd_04-600x646.jpg 600w\" sizes=\"(max-width: 790px) 100vw, 790px\" \/><\/p>\n<p><strong>Das Befestigen und \u00d6ffnen von Schrauben und Muttern ist nicht standardisiert, und die passende<\/strong><br \/>\n<strong>Zur L\u00f6sung der \u00d6ffnungs- und Befestigungsprobleme werden nicht genormte Werkzeuge verwendet. Im Allgemeinen werden andere<\/strong><br \/>\n<strong>Schraubenschl\u00fcssel k\u00f6nnen nicht eingesetzt werden. In der Erscheinung Design von Schrauben und Muttern, Nicht-Standard-Schlitzung,<\/strong><br \/>\n<strong>\u00f6ffnende oder f\u00fcnfeckige, siebeneckige, neuneckige oder speziell angefertigte entsprechende Nutwerkzeuge<\/strong><br \/>\n<strong>haben eine sehr gute Anti-Diebstahl-Wirkung gespielt<\/strong><\/p>\n<p><img loading=\"lazy\" decoding=\"async\" class=\"alignnone size-full wp-image-31699\" src=\"http:\/\/jbsy-china.com\/wp-content\/uploads\/2025\/02\/\u4e3b\u63a8-\u9632\u76d7\u87ba\u6bcd_06.jpg\" alt=\"\" width=\"790\" height=\"690\" srcset=\"https:\/\/jbsy-china.com\/wp-content\/uploads\/2025\/02\/\u4e3b\u63a8-\u9632\u76d7\u87ba\u6bcd_06.jpg 790w, https:\/\/jbsy-china.com\/wp-content\/uploads\/2025\/02\/\u4e3b\u63a8-\u9632\u76d7\u87ba\u6bcd_06-300x262.jpg 300w, https:\/\/jbsy-china.com\/wp-content\/uploads\/2025\/02\/\u4e3b\u63a8-\u9632\u76d7\u87ba\u6bcd_06-768x671.jpg 768w, https:\/\/jbsy-china.com\/wp-content\/uploads\/2025\/02\/\u4e3b\u63a8-\u9632\u76d7\u87ba\u6bcd_06-600x524.jpg 600w\" sizes=\"(max-width: 790px) 100vw, 790px\" \/><\/p>\n<p><strong>Das Kaltstauchverfahren ist eines der neuen Verfahren f\u00fcr die Druckbearbeitung mit weniger oder gar keiner Zerspanung<\/strong><br \/>\n<strong>Metall. Es handelt sich um eine Verarbeitungsmethode, die die plastische Verformung von Metall unter der Einwirkung von<\/strong><br \/>\n<strong>\u00e4u\u00dfere Kr\u00e4fte, und mit Hilfe von Formen wird das Metallvolumen umverteilt und in die Form gebracht<\/strong><br \/>\n<strong>die gew\u00fcnschten Teile oder Rohlinge. Das Kaltstauchverfahren ist am besten geeignet f\u00fcr die Herstellung von Standard<\/strong><br \/>\n<strong>Verbindungselemente wie Bolzen, Schrauben, Muttern, Nieten, Stifte usw.<\/strong><\/p>\n<p><img loading=\"lazy\" decoding=\"async\" class=\"alignnone size-full wp-image-31701\" src=\"http:\/\/jbsy-china.com\/wp-content\/uploads\/2025\/02\/\u4e3b\u63a8-\u9632\u76d7\u87ba\u6bcd_08.jpg\" alt=\"\" width=\"790\" height=\"590\" srcset=\"https:\/\/jbsy-china.com\/wp-content\/uploads\/2025\/02\/\u4e3b\u63a8-\u9632\u76d7\u87ba\u6bcd_08.jpg 790w, https:\/\/jbsy-china.com\/wp-content\/uploads\/2025\/02\/\u4e3b\u63a8-\u9632\u76d7\u87ba\u6bcd_08-300x224.jpg 300w, https:\/\/jbsy-china.com\/wp-content\/uploads\/2025\/02\/\u4e3b\u63a8-\u9632\u76d7\u87ba\u6bcd_08-768x574.jpg 768w, https:\/\/jbsy-china.com\/wp-content\/uploads\/2025\/02\/\u4e3b\u63a8-\u9632\u76d7\u87ba\u6bcd_08-600x448.jpg 600w\" sizes=\"(max-width: 790px) 100vw, 790px\" \/> <img loading=\"lazy\" decoding=\"async\" class=\"alignnone size-full wp-image-31702\" src=\"http:\/\/jbsy-china.com\/wp-content\/uploads\/2025\/02\/\u4e3b\u63a8-\u9632\u76d7\u87ba\u6bcd_09.jpg\" alt=\"\" width=\"790\" height=\"720\" srcset=\"https:\/\/jbsy-china.com\/wp-content\/uploads\/2025\/02\/\u4e3b\u63a8-\u9632\u76d7\u87ba\u6bcd_09.jpg 790w, https:\/\/jbsy-china.com\/wp-content\/uploads\/2025\/02\/\u4e3b\u63a8-\u9632\u76d7\u87ba\u6bcd_09-300x273.jpg 300w, https:\/\/jbsy-china.com\/wp-content\/uploads\/2025\/02\/\u4e3b\u63a8-\u9632\u76d7\u87ba\u6bcd_09-768x700.jpg 768w, https:\/\/jbsy-china.com\/wp-content\/uploads\/2025\/02\/\u4e3b\u63a8-\u9632\u76d7\u87ba\u6bcd_09-600x547.jpg 600w\" sizes=\"(max-width: 790px) 100vw, 790px\" \/><\/p>\n<h3><strong>304 Edelstahl Flansch <a href=\"https:\/\/jbsy-china.com\/de\/lock-nut\/\">Nuss<\/a> - Vollst\u00e4ndiger \u00dcberblick<\/strong><\/h3>\n<h4><strong>1. Definition und Zweck<\/strong><\/h4>\n<p class=\"ds-markdown-paragraph\">A\u00a0<strong>Flanschmutter aus Edelstahl 304<\/strong>\u00a0ist eine\u00a0<strong>Sechskantmutter mit integriertem Rundflansch<\/strong>\u00a0die wie eine eingebaute Waschmaschine funktioniert. Sie ist hergestellt aus\u00a0<strong>Typ 304 (A2) austenitischer rostfreier Stahl<\/strong>und bietet\u00a0<strong>Hervorragende Korrosionsbest\u00e4ndigkeit, Langlebigkeit und mittlere Festigkeit<\/strong>.<\/p>\n<p class=\"ds-markdown-paragraph\">Die\u00a0<strong>&#8220;304&#8221;<\/strong>\u00a0Bezeichnung bezieht sich auf seine\u00a0<strong>Materialzusammensetzung (18% Chrom, 8% Nickel)<\/strong>, w\u00e4hrend\u00a0<strong>\"Flansch\"<\/strong>\u00a0zeigt seine\u00a0<strong>breiter, lastverteilender Boden<\/strong>.<\/p>\n<hr \/>\n<h4><strong>2. Materialeigenschaften<\/strong><\/h4>\n<ul>\n<li>\n<p class=\"ds-markdown-paragraph\"><strong>Korrosionsbest\u00e4ndigkeit:<\/strong><\/p>\n<ul>\n<li>\n<p class=\"ds-markdown-paragraph\">Best\u00e4ndig gegen Rost, Oxidation und milde Chemikalien.<\/p>\n<\/li>\n<li>\n<p class=\"ds-markdown-paragraph\">Geeignet f\u00fcr\u00a0<strong>Lebensmittelverarbeitung, Schifffahrt und Au\u00dfenanwendungen<\/strong>\u00a0(aber nicht st\u00e4ndig Salzwasser ausgesetzt sein - 316\/A4 ist besser).<\/p>\n<\/li>\n<\/ul>\n<\/li>\n<li>\n<p class=\"ds-markdown-paragraph\"><strong>Nicht magnetisch (gr\u00f6\u00dftenteils):<\/strong><\/p>\n<ul>\n<li>\n<p class=\"ds-markdown-paragraph\">Im Allgemeinen\u00a0<strong>nicht-magnetisch<\/strong>\u00a0kann aber nach der Kaltverformung leicht magnetisch werden.<\/p>\n<\/li>\n<\/ul>\n<\/li>\n<\/ul>\n<hr \/>\n<h4><strong>5. Normen &amp; Einhaltung<\/strong><\/h4>\n<ul>\n<li>\n<p class=\"ds-markdown-paragraph\"><strong>ISO 3506<\/strong>\u00a0(Mechanische Eigenschaften von Verbindungselementen aus nichtrostendem Stahl).<\/p>\n<\/li>\n<li>\n<p class=\"ds-markdown-paragraph\"><strong>DIN 6923<\/strong>\u00a0(Metrische Kerbverzahnte Flanschmuttern).<\/p>\n<\/li>\n<li>\n<p class=\"ds-markdown-paragraph\"><strong>ASME B18.2.2<\/strong>\u00a0(Kaiserliche Flanschmuttern).<\/p>\n<\/li>\n<li>\n<p class=\"ds-markdown-paragraph\"><strong>FDA-Einhaltung<\/strong>\u00a0(F\u00fcr lebensmitteltaugliche Anwendungen).<\/p>\n<\/li>\n<\/ul>\n<hr \/>\n<h4><strong>8. Beschr\u00e4nkungen<\/strong><\/h4>\n<ul>\n<li>\n<p class=\"ds-markdown-paragraph\"><strong>Nicht f\u00fcr extreme Chloridbelastungen<\/strong>\u00a0(z. B. Eintauchen in Seewasser - w\u00e4hlen Sie stattdessen 316\/A4).<\/p>\n<\/li>\n<li>\n<p class=\"ds-markdown-paragraph\"><strong>Untere St\u00e4rke<\/strong>\u00a0als Muttern aus hochlegiertem Stahl.<\/p>\n<\/li>\n<li>\n<p class=\"ds-markdown-paragraph\"><strong>H\u00f6here Kosten<\/strong>\u00a0als verzinkte Muttern oder Muttern aus Kohlenstoffstahl.<\/p>\n<\/li>\n<\/ul>\n<hr \/>\n<h3><strong>Schlussfolgerung<\/strong><\/h3>\n<p class=\"ds-markdown-paragraph\">Die\u00a0<strong>Flanschmutter aus Edelstahl 304<\/strong>\u00a0ist eine\u00a0<strong>vielseitiges, korrosionsbest\u00e4ndiges Befestigungselement<\/strong>\u00a0ideal f\u00fcr\u00a0<strong>mittelstarke Anwendungen<\/strong>\u00a0wo Rostschutz und Vibrationsbest\u00e4ndigkeit entscheidend sind. Es wird h\u00e4ufig verwendet in\u00a0<strong>Automobilindustrie, Bauwesen, Lebensmittelverarbeitung und Sanit\u00e4rtechnik<\/strong>.<\/p>\n<p class=\"ds-markdown-paragraph\">F\u00fcr\u00a0<strong>rauere Umgebungen (z. B. Meerwasser, S\u00e4uren)<\/strong>betrachten\u00a0<strong>Flanschmuttern aus Edelstahl 316\/A4<\/strong>.<\/p>","protected":false},"excerpt":{"rendered":"<h6><strong>Wichtige Materialeigenschaften:<\/strong><\/h6>\n<ul>\n<li class=\"ds-markdown-paragraph\">\u00a0<strong>Ausgezeichnete Korrosionsbest\u00e4ndigkeit<\/strong>\u00a0- Best\u00e4ndig gegen Rost, Oxidation und milde Chemikalien.<\/li>\n<li class=\"ds-markdown-paragraph\">\u00a0<strong>Gute Festigkeit und Langlebigkeit<\/strong>\u00a0- Zugfestigkeit ~\u00a0<strong>515 MPa (75.000 psi)<\/strong>.<\/li>\n<li class=\"ds-markdown-paragraph\">\u00a0<strong>Nichtmagnetisch (gegl\u00fchter Zustand)<\/strong>\u00a0- Wird leicht magnetisch, wenn es kalt bearbeitet wird.<\/li>\n<\/ul>","protected":false},"featured_media":33372,"comment_status":"open","ping_status":"closed","template":"","meta":{"site-sidebar-layout":"default","site-content-layout":"","ast-site-content-layout":"default","site-content-style":"default","site-sidebar-style":"default","ast-global-header-display":"","ast-banner-title-visibility":"","ast-main-header-display":"","ast-hfb-above-header-display":"","ast-hfb-below-header-display":"","ast-hfb-mobile-header-display":"","site-post-title":"","ast-breadcrumbs-content":"","ast-featured-img":"","footer-sml-layout":"","ast-disable-related-posts":"","theme-transparent-header-meta":"default","adv-header-id-meta":"","stick-header-meta":"default","header-above-stick-meta":"","header-main-stick-meta":"","header-below-stick-meta":"","astra-migrate-meta-layouts":"set","ast-page-background-enabled":"default","ast-page-background-meta":{"desktop":{"background-color":"var(--ast-global-color-4)","background-image":"","background-repeat":"repeat","background-position":"center center","background-size":"auto","background-attachment":"scroll","background-type":"","background-media":"","overlay-type":"","overlay-color":"","overlay-opacity":"","overlay-gradient":""},"tablet":{"background-color":"","background-image":"","background-repeat":"repeat","background-position":"center center","background-size":"auto","background-attachment":"scroll","background-type":"","background-media":"","overlay-type":"","overlay-color":"","overlay-opacity":"","overlay-gradient":""},"mobile":{"background-color":"","background-image":"","background-repeat":"repeat","background-position":"center center","background-size":"auto","background-attachment":"scroll","background-type":"","background-media":"","overlay-type":"","overlay-color":"","overlay-opacity":"","overlay-gradient":""}},"ast-content-background-meta":{"desktop":{"background-color":"var(--ast-global-color-5)","background-image":"","background-repeat":"repeat","background-position":"center center","background-size":"auto","background-attachment":"scroll","background-type":"","background-media":"","overlay-type":"","overlay-color":"","overlay-opacity":"","overlay-gradient":""},"tablet":{"background-color":"var(--ast-global-color-5)","background-image":"","background-repeat":"repeat","background-position":"center center","background-size":"auto","background-attachment":"scroll","background-type":"","background-media":"","overlay-type":"","overlay-color":"","overlay-opacity":"","overlay-gradient":""},"mobile":{"background-color":"var(--ast-global-color-5)","background-image":"","background-repeat":"repeat","background-position":"center center","background-size":"auto","background-attachment":"scroll","background-type":"","background-media":"","overlay-type":"","overlay-color":"","overlay-opacity":"","overlay-gradient":""}},"_themeisle_gutenberg_block_has_review":false,"_ti_tpc_template_sync":false,"_ti_tpc_template_id":""},"product_brand":[],"product_cat":[1274],"product_tag":[],"class_list":{"0":"post-33401","1":"product","2":"type-product","3":"status-publish","4":"has-post-thumbnail","6":"product_cat-lock-nut","7":"desktop-align-left","8":"tablet-align-left","9":"mobile-align-left","10":"ast-product-gallery-layout-horizontal-slider","11":"ast-product-tabs-layout-horizontal","12":"ast-qv-on-image","14":"first","15":"instock","16":"shipping-taxable","17":"product-type-simple"},"yoast_head":"<!-- This site is optimized with the Yoast SEO Premium plugin v21.7 (Yoast SEO v25.7) - https:\/\/yoast.com\/wordpress\/plugins\/seo\/ -->\n<title>304 stainless steel flange nut - Jingbang Industrial<\/title>\n<meta name=\"description\" content=\"304 stainless steel flange nut is a hexagonal nut with a built-in round flange, which has excellent corrosion resistance and durability and medium strength.\" \/>\n<meta name=\"robots\" content=\"index, follow, max-snippet:-1, max-image-preview:large, max-video-preview:-1\" \/>\n<link rel=\"canonical\" href=\"https:\/\/jbsy-china.com\/de\/produkt\/304-stainless-steel-flange-nut\/\" \/>\n<meta property=\"og:locale\" content=\"de_DE\" \/>\n<meta property=\"og:type\" content=\"article\" \/>\n<meta property=\"og:title\" content=\"304 stainless steel flange nut\" \/>\n<meta property=\"og:description\" content=\"304 stainless steel flange nut is a hexagonal nut with a built-in round flange, which has excellent corrosion resistance and durability and medium strength.\" \/>\n<meta property=\"og:url\" content=\"https:\/\/jbsy-china.com\/de\/produkt\/304-stainless-steel-flange-nut\/\" \/>\n<meta property=\"og:site_name\" content=\"Jingbang Industrial\" \/>\n<meta property=\"article:modified_time\" content=\"2025-07-08T09:05:16+00:00\" \/>\n<meta property=\"og:image\" content=\"http:\/\/jbsy-china.com\/wp-content\/uploads\/2025\/05\/304\u4e0d\u9508\u94a2\u6cd5\u5170\u9501\u7d27\u87ba\u6bcd.jpg\" \/>\n\t<meta property=\"og:image:width\" content=\"800\" \/>\n\t<meta property=\"og:image:height\" content=\"800\" \/>\n\t<meta property=\"og:image:type\" content=\"image\/jpeg\" \/>\n<meta name=\"twitter:card\" content=\"summary_large_image\" \/>\n<meta name=\"twitter:label1\" content=\"Gesch\u00e4tzte Lesezeit\" \/>\n\t<meta name=\"twitter:data1\" content=\"4\u00a0Minuten\" \/>\n<script type=\"application\/ld+json\" class=\"yoast-schema-graph\">{\"@context\":\"https:\/\/schema.org\",\"@graph\":[{\"@type\":\"WebPage\",\"@id\":\"https:\/\/jbsy-china.com\/product\/304-stainless-steel-flange-nut\/\",\"url\":\"https:\/\/jbsy-china.com\/product\/304-stainless-steel-flange-nut\/\",\"name\":\"304 stainless steel flange nut - Jingbang Industrial\",\"isPartOf\":{\"@id\":\"https:\/\/jbsy-china.com\/#website\"},\"primaryImageOfPage\":{\"@id\":\"https:\/\/jbsy-china.com\/product\/304-stainless-steel-flange-nut\/#primaryimage\"},\"image\":{\"@id\":\"https:\/\/jbsy-china.com\/product\/304-stainless-steel-flange-nut\/#primaryimage\"},\"thumbnailUrl\":\"https:\/\/jbsy-china.com\/wp-content\/uploads\/2025\/05\/304\u4e0d\u9508\u94a2\u6cd5\u5170\u9501\u7d27\u87ba\u6bcd.jpg\",\"datePublished\":\"2025-05-12T10:03:34+00:00\",\"dateModified\":\"2025-07-08T09:05:16+00:00\",\"description\":\"304 stainless steel flange nut is a hexagonal nut with a built-in round flange, which has excellent corrosion resistance and durability and medium strength.\",\"breadcrumb\":{\"@id\":\"https:\/\/jbsy-china.com\/product\/304-stainless-steel-flange-nut\/#breadcrumb\"},\"inLanguage\":\"de\",\"potentialAction\":[{\"@type\":\"ReadAction\",\"target\":[\"https:\/\/jbsy-china.com\/product\/304-stainless-steel-flange-nut\/\"]}]},{\"@type\":\"ImageObject\",\"inLanguage\":\"de\",\"@id\":\"https:\/\/jbsy-china.com\/product\/304-stainless-steel-flange-nut\/#primaryimage\",\"url\":\"https:\/\/jbsy-china.com\/wp-content\/uploads\/2025\/05\/304\u4e0d\u9508\u94a2\u6cd5\u5170\u9501\u7d27\u87ba\u6bcd.jpg\",\"contentUrl\":\"https:\/\/jbsy-china.com\/wp-content\/uploads\/2025\/05\/304\u4e0d\u9508\u94a2\u6cd5\u5170\u9501\u7d27\u87ba\u6bcd.jpg\",\"width\":800,\"height\":800},{\"@type\":\"BreadcrumbList\",\"@id\":\"https:\/\/jbsy-china.com\/product\/304-stainless-steel-flange-nut\/#breadcrumb\",\"itemListElement\":[{\"@type\":\"ListItem\",\"position\":1,\"name\":\"Home\",\"item\":\"https:\/\/jbsy-china.com\/\"},{\"@type\":\"ListItem\",\"position\":2,\"name\":\"Products\",\"item\":\"https:\/\/jbsy-china.com\/shop\/\"},{\"@type\":\"ListItem\",\"position\":3,\"name\":\"304 stainless steel flange nut\"}]},{\"@type\":\"WebSite\",\"@id\":\"https:\/\/jbsy-china.com\/#website\",\"url\":\"https:\/\/jbsy-china.com\/\",\"name\":\"Jingbang Industrial\",\"description\":\"Hardware and electronics manufacturer\",\"publisher\":{\"@id\":\"https:\/\/jbsy-china.com\/#organization\"},\"potentialAction\":[{\"@type\":\"SearchAction\",\"target\":{\"@type\":\"EntryPoint\",\"urlTemplate\":\"https:\/\/jbsy-china.com\/?s={search_term_string}\"},\"query-input\":{\"@type\":\"PropertyValueSpecification\",\"valueRequired\":true,\"valueName\":\"search_term_string\"}}],\"inLanguage\":\"de\"},{\"@type\":\"Organization\",\"@id\":\"https:\/\/jbsy-china.com\/#organization\",\"name\":\"Jingbang Industrial\",\"url\":\"https:\/\/jbsy-china.com\/\",\"logo\":{\"@type\":\"ImageObject\",\"inLanguage\":\"de\",\"@id\":\"https:\/\/jbsy-china.com\/#\/schema\/logo\/image\/\",\"url\":\"https:\/\/jbsy-china.com\/wp-content\/uploads\/2023\/11\/cropped-\u56fe\u5c42-1.png\",\"contentUrl\":\"https:\/\/jbsy-china.com\/wp-content\/uploads\/2023\/11\/cropped-\u56fe\u5c42-1.png\",\"width\":1049,\"height\":739,\"caption\":\"Jingbang Industrial\"},\"image\":{\"@id\":\"https:\/\/jbsy-china.com\/#\/schema\/logo\/image\/\"}}]}<\/script>\n<!-- \/ Yoast SEO Premium plugin. -->","yoast_head_json":{"title":"304 stainless steel flange nut - Jingbang Industrial","description":"304 stainless steel flange nut is a hexagonal nut with a built-in round flange, which has excellent corrosion resistance and durability and medium strength.","robots":{"index":"index","follow":"follow","max-snippet":"max-snippet:-1","max-image-preview":"max-image-preview:large","max-video-preview":"max-video-preview:-1"},"canonical":"https:\/\/jbsy-china.com\/de\/produkt\/304-stainless-steel-flange-nut\/","og_locale":"de_DE","og_type":"article","og_title":"304 stainless steel flange nut","og_description":"304 stainless steel flange nut is a hexagonal nut with a built-in round flange, which has excellent corrosion resistance and durability and medium strength.","og_url":"https:\/\/jbsy-china.com\/de\/produkt\/304-stainless-steel-flange-nut\/","og_site_name":"Jingbang Industrial","article_modified_time":"2025-07-08T09:05:16+00:00","og_image":[{"width":800,"height":800,"url":"http:\/\/jbsy-china.com\/wp-content\/uploads\/2025\/05\/304\u4e0d\u9508\u94a2\u6cd5\u5170\u9501\u7d27\u87ba\u6bcd.jpg","type":"image\/jpeg"}],"twitter_card":"summary_large_image","twitter_misc":{"Gesch\u00e4tzte Lesezeit":"4\u00a0Minuten"},"schema":{"@context":"https:\/\/schema.org","@graph":[{"@type":"WebPage","@id":"https:\/\/jbsy-china.com\/product\/304-stainless-steel-flange-nut\/","url":"https:\/\/jbsy-china.com\/product\/304-stainless-steel-flange-nut\/","name":"304 stainless steel flange nut - Jingbang Industrial","isPartOf":{"@id":"https:\/\/jbsy-china.com\/#website"},"primaryImageOfPage":{"@id":"https:\/\/jbsy-china.com\/product\/304-stainless-steel-flange-nut\/#primaryimage"},"image":{"@id":"https:\/\/jbsy-china.com\/product\/304-stainless-steel-flange-nut\/#primaryimage"},"thumbnailUrl":"https:\/\/jbsy-china.com\/wp-content\/uploads\/2025\/05\/304\u4e0d\u9508\u94a2\u6cd5\u5170\u9501\u7d27\u87ba\u6bcd.jpg","datePublished":"2025-05-12T10:03:34+00:00","dateModified":"2025-07-08T09:05:16+00:00","description":"304 stainless steel flange nut is a hexagonal nut with a built-in round flange, which has excellent corrosion resistance and durability and medium strength.","breadcrumb":{"@id":"https:\/\/jbsy-china.com\/product\/304-stainless-steel-flange-nut\/#breadcrumb"},"inLanguage":"de","potentialAction":[{"@type":"ReadAction","target":["https:\/\/jbsy-china.com\/product\/304-stainless-steel-flange-nut\/"]}]},{"@type":"ImageObject","inLanguage":"de","@id":"https:\/\/jbsy-china.com\/product\/304-stainless-steel-flange-nut\/#primaryimage","url":"https:\/\/jbsy-china.com\/wp-content\/uploads\/2025\/05\/304\u4e0d\u9508\u94a2\u6cd5\u5170\u9501\u7d27\u87ba\u6bcd.jpg","contentUrl":"https:\/\/jbsy-china.com\/wp-content\/uploads\/2025\/05\/304\u4e0d\u9508\u94a2\u6cd5\u5170\u9501\u7d27\u87ba\u6bcd.jpg","width":800,"height":800},{"@type":"BreadcrumbList","@id":"https:\/\/jbsy-china.com\/product\/304-stainless-steel-flange-nut\/#breadcrumb","itemListElement":[{"@type":"ListItem","position":1,"name":"Home","item":"https:\/\/jbsy-china.com\/"},{"@type":"ListItem","position":2,"name":"Products","item":"https:\/\/jbsy-china.com\/shop\/"},{"@type":"ListItem","position":3,"name":"304 stainless steel flange nut"}]},{"@type":"WebSite","@id":"https:\/\/jbsy-china.com\/#website","url":"https:\/\/jbsy-china.com\/","name":"Jingbang Industrie","description":"Hersteller von Hardware und Elektronik","publisher":{"@id":"https:\/\/jbsy-china.com\/#organization"},"potentialAction":[{"@type":"SearchAction","target":{"@type":"EntryPoint","urlTemplate":"https:\/\/jbsy-china.com\/?s={search_term_string}"},"query-input":{"@type":"PropertyValueSpecification","valueRequired":true,"valueName":"search_term_string"}}],"inLanguage":"de"},{"@type":"Organization","@id":"https:\/\/jbsy-china.com\/#organization","name":"Jingbang Industrie","url":"https:\/\/jbsy-china.com\/","logo":{"@type":"ImageObject","inLanguage":"de","@id":"https:\/\/jbsy-china.com\/#\/schema\/logo\/image\/","url":"https:\/\/jbsy-china.com\/wp-content\/uploads\/2023\/11\/cropped-\u56fe\u5c42-1.png","contentUrl":"https:\/\/jbsy-china.com\/wp-content\/uploads\/2023\/11\/cropped-\u56fe\u5c42-1.png","width":1049,"height":739,"caption":"Jingbang Industrial"},"image":{"@id":"https:\/\/jbsy-china.com\/#\/schema\/logo\/image\/"}}]}},"_links":{"self":[{"href":"https:\/\/jbsy-china.com\/de\/wp-json\/wp\/v2\/product\/33401","targetHints":{"allow":["GET"]}}],"collection":[{"href":"https:\/\/jbsy-china.com\/de\/wp-json\/wp\/v2\/product"}],"about":[{"href":"https:\/\/jbsy-china.com\/de\/wp-json\/wp\/v2\/types\/product"}],"replies":[{"embeddable":true,"href":"https:\/\/jbsy-china.com\/de\/wp-json\/wp\/v2\/comments?post=33401"}],"wp:featuredmedia":[{"embeddable":true,"href":"https:\/\/jbsy-china.com\/de\/wp-json\/wp\/v2\/media\/33372"}],"wp:attachment":[{"href":"https:\/\/jbsy-china.com\/de\/wp-json\/wp\/v2\/media?parent=33401"}],"wp:term":[{"taxonomy":"product_brand","embeddable":true,"href":"https:\/\/jbsy-china.com\/de\/wp-json\/wp\/v2\/product_brand?post=33401"},{"taxonomy":"product_cat","embeddable":true,"href":"https:\/\/jbsy-china.com\/de\/wp-json\/wp\/v2\/product_cat?post=33401"},{"taxonomy":"product_tag","embeddable":true,"href":"https:\/\/jbsy-china.com\/de\/wp-json\/wp\/v2\/product_tag?post=33401"}],"curies":[{"name":"wp","href":"https:\/\/api.w.org\/{rel}","templated":true}]}}