{"id":33421,"date":"2025-05-16T05:54:54","date_gmt":"2025-05-16T05:54:54","guid":{"rendered":"https:\/\/jbsy-china.com\/?post_type=product&#038;p=33421"},"modified":"2025-07-08T08:24:21","modified_gmt":"2025-07-08T08:24:21","slug":"aluminum-nylon-lock-nut","status":"publish","type":"product","link":"https:\/\/jbsy-china.com\/de\/produkt\/aluminum-nylon-lock-nut\/","title":{"rendered":"Aluminium Nylon Sicherungsmutter"},"content":{"rendered":"<p><img fetchpriority=\"high\" decoding=\"async\" class=\"alignnone size-full wp-image-31694\" src=\"http:\/\/jbsy-china.com\/wp-content\/uploads\/2025\/02\/\u4e3b\u63a8-\u9632\u76d7\u87ba\u6bcd_01.jpg\" alt=\"\" width=\"790\" height=\"1330\" srcset=\"https:\/\/jbsy-china.com\/wp-content\/uploads\/2025\/02\/\u4e3b\u63a8-\u9632\u76d7\u87ba\u6bcd_01.jpg 790w, https:\/\/jbsy-china.com\/wp-content\/uploads\/2025\/02\/\u4e3b\u63a8-\u9632\u76d7\u87ba\u6bcd_01-178x300.jpg 178w, https:\/\/jbsy-china.com\/wp-content\/uploads\/2025\/02\/\u4e3b\u63a8-\u9632\u76d7\u87ba\u6bcd_01-608x1024.jpg 608w, https:\/\/jbsy-china.com\/wp-content\/uploads\/2025\/02\/\u4e3b\u63a8-\u9632\u76d7\u87ba\u6bcd_01-768x1293.jpg 768w, https:\/\/jbsy-china.com\/wp-content\/uploads\/2025\/02\/\u4e3b\u63a8-\u9632\u76d7\u87ba\u6bcd_01-600x1010.jpg 600w\" sizes=\"(max-width: 790px) 100vw, 790px\" \/> <img decoding=\"async\" class=\"alignnone size-full wp-image-31695\" src=\"http:\/\/jbsy-china.com\/wp-content\/uploads\/2025\/02\/\u4e3b\u63a8-\u9632\u76d7\u87ba\u6bcd_02.jpg\" alt=\"\" width=\"790\" height=\"930\" srcset=\"https:\/\/jbsy-china.com\/wp-content\/uploads\/2025\/02\/\u4e3b\u63a8-\u9632\u76d7\u87ba\u6bcd_02.jpg 790w, https:\/\/jbsy-china.com\/wp-content\/uploads\/2025\/02\/\u4e3b\u63a8-\u9632\u76d7\u87ba\u6bcd_02-255x300.jpg 255w, https:\/\/jbsy-china.com\/wp-content\/uploads\/2025\/02\/\u4e3b\u63a8-\u9632\u76d7\u87ba\u6bcd_02-768x904.jpg 768w, https:\/\/jbsy-china.com\/wp-content\/uploads\/2025\/02\/\u4e3b\u63a8-\u9632\u76d7\u87ba\u6bcd_02-600x706.jpg 600w\" sizes=\"(max-width: 790px) 100vw, 790px\" \/> <img decoding=\"async\" class=\"alignnone size-full wp-image-31696\" src=\"http:\/\/jbsy-china.com\/wp-content\/uploads\/2025\/02\/\u4e3b\u63a8-\u9632\u76d7\u87ba\u6bcd_03.jpg\" alt=\"\" width=\"790\" height=\"1060\" srcset=\"https:\/\/jbsy-china.com\/wp-content\/uploads\/2025\/02\/\u4e3b\u63a8-\u9632\u76d7\u87ba\u6bcd_03.jpg 790w, https:\/\/jbsy-china.com\/wp-content\/uploads\/2025\/02\/\u4e3b\u63a8-\u9632\u76d7\u87ba\u6bcd_03-224x300.jpg 224w, https:\/\/jbsy-china.com\/wp-content\/uploads\/2025\/02\/\u4e3b\u63a8-\u9632\u76d7\u87ba\u6bcd_03-763x1024.jpg 763w, https:\/\/jbsy-china.com\/wp-content\/uploads\/2025\/02\/\u4e3b\u63a8-\u9632\u76d7\u87ba\u6bcd_03-768x1030.jpg 768w, https:\/\/jbsy-china.com\/wp-content\/uploads\/2025\/02\/\u4e3b\u63a8-\u9632\u76d7\u87ba\u6bcd_03-600x805.jpg 600w\" sizes=\"(max-width: 790px) 100vw, 790px\" \/> <img loading=\"lazy\" decoding=\"async\" class=\"alignnone size-full wp-image-31697\" src=\"http:\/\/jbsy-china.com\/wp-content\/uploads\/2025\/02\/\u4e3b\u63a8-\u9632\u76d7\u87ba\u6bcd_04.jpg\" alt=\"\" width=\"790\" height=\"850\" srcset=\"https:\/\/jbsy-china.com\/wp-content\/uploads\/2025\/02\/\u4e3b\u63a8-\u9632\u76d7\u87ba\u6bcd_04.jpg 790w, https:\/\/jbsy-china.com\/wp-content\/uploads\/2025\/02\/\u4e3b\u63a8-\u9632\u76d7\u87ba\u6bcd_04-279x300.jpg 279w, https:\/\/jbsy-china.com\/wp-content\/uploads\/2025\/02\/\u4e3b\u63a8-\u9632\u76d7\u87ba\u6bcd_04-768x826.jpg 768w, https:\/\/jbsy-china.com\/wp-content\/uploads\/2025\/02\/\u4e3b\u63a8-\u9632\u76d7\u87ba\u6bcd_04-600x646.jpg 600w\" sizes=\"(max-width: 790px) 100vw, 790px\" \/><\/p>\n<p><strong>Das Befestigen und \u00d6ffnen von Schrauben und Muttern ist nicht standardisiert, und die passende<\/strong><br \/>\n<strong>Zur L\u00f6sung der \u00d6ffnungs- und Befestigungsprobleme werden nicht genormte Werkzeuge verwendet. Im Allgemeinen werden andere<\/strong><br \/>\n<strong>Schraubenschl\u00fcssel k\u00f6nnen nicht eingesetzt werden. In der Erscheinung Design von Schrauben und Muttern, Nicht-Standard-Schlitzung,<\/strong><br \/>\n<strong>\u00f6ffnende oder f\u00fcnfeckige, siebeneckige, neuneckige oder speziell angefertigte entsprechende Nutwerkzeuge<\/strong><br \/>\n<strong>haben eine sehr gute Anti-Diebstahl-Wirkung gespielt<\/strong><\/p>\n<p><img loading=\"lazy\" decoding=\"async\" class=\"alignnone size-full wp-image-31699\" src=\"http:\/\/jbsy-china.com\/wp-content\/uploads\/2025\/02\/\u4e3b\u63a8-\u9632\u76d7\u87ba\u6bcd_06.jpg\" alt=\"\" width=\"790\" height=\"690\" srcset=\"https:\/\/jbsy-china.com\/wp-content\/uploads\/2025\/02\/\u4e3b\u63a8-\u9632\u76d7\u87ba\u6bcd_06.jpg 790w, https:\/\/jbsy-china.com\/wp-content\/uploads\/2025\/02\/\u4e3b\u63a8-\u9632\u76d7\u87ba\u6bcd_06-300x262.jpg 300w, https:\/\/jbsy-china.com\/wp-content\/uploads\/2025\/02\/\u4e3b\u63a8-\u9632\u76d7\u87ba\u6bcd_06-768x671.jpg 768w, https:\/\/jbsy-china.com\/wp-content\/uploads\/2025\/02\/\u4e3b\u63a8-\u9632\u76d7\u87ba\u6bcd_06-600x524.jpg 600w\" sizes=\"(max-width: 790px) 100vw, 790px\" \/><\/p>\n<p><strong>Das Kaltstauchverfahren ist eines der neuen Verfahren f\u00fcr die Druckbearbeitung mit weniger oder gar keiner Zerspanung<\/strong><br \/>\n<strong>Metall. Es handelt sich um eine Verarbeitungsmethode, die die plastische Verformung von Metall unter der Einwirkung von<\/strong><br \/>\n<strong>\u00e4u\u00dfere Kr\u00e4fte, und mit Hilfe von Formen wird das Metallvolumen umverteilt und in die Form gebracht<\/strong><br \/>\n<strong>die gew\u00fcnschten Teile oder Rohlinge. Das Kaltstauchverfahren ist am besten geeignet f\u00fcr die Herstellung von Standard<\/strong><br \/>\n<strong>Verbindungselemente wie Bolzen, Schrauben, Muttern, Nieten, Stifte usw.<\/strong><\/p>\n<p><img loading=\"lazy\" decoding=\"async\" class=\"alignnone size-full wp-image-31701\" src=\"http:\/\/jbsy-china.com\/wp-content\/uploads\/2025\/02\/\u4e3b\u63a8-\u9632\u76d7\u87ba\u6bcd_08.jpg\" alt=\"\" width=\"790\" height=\"590\" srcset=\"https:\/\/jbsy-china.com\/wp-content\/uploads\/2025\/02\/\u4e3b\u63a8-\u9632\u76d7\u87ba\u6bcd_08.jpg 790w, https:\/\/jbsy-china.com\/wp-content\/uploads\/2025\/02\/\u4e3b\u63a8-\u9632\u76d7\u87ba\u6bcd_08-300x224.jpg 300w, https:\/\/jbsy-china.com\/wp-content\/uploads\/2025\/02\/\u4e3b\u63a8-\u9632\u76d7\u87ba\u6bcd_08-768x574.jpg 768w, https:\/\/jbsy-china.com\/wp-content\/uploads\/2025\/02\/\u4e3b\u63a8-\u9632\u76d7\u87ba\u6bcd_08-600x448.jpg 600w\" sizes=\"(max-width: 790px) 100vw, 790px\" \/> <img loading=\"lazy\" decoding=\"async\" class=\"alignnone size-full wp-image-31702\" src=\"http:\/\/jbsy-china.com\/wp-content\/uploads\/2025\/02\/\u4e3b\u63a8-\u9632\u76d7\u87ba\u6bcd_09.jpg\" alt=\"\" width=\"790\" height=\"720\" srcset=\"https:\/\/jbsy-china.com\/wp-content\/uploads\/2025\/02\/\u4e3b\u63a8-\u9632\u76d7\u87ba\u6bcd_09.jpg 790w, https:\/\/jbsy-china.com\/wp-content\/uploads\/2025\/02\/\u4e3b\u63a8-\u9632\u76d7\u87ba\u6bcd_09-300x273.jpg 300w, https:\/\/jbsy-china.com\/wp-content\/uploads\/2025\/02\/\u4e3b\u63a8-\u9632\u76d7\u87ba\u6bcd_09-768x700.jpg 768w, https:\/\/jbsy-china.com\/wp-content\/uploads\/2025\/02\/\u4e3b\u63a8-\u9632\u76d7\u87ba\u6bcd_09-600x547.jpg 600w\" sizes=\"(max-width: 790px) 100vw, 790px\" \/><\/p>\n<h3><strong>Nylon-Sicherungsmutter aus Aluminiumlegierung - Detaillierte Beschreibung<\/strong><\/h3>\n<p class=\"ds-markdown-paragraph\">Eine\u00a0<strong>Aluminiumlegierung, Nylon <a href=\"https:\/\/jbsy-china.com\/de\/lock-nut\/\">Kontermutter<\/a><\/strong>\u00a0ist ein leichtes, vibrationsbest\u00e4ndiges Befestigungselement, das die Festigkeit und Korrosionsbest\u00e4ndigkeit von Aluminium mit der Sicherungsf\u00e4higkeit eines Nyloneinsatzes kombiniert. Diese Muttern werden h\u00e4ufig in Anwendungen eingesetzt, bei denen Gewichtseinsparungen, Lockerungsbest\u00e4ndigkeit und ein moderater Umweltschutz erforderlich sind.<\/p>\n<hr \/>\n<h2><strong>1. Materialzusammensetzung<\/strong><\/h2>\n<h3><strong>Grundmaterial:<\/strong><\/h3>\n<ul>\n<li>\n<p class=\"ds-markdown-paragraph\"><strong>Aluminium-Legierung<\/strong>\u00a0(typischerweise\u00a0<strong>6061-T6<\/strong>\u00a0oder\u00a0<strong>7075-T6<\/strong>)<\/p>\n<ul>\n<li>\n<p class=\"ds-markdown-paragraph\"><strong>6061-T6<\/strong>: Gute Festigkeit, Korrosionsbest\u00e4ndigkeit und Schwei\u00dfbarkeit (allgemeine Verwendung).<\/p>\n<\/li>\n<li>\n<p class=\"ds-markdown-paragraph\"><strong>7075-T6<\/strong>: H\u00f6here Festigkeit (nahe dem Stahlniveau), aber weniger korrosionsbest\u00e4ndig (Verwendung in der Luft- und Raumfahrt\/Milit\u00e4r).<\/p>\n<\/li>\n<\/ul>\n<\/li>\n<\/ul>\n<h3><strong>Verriegelungsmechanismus:<\/strong><\/h3>\n<ul>\n<li>\n<p class=\"ds-markdown-paragraph\"><strong>Nyloneinsatz (PA66 oder gleichwertig)<\/strong>\u00a0- Ein Nylonring, der am oberen Ende der Mutter eingebettet ist und Reibung gegen das Schraubengewinde erzeugt, um ein L\u00f6sen durch Vibration zu verhindern.<\/p>\n<ul>\n<li>\n<p class=\"ds-markdown-paragraph\">Temperaturbest\u00e4ndigkeit:\u00a0<strong>-40\u00b0C bis +120\u00b0C (-40\u00b0F bis +250\u00b0F)<\/strong>\u00a0(kann sich bei h\u00f6heren Temperaturen abbauen).<\/p>\n<\/li>\n<li>\n<p class=\"ds-markdown-paragraph\">Chemisch best\u00e4ndig gegen \u00d6le, Kraftstoffe und L\u00f6sungsmittel (jedoch nicht gegen starke S\u00e4uren\/Basen).<\/p>\n<\/li>\n<\/ul>\n<\/li>\n<\/ul>\n<hr \/>\n<h2><strong>2. Wesentliche Merkmale und Vorteile<\/strong><\/h2>\n<p class=\"ds-markdown-paragraph\">\u2714\u00a0<strong>Leichtgewicht<\/strong>\u00a0- Bis zu\u00a0<strong>65% Leichter als Stahlmuttern<\/strong>ideal f\u00fcr die Luft- und Raumfahrt, die Automobilindustrie und die Elektronik.<br \/>\n\u2714\u00a0<strong>Wiederverwendbar (bis zu einem gewissen Grad)<\/strong>\u00a0- Kann ein paar Mal wiederverwendet werden, bevor das Nylon abgenutzt ist.<\/p>\n<hr \/>\n<h2><strong>7. Tipps zu Installation und Wartung<\/strong><\/h2>\n<ul>\n<li>\n<p class=\"ds-markdown-paragraph\"><strong>Verwendung mit Anti-Seize<\/strong>\u00a0- Verhindert das Festfressen von Aluminiumgewinden.<\/p>\n<\/li>\n<li>\n<p class=\"ds-markdown-paragraph\"><strong>Vermeiden Sie \u00fcberm\u00e4\u00dfiges Anziehen<\/strong>\u00a0- Kann Aluminiumgewinde abl\u00f6sen oder den Nyloneinsatz zerdr\u00fccken.<\/p>\n<\/li>\n<li>\n<p class=\"ds-markdown-paragraph\"><strong>Zustand von Nylon pr\u00fcfen<\/strong>\u00a0- Wenn der Einsatz gerissen oder lose ist, ersetzen Sie die Mutter.<\/p>\n<\/li>\n<li>\n<p class=\"ds-markdown-paragraph\"><strong>F\u00fcr den Einsatz bei hohen Temperaturen<\/strong>\u00a0- Ber\u00fccksichtigen\u00a0<strong>Ganzmetallsicherungsmuttern<\/strong>\u00a0(z. B. Aluminium mit einem verformten Gewinde).<\/p>\n<\/li>\n<\/ul>\n<hr \/>\n<h3><strong>Schlussfolgerung<\/strong><\/h3>\n<p class=\"ds-markdown-paragraph\">Eine\u00a0<strong>Sicherungsmutter aus Aluminiumlegierung und Nylon<\/strong>\u00a0ist eine ausgezeichnete Wahl f\u00fcr leichte, vibrationsbest\u00e4ndige Anwendungen, bei denen Korrosionsbest\u00e4ndigkeit erforderlich ist. Er ist zwar nicht so stark wie Stahl, bietet aber einen zuverl\u00e4ssigen Verriegelungsmechanismus f\u00fcr Umgebungen mit mittlerer Belastung.<\/p>","protected":false},"excerpt":{"rendered":"<h6><strong>Hauptmerkmale und Vorteile<\/strong><\/h6>\n<ul>\n<li class=\"ds-markdown-paragraph\">\u00a0<strong>Leichtgewicht<\/strong>\u00a0- Bis zu\u00a0<strong>65% Leichter als Stahlmuttern<\/strong>ideal f\u00fcr die Luft- und Raumfahrt, die Automobilindustrie und die Elektronik.<\/li>\n<li class=\"ds-markdown-paragraph\">\u00a0<strong>Vibrationsbest\u00e4ndigkeit<\/strong>\u00a0- Der Nyloneinsatz sorgt f\u00fcr eine starke Verriegelungskraft und verhindert ein Selbstlockern.<\/li>\n<li class=\"ds-markdown-paragraph\">\u00a0<strong>Korrosionsbest\u00e4ndigkeit<\/strong>\u00a0- Aluminium ist von Natur aus rostbest\u00e4ndig; einige Versionen haben m\u00f6glicherweise\u00a0<strong>Eloxal oder Beschichtungen<\/strong>\u00a0f\u00fcr zus\u00e4tzlichen Schutz.<\/li>\n<\/ul>","protected":false},"featured_media":33387,"comment_status":"open","ping_status":"closed","template":"","meta":{"site-sidebar-layout":"default","site-content-layout":"","ast-site-content-layout":"default","site-content-style":"default","site-sidebar-style":"default","ast-global-header-display":"","ast-banner-title-visibility":"","ast-main-header-display":"","ast-hfb-above-header-display":"","ast-hfb-below-header-display":"","ast-hfb-mobile-header-display":"","site-post-title":"","ast-breadcrumbs-content":"","ast-featured-img":"","footer-sml-layout":"","ast-disable-related-posts":"","theme-transparent-header-meta":"default","adv-header-id-meta":"","stick-header-meta":"default","header-above-stick-meta":"","header-main-stick-meta":"","header-below-stick-meta":"","astra-migrate-meta-layouts":"set","ast-page-background-enabled":"default","ast-page-background-meta":{"desktop":{"background-color":"var(--ast-global-color-4)","background-image":"","background-repeat":"repeat","background-position":"center center","background-size":"auto","background-attachment":"scroll","background-type":"","background-media":"","overlay-type":"","overlay-color":"","overlay-opacity":"","overlay-gradient":""},"tablet":{"background-color":"","background-image":"","background-repeat":"repeat","background-position":"center center","background-size":"auto","background-attachment":"scroll","background-type":"","background-media":"","overlay-type":"","overlay-color":"","overlay-opacity":"","overlay-gradient":""},"mobile":{"background-color":"","background-image":"","background-repeat":"repeat","background-position":"center center","background-size":"auto","background-attachment":"scroll","background-type":"","background-media":"","overlay-type":"","overlay-color":"","overlay-opacity":"","overlay-gradient":""}},"ast-content-background-meta":{"desktop":{"background-color":"var(--ast-global-color-5)","background-image":"","background-repeat":"repeat","background-position":"center center","background-size":"auto","background-attachment":"scroll","background-type":"","background-media":"","overlay-type":"","overlay-color":"","overlay-opacity":"","overlay-gradient":""},"tablet":{"background-color":"var(--ast-global-color-5)","background-image":"","background-repeat":"repeat","background-position":"center center","background-size":"auto","background-attachment":"scroll","background-type":"","background-media":"","overlay-type":"","overlay-color":"","overlay-opacity":"","overlay-gradient":""},"mobile":{"background-color":"var(--ast-global-color-5)","background-image":"","background-repeat":"repeat","background-position":"center center","background-size":"auto","background-attachment":"scroll","background-type":"","background-media":"","overlay-type":"","overlay-color":"","overlay-opacity":"","overlay-gradient":""}},"_themeisle_gutenberg_block_has_review":false,"_ti_tpc_template_sync":false,"_ti_tpc_template_id":""},"product_brand":[],"product_cat":[1274],"product_tag":[],"class_list":{"0":"post-33421","1":"product","2":"type-product","3":"status-publish","4":"has-post-thumbnail","6":"product_cat-lock-nut","7":"desktop-align-left","8":"tablet-align-left","9":"mobile-align-left","10":"ast-product-gallery-layout-horizontal-slider","11":"ast-product-tabs-layout-horizontal","12":"ast-qv-on-image","14":"first","15":"instock","16":"shipping-taxable","17":"product-type-simple"},"yoast_head":"<!-- This site is optimized with the Yoast SEO Premium plugin v21.7 (Yoast SEO v25.7) - https:\/\/yoast.com\/wordpress\/plugins\/seo\/ -->\n<title>Aluminum Nylon Lock Nut - Jingbang Industrial<\/title>\n<meta name=\"description\" content=\"Aluminum Nylon Lock Nut are lightweight, vibration-resistant fasteners that combine the strength of aluminum with the locking ability of a nylon insert.\" \/>\n<meta name=\"robots\" content=\"index, follow, max-snippet:-1, max-image-preview:large, max-video-preview:-1\" \/>\n<link rel=\"canonical\" href=\"https:\/\/jbsy-china.com\/de\/produkt\/aluminum-nylon-lock-nut\/\" \/>\n<meta property=\"og:locale\" content=\"de_DE\" \/>\n<meta property=\"og:type\" content=\"article\" \/>\n<meta property=\"og:title\" content=\"Aluminum Nylon Lock Nut\" \/>\n<meta property=\"og:description\" content=\"Aluminum Nylon Lock Nut are lightweight, vibration-resistant fasteners that combine the strength of aluminum with the locking ability of a nylon insert.\" \/>\n<meta property=\"og:url\" content=\"https:\/\/jbsy-china.com\/de\/produkt\/aluminum-nylon-lock-nut\/\" \/>\n<meta property=\"og:site_name\" content=\"Jingbang Industrial\" \/>\n<meta property=\"article:modified_time\" content=\"2025-07-08T08:24:21+00:00\" \/>\n<meta property=\"og:image\" content=\"http:\/\/jbsy-china.com\/wp-content\/uploads\/2025\/05\/\u94dd\u5236\u516d\u89d2\u5c3c\u9f99\u9501\u7d27\u87ba\u6bcd.jpg\" \/>\n\t<meta property=\"og:image:width\" content=\"800\" \/>\n\t<meta property=\"og:image:height\" content=\"800\" \/>\n\t<meta property=\"og:image:type\" content=\"image\/jpeg\" \/>\n<meta name=\"twitter:card\" content=\"summary_large_image\" \/>\n<meta name=\"twitter:label1\" content=\"Gesch\u00e4tzte Lesezeit\" \/>\n\t<meta name=\"twitter:data1\" content=\"4\u00a0Minuten\" \/>\n<script type=\"application\/ld+json\" class=\"yoast-schema-graph\">{\"@context\":\"https:\/\/schema.org\",\"@graph\":[{\"@type\":\"WebPage\",\"@id\":\"https:\/\/jbsy-china.com\/product\/aluminum-nylon-lock-nut\/\",\"url\":\"https:\/\/jbsy-china.com\/product\/aluminum-nylon-lock-nut\/\",\"name\":\"Aluminum Nylon Lock Nut - Jingbang Industrial\",\"isPartOf\":{\"@id\":\"https:\/\/jbsy-china.com\/#website\"},\"primaryImageOfPage\":{\"@id\":\"https:\/\/jbsy-china.com\/product\/aluminum-nylon-lock-nut\/#primaryimage\"},\"image\":{\"@id\":\"https:\/\/jbsy-china.com\/product\/aluminum-nylon-lock-nut\/#primaryimage\"},\"thumbnailUrl\":\"https:\/\/jbsy-china.com\/wp-content\/uploads\/2025\/05\/\u94dd\u5236\u516d\u89d2\u5c3c\u9f99\u9501\u7d27\u87ba\u6bcd.jpg\",\"datePublished\":\"2025-05-16T05:54:54+00:00\",\"dateModified\":\"2025-07-08T08:24:21+00:00\",\"description\":\"Aluminum Nylon Lock Nut are lightweight, vibration-resistant fasteners that combine the strength of aluminum with the locking ability of a nylon insert.\",\"breadcrumb\":{\"@id\":\"https:\/\/jbsy-china.com\/product\/aluminum-nylon-lock-nut\/#breadcrumb\"},\"inLanguage\":\"de\",\"potentialAction\":[{\"@type\":\"ReadAction\",\"target\":[\"https:\/\/jbsy-china.com\/product\/aluminum-nylon-lock-nut\/\"]}]},{\"@type\":\"ImageObject\",\"inLanguage\":\"de\",\"@id\":\"https:\/\/jbsy-china.com\/product\/aluminum-nylon-lock-nut\/#primaryimage\",\"url\":\"https:\/\/jbsy-china.com\/wp-content\/uploads\/2025\/05\/\u94dd\u5236\u516d\u89d2\u5c3c\u9f99\u9501\u7d27\u87ba\u6bcd.jpg\",\"contentUrl\":\"https:\/\/jbsy-china.com\/wp-content\/uploads\/2025\/05\/\u94dd\u5236\u516d\u89d2\u5c3c\u9f99\u9501\u7d27\u87ba\u6bcd.jpg\",\"width\":800,\"height\":800},{\"@type\":\"BreadcrumbList\",\"@id\":\"https:\/\/jbsy-china.com\/product\/aluminum-nylon-lock-nut\/#breadcrumb\",\"itemListElement\":[{\"@type\":\"ListItem\",\"position\":1,\"name\":\"Home\",\"item\":\"https:\/\/jbsy-china.com\/\"},{\"@type\":\"ListItem\",\"position\":2,\"name\":\"Products\",\"item\":\"https:\/\/jbsy-china.com\/shop\/\"},{\"@type\":\"ListItem\",\"position\":3,\"name\":\"Aluminum Nylon Lock Nut\"}]},{\"@type\":\"WebSite\",\"@id\":\"https:\/\/jbsy-china.com\/#website\",\"url\":\"https:\/\/jbsy-china.com\/\",\"name\":\"Jingbang Industrial\",\"description\":\"Hardware and electronics manufacturer\",\"publisher\":{\"@id\":\"https:\/\/jbsy-china.com\/#organization\"},\"potentialAction\":[{\"@type\":\"SearchAction\",\"target\":{\"@type\":\"EntryPoint\",\"urlTemplate\":\"https:\/\/jbsy-china.com\/?s={search_term_string}\"},\"query-input\":{\"@type\":\"PropertyValueSpecification\",\"valueRequired\":true,\"valueName\":\"search_term_string\"}}],\"inLanguage\":\"de\"},{\"@type\":\"Organization\",\"@id\":\"https:\/\/jbsy-china.com\/#organization\",\"name\":\"Jingbang Industrial\",\"url\":\"https:\/\/jbsy-china.com\/\",\"logo\":{\"@type\":\"ImageObject\",\"inLanguage\":\"de\",\"@id\":\"https:\/\/jbsy-china.com\/#\/schema\/logo\/image\/\",\"url\":\"https:\/\/jbsy-china.com\/wp-content\/uploads\/2023\/11\/cropped-\u56fe\u5c42-1.png\",\"contentUrl\":\"https:\/\/jbsy-china.com\/wp-content\/uploads\/2023\/11\/cropped-\u56fe\u5c42-1.png\",\"width\":1049,\"height\":739,\"caption\":\"Jingbang Industrial\"},\"image\":{\"@id\":\"https:\/\/jbsy-china.com\/#\/schema\/logo\/image\/\"}}]}<\/script>\n<!-- \/ Yoast SEO Premium plugin. -->","yoast_head_json":{"title":"Aluminum Nylon Lock Nut - Jingbang Industrial","description":"Aluminum Nylon Lock Nut are lightweight, vibration-resistant fasteners that combine the strength of aluminum with the locking ability of a nylon insert.","robots":{"index":"index","follow":"follow","max-snippet":"max-snippet:-1","max-image-preview":"max-image-preview:large","max-video-preview":"max-video-preview:-1"},"canonical":"https:\/\/jbsy-china.com\/de\/produkt\/aluminum-nylon-lock-nut\/","og_locale":"de_DE","og_type":"article","og_title":"Aluminum Nylon Lock Nut","og_description":"Aluminum Nylon Lock Nut are lightweight, vibration-resistant fasteners that combine the strength of aluminum with the locking ability of a nylon insert.","og_url":"https:\/\/jbsy-china.com\/de\/produkt\/aluminum-nylon-lock-nut\/","og_site_name":"Jingbang Industrial","article_modified_time":"2025-07-08T08:24:21+00:00","og_image":[{"width":800,"height":800,"url":"http:\/\/jbsy-china.com\/wp-content\/uploads\/2025\/05\/\u94dd\u5236\u516d\u89d2\u5c3c\u9f99\u9501\u7d27\u87ba\u6bcd.jpg","type":"image\/jpeg"}],"twitter_card":"summary_large_image","twitter_misc":{"Gesch\u00e4tzte Lesezeit":"4\u00a0Minuten"},"schema":{"@context":"https:\/\/schema.org","@graph":[{"@type":"WebPage","@id":"https:\/\/jbsy-china.com\/product\/aluminum-nylon-lock-nut\/","url":"https:\/\/jbsy-china.com\/product\/aluminum-nylon-lock-nut\/","name":"Aluminum Nylon Lock Nut - Jingbang Industrial","isPartOf":{"@id":"https:\/\/jbsy-china.com\/#website"},"primaryImageOfPage":{"@id":"https:\/\/jbsy-china.com\/product\/aluminum-nylon-lock-nut\/#primaryimage"},"image":{"@id":"https:\/\/jbsy-china.com\/product\/aluminum-nylon-lock-nut\/#primaryimage"},"thumbnailUrl":"https:\/\/jbsy-china.com\/wp-content\/uploads\/2025\/05\/\u94dd\u5236\u516d\u89d2\u5c3c\u9f99\u9501\u7d27\u87ba\u6bcd.jpg","datePublished":"2025-05-16T05:54:54+00:00","dateModified":"2025-07-08T08:24:21+00:00","description":"Aluminum Nylon Lock Nut are lightweight, vibration-resistant fasteners that combine the strength of aluminum with the locking ability of a nylon insert.","breadcrumb":{"@id":"https:\/\/jbsy-china.com\/product\/aluminum-nylon-lock-nut\/#breadcrumb"},"inLanguage":"de","potentialAction":[{"@type":"ReadAction","target":["https:\/\/jbsy-china.com\/product\/aluminum-nylon-lock-nut\/"]}]},{"@type":"ImageObject","inLanguage":"de","@id":"https:\/\/jbsy-china.com\/product\/aluminum-nylon-lock-nut\/#primaryimage","url":"https:\/\/jbsy-china.com\/wp-content\/uploads\/2025\/05\/\u94dd\u5236\u516d\u89d2\u5c3c\u9f99\u9501\u7d27\u87ba\u6bcd.jpg","contentUrl":"https:\/\/jbsy-china.com\/wp-content\/uploads\/2025\/05\/\u94dd\u5236\u516d\u89d2\u5c3c\u9f99\u9501\u7d27\u87ba\u6bcd.jpg","width":800,"height":800},{"@type":"BreadcrumbList","@id":"https:\/\/jbsy-china.com\/product\/aluminum-nylon-lock-nut\/#breadcrumb","itemListElement":[{"@type":"ListItem","position":1,"name":"Home","item":"https:\/\/jbsy-china.com\/"},{"@type":"ListItem","position":2,"name":"Products","item":"https:\/\/jbsy-china.com\/shop\/"},{"@type":"ListItem","position":3,"name":"Aluminum Nylon Lock Nut"}]},{"@type":"WebSite","@id":"https:\/\/jbsy-china.com\/#website","url":"https:\/\/jbsy-china.com\/","name":"Jingbang Industrie","description":"Hersteller von Hardware und Elektronik","publisher":{"@id":"https:\/\/jbsy-china.com\/#organization"},"potentialAction":[{"@type":"SearchAction","target":{"@type":"EntryPoint","urlTemplate":"https:\/\/jbsy-china.com\/?s={search_term_string}"},"query-input":{"@type":"PropertyValueSpecification","valueRequired":true,"valueName":"search_term_string"}}],"inLanguage":"de"},{"@type":"Organization","@id":"https:\/\/jbsy-china.com\/#organization","name":"Jingbang Industrie","url":"https:\/\/jbsy-china.com\/","logo":{"@type":"ImageObject","inLanguage":"de","@id":"https:\/\/jbsy-china.com\/#\/schema\/logo\/image\/","url":"https:\/\/jbsy-china.com\/wp-content\/uploads\/2023\/11\/cropped-\u56fe\u5c42-1.png","contentUrl":"https:\/\/jbsy-china.com\/wp-content\/uploads\/2023\/11\/cropped-\u56fe\u5c42-1.png","width":1049,"height":739,"caption":"Jingbang Industrial"},"image":{"@id":"https:\/\/jbsy-china.com\/#\/schema\/logo\/image\/"}}]}},"_links":{"self":[{"href":"https:\/\/jbsy-china.com\/de\/wp-json\/wp\/v2\/product\/33421","targetHints":{"allow":["GET"]}}],"collection":[{"href":"https:\/\/jbsy-china.com\/de\/wp-json\/wp\/v2\/product"}],"about":[{"href":"https:\/\/jbsy-china.com\/de\/wp-json\/wp\/v2\/types\/product"}],"replies":[{"embeddable":true,"href":"https:\/\/jbsy-china.com\/de\/wp-json\/wp\/v2\/comments?post=33421"}],"wp:featuredmedia":[{"embeddable":true,"href":"https:\/\/jbsy-china.com\/de\/wp-json\/wp\/v2\/media\/33387"}],"wp:attachment":[{"href":"https:\/\/jbsy-china.com\/de\/wp-json\/wp\/v2\/media?parent=33421"}],"wp:term":[{"taxonomy":"product_brand","embeddable":true,"href":"https:\/\/jbsy-china.com\/de\/wp-json\/wp\/v2\/product_brand?post=33421"},{"taxonomy":"product_cat","embeddable":true,"href":"https:\/\/jbsy-china.com\/de\/wp-json\/wp\/v2\/product_cat?post=33421"},{"taxonomy":"product_tag","embeddable":true,"href":"https:\/\/jbsy-china.com\/de\/wp-json\/wp\/v2\/product_tag?post=33421"}],"curies":[{"name":"wp","href":"https:\/\/api.w.org\/{rel}","templated":true}]}}