{"id":33451,"date":"2025-05-16T06:27:08","date_gmt":"2025-05-16T06:27:08","guid":{"rendered":"https:\/\/jbsy-china.com\/?post_type=product&#038;p=33451"},"modified":"2025-06-18T07:03:37","modified_gmt":"2025-06-18T07:03:37","slug":"12-point-nut-with-groove","status":"publish","type":"product","link":"https:\/\/jbsy-china.com\/de\/produkt\/12-point-nut-with-groove\/","title":{"rendered":"12-Punkt-Mutter mit Rille"},"content":{"rendered":"<p><img fetchpriority=\"high\" decoding=\"async\" class=\"alignnone size-full wp-image-31694\" src=\"http:\/\/jbsy-china.com\/wp-content\/uploads\/2025\/02\/\u4e3b\u63a8-\u9632\u76d7\u87ba\u6bcd_01.jpg\" alt=\"\" width=\"790\" height=\"1330\" srcset=\"https:\/\/jbsy-china.com\/wp-content\/uploads\/2025\/02\/\u4e3b\u63a8-\u9632\u76d7\u87ba\u6bcd_01.jpg 790w, https:\/\/jbsy-china.com\/wp-content\/uploads\/2025\/02\/\u4e3b\u63a8-\u9632\u76d7\u87ba\u6bcd_01-178x300.jpg 178w, https:\/\/jbsy-china.com\/wp-content\/uploads\/2025\/02\/\u4e3b\u63a8-\u9632\u76d7\u87ba\u6bcd_01-608x1024.jpg 608w, https:\/\/jbsy-china.com\/wp-content\/uploads\/2025\/02\/\u4e3b\u63a8-\u9632\u76d7\u87ba\u6bcd_01-768x1293.jpg 768w, https:\/\/jbsy-china.com\/wp-content\/uploads\/2025\/02\/\u4e3b\u63a8-\u9632\u76d7\u87ba\u6bcd_01-600x1010.jpg 600w\" sizes=\"(max-width: 790px) 100vw, 790px\" \/> <img decoding=\"async\" class=\"alignnone size-full wp-image-31695\" src=\"http:\/\/jbsy-china.com\/wp-content\/uploads\/2025\/02\/\u4e3b\u63a8-\u9632\u76d7\u87ba\u6bcd_02.jpg\" alt=\"\" width=\"790\" height=\"930\" srcset=\"https:\/\/jbsy-china.com\/wp-content\/uploads\/2025\/02\/\u4e3b\u63a8-\u9632\u76d7\u87ba\u6bcd_02.jpg 790w, https:\/\/jbsy-china.com\/wp-content\/uploads\/2025\/02\/\u4e3b\u63a8-\u9632\u76d7\u87ba\u6bcd_02-255x300.jpg 255w, https:\/\/jbsy-china.com\/wp-content\/uploads\/2025\/02\/\u4e3b\u63a8-\u9632\u76d7\u87ba\u6bcd_02-768x904.jpg 768w, https:\/\/jbsy-china.com\/wp-content\/uploads\/2025\/02\/\u4e3b\u63a8-\u9632\u76d7\u87ba\u6bcd_02-600x706.jpg 600w\" sizes=\"(max-width: 790px) 100vw, 790px\" \/> <img decoding=\"async\" class=\"alignnone size-full wp-image-31696\" src=\"http:\/\/jbsy-china.com\/wp-content\/uploads\/2025\/02\/\u4e3b\u63a8-\u9632\u76d7\u87ba\u6bcd_03.jpg\" alt=\"\" width=\"790\" height=\"1060\" srcset=\"https:\/\/jbsy-china.com\/wp-content\/uploads\/2025\/02\/\u4e3b\u63a8-\u9632\u76d7\u87ba\u6bcd_03.jpg 790w, https:\/\/jbsy-china.com\/wp-content\/uploads\/2025\/02\/\u4e3b\u63a8-\u9632\u76d7\u87ba\u6bcd_03-224x300.jpg 224w, https:\/\/jbsy-china.com\/wp-content\/uploads\/2025\/02\/\u4e3b\u63a8-\u9632\u76d7\u87ba\u6bcd_03-763x1024.jpg 763w, https:\/\/jbsy-china.com\/wp-content\/uploads\/2025\/02\/\u4e3b\u63a8-\u9632\u76d7\u87ba\u6bcd_03-768x1030.jpg 768w, https:\/\/jbsy-china.com\/wp-content\/uploads\/2025\/02\/\u4e3b\u63a8-\u9632\u76d7\u87ba\u6bcd_03-600x805.jpg 600w\" sizes=\"(max-width: 790px) 100vw, 790px\" \/> <img loading=\"lazy\" decoding=\"async\" class=\"alignnone size-full wp-image-31697\" src=\"http:\/\/jbsy-china.com\/wp-content\/uploads\/2025\/02\/\u4e3b\u63a8-\u9632\u76d7\u87ba\u6bcd_04.jpg\" alt=\"\" width=\"790\" height=\"850\" srcset=\"https:\/\/jbsy-china.com\/wp-content\/uploads\/2025\/02\/\u4e3b\u63a8-\u9632\u76d7\u87ba\u6bcd_04.jpg 790w, https:\/\/jbsy-china.com\/wp-content\/uploads\/2025\/02\/\u4e3b\u63a8-\u9632\u76d7\u87ba\u6bcd_04-279x300.jpg 279w, https:\/\/jbsy-china.com\/wp-content\/uploads\/2025\/02\/\u4e3b\u63a8-\u9632\u76d7\u87ba\u6bcd_04-768x826.jpg 768w, https:\/\/jbsy-china.com\/wp-content\/uploads\/2025\/02\/\u4e3b\u63a8-\u9632\u76d7\u87ba\u6bcd_04-600x646.jpg 600w\" sizes=\"(max-width: 790px) 100vw, 790px\" \/><\/p>\n<p><strong>Das Befestigen und \u00d6ffnen von Schrauben und Muttern ist nicht standardisiert, und die passende<\/strong><br \/>\n<strong>Zur L\u00f6sung der \u00d6ffnungs- und Befestigungsprobleme werden nicht genormte Werkzeuge verwendet. Im Allgemeinen werden andere<\/strong><br \/>\n<strong>Schraubenschl\u00fcssel k\u00f6nnen nicht eingesetzt werden. In der Erscheinung Design von Schrauben und Muttern, Nicht-Standard-Schlitzung,<\/strong><br \/>\n<strong>\u00f6ffnende oder f\u00fcnfeckige, siebeneckige, neuneckige oder speziell angefertigte entsprechende Nutwerkzeuge<\/strong><br \/>\n<strong>haben eine sehr gute Anti-Diebstahl-Wirkung gespielt<\/strong><\/p>\n<p><img loading=\"lazy\" decoding=\"async\" class=\"alignnone size-full wp-image-31699\" src=\"http:\/\/jbsy-china.com\/wp-content\/uploads\/2025\/02\/\u4e3b\u63a8-\u9632\u76d7\u87ba\u6bcd_06.jpg\" alt=\"\" width=\"790\" height=\"690\" srcset=\"https:\/\/jbsy-china.com\/wp-content\/uploads\/2025\/02\/\u4e3b\u63a8-\u9632\u76d7\u87ba\u6bcd_06.jpg 790w, https:\/\/jbsy-china.com\/wp-content\/uploads\/2025\/02\/\u4e3b\u63a8-\u9632\u76d7\u87ba\u6bcd_06-300x262.jpg 300w, https:\/\/jbsy-china.com\/wp-content\/uploads\/2025\/02\/\u4e3b\u63a8-\u9632\u76d7\u87ba\u6bcd_06-768x671.jpg 768w, https:\/\/jbsy-china.com\/wp-content\/uploads\/2025\/02\/\u4e3b\u63a8-\u9632\u76d7\u87ba\u6bcd_06-600x524.jpg 600w\" sizes=\"(max-width: 790px) 100vw, 790px\" \/><\/p>\n<p><strong>Das Kaltstauchverfahren ist eines der neuen Verfahren f\u00fcr die Druckbearbeitung mit weniger oder gar keiner Zerspanung<\/strong><br \/>\n<strong>Metall. Es handelt sich um eine Verarbeitungsmethode, die die plastische Verformung von Metall unter der Einwirkung von<\/strong><br \/>\n<strong>\u00e4u\u00dfere Kr\u00e4fte, und mit Hilfe von Formen wird das Metallvolumen umverteilt und in die Form gebracht<\/strong><br \/>\n<strong>die gew\u00fcnschten Teile oder Rohlinge. Das Kaltstauchverfahren ist am besten geeignet f\u00fcr die Herstellung von Standard<\/strong><br \/>\n<strong>Verbindungselemente wie Bolzen, Schrauben, Muttern, Nieten, Stifte usw.<\/strong><\/p>\n<p><img loading=\"lazy\" decoding=\"async\" class=\"alignnone size-full wp-image-31701\" src=\"http:\/\/jbsy-china.com\/wp-content\/uploads\/2025\/02\/\u4e3b\u63a8-\u9632\u76d7\u87ba\u6bcd_08.jpg\" alt=\"\" width=\"790\" height=\"590\" srcset=\"https:\/\/jbsy-china.com\/wp-content\/uploads\/2025\/02\/\u4e3b\u63a8-\u9632\u76d7\u87ba\u6bcd_08.jpg 790w, https:\/\/jbsy-china.com\/wp-content\/uploads\/2025\/02\/\u4e3b\u63a8-\u9632\u76d7\u87ba\u6bcd_08-300x224.jpg 300w, https:\/\/jbsy-china.com\/wp-content\/uploads\/2025\/02\/\u4e3b\u63a8-\u9632\u76d7\u87ba\u6bcd_08-768x574.jpg 768w, https:\/\/jbsy-china.com\/wp-content\/uploads\/2025\/02\/\u4e3b\u63a8-\u9632\u76d7\u87ba\u6bcd_08-600x448.jpg 600w\" sizes=\"(max-width: 790px) 100vw, 790px\" \/> <img loading=\"lazy\" decoding=\"async\" class=\"alignnone size-full wp-image-31702\" src=\"http:\/\/jbsy-china.com\/wp-content\/uploads\/2025\/02\/\u4e3b\u63a8-\u9632\u76d7\u87ba\u6bcd_09.jpg\" alt=\"\" width=\"790\" height=\"720\" srcset=\"https:\/\/jbsy-china.com\/wp-content\/uploads\/2025\/02\/\u4e3b\u63a8-\u9632\u76d7\u87ba\u6bcd_09.jpg 790w, https:\/\/jbsy-china.com\/wp-content\/uploads\/2025\/02\/\u4e3b\u63a8-\u9632\u76d7\u87ba\u6bcd_09-300x273.jpg 300w, https:\/\/jbsy-china.com\/wp-content\/uploads\/2025\/02\/\u4e3b\u63a8-\u9632\u76d7\u87ba\u6bcd_09-768x700.jpg 768w, https:\/\/jbsy-china.com\/wp-content\/uploads\/2025\/02\/\u4e3b\u63a8-\u9632\u76d7\u87ba\u6bcd_09-600x547.jpg 600w\" sizes=\"(max-width: 790px) 100vw, 790px\" \/><\/p>\n<p class=\"ds-markdown-paragraph\">Eine 12-Punkte <a href=\"https:\/\/jbsy-china.com\/de\/lock-nut\/\">Nuss<\/a> mit Nut ist ein spezielles Befestigungselement, das eine\u00a0<strong>12-zackiger (zw\u00f6lfeckiger) Kopf<\/strong>\u00a0mit\u00a0<strong>integrierte Nuten<\/strong>\u00a0f\u00fcr eine verbesserte Verriegelungsfunktion. Diese Konstruktion bietet mehrere Eingriffsfl\u00e4chen f\u00fcr die Anwendung des Drehmoments und beinhaltet eine\u00a0<strong>formschl\u00fcssiger Verschlussmechanismus<\/strong>\u00a0um ein L\u00f6sen bei Vibrationen oder dynamischen Belastungen zu verhindern.<\/p>\n<hr \/>\n<h3><strong>Wesentliche Merkmale:<\/strong><\/h3>\n<ol start=\"1\">\n<li>\n<p class=\"ds-markdown-paragraph\"><strong>12-Punkt-Kopf-Design<\/strong><\/p>\n<ul>\n<li>\n<p class=\"ds-markdown-paragraph\">Erm\u00f6glicht\u00a0<strong>30-Grad-Werkzeugeingriff<\/strong>\u00a0(im Gegensatz zu 60\u00b0 bei Sechskantmuttern), ideal f\u00fcr enge R\u00e4ume.<\/p>\n<\/li>\n<li>\n<p class=\"ds-markdown-paragraph\">Kompatibel mit\u00a0<strong>Standard 12-Punkt-Steckdosen<\/strong>\u00a0(\u00fcblich in der Luft- und Raumfahrt und bei Hochleistungsanwendungen).<\/p>\n<\/li>\n<\/ul>\n<\/li>\n<li>\n<p class=\"ds-markdown-paragraph\"><strong>Integrierte Steckpl\u00e4tze (Verriegelungsfunktion)<\/strong><\/p>\n<ul>\n<li>\n<p class=\"ds-markdown-paragraph\">Steckpl\u00e4tze beherbergen\u00a0<strong>Sicherungsdraht (Sicherheitsdraht)<\/strong>,\u00a0<strong>Kegelstifte<\/strong>, oder\u00a0<strong>Halteklammern<\/strong>\u00a0f\u00fcr\u00a0<strong>ausfallsichere Sicherheit<\/strong>.<\/p>\n<\/li>\n<li>\n<p class=\"ds-markdown-paragraph\">Verhindert Rotation durch Vibration und ist daher ideal f\u00fcr\u00a0<strong>kritische Baugruppen<\/strong>.<\/p>\n<\/li>\n<\/ul>\n<\/li>\n<li>\n<p class=\"ds-markdown-paragraph\"><strong>Materialien und Oberfl\u00e4chen<\/strong><\/p>\n<ul>\n<li>\n<p class=\"ds-markdown-paragraph\"><strong>Materialien:<\/strong>\u00a0Rostfreier Stahl (A2\/A4), legierter Stahl (G\u00fcteklasse 8, 10), Titan oder korrosionsbest\u00e4ndige Legierungen.<\/p>\n<\/li>\n<li>\n<p class=\"ds-markdown-paragraph\"><strong>Beschichtungen:<\/strong> Verzinkung, schwarzes Oxid, Kadmium (f\u00fcr die Luft- und Raumfahrt) oder PTFE zur Schmierung.<\/p>\n<\/li>\n<li>\n<p class=\"ds-markdown-paragraph\">\n<\/li>\n<\/ul>\n<\/li>\n<\/ol>\n<hr \/>\n<h3><strong>Vorteile gegen\u00fcber Standardmuttern:<\/strong><\/h3>\n<p class=\"ds-markdown-paragraph\">\u00a0<strong>\u00dcberlegene Verriegelung<\/strong>\u00a0- Steckpl\u00e4tze gew\u00e4hrleisten\u00a0<strong>mechanische Retention<\/strong> (im Gegensatz zu Nyloneins\u00e4tzen).<br \/>\n<strong>\u00a0Wiederverwendbar<\/strong>\u00a0- Im Gegensatz zu chemischen Schraubensicherungen k\u00f6nnen geschlitzte Muttern nach der Inspektion wiederverwendet werden.<\/p>\n<hr \/>\n<h3><strong>Zusammenfassung:<\/strong><\/h3>\n<p class=\"ds-markdown-paragraph\">Eine 12-Punkt-Mutter mit Rille ist eine\u00a0<strong>hochsicherer, vibrationsfester Verschluss<\/strong>\u00a0verwendet in\u00a0<strong>aufgabenkritische Anwendungen<\/strong>\u00a0wo normale Muttern versagen w\u00fcrden. Seine\u00a0<strong>12-Punkt-Kopf<\/strong>\u00a0erm\u00f6glicht eine effiziente Drehmomentanwendung, w\u00e4hrend die\u00a0<strong>integrierte Steckpl\u00e4tze<\/strong>\u00a0sicherstellen\u00a0<strong>absolute Verriegelung<\/strong>\u00a0\u00fcber Kabel oder Stifte.<\/p>","protected":false},"excerpt":{"rendered":"<h6><strong>Wesentliche Merkmale:<\/strong><\/h6>\n<ol start=\"1\">\n<li style=\"list-style-type: none;\">\n<ul>\n<li>\n<p class=\"ds-markdown-paragraph\">Erm\u00f6glicht\u00a0<strong>30-Grad-Werkzeugeingriff<\/strong>\u00a0(im Gegensatz zu 60\u00b0 bei Sechskantmuttern), ideal f\u00fcr enge R\u00e4ume.<\/p>\n<\/li>\n<li>\n<p class=\"ds-markdown-paragraph\">Kompatibel mit\u00a0<strong>Standard 12-Punkt-Steckdosen<\/strong> (\u00fcblich in der Luft- und Raumfahrt und bei Hochleistungsanwendungen).<\/p>\n<\/li>\n<li>\n<p class=\"ds-markdown-paragraph\">Steckpl\u00e4tze beherbergen\u00a0<strong>Sicherungsdraht (Sicherheitsdraht)<\/strong>,\u00a0<strong>Kegelstifte<\/strong>, oder\u00a0<strong>Halteklammern<\/strong>\u00a0f\u00fcr\u00a0<strong>ausfallsichere Sicherheit<\/strong>.<\/p>\n<\/li>\n<\/ul>\n<\/li>\n<\/ol>","protected":false},"featured_media":33370,"comment_status":"open","ping_status":"closed","template":"","meta":{"site-sidebar-layout":"default","site-content-layout":"","ast-site-content-layout":"default","site-content-style":"default","site-sidebar-style":"default","ast-global-header-display":"","ast-banner-title-visibility":"","ast-main-header-display":"","ast-hfb-above-header-display":"","ast-hfb-below-header-display":"","ast-hfb-mobile-header-display":"","site-post-title":"","ast-breadcrumbs-content":"","ast-featured-img":"","footer-sml-layout":"","ast-disable-related-posts":"","theme-transparent-header-meta":"default","adv-header-id-meta":"","stick-header-meta":"default","header-above-stick-meta":"","header-main-stick-meta":"","header-below-stick-meta":"","astra-migrate-meta-layouts":"set","ast-page-background-enabled":"default","ast-page-background-meta":{"desktop":{"background-color":"var(--ast-global-color-4)","background-image":"","background-repeat":"repeat","background-position":"center center","background-size":"auto","background-attachment":"scroll","background-type":"","background-media":"","overlay-type":"","overlay-color":"","overlay-opacity":"","overlay-gradient":""},"tablet":{"background-color":"","background-image":"","background-repeat":"repeat","background-position":"center center","background-size":"auto","background-attachment":"scroll","background-type":"","background-media":"","overlay-type":"","overlay-color":"","overlay-opacity":"","overlay-gradient":""},"mobile":{"background-color":"","background-image":"","background-repeat":"repeat","background-position":"center center","background-size":"auto","background-attachment":"scroll","background-type":"","background-media":"","overlay-type":"","overlay-color":"","overlay-opacity":"","overlay-gradient":""}},"ast-content-background-meta":{"desktop":{"background-color":"var(--ast-global-color-5)","background-image":"","background-repeat":"repeat","background-position":"center center","background-size":"auto","background-attachment":"scroll","background-type":"","background-media":"","overlay-type":"","overlay-color":"","overlay-opacity":"","overlay-gradient":""},"tablet":{"background-color":"var(--ast-global-color-5)","background-image":"","background-repeat":"repeat","background-position":"center center","background-size":"auto","background-attachment":"scroll","background-type":"","background-media":"","overlay-type":"","overlay-color":"","overlay-opacity":"","overlay-gradient":""},"mobile":{"background-color":"var(--ast-global-color-5)","background-image":"","background-repeat":"repeat","background-position":"center center","background-size":"auto","background-attachment":"scroll","background-type":"","background-media":"","overlay-type":"","overlay-color":"","overlay-opacity":"","overlay-gradient":""}},"_themeisle_gutenberg_block_has_review":false,"_ti_tpc_template_sync":false,"_ti_tpc_template_id":""},"product_brand":[],"product_cat":[1274],"product_tag":[],"class_list":{"0":"post-33451","1":"product","2":"type-product","3":"status-publish","4":"has-post-thumbnail","6":"product_cat-lock-nut","7":"desktop-align-left","8":"tablet-align-left","9":"mobile-align-left","10":"ast-product-gallery-layout-horizontal-slider","11":"ast-product-tabs-layout-horizontal","12":"ast-qv-on-image","14":"first","15":"instock","16":"shipping-taxable","17":"product-type-simple"},"yoast_head":"<!-- This site is optimized with the Yoast SEO Premium plugin v21.7 (Yoast SEO v25.7) - https:\/\/yoast.com\/wordpress\/plugins\/seo\/ -->\n<title>12-point nut with groove - Jingbang Industrial<\/title>\n<meta name=\"description\" content=\"A slotted twelve angle nut is a specialized fastener combining a 12-point (dodecagonal) head with integral slots for enhanced locking functionality.\" \/>\n<meta name=\"robots\" content=\"index, follow, max-snippet:-1, max-image-preview:large, max-video-preview:-1\" \/>\n<link rel=\"canonical\" href=\"https:\/\/jbsy-china.com\/de\/produkt\/12-point-nut-with-groove\/\" \/>\n<meta property=\"og:locale\" content=\"de_DE\" \/>\n<meta property=\"og:type\" content=\"article\" \/>\n<meta property=\"og:title\" content=\"12-point nut with groove\" \/>\n<meta property=\"og:description\" content=\"A slotted twelve angle nut is a specialized fastener combining a 12-point (dodecagonal) head with integral slots for enhanced locking functionality.\" \/>\n<meta property=\"og:url\" content=\"https:\/\/jbsy-china.com\/de\/produkt\/12-point-nut-with-groove\/\" \/>\n<meta property=\"og:site_name\" content=\"Jingbang Industrial\" \/>\n<meta property=\"article:modified_time\" content=\"2025-06-18T07:03:37+00:00\" \/>\n<meta property=\"og:image\" content=\"http:\/\/jbsy-china.com\/wp-content\/uploads\/2025\/05\/12\u89d2\u6cd5\u5170\u91d1\u5c5e\u9501\u7d27\u87ba\u6bcd\u5e26\u51f9\u70b9.jpg\" \/>\n\t<meta property=\"og:image:width\" content=\"800\" \/>\n\t<meta property=\"og:image:height\" content=\"800\" \/>\n\t<meta property=\"og:image:type\" content=\"image\/jpeg\" \/>\n<meta name=\"twitter:card\" content=\"summary_large_image\" \/>\n<meta name=\"twitter:label1\" content=\"Gesch\u00e4tzte Lesezeit\" \/>\n\t<meta name=\"twitter:data1\" content=\"4\u00a0Minuten\" \/>\n<script type=\"application\/ld+json\" class=\"yoast-schema-graph\">{\"@context\":\"https:\/\/schema.org\",\"@graph\":[{\"@type\":\"WebPage\",\"@id\":\"https:\/\/jbsy-china.com\/product\/12-point-nut-with-groove\/\",\"url\":\"https:\/\/jbsy-china.com\/product\/12-point-nut-with-groove\/\",\"name\":\"12-point nut with groove - Jingbang Industrial\",\"isPartOf\":{\"@id\":\"https:\/\/jbsy-china.com\/#website\"},\"primaryImageOfPage\":{\"@id\":\"https:\/\/jbsy-china.com\/product\/12-point-nut-with-groove\/#primaryimage\"},\"image\":{\"@id\":\"https:\/\/jbsy-china.com\/product\/12-point-nut-with-groove\/#primaryimage\"},\"thumbnailUrl\":\"https:\/\/jbsy-china.com\/wp-content\/uploads\/2025\/05\/12\u89d2\u6cd5\u5170\u91d1\u5c5e\u9501\u7d27\u87ba\u6bcd\u5e26\u51f9\u70b9.jpg\",\"datePublished\":\"2025-05-16T06:27:08+00:00\",\"dateModified\":\"2025-06-18T07:03:37+00:00\",\"description\":\"A slotted twelve angle nut is a specialized fastener combining a 12-point (dodecagonal) head with integral slots for enhanced locking functionality.\",\"breadcrumb\":{\"@id\":\"https:\/\/jbsy-china.com\/product\/12-point-nut-with-groove\/#breadcrumb\"},\"inLanguage\":\"de\",\"potentialAction\":[{\"@type\":\"ReadAction\",\"target\":[\"https:\/\/jbsy-china.com\/product\/12-point-nut-with-groove\/\"]}]},{\"@type\":\"ImageObject\",\"inLanguage\":\"de\",\"@id\":\"https:\/\/jbsy-china.com\/product\/12-point-nut-with-groove\/#primaryimage\",\"url\":\"https:\/\/jbsy-china.com\/wp-content\/uploads\/2025\/05\/12\u89d2\u6cd5\u5170\u91d1\u5c5e\u9501\u7d27\u87ba\u6bcd\u5e26\u51f9\u70b9.jpg\",\"contentUrl\":\"https:\/\/jbsy-china.com\/wp-content\/uploads\/2025\/05\/12\u89d2\u6cd5\u5170\u91d1\u5c5e\u9501\u7d27\u87ba\u6bcd\u5e26\u51f9\u70b9.jpg\",\"width\":800,\"height\":800},{\"@type\":\"BreadcrumbList\",\"@id\":\"https:\/\/jbsy-china.com\/product\/12-point-nut-with-groove\/#breadcrumb\",\"itemListElement\":[{\"@type\":\"ListItem\",\"position\":1,\"name\":\"Home\",\"item\":\"https:\/\/jbsy-china.com\/\"},{\"@type\":\"ListItem\",\"position\":2,\"name\":\"Products\",\"item\":\"https:\/\/jbsy-china.com\/shop\/\"},{\"@type\":\"ListItem\",\"position\":3,\"name\":\"12-point nut with groove\"}]},{\"@type\":\"WebSite\",\"@id\":\"https:\/\/jbsy-china.com\/#website\",\"url\":\"https:\/\/jbsy-china.com\/\",\"name\":\"Jingbang Industrial\",\"description\":\"Hardware and electronics manufacturer\",\"publisher\":{\"@id\":\"https:\/\/jbsy-china.com\/#organization\"},\"potentialAction\":[{\"@type\":\"SearchAction\",\"target\":{\"@type\":\"EntryPoint\",\"urlTemplate\":\"https:\/\/jbsy-china.com\/?s={search_term_string}\"},\"query-input\":{\"@type\":\"PropertyValueSpecification\",\"valueRequired\":true,\"valueName\":\"search_term_string\"}}],\"inLanguage\":\"de\"},{\"@type\":\"Organization\",\"@id\":\"https:\/\/jbsy-china.com\/#organization\",\"name\":\"Jingbang Industrial\",\"url\":\"https:\/\/jbsy-china.com\/\",\"logo\":{\"@type\":\"ImageObject\",\"inLanguage\":\"de\",\"@id\":\"https:\/\/jbsy-china.com\/#\/schema\/logo\/image\/\",\"url\":\"https:\/\/jbsy-china.com\/wp-content\/uploads\/2023\/11\/cropped-\u56fe\u5c42-1.png\",\"contentUrl\":\"https:\/\/jbsy-china.com\/wp-content\/uploads\/2023\/11\/cropped-\u56fe\u5c42-1.png\",\"width\":1049,\"height\":739,\"caption\":\"Jingbang Industrial\"},\"image\":{\"@id\":\"https:\/\/jbsy-china.com\/#\/schema\/logo\/image\/\"}}]}<\/script>\n<!-- \/ Yoast SEO Premium plugin. -->","yoast_head_json":{"title":"12-point nut with groove - Jingbang Industrial","description":"A slotted twelve angle nut is a specialized fastener combining a 12-point (dodecagonal) head with integral slots for enhanced locking functionality.","robots":{"index":"index","follow":"follow","max-snippet":"max-snippet:-1","max-image-preview":"max-image-preview:large","max-video-preview":"max-video-preview:-1"},"canonical":"https:\/\/jbsy-china.com\/de\/produkt\/12-point-nut-with-groove\/","og_locale":"de_DE","og_type":"article","og_title":"12-point nut with groove","og_description":"A slotted twelve angle nut is a specialized fastener combining a 12-point (dodecagonal) head with integral slots for enhanced locking functionality.","og_url":"https:\/\/jbsy-china.com\/de\/produkt\/12-point-nut-with-groove\/","og_site_name":"Jingbang Industrial","article_modified_time":"2025-06-18T07:03:37+00:00","og_image":[{"width":800,"height":800,"url":"http:\/\/jbsy-china.com\/wp-content\/uploads\/2025\/05\/12\u89d2\u6cd5\u5170\u91d1\u5c5e\u9501\u7d27\u87ba\u6bcd\u5e26\u51f9\u70b9.jpg","type":"image\/jpeg"}],"twitter_card":"summary_large_image","twitter_misc":{"Gesch\u00e4tzte Lesezeit":"4\u00a0Minuten"},"schema":{"@context":"https:\/\/schema.org","@graph":[{"@type":"WebPage","@id":"https:\/\/jbsy-china.com\/product\/12-point-nut-with-groove\/","url":"https:\/\/jbsy-china.com\/product\/12-point-nut-with-groove\/","name":"12-point nut with groove - Jingbang Industrial","isPartOf":{"@id":"https:\/\/jbsy-china.com\/#website"},"primaryImageOfPage":{"@id":"https:\/\/jbsy-china.com\/product\/12-point-nut-with-groove\/#primaryimage"},"image":{"@id":"https:\/\/jbsy-china.com\/product\/12-point-nut-with-groove\/#primaryimage"},"thumbnailUrl":"https:\/\/jbsy-china.com\/wp-content\/uploads\/2025\/05\/12\u89d2\u6cd5\u5170\u91d1\u5c5e\u9501\u7d27\u87ba\u6bcd\u5e26\u51f9\u70b9.jpg","datePublished":"2025-05-16T06:27:08+00:00","dateModified":"2025-06-18T07:03:37+00:00","description":"A slotted twelve angle nut is a specialized fastener combining a 12-point (dodecagonal) head with integral slots for enhanced locking functionality.","breadcrumb":{"@id":"https:\/\/jbsy-china.com\/product\/12-point-nut-with-groove\/#breadcrumb"},"inLanguage":"de","potentialAction":[{"@type":"ReadAction","target":["https:\/\/jbsy-china.com\/product\/12-point-nut-with-groove\/"]}]},{"@type":"ImageObject","inLanguage":"de","@id":"https:\/\/jbsy-china.com\/product\/12-point-nut-with-groove\/#primaryimage","url":"https:\/\/jbsy-china.com\/wp-content\/uploads\/2025\/05\/12\u89d2\u6cd5\u5170\u91d1\u5c5e\u9501\u7d27\u87ba\u6bcd\u5e26\u51f9\u70b9.jpg","contentUrl":"https:\/\/jbsy-china.com\/wp-content\/uploads\/2025\/05\/12\u89d2\u6cd5\u5170\u91d1\u5c5e\u9501\u7d27\u87ba\u6bcd\u5e26\u51f9\u70b9.jpg","width":800,"height":800},{"@type":"BreadcrumbList","@id":"https:\/\/jbsy-china.com\/product\/12-point-nut-with-groove\/#breadcrumb","itemListElement":[{"@type":"ListItem","position":1,"name":"Home","item":"https:\/\/jbsy-china.com\/"},{"@type":"ListItem","position":2,"name":"Products","item":"https:\/\/jbsy-china.com\/shop\/"},{"@type":"ListItem","position":3,"name":"12-point nut with groove"}]},{"@type":"WebSite","@id":"https:\/\/jbsy-china.com\/#website","url":"https:\/\/jbsy-china.com\/","name":"Jingbang Industrie","description":"Hersteller von Hardware und Elektronik","publisher":{"@id":"https:\/\/jbsy-china.com\/#organization"},"potentialAction":[{"@type":"SearchAction","target":{"@type":"EntryPoint","urlTemplate":"https:\/\/jbsy-china.com\/?s={search_term_string}"},"query-input":{"@type":"PropertyValueSpecification","valueRequired":true,"valueName":"search_term_string"}}],"inLanguage":"de"},{"@type":"Organization","@id":"https:\/\/jbsy-china.com\/#organization","name":"Jingbang Industrie","url":"https:\/\/jbsy-china.com\/","logo":{"@type":"ImageObject","inLanguage":"de","@id":"https:\/\/jbsy-china.com\/#\/schema\/logo\/image\/","url":"https:\/\/jbsy-china.com\/wp-content\/uploads\/2023\/11\/cropped-\u56fe\u5c42-1.png","contentUrl":"https:\/\/jbsy-china.com\/wp-content\/uploads\/2023\/11\/cropped-\u56fe\u5c42-1.png","width":1049,"height":739,"caption":"Jingbang Industrial"},"image":{"@id":"https:\/\/jbsy-china.com\/#\/schema\/logo\/image\/"}}]}},"_links":{"self":[{"href":"https:\/\/jbsy-china.com\/de\/wp-json\/wp\/v2\/product\/33451","targetHints":{"allow":["GET"]}}],"collection":[{"href":"https:\/\/jbsy-china.com\/de\/wp-json\/wp\/v2\/product"}],"about":[{"href":"https:\/\/jbsy-china.com\/de\/wp-json\/wp\/v2\/types\/product"}],"replies":[{"embeddable":true,"href":"https:\/\/jbsy-china.com\/de\/wp-json\/wp\/v2\/comments?post=33451"}],"wp:featuredmedia":[{"embeddable":true,"href":"https:\/\/jbsy-china.com\/de\/wp-json\/wp\/v2\/media\/33370"}],"wp:attachment":[{"href":"https:\/\/jbsy-china.com\/de\/wp-json\/wp\/v2\/media?parent=33451"}],"wp:term":[{"taxonomy":"product_brand","embeddable":true,"href":"https:\/\/jbsy-china.com\/de\/wp-json\/wp\/v2\/product_brand?post=33451"},{"taxonomy":"product_cat","embeddable":true,"href":"https:\/\/jbsy-china.com\/de\/wp-json\/wp\/v2\/product_cat?post=33451"},{"taxonomy":"product_tag","embeddable":true,"href":"https:\/\/jbsy-china.com\/de\/wp-json\/wp\/v2\/product_tag?post=33451"}],"curies":[{"name":"wp","href":"https:\/\/api.w.org\/{rel}","templated":true}]}}