{"id":33463,"date":"2025-05-16T06:48:12","date_gmt":"2025-05-16T06:48:12","guid":{"rendered":"https:\/\/jbsy-china.com\/?post_type=product&#038;p=33463"},"modified":"2025-06-11T08:43:16","modified_gmt":"2025-06-11T08:43:16","slug":"304-stainless-steel-chicago-screws","status":"publish","type":"product","link":"https:\/\/jbsy-china.com\/de\/produkt\/304-stainless-steel-chicago-screws\/","title":{"rendered":"Chicago-Schrauben aus Edelstahl"},"content":{"rendered":"<p><img fetchpriority=\"high\" decoding=\"async\" class=\"alignnone size-full wp-image-31578\" src=\"http:\/\/jbsy-china.com\/wp-content\/uploads\/2025\/02\/\u51b7\u9566\u8be6\u60c5\u9875_01.jpg\" alt=\"\" width=\"790\" height=\"329\" srcset=\"https:\/\/jbsy-china.com\/wp-content\/uploads\/2025\/02\/\u51b7\u9566\u8be6\u60c5\u9875_01.jpg 790w, https:\/\/jbsy-china.com\/wp-content\/uploads\/2025\/02\/\u51b7\u9566\u8be6\u60c5\u9875_01-300x125.jpg 300w, https:\/\/jbsy-china.com\/wp-content\/uploads\/2025\/02\/\u51b7\u9566\u8be6\u60c5\u9875_01-768x320.jpg 768w, https:\/\/jbsy-china.com\/wp-content\/uploads\/2025\/02\/\u51b7\u9566\u8be6\u60c5\u9875_01-600x250.jpg 600w\" sizes=\"(max-width: 790px) 100vw, 790px\" \/> <img decoding=\"async\" class=\"alignnone size-full wp-image-31579\" src=\"http:\/\/jbsy-china.com\/wp-content\/uploads\/2025\/02\/\u51b7\u9566\u8be6\u60c5\u9875_02.jpg\" alt=\"\" width=\"790\" height=\"981\" srcset=\"https:\/\/jbsy-china.com\/wp-content\/uploads\/2025\/02\/\u51b7\u9566\u8be6\u60c5\u9875_02.jpg 790w, https:\/\/jbsy-china.com\/wp-content\/uploads\/2025\/02\/\u51b7\u9566\u8be6\u60c5\u9875_02-242x300.jpg 242w, https:\/\/jbsy-china.com\/wp-content\/uploads\/2025\/02\/\u51b7\u9566\u8be6\u60c5\u9875_02-768x954.jpg 768w, https:\/\/jbsy-china.com\/wp-content\/uploads\/2025\/02\/\u51b7\u9566\u8be6\u60c5\u9875_02-600x745.jpg 600w\" sizes=\"(max-width: 790px) 100vw, 790px\" \/> <img decoding=\"async\" class=\"alignnone size-full wp-image-31580\" src=\"http:\/\/jbsy-china.com\/wp-content\/uploads\/2025\/02\/\u51b7\u9566\u8be6\u60c5\u9875_03.jpg\" alt=\"\" width=\"790\" height=\"740\" srcset=\"https:\/\/jbsy-china.com\/wp-content\/uploads\/2025\/02\/\u51b7\u9566\u8be6\u60c5\u9875_03.jpg 790w, https:\/\/jbsy-china.com\/wp-content\/uploads\/2025\/02\/\u51b7\u9566\u8be6\u60c5\u9875_03-300x281.jpg 300w, https:\/\/jbsy-china.com\/wp-content\/uploads\/2025\/02\/\u51b7\u9566\u8be6\u60c5\u9875_03-768x719.jpg 768w, https:\/\/jbsy-china.com\/wp-content\/uploads\/2025\/02\/\u51b7\u9566\u8be6\u60c5\u9875_03-600x562.jpg 600w\" sizes=\"(max-width: 790px) 100vw, 790px\" \/> <img loading=\"lazy\" decoding=\"async\" class=\"alignnone size-full wp-image-31581\" src=\"http:\/\/jbsy-china.com\/wp-content\/uploads\/2025\/02\/\u51b7\u9566\u8be6\u60c5\u9875_04.jpg\" alt=\"\" width=\"790\" height=\"739\" srcset=\"https:\/\/jbsy-china.com\/wp-content\/uploads\/2025\/02\/\u51b7\u9566\u8be6\u60c5\u9875_04.jpg 790w, https:\/\/jbsy-china.com\/wp-content\/uploads\/2025\/02\/\u51b7\u9566\u8be6\u60c5\u9875_04-300x281.jpg 300w, https:\/\/jbsy-china.com\/wp-content\/uploads\/2025\/02\/\u51b7\u9566\u8be6\u60c5\u9875_04-768x718.jpg 768w, https:\/\/jbsy-china.com\/wp-content\/uploads\/2025\/02\/\u51b7\u9566\u8be6\u60c5\u9875_04-600x561.jpg 600w\" sizes=\"(max-width: 790px) 100vw, 790px\" \/> <img loading=\"lazy\" decoding=\"async\" class=\"alignnone size-full wp-image-31583\" src=\"http:\/\/jbsy-china.com\/wp-content\/uploads\/2025\/02\/\u51b7\u9566\u8be6\u60c5\u9875_05_01.jpg\" alt=\"\" width=\"790\" height=\"677\" srcset=\"https:\/\/jbsy-china.com\/wp-content\/uploads\/2025\/02\/\u51b7\u9566\u8be6\u60c5\u9875_05_01.jpg 790w, https:\/\/jbsy-china.com\/wp-content\/uploads\/2025\/02\/\u51b7\u9566\u8be6\u60c5\u9875_05_01-300x257.jpg 300w, https:\/\/jbsy-china.com\/wp-content\/uploads\/2025\/02\/\u51b7\u9566\u8be6\u60c5\u9875_05_01-768x658.jpg 768w, https:\/\/jbsy-china.com\/wp-content\/uploads\/2025\/02\/\u51b7\u9566\u8be6\u60c5\u9875_05_01-600x514.jpg 600w\" sizes=\"(max-width: 790px) 100vw, 790px\" \/><\/p>\n<p><strong>Das Kaltstauchverfahren ist eines der neuen Verfahren f\u00fcr die Druckbearbeitung mit weniger oder gar keiner Zerspanung<\/strong><br \/>\n<strong>Metall. Es handelt sich um eine Verarbeitungsmethode, die die plastische Verformung von Metall unter der Einwirkung von<\/strong><br \/>\n<strong>\u00e4u\u00dfere Kr\u00e4fte, und mit Hilfe von Formen wird das Metallvolumen umverteilt und in die Form gebracht<\/strong><br \/>\n<strong>die gew\u00fcnschten Teile oder Rohlinge. Das Kaltstauchverfahren ist am besten geeignet f\u00fcr die Herstellung von Standard<\/strong><br \/>\n<strong>Verbindungselemente wie Bolzen, Schrauben, Muttern, Nieten, Stifte usw.<\/strong><\/p>\n<p><img loading=\"lazy\" decoding=\"async\" class=\"alignnone size-full wp-image-31585\" src=\"http:\/\/jbsy-china.com\/wp-content\/uploads\/2025\/02\/\u51b7\u9566\u8be6\u60c5\u9875_05_03.jpg\" alt=\"\" width=\"790\" height=\"603\" srcset=\"https:\/\/jbsy-china.com\/wp-content\/uploads\/2025\/02\/\u51b7\u9566\u8be6\u60c5\u9875_05_03.jpg 790w, https:\/\/jbsy-china.com\/wp-content\/uploads\/2025\/02\/\u51b7\u9566\u8be6\u60c5\u9875_05_03-300x229.jpg 300w, https:\/\/jbsy-china.com\/wp-content\/uploads\/2025\/02\/\u51b7\u9566\u8be6\u60c5\u9875_05_03-768x586.jpg 768w, https:\/\/jbsy-china.com\/wp-content\/uploads\/2025\/02\/\u51b7\u9566\u8be6\u60c5\u9875_05_03-600x458.jpg 600w\" sizes=\"(max-width: 790px) 100vw, 790px\" \/> <img loading=\"lazy\" decoding=\"async\" class=\"alignnone size-full wp-image-31586\" src=\"http:\/\/jbsy-china.com\/wp-content\/uploads\/2025\/02\/\u51b7\u9566\u8be6\u60c5\u9875_06.jpg\" alt=\"\" width=\"790\" height=\"742\" srcset=\"https:\/\/jbsy-china.com\/wp-content\/uploads\/2025\/02\/\u51b7\u9566\u8be6\u60c5\u9875_06.jpg 790w, https:\/\/jbsy-china.com\/wp-content\/uploads\/2025\/02\/\u51b7\u9566\u8be6\u60c5\u9875_06-300x282.jpg 300w, https:\/\/jbsy-china.com\/wp-content\/uploads\/2025\/02\/\u51b7\u9566\u8be6\u60c5\u9875_06-768x721.jpg 768w, https:\/\/jbsy-china.com\/wp-content\/uploads\/2025\/02\/\u51b7\u9566\u8be6\u60c5\u9875_06-600x564.jpg 600w\" sizes=\"(max-width: 790px) 100vw, 790px\" \/><\/p>\n<p class=\"ds-markdown-paragraph\"><strong>Rostfreier Stahl <a href=\"https:\/\/jbsy-china.com\/de\/chicago-screw\/\">Chicago-Schrauben<\/a><\/strong>\u00a0(auch bekannt als\u00a0<strong>Sexbolzen<\/strong>\u00a0oder\u00a0<strong>Bindef\u00e4sser<\/strong>) sind hochbelastbare, korrosionsbest\u00e4ndige Verbindungselemente, die f\u00fcr die permanente oder semipermanente Montage in anspruchsvollen Umgebungen entwickelt wurden. Diese zweiteiligen Befestigungselemente bestehen aus einem\u00a0<strong>Au\u00dfengewindebolzen<\/strong>\u00a0und eine\u00a0<strong>Fass mit Innengewinde<\/strong>\u00a0die zusammengeschraubt werden und einen sauberen, b\u00fcndigen Abschluss ohne freiliegende Gewinde bilden.<\/p>\n<hr \/>\n<h2><strong>Hauptmerkmale und Spezifikationen<\/strong><\/h2>\n<h3><strong>1. Material &amp; Ausf\u00fchrung<\/strong><\/h3>\n<ul>\n<li>\n<p class=\"ds-markdown-paragraph\"><strong>Material:<\/strong>\u00a0<strong>304 oder 316 Edelstahl<\/strong>\u00a0(f\u00fcr maximale Korrosionsbest\u00e4ndigkeit).<\/p>\n<ul>\n<li>\n<p class=\"ds-markdown-paragraph\"><strong>304 (18-8 SS):<\/strong>\u00a0Ideal f\u00fcr den allgemeinen Gebrauch (innen\/au\u00dfen).<\/p>\n<\/li>\n<\/ul>\n<\/li>\n<\/ul>\n<h3><strong>2. Entwurf &amp; Konstruktion<\/strong><\/h3>\n<ul>\n<li>\n<p class=\"ds-markdown-paragraph\"><strong>Zweiteiliges System:<\/strong><\/p>\n<ul>\n<li>\n<p class=\"ds-markdown-paragraph\"><strong>Au\u00dfenbolzen (Pfosten):<\/strong>\u00a0Welle mit Au\u00dfengewinde.<\/p>\n<\/li>\n<\/ul>\n<\/li>\n<li>\n<p class=\"ds-markdown-paragraph\"><strong>Unterputzmontage:<\/strong> Sitzt fast flach, wenn er angezogen ist, und sorgt f\u00fcr ein glattes, professionelles Aussehen.<\/p>\n<\/li>\n<\/ul>\n<hr \/>\n<h2><strong>\u2705 Vorteile gegen\u00fcber Standard-Schrauben<\/strong><\/h2>\n<p class=\"ds-markdown-paragraph\">\ud83d\udd39\u00a0<strong>Extreme Korrosionsbest\u00e4ndigkeit<\/strong> (am besten f\u00fcr nasse\/raue Umgebungen).<br \/>\n\ud83d\udd39\u00a0<strong>Hohe Zugfestigkeit<\/strong> (st\u00e4rker als Aluminium oder Messing).<\/p>\n<hr \/>\n<h2><strong>Endg\u00fcltiges Urteil<\/strong><\/h2>\n<p class=\"ds-markdown-paragraph\">Chicago-Schrauben aus rostfreiem Stahl sind die\u00a0<strong>die ultimative Wahl f\u00fcr hochfeste, wetterfeste und langlebige Befestigungen<\/strong>\u00a0in der Schifffahrt, in der Industrie und bei Au\u00dfenanwendungen. Im Gegensatz zu billigeren Alternativen, sie\u00a0<strong>rostet nicht, bricht nicht und l\u00f6st sich nicht leicht<\/strong>Dadurch sind sie ideal f\u00fcr kritische Baugruppen.<\/p>\n<p class=\"ds-markdown-paragraph\">Chicago-Schrauben aus rostfreiem Stahl sind die\u00a0<strong>Goldstandard f\u00fcr dauerhafte und leistungsstarke Befestigungen<\/strong>\u00a0\u00fcber alle Branchen hinweg. Ihre Kombination aus\u00a0<strong>mechanische Robustheit, Umweltbest\u00e4ndigkeit und professionelle Verarbeitung<\/strong>\u00a0macht sie unverzichtbar f\u00fcr:<\/p>\n<ul>\n<li>\n<p class=\"ds-markdown-paragraph\"><strong>Ingenieure<\/strong>\u00a0die zuverl\u00e4ssige Baugruppen ben\u00f6tigen<\/p>\n<\/li>\n<li>\n<p class=\"ds-markdown-paragraph\"><strong>Verarbeiter<\/strong>\u00a0die dauerhafte Hardware erfordern<\/p>\n<\/li>\n<li>\n<p class=\"ds-markdown-paragraph\"><strong>Gestalter<\/strong>\u00a0Suche nach funktionaler \u00c4sthetik<\/p>\n<\/li>\n<\/ul>\n<p class=\"ds-markdown-paragraph\">F\u00fcr unternehmenskritische Anwendungen,\u00a0<strong>316 Marinequalit\u00e4t angeben<\/strong>\u00a0mit ordnungsgem\u00e4\u00dfer Passivierung. F\u00fcr kostenbewusste Projekte,\u00a0<strong>Die Sorte 304 bietet eine hervorragende Ausgewogenheit<\/strong>. Passen Sie die Schraubenl\u00e4nge immer an die Materialst\u00e4rke an, um eine optimale Leistung zu erzielen.<\/p>","protected":false},"excerpt":{"rendered":"<h6><strong>Wesentliche Merkmale\u00a0<\/strong><\/h6>\n<ul>\n<li style=\"list-style-type: none;\">\n<ul>\n<li>\n<p class=\"ds-markdown-paragraph\"><strong>304 (18-8 SS):<\/strong>\u00a0Ideal f\u00fcr den allgemeinen Gebrauch (innen\/au\u00dfen).<\/p>\n<\/li>\n<li>\n<p class=\"ds-markdown-paragraph\"><strong>316 (Marinequalit\u00e4t):<\/strong>\u00a0Hervorragende Best\u00e4ndigkeit gegen Salzwasser und Chemikalien.<\/p>\n<\/li>\n<li>\n<p class=\"ds-markdown-paragraph\"><strong>Beenden:<\/strong>\u00a0Edelstahl natur (silber) oder optional\u00a0<strong>schwarzes Oxid<\/strong>\u00a0f\u00fcr ein getarntes Aussehen.<\/p>\n<\/li>\n<\/ul>\n<\/li>\n<\/ul>","protected":false},"featured_media":33466,"comment_status":"open","ping_status":"closed","template":"","meta":{"site-sidebar-layout":"default","site-content-layout":"","ast-site-content-layout":"default","site-content-style":"default","site-sidebar-style":"default","ast-global-header-display":"","ast-banner-title-visibility":"","ast-main-header-display":"","ast-hfb-above-header-display":"","ast-hfb-below-header-display":"","ast-hfb-mobile-header-display":"","site-post-title":"","ast-breadcrumbs-content":"","ast-featured-img":"","footer-sml-layout":"","ast-disable-related-posts":"","theme-transparent-header-meta":"default","adv-header-id-meta":"","stick-header-meta":"default","header-above-stick-meta":"","header-main-stick-meta":"","header-below-stick-meta":"","astra-migrate-meta-layouts":"set","ast-page-background-enabled":"default","ast-page-background-meta":{"desktop":{"background-color":"var(--ast-global-color-4)","background-image":"","background-repeat":"repeat","background-position":"center center","background-size":"auto","background-attachment":"scroll","background-type":"","background-media":"","overlay-type":"","overlay-color":"","overlay-opacity":"","overlay-gradient":""},"tablet":{"background-color":"","background-image":"","background-repeat":"repeat","background-position":"center center","background-size":"auto","background-attachment":"scroll","background-type":"","background-media":"","overlay-type":"","overlay-color":"","overlay-opacity":"","overlay-gradient":""},"mobile":{"background-color":"","background-image":"","background-repeat":"repeat","background-position":"center center","background-size":"auto","background-attachment":"scroll","background-type":"","background-media":"","overlay-type":"","overlay-color":"","overlay-opacity":"","overlay-gradient":""}},"ast-content-background-meta":{"desktop":{"background-color":"var(--ast-global-color-5)","background-image":"","background-repeat":"repeat","background-position":"center center","background-size":"auto","background-attachment":"scroll","background-type":"","background-media":"","overlay-type":"","overlay-color":"","overlay-opacity":"","overlay-gradient":""},"tablet":{"background-color":"var(--ast-global-color-5)","background-image":"","background-repeat":"repeat","background-position":"center center","background-size":"auto","background-attachment":"scroll","background-type":"","background-media":"","overlay-type":"","overlay-color":"","overlay-opacity":"","overlay-gradient":""},"mobile":{"background-color":"var(--ast-global-color-5)","background-image":"","background-repeat":"repeat","background-position":"center center","background-size":"auto","background-attachment":"scroll","background-type":"","background-media":"","overlay-type":"","overlay-color":"","overlay-opacity":"","overlay-gradient":""}},"_themeisle_gutenberg_block_has_review":false,"_ti_tpc_template_sync":false,"_ti_tpc_template_id":""},"product_brand":[],"product_cat":[1276],"product_tag":[],"class_list":{"0":"post-33463","1":"product","2":"type-product","3":"status-publish","4":"has-post-thumbnail","6":"product_cat-chicago-screw","7":"desktop-align-left","8":"tablet-align-left","9":"mobile-align-left","10":"ast-product-gallery-layout-horizontal-slider","11":"ast-product-tabs-layout-horizontal","12":"ast-qv-on-image","14":"first","15":"instock","16":"shipping-taxable","17":"product-type-simple"},"yoast_head":"<!-- This site is optimized with the Yoast SEO Premium plugin v21.7 (Yoast SEO v25.7) - https:\/\/yoast.com\/wordpress\/plugins\/seo\/ -->\n<title>Stainless Steel Chicago Screws - Jingbang Industrial<\/title>\n<meta name=\"description\" content=\"Stainless Steel Chicago Screws are heavy-duty, corrosion-resistant fasteners designed for permanent or semi-permanent assembly in demanding environments.\" \/>\n<meta name=\"robots\" content=\"index, follow, max-snippet:-1, max-image-preview:large, max-video-preview:-1\" \/>\n<link rel=\"canonical\" href=\"https:\/\/jbsy-china.com\/de\/produkt\/304-stainless-steel-chicago-screws\/\" \/>\n<meta property=\"og:locale\" content=\"de_DE\" \/>\n<meta property=\"og:type\" content=\"article\" \/>\n<meta property=\"og:title\" content=\"Stainless Steel Chicago Screws\" \/>\n<meta property=\"og:description\" content=\"Stainless Steel Chicago Screws are heavy-duty, corrosion-resistant fasteners designed for permanent or semi-permanent assembly in demanding environments.\" \/>\n<meta property=\"og:url\" content=\"https:\/\/jbsy-china.com\/de\/produkt\/304-stainless-steel-chicago-screws\/\" \/>\n<meta property=\"og:site_name\" content=\"Jingbang Industrial\" \/>\n<meta property=\"article:modified_time\" content=\"2025-06-11T08:43:16+00:00\" \/>\n<meta property=\"og:image\" content=\"http:\/\/jbsy-china.com\/wp-content\/uploads\/2025\/05\/304\u4e0d\u9508\u94a2\u5b50\u6bcd\u87ba\u9489.jpg\" \/>\n\t<meta property=\"og:image:width\" content=\"800\" \/>\n\t<meta property=\"og:image:height\" content=\"800\" \/>\n\t<meta property=\"og:image:type\" content=\"image\/jpeg\" \/>\n<meta name=\"twitter:card\" content=\"summary_large_image\" \/>\n<meta name=\"twitter:label1\" content=\"Gesch\u00e4tzte Lesezeit\" \/>\n\t<meta name=\"twitter:data1\" content=\"3\u00a0Minuten\" \/>\n<script type=\"application\/ld+json\" class=\"yoast-schema-graph\">{\"@context\":\"https:\/\/schema.org\",\"@graph\":[{\"@type\":\"WebPage\",\"@id\":\"https:\/\/jbsy-china.com\/product\/304-stainless-steel-chicago-screws\/\",\"url\":\"https:\/\/jbsy-china.com\/product\/304-stainless-steel-chicago-screws\/\",\"name\":\"Stainless Steel Chicago Screws - Jingbang Industrial\",\"isPartOf\":{\"@id\":\"https:\/\/jbsy-china.com\/#website\"},\"primaryImageOfPage\":{\"@id\":\"https:\/\/jbsy-china.com\/product\/304-stainless-steel-chicago-screws\/#primaryimage\"},\"image\":{\"@id\":\"https:\/\/jbsy-china.com\/product\/304-stainless-steel-chicago-screws\/#primaryimage\"},\"thumbnailUrl\":\"https:\/\/jbsy-china.com\/wp-content\/uploads\/2025\/05\/304\u4e0d\u9508\u94a2\u5b50\u6bcd\u87ba\u9489.jpg\",\"datePublished\":\"2025-05-16T06:48:12+00:00\",\"dateModified\":\"2025-06-11T08:43:16+00:00\",\"description\":\"Stainless Steel Chicago Screws are heavy-duty, corrosion-resistant fasteners designed for permanent or semi-permanent assembly in demanding environments.\",\"breadcrumb\":{\"@id\":\"https:\/\/jbsy-china.com\/product\/304-stainless-steel-chicago-screws\/#breadcrumb\"},\"inLanguage\":\"de\",\"potentialAction\":[{\"@type\":\"ReadAction\",\"target\":[\"https:\/\/jbsy-china.com\/product\/304-stainless-steel-chicago-screws\/\"]}]},{\"@type\":\"ImageObject\",\"inLanguage\":\"de\",\"@id\":\"https:\/\/jbsy-china.com\/product\/304-stainless-steel-chicago-screws\/#primaryimage\",\"url\":\"https:\/\/jbsy-china.com\/wp-content\/uploads\/2025\/05\/304\u4e0d\u9508\u94a2\u5b50\u6bcd\u87ba\u9489.jpg\",\"contentUrl\":\"https:\/\/jbsy-china.com\/wp-content\/uploads\/2025\/05\/304\u4e0d\u9508\u94a2\u5b50\u6bcd\u87ba\u9489.jpg\",\"width\":800,\"height\":800},{\"@type\":\"BreadcrumbList\",\"@id\":\"https:\/\/jbsy-china.com\/product\/304-stainless-steel-chicago-screws\/#breadcrumb\",\"itemListElement\":[{\"@type\":\"ListItem\",\"position\":1,\"name\":\"Home\",\"item\":\"https:\/\/jbsy-china.com\/\"},{\"@type\":\"ListItem\",\"position\":2,\"name\":\"Products\",\"item\":\"https:\/\/jbsy-china.com\/shop\/\"},{\"@type\":\"ListItem\",\"position\":3,\"name\":\"Stainless Steel Chicago Screws\"}]},{\"@type\":\"WebSite\",\"@id\":\"https:\/\/jbsy-china.com\/#website\",\"url\":\"https:\/\/jbsy-china.com\/\",\"name\":\"Jingbang Industrial\",\"description\":\"Hardware and electronics manufacturer\",\"publisher\":{\"@id\":\"https:\/\/jbsy-china.com\/#organization\"},\"potentialAction\":[{\"@type\":\"SearchAction\",\"target\":{\"@type\":\"EntryPoint\",\"urlTemplate\":\"https:\/\/jbsy-china.com\/?s={search_term_string}\"},\"query-input\":{\"@type\":\"PropertyValueSpecification\",\"valueRequired\":true,\"valueName\":\"search_term_string\"}}],\"inLanguage\":\"de\"},{\"@type\":\"Organization\",\"@id\":\"https:\/\/jbsy-china.com\/#organization\",\"name\":\"Jingbang Industrial\",\"url\":\"https:\/\/jbsy-china.com\/\",\"logo\":{\"@type\":\"ImageObject\",\"inLanguage\":\"de\",\"@id\":\"https:\/\/jbsy-china.com\/#\/schema\/logo\/image\/\",\"url\":\"https:\/\/jbsy-china.com\/wp-content\/uploads\/2023\/11\/cropped-\u56fe\u5c42-1.png\",\"contentUrl\":\"https:\/\/jbsy-china.com\/wp-content\/uploads\/2023\/11\/cropped-\u56fe\u5c42-1.png\",\"width\":1049,\"height\":739,\"caption\":\"Jingbang Industrial\"},\"image\":{\"@id\":\"https:\/\/jbsy-china.com\/#\/schema\/logo\/image\/\"}}]}<\/script>\n<!-- \/ Yoast SEO Premium plugin. -->","yoast_head_json":{"title":"Stainless Steel Chicago Screws - Jingbang Industrial","description":"Stainless Steel Chicago Screws are heavy-duty, corrosion-resistant fasteners designed for permanent or semi-permanent assembly in demanding environments.","robots":{"index":"index","follow":"follow","max-snippet":"max-snippet:-1","max-image-preview":"max-image-preview:large","max-video-preview":"max-video-preview:-1"},"canonical":"https:\/\/jbsy-china.com\/de\/produkt\/304-stainless-steel-chicago-screws\/","og_locale":"de_DE","og_type":"article","og_title":"Stainless Steel Chicago Screws","og_description":"Stainless Steel Chicago Screws are heavy-duty, corrosion-resistant fasteners designed for permanent or semi-permanent assembly in demanding environments.","og_url":"https:\/\/jbsy-china.com\/de\/produkt\/304-stainless-steel-chicago-screws\/","og_site_name":"Jingbang Industrial","article_modified_time":"2025-06-11T08:43:16+00:00","og_image":[{"width":800,"height":800,"url":"http:\/\/jbsy-china.com\/wp-content\/uploads\/2025\/05\/304\u4e0d\u9508\u94a2\u5b50\u6bcd\u87ba\u9489.jpg","type":"image\/jpeg"}],"twitter_card":"summary_large_image","twitter_misc":{"Gesch\u00e4tzte Lesezeit":"3\u00a0Minuten"},"schema":{"@context":"https:\/\/schema.org","@graph":[{"@type":"WebPage","@id":"https:\/\/jbsy-china.com\/product\/304-stainless-steel-chicago-screws\/","url":"https:\/\/jbsy-china.com\/product\/304-stainless-steel-chicago-screws\/","name":"Stainless Steel Chicago Screws - Jingbang Industrial","isPartOf":{"@id":"https:\/\/jbsy-china.com\/#website"},"primaryImageOfPage":{"@id":"https:\/\/jbsy-china.com\/product\/304-stainless-steel-chicago-screws\/#primaryimage"},"image":{"@id":"https:\/\/jbsy-china.com\/product\/304-stainless-steel-chicago-screws\/#primaryimage"},"thumbnailUrl":"https:\/\/jbsy-china.com\/wp-content\/uploads\/2025\/05\/304\u4e0d\u9508\u94a2\u5b50\u6bcd\u87ba\u9489.jpg","datePublished":"2025-05-16T06:48:12+00:00","dateModified":"2025-06-11T08:43:16+00:00","description":"Stainless Steel Chicago Screws are heavy-duty, corrosion-resistant fasteners designed for permanent or semi-permanent assembly in demanding environments.","breadcrumb":{"@id":"https:\/\/jbsy-china.com\/product\/304-stainless-steel-chicago-screws\/#breadcrumb"},"inLanguage":"de","potentialAction":[{"@type":"ReadAction","target":["https:\/\/jbsy-china.com\/product\/304-stainless-steel-chicago-screws\/"]}]},{"@type":"ImageObject","inLanguage":"de","@id":"https:\/\/jbsy-china.com\/product\/304-stainless-steel-chicago-screws\/#primaryimage","url":"https:\/\/jbsy-china.com\/wp-content\/uploads\/2025\/05\/304\u4e0d\u9508\u94a2\u5b50\u6bcd\u87ba\u9489.jpg","contentUrl":"https:\/\/jbsy-china.com\/wp-content\/uploads\/2025\/05\/304\u4e0d\u9508\u94a2\u5b50\u6bcd\u87ba\u9489.jpg","width":800,"height":800},{"@type":"BreadcrumbList","@id":"https:\/\/jbsy-china.com\/product\/304-stainless-steel-chicago-screws\/#breadcrumb","itemListElement":[{"@type":"ListItem","position":1,"name":"Home","item":"https:\/\/jbsy-china.com\/"},{"@type":"ListItem","position":2,"name":"Products","item":"https:\/\/jbsy-china.com\/shop\/"},{"@type":"ListItem","position":3,"name":"Stainless Steel Chicago Screws"}]},{"@type":"WebSite","@id":"https:\/\/jbsy-china.com\/#website","url":"https:\/\/jbsy-china.com\/","name":"Jingbang Industrie","description":"Hersteller von Hardware und Elektronik","publisher":{"@id":"https:\/\/jbsy-china.com\/#organization"},"potentialAction":[{"@type":"SearchAction","target":{"@type":"EntryPoint","urlTemplate":"https:\/\/jbsy-china.com\/?s={search_term_string}"},"query-input":{"@type":"PropertyValueSpecification","valueRequired":true,"valueName":"search_term_string"}}],"inLanguage":"de"},{"@type":"Organization","@id":"https:\/\/jbsy-china.com\/#organization","name":"Jingbang Industrie","url":"https:\/\/jbsy-china.com\/","logo":{"@type":"ImageObject","inLanguage":"de","@id":"https:\/\/jbsy-china.com\/#\/schema\/logo\/image\/","url":"https:\/\/jbsy-china.com\/wp-content\/uploads\/2023\/11\/cropped-\u56fe\u5c42-1.png","contentUrl":"https:\/\/jbsy-china.com\/wp-content\/uploads\/2023\/11\/cropped-\u56fe\u5c42-1.png","width":1049,"height":739,"caption":"Jingbang Industrial"},"image":{"@id":"https:\/\/jbsy-china.com\/#\/schema\/logo\/image\/"}}]}},"_links":{"self":[{"href":"https:\/\/jbsy-china.com\/de\/wp-json\/wp\/v2\/product\/33463","targetHints":{"allow":["GET"]}}],"collection":[{"href":"https:\/\/jbsy-china.com\/de\/wp-json\/wp\/v2\/product"}],"about":[{"href":"https:\/\/jbsy-china.com\/de\/wp-json\/wp\/v2\/types\/product"}],"replies":[{"embeddable":true,"href":"https:\/\/jbsy-china.com\/de\/wp-json\/wp\/v2\/comments?post=33463"}],"wp:featuredmedia":[{"embeddable":true,"href":"https:\/\/jbsy-china.com\/de\/wp-json\/wp\/v2\/media\/33466"}],"wp:attachment":[{"href":"https:\/\/jbsy-china.com\/de\/wp-json\/wp\/v2\/media?parent=33463"}],"wp:term":[{"taxonomy":"product_brand","embeddable":true,"href":"https:\/\/jbsy-china.com\/de\/wp-json\/wp\/v2\/product_brand?post=33463"},{"taxonomy":"product_cat","embeddable":true,"href":"https:\/\/jbsy-china.com\/de\/wp-json\/wp\/v2\/product_cat?post=33463"},{"taxonomy":"product_tag","embeddable":true,"href":"https:\/\/jbsy-china.com\/de\/wp-json\/wp\/v2\/product_tag?post=33463"}],"curies":[{"name":"wp","href":"https:\/\/api.w.org\/{rel}","templated":true}]}}