{"id":33495,"date":"2025-05-16T07:06:10","date_gmt":"2025-05-16T07:06:10","guid":{"rendered":"https:\/\/jbsy-china.com\/?post_type=product&#038;p=33495"},"modified":"2025-06-05T09:11:38","modified_gmt":"2025-06-05T09:11:38","slug":"slotted-chicago-screws","status":"publish","type":"product","link":"https:\/\/jbsy-china.com\/de\/produkt\/slotted-chicago-screws\/","title":{"rendered":"Chicagoer Schlitz-Schrauben"},"content":{"rendered":"<p><a href=\"https:\/\/jbsy-china.com\/de\/chicago-screw\/\"><img fetchpriority=\"high\" decoding=\"async\" class=\"alignnone size-full wp-image-31578\" src=\"http:\/\/jbsy-china.com\/wp-content\/uploads\/2025\/02\/\u51b7\u9566\u8be6\u60c5\u9875_01.jpg\" alt=\"\" width=\"790\" height=\"329\" srcset=\"https:\/\/jbsy-china.com\/wp-content\/uploads\/2025\/02\/\u51b7\u9566\u8be6\u60c5\u9875_01.jpg 790w, https:\/\/jbsy-china.com\/wp-content\/uploads\/2025\/02\/\u51b7\u9566\u8be6\u60c5\u9875_01-300x125.jpg 300w, https:\/\/jbsy-china.com\/wp-content\/uploads\/2025\/02\/\u51b7\u9566\u8be6\u60c5\u9875_01-768x320.jpg 768w, https:\/\/jbsy-china.com\/wp-content\/uploads\/2025\/02\/\u51b7\u9566\u8be6\u60c5\u9875_01-600x250.jpg 600w\" sizes=\"(max-width: 790px) 100vw, 790px\" \/><\/a> <img decoding=\"async\" class=\"alignnone size-full wp-image-31579\" src=\"http:\/\/jbsy-china.com\/wp-content\/uploads\/2025\/02\/\u51b7\u9566\u8be6\u60c5\u9875_02.jpg\" alt=\"\" width=\"790\" height=\"981\" srcset=\"https:\/\/jbsy-china.com\/wp-content\/uploads\/2025\/02\/\u51b7\u9566\u8be6\u60c5\u9875_02.jpg 790w, https:\/\/jbsy-china.com\/wp-content\/uploads\/2025\/02\/\u51b7\u9566\u8be6\u60c5\u9875_02-242x300.jpg 242w, https:\/\/jbsy-china.com\/wp-content\/uploads\/2025\/02\/\u51b7\u9566\u8be6\u60c5\u9875_02-768x954.jpg 768w, https:\/\/jbsy-china.com\/wp-content\/uploads\/2025\/02\/\u51b7\u9566\u8be6\u60c5\u9875_02-600x745.jpg 600w\" sizes=\"(max-width: 790px) 100vw, 790px\" \/> <img decoding=\"async\" class=\"alignnone size-full wp-image-31580\" src=\"http:\/\/jbsy-china.com\/wp-content\/uploads\/2025\/02\/\u51b7\u9566\u8be6\u60c5\u9875_03.jpg\" alt=\"\" width=\"790\" height=\"740\" srcset=\"https:\/\/jbsy-china.com\/wp-content\/uploads\/2025\/02\/\u51b7\u9566\u8be6\u60c5\u9875_03.jpg 790w, https:\/\/jbsy-china.com\/wp-content\/uploads\/2025\/02\/\u51b7\u9566\u8be6\u60c5\u9875_03-300x281.jpg 300w, https:\/\/jbsy-china.com\/wp-content\/uploads\/2025\/02\/\u51b7\u9566\u8be6\u60c5\u9875_03-768x719.jpg 768w, https:\/\/jbsy-china.com\/wp-content\/uploads\/2025\/02\/\u51b7\u9566\u8be6\u60c5\u9875_03-600x562.jpg 600w\" sizes=\"(max-width: 790px) 100vw, 790px\" \/> <img loading=\"lazy\" decoding=\"async\" class=\"alignnone size-full wp-image-31581\" src=\"http:\/\/jbsy-china.com\/wp-content\/uploads\/2025\/02\/\u51b7\u9566\u8be6\u60c5\u9875_04.jpg\" alt=\"\" width=\"790\" height=\"739\" srcset=\"https:\/\/jbsy-china.com\/wp-content\/uploads\/2025\/02\/\u51b7\u9566\u8be6\u60c5\u9875_04.jpg 790w, https:\/\/jbsy-china.com\/wp-content\/uploads\/2025\/02\/\u51b7\u9566\u8be6\u60c5\u9875_04-300x281.jpg 300w, https:\/\/jbsy-china.com\/wp-content\/uploads\/2025\/02\/\u51b7\u9566\u8be6\u60c5\u9875_04-768x718.jpg 768w, https:\/\/jbsy-china.com\/wp-content\/uploads\/2025\/02\/\u51b7\u9566\u8be6\u60c5\u9875_04-600x561.jpg 600w\" sizes=\"(max-width: 790px) 100vw, 790px\" \/> <img loading=\"lazy\" decoding=\"async\" class=\"alignnone size-full wp-image-31583\" src=\"http:\/\/jbsy-china.com\/wp-content\/uploads\/2025\/02\/\u51b7\u9566\u8be6\u60c5\u9875_05_01.jpg\" alt=\"\" width=\"790\" height=\"677\" srcset=\"https:\/\/jbsy-china.com\/wp-content\/uploads\/2025\/02\/\u51b7\u9566\u8be6\u60c5\u9875_05_01.jpg 790w, https:\/\/jbsy-china.com\/wp-content\/uploads\/2025\/02\/\u51b7\u9566\u8be6\u60c5\u9875_05_01-300x257.jpg 300w, https:\/\/jbsy-china.com\/wp-content\/uploads\/2025\/02\/\u51b7\u9566\u8be6\u60c5\u9875_05_01-768x658.jpg 768w, https:\/\/jbsy-china.com\/wp-content\/uploads\/2025\/02\/\u51b7\u9566\u8be6\u60c5\u9875_05_01-600x514.jpg 600w\" sizes=\"(max-width: 790px) 100vw, 790px\" \/><\/p>\n<p><strong>Das Kaltstauchverfahren ist eines der neuen Verfahren f\u00fcr die Druckbearbeitung mit weniger oder gar keiner Zerspanung<\/strong><br \/>\n<strong>Metall. Es handelt sich um eine Verarbeitungsmethode, die die plastische Verformung von Metall unter der Einwirkung von<\/strong><br \/>\n<strong>\u00e4u\u00dfere Kr\u00e4fte, und mit Hilfe von Formen wird das Metallvolumen umverteilt und in die Form gebracht<\/strong><br \/>\n<strong>die gew\u00fcnschten Teile oder Rohlinge. Das Kaltstauchverfahren ist am besten geeignet f\u00fcr die Herstellung von Standard<\/strong><br \/>\n<strong>Verbindungselemente wie Bolzen, Schrauben, Muttern, Nieten, Stifte usw.<\/strong><\/p>\n<p><img loading=\"lazy\" decoding=\"async\" class=\"alignnone size-full wp-image-31585\" src=\"http:\/\/jbsy-china.com\/wp-content\/uploads\/2025\/02\/\u51b7\u9566\u8be6\u60c5\u9875_05_03.jpg\" alt=\"\" width=\"790\" height=\"603\" srcset=\"https:\/\/jbsy-china.com\/wp-content\/uploads\/2025\/02\/\u51b7\u9566\u8be6\u60c5\u9875_05_03.jpg 790w, https:\/\/jbsy-china.com\/wp-content\/uploads\/2025\/02\/\u51b7\u9566\u8be6\u60c5\u9875_05_03-300x229.jpg 300w, https:\/\/jbsy-china.com\/wp-content\/uploads\/2025\/02\/\u51b7\u9566\u8be6\u60c5\u9875_05_03-768x586.jpg 768w, https:\/\/jbsy-china.com\/wp-content\/uploads\/2025\/02\/\u51b7\u9566\u8be6\u60c5\u9875_05_03-600x458.jpg 600w\" sizes=\"(max-width: 790px) 100vw, 790px\" \/> <img loading=\"lazy\" decoding=\"async\" class=\"alignnone size-full wp-image-31586\" src=\"http:\/\/jbsy-china.com\/wp-content\/uploads\/2025\/02\/\u51b7\u9566\u8be6\u60c5\u9875_06.jpg\" alt=\"\" width=\"790\" height=\"742\" srcset=\"https:\/\/jbsy-china.com\/wp-content\/uploads\/2025\/02\/\u51b7\u9566\u8be6\u60c5\u9875_06.jpg 790w, https:\/\/jbsy-china.com\/wp-content\/uploads\/2025\/02\/\u51b7\u9566\u8be6\u60c5\u9875_06-300x282.jpg 300w, https:\/\/jbsy-china.com\/wp-content\/uploads\/2025\/02\/\u51b7\u9566\u8be6\u60c5\u9875_06-768x721.jpg 768w, https:\/\/jbsy-china.com\/wp-content\/uploads\/2025\/02\/\u51b7\u9566\u8be6\u60c5\u9875_06-600x564.jpg 600w\" sizes=\"(max-width: 790px) 100vw, 790px\" \/><\/p>\n<h4><strong>1. Grundlegende Definition<\/strong><\/h4>\n<p class=\"ds-markdown-paragraph\">Chicagoer Schlitzschrauben (gemeinhin als\u00a0<em>Sexbolzen<\/em>\u00a0oder\u00a0<em>Bindef\u00e4sser<\/em>) sind spezielle zweiteilige Verbindungselemente, die f\u00fcr sichere, b\u00fcndige Montagen entwickelt wurden. Diese mechanischen Befestigungen bestehen aus zwei ineinander greifenden Komponenten:<\/p>\n<ul>\n<li>\n<p class=\"ds-markdown-paragraph\"><strong>M\u00e4nnliche Schraube<\/strong>: Mit geschlitztem Antriebskopf und Au\u00dfengewinde<\/p>\n<\/li>\n<li>\n<p class=\"ds-markdown-paragraph\"><strong>Weibliches Fass<\/strong>: Enth\u00e4lt Innengewinde und einen Au\u00dfenflansch zur Lastverteilung<\/p>\n<\/li>\n<\/ul>\n<h4><strong>2. Wesentliche Merkmale<\/strong><\/h4>\n<ul>\n<li>\n<p class=\"ds-markdown-paragraph\"><strong>Reversible Montage<\/strong>: Erm\u00f6glicht wiederholte Demontage ohne Materialbesch\u00e4digung<\/p>\n<\/li>\n<li>\n<p class=\"ds-markdown-paragraph\"><strong>Unterputz-Montagem\u00f6glichkeit<\/strong>: Senkk\u00f6pfe sitzen nahezu b\u00fcndig mit Oberfl\u00e4chen<\/p>\n<\/li>\n<li>\n<p class=\"ds-markdown-paragraph\"><strong>Vibrationsbest\u00e4ndigkeit<\/strong>: Gewindeverbindung widersteht Selbstlockerung<\/p>\n<\/li>\n<li>\n<p class=\"ds-markdown-paragraph\"><strong>Materialschonend<\/strong>: Eliminiert die bei Nieten \u00fcblichen Drucksch\u00e4den<\/p>\n<\/li>\n<\/ul>\n<h4><strong>4. Mechanische Eigenschaften<\/strong><\/h4>\n<ul>\n<li>\n<p class=\"ds-markdown-paragraph\"><strong>Zugfestigkeit<\/strong>: 45.000-70.000 psi (Kohlenstoffstahl)<\/p>\n<\/li>\n<li>\n<p class=\"ds-markdown-paragraph\"><strong>Scherfestigkeit<\/strong>: ~60% der Zugfestigkeit<\/p>\n<\/li>\n<li>\n<p class=\"ds-markdown-paragraph\"><strong>Drehmoment Kapazit\u00e4t<\/strong>: 4-25 in-lbs je nach Gr\u00f6\u00dfe<\/p>\n<\/li>\n<li>\n<p class=\"ds-markdown-paragraph\"><strong>Temperaturbereich<\/strong>: -20\u00b0F bis +250\u00b0F (unbehandelter Stahl)<\/p>\n<\/li>\n<\/ul>\n<h4><strong>5. Funktionelle Vorteile<\/strong><\/h4>\n<ul>\n<li>\n<p class=\"ds-markdown-paragraph\"><strong>Pr\u00e4zise Spannungskontrolle<\/strong>: Einstellbare Dichtheit<\/p>\n<\/li>\n<li>\n<p class=\"ds-markdown-paragraph\"><strong>Saubere \u00c4sthetik<\/strong>: Flacher Einbau<\/p>\n<\/li>\n<li>\n<p class=\"ds-markdown-paragraph\"><strong>Material Vielseitigkeit<\/strong>: Kompatibel mit Leder, Holz, Kunststoffen, Verbundwerkstoffen<\/p>\n<\/li>\n<li>\n<p class=\"ds-markdown-paragraph\"><strong>Gebrauchstauglichkeit<\/strong>: Erleichtert den Zugang zur Wartung<\/p>\n<\/li>\n<\/ul>\n<h4><strong>6. Industrieanwendungen<\/strong><\/h4>\n<ul>\n<li>\n<p class=\"ds-markdown-paragraph\"><strong>Lederhandwerk<\/strong>: Holster, G\u00fcrtel, S\u00e4ttel<\/p>\n<\/li>\n<li>\n<p class=\"ds-markdown-paragraph\"><strong>Holzbearbeitung<\/strong>: M\u00f6bel, Schr\u00e4nke, Displays<\/p>\n<\/li>\n<li>\n<p class=\"ds-markdown-paragraph\"><strong>Industriell<\/strong>: Ger\u00e4tetafeln, Beschilderung<\/p>\n<\/li>\n<li>\n<p class=\"ds-markdown-paragraph\"><strong>Kommerziell<\/strong>: Verkaufsdisplays, Musterkoffer<\/p>\n<\/li>\n<\/ul>\n<ol start=\"1\">\n<li style=\"list-style-type: none;\"><\/li>\n<\/ol>\n<h4><strong>8. Qualit\u00e4tsindikatoren<\/strong><\/h4>\n<ul>\n<li>\n<p class=\"ds-markdown-paragraph\"><strong>F\u00e4den<\/strong>: Leichtg\u00e4ngiges Einrasten ohne Querf\u00e4deln<\/p>\n<\/li>\n<li>\n<p class=\"ds-markdown-paragraph\"><strong>Flansch<\/strong>: Flache Auflagefl\u00e4che ohne Grate<\/p>\n<\/li>\n<li>\n<p class=\"ds-markdown-paragraph\"><strong>Schlitz<\/strong>: Zentriert, ordnungsgem\u00e4\u00df bearbeitet f\u00fcr den Eingriff des Fahrers<\/p>\n<\/li>\n<\/ul>\n<h4><strong>10. \u00dcberlegungen zur Wartung<\/strong><\/h4>\n<ul>\n<li>\n<p class=\"ds-markdown-paragraph\"><strong>Inspektion<\/strong>: J\u00e4hrliche Kontrolle bei starkem Vibrationseinsatz<\/p>\n<\/li>\n<li>\n<p class=\"ds-markdown-paragraph\"><strong>Ersatz<\/strong>: Wenn Gewinde &gt;30% Verschlei\u00df aufweisen<\/p>\n<\/li>\n<li>\n<p class=\"ds-markdown-paragraph\"><strong>Korrosionsschutz<\/strong>: In feuchten Umgebungen beschichtete\/rostfreie Versionen verwenden<\/p>\n<\/li>\n<\/ul>\n<h4><strong>12. Historischer Kontext<\/strong><\/h4>\n<p class=\"ds-markdown-paragraph\">Erstmals im sp\u00e4ten 19. Jahrhundert f\u00fcr buchbinderische Anwendungen patentiert, haben sich die Chicagoer Schlitzschrauben zu unentbehrlichen Verbindungselementen in zahlreichen Branchen entwickelt. Ihr einfaches, aber effektives Design ist seit \u00fcber 100 Jahren weitgehend unver\u00e4ndert geblieben und beweist eine au\u00dfergew\u00f6hnliche funktionale Langlebigkeit.<\/p>","protected":false},"excerpt":{"rendered":"<h6><strong>Wesentliche Merkmale<\/strong><\/h6>\n<ul>\n<li>\n<p class=\"ds-markdown-paragraph\"><strong>Reversible Montage<\/strong>: Erm\u00f6glicht wiederholte Demontage ohne Materialbesch\u00e4digung<\/p>\n<\/li>\n<li>\n<p class=\"ds-markdown-paragraph\"><strong>Unterputz-Montagem\u00f6glichkeit<\/strong>: Senkk\u00f6pfe sitzen nahezu b\u00fcndig mit Oberfl\u00e4chen<\/p>\n<\/li>\n<li>\n<p class=\"ds-markdown-paragraph\"><strong>Vibrationsbest\u00e4ndigkeit<\/strong>: Gewindeverbindung widersteht Selbstlockerung<\/p>\n<\/li>\n<\/ul>","protected":false},"featured_media":33476,"comment_status":"open","ping_status":"closed","template":"","meta":{"site-sidebar-layout":"default","site-content-layout":"","ast-site-content-layout":"default","site-content-style":"default","site-sidebar-style":"default","ast-global-header-display":"","ast-banner-title-visibility":"","ast-main-header-display":"","ast-hfb-above-header-display":"","ast-hfb-below-header-display":"","ast-hfb-mobile-header-display":"","site-post-title":"","ast-breadcrumbs-content":"","ast-featured-img":"","footer-sml-layout":"","ast-disable-related-posts":"","theme-transparent-header-meta":"default","adv-header-id-meta":"","stick-header-meta":"default","header-above-stick-meta":"","header-main-stick-meta":"","header-below-stick-meta":"","astra-migrate-meta-layouts":"set","ast-page-background-enabled":"default","ast-page-background-meta":{"desktop":{"background-color":"var(--ast-global-color-4)","background-image":"","background-repeat":"repeat","background-position":"center center","background-size":"auto","background-attachment":"scroll","background-type":"","background-media":"","overlay-type":"","overlay-color":"","overlay-opacity":"","overlay-gradient":""},"tablet":{"background-color":"","background-image":"","background-repeat":"repeat","background-position":"center center","background-size":"auto","background-attachment":"scroll","background-type":"","background-media":"","overlay-type":"","overlay-color":"","overlay-opacity":"","overlay-gradient":""},"mobile":{"background-color":"","background-image":"","background-repeat":"repeat","background-position":"center center","background-size":"auto","background-attachment":"scroll","background-type":"","background-media":"","overlay-type":"","overlay-color":"","overlay-opacity":"","overlay-gradient":""}},"ast-content-background-meta":{"desktop":{"background-color":"var(--ast-global-color-5)","background-image":"","background-repeat":"repeat","background-position":"center center","background-size":"auto","background-attachment":"scroll","background-type":"","background-media":"","overlay-type":"","overlay-color":"","overlay-opacity":"","overlay-gradient":""},"tablet":{"background-color":"var(--ast-global-color-5)","background-image":"","background-repeat":"repeat","background-position":"center center","background-size":"auto","background-attachment":"scroll","background-type":"","background-media":"","overlay-type":"","overlay-color":"","overlay-opacity":"","overlay-gradient":""},"mobile":{"background-color":"var(--ast-global-color-5)","background-image":"","background-repeat":"repeat","background-position":"center center","background-size":"auto","background-attachment":"scroll","background-type":"","background-media":"","overlay-type":"","overlay-color":"","overlay-opacity":"","overlay-gradient":""}},"_themeisle_gutenberg_block_has_review":false,"_ti_tpc_template_sync":false,"_ti_tpc_template_id":""},"product_brand":[],"product_cat":[1276],"product_tag":[],"class_list":{"0":"post-33495","1":"product","2":"type-product","3":"status-publish","4":"has-post-thumbnail","6":"product_cat-chicago-screw","7":"desktop-align-left","8":"tablet-align-left","9":"mobile-align-left","10":"ast-product-gallery-layout-horizontal-slider","11":"ast-product-tabs-layout-horizontal","12":"ast-qv-on-image","14":"first","15":"instock","16":"shipping-taxable","17":"product-type-simple"},"yoast_head":"<!-- This site is optimized with the Yoast SEO Premium plugin v21.7 (Yoast SEO v25.7) - https:\/\/yoast.com\/wordpress\/plugins\/seo\/ -->\n<title>Slotted Chicago Screws - Jingbang Industrial<\/title>\n<meta name=\"description\" content=\"Slotted Chicago screws (commonly called sex bolts or binding barrels) are specialized two-piece fasteners designed for secure, flush-mounted assemblies.\" \/>\n<meta name=\"robots\" content=\"index, follow, max-snippet:-1, max-image-preview:large, max-video-preview:-1\" \/>\n<link rel=\"canonical\" href=\"https:\/\/jbsy-china.com\/de\/produkt\/slotted-chicago-screws\/\" \/>\n<meta property=\"og:locale\" content=\"de_DE\" \/>\n<meta property=\"og:type\" content=\"article\" \/>\n<meta property=\"og:title\" content=\"Slotted Chicago Screws\" \/>\n<meta property=\"og:description\" content=\"Slotted Chicago screws (commonly called sex bolts or binding barrels) are specialized two-piece fasteners designed for secure, flush-mounted assemblies.\" \/>\n<meta property=\"og:url\" content=\"https:\/\/jbsy-china.com\/de\/produkt\/slotted-chicago-screws\/\" \/>\n<meta property=\"og:site_name\" content=\"Jingbang Industrial\" \/>\n<meta property=\"article:modified_time\" content=\"2025-06-05T09:11:38+00:00\" \/>\n<meta property=\"og:image\" content=\"http:\/\/jbsy-china.com\/wp-content\/uploads\/2025\/05\/\u4e00\u5b57\u6c89\u5934\u5b50\u6bcd\u87ba\u9489.jpg\" \/>\n\t<meta property=\"og:image:width\" content=\"800\" \/>\n\t<meta property=\"og:image:height\" content=\"800\" \/>\n\t<meta property=\"og:image:type\" content=\"image\/jpeg\" \/>\n<meta name=\"twitter:card\" content=\"summary_large_image\" \/>\n<meta name=\"twitter:label1\" content=\"Gesch\u00e4tzte Lesezeit\" \/>\n\t<meta name=\"twitter:data1\" content=\"4\u00a0Minuten\" \/>\n<script type=\"application\/ld+json\" class=\"yoast-schema-graph\">{\"@context\":\"https:\/\/schema.org\",\"@graph\":[{\"@type\":\"WebPage\",\"@id\":\"https:\/\/jbsy-china.com\/product\/slotted-chicago-screws\/\",\"url\":\"https:\/\/jbsy-china.com\/product\/slotted-chicago-screws\/\",\"name\":\"Slotted Chicago Screws - Jingbang Industrial\",\"isPartOf\":{\"@id\":\"https:\/\/jbsy-china.com\/#website\"},\"primaryImageOfPage\":{\"@id\":\"https:\/\/jbsy-china.com\/product\/slotted-chicago-screws\/#primaryimage\"},\"image\":{\"@id\":\"https:\/\/jbsy-china.com\/product\/slotted-chicago-screws\/#primaryimage\"},\"thumbnailUrl\":\"https:\/\/jbsy-china.com\/wp-content\/uploads\/2025\/05\/\u4e00\u5b57\u6c89\u5934\u5b50\u6bcd\u87ba\u9489.jpg\",\"datePublished\":\"2025-05-16T07:06:10+00:00\",\"dateModified\":\"2025-06-05T09:11:38+00:00\",\"description\":\"Slotted Chicago screws (commonly called sex bolts or binding barrels) are specialized two-piece fasteners designed for secure, flush-mounted assemblies.\",\"breadcrumb\":{\"@id\":\"https:\/\/jbsy-china.com\/product\/slotted-chicago-screws\/#breadcrumb\"},\"inLanguage\":\"de\",\"potentialAction\":[{\"@type\":\"ReadAction\",\"target\":[\"https:\/\/jbsy-china.com\/product\/slotted-chicago-screws\/\"]}]},{\"@type\":\"ImageObject\",\"inLanguage\":\"de\",\"@id\":\"https:\/\/jbsy-china.com\/product\/slotted-chicago-screws\/#primaryimage\",\"url\":\"https:\/\/jbsy-china.com\/wp-content\/uploads\/2025\/05\/\u4e00\u5b57\u6c89\u5934\u5b50\u6bcd\u87ba\u9489.jpg\",\"contentUrl\":\"https:\/\/jbsy-china.com\/wp-content\/uploads\/2025\/05\/\u4e00\u5b57\u6c89\u5934\u5b50\u6bcd\u87ba\u9489.jpg\",\"width\":800,\"height\":800},{\"@type\":\"BreadcrumbList\",\"@id\":\"https:\/\/jbsy-china.com\/product\/slotted-chicago-screws\/#breadcrumb\",\"itemListElement\":[{\"@type\":\"ListItem\",\"position\":1,\"name\":\"Home\",\"item\":\"https:\/\/jbsy-china.com\/\"},{\"@type\":\"ListItem\",\"position\":2,\"name\":\"Products\",\"item\":\"https:\/\/jbsy-china.com\/shop\/\"},{\"@type\":\"ListItem\",\"position\":3,\"name\":\"Slotted Chicago Screws\"}]},{\"@type\":\"WebSite\",\"@id\":\"https:\/\/jbsy-china.com\/#website\",\"url\":\"https:\/\/jbsy-china.com\/\",\"name\":\"Jingbang Industrial\",\"description\":\"Hardware and electronics manufacturer\",\"publisher\":{\"@id\":\"https:\/\/jbsy-china.com\/#organization\"},\"potentialAction\":[{\"@type\":\"SearchAction\",\"target\":{\"@type\":\"EntryPoint\",\"urlTemplate\":\"https:\/\/jbsy-china.com\/?s={search_term_string}\"},\"query-input\":{\"@type\":\"PropertyValueSpecification\",\"valueRequired\":true,\"valueName\":\"search_term_string\"}}],\"inLanguage\":\"de\"},{\"@type\":\"Organization\",\"@id\":\"https:\/\/jbsy-china.com\/#organization\",\"name\":\"Jingbang Industrial\",\"url\":\"https:\/\/jbsy-china.com\/\",\"logo\":{\"@type\":\"ImageObject\",\"inLanguage\":\"de\",\"@id\":\"https:\/\/jbsy-china.com\/#\/schema\/logo\/image\/\",\"url\":\"https:\/\/jbsy-china.com\/wp-content\/uploads\/2023\/11\/cropped-\u56fe\u5c42-1.png\",\"contentUrl\":\"https:\/\/jbsy-china.com\/wp-content\/uploads\/2023\/11\/cropped-\u56fe\u5c42-1.png\",\"width\":1049,\"height\":739,\"caption\":\"Jingbang Industrial\"},\"image\":{\"@id\":\"https:\/\/jbsy-china.com\/#\/schema\/logo\/image\/\"}}]}<\/script>\n<!-- \/ Yoast SEO Premium plugin. -->","yoast_head_json":{"title":"Slotted Chicago Screws - Jingbang Industrial","description":"Slotted Chicago screws (commonly called sex bolts or binding barrels) are specialized two-piece fasteners designed for secure, flush-mounted assemblies.","robots":{"index":"index","follow":"follow","max-snippet":"max-snippet:-1","max-image-preview":"max-image-preview:large","max-video-preview":"max-video-preview:-1"},"canonical":"https:\/\/jbsy-china.com\/de\/produkt\/slotted-chicago-screws\/","og_locale":"de_DE","og_type":"article","og_title":"Slotted Chicago Screws","og_description":"Slotted Chicago screws (commonly called sex bolts or binding barrels) are specialized two-piece fasteners designed for secure, flush-mounted assemblies.","og_url":"https:\/\/jbsy-china.com\/de\/produkt\/slotted-chicago-screws\/","og_site_name":"Jingbang Industrial","article_modified_time":"2025-06-05T09:11:38+00:00","og_image":[{"width":800,"height":800,"url":"http:\/\/jbsy-china.com\/wp-content\/uploads\/2025\/05\/\u4e00\u5b57\u6c89\u5934\u5b50\u6bcd\u87ba\u9489.jpg","type":"image\/jpeg"}],"twitter_card":"summary_large_image","twitter_misc":{"Gesch\u00e4tzte Lesezeit":"4\u00a0Minuten"},"schema":{"@context":"https:\/\/schema.org","@graph":[{"@type":"WebPage","@id":"https:\/\/jbsy-china.com\/product\/slotted-chicago-screws\/","url":"https:\/\/jbsy-china.com\/product\/slotted-chicago-screws\/","name":"Slotted Chicago Screws - Jingbang Industrial","isPartOf":{"@id":"https:\/\/jbsy-china.com\/#website"},"primaryImageOfPage":{"@id":"https:\/\/jbsy-china.com\/product\/slotted-chicago-screws\/#primaryimage"},"image":{"@id":"https:\/\/jbsy-china.com\/product\/slotted-chicago-screws\/#primaryimage"},"thumbnailUrl":"https:\/\/jbsy-china.com\/wp-content\/uploads\/2025\/05\/\u4e00\u5b57\u6c89\u5934\u5b50\u6bcd\u87ba\u9489.jpg","datePublished":"2025-05-16T07:06:10+00:00","dateModified":"2025-06-05T09:11:38+00:00","description":"Slotted Chicago screws (commonly called sex bolts or binding barrels) are specialized two-piece fasteners designed for secure, flush-mounted assemblies.","breadcrumb":{"@id":"https:\/\/jbsy-china.com\/product\/slotted-chicago-screws\/#breadcrumb"},"inLanguage":"de","potentialAction":[{"@type":"ReadAction","target":["https:\/\/jbsy-china.com\/product\/slotted-chicago-screws\/"]}]},{"@type":"ImageObject","inLanguage":"de","@id":"https:\/\/jbsy-china.com\/product\/slotted-chicago-screws\/#primaryimage","url":"https:\/\/jbsy-china.com\/wp-content\/uploads\/2025\/05\/\u4e00\u5b57\u6c89\u5934\u5b50\u6bcd\u87ba\u9489.jpg","contentUrl":"https:\/\/jbsy-china.com\/wp-content\/uploads\/2025\/05\/\u4e00\u5b57\u6c89\u5934\u5b50\u6bcd\u87ba\u9489.jpg","width":800,"height":800},{"@type":"BreadcrumbList","@id":"https:\/\/jbsy-china.com\/product\/slotted-chicago-screws\/#breadcrumb","itemListElement":[{"@type":"ListItem","position":1,"name":"Home","item":"https:\/\/jbsy-china.com\/"},{"@type":"ListItem","position":2,"name":"Products","item":"https:\/\/jbsy-china.com\/shop\/"},{"@type":"ListItem","position":3,"name":"Slotted Chicago Screws"}]},{"@type":"WebSite","@id":"https:\/\/jbsy-china.com\/#website","url":"https:\/\/jbsy-china.com\/","name":"Jingbang Industrie","description":"Hersteller von Hardware und Elektronik","publisher":{"@id":"https:\/\/jbsy-china.com\/#organization"},"potentialAction":[{"@type":"SearchAction","target":{"@type":"EntryPoint","urlTemplate":"https:\/\/jbsy-china.com\/?s={search_term_string}"},"query-input":{"@type":"PropertyValueSpecification","valueRequired":true,"valueName":"search_term_string"}}],"inLanguage":"de"},{"@type":"Organization","@id":"https:\/\/jbsy-china.com\/#organization","name":"Jingbang Industrie","url":"https:\/\/jbsy-china.com\/","logo":{"@type":"ImageObject","inLanguage":"de","@id":"https:\/\/jbsy-china.com\/#\/schema\/logo\/image\/","url":"https:\/\/jbsy-china.com\/wp-content\/uploads\/2023\/11\/cropped-\u56fe\u5c42-1.png","contentUrl":"https:\/\/jbsy-china.com\/wp-content\/uploads\/2023\/11\/cropped-\u56fe\u5c42-1.png","width":1049,"height":739,"caption":"Jingbang Industrial"},"image":{"@id":"https:\/\/jbsy-china.com\/#\/schema\/logo\/image\/"}}]}},"_links":{"self":[{"href":"https:\/\/jbsy-china.com\/de\/wp-json\/wp\/v2\/product\/33495","targetHints":{"allow":["GET"]}}],"collection":[{"href":"https:\/\/jbsy-china.com\/de\/wp-json\/wp\/v2\/product"}],"about":[{"href":"https:\/\/jbsy-china.com\/de\/wp-json\/wp\/v2\/types\/product"}],"replies":[{"embeddable":true,"href":"https:\/\/jbsy-china.com\/de\/wp-json\/wp\/v2\/comments?post=33495"}],"wp:featuredmedia":[{"embeddable":true,"href":"https:\/\/jbsy-china.com\/de\/wp-json\/wp\/v2\/media\/33476"}],"wp:attachment":[{"href":"https:\/\/jbsy-china.com\/de\/wp-json\/wp\/v2\/media?parent=33495"}],"wp:term":[{"taxonomy":"product_brand","embeddable":true,"href":"https:\/\/jbsy-china.com\/de\/wp-json\/wp\/v2\/product_brand?post=33495"},{"taxonomy":"product_cat","embeddable":true,"href":"https:\/\/jbsy-china.com\/de\/wp-json\/wp\/v2\/product_cat?post=33495"},{"taxonomy":"product_tag","embeddable":true,"href":"https:\/\/jbsy-china.com\/de\/wp-json\/wp\/v2\/product_tag?post=33495"}],"curies":[{"name":"wp","href":"https:\/\/api.w.org\/{rel}","templated":true}]}}