{"id":33543,"date":"2025-05-16T07:34:01","date_gmt":"2025-05-16T07:34:01","guid":{"rendered":"https:\/\/jbsy-china.com\/?post_type=product&#038;p=33543"},"modified":"2025-05-26T09:11:39","modified_gmt":"2025-05-26T09:11:39","slug":"stainless-steel-hexagon-oil-plug-screw","status":"publish","type":"product","link":"https:\/\/jbsy-china.com\/de\/produkt\/stainless-steel-hexagon-oil-plug-screw\/","title":{"rendered":"Sechskant-\u00d6lverschlussschraube aus Edelstahl"},"content":{"rendered":"<p><img fetchpriority=\"high\" decoding=\"async\" class=\"alignnone size-full wp-image-31578\" src=\"http:\/\/jbsy-china.com\/wp-content\/uploads\/2025\/02\/\u51b7\u9566\u8be6\u60c5\u9875_01.jpg\" alt=\"\" width=\"790\" height=\"329\" srcset=\"https:\/\/jbsy-china.com\/wp-content\/uploads\/2025\/02\/\u51b7\u9566\u8be6\u60c5\u9875_01.jpg 790w, https:\/\/jbsy-china.com\/wp-content\/uploads\/2025\/02\/\u51b7\u9566\u8be6\u60c5\u9875_01-300x125.jpg 300w, https:\/\/jbsy-china.com\/wp-content\/uploads\/2025\/02\/\u51b7\u9566\u8be6\u60c5\u9875_01-768x320.jpg 768w, https:\/\/jbsy-china.com\/wp-content\/uploads\/2025\/02\/\u51b7\u9566\u8be6\u60c5\u9875_01-600x250.jpg 600w\" sizes=\"(max-width: 790px) 100vw, 790px\" \/> <img decoding=\"async\" class=\"alignnone size-full wp-image-31579\" src=\"http:\/\/jbsy-china.com\/wp-content\/uploads\/2025\/02\/\u51b7\u9566\u8be6\u60c5\u9875_02.jpg\" alt=\"\" width=\"790\" height=\"981\" srcset=\"https:\/\/jbsy-china.com\/wp-content\/uploads\/2025\/02\/\u51b7\u9566\u8be6\u60c5\u9875_02.jpg 790w, https:\/\/jbsy-china.com\/wp-content\/uploads\/2025\/02\/\u51b7\u9566\u8be6\u60c5\u9875_02-242x300.jpg 242w, https:\/\/jbsy-china.com\/wp-content\/uploads\/2025\/02\/\u51b7\u9566\u8be6\u60c5\u9875_02-768x954.jpg 768w, https:\/\/jbsy-china.com\/wp-content\/uploads\/2025\/02\/\u51b7\u9566\u8be6\u60c5\u9875_02-600x745.jpg 600w\" sizes=\"(max-width: 790px) 100vw, 790px\" \/> <img decoding=\"async\" class=\"alignnone size-full wp-image-31580\" src=\"http:\/\/jbsy-china.com\/wp-content\/uploads\/2025\/02\/\u51b7\u9566\u8be6\u60c5\u9875_03.jpg\" alt=\"\" width=\"790\" height=\"740\" srcset=\"https:\/\/jbsy-china.com\/wp-content\/uploads\/2025\/02\/\u51b7\u9566\u8be6\u60c5\u9875_03.jpg 790w, https:\/\/jbsy-china.com\/wp-content\/uploads\/2025\/02\/\u51b7\u9566\u8be6\u60c5\u9875_03-300x281.jpg 300w, https:\/\/jbsy-china.com\/wp-content\/uploads\/2025\/02\/\u51b7\u9566\u8be6\u60c5\u9875_03-768x719.jpg 768w, https:\/\/jbsy-china.com\/wp-content\/uploads\/2025\/02\/\u51b7\u9566\u8be6\u60c5\u9875_03-600x562.jpg 600w\" sizes=\"(max-width: 790px) 100vw, 790px\" \/> <img loading=\"lazy\" decoding=\"async\" class=\"alignnone size-full wp-image-31581\" src=\"http:\/\/jbsy-china.com\/wp-content\/uploads\/2025\/02\/\u51b7\u9566\u8be6\u60c5\u9875_04.jpg\" alt=\"\" width=\"790\" height=\"739\" srcset=\"https:\/\/jbsy-china.com\/wp-content\/uploads\/2025\/02\/\u51b7\u9566\u8be6\u60c5\u9875_04.jpg 790w, https:\/\/jbsy-china.com\/wp-content\/uploads\/2025\/02\/\u51b7\u9566\u8be6\u60c5\u9875_04-300x281.jpg 300w, https:\/\/jbsy-china.com\/wp-content\/uploads\/2025\/02\/\u51b7\u9566\u8be6\u60c5\u9875_04-768x718.jpg 768w, https:\/\/jbsy-china.com\/wp-content\/uploads\/2025\/02\/\u51b7\u9566\u8be6\u60c5\u9875_04-600x561.jpg 600w\" sizes=\"(max-width: 790px) 100vw, 790px\" \/> <img loading=\"lazy\" decoding=\"async\" class=\"alignnone size-full wp-image-31583\" src=\"http:\/\/jbsy-china.com\/wp-content\/uploads\/2025\/02\/\u51b7\u9566\u8be6\u60c5\u9875_05_01.jpg\" alt=\"\" width=\"790\" height=\"677\" srcset=\"https:\/\/jbsy-china.com\/wp-content\/uploads\/2025\/02\/\u51b7\u9566\u8be6\u60c5\u9875_05_01.jpg 790w, https:\/\/jbsy-china.com\/wp-content\/uploads\/2025\/02\/\u51b7\u9566\u8be6\u60c5\u9875_05_01-300x257.jpg 300w, https:\/\/jbsy-china.com\/wp-content\/uploads\/2025\/02\/\u51b7\u9566\u8be6\u60c5\u9875_05_01-768x658.jpg 768w, https:\/\/jbsy-china.com\/wp-content\/uploads\/2025\/02\/\u51b7\u9566\u8be6\u60c5\u9875_05_01-600x514.jpg 600w\" sizes=\"(max-width: 790px) 100vw, 790px\" \/><\/p>\n<p><strong>Das Kaltstauchverfahren ist eines der neuen Verfahren f\u00fcr die Druckbearbeitung mit weniger oder gar keiner Zerspanung<\/strong><br \/>\n<strong>Metall. Es handelt sich um eine Verarbeitungsmethode, die die plastische Verformung von Metall unter der Einwirkung von<\/strong><br \/>\n<strong>\u00e4u\u00dfere Kr\u00e4fte, und mit Hilfe von Formen wird das Metallvolumen umverteilt und in die Form gebracht<\/strong><br \/>\n<strong>die gew\u00fcnschten Teile oder Rohlinge. Das Kaltstauchverfahren ist am besten geeignet f\u00fcr die Herstellung von Standard<\/strong><br \/>\n<strong>Verbindungselemente wie Bolzen, Schrauben, Muttern, Nieten, Stifte usw.<\/strong><\/p>\n<p><img loading=\"lazy\" decoding=\"async\" class=\"alignnone size-full wp-image-31585\" src=\"http:\/\/jbsy-china.com\/wp-content\/uploads\/2025\/02\/\u51b7\u9566\u8be6\u60c5\u9875_05_03.jpg\" alt=\"\" width=\"790\" height=\"603\" srcset=\"https:\/\/jbsy-china.com\/wp-content\/uploads\/2025\/02\/\u51b7\u9566\u8be6\u60c5\u9875_05_03.jpg 790w, https:\/\/jbsy-china.com\/wp-content\/uploads\/2025\/02\/\u51b7\u9566\u8be6\u60c5\u9875_05_03-300x229.jpg 300w, https:\/\/jbsy-china.com\/wp-content\/uploads\/2025\/02\/\u51b7\u9566\u8be6\u60c5\u9875_05_03-768x586.jpg 768w, https:\/\/jbsy-china.com\/wp-content\/uploads\/2025\/02\/\u51b7\u9566\u8be6\u60c5\u9875_05_03-600x458.jpg 600w\" sizes=\"(max-width: 790px) 100vw, 790px\" \/> <img loading=\"lazy\" decoding=\"async\" class=\"alignnone size-full wp-image-31586\" src=\"http:\/\/jbsy-china.com\/wp-content\/uploads\/2025\/02\/\u51b7\u9566\u8be6\u60c5\u9875_06.jpg\" alt=\"\" width=\"790\" height=\"742\" srcset=\"https:\/\/jbsy-china.com\/wp-content\/uploads\/2025\/02\/\u51b7\u9566\u8be6\u60c5\u9875_06.jpg 790w, https:\/\/jbsy-china.com\/wp-content\/uploads\/2025\/02\/\u51b7\u9566\u8be6\u60c5\u9875_06-300x282.jpg 300w, https:\/\/jbsy-china.com\/wp-content\/uploads\/2025\/02\/\u51b7\u9566\u8be6\u60c5\u9875_06-768x721.jpg 768w, https:\/\/jbsy-china.com\/wp-content\/uploads\/2025\/02\/\u51b7\u9566\u8be6\u60c5\u9875_06-600x564.jpg 600w\" sizes=\"(max-width: 790px) 100vw, 790px\" \/><\/p>\n<h3><strong>Sechskant aus Edelstahl <a href=\"https:\/\/jbsy-china.com\/de\/oil-plug-screw\/\">Schraube f\u00fcr \u00d6lstopfen<\/a> - Detaillierte Beschreibung<\/strong><\/h3>\n<p class=\"ds-markdown-paragraph\">A\u00a0<strong>Sechskant-\u00d6lverschlussschraube aus Edelstahl<\/strong>\u00a0ist ein pr\u00e4zisionsgefertigtes Befestigungselement, das f\u00fcr die sichere Abdichtung von \u00d6lablass\u00f6ffnungen in Motoren, Getrieben, Hydrauliksystemen und Industriemaschinen entwickelt wurde. Die korrosionsbest\u00e4ndige Konstruktion und das Sechskantkopfdesign gew\u00e4hrleisten Langlebigkeit, eine einfache Installation und eine lecksichere Leistung.<\/p>\n<hr \/>\n<h3><strong>Hauptmerkmale und Spezifikationen<\/strong><\/h3>\n<h4><strong>1. Material &amp; Ausf\u00fchrung<\/strong><\/h4>\n<ul>\n<li>\n<p class=\"ds-markdown-paragraph\"><strong>Rostfreier Stahl Qualit\u00e4t:<\/strong>\u00a0Typischerweise\u00a0<strong>A2 (304) oder A4 (316)<\/strong>\u00a0f\u00fcr hervorragende Korrosionsbest\u00e4ndigkeit gegen \u00d6l, Wasser und Chemikalien.<\/p>\n<\/li>\n<li>\n<p class=\"ds-markdown-paragraph\"><strong>Oberfl\u00e4che:<\/strong>\u00a0Polierte, geb\u00fcrstete oder naturbelassene Oberfl\u00e4che zur Vermeidung von Abrieb und zur Gew\u00e4hrleistung eines reibungslosen Gewindeverlaufs.<\/p>\n<\/li>\n<\/ul>\n<h4><strong>2. Kopf Design<\/strong><\/h4>\n<ul>\n<li>\n<p class=\"ds-markdown-paragraph\"><strong>Sechskant (Hex) Kopf:<\/strong>\u00a0Erm\u00f6glicht das Festziehen\/L\u00f6sen mit einem\u00a0<strong>Schraubenschl\u00fcssel, Steckdose oder Inbusschl\u00fcssel<\/strong>\u00a0(je nach Ausf\u00fchrung).<\/p>\n<ul>\n<li>\n<p class=\"ds-markdown-paragraph\">\u00dcbliche Gr\u00f6\u00dfen:\u00a0<strong>10mm, 12mm, 14mm, 17mm<\/strong>\u00a0(Automobilindustrie) oder kundenspezifische Industriegr\u00f6\u00dfen.<\/p>\n<\/li>\n<\/ul>\n<\/li>\n<li>\n<p class=\"ds-markdown-paragraph\"><strong>Geflanschte Varianten:<\/strong>\u00a0Einige Modelle verf\u00fcgen \u00fcber einen integrierten Unterlegscheibenflansch f\u00fcr eine bessere Abdichtung ohne separate Quetschscheibe.<\/p>\n<\/li>\n<\/ul>\n<h4><strong>3. Gewindetyp und -gr\u00f6\u00dfe<\/strong><\/h4>\n<ul>\n<li>\n<p class=\"ds-markdown-paragraph\"><strong>Metrische Gewinde (z. B. M12x1,5, M14x1,5, M18x1,5)<\/strong>\u00a0- H\u00e4ufig in der Automobilindustrie und im Maschinenbau.<\/p>\n<\/li>\n<li>\n<p class=\"ds-markdown-paragraph\"><strong>NPT-Gewinde (National Pipe Taper)<\/strong>\u00a0- Wird in Hydraulik- und Industriesystemen zur druckdichten Abdichtung verwendet.<\/p>\n<\/li>\n<li>\n<p class=\"ds-markdown-paragraph\"><strong>BSP-Gewinde (Britischer Standard f\u00fcr Rohre)<\/strong>\u00a0- In europ\u00e4ischen und asiatischen Maschinen zu finden.<\/p>\n<\/li>\n<\/ul>\n<h4><strong>4. Dichtungsmechanismus<\/strong><\/h4>\n<ul>\n<li>\n<p class=\"ds-markdown-paragraph\"><strong>Quetschwalze (Kupfer\/Aluminium):<\/strong>\u00a0Gew\u00e4hrleistet eine dichte Abdichtung beim Anziehen.<\/p>\n<\/li>\n<li>\n<p class=\"ds-markdown-paragraph\"><strong>Integrierter O-Ring\/Dichtung:<\/strong>\u00a0Einige Modelle haben eine eingebaute Gummi- oder Silikondichtung.<\/p>\n<\/li>\n<li>\n<p class=\"ds-markdown-paragraph\"><strong>Magnetische Spitze (optional):<\/strong>\u00a0F\u00e4ngt Metallabrieb zum Schutz des Motors auf.<\/p>\n<\/li>\n<\/ul>\n<h4><strong>5. Anwendungen<\/strong><\/h4>\n<ul>\n<li>\n<p class=\"ds-markdown-paragraph\"><strong>Automobilindustrie:<\/strong>\u00a0Motor\u00f6lwannen, Getriebe, Differentiale.<\/p>\n<\/li>\n<li>\n<p class=\"ds-markdown-paragraph\"><strong>Industriell:<\/strong>\u00a0Hydraulische Systeme, Getriebe, Kompressoren.<\/p>\n<\/li>\n<li>\n<p class=\"ds-markdown-paragraph\"><strong>Marine:<\/strong>\u00a0Bootsmotoren und Maschinen, die Salzwasser ausgesetzt sind.<\/p>\n<\/li>\n<\/ul>\n<hr \/>\n<h3><strong>Variationen und Sondertypen<\/strong><\/h3>\n<ul>\n<li>\n<p class=\"ds-markdown-paragraph\"><strong>Magnetischer \u00d6lstopfen:<\/strong>\u00a0Enth\u00e4lt einen Magneten zum Auffangen von Metallpartikeln.<\/p>\n<\/li>\n<li>\n<p class=\"ds-markdown-paragraph\"><strong>Quick-Drain-Ventilstopfen:<\/strong>\u00a0Erm\u00f6glicht \u00d6lwechsel ohne vollst\u00e4ndigen Ausbau.<\/p>\n<\/li>\n<li>\n<p class=\"ds-markdown-paragraph\"><strong>Erweiterter Gewindestopfen:<\/strong>\u00a0F\u00fcr dickere \u00d6lwannen oder kundenspezifische Anwendungen.<\/p>\n<\/li>\n<\/ul>\n<h3><strong>Normen und Kompatibilit\u00e4t<\/strong><\/h3>\n<ul>\n<li>\n<p class=\"ds-markdown-paragraph\"><strong>DIN 908 \/ DIN 910<\/strong>\u00a0(deutsche Industrienormen).<\/p>\n<\/li>\n<li>\n<p class=\"ds-markdown-paragraph\"><strong>ISO 4032<\/strong>\u00a0(Metrische Sechskant-Schrauben).<\/p>\n<\/li>\n<\/ul>\n<hr \/>\n<h3><strong>Warum einen Sechskant-\u00d6lstopfen aus Edelstahl w\u00e4hlen?<\/strong><\/h3>\n<ul>\n<li>\n<p class=\"ds-markdown-paragraph\"><strong>Verl\u00e4sslichkeit:<\/strong>\u00a0Gew\u00e4hrleistet eine dichte Abdichtung bei Vibrationen und thermischer Ausdehnung.<\/p>\n<\/li>\n<li>\n<p class=\"ds-markdown-paragraph\"><strong>Kompatibilit\u00e4t:<\/strong>\u00a0Funktioniert mit synthetischen und mineralischen \u00d6len.<\/p>\n<\/li>\n<li>\n<p class=\"ds-markdown-paragraph\"><strong>Wartungsfreundlich:<\/strong>\u00a0Auch nach l\u00e4ngerem Gebrauch leicht zu entfernen.<\/p>\n<\/li>\n<\/ul>\n<p class=\"ds-markdown-paragraph\">Ideal f\u00fcr\u00a0<strong>Kfz-Werkst\u00e4tten, industrielle Wartung und Schiffsanwendungen<\/strong>\u00a0wo die Korrosionsbest\u00e4ndigkeit entscheidend ist.<\/p>","protected":false},"excerpt":{"rendered":"<h6><strong>Hauptmerkmale und Spezifikationen<\/strong><\/h6>\n<p><strong>1. Material &amp; Ausf\u00fchrung<\/strong><\/p>\n<ul>\n<li>\n<p class=\"ds-markdown-paragraph\"><strong>Rostfreier Stahl Qualit\u00e4t:<\/strong>\u00a0Typischerweise\u00a0<strong>A2 (304) oder A4 (316)<\/strong>\u00a0f\u00fcr hervorragende Korrosionsbest\u00e4ndigkeit gegen \u00d6l, Wasser und Chemikalien.<\/p>\n<\/li>\n<li>\n<p class=\"ds-markdown-paragraph\"><strong>Oberfl\u00e4che:<\/strong>\u00a0Polierte, geb\u00fcrstete oder naturbelassene Oberfl\u00e4che zur Vermeidung von Abrieb und zur Gew\u00e4hrleistung eines reibungslosen Gewindeverlaufs.<\/p>\n<\/li>\n<\/ul>\n<p><strong>2. Kopf Design<\/strong><\/p>\n<ul>\n<li>\n<p class=\"ds-markdown-paragraph\"><strong>Sechskant (Hex) Kopf:<\/strong>\u00a0Erm\u00f6glicht das Festziehen\/L\u00f6sen mit einem\u00a0<strong>Schraubenschl\u00fcssel, Steckdose oder Inbusschl\u00fcssel<\/strong>\u00a0(je nach Ausf\u00fchrung).<\/p>\n<\/li>\n<\/ul>","protected":false},"featured_media":33505,"comment_status":"open","ping_status":"closed","template":"","meta":{"site-sidebar-layout":"default","site-content-layout":"","ast-site-content-layout":"default","site-content-style":"default","site-sidebar-style":"default","ast-global-header-display":"","ast-banner-title-visibility":"","ast-main-header-display":"","ast-hfb-above-header-display":"","ast-hfb-below-header-display":"","ast-hfb-mobile-header-display":"","site-post-title":"","ast-breadcrumbs-content":"","ast-featured-img":"","footer-sml-layout":"","ast-disable-related-posts":"","theme-transparent-header-meta":"default","adv-header-id-meta":"","stick-header-meta":"default","header-above-stick-meta":"","header-main-stick-meta":"","header-below-stick-meta":"","astra-migrate-meta-layouts":"set","ast-page-background-enabled":"default","ast-page-background-meta":{"desktop":{"background-color":"var(--ast-global-color-4)","background-image":"","background-repeat":"repeat","background-position":"center center","background-size":"auto","background-attachment":"scroll","background-type":"","background-media":"","overlay-type":"","overlay-color":"","overlay-opacity":"","overlay-gradient":""},"tablet":{"background-color":"","background-image":"","background-repeat":"repeat","background-position":"center center","background-size":"auto","background-attachment":"scroll","background-type":"","background-media":"","overlay-type":"","overlay-color":"","overlay-opacity":"","overlay-gradient":""},"mobile":{"background-color":"","background-image":"","background-repeat":"repeat","background-position":"center center","background-size":"auto","background-attachment":"scroll","background-type":"","background-media":"","overlay-type":"","overlay-color":"","overlay-opacity":"","overlay-gradient":""}},"ast-content-background-meta":{"desktop":{"background-color":"var(--ast-global-color-5)","background-image":"","background-repeat":"repeat","background-position":"center center","background-size":"auto","background-attachment":"scroll","background-type":"","background-media":"","overlay-type":"","overlay-color":"","overlay-opacity":"","overlay-gradient":""},"tablet":{"background-color":"var(--ast-global-color-5)","background-image":"","background-repeat":"repeat","background-position":"center center","background-size":"auto","background-attachment":"scroll","background-type":"","background-media":"","overlay-type":"","overlay-color":"","overlay-opacity":"","overlay-gradient":""},"mobile":{"background-color":"var(--ast-global-color-5)","background-image":"","background-repeat":"repeat","background-position":"center center","background-size":"auto","background-attachment":"scroll","background-type":"","background-media":"","overlay-type":"","overlay-color":"","overlay-opacity":"","overlay-gradient":""}},"_themeisle_gutenberg_block_has_review":false,"_ti_tpc_template_sync":false,"_ti_tpc_template_id":""},"product_brand":[],"product_cat":[1277],"product_tag":[1288,1287,1286],"class_list":{"0":"post-33543","1":"product","2":"type-product","3":"status-publish","4":"has-post-thumbnail","6":"product_cat-oil-plug-screw","7":"product_tag-hex-oil-pan-plug","8":"product_tag-oil-sump-plug","9":"product_tag-stainless-steel-drain-bolt","10":"desktop-align-left","11":"tablet-align-left","12":"mobile-align-left","13":"ast-product-gallery-layout-horizontal-slider","14":"ast-product-tabs-layout-horizontal","15":"ast-qv-on-image","17":"first","18":"instock","19":"shipping-taxable","20":"product-type-simple"},"yoast_head":"<!-- This site is optimized with the Yoast SEO Premium plugin v21.7 (Yoast SEO v25.7) - https:\/\/yoast.com\/wordpress\/plugins\/seo\/ -->\n<title>Stainless steel hexagon oil plug screw - Jingbang Industrial<\/title>\n<meta name=\"description\" content=\"A Stainless steel hexagon oil plug screw is a type of fastener designed to seal oil drain ports in machinery, transmissions, or industrial equipment.\" \/>\n<meta name=\"robots\" content=\"index, follow, max-snippet:-1, max-image-preview:large, max-video-preview:-1\" \/>\n<link rel=\"canonical\" href=\"https:\/\/jbsy-china.com\/de\/produkt\/stainless-steel-hexagon-oil-plug-screw\/\" \/>\n<meta property=\"og:locale\" content=\"de_DE\" \/>\n<meta property=\"og:type\" content=\"article\" \/>\n<meta property=\"og:title\" content=\"Stainless steel hexagon oil plug screw\" \/>\n<meta property=\"og:description\" content=\"A Stainless steel hexagon oil plug screw is a type of fastener designed to seal oil drain ports in machinery, transmissions, or industrial equipment.\" \/>\n<meta property=\"og:url\" content=\"https:\/\/jbsy-china.com\/de\/produkt\/stainless-steel-hexagon-oil-plug-screw\/\" \/>\n<meta property=\"og:site_name\" content=\"Jingbang Industrial\" \/>\n<meta property=\"article:modified_time\" content=\"2025-05-26T09:11:39+00:00\" \/>\n<meta property=\"og:image\" content=\"http:\/\/jbsy-china.com\/wp-content\/uploads\/2025\/05\/\u4e0d\u9508\u94a2\u5916\u516d\u89d2\u6cb9\u585e\u87ba\u4e1d.jpg\" \/>\n\t<meta property=\"og:image:width\" content=\"800\" \/>\n\t<meta property=\"og:image:height\" content=\"800\" \/>\n\t<meta property=\"og:image:type\" content=\"image\/jpeg\" \/>\n<meta name=\"twitter:card\" content=\"summary_large_image\" \/>\n<meta name=\"twitter:label1\" content=\"Gesch\u00e4tzte Lesezeit\" \/>\n\t<meta name=\"twitter:data1\" content=\"4\u00a0Minuten\" \/>\n<script type=\"application\/ld+json\" class=\"yoast-schema-graph\">{\"@context\":\"https:\/\/schema.org\",\"@graph\":[{\"@type\":\"WebPage\",\"@id\":\"https:\/\/jbsy-china.com\/product\/stainless-steel-hexagon-oil-plug-screw\/\",\"url\":\"https:\/\/jbsy-china.com\/product\/stainless-steel-hexagon-oil-plug-screw\/\",\"name\":\"Stainless steel hexagon oil plug screw - Jingbang Industrial\",\"isPartOf\":{\"@id\":\"https:\/\/jbsy-china.com\/#website\"},\"primaryImageOfPage\":{\"@id\":\"https:\/\/jbsy-china.com\/product\/stainless-steel-hexagon-oil-plug-screw\/#primaryimage\"},\"image\":{\"@id\":\"https:\/\/jbsy-china.com\/product\/stainless-steel-hexagon-oil-plug-screw\/#primaryimage\"},\"thumbnailUrl\":\"https:\/\/jbsy-china.com\/wp-content\/uploads\/2025\/05\/\u4e0d\u9508\u94a2\u5916\u516d\u89d2\u6cb9\u585e\u87ba\u4e1d.jpg\",\"datePublished\":\"2025-05-16T07:34:01+00:00\",\"dateModified\":\"2025-05-26T09:11:39+00:00\",\"description\":\"A Stainless steel hexagon oil plug screw is a type of fastener designed to seal oil drain ports in machinery, transmissions, or industrial equipment.\",\"breadcrumb\":{\"@id\":\"https:\/\/jbsy-china.com\/product\/stainless-steel-hexagon-oil-plug-screw\/#breadcrumb\"},\"inLanguage\":\"de\",\"potentialAction\":[{\"@type\":\"ReadAction\",\"target\":[\"https:\/\/jbsy-china.com\/product\/stainless-steel-hexagon-oil-plug-screw\/\"]}]},{\"@type\":\"ImageObject\",\"inLanguage\":\"de\",\"@id\":\"https:\/\/jbsy-china.com\/product\/stainless-steel-hexagon-oil-plug-screw\/#primaryimage\",\"url\":\"https:\/\/jbsy-china.com\/wp-content\/uploads\/2025\/05\/\u4e0d\u9508\u94a2\u5916\u516d\u89d2\u6cb9\u585e\u87ba\u4e1d.jpg\",\"contentUrl\":\"https:\/\/jbsy-china.com\/wp-content\/uploads\/2025\/05\/\u4e0d\u9508\u94a2\u5916\u516d\u89d2\u6cb9\u585e\u87ba\u4e1d.jpg\",\"width\":800,\"height\":800},{\"@type\":\"BreadcrumbList\",\"@id\":\"https:\/\/jbsy-china.com\/product\/stainless-steel-hexagon-oil-plug-screw\/#breadcrumb\",\"itemListElement\":[{\"@type\":\"ListItem\",\"position\":1,\"name\":\"Home\",\"item\":\"https:\/\/jbsy-china.com\/\"},{\"@type\":\"ListItem\",\"position\":2,\"name\":\"Products\",\"item\":\"https:\/\/jbsy-china.com\/shop\/\"},{\"@type\":\"ListItem\",\"position\":3,\"name\":\"Stainless steel hexagon oil plug screw\"}]},{\"@type\":\"WebSite\",\"@id\":\"https:\/\/jbsy-china.com\/#website\",\"url\":\"https:\/\/jbsy-china.com\/\",\"name\":\"Jingbang Industrial\",\"description\":\"Hardware and electronics manufacturer\",\"publisher\":{\"@id\":\"https:\/\/jbsy-china.com\/#organization\"},\"potentialAction\":[{\"@type\":\"SearchAction\",\"target\":{\"@type\":\"EntryPoint\",\"urlTemplate\":\"https:\/\/jbsy-china.com\/?s={search_term_string}\"},\"query-input\":{\"@type\":\"PropertyValueSpecification\",\"valueRequired\":true,\"valueName\":\"search_term_string\"}}],\"inLanguage\":\"de\"},{\"@type\":\"Organization\",\"@id\":\"https:\/\/jbsy-china.com\/#organization\",\"name\":\"Jingbang Industrial\",\"url\":\"https:\/\/jbsy-china.com\/\",\"logo\":{\"@type\":\"ImageObject\",\"inLanguage\":\"de\",\"@id\":\"https:\/\/jbsy-china.com\/#\/schema\/logo\/image\/\",\"url\":\"https:\/\/jbsy-china.com\/wp-content\/uploads\/2023\/11\/cropped-\u56fe\u5c42-1.png\",\"contentUrl\":\"https:\/\/jbsy-china.com\/wp-content\/uploads\/2023\/11\/cropped-\u56fe\u5c42-1.png\",\"width\":1049,\"height\":739,\"caption\":\"Jingbang Industrial\"},\"image\":{\"@id\":\"https:\/\/jbsy-china.com\/#\/schema\/logo\/image\/\"}}]}<\/script>\n<!-- \/ Yoast SEO Premium plugin. -->","yoast_head_json":{"title":"Stainless steel hexagon oil plug screw - Jingbang Industrial","description":"A Stainless steel hexagon oil plug screw is a type of fastener designed to seal oil drain ports in machinery, transmissions, or industrial equipment.","robots":{"index":"index","follow":"follow","max-snippet":"max-snippet:-1","max-image-preview":"max-image-preview:large","max-video-preview":"max-video-preview:-1"},"canonical":"https:\/\/jbsy-china.com\/de\/produkt\/stainless-steel-hexagon-oil-plug-screw\/","og_locale":"de_DE","og_type":"article","og_title":"Stainless steel hexagon oil plug screw","og_description":"A Stainless steel hexagon oil plug screw is a type of fastener designed to seal oil drain ports in machinery, transmissions, or industrial equipment.","og_url":"https:\/\/jbsy-china.com\/de\/produkt\/stainless-steel-hexagon-oil-plug-screw\/","og_site_name":"Jingbang Industrial","article_modified_time":"2025-05-26T09:11:39+00:00","og_image":[{"width":800,"height":800,"url":"http:\/\/jbsy-china.com\/wp-content\/uploads\/2025\/05\/\u4e0d\u9508\u94a2\u5916\u516d\u89d2\u6cb9\u585e\u87ba\u4e1d.jpg","type":"image\/jpeg"}],"twitter_card":"summary_large_image","twitter_misc":{"Gesch\u00e4tzte Lesezeit":"4\u00a0Minuten"},"schema":{"@context":"https:\/\/schema.org","@graph":[{"@type":"WebPage","@id":"https:\/\/jbsy-china.com\/product\/stainless-steel-hexagon-oil-plug-screw\/","url":"https:\/\/jbsy-china.com\/product\/stainless-steel-hexagon-oil-plug-screw\/","name":"Stainless steel hexagon oil plug screw - Jingbang Industrial","isPartOf":{"@id":"https:\/\/jbsy-china.com\/#website"},"primaryImageOfPage":{"@id":"https:\/\/jbsy-china.com\/product\/stainless-steel-hexagon-oil-plug-screw\/#primaryimage"},"image":{"@id":"https:\/\/jbsy-china.com\/product\/stainless-steel-hexagon-oil-plug-screw\/#primaryimage"},"thumbnailUrl":"https:\/\/jbsy-china.com\/wp-content\/uploads\/2025\/05\/\u4e0d\u9508\u94a2\u5916\u516d\u89d2\u6cb9\u585e\u87ba\u4e1d.jpg","datePublished":"2025-05-16T07:34:01+00:00","dateModified":"2025-05-26T09:11:39+00:00","description":"A Stainless steel hexagon oil plug screw is a type of fastener designed to seal oil drain ports in machinery, transmissions, or industrial equipment.","breadcrumb":{"@id":"https:\/\/jbsy-china.com\/product\/stainless-steel-hexagon-oil-plug-screw\/#breadcrumb"},"inLanguage":"de","potentialAction":[{"@type":"ReadAction","target":["https:\/\/jbsy-china.com\/product\/stainless-steel-hexagon-oil-plug-screw\/"]}]},{"@type":"ImageObject","inLanguage":"de","@id":"https:\/\/jbsy-china.com\/product\/stainless-steel-hexagon-oil-plug-screw\/#primaryimage","url":"https:\/\/jbsy-china.com\/wp-content\/uploads\/2025\/05\/\u4e0d\u9508\u94a2\u5916\u516d\u89d2\u6cb9\u585e\u87ba\u4e1d.jpg","contentUrl":"https:\/\/jbsy-china.com\/wp-content\/uploads\/2025\/05\/\u4e0d\u9508\u94a2\u5916\u516d\u89d2\u6cb9\u585e\u87ba\u4e1d.jpg","width":800,"height":800},{"@type":"BreadcrumbList","@id":"https:\/\/jbsy-china.com\/product\/stainless-steel-hexagon-oil-plug-screw\/#breadcrumb","itemListElement":[{"@type":"ListItem","position":1,"name":"Home","item":"https:\/\/jbsy-china.com\/"},{"@type":"ListItem","position":2,"name":"Products","item":"https:\/\/jbsy-china.com\/shop\/"},{"@type":"ListItem","position":3,"name":"Stainless steel hexagon oil plug screw"}]},{"@type":"WebSite","@id":"https:\/\/jbsy-china.com\/#website","url":"https:\/\/jbsy-china.com\/","name":"Jingbang Industrie","description":"Hersteller von Hardware und Elektronik","publisher":{"@id":"https:\/\/jbsy-china.com\/#organization"},"potentialAction":[{"@type":"SearchAction","target":{"@type":"EntryPoint","urlTemplate":"https:\/\/jbsy-china.com\/?s={search_term_string}"},"query-input":{"@type":"PropertyValueSpecification","valueRequired":true,"valueName":"search_term_string"}}],"inLanguage":"de"},{"@type":"Organization","@id":"https:\/\/jbsy-china.com\/#organization","name":"Jingbang Industrie","url":"https:\/\/jbsy-china.com\/","logo":{"@type":"ImageObject","inLanguage":"de","@id":"https:\/\/jbsy-china.com\/#\/schema\/logo\/image\/","url":"https:\/\/jbsy-china.com\/wp-content\/uploads\/2023\/11\/cropped-\u56fe\u5c42-1.png","contentUrl":"https:\/\/jbsy-china.com\/wp-content\/uploads\/2023\/11\/cropped-\u56fe\u5c42-1.png","width":1049,"height":739,"caption":"Jingbang Industrial"},"image":{"@id":"https:\/\/jbsy-china.com\/#\/schema\/logo\/image\/"}}]}},"_links":{"self":[{"href":"https:\/\/jbsy-china.com\/de\/wp-json\/wp\/v2\/product\/33543","targetHints":{"allow":["GET"]}}],"collection":[{"href":"https:\/\/jbsy-china.com\/de\/wp-json\/wp\/v2\/product"}],"about":[{"href":"https:\/\/jbsy-china.com\/de\/wp-json\/wp\/v2\/types\/product"}],"replies":[{"embeddable":true,"href":"https:\/\/jbsy-china.com\/de\/wp-json\/wp\/v2\/comments?post=33543"}],"wp:featuredmedia":[{"embeddable":true,"href":"https:\/\/jbsy-china.com\/de\/wp-json\/wp\/v2\/media\/33505"}],"wp:attachment":[{"href":"https:\/\/jbsy-china.com\/de\/wp-json\/wp\/v2\/media?parent=33543"}],"wp:term":[{"taxonomy":"product_brand","embeddable":true,"href":"https:\/\/jbsy-china.com\/de\/wp-json\/wp\/v2\/product_brand?post=33543"},{"taxonomy":"product_cat","embeddable":true,"href":"https:\/\/jbsy-china.com\/de\/wp-json\/wp\/v2\/product_cat?post=33543"},{"taxonomy":"product_tag","embeddable":true,"href":"https:\/\/jbsy-china.com\/de\/wp-json\/wp\/v2\/product_tag?post=33543"}],"curies":[{"name":"wp","href":"https:\/\/api.w.org\/{rel}","templated":true}]}}