{"id":31459,"date":"2024-06-05T01:54:17","date_gmt":"2024-06-05T01:54:17","guid":{"rendered":"https:\/\/jbsy-china.com\/?page_id=31459"},"modified":"2024-06-05T01:57:08","modified_gmt":"2024-06-05T01:57:08","slug":"privacy-page","status":"publish","type":"page","link":"https:\/\/jbsy-china.com\/es\/privacy-page\/","title":{"rendered":"Privacy page"},"content":{"rendered":"<div data-elementor-type=\"wp-page\" data-elementor-id=\"31459\" class=\"elementor elementor-31459\" data-elementor-post-type=\"page\">\n\t\t\t\t\t\t<section class=\"elementor-section elementor-top-section elementor-element elementor-element-25a8ef9 elementor-section-boxed elementor-section-height-default elementor-section-height-default\" data-id=\"25a8ef9\" data-element_type=\"section\">\n\t\t\t\t\t\t<div class=\"elementor-container elementor-column-gap-default\">\n\t\t\t\t\t<div class=\"elementor-column elementor-col-100 elementor-top-column elementor-element elementor-element-15dfcd4\" data-id=\"15dfcd4\" data-element_type=\"column\">\n\t\t\t<div class=\"elementor-widget-wrap elementor-element-populated\">\n\t\t\t\t\t\t<div class=\"elementor-element elementor-element-8e83f79 elementor-widget elementor-widget-text-editor\" data-id=\"8e83f79\" data-element_type=\"widget\" data-widget_type=\"text-editor.default\">\n\t\t\t\t<div class=\"elementor-widget-container\">\n\t\t\t\t\t\t\t\t\t<p><strong>Pol\u00edtica de privacidad<\/strong><\/p><p>Valoramos su privacidad y nos comprometemos a proteger su informaci\u00f3n personal. Cuando usted utiliza nuestro sitio web, podemos recoger y utilizar su informaci\u00f3n personal. Hemos desarrollado esta pol\u00edtica de privacidad para explicarle c\u00f3mo recogemos, utilizamos y procesamos su informaci\u00f3n personal y para proporcionarle los derechos pertinentes.<\/p><p>Lea atentamente esta pol\u00edtica de privacidad antes de utilizar nuestro sitio web. Si no est\u00e1 de acuerdo con alguno de los t\u00e9rminos de esta pol\u00edtica de privacidad, deje de utilizar nuestro sitio web.<\/p><p><strong>Recogida y uso de la informaci\u00f3n<\/strong><\/p><p>Cuando visita nuestro sitio web, podemos recopilar su informaci\u00f3n personal, como su nombre, direcci\u00f3n de correo electr\u00f3nico, n\u00famero de contacto, etc. Recopilamos esta informaci\u00f3n para ofrecerle mejores servicios y satisfacer mejor sus necesidades.<\/p><p>Podemos utilizar la informaci\u00f3n personal que nos proporcione para:<\/p><ul><li>Enviarle informaci\u00f3n y notificaciones relacionadas con nuestro sitio web.<\/li><li>Tramitar sus pedidos y prestarle los servicios que solicite.<\/li><li>Mejorar nuestro sitio web para satisfacer mejor sus necesidades.<\/li><\/ul><p>Nos comprometemos a no vender ni alquilar sus datos personales a terceros.<\/p><p><strong>Protecci\u00f3n de la informaci\u00f3n<\/strong><\/p><p>Hemos tomado las medidas de seguridad adecuadas para proteger su informaci\u00f3n personal frente al acceso, uso o divulgaci\u00f3n no autorizados. Haremos todo lo posible para garantizar la seguridad de su informaci\u00f3n personal, pero tenga en cuenta que la transmisi\u00f3n por Internet no es absolutamente segura.<\/p><p><strong>Tecnolog\u00eda de cookies<\/strong><\/p><p>Nuestro sitio web puede utilizar la tecnolog\u00eda de cookies para recoger y almacenar su informaci\u00f3n personal. Las cookies son peque\u00f1os fragmentos de datos que se almacenan en el disco duro de su ordenador para registrar la informaci\u00f3n de su visita al sitio web. Utilizamos cookies principalmente para mejorar su experiencia de usuario y ofrecerle servicios personalizados.<\/p><p><strong>Leyes de protecci\u00f3n de la intimidad<\/strong><\/p><p>Cumpliremos las leyes y normativas de protecci\u00f3n de la privacidad aplicables para proteger su informaci\u00f3n personal. Si tiene alguna pregunta o queja sobre esta pol\u00edtica de privacidad o su informaci\u00f3n personal, p\u00f3ngase en contacto con nosotros.<\/p><p><strong>Actualizaciones de la pol\u00edtica de privacidad<\/strong><\/p><p>Nos reservamos el derecho a actualizar esta pol\u00edtica de privacidad en cualquier momento. La pol\u00edtica de privacidad actualizada se publicar\u00e1 en nuestro sitio web. Le recomendamos que revise peri\u00f3dicamente esta pol\u00edtica de privacidad para entender c\u00f3mo protegemos su informaci\u00f3n personal.<\/p><p><strong>Contacte con nosotros<\/strong><\/p><p>Si tiene alguna pregunta o duda, o si desea acceder a su informaci\u00f3n personal, rectificarla o eliminarla, p\u00f3ngase en contacto con nosotros:<\/p><p>[Sus datos de contacto]<\/p>\t\t\t\t\t\t\t\t<\/div>\n\t\t\t\t<\/div>\n\t\t\t\t\t<\/div>\n\t\t<\/div>\n\t\t\t\t\t<\/div>\n\t\t<\/section>\n\t\t\t\t<\/div>","protected":false},"excerpt":{"rendered":"<p>Privacy Policy We value your privacy and are committed to protecting your personal information. When you use our website, we may collect and use your personal information. We have developed this privacy policy to explain how we collect, use, and process your personal information and to provide you with relevant rights. Please read this privacy [&hellip;]<\/p>","protected":false},"author":2,"featured_media":0,"parent":0,"menu_order":0,"comment_status":"closed","ping_status":"closed","template":"","meta":{"site-sidebar-layout":"no-sidebar","site-content-layout":"page-builder","ast-site-content-layout":"full-width-container","site-content-style":"default","site-sidebar-style":"default","ast-global-header-display":"","ast-banner-title-visibility":"","ast-main-header-display":"","ast-hfb-above-header-display":"","ast-hfb-below-header-display":"","ast-hfb-mobile-header-display":"","site-post-title":"disabled","ast-breadcrumbs-content":"","ast-featured-img":"disabled","footer-sml-layout":"","ast-disable-related-posts":"","theme-transparent-header-meta":"","adv-header-id-meta":"","stick-header-meta":"","header-above-stick-meta":"","header-main-stick-meta":"","header-below-stick-meta":"","astra-migrate-meta-layouts":"set","ast-page-background-enabled":"default","ast-page-background-meta":{"desktop":{"background-color":"var(--ast-global-color-4)","background-image":"","background-repeat":"repeat","background-position":"center center","background-size":"auto","background-attachment":"scroll","background-type":"","background-media":"","overlay-type":"","overlay-color":"","overlay-opacity":"","overlay-gradient":""},"tablet":{"background-color":"","background-image":"","background-repeat":"repeat","background-position":"center center","background-size":"auto","background-attachment":"scroll","background-type":"","background-media":"","overlay-type":"","overlay-color":"","overlay-opacity":"","overlay-gradient":""},"mobile":{"background-color":"","background-image":"","background-repeat":"repeat","background-position":"center center","background-size":"auto","background-attachment":"scroll","background-type":"","background-media":"","overlay-type":"","overlay-color":"","overlay-opacity":"","overlay-gradient":""}},"ast-content-background-meta":{"desktop":{"background-color":"var(--ast-global-color-5)","background-image":"","background-repeat":"repeat","background-position":"center center","background-size":"auto","background-attachment":"scroll","background-type":"","background-media":"","overlay-type":"","overlay-color":"","overlay-opacity":"","overlay-gradient":""},"tablet":{"background-color":"var(--ast-global-color-5)","background-image":"","background-repeat":"repeat","background-position":"center center","background-size":"auto","background-attachment":"scroll","background-type":"","background-media":"","overlay-type":"","overlay-color":"","overlay-opacity":"","overlay-gradient":""},"mobile":{"background-color":"var(--ast-global-color-5)","background-image":"","background-repeat":"repeat","background-position":"center center","background-size":"auto","background-attachment":"scroll","background-type":"","background-media":"","overlay-type":"","overlay-color":"","overlay-opacity":"","overlay-gradient":""}},"_themeisle_gutenberg_block_has_review":false,"_ti_tpc_template_sync":false,"_ti_tpc_template_id":"","footnotes":""},"class_list":["post-31459","page","type-page","status-publish","hentry"],"yoast_head":"<!-- This site is optimized with the Yoast SEO Premium plugin v21.7 (Yoast SEO v25.7) - https:\/\/yoast.com\/wordpress\/plugins\/seo\/ -->\n<title>Privacy page - Jingbang Industrial<\/title>\n<meta name=\"robots\" content=\"index, follow, max-snippet:-1, max-image-preview:large, max-video-preview:-1\" \/>\n<link rel=\"canonical\" href=\"https:\/\/jbsy-china.com\/es\/privacy-page\/\" \/>\n<meta property=\"og:locale\" content=\"es_ES\" \/>\n<meta property=\"og:type\" content=\"article\" \/>\n<meta property=\"og:title\" content=\"Privacy page\" \/>\n<meta property=\"og:description\" content=\"Privacy Policy We value your privacy and are committed to protecting your personal information. When you use our website, we may collect and use your personal information. We have developed this privacy policy to explain how we collect, use, and process your personal information and to provide you with relevant rights. Please read this privacy [&hellip;]\" \/>\n<meta property=\"og:url\" content=\"https:\/\/jbsy-china.com\/es\/privacy-page\/\" \/>\n<meta property=\"og:site_name\" content=\"Jingbang Industrial\" \/>\n<meta property=\"article:modified_time\" content=\"2024-06-05T01:57:08+00:00\" \/>\n<meta name=\"twitter:card\" content=\"summary_large_image\" \/>\n<meta name=\"twitter:label1\" content=\"Tiempo de lectura\" \/>\n\t<meta name=\"twitter:data1\" content=\"2 minutos\" \/>\n<script type=\"application\/ld+json\" class=\"yoast-schema-graph\">{\"@context\":\"https:\/\/schema.org\",\"@graph\":[{\"@type\":\"WebPage\",\"@id\":\"https:\/\/jbsy-china.com\/privacy-page\/\",\"url\":\"https:\/\/jbsy-china.com\/privacy-page\/\",\"name\":\"Privacy page - Jingbang Industrial\",\"isPartOf\":{\"@id\":\"https:\/\/jbsy-china.com\/#website\"},\"datePublished\":\"2024-06-05T01:54:17+00:00\",\"dateModified\":\"2024-06-05T01:57:08+00:00\",\"breadcrumb\":{\"@id\":\"https:\/\/jbsy-china.com\/privacy-page\/#breadcrumb\"},\"inLanguage\":\"es\",\"potentialAction\":[{\"@type\":\"ReadAction\",\"target\":[\"https:\/\/jbsy-china.com\/privacy-page\/\"]}]},{\"@type\":\"BreadcrumbList\",\"@id\":\"https:\/\/jbsy-china.com\/privacy-page\/#breadcrumb\",\"itemListElement\":[{\"@type\":\"ListItem\",\"position\":1,\"name\":\"Home\",\"item\":\"https:\/\/jbsy-china.com\/\"},{\"@type\":\"ListItem\",\"position\":2,\"name\":\"Privacy page\"}]},{\"@type\":\"WebSite\",\"@id\":\"https:\/\/jbsy-china.com\/#website\",\"url\":\"https:\/\/jbsy-china.com\/\",\"name\":\"Jingbang Industrial\",\"description\":\"Hardware and electronics manufacturer\",\"publisher\":{\"@id\":\"https:\/\/jbsy-china.com\/#organization\"},\"potentialAction\":[{\"@type\":\"SearchAction\",\"target\":{\"@type\":\"EntryPoint\",\"urlTemplate\":\"https:\/\/jbsy-china.com\/?s={search_term_string}\"},\"query-input\":{\"@type\":\"PropertyValueSpecification\",\"valueRequired\":true,\"valueName\":\"search_term_string\"}}],\"inLanguage\":\"es\"},{\"@type\":\"Organization\",\"@id\":\"https:\/\/jbsy-china.com\/#organization\",\"name\":\"Jingbang Industrial\",\"url\":\"https:\/\/jbsy-china.com\/\",\"logo\":{\"@type\":\"ImageObject\",\"inLanguage\":\"es\",\"@id\":\"https:\/\/jbsy-china.com\/#\/schema\/logo\/image\/\",\"url\":\"https:\/\/jbsy-china.com\/wp-content\/uploads\/2023\/11\/cropped-\u56fe\u5c42-1.png\",\"contentUrl\":\"https:\/\/jbsy-china.com\/wp-content\/uploads\/2023\/11\/cropped-\u56fe\u5c42-1.png\",\"width\":1049,\"height\":739,\"caption\":\"Jingbang Industrial\"},\"image\":{\"@id\":\"https:\/\/jbsy-china.com\/#\/schema\/logo\/image\/\"}}]}<\/script>\n<!-- \/ Yoast SEO Premium plugin. -->","yoast_head_json":{"title":"Privacy page - Jingbang Industrial","robots":{"index":"index","follow":"follow","max-snippet":"max-snippet:-1","max-image-preview":"max-image-preview:large","max-video-preview":"max-video-preview:-1"},"canonical":"https:\/\/jbsy-china.com\/es\/privacy-page\/","og_locale":"es_ES","og_type":"article","og_title":"Privacy page","og_description":"Privacy Policy We value your privacy and are committed to protecting your personal information. When you use our website, we may collect and use your personal information. We have developed this privacy policy to explain how we collect, use, and process your personal information and to provide you with relevant rights. Please read this privacy [&hellip;]","og_url":"https:\/\/jbsy-china.com\/es\/privacy-page\/","og_site_name":"Jingbang Industrial","article_modified_time":"2024-06-05T01:57:08+00:00","twitter_card":"summary_large_image","twitter_misc":{"Tiempo de lectura":"2 minutos"},"schema":{"@context":"https:\/\/schema.org","@graph":[{"@type":"WebPage","@id":"https:\/\/jbsy-china.com\/privacy-page\/","url":"https:\/\/jbsy-china.com\/privacy-page\/","name":"Privacy page - Jingbang Industrial","isPartOf":{"@id":"https:\/\/jbsy-china.com\/#website"},"datePublished":"2024-06-05T01:54:17+00:00","dateModified":"2024-06-05T01:57:08+00:00","breadcrumb":{"@id":"https:\/\/jbsy-china.com\/privacy-page\/#breadcrumb"},"inLanguage":"es","potentialAction":[{"@type":"ReadAction","target":["https:\/\/jbsy-china.com\/privacy-page\/"]}]},{"@type":"BreadcrumbList","@id":"https:\/\/jbsy-china.com\/privacy-page\/#breadcrumb","itemListElement":[{"@type":"ListItem","position":1,"name":"Home","item":"https:\/\/jbsy-china.com\/"},{"@type":"ListItem","position":2,"name":"Privacy page"}]},{"@type":"WebSite","@id":"https:\/\/jbsy-china.com\/#website","url":"https:\/\/jbsy-china.com\/","name":"Jingbang Industrial","description":"Fabricante de hardware y electr\u00f3nica","publisher":{"@id":"https:\/\/jbsy-china.com\/#organization"},"potentialAction":[{"@type":"SearchAction","target":{"@type":"EntryPoint","urlTemplate":"https:\/\/jbsy-china.com\/?s={search_term_string}"},"query-input":{"@type":"PropertyValueSpecification","valueRequired":true,"valueName":"search_term_string"}}],"inLanguage":"es"},{"@type":"Organization","@id":"https:\/\/jbsy-china.com\/#organization","name":"Jingbang Industrial","url":"https:\/\/jbsy-china.com\/","logo":{"@type":"ImageObject","inLanguage":"es","@id":"https:\/\/jbsy-china.com\/#\/schema\/logo\/image\/","url":"https:\/\/jbsy-china.com\/wp-content\/uploads\/2023\/11\/cropped-\u56fe\u5c42-1.png","contentUrl":"https:\/\/jbsy-china.com\/wp-content\/uploads\/2023\/11\/cropped-\u56fe\u5c42-1.png","width":1049,"height":739,"caption":"Jingbang Industrial"},"image":{"@id":"https:\/\/jbsy-china.com\/#\/schema\/logo\/image\/"}}]}},"_links":{"self":[{"href":"https:\/\/jbsy-china.com\/es\/wp-json\/wp\/v2\/pages\/31459","targetHints":{"allow":["GET"]}}],"collection":[{"href":"https:\/\/jbsy-china.com\/es\/wp-json\/wp\/v2\/pages"}],"about":[{"href":"https:\/\/jbsy-china.com\/es\/wp-json\/wp\/v2\/types\/page"}],"author":[{"embeddable":true,"href":"https:\/\/jbsy-china.com\/es\/wp-json\/wp\/v2\/users\/2"}],"replies":[{"embeddable":true,"href":"https:\/\/jbsy-china.com\/es\/wp-json\/wp\/v2\/comments?post=31459"}],"version-history":[{"count":0,"href":"https:\/\/jbsy-china.com\/es\/wp-json\/wp\/v2\/pages\/31459\/revisions"}],"wp:attachment":[{"href":"https:\/\/jbsy-china.com\/es\/wp-json\/wp\/v2\/media?parent=31459"}],"curies":[{"name":"wp","href":"https:\/\/api.w.org\/{rel}","templated":true}]}}