{"id":26069,"date":"2023-10-11T07:55:13","date_gmt":"2023-10-11T07:55:13","guid":{"rendered":"http:\/\/jbsy-china.com\/?post_type=product&#038;p=26069"},"modified":"2023-10-17T08:21:09","modified_gmt":"2023-10-17T08:21:09","slug":"solar-panel-hook-customization","status":"publish","type":"product","link":"https:\/\/jbsy-china.com\/es\/producto\/solar-panel-hook-customization\/","title":{"rendered":"Personalizaci\u00f3n del gancho del panel solar"},"content":{"rendered":"<div class=\"ast-oembed-container\" style=\"height: 100%;\"><iframe title=\"Diversos accesorios de instalaci\u00f3n para paneles solares\" width=\"500\" height=\"281\" src=\"https:\/\/www.youtube.com\/embed\/zr2GzogPR_Y?feature=oembed\" frameborder=\"0\" allow=\"accelerometer; autoplay; clipboard-write; encrypted-media; gyroscope; picture-in-picture; web-share\" referrerpolicy=\"strict-origin-when-cross-origin\" allowfullscreen><\/iframe><\/div>\n<p>&nbsp;<\/p>\n<p><img fetchpriority=\"high\" decoding=\"async\" class=\"alignnone size-full wp-image-26331\" src=\"http:\/\/jbsy-china.com\/wp-content\/uploads\/2023\/10\/\u592a\u9633\u80fd\u7535\u6c60\u677f\u914d\u4ef6_01.jpg\" alt=\"\" width=\"750\" height=\"1342\" srcset=\"https:\/\/jbsy-china.com\/wp-content\/uploads\/2023\/10\/\u592a\u9633\u80fd\u7535\u6c60\u677f\u914d\u4ef6_01.jpg 750w, https:\/\/jbsy-china.com\/wp-content\/uploads\/2023\/10\/\u592a\u9633\u80fd\u7535\u6c60\u677f\u914d\u4ef6_01-168x300.jpg 168w, https:\/\/jbsy-china.com\/wp-content\/uploads\/2023\/10\/\u592a\u9633\u80fd\u7535\u6c60\u677f\u914d\u4ef6_01-572x1024.jpg 572w, https:\/\/jbsy-china.com\/wp-content\/uploads\/2023\/10\/\u592a\u9633\u80fd\u7535\u6c60\u677f\u914d\u4ef6_01-600x1074.jpg 600w\" sizes=\"(max-width: 750px) 100vw, 750px\" \/> <img decoding=\"async\" class=\"alignnone size-full wp-image-26332\" src=\"http:\/\/jbsy-china.com\/wp-content\/uploads\/2023\/10\/\u592a\u9633\u80fd\u7535\u6c60\u677f\u914d\u4ef6_02.jpg\" alt=\"\" width=\"750\" height=\"586\" srcset=\"https:\/\/jbsy-china.com\/wp-content\/uploads\/2023\/10\/\u592a\u9633\u80fd\u7535\u6c60\u677f\u914d\u4ef6_02.jpg 750w, https:\/\/jbsy-china.com\/wp-content\/uploads\/2023\/10\/\u592a\u9633\u80fd\u7535\u6c60\u677f\u914d\u4ef6_02-300x234.jpg 300w, https:\/\/jbsy-china.com\/wp-content\/uploads\/2023\/10\/\u592a\u9633\u80fd\u7535\u6c60\u677f\u914d\u4ef6_02-600x469.jpg 600w\" sizes=\"(max-width: 750px) 100vw, 750px\" \/><\/p>\n<p>En <a href=\"https:\/\/szjingbang.en.alibaba.com\/productgrouplist-931934664\/Solar_panel_hook.html\" target=\"_blank\" rel=\"noopener\" data-mini-site-url=\"https:\/\/szjingbang.en.alibaba.com\/productgrouplist-931934664\/Solar_panel_hook.html\"><b>gancho para panel solar<\/b><\/a> se puede utilizar para asegurar la posici\u00f3n de instalaci\u00f3n y la actitud del soporte solar.<\/p>\n<p>Pueden fijarse directamente en el soporte solar y utilizarse para conectarlo con el soporte solar, lo que puede<\/p>\n<p>garantizan estabilidad y fiabilidad a largo plazo<\/p>\n<p><img decoding=\"async\" class=\"alignnone size-full wp-image-26333\" src=\"http:\/\/jbsy-china.com\/wp-content\/uploads\/2023\/10\/\u592a\u9633\u80fd\u7535\u6c60\u677f\u914d\u4ef6_04.jpg\" alt=\"\" width=\"750\" height=\"598\" srcset=\"https:\/\/jbsy-china.com\/wp-content\/uploads\/2023\/10\/\u592a\u9633\u80fd\u7535\u6c60\u677f\u914d\u4ef6_04.jpg 750w, https:\/\/jbsy-china.com\/wp-content\/uploads\/2023\/10\/\u592a\u9633\u80fd\u7535\u6c60\u677f\u914d\u4ef6_04-300x239.jpg 300w, https:\/\/jbsy-china.com\/wp-content\/uploads\/2023\/10\/\u592a\u9633\u80fd\u7535\u6c60\u677f\u914d\u4ef6_04-600x478.jpg 600w\" sizes=\"(max-width: 750px) 100vw, 750px\" \/><\/p>\n<p>Como parte importante de la central de energ\u00eda solar, el <b><a href=\"https:\/\/szjingbang.en.alibaba.com\/productgrouplist-932851893\/Solar_panel_bracket.html\" target=\"_blank\" rel=\"noopener\" data-mini-site-url=\"https:\/\/szjingbang.en.alibaba.com\/productgrouplist-932851893\/Solar_panel_bracket.html\">soporte para panel solar<\/a><\/b> lleva la generaci\u00f3n de energ\u00eda<\/p>\n<p>cuerpo de la central solar. La elecci\u00f3n del soporte afecta directamente a la seguridad de funcionamiento, la tasa de da\u00f1os<\/p>\n<p>y la inversi\u00f3n en construcci\u00f3n de m\u00f3dulos solares. Elegir el soporte solar adecuado no s\u00f3lo puede reducir la<\/p>\n<p>coste del proyecto, sino tambi\u00e9n reducir el coste de mantenimiento en la fase posterior.<\/p>\n<p><img loading=\"lazy\" decoding=\"async\" class=\"alignnone size-full wp-image-26334\" src=\"http:\/\/jbsy-china.com\/wp-content\/uploads\/2023\/10\/\u592a\u9633\u80fd\u7535\u6c60\u677f\u914d\u4ef6_06.jpg\" alt=\"\" width=\"750\" height=\"585\" srcset=\"https:\/\/jbsy-china.com\/wp-content\/uploads\/2023\/10\/\u592a\u9633\u80fd\u7535\u6c60\u677f\u914d\u4ef6_06.jpg 750w, https:\/\/jbsy-china.com\/wp-content\/uploads\/2023\/10\/\u592a\u9633\u80fd\u7535\u6c60\u677f\u914d\u4ef6_06-300x234.jpg 300w, https:\/\/jbsy-china.com\/wp-content\/uploads\/2023\/10\/\u592a\u9633\u80fd\u7535\u6c60\u677f\u914d\u4ef6_06-600x468.jpg 600w\" sizes=\"(max-width: 750px) 100vw, 750px\" \/><\/p>\n<p><b><a href=\"https:\/\/szjingbang.en.alibaba.com\/productgrouplist-931925070\/Solar_panel_rails.html\" target=\"_blank\" rel=\"noopener\" data-mini-site-url=\"https:\/\/szjingbang.en.alibaba.com\/productgrouplist-931925070\/Solar_panel_rails.html\">Carril para paneles solares<\/a><\/b> es una estructura de soporte para paneles solares, puede fijar paneles solares e instalarlos en el tejado<\/p>\n<p>o en el suelo, estructura simple, f\u00e1cil instalaci\u00f3n, adecuado para varios tipos de paneles solares<\/p>\n<p><img loading=\"lazy\" decoding=\"async\" class=\"alignnone size-full wp-image-26335\" src=\"http:\/\/jbsy-china.com\/wp-content\/uploads\/2023\/10\/\u592a\u9633\u80fd\u7535\u6c60\u677f\u914d\u4ef6_08.jpg\" alt=\"\" width=\"750\" height=\"599\" srcset=\"https:\/\/jbsy-china.com\/wp-content\/uploads\/2023\/10\/\u592a\u9633\u80fd\u7535\u6c60\u677f\u914d\u4ef6_08.jpg 750w, https:\/\/jbsy-china.com\/wp-content\/uploads\/2023\/10\/\u592a\u9633\u80fd\u7535\u6c60\u677f\u914d\u4ef6_08-300x240.jpg 300w, https:\/\/jbsy-china.com\/wp-content\/uploads\/2023\/10\/\u592a\u9633\u80fd\u7535\u6c60\u677f\u914d\u4ef6_08-600x479.jpg 600w\" sizes=\"(max-width: 750px) 100vw, 750px\" \/><\/p>\n<p>En <a href=\"https:\/\/szjingbang.en.alibaba.com\/productgrouplist-932405021\/Solar_Roof_Mount_Clamp.html\" target=\"_blank\" rel=\"noopener\" data-mini-site-url=\"https:\/\/szjingbang.en.alibaba.com\/productgrouplist-932405021\/Solar_Roof_Mount_Clamp.html\"><b>abrazadera para panel solar<\/b><\/a> se utiliza principalmente para fijar la posici\u00f3n y el \u00e1ngulo del panel solar. La abrazadera del panel solar<\/p>\n<p>tiene un fuerte agarre y estabilidad, que puede prevenir eficazmente el panel solar se mueva o se incline, a fin de<\/p>\n<p>garantizar el funcionamiento estable de todo el sistema solar<\/p>\n<p><img loading=\"lazy\" decoding=\"async\" class=\"alignnone size-full wp-image-26336\" src=\"http:\/\/jbsy-china.com\/wp-content\/uploads\/2023\/10\/\u592a\u9633\u80fd\u7535\u6c60\u677f\u914d\u4ef6_10.jpg\" alt=\"\" width=\"750\" height=\"732\" srcset=\"https:\/\/jbsy-china.com\/wp-content\/uploads\/2023\/10\/\u592a\u9633\u80fd\u7535\u6c60\u677f\u914d\u4ef6_10.jpg 750w, https:\/\/jbsy-china.com\/wp-content\/uploads\/2023\/10\/\u592a\u9633\u80fd\u7535\u6c60\u677f\u914d\u4ef6_10-300x293.jpg 300w, https:\/\/jbsy-china.com\/wp-content\/uploads\/2023\/10\/\u592a\u9633\u80fd\u7535\u6c60\u677f\u914d\u4ef6_10-600x586.jpg 600w\" sizes=\"(max-width: 750px) 100vw, 750px\" \/><\/p>\n<p>Los escenarios de aplicaci\u00f3n de los paneles solares suelen ser lugares con poca gente, como desiertos o praderas,<\/p>\n<p>superficies de agua, etc. Por lo tanto, para la instalaci\u00f3n de m\u00f3dulos solares, tambi\u00e9n existen requisitos tales como<\/p>\n<p>antirrobo y anticorrosi\u00f3n. Dado que los componentes de las centrales solares son todos valiosos, es f\u00e1cil<\/p>\n<p>de ser frecuentados por ladrones. Los componentes de instalaci\u00f3n, los soportes, los cables, los hilos de cobre, etc. son cuidados clave<\/p>\n<p>objetos. Utilizaci\u00f3n de <b><a href=\"https:\/\/szjingbang.en.alibaba.com\/product\/1600907839900-927465617\/M5_M6_M8_M9_M10_M12_1_4_20_5_16_18_3_8_16_Stainless_Steel_Safety_Nut_Tamper_Proof_Nut_Factory_Outlet_Free_Sample.html\" target=\"_blank\" rel=\"noopener\" data-mini-site-url=\"https:\/\/szjingbang.en.alibaba.com\/product\/1600907839900-927465617\/M5_M6_M8_M9_M10_M12_1_4_20_5_16_18_3_8_16_Stainless_Steel_Safety_Nut_Tamper_Proof_Nut_Factory_Outlet_Free_Sample.html\">Antirrobo<\/a><\/b> instalar m\u00f3dulos solares puede aumentar la dificultad de robo. Efectivamente<\/p>\n<p>resolver el problema de que los ladrones son f\u00e1ciles de desmontar y evitar la p\u00e9rdida de bienes<\/p>\n<p><img loading=\"lazy\" decoding=\"async\" class=\"alignnone size-full wp-image-26337\" src=\"http:\/\/jbsy-china.com\/wp-content\/uploads\/2023\/10\/\u592a\u9633\u80fd\u7535\u6c60\u677f\u914d\u4ef6_12.jpg\" alt=\"\" width=\"750\" height=\"595\" srcset=\"https:\/\/jbsy-china.com\/wp-content\/uploads\/2023\/10\/\u592a\u9633\u80fd\u7535\u6c60\u677f\u914d\u4ef6_12.jpg 750w, https:\/\/jbsy-china.com\/wp-content\/uploads\/2023\/10\/\u592a\u9633\u80fd\u7535\u6c60\u677f\u914d\u4ef6_12-300x238.jpg 300w, https:\/\/jbsy-china.com\/wp-content\/uploads\/2023\/10\/\u592a\u9633\u80fd\u7535\u6c60\u677f\u914d\u4ef6_12-600x476.jpg 600w\" sizes=\"(max-width: 750px) 100vw, 750px\" \/> <img loading=\"lazy\" decoding=\"async\" class=\"alignnone size-full wp-image-26338\" src=\"http:\/\/jbsy-china.com\/wp-content\/uploads\/2023\/10\/\u592a\u9633\u80fd\u7535\u6c60\u677f\u914d\u4ef6_13.jpg\" alt=\"\" width=\"750\" height=\"590\" srcset=\"https:\/\/jbsy-china.com\/wp-content\/uploads\/2023\/10\/\u592a\u9633\u80fd\u7535\u6c60\u677f\u914d\u4ef6_13.jpg 750w, https:\/\/jbsy-china.com\/wp-content\/uploads\/2023\/10\/\u592a\u9633\u80fd\u7535\u6c60\u677f\u914d\u4ef6_13-300x236.jpg 300w, https:\/\/jbsy-china.com\/wp-content\/uploads\/2023\/10\/\u592a\u9633\u80fd\u7535\u6c60\u677f\u914d\u4ef6_13-600x472.jpg 600w\" sizes=\"(max-width: 750px) 100vw, 750px\" \/> <img loading=\"lazy\" decoding=\"async\" class=\"alignnone size-full wp-image-26339\" src=\"http:\/\/jbsy-china.com\/wp-content\/uploads\/2023\/10\/\u592a\u9633\u80fd\u7535\u6c60\u677f\u914d\u4ef6_14.jpg\" alt=\"\" width=\"750\" height=\"560\" srcset=\"https:\/\/jbsy-china.com\/wp-content\/uploads\/2023\/10\/\u592a\u9633\u80fd\u7535\u6c60\u677f\u914d\u4ef6_14.jpg 750w, https:\/\/jbsy-china.com\/wp-content\/uploads\/2023\/10\/\u592a\u9633\u80fd\u7535\u6c60\u677f\u914d\u4ef6_14-300x224.jpg 300w, https:\/\/jbsy-china.com\/wp-content\/uploads\/2023\/10\/\u592a\u9633\u80fd\u7535\u6c60\u677f\u914d\u4ef6_14-600x448.jpg 600w\" sizes=\"(max-width: 750px) 100vw, 750px\" \/> <img loading=\"lazy\" decoding=\"async\" class=\"alignnone size-full wp-image-26340\" src=\"http:\/\/jbsy-china.com\/wp-content\/uploads\/2023\/10\/\u592a\u9633\u80fd\u7535\u6c60\u677f\u914d\u4ef6_15.jpg\" alt=\"\" width=\"750\" height=\"560\" srcset=\"https:\/\/jbsy-china.com\/wp-content\/uploads\/2023\/10\/\u592a\u9633\u80fd\u7535\u6c60\u677f\u914d\u4ef6_15.jpg 750w, https:\/\/jbsy-china.com\/wp-content\/uploads\/2023\/10\/\u592a\u9633\u80fd\u7535\u6c60\u677f\u914d\u4ef6_15-300x224.jpg 300w, https:\/\/jbsy-china.com\/wp-content\/uploads\/2023\/10\/\u592a\u9633\u80fd\u7535\u6c60\u677f\u914d\u4ef6_15-600x448.jpg 600w\" sizes=\"(max-width: 750px) 100vw, 750px\" \/> <img loading=\"lazy\" decoding=\"async\" class=\"alignnone size-full wp-image-26341\" src=\"http:\/\/jbsy-china.com\/wp-content\/uploads\/2023\/10\/\u592a\u9633\u80fd\u7535\u6c60\u677f\u914d\u4ef6_16.jpg\" alt=\"\" width=\"750\" height=\"642\" srcset=\"https:\/\/jbsy-china.com\/wp-content\/uploads\/2023\/10\/\u592a\u9633\u80fd\u7535\u6c60\u677f\u914d\u4ef6_16.jpg 750w, https:\/\/jbsy-china.com\/wp-content\/uploads\/2023\/10\/\u592a\u9633\u80fd\u7535\u6c60\u677f\u914d\u4ef6_16-300x257.jpg 300w, https:\/\/jbsy-china.com\/wp-content\/uploads\/2023\/10\/\u592a\u9633\u80fd\u7535\u6c60\u677f\u914d\u4ef6_16-600x514.jpg 600w\" sizes=\"(max-width: 750px) 100vw, 750px\" \/><\/p>","protected":false},"excerpt":{"rendered":"<p>El gancho del panel solar se puede utilizar para asegurar la posici\u00f3n de instalaci\u00f3n y la actitud del soporte solar. Se pueden fijar directamente en el soporte solar y se utilizan para conectarlo con el soporte solar, lo que puede garantizar la estabilidad y fiabilidad a largo plazo<\/p>","protected":false},"featured_media":26345,"comment_status":"closed","ping_status":"closed","template":"","meta":{"site-sidebar-layout":"no-sidebar","site-content-layout":"","ast-site-content-layout":"default","site-content-style":"default","site-sidebar-style":"default","ast-global-header-display":"","ast-banner-title-visibility":"","ast-main-header-display":"","ast-hfb-above-header-display":"","ast-hfb-below-header-display":"","ast-hfb-mobile-header-display":"","site-post-title":"","ast-breadcrumbs-content":"","ast-featured-img":"","footer-sml-layout":"","ast-disable-related-posts":"","theme-transparent-header-meta":"default","adv-header-id-meta":"","stick-header-meta":"","header-above-stick-meta":"","header-main-stick-meta":"","header-below-stick-meta":"","astra-migrate-meta-layouts":"set","ast-page-background-enabled":"default","ast-page-background-meta":{"desktop":{"background-color":"var(--ast-global-color-4)","background-image":"","background-repeat":"repeat","background-position":"center center","background-size":"auto","background-attachment":"scroll","background-type":"","background-media":"","overlay-type":"","overlay-color":"","overlay-opacity":"","overlay-gradient":""},"tablet":{"background-color":"","background-image":"","background-repeat":"repeat","background-position":"center center","background-size":"auto","background-attachment":"scroll","background-type":"","background-media":"","overlay-type":"","overlay-color":"","overlay-opacity":"","overlay-gradient":""},"mobile":{"background-color":"","background-image":"","background-repeat":"repeat","background-position":"center center","background-size":"auto","background-attachment":"scroll","background-type":"","background-media":"","overlay-type":"","overlay-color":"","overlay-opacity":"","overlay-gradient":""}},"ast-content-background-meta":{"desktop":{"background-color":"var(--ast-global-color-5)","background-image":"","background-repeat":"repeat","background-position":"center center","background-size":"auto","background-attachment":"scroll","background-type":"","background-media":"","overlay-type":"","overlay-color":"","overlay-opacity":"","overlay-gradient":""},"tablet":{"background-color":"var(--ast-global-color-5)","background-image":"","background-repeat":"repeat","background-position":"center center","background-size":"auto","background-attachment":"scroll","background-type":"","background-media":"","overlay-type":"","overlay-color":"","overlay-opacity":"","overlay-gradient":""},"mobile":{"background-color":"var(--ast-global-color-5)","background-image":"","background-repeat":"repeat","background-position":"center center","background-size":"auto","background-attachment":"scroll","background-type":"","background-media":"","overlay-type":"","overlay-color":"","overlay-opacity":"","overlay-gradient":""}},"_themeisle_gutenberg_block_has_review":false,"_ti_tpc_template_sync":false,"_ti_tpc_template_id":""},"product_brand":[],"product_cat":[364],"product_tag":[391,366,389,390,388,392,387],"class_list":{"0":"post-26069","1":"product","2":"type-product","3":"status-publish","4":"has-post-thumbnail","6":"product_cat-sheet-metal-processing-parts","7":"product_tag-mc4-connector","8":"product_tag-sheet-metal-processing","9":"product_tag-solar-panel-bracket","10":"product_tag-solar-panel-clamp","11":"product_tag-solar-panel-guide-rail","12":"product_tag-solar-panel-mounting-kit","13":"product_tag-solar-panel-roof-top-hook","14":"desktop-align-left","15":"tablet-align-left","16":"mobile-align-left","17":"ast-product-gallery-layout-horizontal-slider","18":"ast-product-tabs-layout-horizontal","19":"ast-qv-on-image","21":"first","22":"instock","23":"sale","24":"shipping-taxable","25":"purchasable","26":"product-type-simple"},"yoast_head":"<!-- This site is optimized with the Yoast SEO Premium plugin v21.7 (Yoast SEO v25.7) - https:\/\/yoast.com\/wordpress\/plugins\/seo\/ -->\n<title>Solar panel hook customization - Jingbang Industrial<\/title>\n<meta name=\"robots\" content=\"index, follow, max-snippet:-1, max-image-preview:large, max-video-preview:-1\" \/>\n<link rel=\"canonical\" href=\"https:\/\/jbsy-china.com\/es\/producto\/solar-panel-hook-customization\/\" \/>\n<meta property=\"og:locale\" content=\"es_ES\" \/>\n<meta property=\"og:type\" content=\"article\" \/>\n<meta property=\"og:title\" content=\"Solar panel hook customization\" \/>\n<meta property=\"og:description\" content=\"The solar panel hook can be used to ensure the installation position and attitude of the solar bracket. They can be directly fixed on the solar bracket and used to connect it with the solar bracket, which can guarantee long-term stability and reliability\" \/>\n<meta property=\"og:url\" content=\"https:\/\/jbsy-china.com\/es\/producto\/solar-panel-hook-customization\/\" \/>\n<meta property=\"og:site_name\" content=\"Jingbang Industrial\" \/>\n<meta property=\"article:modified_time\" content=\"2023-10-17T08:21:09+00:00\" \/>\n<meta property=\"og:image\" content=\"https:\/\/jbsy-china.com\/wp-content\/uploads\/2023\/10\/\u6302\u94a9\u4e09-1-1.jpg\" \/>\n\t<meta property=\"og:image:width\" content=\"800\" \/>\n\t<meta property=\"og:image:height\" content=\"800\" \/>\n\t<meta property=\"og:image:type\" content=\"image\/jpeg\" \/>\n<meta name=\"twitter:card\" content=\"summary_large_image\" \/>\n<meta name=\"twitter:label1\" content=\"Tiempo de lectura\" \/>\n\t<meta name=\"twitter:data1\" content=\"1 minuto\" \/>\n<script type=\"application\/ld+json\" class=\"yoast-schema-graph\">{\"@context\":\"https:\/\/schema.org\",\"@graph\":[{\"@type\":\"WebPage\",\"@id\":\"https:\/\/jbsy-china.com\/product\/solar-panel-hook-customization\/\",\"url\":\"https:\/\/jbsy-china.com\/product\/solar-panel-hook-customization\/\",\"name\":\"Solar panel hook customization - Jingbang Industrial\",\"isPartOf\":{\"@id\":\"https:\/\/jbsy-china.com\/#website\"},\"primaryImageOfPage\":{\"@id\":\"https:\/\/jbsy-china.com\/product\/solar-panel-hook-customization\/#primaryimage\"},\"image\":{\"@id\":\"https:\/\/jbsy-china.com\/product\/solar-panel-hook-customization\/#primaryimage\"},\"thumbnailUrl\":\"https:\/\/jbsy-china.com\/wp-content\/uploads\/2023\/10\/\u6302\u94a9\u4e09-1-1.jpg\",\"datePublished\":\"2023-10-11T07:55:13+00:00\",\"dateModified\":\"2023-10-17T08:21:09+00:00\",\"breadcrumb\":{\"@id\":\"https:\/\/jbsy-china.com\/product\/solar-panel-hook-customization\/#breadcrumb\"},\"inLanguage\":\"es\",\"potentialAction\":[{\"@type\":\"ReadAction\",\"target\":[\"https:\/\/jbsy-china.com\/product\/solar-panel-hook-customization\/\"]}]},{\"@type\":\"ImageObject\",\"inLanguage\":\"es\",\"@id\":\"https:\/\/jbsy-china.com\/product\/solar-panel-hook-customization\/#primaryimage\",\"url\":\"https:\/\/jbsy-china.com\/wp-content\/uploads\/2023\/10\/\u6302\u94a9\u4e09-1-1.jpg\",\"contentUrl\":\"https:\/\/jbsy-china.com\/wp-content\/uploads\/2023\/10\/\u6302\u94a9\u4e09-1-1.jpg\",\"width\":800,\"height\":800},{\"@type\":\"BreadcrumbList\",\"@id\":\"https:\/\/jbsy-china.com\/product\/solar-panel-hook-customization\/#breadcrumb\",\"itemListElement\":[{\"@type\":\"ListItem\",\"position\":1,\"name\":\"Home\",\"item\":\"https:\/\/jbsy-china.com\/\"},{\"@type\":\"ListItem\",\"position\":2,\"name\":\"Products\",\"item\":\"https:\/\/jbsy-china.com\/shop\/\"},{\"@type\":\"ListItem\",\"position\":3,\"name\":\"Solar panel hook customization\"}]},{\"@type\":\"WebSite\",\"@id\":\"https:\/\/jbsy-china.com\/#website\",\"url\":\"https:\/\/jbsy-china.com\/\",\"name\":\"Jingbang Industrial\",\"description\":\"Hardware and electronics manufacturer\",\"publisher\":{\"@id\":\"https:\/\/jbsy-china.com\/#organization\"},\"potentialAction\":[{\"@type\":\"SearchAction\",\"target\":{\"@type\":\"EntryPoint\",\"urlTemplate\":\"https:\/\/jbsy-china.com\/?s={search_term_string}\"},\"query-input\":{\"@type\":\"PropertyValueSpecification\",\"valueRequired\":true,\"valueName\":\"search_term_string\"}}],\"inLanguage\":\"es\"},{\"@type\":\"Organization\",\"@id\":\"https:\/\/jbsy-china.com\/#organization\",\"name\":\"Jingbang Industrial\",\"url\":\"https:\/\/jbsy-china.com\/\",\"logo\":{\"@type\":\"ImageObject\",\"inLanguage\":\"es\",\"@id\":\"https:\/\/jbsy-china.com\/#\/schema\/logo\/image\/\",\"url\":\"https:\/\/jbsy-china.com\/wp-content\/uploads\/2023\/11\/cropped-\u56fe\u5c42-1.png\",\"contentUrl\":\"https:\/\/jbsy-china.com\/wp-content\/uploads\/2023\/11\/cropped-\u56fe\u5c42-1.png\",\"width\":1049,\"height\":739,\"caption\":\"Jingbang Industrial\"},\"image\":{\"@id\":\"https:\/\/jbsy-china.com\/#\/schema\/logo\/image\/\"}}]}<\/script>\n<!-- \/ Yoast SEO Premium plugin. -->","yoast_head_json":{"title":"Solar panel hook customization - Jingbang Industrial","robots":{"index":"index","follow":"follow","max-snippet":"max-snippet:-1","max-image-preview":"max-image-preview:large","max-video-preview":"max-video-preview:-1"},"canonical":"https:\/\/jbsy-china.com\/es\/producto\/solar-panel-hook-customization\/","og_locale":"es_ES","og_type":"article","og_title":"Solar panel hook customization","og_description":"The solar panel hook can be used to ensure the installation position and attitude of the solar bracket. They can be directly fixed on the solar bracket and used to connect it with the solar bracket, which can guarantee long-term stability and reliability","og_url":"https:\/\/jbsy-china.com\/es\/producto\/solar-panel-hook-customization\/","og_site_name":"Jingbang Industrial","article_modified_time":"2023-10-17T08:21:09+00:00","og_image":[{"width":800,"height":800,"url":"https:\/\/jbsy-china.com\/wp-content\/uploads\/2023\/10\/\u6302\u94a9\u4e09-1-1.jpg","type":"image\/jpeg"}],"twitter_card":"summary_large_image","twitter_misc":{"Tiempo de lectura":"1 minuto"},"schema":{"@context":"https:\/\/schema.org","@graph":[{"@type":"WebPage","@id":"https:\/\/jbsy-china.com\/product\/solar-panel-hook-customization\/","url":"https:\/\/jbsy-china.com\/product\/solar-panel-hook-customization\/","name":"Solar panel hook customization - Jingbang Industrial","isPartOf":{"@id":"https:\/\/jbsy-china.com\/#website"},"primaryImageOfPage":{"@id":"https:\/\/jbsy-china.com\/product\/solar-panel-hook-customization\/#primaryimage"},"image":{"@id":"https:\/\/jbsy-china.com\/product\/solar-panel-hook-customization\/#primaryimage"},"thumbnailUrl":"https:\/\/jbsy-china.com\/wp-content\/uploads\/2023\/10\/\u6302\u94a9\u4e09-1-1.jpg","datePublished":"2023-10-11T07:55:13+00:00","dateModified":"2023-10-17T08:21:09+00:00","breadcrumb":{"@id":"https:\/\/jbsy-china.com\/product\/solar-panel-hook-customization\/#breadcrumb"},"inLanguage":"es","potentialAction":[{"@type":"ReadAction","target":["https:\/\/jbsy-china.com\/product\/solar-panel-hook-customization\/"]}]},{"@type":"ImageObject","inLanguage":"es","@id":"https:\/\/jbsy-china.com\/product\/solar-panel-hook-customization\/#primaryimage","url":"https:\/\/jbsy-china.com\/wp-content\/uploads\/2023\/10\/\u6302\u94a9\u4e09-1-1.jpg","contentUrl":"https:\/\/jbsy-china.com\/wp-content\/uploads\/2023\/10\/\u6302\u94a9\u4e09-1-1.jpg","width":800,"height":800},{"@type":"BreadcrumbList","@id":"https:\/\/jbsy-china.com\/product\/solar-panel-hook-customization\/#breadcrumb","itemListElement":[{"@type":"ListItem","position":1,"name":"Home","item":"https:\/\/jbsy-china.com\/"},{"@type":"ListItem","position":2,"name":"Products","item":"https:\/\/jbsy-china.com\/shop\/"},{"@type":"ListItem","position":3,"name":"Solar panel hook customization"}]},{"@type":"WebSite","@id":"https:\/\/jbsy-china.com\/#website","url":"https:\/\/jbsy-china.com\/","name":"Jingbang Industrial","description":"Fabricante de hardware y electr\u00f3nica","publisher":{"@id":"https:\/\/jbsy-china.com\/#organization"},"potentialAction":[{"@type":"SearchAction","target":{"@type":"EntryPoint","urlTemplate":"https:\/\/jbsy-china.com\/?s={search_term_string}"},"query-input":{"@type":"PropertyValueSpecification","valueRequired":true,"valueName":"search_term_string"}}],"inLanguage":"es"},{"@type":"Organization","@id":"https:\/\/jbsy-china.com\/#organization","name":"Jingbang Industrial","url":"https:\/\/jbsy-china.com\/","logo":{"@type":"ImageObject","inLanguage":"es","@id":"https:\/\/jbsy-china.com\/#\/schema\/logo\/image\/","url":"https:\/\/jbsy-china.com\/wp-content\/uploads\/2023\/11\/cropped-\u56fe\u5c42-1.png","contentUrl":"https:\/\/jbsy-china.com\/wp-content\/uploads\/2023\/11\/cropped-\u56fe\u5c42-1.png","width":1049,"height":739,"caption":"Jingbang Industrial"},"image":{"@id":"https:\/\/jbsy-china.com\/#\/schema\/logo\/image\/"}}]}},"_links":{"self":[{"href":"https:\/\/jbsy-china.com\/es\/wp-json\/wp\/v2\/product\/26069","targetHints":{"allow":["GET"]}}],"collection":[{"href":"https:\/\/jbsy-china.com\/es\/wp-json\/wp\/v2\/product"}],"about":[{"href":"https:\/\/jbsy-china.com\/es\/wp-json\/wp\/v2\/types\/product"}],"replies":[{"embeddable":true,"href":"https:\/\/jbsy-china.com\/es\/wp-json\/wp\/v2\/comments?post=26069"}],"wp:featuredmedia":[{"embeddable":true,"href":"https:\/\/jbsy-china.com\/es\/wp-json\/wp\/v2\/media\/26345"}],"wp:attachment":[{"href":"https:\/\/jbsy-china.com\/es\/wp-json\/wp\/v2\/media?parent=26069"}],"wp:term":[{"taxonomy":"product_brand","embeddable":true,"href":"https:\/\/jbsy-china.com\/es\/wp-json\/wp\/v2\/product_brand?post=26069"},{"taxonomy":"product_cat","embeddable":true,"href":"https:\/\/jbsy-china.com\/es\/wp-json\/wp\/v2\/product_cat?post=26069"},{"taxonomy":"product_tag","embeddable":true,"href":"https:\/\/jbsy-china.com\/es\/wp-json\/wp\/v2\/product_tag?post=26069"}],"curies":[{"name":"wp","href":"https:\/\/api.w.org\/{rel}","templated":true}]}}