{"id":26073,"date":"2023-10-11T07:57:08","date_gmt":"2023-10-11T07:57:08","guid":{"rendered":"http:\/\/jbsy-china.com\/?post_type=product&#038;p=26073"},"modified":"2025-09-15T14:31:20","modified_gmt":"2025-09-15T14:31:20","slug":"sheet-metal-stamping-parts","status":"publish","type":"product","link":"https:\/\/jbsy-china.com\/es\/producto\/sheet-metal-stamping-parts\/","title":{"rendered":"Piezas de estampaci\u00f3n de chapa"},"content":{"rendered":"<div class=\"ast-oembed-container\" style=\"height: 100%;\"><iframe title=\"Transformaci\u00f3n de chapa\" width=\"500\" height=\"375\" src=\"https:\/\/www.youtube.com\/embed\/Y8F73CXwGGM?feature=oembed\" frameborder=\"0\" allow=\"accelerometer; autoplay; clipboard-write; encrypted-media; gyroscope; picture-in-picture; web-share\" referrerpolicy=\"strict-origin-when-cross-origin\" allowfullscreen><\/iframe><\/div>\n<p>&nbsp;<\/p>\n<p><img fetchpriority=\"high\" decoding=\"async\" class=\"alignnone size-full wp-image-26291\" src=\"http:\/\/jbsy-china.com\/wp-content\/uploads\/2023\/10\/\u94a3\u91d1\u8be6\u60c5\u9875_01-1.jpg\" alt=\"\" width=\"790\" height=\"329\" srcset=\"https:\/\/jbsy-china.com\/wp-content\/uploads\/2023\/10\/\u94a3\u91d1\u8be6\u60c5\u9875_01-1.jpg 790w, https:\/\/jbsy-china.com\/wp-content\/uploads\/2023\/10\/\u94a3\u91d1\u8be6\u60c5\u9875_01-1-300x125.jpg 300w, https:\/\/jbsy-china.com\/wp-content\/uploads\/2023\/10\/\u94a3\u91d1\u8be6\u60c5\u9875_01-1-768x320.jpg 768w, https:\/\/jbsy-china.com\/wp-content\/uploads\/2023\/10\/\u94a3\u91d1\u8be6\u60c5\u9875_01-1-600x250.jpg 600w\" sizes=\"(max-width: 790px) 100vw, 790px\" \/> <img decoding=\"async\" class=\"alignnone size-full wp-image-26292\" src=\"http:\/\/jbsy-china.com\/wp-content\/uploads\/2023\/10\/\u94a3\u91d1\u8be6\u60c5\u9875_02-1.jpg\" alt=\"\" width=\"790\" height=\"1174\" srcset=\"https:\/\/jbsy-china.com\/wp-content\/uploads\/2023\/10\/\u94a3\u91d1\u8be6\u60c5\u9875_02-1.jpg 790w, https:\/\/jbsy-china.com\/wp-content\/uploads\/2023\/10\/\u94a3\u91d1\u8be6\u60c5\u9875_02-1-202x300.jpg 202w, https:\/\/jbsy-china.com\/wp-content\/uploads\/2023\/10\/\u94a3\u91d1\u8be6\u60c5\u9875_02-1-689x1024.jpg 689w, https:\/\/jbsy-china.com\/wp-content\/uploads\/2023\/10\/\u94a3\u91d1\u8be6\u60c5\u9875_02-1-768x1141.jpg 768w, https:\/\/jbsy-china.com\/wp-content\/uploads\/2023\/10\/\u94a3\u91d1\u8be6\u60c5\u9875_02-1-600x892.jpg 600w\" sizes=\"(max-width: 790px) 100vw, 790px\" \/> <img decoding=\"async\" class=\"alignnone size-full wp-image-26293\" src=\"http:\/\/jbsy-china.com\/wp-content\/uploads\/2023\/10\/\u94a3\u91d1\u8be6\u60c5\u9875_03-1.jpg\" alt=\"\" width=\"790\" height=\"1209\" srcset=\"https:\/\/jbsy-china.com\/wp-content\/uploads\/2023\/10\/\u94a3\u91d1\u8be6\u60c5\u9875_03-1.jpg 790w, https:\/\/jbsy-china.com\/wp-content\/uploads\/2023\/10\/\u94a3\u91d1\u8be6\u60c5\u9875_03-1-196x300.jpg 196w, https:\/\/jbsy-china.com\/wp-content\/uploads\/2023\/10\/\u94a3\u91d1\u8be6\u60c5\u9875_03-1-669x1024.jpg 669w, https:\/\/jbsy-china.com\/wp-content\/uploads\/2023\/10\/\u94a3\u91d1\u8be6\u60c5\u9875_03-1-768x1175.jpg 768w, https:\/\/jbsy-china.com\/wp-content\/uploads\/2023\/10\/\u94a3\u91d1\u8be6\u60c5\u9875_03-1-600x918.jpg 600w\" sizes=\"(max-width: 790px) 100vw, 790px\" \/><\/p>","protected":false},"excerpt":{"rendered":"<p>El procesado de chapa met\u00e1lica se utiliza principalmente para procesar materiales met\u00e1licos finos, como chapas de acero, chapas de aluminio, etc. El procesado de chapa incluye varios procesos, como corte, punzonado, doblado, estirado, estampado, soldadura, etc. Estos procesos pueden combinarse y seleccionarse en funci\u00f3n de los requisitos y el dise\u00f1o de las piezas para conseguir la forma y el tama\u00f1o de procesado requeridos. El procesado de chapa tiene las caracter\u00edsticas y ventajas de un procesado de alta precisi\u00f3n, flexibilidad y adaptabilidad, fabricaci\u00f3n r\u00e1pida y rentabilidad en el procesado de metales. Se utiliza ampliamente en la producci\u00f3n de diversos componentes, piezas y productos met\u00e1licos, como chasis, estructuras mec\u00e1nicas, carcasas de equipos electr\u00f3nicos, etc.<\/p>","protected":false},"featured_media":26361,"comment_status":"open","ping_status":"closed","template":"","meta":{"site-sidebar-layout":"no-sidebar","site-content-layout":"","ast-site-content-layout":"default","site-content-style":"default","site-sidebar-style":"default","ast-global-header-display":"","ast-banner-title-visibility":"","ast-main-header-display":"","ast-hfb-above-header-display":"","ast-hfb-below-header-display":"","ast-hfb-mobile-header-display":"","site-post-title":"","ast-breadcrumbs-content":"","ast-featured-img":"","footer-sml-layout":"","ast-disable-related-posts":"","theme-transparent-header-meta":"default","adv-header-id-meta":"","stick-header-meta":"","header-above-stick-meta":"","header-main-stick-meta":"","header-below-stick-meta":"","astra-migrate-meta-layouts":"set","ast-page-background-enabled":"default","ast-page-background-meta":{"desktop":{"background-color":"var(--ast-global-color-4)","background-image":"","background-repeat":"repeat","background-position":"center center","background-size":"auto","background-attachment":"scroll","background-type":"","background-media":"","overlay-type":"","overlay-color":"","overlay-opacity":"","overlay-gradient":""},"tablet":{"background-color":"","background-image":"","background-repeat":"repeat","background-position":"center center","background-size":"auto","background-attachment":"scroll","background-type":"","background-media":"","overlay-type":"","overlay-color":"","overlay-opacity":"","overlay-gradient":""},"mobile":{"background-color":"","background-image":"","background-repeat":"repeat","background-position":"center center","background-size":"auto","background-attachment":"scroll","background-type":"","background-media":"","overlay-type":"","overlay-color":"","overlay-opacity":"","overlay-gradient":""}},"ast-content-background-meta":{"desktop":{"background-color":"var(--ast-global-color-5)","background-image":"","background-repeat":"repeat","background-position":"center center","background-size":"auto","background-attachment":"scroll","background-type":"","background-media":"","overlay-type":"","overlay-color":"","overlay-opacity":"","overlay-gradient":""},"tablet":{"background-color":"var(--ast-global-color-5)","background-image":"","background-repeat":"repeat","background-position":"center center","background-size":"auto","background-attachment":"scroll","background-type":"","background-media":"","overlay-type":"","overlay-color":"","overlay-opacity":"","overlay-gradient":""},"mobile":{"background-color":"var(--ast-global-color-5)","background-image":"","background-repeat":"repeat","background-position":"center center","background-size":"auto","background-attachment":"scroll","background-type":"","background-media":"","overlay-type":"","overlay-color":"","overlay-opacity":"","overlay-gradient":""}},"_themeisle_gutenberg_block_has_review":false,"_ti_tpc_template_sync":false,"_ti_tpc_template_id":""},"product_brand":[],"product_cat":[364],"product_tag":[394,371,366,393],"class_list":{"0":"post-26073","1":"product","2":"type-product","3":"status-publish","4":"has-post-thumbnail","6":"product_cat-sheet-metal-processing-parts","7":"product_tag-automotive-sheet-metal-parts","8":"product_tag-sheet-metal-customization","9":"product_tag-sheet-metal-processing","10":"product_tag-sheet-metal-stamping-process","11":"desktop-align-left","12":"tablet-align-left","13":"mobile-align-left","14":"ast-product-gallery-layout-horizontal-slider","15":"ast-product-tabs-layout-horizontal","16":"ast-qv-on-image","18":"first","19":"instock","20":"shipping-taxable","21":"purchasable","22":"product-type-simple"},"yoast_head":"<!-- This site is optimized with the Yoast SEO Premium plugin v21.7 (Yoast SEO v25.7) - https:\/\/yoast.com\/wordpress\/plugins\/seo\/ -->\n<title>Sheet metal stamping parts - Jingbang Industrial<\/title>\n<meta name=\"robots\" content=\"index, follow, max-snippet:-1, max-image-preview:large, max-video-preview:-1\" \/>\n<link rel=\"canonical\" href=\"https:\/\/jbsy-china.com\/es\/producto\/sheet-metal-stamping-parts\/\" \/>\n<meta property=\"og:locale\" content=\"es_ES\" \/>\n<meta property=\"og:type\" content=\"article\" \/>\n<meta property=\"og:title\" content=\"Sheet metal stamping parts\" \/>\n<meta property=\"og:description\" content=\"Sheet metal processing is mainly used for processing thin metal materials, such as steel plates, aluminum plates, etc. Sheet metal processing includes various processes, such as cutting, punching, bending, stretching, stamping, welding, etc. These processes can be combined and selected based on the requirements and design of the parts to achieve the required shape and size processing. Sheet metal processing has the characteristics and advantages of high-precision processing, flexibility and adaptability, rapid manufacturing, and cost-effectiveness in metal processing. It is widely used in the production of various metal components, components and products, such as chassis, mechanical structures, electronic equipment casings, etc\" \/>\n<meta property=\"og:url\" content=\"https:\/\/jbsy-china.com\/es\/producto\/sheet-metal-stamping-parts\/\" \/>\n<meta property=\"og:site_name\" content=\"Jingbang Industrial\" \/>\n<meta property=\"article:modified_time\" content=\"2025-09-15T14:31:20+00:00\" \/>\n<meta property=\"og:image\" content=\"https:\/\/jbsy-china.com\/wp-content\/uploads\/2023\/10\/3-2.jpg\" \/>\n\t<meta property=\"og:image:width\" content=\"800\" \/>\n\t<meta property=\"og:image:height\" content=\"800\" \/>\n\t<meta property=\"og:image:type\" content=\"image\/jpeg\" \/>\n<meta name=\"twitter:card\" content=\"summary_large_image\" \/>\n<script type=\"application\/ld+json\" class=\"yoast-schema-graph\">{\"@context\":\"https:\/\/schema.org\",\"@graph\":[{\"@type\":\"WebPage\",\"@id\":\"https:\/\/jbsy-china.com\/product\/sheet-metal-stamping-parts\/\",\"url\":\"https:\/\/jbsy-china.com\/product\/sheet-metal-stamping-parts\/\",\"name\":\"Sheet metal stamping parts - Jingbang Industrial\",\"isPartOf\":{\"@id\":\"https:\/\/jbsy-china.com\/#website\"},\"primaryImageOfPage\":{\"@id\":\"https:\/\/jbsy-china.com\/product\/sheet-metal-stamping-parts\/#primaryimage\"},\"image\":{\"@id\":\"https:\/\/jbsy-china.com\/product\/sheet-metal-stamping-parts\/#primaryimage\"},\"thumbnailUrl\":\"https:\/\/jbsy-china.com\/wp-content\/uploads\/2023\/10\/3-2.jpg\",\"datePublished\":\"2023-10-11T07:57:08+00:00\",\"dateModified\":\"2025-09-15T14:31:20+00:00\",\"breadcrumb\":{\"@id\":\"https:\/\/jbsy-china.com\/product\/sheet-metal-stamping-parts\/#breadcrumb\"},\"inLanguage\":\"es\",\"potentialAction\":[{\"@type\":\"ReadAction\",\"target\":[\"https:\/\/jbsy-china.com\/product\/sheet-metal-stamping-parts\/\"]}]},{\"@type\":\"ImageObject\",\"inLanguage\":\"es\",\"@id\":\"https:\/\/jbsy-china.com\/product\/sheet-metal-stamping-parts\/#primaryimage\",\"url\":\"https:\/\/jbsy-china.com\/wp-content\/uploads\/2023\/10\/3-2.jpg\",\"contentUrl\":\"https:\/\/jbsy-china.com\/wp-content\/uploads\/2023\/10\/3-2.jpg\",\"width\":800,\"height\":800},{\"@type\":\"BreadcrumbList\",\"@id\":\"https:\/\/jbsy-china.com\/product\/sheet-metal-stamping-parts\/#breadcrumb\",\"itemListElement\":[{\"@type\":\"ListItem\",\"position\":1,\"name\":\"Home\",\"item\":\"https:\/\/jbsy-china.com\/\"},{\"@type\":\"ListItem\",\"position\":2,\"name\":\"Products\",\"item\":\"https:\/\/jbsy-china.com\/shop\/\"},{\"@type\":\"ListItem\",\"position\":3,\"name\":\"Sheet metal stamping parts\"}]},{\"@type\":\"WebSite\",\"@id\":\"https:\/\/jbsy-china.com\/#website\",\"url\":\"https:\/\/jbsy-china.com\/\",\"name\":\"Jingbang Industrial\",\"description\":\"Hardware and electronics manufacturer\",\"publisher\":{\"@id\":\"https:\/\/jbsy-china.com\/#organization\"},\"potentialAction\":[{\"@type\":\"SearchAction\",\"target\":{\"@type\":\"EntryPoint\",\"urlTemplate\":\"https:\/\/jbsy-china.com\/?s={search_term_string}\"},\"query-input\":{\"@type\":\"PropertyValueSpecification\",\"valueRequired\":true,\"valueName\":\"search_term_string\"}}],\"inLanguage\":\"es\"},{\"@type\":\"Organization\",\"@id\":\"https:\/\/jbsy-china.com\/#organization\",\"name\":\"Jingbang Industrial\",\"url\":\"https:\/\/jbsy-china.com\/\",\"logo\":{\"@type\":\"ImageObject\",\"inLanguage\":\"es\",\"@id\":\"https:\/\/jbsy-china.com\/#\/schema\/logo\/image\/\",\"url\":\"https:\/\/jbsy-china.com\/wp-content\/uploads\/2023\/11\/cropped-\u56fe\u5c42-1.png\",\"contentUrl\":\"https:\/\/jbsy-china.com\/wp-content\/uploads\/2023\/11\/cropped-\u56fe\u5c42-1.png\",\"width\":1049,\"height\":739,\"caption\":\"Jingbang Industrial\"},\"image\":{\"@id\":\"https:\/\/jbsy-china.com\/#\/schema\/logo\/image\/\"}}]}<\/script>\n<!-- \/ Yoast SEO Premium plugin. -->","yoast_head_json":{"title":"Sheet metal stamping parts - Jingbang Industrial","robots":{"index":"index","follow":"follow","max-snippet":"max-snippet:-1","max-image-preview":"max-image-preview:large","max-video-preview":"max-video-preview:-1"},"canonical":"https:\/\/jbsy-china.com\/es\/producto\/sheet-metal-stamping-parts\/","og_locale":"es_ES","og_type":"article","og_title":"Sheet metal stamping parts","og_description":"Sheet metal processing is mainly used for processing thin metal materials, such as steel plates, aluminum plates, etc. Sheet metal processing includes various processes, such as cutting, punching, bending, stretching, stamping, welding, etc. These processes can be combined and selected based on the requirements and design of the parts to achieve the required shape and size processing. Sheet metal processing has the characteristics and advantages of high-precision processing, flexibility and adaptability, rapid manufacturing, and cost-effectiveness in metal processing. It is widely used in the production of various metal components, components and products, such as chassis, mechanical structures, electronic equipment casings, etc","og_url":"https:\/\/jbsy-china.com\/es\/producto\/sheet-metal-stamping-parts\/","og_site_name":"Jingbang Industrial","article_modified_time":"2025-09-15T14:31:20+00:00","og_image":[{"width":800,"height":800,"url":"https:\/\/jbsy-china.com\/wp-content\/uploads\/2023\/10\/3-2.jpg","type":"image\/jpeg"}],"twitter_card":"summary_large_image","schema":{"@context":"https:\/\/schema.org","@graph":[{"@type":"WebPage","@id":"https:\/\/jbsy-china.com\/product\/sheet-metal-stamping-parts\/","url":"https:\/\/jbsy-china.com\/product\/sheet-metal-stamping-parts\/","name":"Sheet metal stamping parts - Jingbang Industrial","isPartOf":{"@id":"https:\/\/jbsy-china.com\/#website"},"primaryImageOfPage":{"@id":"https:\/\/jbsy-china.com\/product\/sheet-metal-stamping-parts\/#primaryimage"},"image":{"@id":"https:\/\/jbsy-china.com\/product\/sheet-metal-stamping-parts\/#primaryimage"},"thumbnailUrl":"https:\/\/jbsy-china.com\/wp-content\/uploads\/2023\/10\/3-2.jpg","datePublished":"2023-10-11T07:57:08+00:00","dateModified":"2025-09-15T14:31:20+00:00","breadcrumb":{"@id":"https:\/\/jbsy-china.com\/product\/sheet-metal-stamping-parts\/#breadcrumb"},"inLanguage":"es","potentialAction":[{"@type":"ReadAction","target":["https:\/\/jbsy-china.com\/product\/sheet-metal-stamping-parts\/"]}]},{"@type":"ImageObject","inLanguage":"es","@id":"https:\/\/jbsy-china.com\/product\/sheet-metal-stamping-parts\/#primaryimage","url":"https:\/\/jbsy-china.com\/wp-content\/uploads\/2023\/10\/3-2.jpg","contentUrl":"https:\/\/jbsy-china.com\/wp-content\/uploads\/2023\/10\/3-2.jpg","width":800,"height":800},{"@type":"BreadcrumbList","@id":"https:\/\/jbsy-china.com\/product\/sheet-metal-stamping-parts\/#breadcrumb","itemListElement":[{"@type":"ListItem","position":1,"name":"Home","item":"https:\/\/jbsy-china.com\/"},{"@type":"ListItem","position":2,"name":"Products","item":"https:\/\/jbsy-china.com\/shop\/"},{"@type":"ListItem","position":3,"name":"Sheet metal stamping parts"}]},{"@type":"WebSite","@id":"https:\/\/jbsy-china.com\/#website","url":"https:\/\/jbsy-china.com\/","name":"Jingbang Industrial","description":"Fabricante de hardware y electr\u00f3nica","publisher":{"@id":"https:\/\/jbsy-china.com\/#organization"},"potentialAction":[{"@type":"SearchAction","target":{"@type":"EntryPoint","urlTemplate":"https:\/\/jbsy-china.com\/?s={search_term_string}"},"query-input":{"@type":"PropertyValueSpecification","valueRequired":true,"valueName":"search_term_string"}}],"inLanguage":"es"},{"@type":"Organization","@id":"https:\/\/jbsy-china.com\/#organization","name":"Jingbang Industrial","url":"https:\/\/jbsy-china.com\/","logo":{"@type":"ImageObject","inLanguage":"es","@id":"https:\/\/jbsy-china.com\/#\/schema\/logo\/image\/","url":"https:\/\/jbsy-china.com\/wp-content\/uploads\/2023\/11\/cropped-\u56fe\u5c42-1.png","contentUrl":"https:\/\/jbsy-china.com\/wp-content\/uploads\/2023\/11\/cropped-\u56fe\u5c42-1.png","width":1049,"height":739,"caption":"Jingbang Industrial"},"image":{"@id":"https:\/\/jbsy-china.com\/#\/schema\/logo\/image\/"}}]}},"_links":{"self":[{"href":"https:\/\/jbsy-china.com\/es\/wp-json\/wp\/v2\/product\/26073","targetHints":{"allow":["GET"]}}],"collection":[{"href":"https:\/\/jbsy-china.com\/es\/wp-json\/wp\/v2\/product"}],"about":[{"href":"https:\/\/jbsy-china.com\/es\/wp-json\/wp\/v2\/types\/product"}],"replies":[{"embeddable":true,"href":"https:\/\/jbsy-china.com\/es\/wp-json\/wp\/v2\/comments?post=26073"}],"wp:featuredmedia":[{"embeddable":true,"href":"https:\/\/jbsy-china.com\/es\/wp-json\/wp\/v2\/media\/26361"}],"wp:attachment":[{"href":"https:\/\/jbsy-china.com\/es\/wp-json\/wp\/v2\/media?parent=26073"}],"wp:term":[{"taxonomy":"product_brand","embeddable":true,"href":"https:\/\/jbsy-china.com\/es\/wp-json\/wp\/v2\/product_brand?post=26073"},{"taxonomy":"product_cat","embeddable":true,"href":"https:\/\/jbsy-china.com\/es\/wp-json\/wp\/v2\/product_cat?post=26073"},{"taxonomy":"product_tag","embeddable":true,"href":"https:\/\/jbsy-china.com\/es\/wp-json\/wp\/v2\/product_tag?post=26073"}],"curies":[{"name":"wp","href":"https:\/\/api.w.org\/{rel}","templated":true}]}}