{"id":26093,"date":"2023-10-11T08:53:47","date_gmt":"2023-10-11T08:53:47","guid":{"rendered":"http:\/\/jbsy-china.com\/?post_type=product&#038;p=26093"},"modified":"2023-10-17T07:45:33","modified_gmt":"2023-10-17T07:45:33","slug":"support-base","status":"publish","type":"product","link":"https:\/\/jbsy-china.com\/es\/producto\/support-base\/","title":{"rendered":"Base de apoyo"},"content":{"rendered":"<div class=\"ast-oembed-container\" style=\"height: 100%;\"><iframe title=\"Fundici\u00f3n de precisi\u00f3n\" width=\"500\" height=\"375\" src=\"https:\/\/www.youtube.com\/embed\/LE7b864T6YM?feature=oembed\" frameborder=\"0\" allow=\"accelerometer; autoplay; clipboard-write; encrypted-media; gyroscope; picture-in-picture; web-share\" referrerpolicy=\"strict-origin-when-cross-origin\" allowfullscreen><\/iframe><\/div>\n<p>&nbsp;<\/p>\n<p><img fetchpriority=\"high\" decoding=\"async\" class=\"alignnone wp-image-26141\" src=\"http:\/\/jbsy-china.com\/wp-content\/uploads\/2023\/10\/\u7cbe\u5bc6\u94f8\u9020\u8be6\u60c5\u9875_01.jpg\" alt=\"\" width=\"790\" height=\"329\" srcset=\"https:\/\/jbsy-china.com\/wp-content\/uploads\/2023\/10\/\u7cbe\u5bc6\u94f8\u9020\u8be6\u60c5\u9875_01.jpg 790w, https:\/\/jbsy-china.com\/wp-content\/uploads\/2023\/10\/\u7cbe\u5bc6\u94f8\u9020\u8be6\u60c5\u9875_01-300x125.jpg 300w, https:\/\/jbsy-china.com\/wp-content\/uploads\/2023\/10\/\u7cbe\u5bc6\u94f8\u9020\u8be6\u60c5\u9875_01-768x320.jpg 768w, https:\/\/jbsy-china.com\/wp-content\/uploads\/2023\/10\/\u7cbe\u5bc6\u94f8\u9020\u8be6\u60c5\u9875_01-600x250.jpg 600w\" sizes=\"(max-width: 790px) 100vw, 790px\" \/><img decoding=\"async\" class=\"alignnone size-full wp-image-26144\" src=\"http:\/\/jbsy-china.com\/wp-content\/uploads\/2023\/10\/\u7cbe\u5bc6\u94f8\u9020\u8be6\u60c5\u9875_03.jpg\" alt=\"\" width=\"790\" height=\"870\" srcset=\"https:\/\/jbsy-china.com\/wp-content\/uploads\/2023\/10\/\u7cbe\u5bc6\u94f8\u9020\u8be6\u60c5\u9875_03.jpg 790w, https:\/\/jbsy-china.com\/wp-content\/uploads\/2023\/10\/\u7cbe\u5bc6\u94f8\u9020\u8be6\u60c5\u9875_03-272x300.jpg 272w, https:\/\/jbsy-china.com\/wp-content\/uploads\/2023\/10\/\u7cbe\u5bc6\u94f8\u9020\u8be6\u60c5\u9875_03-768x846.jpg 768w, https:\/\/jbsy-china.com\/wp-content\/uploads\/2023\/10\/\u7cbe\u5bc6\u94f8\u9020\u8be6\u60c5\u9875_03-600x661.jpg 600w\" sizes=\"(max-width: 790px) 100vw, 790px\" \/><img decoding=\"async\" class=\"alignnone size-full wp-image-26143\" src=\"http:\/\/jbsy-china.com\/wp-content\/uploads\/2023\/10\/\u7cbe\u5bc6\u94f8\u9020\u8be6\u60c5\u9875_02.jpg\" alt=\"\" width=\"790\" height=\"1174\" srcset=\"https:\/\/jbsy-china.com\/wp-content\/uploads\/2023\/10\/\u7cbe\u5bc6\u94f8\u9020\u8be6\u60c5\u9875_02.jpg 790w, https:\/\/jbsy-china.com\/wp-content\/uploads\/2023\/10\/\u7cbe\u5bc6\u94f8\u9020\u8be6\u60c5\u9875_02-202x300.jpg 202w, https:\/\/jbsy-china.com\/wp-content\/uploads\/2023\/10\/\u7cbe\u5bc6\u94f8\u9020\u8be6\u60c5\u9875_02-689x1024.jpg 689w, https:\/\/jbsy-china.com\/wp-content\/uploads\/2023\/10\/\u7cbe\u5bc6\u94f8\u9020\u8be6\u60c5\u9875_02-768x1141.jpg 768w, https:\/\/jbsy-china.com\/wp-content\/uploads\/2023\/10\/\u7cbe\u5bc6\u94f8\u9020\u8be6\u60c5\u9875_02-600x892.jpg 600w\" sizes=\"(max-width: 790px) 100vw, 790px\" \/><img loading=\"lazy\" decoding=\"async\" class=\"alignnone size-full wp-image-26145\" src=\"http:\/\/jbsy-china.com\/wp-content\/uploads\/2023\/10\/\u7cbe\u5bc6\u94f8\u9020\u8be6\u60c5\u9875_04.jpg\" alt=\"\" width=\"790\" height=\"739\" srcset=\"https:\/\/jbsy-china.com\/wp-content\/uploads\/2023\/10\/\u7cbe\u5bc6\u94f8\u9020\u8be6\u60c5\u9875_04.jpg 790w, https:\/\/jbsy-china.com\/wp-content\/uploads\/2023\/10\/\u7cbe\u5bc6\u94f8\u9020\u8be6\u60c5\u9875_04-300x281.jpg 300w, https:\/\/jbsy-china.com\/wp-content\/uploads\/2023\/10\/\u7cbe\u5bc6\u94f8\u9020\u8be6\u60c5\u9875_04-768x718.jpg 768w, https:\/\/jbsy-china.com\/wp-content\/uploads\/2023\/10\/\u7cbe\u5bc6\u94f8\u9020\u8be6\u60c5\u9875_04-600x561.jpg 600w\" sizes=\"(max-width: 790px) 100vw, 790px\" \/><\/p>","protected":false},"excerpt":{"rendered":"<p>La fundici\u00f3n de precisi\u00f3n tiene las caracter\u00edsticas y ventajas de la alta precisi\u00f3n, la forma compleja y la fundici\u00f3n estructural, la excelente calidad superficial, la alta eficiencia de producci\u00f3n y el moldeo preciso en el procesamiento de metales. La fundici\u00f3n de precisi\u00f3n es adecuada para fundir diversos materiales met\u00e1licos, incluidos metales no ferrosos como aluminio, magnesio, cobre, as\u00ed como metales de uso com\u00fan como acero y acero inoxidable. Esto permite que la fundici\u00f3n de precisi\u00f3n tenga una amplia gama de aplicaciones y cumpla los requisitos de materiales de diferentes industrias. Se utiliza ampliamente en campos como el aeroespacial, la fabricaci\u00f3n de autom\u00f3viles y los equipos electr\u00f3nicos.<\/p>","protected":false},"featured_media":26094,"comment_status":"closed","ping_status":"closed","template":"","meta":{"site-sidebar-layout":"no-sidebar","site-content-layout":"","ast-site-content-layout":"default","site-content-style":"default","site-sidebar-style":"default","ast-global-header-display":"","ast-banner-title-visibility":"","ast-main-header-display":"","ast-hfb-above-header-display":"","ast-hfb-below-header-display":"","ast-hfb-mobile-header-display":"","site-post-title":"","ast-breadcrumbs-content":"","ast-featured-img":"","footer-sml-layout":"","ast-disable-related-posts":"","theme-transparent-header-meta":"default","adv-header-id-meta":"","stick-header-meta":"","header-above-stick-meta":"","header-main-stick-meta":"","header-below-stick-meta":"","astra-migrate-meta-layouts":"set","ast-page-background-enabled":"default","ast-page-background-meta":{"desktop":{"background-color":"var(--ast-global-color-4)","background-image":"","background-repeat":"repeat","background-position":"center center","background-size":"auto","background-attachment":"scroll","background-type":"","background-media":"","overlay-type":"","overlay-color":"","overlay-opacity":"","overlay-gradient":""},"tablet":{"background-color":"","background-image":"","background-repeat":"repeat","background-position":"center center","background-size":"auto","background-attachment":"scroll","background-type":"","background-media":"","overlay-type":"","overlay-color":"","overlay-opacity":"","overlay-gradient":""},"mobile":{"background-color":"","background-image":"","background-repeat":"repeat","background-position":"center center","background-size":"auto","background-attachment":"scroll","background-type":"","background-media":"","overlay-type":"","overlay-color":"","overlay-opacity":"","overlay-gradient":""}},"ast-content-background-meta":{"desktop":{"background-color":"var(--ast-global-color-5)","background-image":"","background-repeat":"repeat","background-position":"center center","background-size":"auto","background-attachment":"scroll","background-type":"","background-media":"","overlay-type":"","overlay-color":"","overlay-opacity":"","overlay-gradient":""},"tablet":{"background-color":"var(--ast-global-color-5)","background-image":"","background-repeat":"repeat","background-position":"center center","background-size":"auto","background-attachment":"scroll","background-type":"","background-media":"","overlay-type":"","overlay-color":"","overlay-opacity":"","overlay-gradient":""},"mobile":{"background-color":"var(--ast-global-color-5)","background-image":"","background-repeat":"repeat","background-position":"center center","background-size":"auto","background-attachment":"scroll","background-type":"","background-media":"","overlay-type":"","overlay-color":"","overlay-opacity":"","overlay-gradient":""}},"_themeisle_gutenberg_block_has_review":false,"_ti_tpc_template_sync":false,"_ti_tpc_template_id":""},"product_brand":[],"product_cat":[395],"product_tag":[396,398,397,399],"class_list":{"0":"post-26093","1":"product","2":"type-product","3":"status-publish","4":"has-post-thumbnail","6":"product_cat-casting-parts","7":"product_tag-casting-parts","8":"product_tag-customized-casting","9":"product_tag-precision-casting","10":"product_tag-wax-loss-casting","11":"desktop-align-left","12":"tablet-align-left","13":"mobile-align-left","14":"ast-product-gallery-layout-horizontal-slider","15":"ast-product-tabs-layout-horizontal","16":"ast-qv-on-image","18":"first","19":"instock","20":"shipping-taxable","21":"purchasable","22":"product-type-simple"},"yoast_head":"<!-- This site is optimized with the Yoast SEO Premium plugin v21.7 (Yoast SEO v25.7) - https:\/\/yoast.com\/wordpress\/plugins\/seo\/ -->\n<title>Support base - Jingbang Industrial<\/title>\n<meta name=\"robots\" content=\"index, follow, max-snippet:-1, max-image-preview:large, max-video-preview:-1\" \/>\n<link rel=\"canonical\" href=\"https:\/\/jbsy-china.com\/es\/producto\/support-base\/\" \/>\n<meta property=\"og:locale\" content=\"es_ES\" \/>\n<meta property=\"og:type\" content=\"article\" \/>\n<meta property=\"og:title\" content=\"Support base\" \/>\n<meta property=\"og:description\" content=\"Precision casting has the characteristics and advantages of high precision, complex shape and structural casting, excellent surface quality, high production efficiency, and precise molding in metal processing. Precision casting is suitable for casting various metal materials, including non-ferrous metals such as aluminum, magnesium, copper, as well as commonly used metals such as steel and stainless steel. This enables precision casting to have a wide range of applications and meet the material requirements of different industries. It is widely used in fields such as aerospace, automotive manufacturing, and electronic equipment\" \/>\n<meta property=\"og:url\" content=\"https:\/\/jbsy-china.com\/es\/producto\/support-base\/\" \/>\n<meta property=\"og:site_name\" content=\"Jingbang Industrial\" \/>\n<meta property=\"article:modified_time\" content=\"2023-10-17T07:45:33+00:00\" \/>\n<meta property=\"og:image\" content=\"https:\/\/jbsy-china.com\/wp-content\/uploads\/2023\/10\/z-4.jpg\" \/>\n\t<meta property=\"og:image:width\" content=\"500\" \/>\n\t<meta property=\"og:image:height\" content=\"500\" \/>\n\t<meta property=\"og:image:type\" content=\"image\/jpeg\" \/>\n<meta name=\"twitter:card\" content=\"summary_large_image\" \/>\n<script type=\"application\/ld+json\" class=\"yoast-schema-graph\">{\"@context\":\"https:\/\/schema.org\",\"@graph\":[{\"@type\":\"WebPage\",\"@id\":\"https:\/\/jbsy-china.com\/product\/support-base\/\",\"url\":\"https:\/\/jbsy-china.com\/product\/support-base\/\",\"name\":\"Support base - Jingbang Industrial\",\"isPartOf\":{\"@id\":\"https:\/\/jbsy-china.com\/#website\"},\"primaryImageOfPage\":{\"@id\":\"https:\/\/jbsy-china.com\/product\/support-base\/#primaryimage\"},\"image\":{\"@id\":\"https:\/\/jbsy-china.com\/product\/support-base\/#primaryimage\"},\"thumbnailUrl\":\"https:\/\/jbsy-china.com\/wp-content\/uploads\/2023\/10\/z-4.jpg\",\"datePublished\":\"2023-10-11T08:53:47+00:00\",\"dateModified\":\"2023-10-17T07:45:33+00:00\",\"breadcrumb\":{\"@id\":\"https:\/\/jbsy-china.com\/product\/support-base\/#breadcrumb\"},\"inLanguage\":\"es\",\"potentialAction\":[{\"@type\":\"ReadAction\",\"target\":[\"https:\/\/jbsy-china.com\/product\/support-base\/\"]}]},{\"@type\":\"ImageObject\",\"inLanguage\":\"es\",\"@id\":\"https:\/\/jbsy-china.com\/product\/support-base\/#primaryimage\",\"url\":\"https:\/\/jbsy-china.com\/wp-content\/uploads\/2023\/10\/z-4.jpg\",\"contentUrl\":\"https:\/\/jbsy-china.com\/wp-content\/uploads\/2023\/10\/z-4.jpg\",\"width\":500,\"height\":500},{\"@type\":\"BreadcrumbList\",\"@id\":\"https:\/\/jbsy-china.com\/product\/support-base\/#breadcrumb\",\"itemListElement\":[{\"@type\":\"ListItem\",\"position\":1,\"name\":\"Home\",\"item\":\"https:\/\/jbsy-china.com\/\"},{\"@type\":\"ListItem\",\"position\":2,\"name\":\"Products\",\"item\":\"https:\/\/jbsy-china.com\/shop\/\"},{\"@type\":\"ListItem\",\"position\":3,\"name\":\"Support base\"}]},{\"@type\":\"WebSite\",\"@id\":\"https:\/\/jbsy-china.com\/#website\",\"url\":\"https:\/\/jbsy-china.com\/\",\"name\":\"Jingbang Industrial\",\"description\":\"Hardware and electronics manufacturer\",\"publisher\":{\"@id\":\"https:\/\/jbsy-china.com\/#organization\"},\"potentialAction\":[{\"@type\":\"SearchAction\",\"target\":{\"@type\":\"EntryPoint\",\"urlTemplate\":\"https:\/\/jbsy-china.com\/?s={search_term_string}\"},\"query-input\":{\"@type\":\"PropertyValueSpecification\",\"valueRequired\":true,\"valueName\":\"search_term_string\"}}],\"inLanguage\":\"es\"},{\"@type\":\"Organization\",\"@id\":\"https:\/\/jbsy-china.com\/#organization\",\"name\":\"Jingbang Industrial\",\"url\":\"https:\/\/jbsy-china.com\/\",\"logo\":{\"@type\":\"ImageObject\",\"inLanguage\":\"es\",\"@id\":\"https:\/\/jbsy-china.com\/#\/schema\/logo\/image\/\",\"url\":\"https:\/\/jbsy-china.com\/wp-content\/uploads\/2023\/11\/cropped-\u56fe\u5c42-1.png\",\"contentUrl\":\"https:\/\/jbsy-china.com\/wp-content\/uploads\/2023\/11\/cropped-\u56fe\u5c42-1.png\",\"width\":1049,\"height\":739,\"caption\":\"Jingbang Industrial\"},\"image\":{\"@id\":\"https:\/\/jbsy-china.com\/#\/schema\/logo\/image\/\"}}]}<\/script>\n<!-- \/ Yoast SEO Premium plugin. -->","yoast_head_json":{"title":"Support base - Jingbang Industrial","robots":{"index":"index","follow":"follow","max-snippet":"max-snippet:-1","max-image-preview":"max-image-preview:large","max-video-preview":"max-video-preview:-1"},"canonical":"https:\/\/jbsy-china.com\/es\/producto\/support-base\/","og_locale":"es_ES","og_type":"article","og_title":"Support base","og_description":"Precision casting has the characteristics and advantages of high precision, complex shape and structural casting, excellent surface quality, high production efficiency, and precise molding in metal processing. Precision casting is suitable for casting various metal materials, including non-ferrous metals such as aluminum, magnesium, copper, as well as commonly used metals such as steel and stainless steel. This enables precision casting to have a wide range of applications and meet the material requirements of different industries. It is widely used in fields such as aerospace, automotive manufacturing, and electronic equipment","og_url":"https:\/\/jbsy-china.com\/es\/producto\/support-base\/","og_site_name":"Jingbang Industrial","article_modified_time":"2023-10-17T07:45:33+00:00","og_image":[{"width":500,"height":500,"url":"https:\/\/jbsy-china.com\/wp-content\/uploads\/2023\/10\/z-4.jpg","type":"image\/jpeg"}],"twitter_card":"summary_large_image","schema":{"@context":"https:\/\/schema.org","@graph":[{"@type":"WebPage","@id":"https:\/\/jbsy-china.com\/product\/support-base\/","url":"https:\/\/jbsy-china.com\/product\/support-base\/","name":"Support base - Jingbang Industrial","isPartOf":{"@id":"https:\/\/jbsy-china.com\/#website"},"primaryImageOfPage":{"@id":"https:\/\/jbsy-china.com\/product\/support-base\/#primaryimage"},"image":{"@id":"https:\/\/jbsy-china.com\/product\/support-base\/#primaryimage"},"thumbnailUrl":"https:\/\/jbsy-china.com\/wp-content\/uploads\/2023\/10\/z-4.jpg","datePublished":"2023-10-11T08:53:47+00:00","dateModified":"2023-10-17T07:45:33+00:00","breadcrumb":{"@id":"https:\/\/jbsy-china.com\/product\/support-base\/#breadcrumb"},"inLanguage":"es","potentialAction":[{"@type":"ReadAction","target":["https:\/\/jbsy-china.com\/product\/support-base\/"]}]},{"@type":"ImageObject","inLanguage":"es","@id":"https:\/\/jbsy-china.com\/product\/support-base\/#primaryimage","url":"https:\/\/jbsy-china.com\/wp-content\/uploads\/2023\/10\/z-4.jpg","contentUrl":"https:\/\/jbsy-china.com\/wp-content\/uploads\/2023\/10\/z-4.jpg","width":500,"height":500},{"@type":"BreadcrumbList","@id":"https:\/\/jbsy-china.com\/product\/support-base\/#breadcrumb","itemListElement":[{"@type":"ListItem","position":1,"name":"Home","item":"https:\/\/jbsy-china.com\/"},{"@type":"ListItem","position":2,"name":"Products","item":"https:\/\/jbsy-china.com\/shop\/"},{"@type":"ListItem","position":3,"name":"Support base"}]},{"@type":"WebSite","@id":"https:\/\/jbsy-china.com\/#website","url":"https:\/\/jbsy-china.com\/","name":"Jingbang Industrial","description":"Fabricante de hardware y electr\u00f3nica","publisher":{"@id":"https:\/\/jbsy-china.com\/#organization"},"potentialAction":[{"@type":"SearchAction","target":{"@type":"EntryPoint","urlTemplate":"https:\/\/jbsy-china.com\/?s={search_term_string}"},"query-input":{"@type":"PropertyValueSpecification","valueRequired":true,"valueName":"search_term_string"}}],"inLanguage":"es"},{"@type":"Organization","@id":"https:\/\/jbsy-china.com\/#organization","name":"Jingbang Industrial","url":"https:\/\/jbsy-china.com\/","logo":{"@type":"ImageObject","inLanguage":"es","@id":"https:\/\/jbsy-china.com\/#\/schema\/logo\/image\/","url":"https:\/\/jbsy-china.com\/wp-content\/uploads\/2023\/11\/cropped-\u56fe\u5c42-1.png","contentUrl":"https:\/\/jbsy-china.com\/wp-content\/uploads\/2023\/11\/cropped-\u56fe\u5c42-1.png","width":1049,"height":739,"caption":"Jingbang Industrial"},"image":{"@id":"https:\/\/jbsy-china.com\/#\/schema\/logo\/image\/"}}]}},"_links":{"self":[{"href":"https:\/\/jbsy-china.com\/es\/wp-json\/wp\/v2\/product\/26093","targetHints":{"allow":["GET"]}}],"collection":[{"href":"https:\/\/jbsy-china.com\/es\/wp-json\/wp\/v2\/product"}],"about":[{"href":"https:\/\/jbsy-china.com\/es\/wp-json\/wp\/v2\/types\/product"}],"replies":[{"embeddable":true,"href":"https:\/\/jbsy-china.com\/es\/wp-json\/wp\/v2\/comments?post=26093"}],"wp:featuredmedia":[{"embeddable":true,"href":"https:\/\/jbsy-china.com\/es\/wp-json\/wp\/v2\/media\/26094"}],"wp:attachment":[{"href":"https:\/\/jbsy-china.com\/es\/wp-json\/wp\/v2\/media?parent=26093"}],"wp:term":[{"taxonomy":"product_brand","embeddable":true,"href":"https:\/\/jbsy-china.com\/es\/wp-json\/wp\/v2\/product_brand?post=26093"},{"taxonomy":"product_cat","embeddable":true,"href":"https:\/\/jbsy-china.com\/es\/wp-json\/wp\/v2\/product_cat?post=26093"},{"taxonomy":"product_tag","embeddable":true,"href":"https:\/\/jbsy-china.com\/es\/wp-json\/wp\/v2\/product_tag?post=26093"}],"curies":[{"name":"wp","href":"https:\/\/api.w.org\/{rel}","templated":true}]}}