{"id":26487,"date":"2023-10-23T06:38:24","date_gmt":"2023-10-23T06:38:24","guid":{"rendered":"http:\/\/jbsy-china.com\/?post_type=product&#038;p=26487"},"modified":"2024-03-25T08:46:05","modified_gmt":"2024-03-25T08:46:05","slug":"2","status":"publish","type":"product","link":"https:\/\/jbsy-china.com\/es\/producto\/2\/","title":{"rendered":"Tuerca antirrobo de flor de ciruelo"},"content":{"rendered":"<p><img fetchpriority=\"high\" decoding=\"async\" class=\"alignnone wp-image-26710\" src=\"http:\/\/jbsy-china.com\/wp-content\/uploads\/2023\/10\/\u4e3b\u63a8-\u9632\u76d7\u87ba\u6bcd_01.jpg\" alt=\"\" width=\"789\" height=\"1328\" srcset=\"https:\/\/jbsy-china.com\/wp-content\/uploads\/2023\/10\/\u4e3b\u63a8-\u9632\u76d7\u87ba\u6bcd_01.jpg 790w, https:\/\/jbsy-china.com\/wp-content\/uploads\/2023\/10\/\u4e3b\u63a8-\u9632\u76d7\u87ba\u6bcd_01-178x300.jpg 178w, https:\/\/jbsy-china.com\/wp-content\/uploads\/2023\/10\/\u4e3b\u63a8-\u9632\u76d7\u87ba\u6bcd_01-608x1024.jpg 608w, https:\/\/jbsy-china.com\/wp-content\/uploads\/2023\/10\/\u4e3b\u63a8-\u9632\u76d7\u87ba\u6bcd_01-768x1293.jpg 768w, https:\/\/jbsy-china.com\/wp-content\/uploads\/2023\/10\/\u4e3b\u63a8-\u9632\u76d7\u87ba\u6bcd_01-600x1010.jpg 600w\" sizes=\"(max-width: 789px) 100vw, 789px\" \/><img decoding=\"async\" class=\"alignnone size-full wp-image-26701\" src=\"http:\/\/jbsy-china.com\/wp-content\/uploads\/2023\/10\/\u4e3b\u63a8-\u9632\u76d7\u87ba\u6bcd_02.jpg\" alt=\"\" width=\"790\" height=\"930\" srcset=\"https:\/\/jbsy-china.com\/wp-content\/uploads\/2023\/10\/\u4e3b\u63a8-\u9632\u76d7\u87ba\u6bcd_02.jpg 790w, https:\/\/jbsy-china.com\/wp-content\/uploads\/2023\/10\/\u4e3b\u63a8-\u9632\u76d7\u87ba\u6bcd_02-255x300.jpg 255w, https:\/\/jbsy-china.com\/wp-content\/uploads\/2023\/10\/\u4e3b\u63a8-\u9632\u76d7\u87ba\u6bcd_02-768x904.jpg 768w, https:\/\/jbsy-china.com\/wp-content\/uploads\/2023\/10\/\u4e3b\u63a8-\u9632\u76d7\u87ba\u6bcd_02-600x706.jpg 600w\" sizes=\"(max-width: 790px) 100vw, 790px\" \/><img decoding=\"async\" class=\"alignnone size-full wp-image-26703\" src=\"http:\/\/jbsy-china.com\/wp-content\/uploads\/2023\/10\/\u4e3b\u63a8-\u9632\u76d7\u87ba\u6bcd_04.jpg\" alt=\"\" width=\"790\" height=\"850\" srcset=\"https:\/\/jbsy-china.com\/wp-content\/uploads\/2023\/10\/\u4e3b\u63a8-\u9632\u76d7\u87ba\u6bcd_04.jpg 790w, https:\/\/jbsy-china.com\/wp-content\/uploads\/2023\/10\/\u4e3b\u63a8-\u9632\u76d7\u87ba\u6bcd_04-279x300.jpg 279w, https:\/\/jbsy-china.com\/wp-content\/uploads\/2023\/10\/\u4e3b\u63a8-\u9632\u76d7\u87ba\u6bcd_04-768x826.jpg 768w, https:\/\/jbsy-china.com\/wp-content\/uploads\/2023\/10\/\u4e3b\u63a8-\u9632\u76d7\u87ba\u6bcd_04-600x646.jpg 600w\" sizes=\"(max-width: 790px) 100vw, 790px\" \/><\/p>","protected":false},"excerpt":{"rendered":"<p><strong>Nombre del producto:<\/strong>\u00a0Tuerca antirrobo de 4 agujeros<br data-filtered=\"filtered\" \/><strong>Material:<\/strong>\u00a0acero inoxidable<br data-filtered=\"filtered\" \/><strong>Descripci\u00f3n:<\/strong>\u00a0La tuerca antirrobo de 4 orificios es redonda, y la distribuci\u00f3n de los 4 orificios es irregular. La posici\u00f3n de los 4 agujeros se puede cambiar para distinguir el modelo. Es de alto par, alta precisi\u00f3n y alta seguridad. Se requieren herramientas especiales para su uso. Tecnolog\u00eda de procesamiento CNC, bella apariencia, se puede personalizar seg\u00fan las necesidades del cliente.<br data-filtered=\"filtered\" \/><strong>Cantidad m\u00ednima de pedido:<\/strong>\u00a0<strong>50<\/strong>pulse \"<a href=\"https:\/\/www.jb-bolt.com\/get-discount\/\"><strong>Recibir descuento<\/strong><\/a>\" y el descuento m\u00e1ximo es 50%<\/p>","protected":false},"featured_media":26488,"comment_status":"open","ping_status":"closed","template":"","meta":{"site-sidebar-layout":"no-sidebar","site-content-layout":"","ast-site-content-layout":"default","site-content-style":"default","site-sidebar-style":"default","ast-global-header-display":"","ast-banner-title-visibility":"","ast-main-header-display":"","ast-hfb-above-header-display":"","ast-hfb-below-header-display":"","ast-hfb-mobile-header-display":"","site-post-title":"","ast-breadcrumbs-content":"","ast-featured-img":"","footer-sml-layout":"","ast-disable-related-posts":"","theme-transparent-header-meta":"default","adv-header-id-meta":"","stick-header-meta":"default","header-above-stick-meta":"","header-main-stick-meta":"","header-below-stick-meta":"","astra-migrate-meta-layouts":"set","ast-page-background-enabled":"default","ast-page-background-meta":{"desktop":{"background-color":"var(--ast-global-color-4)","background-image":"","background-repeat":"repeat","background-position":"center center","background-size":"auto","background-attachment":"scroll","background-type":"","background-media":"","overlay-type":"","overlay-color":"","overlay-opacity":"","overlay-gradient":""},"tablet":{"background-color":"","background-image":"","background-repeat":"repeat","background-position":"center center","background-size":"auto","background-attachment":"scroll","background-type":"","background-media":"","overlay-type":"","overlay-color":"","overlay-opacity":"","overlay-gradient":""},"mobile":{"background-color":"","background-image":"","background-repeat":"repeat","background-position":"center center","background-size":"auto","background-attachment":"scroll","background-type":"","background-media":"","overlay-type":"","overlay-color":"","overlay-opacity":"","overlay-gradient":""}},"ast-content-background-meta":{"desktop":{"background-color":"var(--ast-global-color-5)","background-image":"","background-repeat":"repeat","background-position":"center center","background-size":"auto","background-attachment":"scroll","background-type":"","background-media":"","overlay-type":"","overlay-color":"","overlay-opacity":"","overlay-gradient":""},"tablet":{"background-color":"var(--ast-global-color-5)","background-image":"","background-repeat":"repeat","background-position":"center center","background-size":"auto","background-attachment":"scroll","background-type":"","background-media":"","overlay-type":"","overlay-color":"","overlay-opacity":"","overlay-gradient":""},"mobile":{"background-color":"var(--ast-global-color-5)","background-image":"","background-repeat":"repeat","background-position":"center center","background-size":"auto","background-attachment":"scroll","background-type":"","background-media":"","overlay-type":"","overlay-color":"","overlay-opacity":"","overlay-gradient":""}},"_themeisle_gutenberg_block_has_review":false,"_ti_tpc_template_sync":false,"_ti_tpc_template_id":""},"product_brand":[],"product_cat":[438],"product_tag":[],"class_list":{"0":"post-26487","1":"product","2":"type-product","3":"status-publish","4":"has-post-thumbnail","6":"product_cat-nut","7":"desktop-align-left","8":"tablet-align-left","9":"mobile-align-left","10":"ast-product-gallery-layout-horizontal-slider","11":"ast-product-tabs-layout-horizontal","12":"ast-qv-on-image","14":"first","15":"instock","16":"shipping-taxable","17":"product-type-simple"},"yoast_head":"<!-- This site is optimized with the Yoast SEO Premium plugin v21.7 (Yoast SEO v25.7) - https:\/\/yoast.com\/wordpress\/plugins\/seo\/ -->\n<title>Plum blossom anti-theft nut - Jingbang Industrial<\/title>\n<meta name=\"robots\" content=\"index, follow, max-snippet:-1, max-image-preview:large, max-video-preview:-1\" \/>\n<link rel=\"canonical\" href=\"https:\/\/jbsy-china.com\/es\/producto\/2\/\" \/>\n<meta property=\"og:locale\" content=\"es_ES\" \/>\n<meta property=\"og:type\" content=\"article\" \/>\n<meta property=\"og:title\" content=\"Plum blossom anti-theft nut\" \/>\n<meta property=\"og:description\" content=\"Product name:\u00a04-hole anti-theft nutMaterial:\u00a0stainless steelDescription:\u00a0The 4-hole anti-theft nut is round, and the 4-hole distribution is irregular. The position of the 4-hole can be changed to distinguish the model. It is high torque, high precision, and high safety. Special tools are required for use. CNC processing technology, beautiful appearance, can be customized according to customer needs.Minimum order quantity:\u00a050, click \u201cReceive Discount\u201d and the maximum discount is 50%\" \/>\n<meta property=\"og:url\" content=\"https:\/\/jbsy-china.com\/es\/producto\/2\/\" \/>\n<meta property=\"og:site_name\" content=\"Jingbang Industrial\" \/>\n<meta property=\"article:modified_time\" content=\"2024-03-25T08:46:05+00:00\" \/>\n<meta property=\"og:image\" content=\"https:\/\/jbsy-china.com\/wp-content\/uploads\/2023\/10\/1-7.jpg\" \/>\n\t<meta property=\"og:image:width\" content=\"900\" \/>\n\t<meta property=\"og:image:height\" content=\"900\" \/>\n\t<meta property=\"og:image:type\" content=\"image\/jpeg\" \/>\n<meta name=\"twitter:card\" content=\"summary_large_image\" \/>\n<meta name=\"twitter:label1\" content=\"Tiempo de lectura\" \/>\n\t<meta name=\"twitter:data1\" content=\"1 minuto\" \/>\n<script type=\"application\/ld+json\" class=\"yoast-schema-graph\">{\"@context\":\"https:\/\/schema.org\",\"@graph\":[{\"@type\":\"WebPage\",\"@id\":\"https:\/\/jbsy-china.com\/product\/2\/\",\"url\":\"https:\/\/jbsy-china.com\/product\/2\/\",\"name\":\"Plum blossom anti-theft nut - Jingbang Industrial\",\"isPartOf\":{\"@id\":\"https:\/\/jbsy-china.com\/#website\"},\"primaryImageOfPage\":{\"@id\":\"https:\/\/jbsy-china.com\/product\/2\/#primaryimage\"},\"image\":{\"@id\":\"https:\/\/jbsy-china.com\/product\/2\/#primaryimage\"},\"thumbnailUrl\":\"https:\/\/jbsy-china.com\/wp-content\/uploads\/2023\/10\/1-7.jpg\",\"datePublished\":\"2023-10-23T06:38:24+00:00\",\"dateModified\":\"2024-03-25T08:46:05+00:00\",\"breadcrumb\":{\"@id\":\"https:\/\/jbsy-china.com\/product\/2\/#breadcrumb\"},\"inLanguage\":\"es\",\"potentialAction\":[{\"@type\":\"ReadAction\",\"target\":[\"https:\/\/jbsy-china.com\/product\/2\/\"]}]},{\"@type\":\"ImageObject\",\"inLanguage\":\"es\",\"@id\":\"https:\/\/jbsy-china.com\/product\/2\/#primaryimage\",\"url\":\"https:\/\/jbsy-china.com\/wp-content\/uploads\/2023\/10\/1-7.jpg\",\"contentUrl\":\"https:\/\/jbsy-china.com\/wp-content\/uploads\/2023\/10\/1-7.jpg\",\"width\":900,\"height\":900},{\"@type\":\"BreadcrumbList\",\"@id\":\"https:\/\/jbsy-china.com\/product\/2\/#breadcrumb\",\"itemListElement\":[{\"@type\":\"ListItem\",\"position\":1,\"name\":\"Home\",\"item\":\"https:\/\/jbsy-china.com\/\"},{\"@type\":\"ListItem\",\"position\":2,\"name\":\"Products\",\"item\":\"https:\/\/jbsy-china.com\/shop\/\"},{\"@type\":\"ListItem\",\"position\":3,\"name\":\"Plum blossom anti-theft nut\"}]},{\"@type\":\"WebSite\",\"@id\":\"https:\/\/jbsy-china.com\/#website\",\"url\":\"https:\/\/jbsy-china.com\/\",\"name\":\"Jingbang Industrial\",\"description\":\"Hardware and electronics manufacturer\",\"publisher\":{\"@id\":\"https:\/\/jbsy-china.com\/#organization\"},\"potentialAction\":[{\"@type\":\"SearchAction\",\"target\":{\"@type\":\"EntryPoint\",\"urlTemplate\":\"https:\/\/jbsy-china.com\/?s={search_term_string}\"},\"query-input\":{\"@type\":\"PropertyValueSpecification\",\"valueRequired\":true,\"valueName\":\"search_term_string\"}}],\"inLanguage\":\"es\"},{\"@type\":\"Organization\",\"@id\":\"https:\/\/jbsy-china.com\/#organization\",\"name\":\"Jingbang Industrial\",\"url\":\"https:\/\/jbsy-china.com\/\",\"logo\":{\"@type\":\"ImageObject\",\"inLanguage\":\"es\",\"@id\":\"https:\/\/jbsy-china.com\/#\/schema\/logo\/image\/\",\"url\":\"https:\/\/jbsy-china.com\/wp-content\/uploads\/2023\/11\/cropped-\u56fe\u5c42-1.png\",\"contentUrl\":\"https:\/\/jbsy-china.com\/wp-content\/uploads\/2023\/11\/cropped-\u56fe\u5c42-1.png\",\"width\":1049,\"height\":739,\"caption\":\"Jingbang Industrial\"},\"image\":{\"@id\":\"https:\/\/jbsy-china.com\/#\/schema\/logo\/image\/\"}}]}<\/script>\n<!-- \/ Yoast SEO Premium plugin. -->","yoast_head_json":{"title":"Plum blossom anti-theft nut - Jingbang Industrial","robots":{"index":"index","follow":"follow","max-snippet":"max-snippet:-1","max-image-preview":"max-image-preview:large","max-video-preview":"max-video-preview:-1"},"canonical":"https:\/\/jbsy-china.com\/es\/producto\/2\/","og_locale":"es_ES","og_type":"article","og_title":"Plum blossom anti-theft nut","og_description":"Product name:\u00a04-hole anti-theft nutMaterial:\u00a0stainless steelDescription:\u00a0The 4-hole anti-theft nut is round, and the 4-hole distribution is irregular. The position of the 4-hole can be changed to distinguish the model. It is high torque, high precision, and high safety. Special tools are required for use. CNC processing technology, beautiful appearance, can be customized according to customer needs.Minimum order quantity:\u00a050, click \u201cReceive Discount\u201d and the maximum discount is 50%","og_url":"https:\/\/jbsy-china.com\/es\/producto\/2\/","og_site_name":"Jingbang Industrial","article_modified_time":"2024-03-25T08:46:05+00:00","og_image":[{"width":900,"height":900,"url":"https:\/\/jbsy-china.com\/wp-content\/uploads\/2023\/10\/1-7.jpg","type":"image\/jpeg"}],"twitter_card":"summary_large_image","twitter_misc":{"Tiempo de lectura":"1 minuto"},"schema":{"@context":"https:\/\/schema.org","@graph":[{"@type":"WebPage","@id":"https:\/\/jbsy-china.com\/product\/2\/","url":"https:\/\/jbsy-china.com\/product\/2\/","name":"Plum blossom anti-theft nut - Jingbang Industrial","isPartOf":{"@id":"https:\/\/jbsy-china.com\/#website"},"primaryImageOfPage":{"@id":"https:\/\/jbsy-china.com\/product\/2\/#primaryimage"},"image":{"@id":"https:\/\/jbsy-china.com\/product\/2\/#primaryimage"},"thumbnailUrl":"https:\/\/jbsy-china.com\/wp-content\/uploads\/2023\/10\/1-7.jpg","datePublished":"2023-10-23T06:38:24+00:00","dateModified":"2024-03-25T08:46:05+00:00","breadcrumb":{"@id":"https:\/\/jbsy-china.com\/product\/2\/#breadcrumb"},"inLanguage":"es","potentialAction":[{"@type":"ReadAction","target":["https:\/\/jbsy-china.com\/product\/2\/"]}]},{"@type":"ImageObject","inLanguage":"es","@id":"https:\/\/jbsy-china.com\/product\/2\/#primaryimage","url":"https:\/\/jbsy-china.com\/wp-content\/uploads\/2023\/10\/1-7.jpg","contentUrl":"https:\/\/jbsy-china.com\/wp-content\/uploads\/2023\/10\/1-7.jpg","width":900,"height":900},{"@type":"BreadcrumbList","@id":"https:\/\/jbsy-china.com\/product\/2\/#breadcrumb","itemListElement":[{"@type":"ListItem","position":1,"name":"Home","item":"https:\/\/jbsy-china.com\/"},{"@type":"ListItem","position":2,"name":"Products","item":"https:\/\/jbsy-china.com\/shop\/"},{"@type":"ListItem","position":3,"name":"Plum blossom anti-theft nut"}]},{"@type":"WebSite","@id":"https:\/\/jbsy-china.com\/#website","url":"https:\/\/jbsy-china.com\/","name":"Jingbang Industrial","description":"Fabricante de hardware y electr\u00f3nica","publisher":{"@id":"https:\/\/jbsy-china.com\/#organization"},"potentialAction":[{"@type":"SearchAction","target":{"@type":"EntryPoint","urlTemplate":"https:\/\/jbsy-china.com\/?s={search_term_string}"},"query-input":{"@type":"PropertyValueSpecification","valueRequired":true,"valueName":"search_term_string"}}],"inLanguage":"es"},{"@type":"Organization","@id":"https:\/\/jbsy-china.com\/#organization","name":"Jingbang Industrial","url":"https:\/\/jbsy-china.com\/","logo":{"@type":"ImageObject","inLanguage":"es","@id":"https:\/\/jbsy-china.com\/#\/schema\/logo\/image\/","url":"https:\/\/jbsy-china.com\/wp-content\/uploads\/2023\/11\/cropped-\u56fe\u5c42-1.png","contentUrl":"https:\/\/jbsy-china.com\/wp-content\/uploads\/2023\/11\/cropped-\u56fe\u5c42-1.png","width":1049,"height":739,"caption":"Jingbang Industrial"},"image":{"@id":"https:\/\/jbsy-china.com\/#\/schema\/logo\/image\/"}}]}},"_links":{"self":[{"href":"https:\/\/jbsy-china.com\/es\/wp-json\/wp\/v2\/product\/26487","targetHints":{"allow":["GET"]}}],"collection":[{"href":"https:\/\/jbsy-china.com\/es\/wp-json\/wp\/v2\/product"}],"about":[{"href":"https:\/\/jbsy-china.com\/es\/wp-json\/wp\/v2\/types\/product"}],"replies":[{"embeddable":true,"href":"https:\/\/jbsy-china.com\/es\/wp-json\/wp\/v2\/comments?post=26487"}],"wp:featuredmedia":[{"embeddable":true,"href":"https:\/\/jbsy-china.com\/es\/wp-json\/wp\/v2\/media\/26488"}],"wp:attachment":[{"href":"https:\/\/jbsy-china.com\/es\/wp-json\/wp\/v2\/media?parent=26487"}],"wp:term":[{"taxonomy":"product_brand","embeddable":true,"href":"https:\/\/jbsy-china.com\/es\/wp-json\/wp\/v2\/product_brand?post=26487"},{"taxonomy":"product_cat","embeddable":true,"href":"https:\/\/jbsy-china.com\/es\/wp-json\/wp\/v2\/product_cat?post=26487"},{"taxonomy":"product_tag","embeddable":true,"href":"https:\/\/jbsy-china.com\/es\/wp-json\/wp\/v2\/product_tag?post=26487"}],"curies":[{"name":"wp","href":"https:\/\/api.w.org\/{rel}","templated":true}]}}