{"id":26528,"date":"2023-10-23T07:29:27","date_gmt":"2023-10-23T07:29:27","guid":{"rendered":"http:\/\/jbsy-china.com\/?post_type=product&#038;p=26528"},"modified":"2023-10-27T02:46:28","modified_gmt":"2023-10-27T02:46:28","slug":"1111","status":"publish","type":"product","link":"https:\/\/jbsy-china.com\/es\/producto\/1111\/","title":{"rendered":"Collares de eje - Partidos"},"content":{"rendered":"<p><img fetchpriority=\"high\" decoding=\"async\" class=\"alignnone wp-image-26715\" src=\"http:\/\/jbsy-china.com\/wp-content\/uploads\/2023\/10\/\u8f74\u73af-\u5206\u79bb\u5f0f_01.jpg\" alt=\"\" width=\"790\" height=\"345\" srcset=\"https:\/\/jbsy-china.com\/wp-content\/uploads\/2023\/10\/\u8f74\u73af-\u5206\u79bb\u5f0f_01.jpg 790w, https:\/\/jbsy-china.com\/wp-content\/uploads\/2023\/10\/\u8f74\u73af-\u5206\u79bb\u5f0f_01-300x131.jpg 300w, https:\/\/jbsy-china.com\/wp-content\/uploads\/2023\/10\/\u8f74\u73af-\u5206\u79bb\u5f0f_01-768x335.jpg 768w, https:\/\/jbsy-china.com\/wp-content\/uploads\/2023\/10\/\u8f74\u73af-\u5206\u79bb\u5f0f_01-600x262.jpg 600w\" sizes=\"(max-width: 790px) 100vw, 790px\" \/><img decoding=\"async\" class=\"alignnone size-full wp-image-26716\" src=\"http:\/\/jbsy-china.com\/wp-content\/uploads\/2023\/10\/\u8f74\u73af-\u5206\u79bb\u5f0f_02.jpg\" alt=\"\" width=\"790\" height=\"915\" srcset=\"https:\/\/jbsy-china.com\/wp-content\/uploads\/2023\/10\/\u8f74\u73af-\u5206\u79bb\u5f0f_02.jpg 790w, https:\/\/jbsy-china.com\/wp-content\/uploads\/2023\/10\/\u8f74\u73af-\u5206\u79bb\u5f0f_02-259x300.jpg 259w, https:\/\/jbsy-china.com\/wp-content\/uploads\/2023\/10\/\u8f74\u73af-\u5206\u79bb\u5f0f_02-768x890.jpg 768w, https:\/\/jbsy-china.com\/wp-content\/uploads\/2023\/10\/\u8f74\u73af-\u5206\u79bb\u5f0f_02-600x695.jpg 600w\" sizes=\"(max-width: 790px) 100vw, 790px\" \/><img decoding=\"async\" class=\"alignnone size-full wp-image-26717\" src=\"http:\/\/jbsy-china.com\/wp-content\/uploads\/2023\/10\/\u8f74\u73af-\u5206\u79bb\u5f0f_03.jpg\" alt=\"\" width=\"790\" height=\"1560\" srcset=\"https:\/\/jbsy-china.com\/wp-content\/uploads\/2023\/10\/\u8f74\u73af-\u5206\u79bb\u5f0f_03.jpg 790w, https:\/\/jbsy-china.com\/wp-content\/uploads\/2023\/10\/\u8f74\u73af-\u5206\u79bb\u5f0f_03-152x300.jpg 152w, https:\/\/jbsy-china.com\/wp-content\/uploads\/2023\/10\/\u8f74\u73af-\u5206\u79bb\u5f0f_03-519x1024.jpg 519w, https:\/\/jbsy-china.com\/wp-content\/uploads\/2023\/10\/\u8f74\u73af-\u5206\u79bb\u5f0f_03-768x1517.jpg 768w, https:\/\/jbsy-china.com\/wp-content\/uploads\/2023\/10\/\u8f74\u73af-\u5206\u79bb\u5f0f_03-778x1536.jpg 778w, https:\/\/jbsy-china.com\/wp-content\/uploads\/2023\/10\/\u8f74\u73af-\u5206\u79bb\u5f0f_03-600x1185.jpg 600w\" sizes=\"(max-width: 790px) 100vw, 790px\" \/><img loading=\"lazy\" decoding=\"async\" class=\"alignnone size-full wp-image-26718\" src=\"http:\/\/jbsy-china.com\/wp-content\/uploads\/2023\/10\/\u8f74\u73af-\u5206\u79bb\u5f0f_05.jpg\" alt=\"\" width=\"790\" height=\"470\" srcset=\"https:\/\/jbsy-china.com\/wp-content\/uploads\/2023\/10\/\u8f74\u73af-\u5206\u79bb\u5f0f_05.jpg 790w, https:\/\/jbsy-china.com\/wp-content\/uploads\/2023\/10\/\u8f74\u73af-\u5206\u79bb\u5f0f_05-300x178.jpg 300w, https:\/\/jbsy-china.com\/wp-content\/uploads\/2023\/10\/\u8f74\u73af-\u5206\u79bb\u5f0f_05-768x457.jpg 768w, https:\/\/jbsy-china.com\/wp-content\/uploads\/2023\/10\/\u8f74\u73af-\u5206\u79bb\u5f0f_05-600x357.jpg 600w\" sizes=\"(max-width: 790px) 100vw, 790px\" \/><\/p>","protected":false},"excerpt":{"rendered":"<p><strong>Material disponible:\u00a0<\/strong>Acero, acero inoxidable, aluminio, etc.<\/p>\n<p><strong>Tratamiento de la superficie:<\/strong>\u00a0Oxidaci\u00f3n negra, zincado, pasivado negro, etc.<\/p>\n<p><strong>Tipo:\u00a0<\/strong>Collares de eje de una pieza,Collares de eje de dos piezas,Collares de eje roscado,Collares de eje de doble ancho,Collares de eje de alta resistencia,Collares de eje de serie internacional,Collares de eje con chaveta,Collares de eje montables,Eje de sujeci\u00f3n r\u00e1pida,Collares de eje de tornillo prisionero,Collares de eje de l\u00ednea delgada,Collares de eje hexagonal y D-Bore,etc.<\/p>\n<p><strong>Tama\u00f1o:\u00a0<\/strong>Tama\u00f1os a medida<\/p>","protected":false},"featured_media":26561,"comment_status":"open","ping_status":"closed","template":"","meta":{"site-sidebar-layout":"no-sidebar","site-content-layout":"","ast-site-content-layout":"default","site-content-style":"default","site-sidebar-style":"default","ast-global-header-display":"","ast-banner-title-visibility":"","ast-main-header-display":"","ast-hfb-above-header-display":"","ast-hfb-below-header-display":"","ast-hfb-mobile-header-display":"","site-post-title":"","ast-breadcrumbs-content":"","ast-featured-img":"","footer-sml-layout":"","ast-disable-related-posts":"","theme-transparent-header-meta":"default","adv-header-id-meta":"","stick-header-meta":"","header-above-stick-meta":"","header-main-stick-meta":"","header-below-stick-meta":"","astra-migrate-meta-layouts":"set","ast-page-background-enabled":"default","ast-page-background-meta":{"desktop":{"background-color":"var(--ast-global-color-4)","background-image":"","background-repeat":"repeat","background-position":"center center","background-size":"auto","background-attachment":"scroll","background-type":"","background-media":"","overlay-type":"","overlay-color":"","overlay-opacity":"","overlay-gradient":""},"tablet":{"background-color":"","background-image":"","background-repeat":"repeat","background-position":"center center","background-size":"auto","background-attachment":"scroll","background-type":"","background-media":"","overlay-type":"","overlay-color":"","overlay-opacity":"","overlay-gradient":""},"mobile":{"background-color":"","background-image":"","background-repeat":"repeat","background-position":"center center","background-size":"auto","background-attachment":"scroll","background-type":"","background-media":"","overlay-type":"","overlay-color":"","overlay-opacity":"","overlay-gradient":""}},"ast-content-background-meta":{"desktop":{"background-color":"var(--ast-global-color-5)","background-image":"","background-repeat":"repeat","background-position":"center center","background-size":"auto","background-attachment":"scroll","background-type":"","background-media":"","overlay-type":"","overlay-color":"","overlay-opacity":"","overlay-gradient":""},"tablet":{"background-color":"var(--ast-global-color-5)","background-image":"","background-repeat":"repeat","background-position":"center center","background-size":"auto","background-attachment":"scroll","background-type":"","background-media":"","overlay-type":"","overlay-color":"","overlay-opacity":"","overlay-gradient":""},"mobile":{"background-color":"var(--ast-global-color-5)","background-image":"","background-repeat":"repeat","background-position":"center center","background-size":"auto","background-attachment":"scroll","background-type":"","background-media":"","overlay-type":"","overlay-color":"","overlay-opacity":"","overlay-gradient":""}},"_themeisle_gutenberg_block_has_review":false,"_ti_tpc_template_sync":false,"_ti_tpc_template_id":""},"product_brand":[],"product_cat":[440],"product_tag":[],"class_list":{"0":"post-26528","1":"product","2":"type-product","3":"status-publish","4":"has-post-thumbnail","6":"product_cat-collar","7":"desktop-align-left","8":"tablet-align-left","9":"mobile-align-left","10":"ast-product-gallery-layout-horizontal-slider","11":"ast-product-tabs-layout-horizontal","12":"ast-qv-on-image","14":"first","15":"instock","16":"shipping-taxable","17":"purchasable","18":"product-type-simple"},"yoast_head":"<!-- This site is optimized with the Yoast SEO Premium plugin v21.7 (Yoast SEO v25.7) - https:\/\/yoast.com\/wordpress\/plugins\/seo\/ -->\n<title>Shaft Collars \u2013 Split - Jingbang Industrial<\/title>\n<meta name=\"robots\" content=\"index, follow, max-snippet:-1, max-image-preview:large, max-video-preview:-1\" \/>\n<link rel=\"canonical\" href=\"https:\/\/jbsy-china.com\/es\/producto\/1111\/\" \/>\n<meta property=\"og:locale\" content=\"es_ES\" \/>\n<meta property=\"og:type\" content=\"article\" \/>\n<meta property=\"og:title\" content=\"Shaft Collars \u2013 Split\" \/>\n<meta property=\"og:description\" content=\"Available Material:\u00a0Steel,Stainless Steel,Aluminum ,etc  Surface Treatment:\u00a0Black oxidation,zinc plated,Passivated black,etc  Type:\u00a0One-piece shaft collars,Two-piece shaft collars,Threaded shaft collars,Double wide shaft collars,Heavy duty shaft collars,International series shaft collars,Keyed shaft collars,Mountable shaft collars,Quick clamping shaft,Set screw shaft collars,Thin line shaft collars,Hex and D-Bore\u00a0shaft collars,etc  Size:\u00a0Custom Sizes\" \/>\n<meta property=\"og:url\" content=\"https:\/\/jbsy-china.com\/es\/producto\/1111\/\" \/>\n<meta property=\"og:site_name\" content=\"Jingbang Industrial\" \/>\n<meta property=\"article:modified_time\" content=\"2023-10-27T02:46:28+00:00\" \/>\n<meta property=\"og:image\" content=\"https:\/\/jbsy-china.com\/wp-content\/uploads\/2023\/10\/\u8f74\u73af-98.jpg\" \/>\n\t<meta property=\"og:image:width\" content=\"900\" \/>\n\t<meta property=\"og:image:height\" content=\"900\" \/>\n\t<meta property=\"og:image:type\" content=\"image\/jpeg\" \/>\n<meta name=\"twitter:card\" content=\"summary_large_image\" \/>\n<script type=\"application\/ld+json\" class=\"yoast-schema-graph\">{\"@context\":\"https:\/\/schema.org\",\"@graph\":[{\"@type\":\"WebPage\",\"@id\":\"https:\/\/jbsy-china.com\/product\/1111\/\",\"url\":\"https:\/\/jbsy-china.com\/product\/1111\/\",\"name\":\"Shaft Collars \u2013 Split - Jingbang Industrial\",\"isPartOf\":{\"@id\":\"https:\/\/jbsy-china.com\/#website\"},\"primaryImageOfPage\":{\"@id\":\"https:\/\/jbsy-china.com\/product\/1111\/#primaryimage\"},\"image\":{\"@id\":\"https:\/\/jbsy-china.com\/product\/1111\/#primaryimage\"},\"thumbnailUrl\":\"https:\/\/jbsy-china.com\/wp-content\/uploads\/2023\/10\/\u8f74\u73af-98.jpg\",\"datePublished\":\"2023-10-23T07:29:27+00:00\",\"dateModified\":\"2023-10-27T02:46:28+00:00\",\"breadcrumb\":{\"@id\":\"https:\/\/jbsy-china.com\/product\/1111\/#breadcrumb\"},\"inLanguage\":\"es\",\"potentialAction\":[{\"@type\":\"ReadAction\",\"target\":[\"https:\/\/jbsy-china.com\/product\/1111\/\"]}]},{\"@type\":\"ImageObject\",\"inLanguage\":\"es\",\"@id\":\"https:\/\/jbsy-china.com\/product\/1111\/#primaryimage\",\"url\":\"https:\/\/jbsy-china.com\/wp-content\/uploads\/2023\/10\/\u8f74\u73af-98.jpg\",\"contentUrl\":\"https:\/\/jbsy-china.com\/wp-content\/uploads\/2023\/10\/\u8f74\u73af-98.jpg\",\"width\":900,\"height\":900},{\"@type\":\"BreadcrumbList\",\"@id\":\"https:\/\/jbsy-china.com\/product\/1111\/#breadcrumb\",\"itemListElement\":[{\"@type\":\"ListItem\",\"position\":1,\"name\":\"Home\",\"item\":\"https:\/\/jbsy-china.com\/\"},{\"@type\":\"ListItem\",\"position\":2,\"name\":\"Products\",\"item\":\"https:\/\/jbsy-china.com\/shop\/\"},{\"@type\":\"ListItem\",\"position\":3,\"name\":\"Shaft Collars \u2013 Split\"}]},{\"@type\":\"WebSite\",\"@id\":\"https:\/\/jbsy-china.com\/#website\",\"url\":\"https:\/\/jbsy-china.com\/\",\"name\":\"Jingbang Industrial\",\"description\":\"Hardware and electronics manufacturer\",\"publisher\":{\"@id\":\"https:\/\/jbsy-china.com\/#organization\"},\"potentialAction\":[{\"@type\":\"SearchAction\",\"target\":{\"@type\":\"EntryPoint\",\"urlTemplate\":\"https:\/\/jbsy-china.com\/?s={search_term_string}\"},\"query-input\":{\"@type\":\"PropertyValueSpecification\",\"valueRequired\":true,\"valueName\":\"search_term_string\"}}],\"inLanguage\":\"es\"},{\"@type\":\"Organization\",\"@id\":\"https:\/\/jbsy-china.com\/#organization\",\"name\":\"Jingbang Industrial\",\"url\":\"https:\/\/jbsy-china.com\/\",\"logo\":{\"@type\":\"ImageObject\",\"inLanguage\":\"es\",\"@id\":\"https:\/\/jbsy-china.com\/#\/schema\/logo\/image\/\",\"url\":\"https:\/\/jbsy-china.com\/wp-content\/uploads\/2023\/11\/cropped-\u56fe\u5c42-1.png\",\"contentUrl\":\"https:\/\/jbsy-china.com\/wp-content\/uploads\/2023\/11\/cropped-\u56fe\u5c42-1.png\",\"width\":1049,\"height\":739,\"caption\":\"Jingbang Industrial\"},\"image\":{\"@id\":\"https:\/\/jbsy-china.com\/#\/schema\/logo\/image\/\"}}]}<\/script>\n<!-- \/ Yoast SEO Premium plugin. -->","yoast_head_json":{"title":"Shaft Collars \u2013 Split - Jingbang Industrial","robots":{"index":"index","follow":"follow","max-snippet":"max-snippet:-1","max-image-preview":"max-image-preview:large","max-video-preview":"max-video-preview:-1"},"canonical":"https:\/\/jbsy-china.com\/es\/producto\/1111\/","og_locale":"es_ES","og_type":"article","og_title":"Shaft Collars \u2013 Split","og_description":"Available Material:\u00a0Steel,Stainless Steel,Aluminum ,etc  Surface Treatment:\u00a0Black oxidation,zinc plated,Passivated black,etc  Type:\u00a0One-piece shaft collars,Two-piece shaft collars,Threaded shaft collars,Double wide shaft collars,Heavy duty shaft collars,International series shaft collars,Keyed shaft collars,Mountable shaft collars,Quick clamping shaft,Set screw shaft collars,Thin line shaft collars,Hex and D-Bore\u00a0shaft collars,etc  Size:\u00a0Custom Sizes","og_url":"https:\/\/jbsy-china.com\/es\/producto\/1111\/","og_site_name":"Jingbang Industrial","article_modified_time":"2023-10-27T02:46:28+00:00","og_image":[{"width":900,"height":900,"url":"https:\/\/jbsy-china.com\/wp-content\/uploads\/2023\/10\/\u8f74\u73af-98.jpg","type":"image\/jpeg"}],"twitter_card":"summary_large_image","schema":{"@context":"https:\/\/schema.org","@graph":[{"@type":"WebPage","@id":"https:\/\/jbsy-china.com\/product\/1111\/","url":"https:\/\/jbsy-china.com\/product\/1111\/","name":"Shaft Collars \u2013 Split - Jingbang Industrial","isPartOf":{"@id":"https:\/\/jbsy-china.com\/#website"},"primaryImageOfPage":{"@id":"https:\/\/jbsy-china.com\/product\/1111\/#primaryimage"},"image":{"@id":"https:\/\/jbsy-china.com\/product\/1111\/#primaryimage"},"thumbnailUrl":"https:\/\/jbsy-china.com\/wp-content\/uploads\/2023\/10\/\u8f74\u73af-98.jpg","datePublished":"2023-10-23T07:29:27+00:00","dateModified":"2023-10-27T02:46:28+00:00","breadcrumb":{"@id":"https:\/\/jbsy-china.com\/product\/1111\/#breadcrumb"},"inLanguage":"es","potentialAction":[{"@type":"ReadAction","target":["https:\/\/jbsy-china.com\/product\/1111\/"]}]},{"@type":"ImageObject","inLanguage":"es","@id":"https:\/\/jbsy-china.com\/product\/1111\/#primaryimage","url":"https:\/\/jbsy-china.com\/wp-content\/uploads\/2023\/10\/\u8f74\u73af-98.jpg","contentUrl":"https:\/\/jbsy-china.com\/wp-content\/uploads\/2023\/10\/\u8f74\u73af-98.jpg","width":900,"height":900},{"@type":"BreadcrumbList","@id":"https:\/\/jbsy-china.com\/product\/1111\/#breadcrumb","itemListElement":[{"@type":"ListItem","position":1,"name":"Home","item":"https:\/\/jbsy-china.com\/"},{"@type":"ListItem","position":2,"name":"Products","item":"https:\/\/jbsy-china.com\/shop\/"},{"@type":"ListItem","position":3,"name":"Shaft Collars \u2013 Split"}]},{"@type":"WebSite","@id":"https:\/\/jbsy-china.com\/#website","url":"https:\/\/jbsy-china.com\/","name":"Jingbang Industrial","description":"Fabricante de hardware y electr\u00f3nica","publisher":{"@id":"https:\/\/jbsy-china.com\/#organization"},"potentialAction":[{"@type":"SearchAction","target":{"@type":"EntryPoint","urlTemplate":"https:\/\/jbsy-china.com\/?s={search_term_string}"},"query-input":{"@type":"PropertyValueSpecification","valueRequired":true,"valueName":"search_term_string"}}],"inLanguage":"es"},{"@type":"Organization","@id":"https:\/\/jbsy-china.com\/#organization","name":"Jingbang Industrial","url":"https:\/\/jbsy-china.com\/","logo":{"@type":"ImageObject","inLanguage":"es","@id":"https:\/\/jbsy-china.com\/#\/schema\/logo\/image\/","url":"https:\/\/jbsy-china.com\/wp-content\/uploads\/2023\/11\/cropped-\u56fe\u5c42-1.png","contentUrl":"https:\/\/jbsy-china.com\/wp-content\/uploads\/2023\/11\/cropped-\u56fe\u5c42-1.png","width":1049,"height":739,"caption":"Jingbang Industrial"},"image":{"@id":"https:\/\/jbsy-china.com\/#\/schema\/logo\/image\/"}}]}},"_links":{"self":[{"href":"https:\/\/jbsy-china.com\/es\/wp-json\/wp\/v2\/product\/26528","targetHints":{"allow":["GET"]}}],"collection":[{"href":"https:\/\/jbsy-china.com\/es\/wp-json\/wp\/v2\/product"}],"about":[{"href":"https:\/\/jbsy-china.com\/es\/wp-json\/wp\/v2\/types\/product"}],"replies":[{"embeddable":true,"href":"https:\/\/jbsy-china.com\/es\/wp-json\/wp\/v2\/comments?post=26528"}],"wp:featuredmedia":[{"embeddable":true,"href":"https:\/\/jbsy-china.com\/es\/wp-json\/wp\/v2\/media\/26561"}],"wp:attachment":[{"href":"https:\/\/jbsy-china.com\/es\/wp-json\/wp\/v2\/media?parent=26528"}],"wp:term":[{"taxonomy":"product_brand","embeddable":true,"href":"https:\/\/jbsy-china.com\/es\/wp-json\/wp\/v2\/product_brand?post=26528"},{"taxonomy":"product_cat","embeddable":true,"href":"https:\/\/jbsy-china.com\/es\/wp-json\/wp\/v2\/product_cat?post=26528"},{"taxonomy":"product_tag","embeddable":true,"href":"https:\/\/jbsy-china.com\/es\/wp-json\/wp\/v2\/product_tag?post=26528"}],"curies":[{"name":"wp","href":"https:\/\/api.w.org\/{rel}","templated":true}]}}