{"id":26578,"date":"2023-10-24T02:57:09","date_gmt":"2023-10-24T02:57:09","guid":{"rendered":"http:\/\/jbsy-china.com\/?post_type=product&#038;p=26578"},"modified":"2023-10-27T02:44:42","modified_gmt":"2023-10-27T02:44:42","slug":"6666","status":"publish","type":"product","link":"https:\/\/jbsy-china.com\/es\/producto\/6666\/","title":{"rendered":"Componentes de la v\u00e1lvula de aire de perfil de aluminio"},"content":{"rendered":"<p><img fetchpriority=\"high\" decoding=\"async\" class=\"alignnone size-full wp-image-26728\" src=\"http:\/\/jbsy-china.com\/wp-content\/uploads\/2023\/10\/CNC\u8f66\u94e3\u590d\u5408_01-1.jpg\" alt=\"\" width=\"790\" height=\"350\" srcset=\"https:\/\/jbsy-china.com\/wp-content\/uploads\/2023\/10\/CNC\u8f66\u94e3\u590d\u5408_01-1.jpg 790w, https:\/\/jbsy-china.com\/wp-content\/uploads\/2023\/10\/CNC\u8f66\u94e3\u590d\u5408_01-1-300x133.jpg 300w, https:\/\/jbsy-china.com\/wp-content\/uploads\/2023\/10\/CNC\u8f66\u94e3\u590d\u5408_01-1-768x340.jpg 768w, https:\/\/jbsy-china.com\/wp-content\/uploads\/2023\/10\/CNC\u8f66\u94e3\u590d\u5408_01-1-600x266.jpg 600w\" sizes=\"(max-width: 790px) 100vw, 790px\" \/><img decoding=\"async\" class=\"alignnone size-full wp-image-26732\" src=\"http:\/\/jbsy-china.com\/wp-content\/uploads\/2023\/10\/CNC\u8f66\u94e3\u590d\u5408_03-1.jpg\" alt=\"\" width=\"790\" height=\"1700\" srcset=\"https:\/\/jbsy-china.com\/wp-content\/uploads\/2023\/10\/CNC\u8f66\u94e3\u590d\u5408_03-1.jpg 790w, https:\/\/jbsy-china.com\/wp-content\/uploads\/2023\/10\/CNC\u8f66\u94e3\u590d\u5408_03-1-139x300.jpg 139w, https:\/\/jbsy-china.com\/wp-content\/uploads\/2023\/10\/CNC\u8f66\u94e3\u590d\u5408_03-1-476x1024.jpg 476w, https:\/\/jbsy-china.com\/wp-content\/uploads\/2023\/10\/CNC\u8f66\u94e3\u590d\u5408_03-1-768x1653.jpg 768w, https:\/\/jbsy-china.com\/wp-content\/uploads\/2023\/10\/CNC\u8f66\u94e3\u590d\u5408_03-1-714x1536.jpg 714w, https:\/\/jbsy-china.com\/wp-content\/uploads\/2023\/10\/CNC\u8f66\u94e3\u590d\u5408_03-1-600x1291.jpg 600w\" sizes=\"(max-width: 790px) 100vw, 790px\" \/><img decoding=\"async\" class=\"alignnone size-full wp-image-26729\" src=\"http:\/\/jbsy-china.com\/wp-content\/uploads\/2023\/10\/CNC\u8f66\u94e3\u590d\u5408_02-1.jpg\" alt=\"\" width=\"790\" height=\"1030\" srcset=\"https:\/\/jbsy-china.com\/wp-content\/uploads\/2023\/10\/CNC\u8f66\u94e3\u590d\u5408_02-1.jpg 790w, https:\/\/jbsy-china.com\/wp-content\/uploads\/2023\/10\/CNC\u8f66\u94e3\u590d\u5408_02-1-230x300.jpg 230w, https:\/\/jbsy-china.com\/wp-content\/uploads\/2023\/10\/CNC\u8f66\u94e3\u590d\u5408_02-1-785x1024.jpg 785w, https:\/\/jbsy-china.com\/wp-content\/uploads\/2023\/10\/CNC\u8f66\u94e3\u590d\u5408_02-1-768x1001.jpg 768w, https:\/\/jbsy-china.com\/wp-content\/uploads\/2023\/10\/CNC\u8f66\u94e3\u590d\u5408_02-1-600x782.jpg 600w\" sizes=\"(max-width: 790px) 100vw, 790px\" \/><\/p>","protected":false},"excerpt":{"rendered":"<div class=\"woocommerce-product-details__short-description\">\n<p><strong>Nombre del producto:<\/strong>\u00a0Componentes de la v\u00e1lvula de aire de perfil de aluminio<br \/>\n<strong>Marca:<\/strong>\u00a0JINGBANG<br \/>\n<strong>Modelo:<\/strong>\u00a0V\u00e1lvula de alta precisi\u00f3n<br \/>\n<strong>\u00c1mbito de aplicaci\u00f3n:<\/strong>\u00a0estaci\u00f3n de bombeo hidr\u00e1ulica, maquinaria hidr\u00e1ulica, grupo de v\u00e1lvulas hidr\u00e1ulicas, etc.<br \/>\n<strong>Alias del producto:<\/strong>\u00a0v\u00e1lvula unidireccional, v\u00e1lvula antirretorno<br \/>\n<strong>Material:<\/strong>\u00a0aleaci\u00f3n de aluminio, acero inoxidable, acero al carbono<br \/>\n<strong>Medio aplicable:<\/strong>\u00a0aceite<br \/>\n<strong>Temperatura aplicable:<\/strong>\u00a0-30~120 (\u2103)<br \/>\n<strong>Presi\u00f3n nominal:<\/strong>\u00a024 (MPa)<br \/>\n<strong>Forma de instalaci\u00f3n:<\/strong>\u00a0roscado<\/p>\n<\/div>","protected":false},"featured_media":26579,"comment_status":"open","ping_status":"closed","template":"","meta":{"site-sidebar-layout":"no-sidebar","site-content-layout":"","ast-site-content-layout":"default","site-content-style":"default","site-sidebar-style":"default","ast-global-header-display":"","ast-banner-title-visibility":"","ast-main-header-display":"","ast-hfb-above-header-display":"","ast-hfb-below-header-display":"","ast-hfb-mobile-header-display":"","site-post-title":"","ast-breadcrumbs-content":"","ast-featured-img":"","footer-sml-layout":"","ast-disable-related-posts":"","theme-transparent-header-meta":"default","adv-header-id-meta":"","stick-header-meta":"","header-above-stick-meta":"","header-main-stick-meta":"","header-below-stick-meta":"","astra-migrate-meta-layouts":"set","ast-page-background-enabled":"default","ast-page-background-meta":{"desktop":{"background-color":"var(--ast-global-color-4)","background-image":"","background-repeat":"repeat","background-position":"center center","background-size":"auto","background-attachment":"scroll","background-type":"","background-media":"","overlay-type":"","overlay-color":"","overlay-opacity":"","overlay-gradient":""},"tablet":{"background-color":"","background-image":"","background-repeat":"repeat","background-position":"center center","background-size":"auto","background-attachment":"scroll","background-type":"","background-media":"","overlay-type":"","overlay-color":"","overlay-opacity":"","overlay-gradient":""},"mobile":{"background-color":"","background-image":"","background-repeat":"repeat","background-position":"center center","background-size":"auto","background-attachment":"scroll","background-type":"","background-media":"","overlay-type":"","overlay-color":"","overlay-opacity":"","overlay-gradient":""}},"ast-content-background-meta":{"desktop":{"background-color":"var(--ast-global-color-5)","background-image":"","background-repeat":"repeat","background-position":"center center","background-size":"auto","background-attachment":"scroll","background-type":"","background-media":"","overlay-type":"","overlay-color":"","overlay-opacity":"","overlay-gradient":""},"tablet":{"background-color":"var(--ast-global-color-5)","background-image":"","background-repeat":"repeat","background-position":"center center","background-size":"auto","background-attachment":"scroll","background-type":"","background-media":"","overlay-type":"","overlay-color":"","overlay-opacity":"","overlay-gradient":""},"mobile":{"background-color":"var(--ast-global-color-5)","background-image":"","background-repeat":"repeat","background-position":"center center","background-size":"auto","background-attachment":"scroll","background-type":"","background-media":"","overlay-type":"","overlay-color":"","overlay-opacity":"","overlay-gradient":""}},"_themeisle_gutenberg_block_has_review":false,"_ti_tpc_template_sync":false,"_ti_tpc_template_id":""},"product_brand":[],"product_cat":[338],"product_tag":[],"class_list":{"0":"post-26578","1":"product","2":"type-product","3":"status-publish","4":"has-post-thumbnail","6":"product_cat-cnc-machining-parts","7":"desktop-align-left","8":"tablet-align-left","9":"mobile-align-left","10":"ast-product-gallery-layout-horizontal-slider","11":"ast-product-tabs-layout-horizontal","12":"ast-qv-on-image","14":"first","15":"instock","16":"shipping-taxable","17":"purchasable","18":"product-type-simple"},"yoast_head":"<!-- This site is optimized with the Yoast SEO Premium plugin v21.7 (Yoast SEO v25.7) - https:\/\/yoast.com\/wordpress\/plugins\/seo\/ -->\n<title>Aluminum profile air valve components - Jingbang Industrial<\/title>\n<meta name=\"robots\" content=\"index, follow, max-snippet:-1, max-image-preview:large, max-video-preview:-1\" \/>\n<link rel=\"canonical\" href=\"https:\/\/jbsy-china.com\/es\/producto\/6666\/\" \/>\n<meta property=\"og:locale\" content=\"es_ES\" \/>\n<meta property=\"og:type\" content=\"article\" \/>\n<meta property=\"og:title\" content=\"Aluminum profile air valve components\" \/>\n<meta property=\"og:description\" content=\"Product name:\u00a0Aluminum profile air valve components Brand:\u00a0JINGBANG Model:\u00a0High precision valve Scope of application:\u00a0hydraulic pump station, hydraulic machinery, hydraulic valve group, etc Product alias:\u00a0one-way valve, check valve Material:\u00a0aluminum alloy, stainless steel, carbon steel Applicable medium:\u00a0oil Applicable temperature:\u00a0-30~120 (\u2103) Nominal pressure:\u00a024 (MPa) Installation form:\u00a0threaded\" \/>\n<meta property=\"og:url\" content=\"https:\/\/jbsy-china.com\/es\/producto\/6666\/\" \/>\n<meta property=\"og:site_name\" content=\"Jingbang Industrial\" \/>\n<meta property=\"article:modified_time\" content=\"2023-10-27T02:44:42+00:00\" \/>\n<meta property=\"og:image\" content=\"https:\/\/jbsy-china.com\/wp-content\/uploads\/2023\/10\/b15-2.jpg\" \/>\n\t<meta property=\"og:image:width\" content=\"800\" \/>\n\t<meta property=\"og:image:height\" content=\"800\" \/>\n\t<meta property=\"og:image:type\" content=\"image\/jpeg\" \/>\n<meta name=\"twitter:card\" content=\"summary_large_image\" \/>\n<script type=\"application\/ld+json\" class=\"yoast-schema-graph\">{\"@context\":\"https:\/\/schema.org\",\"@graph\":[{\"@type\":\"WebPage\",\"@id\":\"https:\/\/jbsy-china.com\/product\/6666\/\",\"url\":\"https:\/\/jbsy-china.com\/product\/6666\/\",\"name\":\"Aluminum profile air valve components - Jingbang Industrial\",\"isPartOf\":{\"@id\":\"https:\/\/jbsy-china.com\/#website\"},\"primaryImageOfPage\":{\"@id\":\"https:\/\/jbsy-china.com\/product\/6666\/#primaryimage\"},\"image\":{\"@id\":\"https:\/\/jbsy-china.com\/product\/6666\/#primaryimage\"},\"thumbnailUrl\":\"https:\/\/jbsy-china.com\/wp-content\/uploads\/2023\/10\/b15-2.jpg\",\"datePublished\":\"2023-10-24T02:57:09+00:00\",\"dateModified\":\"2023-10-27T02:44:42+00:00\",\"breadcrumb\":{\"@id\":\"https:\/\/jbsy-china.com\/product\/6666\/#breadcrumb\"},\"inLanguage\":\"es\",\"potentialAction\":[{\"@type\":\"ReadAction\",\"target\":[\"https:\/\/jbsy-china.com\/product\/6666\/\"]}]},{\"@type\":\"ImageObject\",\"inLanguage\":\"es\",\"@id\":\"https:\/\/jbsy-china.com\/product\/6666\/#primaryimage\",\"url\":\"https:\/\/jbsy-china.com\/wp-content\/uploads\/2023\/10\/b15-2.jpg\",\"contentUrl\":\"https:\/\/jbsy-china.com\/wp-content\/uploads\/2023\/10\/b15-2.jpg\",\"width\":800,\"height\":800},{\"@type\":\"BreadcrumbList\",\"@id\":\"https:\/\/jbsy-china.com\/product\/6666\/#breadcrumb\",\"itemListElement\":[{\"@type\":\"ListItem\",\"position\":1,\"name\":\"Home\",\"item\":\"https:\/\/jbsy-china.com\/\"},{\"@type\":\"ListItem\",\"position\":2,\"name\":\"Products\",\"item\":\"https:\/\/jbsy-china.com\/shop\/\"},{\"@type\":\"ListItem\",\"position\":3,\"name\":\"Aluminum profile air valve components\"}]},{\"@type\":\"WebSite\",\"@id\":\"https:\/\/jbsy-china.com\/#website\",\"url\":\"https:\/\/jbsy-china.com\/\",\"name\":\"Jingbang Industrial\",\"description\":\"Hardware and electronics manufacturer\",\"publisher\":{\"@id\":\"https:\/\/jbsy-china.com\/#organization\"},\"potentialAction\":[{\"@type\":\"SearchAction\",\"target\":{\"@type\":\"EntryPoint\",\"urlTemplate\":\"https:\/\/jbsy-china.com\/?s={search_term_string}\"},\"query-input\":{\"@type\":\"PropertyValueSpecification\",\"valueRequired\":true,\"valueName\":\"search_term_string\"}}],\"inLanguage\":\"es\"},{\"@type\":\"Organization\",\"@id\":\"https:\/\/jbsy-china.com\/#organization\",\"name\":\"Jingbang Industrial\",\"url\":\"https:\/\/jbsy-china.com\/\",\"logo\":{\"@type\":\"ImageObject\",\"inLanguage\":\"es\",\"@id\":\"https:\/\/jbsy-china.com\/#\/schema\/logo\/image\/\",\"url\":\"https:\/\/jbsy-china.com\/wp-content\/uploads\/2023\/11\/cropped-\u56fe\u5c42-1.png\",\"contentUrl\":\"https:\/\/jbsy-china.com\/wp-content\/uploads\/2023\/11\/cropped-\u56fe\u5c42-1.png\",\"width\":1049,\"height\":739,\"caption\":\"Jingbang Industrial\"},\"image\":{\"@id\":\"https:\/\/jbsy-china.com\/#\/schema\/logo\/image\/\"}}]}<\/script>\n<!-- \/ Yoast SEO Premium plugin. -->","yoast_head_json":{"title":"Aluminum profile air valve components - Jingbang Industrial","robots":{"index":"index","follow":"follow","max-snippet":"max-snippet:-1","max-image-preview":"max-image-preview:large","max-video-preview":"max-video-preview:-1"},"canonical":"https:\/\/jbsy-china.com\/es\/producto\/6666\/","og_locale":"es_ES","og_type":"article","og_title":"Aluminum profile air valve components","og_description":"Product name:\u00a0Aluminum profile air valve components Brand:\u00a0JINGBANG Model:\u00a0High precision valve Scope of application:\u00a0hydraulic pump station, hydraulic machinery, hydraulic valve group, etc Product alias:\u00a0one-way valve, check valve Material:\u00a0aluminum alloy, stainless steel, carbon steel Applicable medium:\u00a0oil Applicable temperature:\u00a0-30~120 (\u2103) Nominal pressure:\u00a024 (MPa) Installation form:\u00a0threaded","og_url":"https:\/\/jbsy-china.com\/es\/producto\/6666\/","og_site_name":"Jingbang Industrial","article_modified_time":"2023-10-27T02:44:42+00:00","og_image":[{"width":800,"height":800,"url":"https:\/\/jbsy-china.com\/wp-content\/uploads\/2023\/10\/b15-2.jpg","type":"image\/jpeg"}],"twitter_card":"summary_large_image","schema":{"@context":"https:\/\/schema.org","@graph":[{"@type":"WebPage","@id":"https:\/\/jbsy-china.com\/product\/6666\/","url":"https:\/\/jbsy-china.com\/product\/6666\/","name":"Aluminum profile air valve components - Jingbang Industrial","isPartOf":{"@id":"https:\/\/jbsy-china.com\/#website"},"primaryImageOfPage":{"@id":"https:\/\/jbsy-china.com\/product\/6666\/#primaryimage"},"image":{"@id":"https:\/\/jbsy-china.com\/product\/6666\/#primaryimage"},"thumbnailUrl":"https:\/\/jbsy-china.com\/wp-content\/uploads\/2023\/10\/b15-2.jpg","datePublished":"2023-10-24T02:57:09+00:00","dateModified":"2023-10-27T02:44:42+00:00","breadcrumb":{"@id":"https:\/\/jbsy-china.com\/product\/6666\/#breadcrumb"},"inLanguage":"es","potentialAction":[{"@type":"ReadAction","target":["https:\/\/jbsy-china.com\/product\/6666\/"]}]},{"@type":"ImageObject","inLanguage":"es","@id":"https:\/\/jbsy-china.com\/product\/6666\/#primaryimage","url":"https:\/\/jbsy-china.com\/wp-content\/uploads\/2023\/10\/b15-2.jpg","contentUrl":"https:\/\/jbsy-china.com\/wp-content\/uploads\/2023\/10\/b15-2.jpg","width":800,"height":800},{"@type":"BreadcrumbList","@id":"https:\/\/jbsy-china.com\/product\/6666\/#breadcrumb","itemListElement":[{"@type":"ListItem","position":1,"name":"Home","item":"https:\/\/jbsy-china.com\/"},{"@type":"ListItem","position":2,"name":"Products","item":"https:\/\/jbsy-china.com\/shop\/"},{"@type":"ListItem","position":3,"name":"Aluminum profile air valve components"}]},{"@type":"WebSite","@id":"https:\/\/jbsy-china.com\/#website","url":"https:\/\/jbsy-china.com\/","name":"Jingbang Industrial","description":"Fabricante de hardware y electr\u00f3nica","publisher":{"@id":"https:\/\/jbsy-china.com\/#organization"},"potentialAction":[{"@type":"SearchAction","target":{"@type":"EntryPoint","urlTemplate":"https:\/\/jbsy-china.com\/?s={search_term_string}"},"query-input":{"@type":"PropertyValueSpecification","valueRequired":true,"valueName":"search_term_string"}}],"inLanguage":"es"},{"@type":"Organization","@id":"https:\/\/jbsy-china.com\/#organization","name":"Jingbang Industrial","url":"https:\/\/jbsy-china.com\/","logo":{"@type":"ImageObject","inLanguage":"es","@id":"https:\/\/jbsy-china.com\/#\/schema\/logo\/image\/","url":"https:\/\/jbsy-china.com\/wp-content\/uploads\/2023\/11\/cropped-\u56fe\u5c42-1.png","contentUrl":"https:\/\/jbsy-china.com\/wp-content\/uploads\/2023\/11\/cropped-\u56fe\u5c42-1.png","width":1049,"height":739,"caption":"Jingbang Industrial"},"image":{"@id":"https:\/\/jbsy-china.com\/#\/schema\/logo\/image\/"}}]}},"_links":{"self":[{"href":"https:\/\/jbsy-china.com\/es\/wp-json\/wp\/v2\/product\/26578","targetHints":{"allow":["GET"]}}],"collection":[{"href":"https:\/\/jbsy-china.com\/es\/wp-json\/wp\/v2\/product"}],"about":[{"href":"https:\/\/jbsy-china.com\/es\/wp-json\/wp\/v2\/types\/product"}],"replies":[{"embeddable":true,"href":"https:\/\/jbsy-china.com\/es\/wp-json\/wp\/v2\/comments?post=26578"}],"wp:featuredmedia":[{"embeddable":true,"href":"https:\/\/jbsy-china.com\/es\/wp-json\/wp\/v2\/media\/26579"}],"wp:attachment":[{"href":"https:\/\/jbsy-china.com\/es\/wp-json\/wp\/v2\/media?parent=26578"}],"wp:term":[{"taxonomy":"product_brand","embeddable":true,"href":"https:\/\/jbsy-china.com\/es\/wp-json\/wp\/v2\/product_brand?post=26578"},{"taxonomy":"product_cat","embeddable":true,"href":"https:\/\/jbsy-china.com\/es\/wp-json\/wp\/v2\/product_cat?post=26578"},{"taxonomy":"product_tag","embeddable":true,"href":"https:\/\/jbsy-china.com\/es\/wp-json\/wp\/v2\/product_tag?post=26578"}],"curies":[{"name":"wp","href":"https:\/\/api.w.org\/{rel}","templated":true}]}}