{"id":26613,"date":"2023-10-24T03:38:40","date_gmt":"2023-10-24T03:38:40","guid":{"rendered":"http:\/\/jbsy-china.com\/?post_type=product&#038;p=26613"},"modified":"2023-10-27T02:49:34","modified_gmt":"2023-10-27T02:49:34","slug":"1-2","status":"publish","type":"product","link":"https:\/\/jbsy-china.com\/es\/producto\/1-2\/","title":{"rendered":"Personalizaci\u00f3n de herramientas EDC"},"content":{"rendered":"<p><img fetchpriority=\"high\" decoding=\"async\" class=\"alignnone size-full wp-image-26738\" src=\"http:\/\/jbsy-china.com\/wp-content\/uploads\/2023\/10\/EDC\u5de5\u5177\u8be6\u60c5\u9875_01-1.jpg\" alt=\"\" width=\"790\" height=\"1260\" srcset=\"https:\/\/jbsy-china.com\/wp-content\/uploads\/2023\/10\/EDC\u5de5\u5177\u8be6\u60c5\u9875_01-1.jpg 790w, https:\/\/jbsy-china.com\/wp-content\/uploads\/2023\/10\/EDC\u5de5\u5177\u8be6\u60c5\u9875_01-1-188x300.jpg 188w, https:\/\/jbsy-china.com\/wp-content\/uploads\/2023\/10\/EDC\u5de5\u5177\u8be6\u60c5\u9875_01-1-642x1024.jpg 642w, https:\/\/jbsy-china.com\/wp-content\/uploads\/2023\/10\/EDC\u5de5\u5177\u8be6\u60c5\u9875_01-1-768x1225.jpg 768w, https:\/\/jbsy-china.com\/wp-content\/uploads\/2023\/10\/EDC\u5de5\u5177\u8be6\u60c5\u9875_01-1-600x957.jpg 600w\" sizes=\"(max-width: 790px) 100vw, 790px\" \/><img decoding=\"async\" class=\"alignnone size-full wp-image-26737\" src=\"http:\/\/jbsy-china.com\/wp-content\/uploads\/2023\/10\/EDC\u5de5\u5177\u8be6\u60c5\u9875_02-1.jpg\" alt=\"\" width=\"790\" height=\"580\" srcset=\"https:\/\/jbsy-china.com\/wp-content\/uploads\/2023\/10\/EDC\u5de5\u5177\u8be6\u60c5\u9875_02-1.jpg 790w, https:\/\/jbsy-china.com\/wp-content\/uploads\/2023\/10\/EDC\u5de5\u5177\u8be6\u60c5\u9875_02-1-300x220.jpg 300w, https:\/\/jbsy-china.com\/wp-content\/uploads\/2023\/10\/EDC\u5de5\u5177\u8be6\u60c5\u9875_02-1-768x564.jpg 768w, https:\/\/jbsy-china.com\/wp-content\/uploads\/2023\/10\/EDC\u5de5\u5177\u8be6\u60c5\u9875_02-1-600x441.jpg 600w\" sizes=\"(max-width: 790px) 100vw, 790px\" \/><img decoding=\"async\" class=\"alignnone size-full wp-image-26740\" src=\"http:\/\/jbsy-china.com\/wp-content\/uploads\/2023\/10\/EDC\u5de5\u5177\u8be6\u60c5\u9875_04-1.jpg\" alt=\"\" width=\"790\" height=\"1080\" srcset=\"https:\/\/jbsy-china.com\/wp-content\/uploads\/2023\/10\/EDC\u5de5\u5177\u8be6\u60c5\u9875_04-1.jpg 790w, https:\/\/jbsy-china.com\/wp-content\/uploads\/2023\/10\/EDC\u5de5\u5177\u8be6\u60c5\u9875_04-1-219x300.jpg 219w, https:\/\/jbsy-china.com\/wp-content\/uploads\/2023\/10\/EDC\u5de5\u5177\u8be6\u60c5\u9875_04-1-749x1024.jpg 749w, https:\/\/jbsy-china.com\/wp-content\/uploads\/2023\/10\/EDC\u5de5\u5177\u8be6\u60c5\u9875_04-1-768x1050.jpg 768w, https:\/\/jbsy-china.com\/wp-content\/uploads\/2023\/10\/EDC\u5de5\u5177\u8be6\u60c5\u9875_04-1-600x820.jpg 600w\" sizes=\"(max-width: 790px) 100vw, 790px\" \/><img loading=\"lazy\" decoding=\"async\" class=\"alignnone size-full wp-image-26739\" src=\"http:\/\/jbsy-china.com\/wp-content\/uploads\/2023\/10\/EDC\u5de5\u5177\u8be6\u60c5\u9875_03-1.jpg\" alt=\"\" width=\"790\" height=\"1160\" srcset=\"https:\/\/jbsy-china.com\/wp-content\/uploads\/2023\/10\/EDC\u5de5\u5177\u8be6\u60c5\u9875_03-1.jpg 790w, https:\/\/jbsy-china.com\/wp-content\/uploads\/2023\/10\/EDC\u5de5\u5177\u8be6\u60c5\u9875_03-1-204x300.jpg 204w, https:\/\/jbsy-china.com\/wp-content\/uploads\/2023\/10\/EDC\u5de5\u5177\u8be6\u60c5\u9875_03-1-697x1024.jpg 697w, https:\/\/jbsy-china.com\/wp-content\/uploads\/2023\/10\/EDC\u5de5\u5177\u8be6\u60c5\u9875_03-1-768x1128.jpg 768w, https:\/\/jbsy-china.com\/wp-content\/uploads\/2023\/10\/EDC\u5de5\u5177\u8be6\u60c5\u9875_03-1-600x881.jpg 600w\" sizes=\"(max-width: 790px) 100vw, 790px\" \/><\/p>","protected":false},"excerpt":{"rendered":"<p>Las herramientas EDC pueden combinar m\u00faltiples funciones, como llaves, abrebotellas, perchas, cerraduras de seguridad, quitagrapas, etc. Son herramientas pr\u00e1cticas en el trabajo y la vida diaria, el trabajo, el ocio y los viajes a casa. Se puede utilizar para el autorrescate o el rescate cuando nos encontramos con g\u00e1ngsters, estad\u00edsticas meteorol\u00f3gicas y cat\u00e1strofes naturales. Tambi\u00e9n es un producto de autodefensa indispensable cuando se participa en actividades de acampada al aire libre y se conduce<\/p>","protected":false},"featured_media":26615,"comment_status":"open","ping_status":"closed","template":"","meta":{"site-sidebar-layout":"no-sidebar","site-content-layout":"","ast-site-content-layout":"default","site-content-style":"default","site-sidebar-style":"default","ast-global-header-display":"","ast-banner-title-visibility":"","ast-main-header-display":"","ast-hfb-above-header-display":"","ast-hfb-below-header-display":"","ast-hfb-mobile-header-display":"","site-post-title":"","ast-breadcrumbs-content":"","ast-featured-img":"","footer-sml-layout":"","ast-disable-related-posts":"","theme-transparent-header-meta":"default","adv-header-id-meta":"","stick-header-meta":"","header-above-stick-meta":"","header-main-stick-meta":"","header-below-stick-meta":"","astra-migrate-meta-layouts":"set","ast-page-background-enabled":"default","ast-page-background-meta":{"desktop":{"background-color":"var(--ast-global-color-4)","background-image":"","background-repeat":"repeat","background-position":"center center","background-size":"auto","background-attachment":"scroll","background-type":"","background-media":"","overlay-type":"","overlay-color":"","overlay-opacity":"","overlay-gradient":""},"tablet":{"background-color":"","background-image":"","background-repeat":"repeat","background-position":"center center","background-size":"auto","background-attachment":"scroll","background-type":"","background-media":"","overlay-type":"","overlay-color":"","overlay-opacity":"","overlay-gradient":""},"mobile":{"background-color":"","background-image":"","background-repeat":"repeat","background-position":"center center","background-size":"auto","background-attachment":"scroll","background-type":"","background-media":"","overlay-type":"","overlay-color":"","overlay-opacity":"","overlay-gradient":""}},"ast-content-background-meta":{"desktop":{"background-color":"var(--ast-global-color-5)","background-image":"","background-repeat":"repeat","background-position":"center center","background-size":"auto","background-attachment":"scroll","background-type":"","background-media":"","overlay-type":"","overlay-color":"","overlay-opacity":"","overlay-gradient":""},"tablet":{"background-color":"var(--ast-global-color-5)","background-image":"","background-repeat":"repeat","background-position":"center center","background-size":"auto","background-attachment":"scroll","background-type":"","background-media":"","overlay-type":"","overlay-color":"","overlay-opacity":"","overlay-gradient":""},"mobile":{"background-color":"var(--ast-global-color-5)","background-image":"","background-repeat":"repeat","background-position":"center center","background-size":"auto","background-attachment":"scroll","background-type":"","background-media":"","overlay-type":"","overlay-color":"","overlay-opacity":"","overlay-gradient":""}},"_themeisle_gutenberg_block_has_review":false,"_ti_tpc_template_sync":false,"_ti_tpc_template_id":""},"product_brand":[],"product_cat":[364],"product_tag":[],"class_list":{"0":"post-26613","1":"product","2":"type-product","3":"status-publish","4":"has-post-thumbnail","6":"product_cat-sheet-metal-processing-parts","7":"desktop-align-left","8":"tablet-align-left","9":"mobile-align-left","10":"ast-product-gallery-layout-horizontal-slider","11":"ast-product-tabs-layout-horizontal","12":"ast-qv-on-image","14":"first","15":"instock","16":"shipping-taxable","17":"purchasable","18":"product-type-simple"},"yoast_head":"<!-- This site is optimized with the Yoast SEO Premium plugin v21.7 (Yoast SEO v25.7) - https:\/\/yoast.com\/wordpress\/plugins\/seo\/ -->\n<title>EDC tool customization - Jingbang Industrial<\/title>\n<meta name=\"robots\" content=\"index, follow, max-snippet:-1, max-image-preview:large, max-video-preview:-1\" \/>\n<link rel=\"canonical\" href=\"https:\/\/jbsy-china.com\/es\/producto\/1-2\/\" \/>\n<meta property=\"og:locale\" content=\"es_ES\" \/>\n<meta property=\"og:type\" content=\"article\" \/>\n<meta property=\"og:title\" content=\"EDC tool customization\" \/>\n<meta property=\"og:description\" content=\"EDC tools can combine multiple functions, such as wrenches, bottle openers, hangers, safety locks, staple removers, etc. They are practical tools in daily work and life, work, leisure and home travel. It can be used for self-rescue or rescue when encountering gangsters, weather statistics and natural disasters. It is also an indispensable self-defense product when participating in camping outdoor activities and driving\" \/>\n<meta property=\"og:url\" content=\"https:\/\/jbsy-china.com\/es\/producto\/1-2\/\" \/>\n<meta property=\"og:site_name\" content=\"Jingbang Industrial\" \/>\n<meta property=\"article:modified_time\" content=\"2023-10-27T02:49:34+00:00\" \/>\n<meta property=\"og:image\" content=\"https:\/\/jbsy-china.com\/wp-content\/uploads\/2023\/10\/\u5de5\u51778-1-2.jpg\" \/>\n\t<meta property=\"og:image:width\" content=\"800\" \/>\n\t<meta property=\"og:image:height\" content=\"800\" \/>\n\t<meta property=\"og:image:type\" content=\"image\/jpeg\" \/>\n<meta name=\"twitter:card\" content=\"summary_large_image\" \/>\n<script type=\"application\/ld+json\" class=\"yoast-schema-graph\">{\"@context\":\"https:\/\/schema.org\",\"@graph\":[{\"@type\":\"WebPage\",\"@id\":\"https:\/\/jbsy-china.com\/product\/1-2\/\",\"url\":\"https:\/\/jbsy-china.com\/product\/1-2\/\",\"name\":\"EDC tool customization - Jingbang Industrial\",\"isPartOf\":{\"@id\":\"https:\/\/jbsy-china.com\/#website\"},\"primaryImageOfPage\":{\"@id\":\"https:\/\/jbsy-china.com\/product\/1-2\/#primaryimage\"},\"image\":{\"@id\":\"https:\/\/jbsy-china.com\/product\/1-2\/#primaryimage\"},\"thumbnailUrl\":\"https:\/\/jbsy-china.com\/wp-content\/uploads\/2023\/10\/\u5de5\u51778-1-2.jpg\",\"datePublished\":\"2023-10-24T03:38:40+00:00\",\"dateModified\":\"2023-10-27T02:49:34+00:00\",\"breadcrumb\":{\"@id\":\"https:\/\/jbsy-china.com\/product\/1-2\/#breadcrumb\"},\"inLanguage\":\"es\",\"potentialAction\":[{\"@type\":\"ReadAction\",\"target\":[\"https:\/\/jbsy-china.com\/product\/1-2\/\"]}]},{\"@type\":\"ImageObject\",\"inLanguage\":\"es\",\"@id\":\"https:\/\/jbsy-china.com\/product\/1-2\/#primaryimage\",\"url\":\"https:\/\/jbsy-china.com\/wp-content\/uploads\/2023\/10\/\u5de5\u51778-1-2.jpg\",\"contentUrl\":\"https:\/\/jbsy-china.com\/wp-content\/uploads\/2023\/10\/\u5de5\u51778-1-2.jpg\",\"width\":800,\"height\":800},{\"@type\":\"BreadcrumbList\",\"@id\":\"https:\/\/jbsy-china.com\/product\/1-2\/#breadcrumb\",\"itemListElement\":[{\"@type\":\"ListItem\",\"position\":1,\"name\":\"Home\",\"item\":\"https:\/\/jbsy-china.com\/\"},{\"@type\":\"ListItem\",\"position\":2,\"name\":\"Products\",\"item\":\"https:\/\/jbsy-china.com\/shop\/\"},{\"@type\":\"ListItem\",\"position\":3,\"name\":\"EDC tool customization\"}]},{\"@type\":\"WebSite\",\"@id\":\"https:\/\/jbsy-china.com\/#website\",\"url\":\"https:\/\/jbsy-china.com\/\",\"name\":\"Jingbang Industrial\",\"description\":\"Hardware and electronics manufacturer\",\"publisher\":{\"@id\":\"https:\/\/jbsy-china.com\/#organization\"},\"potentialAction\":[{\"@type\":\"SearchAction\",\"target\":{\"@type\":\"EntryPoint\",\"urlTemplate\":\"https:\/\/jbsy-china.com\/?s={search_term_string}\"},\"query-input\":{\"@type\":\"PropertyValueSpecification\",\"valueRequired\":true,\"valueName\":\"search_term_string\"}}],\"inLanguage\":\"es\"},{\"@type\":\"Organization\",\"@id\":\"https:\/\/jbsy-china.com\/#organization\",\"name\":\"Jingbang Industrial\",\"url\":\"https:\/\/jbsy-china.com\/\",\"logo\":{\"@type\":\"ImageObject\",\"inLanguage\":\"es\",\"@id\":\"https:\/\/jbsy-china.com\/#\/schema\/logo\/image\/\",\"url\":\"https:\/\/jbsy-china.com\/wp-content\/uploads\/2023\/11\/cropped-\u56fe\u5c42-1.png\",\"contentUrl\":\"https:\/\/jbsy-china.com\/wp-content\/uploads\/2023\/11\/cropped-\u56fe\u5c42-1.png\",\"width\":1049,\"height\":739,\"caption\":\"Jingbang Industrial\"},\"image\":{\"@id\":\"https:\/\/jbsy-china.com\/#\/schema\/logo\/image\/\"}}]}<\/script>\n<!-- \/ Yoast SEO Premium plugin. -->","yoast_head_json":{"title":"EDC tool customization - Jingbang Industrial","robots":{"index":"index","follow":"follow","max-snippet":"max-snippet:-1","max-image-preview":"max-image-preview:large","max-video-preview":"max-video-preview:-1"},"canonical":"https:\/\/jbsy-china.com\/es\/producto\/1-2\/","og_locale":"es_ES","og_type":"article","og_title":"EDC tool customization","og_description":"EDC tools can combine multiple functions, such as wrenches, bottle openers, hangers, safety locks, staple removers, etc. They are practical tools in daily work and life, work, leisure and home travel. It can be used for self-rescue or rescue when encountering gangsters, weather statistics and natural disasters. It is also an indispensable self-defense product when participating in camping outdoor activities and driving","og_url":"https:\/\/jbsy-china.com\/es\/producto\/1-2\/","og_site_name":"Jingbang Industrial","article_modified_time":"2023-10-27T02:49:34+00:00","og_image":[{"width":800,"height":800,"url":"https:\/\/jbsy-china.com\/wp-content\/uploads\/2023\/10\/\u5de5\u51778-1-2.jpg","type":"image\/jpeg"}],"twitter_card":"summary_large_image","schema":{"@context":"https:\/\/schema.org","@graph":[{"@type":"WebPage","@id":"https:\/\/jbsy-china.com\/product\/1-2\/","url":"https:\/\/jbsy-china.com\/product\/1-2\/","name":"EDC tool customization - Jingbang Industrial","isPartOf":{"@id":"https:\/\/jbsy-china.com\/#website"},"primaryImageOfPage":{"@id":"https:\/\/jbsy-china.com\/product\/1-2\/#primaryimage"},"image":{"@id":"https:\/\/jbsy-china.com\/product\/1-2\/#primaryimage"},"thumbnailUrl":"https:\/\/jbsy-china.com\/wp-content\/uploads\/2023\/10\/\u5de5\u51778-1-2.jpg","datePublished":"2023-10-24T03:38:40+00:00","dateModified":"2023-10-27T02:49:34+00:00","breadcrumb":{"@id":"https:\/\/jbsy-china.com\/product\/1-2\/#breadcrumb"},"inLanguage":"es","potentialAction":[{"@type":"ReadAction","target":["https:\/\/jbsy-china.com\/product\/1-2\/"]}]},{"@type":"ImageObject","inLanguage":"es","@id":"https:\/\/jbsy-china.com\/product\/1-2\/#primaryimage","url":"https:\/\/jbsy-china.com\/wp-content\/uploads\/2023\/10\/\u5de5\u51778-1-2.jpg","contentUrl":"https:\/\/jbsy-china.com\/wp-content\/uploads\/2023\/10\/\u5de5\u51778-1-2.jpg","width":800,"height":800},{"@type":"BreadcrumbList","@id":"https:\/\/jbsy-china.com\/product\/1-2\/#breadcrumb","itemListElement":[{"@type":"ListItem","position":1,"name":"Home","item":"https:\/\/jbsy-china.com\/"},{"@type":"ListItem","position":2,"name":"Products","item":"https:\/\/jbsy-china.com\/shop\/"},{"@type":"ListItem","position":3,"name":"EDC tool customization"}]},{"@type":"WebSite","@id":"https:\/\/jbsy-china.com\/#website","url":"https:\/\/jbsy-china.com\/","name":"Jingbang Industrial","description":"Fabricante de hardware y electr\u00f3nica","publisher":{"@id":"https:\/\/jbsy-china.com\/#organization"},"potentialAction":[{"@type":"SearchAction","target":{"@type":"EntryPoint","urlTemplate":"https:\/\/jbsy-china.com\/?s={search_term_string}"},"query-input":{"@type":"PropertyValueSpecification","valueRequired":true,"valueName":"search_term_string"}}],"inLanguage":"es"},{"@type":"Organization","@id":"https:\/\/jbsy-china.com\/#organization","name":"Jingbang Industrial","url":"https:\/\/jbsy-china.com\/","logo":{"@type":"ImageObject","inLanguage":"es","@id":"https:\/\/jbsy-china.com\/#\/schema\/logo\/image\/","url":"https:\/\/jbsy-china.com\/wp-content\/uploads\/2023\/11\/cropped-\u56fe\u5c42-1.png","contentUrl":"https:\/\/jbsy-china.com\/wp-content\/uploads\/2023\/11\/cropped-\u56fe\u5c42-1.png","width":1049,"height":739,"caption":"Jingbang Industrial"},"image":{"@id":"https:\/\/jbsy-china.com\/#\/schema\/logo\/image\/"}}]}},"_links":{"self":[{"href":"https:\/\/jbsy-china.com\/es\/wp-json\/wp\/v2\/product\/26613","targetHints":{"allow":["GET"]}}],"collection":[{"href":"https:\/\/jbsy-china.com\/es\/wp-json\/wp\/v2\/product"}],"about":[{"href":"https:\/\/jbsy-china.com\/es\/wp-json\/wp\/v2\/types\/product"}],"replies":[{"embeddable":true,"href":"https:\/\/jbsy-china.com\/es\/wp-json\/wp\/v2\/comments?post=26613"}],"wp:featuredmedia":[{"embeddable":true,"href":"https:\/\/jbsy-china.com\/es\/wp-json\/wp\/v2\/media\/26615"}],"wp:attachment":[{"href":"https:\/\/jbsy-china.com\/es\/wp-json\/wp\/v2\/media?parent=26613"}],"wp:term":[{"taxonomy":"product_brand","embeddable":true,"href":"https:\/\/jbsy-china.com\/es\/wp-json\/wp\/v2\/product_brand?post=26613"},{"taxonomy":"product_cat","embeddable":true,"href":"https:\/\/jbsy-china.com\/es\/wp-json\/wp\/v2\/product_cat?post=26613"},{"taxonomy":"product_tag","embeddable":true,"href":"https:\/\/jbsy-china.com\/es\/wp-json\/wp\/v2\/product_tag?post=26613"}],"curies":[{"name":"wp","href":"https:\/\/api.w.org\/{rel}","templated":true}]}}