{"id":31602,"date":"2025-02-15T09:37:42","date_gmt":"2025-02-15T09:37:42","guid":{"rendered":"https:\/\/jbsy-china.com\/?post_type=product&#038;p=31602"},"modified":"2025-02-21T02:10:56","modified_gmt":"2025-02-21T02:10:56","slug":"safety-bolt","status":"publish","type":"product","link":"https:\/\/jbsy-china.com\/es\/producto\/safety-bolt\/","title":{"rendered":"Perno de seguridad"},"content":{"rendered":"<p><img fetchpriority=\"high\" decoding=\"async\" class=\"alignnone size-full wp-image-31578\" src=\"https:\/\/jbsy-china.com\/wp-content\/uploads\/2025\/02\/\u51b7\u9566\u8be6\u60c5\u9875_01.jpg\" alt=\"\" width=\"790\" height=\"329\" srcset=\"https:\/\/jbsy-china.com\/wp-content\/uploads\/2025\/02\/\u51b7\u9566\u8be6\u60c5\u9875_01.jpg 790w, https:\/\/jbsy-china.com\/wp-content\/uploads\/2025\/02\/\u51b7\u9566\u8be6\u60c5\u9875_01-300x125.jpg 300w, https:\/\/jbsy-china.com\/wp-content\/uploads\/2025\/02\/\u51b7\u9566\u8be6\u60c5\u9875_01-768x320.jpg 768w, https:\/\/jbsy-china.com\/wp-content\/uploads\/2025\/02\/\u51b7\u9566\u8be6\u60c5\u9875_01-600x250.jpg 600w\" sizes=\"(max-width: 790px) 100vw, 790px\" \/><img decoding=\"async\" class=\"alignnone size-full wp-image-31579\" src=\"https:\/\/jbsy-china.com\/wp-content\/uploads\/2025\/02\/\u51b7\u9566\u8be6\u60c5\u9875_02.jpg\" alt=\"\" width=\"790\" height=\"981\" srcset=\"https:\/\/jbsy-china.com\/wp-content\/uploads\/2025\/02\/\u51b7\u9566\u8be6\u60c5\u9875_02.jpg 790w, https:\/\/jbsy-china.com\/wp-content\/uploads\/2025\/02\/\u51b7\u9566\u8be6\u60c5\u9875_02-242x300.jpg 242w, https:\/\/jbsy-china.com\/wp-content\/uploads\/2025\/02\/\u51b7\u9566\u8be6\u60c5\u9875_02-768x954.jpg 768w, https:\/\/jbsy-china.com\/wp-content\/uploads\/2025\/02\/\u51b7\u9566\u8be6\u60c5\u9875_02-600x745.jpg 600w\" sizes=\"(max-width: 790px) 100vw, 790px\" \/><img decoding=\"async\" class=\"alignnone size-full wp-image-31580\" src=\"https:\/\/jbsy-china.com\/wp-content\/uploads\/2025\/02\/\u51b7\u9566\u8be6\u60c5\u9875_03.jpg\" alt=\"\" width=\"790\" height=\"740\" srcset=\"https:\/\/jbsy-china.com\/wp-content\/uploads\/2025\/02\/\u51b7\u9566\u8be6\u60c5\u9875_03.jpg 790w, https:\/\/jbsy-china.com\/wp-content\/uploads\/2025\/02\/\u51b7\u9566\u8be6\u60c5\u9875_03-300x281.jpg 300w, https:\/\/jbsy-china.com\/wp-content\/uploads\/2025\/02\/\u51b7\u9566\u8be6\u60c5\u9875_03-768x719.jpg 768w, https:\/\/jbsy-china.com\/wp-content\/uploads\/2025\/02\/\u51b7\u9566\u8be6\u60c5\u9875_03-600x562.jpg 600w\" sizes=\"(max-width: 790px) 100vw, 790px\" \/><img loading=\"lazy\" decoding=\"async\" class=\"alignnone size-full wp-image-31581\" src=\"https:\/\/jbsy-china.com\/wp-content\/uploads\/2025\/02\/\u51b7\u9566\u8be6\u60c5\u9875_04.jpg\" alt=\"\" width=\"790\" height=\"739\" srcset=\"https:\/\/jbsy-china.com\/wp-content\/uploads\/2025\/02\/\u51b7\u9566\u8be6\u60c5\u9875_04.jpg 790w, https:\/\/jbsy-china.com\/wp-content\/uploads\/2025\/02\/\u51b7\u9566\u8be6\u60c5\u9875_04-300x281.jpg 300w, https:\/\/jbsy-china.com\/wp-content\/uploads\/2025\/02\/\u51b7\u9566\u8be6\u60c5\u9875_04-768x718.jpg 768w, https:\/\/jbsy-china.com\/wp-content\/uploads\/2025\/02\/\u51b7\u9566\u8be6\u60c5\u9875_04-600x561.jpg 600w\" sizes=\"(max-width: 790px) 100vw, 790px\" \/><img loading=\"lazy\" decoding=\"async\" class=\"alignnone size-full wp-image-31583\" src=\"https:\/\/jbsy-china.com\/wp-content\/uploads\/2025\/02\/\u51b7\u9566\u8be6\u60c5\u9875_05_01.jpg\" alt=\"\" width=\"790\" height=\"677\" srcset=\"https:\/\/jbsy-china.com\/wp-content\/uploads\/2025\/02\/\u51b7\u9566\u8be6\u60c5\u9875_05_01.jpg 790w, https:\/\/jbsy-china.com\/wp-content\/uploads\/2025\/02\/\u51b7\u9566\u8be6\u60c5\u9875_05_01-300x257.jpg 300w, https:\/\/jbsy-china.com\/wp-content\/uploads\/2025\/02\/\u51b7\u9566\u8be6\u60c5\u9875_05_01-768x658.jpg 768w, https:\/\/jbsy-china.com\/wp-content\/uploads\/2025\/02\/\u51b7\u9566\u8be6\u60c5\u9875_05_01-600x514.jpg 600w\" sizes=\"(max-width: 790px) 100vw, 790px\" \/><\/p>\n<p><strong>El proceso de estampado en fr\u00edo es uno de los nuevos procesos de mecanizado a presi\u00f3n de menor o ning\u00fan corte<\/strong><br \/>\n<strong>Se trata de un m\u00e9todo de transformaci\u00f3n que utiliza la deformaci\u00f3n pl\u00e1stica del metal bajo la acci\u00f3n de los agentes atmosf\u00e9ricos.<\/strong><br \/>\n<strong>fuerzas externas, y con la ayuda de moldes, redistribuye y transfiere el volumen de metal para formar<\/strong><br \/>\n<strong>las piezas o formatos necesarios. El proceso de estampaci\u00f3n en fr\u00edo es el m\u00e1s adecuado para producir piezas est\u00e1ndar.<\/strong><br \/>\n<strong>elementos de fijaci\u00f3n como pernos, tornillos, tuercas, remaches, pasadores, etc.<\/strong><\/p>\n<p><img loading=\"lazy\" decoding=\"async\" class=\"alignnone size-full wp-image-31585\" src=\"https:\/\/jbsy-china.com\/wp-content\/uploads\/2025\/02\/\u51b7\u9566\u8be6\u60c5\u9875_05_03.jpg\" alt=\"\" width=\"790\" height=\"603\" srcset=\"https:\/\/jbsy-china.com\/wp-content\/uploads\/2025\/02\/\u51b7\u9566\u8be6\u60c5\u9875_05_03.jpg 790w, https:\/\/jbsy-china.com\/wp-content\/uploads\/2025\/02\/\u51b7\u9566\u8be6\u60c5\u9875_05_03-300x229.jpg 300w, https:\/\/jbsy-china.com\/wp-content\/uploads\/2025\/02\/\u51b7\u9566\u8be6\u60c5\u9875_05_03-768x586.jpg 768w, https:\/\/jbsy-china.com\/wp-content\/uploads\/2025\/02\/\u51b7\u9566\u8be6\u60c5\u9875_05_03-600x458.jpg 600w\" sizes=\"(max-width: 790px) 100vw, 790px\" \/><img loading=\"lazy\" decoding=\"async\" class=\"alignnone size-full wp-image-31586\" src=\"https:\/\/jbsy-china.com\/wp-content\/uploads\/2025\/02\/\u51b7\u9566\u8be6\u60c5\u9875_06.jpg\" alt=\"\" width=\"790\" height=\"742\" srcset=\"https:\/\/jbsy-china.com\/wp-content\/uploads\/2025\/02\/\u51b7\u9566\u8be6\u60c5\u9875_06.jpg 790w, https:\/\/jbsy-china.com\/wp-content\/uploads\/2025\/02\/\u51b7\u9566\u8be6\u60c5\u9875_06-300x282.jpg 300w, https:\/\/jbsy-china.com\/wp-content\/uploads\/2025\/02\/\u51b7\u9566\u8be6\u60c5\u9875_06-768x721.jpg 768w, https:\/\/jbsy-china.com\/wp-content\/uploads\/2025\/02\/\u51b7\u9566\u8be6\u60c5\u9875_06-600x564.jpg 600w\" sizes=\"(max-width: 790px) 100vw, 790px\" \/><\/p>\n<p>A\u00a0<strong>seguridad <a href=\"https:\/\/jbsy-china.com\/es\/screwsbolts\/\">perno<\/a><\/strong>\u00a0es una fijaci\u00f3n especializada dise\u00f1ada para proporcionar una mayor seguridad y fiabilidad en aplicaciones en las que el aflojamiento, las vibraciones o los fallos podr\u00edan provocar riesgos para la seguridad o problemas operativos. Estos pernos est\u00e1n dise\u00f1ados con caracter\u00edsticas que evitan el aflojamiento involuntario y garantizan una conexi\u00f3n estable y duradera. He aqu\u00ed una descripci\u00f3n detallada:<\/p>\n<hr \/>\n<h3><strong>Caracter\u00edsticas principales:<\/strong><\/h3>\n<ol start=\"1\">\n<li><strong>Mecanismo de bloqueo<\/strong>:\n<ul>\n<li>Los pernos de seguridad suelen incluir caracter\u00edsticas de bloqueo integradas, como parches de bloqueo de roscas, bridas dentadas o dispositivos de bloqueo secundarios (por ejemplo, pasadores o alambres).<\/li>\n<\/ul>\n<\/li>\n<li><strong>Material<\/strong>:\n<ul>\n<li>Suelen fabricarse con materiales de alta resistencia, como acero, acero inoxidable o acero aleado, a menudo con revestimientos protectores (por ejemplo, cincado, galvanizado) para resistir la corrosi\u00f3n.<\/li>\n<\/ul>\n<\/li>\n<li><strong>Tipo de hilo<\/strong>:\n<ul>\n<li>Disponibles en roscas m\u00e9tricas o imperiales est\u00e1ndar, con opciones de roscado fino o grueso en funci\u00f3n de la aplicaci\u00f3n.<\/li>\n<\/ul>\n<\/li>\n<li><strong>Tipos de cabeza<\/strong>:\n<ul>\n<li>Pueden tener varios estilos de cabeza, como cabeza hexagonal, cabeza hueca o cabeza de brida, para adaptarse a diferentes requisitos de instalaci\u00f3n.<\/li>\n<\/ul>\n<\/li>\n<li><strong>Variaciones de dise\u00f1o<\/strong>:\n<ul>\n<li>Los pernos de seguridad pueden incluir caracter\u00edsticas como v\u00e1stagos perforados para chavetas, adhesivos de bloqueo de roscas o cabezas a prueba de manipulaciones.<\/li>\n<\/ul>\n<\/li>\n<\/ol>\n<hr \/>\n<h3><strong>Tipos comunes de pernos de seguridad:<\/strong><\/h3>\n<ol start=\"1\">\n<li><strong>Pernos de cabeza perforada<\/strong>:\n<ul>\n<li>Disponen de un orificio taladrado en la cabeza o el v\u00e1stago para colocar una chaveta o un alambre de seguridad para fijar el perno en su sitio.<\/li>\n<\/ul>\n<\/li>\n<li><strong>Pernos de brida dentada<\/strong>:\n<ul>\n<li>Disponen de una brida con estr\u00edas que se agarran a la superficie para evitar la rotaci\u00f3n y el aflojamiento.<\/li>\n<\/ul>\n<\/li>\n<li><strong>Pernos de bloqueo de rosca<\/strong>:\n<ul>\n<li>Recubiertos con un adhesivo de bloqueo de roscas preaplicado (por ejemplo, Loctite) para resistir el aflojamiento inducido por las vibraciones.<\/li>\n<\/ul>\n<\/li>\n<li><strong>Pernos a prueba de manipulaciones<\/strong>:\n<ul>\n<li>Dise\u00f1ados con estilos de accionamiento exclusivos (por ejemplo, pin-in-hex, llave inglesa o torx) para impedir la extracci\u00f3n no autorizada.<\/li>\n<\/ul>\n<\/li>\n<li><strong>Pernos de doble extremo<\/strong>:\n<ul>\n<li>Roscado en ambos extremos para su uso en aplicaciones espec\u00edficas en las que se requiere una tuerca en ambos lados.<\/li>\n<\/ul>\n<\/li>\n<\/ol>\n<hr \/>\n<h3><strong>C\u00f3mo funciona:<\/strong><\/h3>\n<ul>\n<li>Los pernos de seguridad utilizan sus mecanismos de bloqueo (por ejemplo, estr\u00edas, adhesivos o dispositivos de bloqueo secundarios) para mantener la tensi\u00f3n y resistir las fuerzas de rotaci\u00f3n, garantizando que el perno permanezca firmemente sujeto incluso en condiciones adversas.<\/li>\n<\/ul>\n<hr \/>\n<h3><strong>Aplicaciones:<\/strong><\/h3>\n<ul>\n<li><strong>Automoci\u00f3n<\/strong>: Cubos de rueda, componentes del motor y sistemas de suspensi\u00f3n.<\/li>\n<li><strong>Aeroespacial<\/strong>: Fijaci\u00f3n cr\u00edtica en estructuras y motores de aeronaves.<\/li>\n<li><strong>Maquinaria industrial<\/strong>: Maquinaria pesada, sistemas transportadores y maquinaria rotativa.<\/li>\n<li><strong>Construcci\u00f3n<\/strong>: Conexiones estructurales en puentes, edificios e infraestructuras.<\/li>\n<li><strong>Ferrocarriles<\/strong>: Fijaci\u00f3n de v\u00edas y montaje de material rodante.<\/li>\n<\/ul>\n<hr \/>\n<h3><strong>Ventajas:<\/strong><\/h3>\n<ul>\n<li><strong>Resistencia a las vibraciones<\/strong>: Evita que se aflojen en entornos con muchas vibraciones.<\/li>\n<li><strong>Resistencia a las manipulaciones<\/strong>: Impide la retirada no autorizada en aplicaciones p\u00fablicas o sensibles.<\/li>\n<li><strong>Fiabilidad<\/strong>: Garantiza la estabilidad y la seguridad a largo plazo.<\/li>\n<li><strong>Resistencia a la corrosi\u00f3n<\/strong>: Los revestimientos protectores prolongan la vida \u00fatil del tornillo en entornos dif\u00edciles.<\/li>\n<\/ul>\n<hr \/>\n<h3><strong>Consejos de instalaci\u00f3n:<\/strong><\/h3>\n<ul>\n<li>Limpie el perno y las roscas de contacto antes de la instalaci\u00f3n.<\/li>\n<li>Apriete a la especificaci\u00f3n de par recomendada utilizando las herramientas adecuadas.<\/li>\n<li>Para los tornillos de cabeza perforada, aseg\u00farelos siempre con una chaveta o un alambre de seguridad.<\/li>\n<li>En el caso de los pernos con bloqueo de rosca, deje que el adhesivo se cure completamente antes de someter el perno a carga.<\/li>\n<\/ul>\n<hr \/>\n<p>Los pernos de seguridad son fundamentales en aplicaciones en las que el fallo de un elemento de fijaci\u00f3n puede provocar riesgos importantes para la seguridad o tiempos de inactividad, lo que los hace indispensables en sectores como el aeroespacial, la automoci\u00f3n y la construcci\u00f3n.<\/p>","protected":false},"excerpt":{"rendered":"<h5 data-start=\"186\" data-end=\"207\"><strong data-start=\"190\" data-end=\"206\">Caracter\u00edsticas principales<\/strong>:<\/h5>\n<ul data-start=\"208\" data-end=\"385\">\n<li data-start=\"208\" data-end=\"263\"><strong data-start=\"210\" data-end=\"231\">Mecanismo de bloqueo<\/strong>: Evita el aflojamiento accidental.<\/li>\n<li data-start=\"264\" data-end=\"313\"><strong data-start=\"266\" data-end=\"277\">Duradero<\/strong>: Fabricado con materiales de alta resistencia.<\/li>\n<li data-start=\"314\" data-end=\"385\"><strong data-start=\"316\" data-end=\"339\">Resistente a la corrosi\u00f3n<\/strong>: Revestimiento para protecci\u00f3n en entornos dif\u00edciles.<\/li>\n<\/ul>","protected":false},"featured_media":31604,"comment_status":"open","ping_status":"closed","template":"","meta":{"site-sidebar-layout":"default","site-content-layout":"","ast-site-content-layout":"default","site-content-style":"default","site-sidebar-style":"default","ast-global-header-display":"","ast-banner-title-visibility":"","ast-main-header-display":"","ast-hfb-above-header-display":"","ast-hfb-below-header-display":"","ast-hfb-mobile-header-display":"","site-post-title":"","ast-breadcrumbs-content":"","ast-featured-img":"","footer-sml-layout":"","ast-disable-related-posts":"","theme-transparent-header-meta":"default","adv-header-id-meta":"","stick-header-meta":"default","header-above-stick-meta":"","header-main-stick-meta":"","header-below-stick-meta":"","astra-migrate-meta-layouts":"set","ast-page-background-enabled":"default","ast-page-background-meta":{"desktop":{"background-color":"var(--ast-global-color-4)","background-image":"","background-repeat":"repeat","background-position":"center center","background-size":"auto","background-attachment":"scroll","background-type":"","background-media":"","overlay-type":"","overlay-color":"","overlay-opacity":"","overlay-gradient":""},"tablet":{"background-color":"","background-image":"","background-repeat":"repeat","background-position":"center center","background-size":"auto","background-attachment":"scroll","background-type":"","background-media":"","overlay-type":"","overlay-color":"","overlay-opacity":"","overlay-gradient":""},"mobile":{"background-color":"","background-image":"","background-repeat":"repeat","background-position":"center center","background-size":"auto","background-attachment":"scroll","background-type":"","background-media":"","overlay-type":"","overlay-color":"","overlay-opacity":"","overlay-gradient":""}},"ast-content-background-meta":{"desktop":{"background-color":"var(--ast-global-color-5)","background-image":"","background-repeat":"repeat","background-position":"center center","background-size":"auto","background-attachment":"scroll","background-type":"","background-media":"","overlay-type":"","overlay-color":"","overlay-opacity":"","overlay-gradient":""},"tablet":{"background-color":"var(--ast-global-color-5)","background-image":"","background-repeat":"repeat","background-position":"center center","background-size":"auto","background-attachment":"scroll","background-type":"","background-media":"","overlay-type":"","overlay-color":"","overlay-opacity":"","overlay-gradient":""},"mobile":{"background-color":"var(--ast-global-color-5)","background-image":"","background-repeat":"repeat","background-position":"center center","background-size":"auto","background-attachment":"scroll","background-type":"","background-media":"","overlay-type":"","overlay-color":"","overlay-opacity":"","overlay-gradient":""}},"_themeisle_gutenberg_block_has_review":false,"_ti_tpc_template_sync":false,"_ti_tpc_template_id":""},"product_brand":[],"product_cat":[624],"product_tag":[1239,1240,1241],"class_list":{"0":"post-31602","1":"product","2":"type-product","3":"status-publish","4":"has-post-thumbnail","6":"product_cat-screwsbolts","7":"product_tag-locking-bolt","8":"product_tag-security-bolt","9":"product_tag-tamper-proof-bolt","10":"desktop-align-left","11":"tablet-align-left","12":"mobile-align-left","13":"ast-product-gallery-layout-horizontal-slider","14":"ast-product-tabs-layout-horizontal","15":"ast-qv-on-image","17":"first","18":"instock","19":"shipping-taxable","20":"product-type-simple"},"yoast_head":"<!-- This site is optimized with the Yoast SEO Premium plugin v21.7 (Yoast SEO v25.7) - https:\/\/yoast.com\/wordpress\/plugins\/seo\/ -->\n<title>Safety bolt - Jingbang Industrial Anti-Vibration Bolt High-Strength Bolt<\/title>\n<meta name=\"description\" content=\"A safety bolt is a fastener that ensures a safe and secure hold even when subjected to environmental influences such as vibration and shock.\" \/>\n<meta name=\"robots\" content=\"index, follow, max-snippet:-1, max-image-preview:large, max-video-preview:-1\" \/>\n<link rel=\"canonical\" href=\"https:\/\/jbsy-china.com\/es\/producto\/safety-bolt\/\" \/>\n<meta property=\"og:locale\" content=\"es_ES\" \/>\n<meta property=\"og:type\" content=\"article\" \/>\n<meta property=\"og:title\" content=\"Safety bolt\" \/>\n<meta property=\"og:description\" content=\"A safety bolt is a fastener that ensures a safe and secure hold even when subjected to environmental influences such as vibration and shock.\" \/>\n<meta property=\"og:url\" content=\"https:\/\/jbsy-china.com\/es\/producto\/safety-bolt\/\" \/>\n<meta property=\"og:site_name\" content=\"Jingbang Industrial\" \/>\n<meta property=\"article:modified_time\" content=\"2025-02-21T02:10:56+00:00\" \/>\n<meta property=\"og:image\" content=\"http:\/\/jbsy-china.com\/wp-content\/uploads\/2025\/02\/\u87ba\u4e1d\u5408\u96c6.jpg\" \/>\n\t<meta property=\"og:image:width\" content=\"800\" \/>\n\t<meta property=\"og:image:height\" content=\"800\" \/>\n\t<meta property=\"og:image:type\" content=\"image\/jpeg\" \/>\n<meta name=\"twitter:card\" content=\"summary_large_image\" \/>\n<meta name=\"twitter:label1\" content=\"Tiempo de lectura\" \/>\n\t<meta name=\"twitter:data1\" content=\"4 minutos\" \/>\n<script type=\"application\/ld+json\" class=\"yoast-schema-graph\">{\"@context\":\"https:\/\/schema.org\",\"@graph\":[{\"@type\":\"WebPage\",\"@id\":\"https:\/\/jbsy-china.com\/product\/safety-bolt\/\",\"url\":\"https:\/\/jbsy-china.com\/product\/safety-bolt\/\",\"name\":\"Safety bolt - Jingbang Industrial Anti-Vibration Bolt High-Strength Bolt\",\"isPartOf\":{\"@id\":\"https:\/\/jbsy-china.com\/#website\"},\"primaryImageOfPage\":{\"@id\":\"https:\/\/jbsy-china.com\/product\/safety-bolt\/#primaryimage\"},\"image\":{\"@id\":\"https:\/\/jbsy-china.com\/product\/safety-bolt\/#primaryimage\"},\"thumbnailUrl\":\"https:\/\/jbsy-china.com\/wp-content\/uploads\/2025\/02\/\u87ba\u4e1d\u5408\u96c6.jpg\",\"datePublished\":\"2025-02-15T09:37:42+00:00\",\"dateModified\":\"2025-02-21T02:10:56+00:00\",\"description\":\"A safety bolt is a fastener that ensures a safe and secure hold even when subjected to environmental influences such as vibration and shock.\",\"breadcrumb\":{\"@id\":\"https:\/\/jbsy-china.com\/product\/safety-bolt\/#breadcrumb\"},\"inLanguage\":\"es\",\"potentialAction\":[{\"@type\":\"ReadAction\",\"target\":[\"https:\/\/jbsy-china.com\/product\/safety-bolt\/\"]}]},{\"@type\":\"ImageObject\",\"inLanguage\":\"es\",\"@id\":\"https:\/\/jbsy-china.com\/product\/safety-bolt\/#primaryimage\",\"url\":\"https:\/\/jbsy-china.com\/wp-content\/uploads\/2025\/02\/\u87ba\u4e1d\u5408\u96c6.jpg\",\"contentUrl\":\"https:\/\/jbsy-china.com\/wp-content\/uploads\/2025\/02\/\u87ba\u4e1d\u5408\u96c6.jpg\",\"width\":800,\"height\":800},{\"@type\":\"BreadcrumbList\",\"@id\":\"https:\/\/jbsy-china.com\/product\/safety-bolt\/#breadcrumb\",\"itemListElement\":[{\"@type\":\"ListItem\",\"position\":1,\"name\":\"Home\",\"item\":\"https:\/\/jbsy-china.com\/\"},{\"@type\":\"ListItem\",\"position\":2,\"name\":\"Products\",\"item\":\"https:\/\/jbsy-china.com\/shop\/\"},{\"@type\":\"ListItem\",\"position\":3,\"name\":\"Safety bolt\"}]},{\"@type\":\"WebSite\",\"@id\":\"https:\/\/jbsy-china.com\/#website\",\"url\":\"https:\/\/jbsy-china.com\/\",\"name\":\"Jingbang Industrial\",\"description\":\"Hardware and electronics manufacturer\",\"publisher\":{\"@id\":\"https:\/\/jbsy-china.com\/#organization\"},\"potentialAction\":[{\"@type\":\"SearchAction\",\"target\":{\"@type\":\"EntryPoint\",\"urlTemplate\":\"https:\/\/jbsy-china.com\/?s={search_term_string}\"},\"query-input\":{\"@type\":\"PropertyValueSpecification\",\"valueRequired\":true,\"valueName\":\"search_term_string\"}}],\"inLanguage\":\"es\"},{\"@type\":\"Organization\",\"@id\":\"https:\/\/jbsy-china.com\/#organization\",\"name\":\"Jingbang Industrial\",\"url\":\"https:\/\/jbsy-china.com\/\",\"logo\":{\"@type\":\"ImageObject\",\"inLanguage\":\"es\",\"@id\":\"https:\/\/jbsy-china.com\/#\/schema\/logo\/image\/\",\"url\":\"https:\/\/jbsy-china.com\/wp-content\/uploads\/2023\/11\/cropped-\u56fe\u5c42-1.png\",\"contentUrl\":\"https:\/\/jbsy-china.com\/wp-content\/uploads\/2023\/11\/cropped-\u56fe\u5c42-1.png\",\"width\":1049,\"height\":739,\"caption\":\"Jingbang Industrial\"},\"image\":{\"@id\":\"https:\/\/jbsy-china.com\/#\/schema\/logo\/image\/\"}}]}<\/script>\n<!-- \/ Yoast SEO Premium plugin. -->","yoast_head_json":{"title":"Safety bolt - Jingbang Industrial Anti-Vibration Bolt High-Strength Bolt","description":"A safety bolt is a fastener that ensures a safe and secure hold even when subjected to environmental influences such as vibration and shock.","robots":{"index":"index","follow":"follow","max-snippet":"max-snippet:-1","max-image-preview":"max-image-preview:large","max-video-preview":"max-video-preview:-1"},"canonical":"https:\/\/jbsy-china.com\/es\/producto\/safety-bolt\/","og_locale":"es_ES","og_type":"article","og_title":"Safety bolt","og_description":"A safety bolt is a fastener that ensures a safe and secure hold even when subjected to environmental influences such as vibration and shock.","og_url":"https:\/\/jbsy-china.com\/es\/producto\/safety-bolt\/","og_site_name":"Jingbang Industrial","article_modified_time":"2025-02-21T02:10:56+00:00","og_image":[{"width":800,"height":800,"url":"http:\/\/jbsy-china.com\/wp-content\/uploads\/2025\/02\/\u87ba\u4e1d\u5408\u96c6.jpg","type":"image\/jpeg"}],"twitter_card":"summary_large_image","twitter_misc":{"Tiempo de lectura":"4 minutos"},"schema":{"@context":"https:\/\/schema.org","@graph":[{"@type":"WebPage","@id":"https:\/\/jbsy-china.com\/product\/safety-bolt\/","url":"https:\/\/jbsy-china.com\/product\/safety-bolt\/","name":"Safety bolt - Jingbang Industrial Anti-Vibration Bolt High-Strength Bolt","isPartOf":{"@id":"https:\/\/jbsy-china.com\/#website"},"primaryImageOfPage":{"@id":"https:\/\/jbsy-china.com\/product\/safety-bolt\/#primaryimage"},"image":{"@id":"https:\/\/jbsy-china.com\/product\/safety-bolt\/#primaryimage"},"thumbnailUrl":"https:\/\/jbsy-china.com\/wp-content\/uploads\/2025\/02\/\u87ba\u4e1d\u5408\u96c6.jpg","datePublished":"2025-02-15T09:37:42+00:00","dateModified":"2025-02-21T02:10:56+00:00","description":"A safety bolt is a fastener that ensures a safe and secure hold even when subjected to environmental influences such as vibration and shock.","breadcrumb":{"@id":"https:\/\/jbsy-china.com\/product\/safety-bolt\/#breadcrumb"},"inLanguage":"es","potentialAction":[{"@type":"ReadAction","target":["https:\/\/jbsy-china.com\/product\/safety-bolt\/"]}]},{"@type":"ImageObject","inLanguage":"es","@id":"https:\/\/jbsy-china.com\/product\/safety-bolt\/#primaryimage","url":"https:\/\/jbsy-china.com\/wp-content\/uploads\/2025\/02\/\u87ba\u4e1d\u5408\u96c6.jpg","contentUrl":"https:\/\/jbsy-china.com\/wp-content\/uploads\/2025\/02\/\u87ba\u4e1d\u5408\u96c6.jpg","width":800,"height":800},{"@type":"BreadcrumbList","@id":"https:\/\/jbsy-china.com\/product\/safety-bolt\/#breadcrumb","itemListElement":[{"@type":"ListItem","position":1,"name":"Home","item":"https:\/\/jbsy-china.com\/"},{"@type":"ListItem","position":2,"name":"Products","item":"https:\/\/jbsy-china.com\/shop\/"},{"@type":"ListItem","position":3,"name":"Safety bolt"}]},{"@type":"WebSite","@id":"https:\/\/jbsy-china.com\/#website","url":"https:\/\/jbsy-china.com\/","name":"Jingbang Industrial","description":"Fabricante de hardware y electr\u00f3nica","publisher":{"@id":"https:\/\/jbsy-china.com\/#organization"},"potentialAction":[{"@type":"SearchAction","target":{"@type":"EntryPoint","urlTemplate":"https:\/\/jbsy-china.com\/?s={search_term_string}"},"query-input":{"@type":"PropertyValueSpecification","valueRequired":true,"valueName":"search_term_string"}}],"inLanguage":"es"},{"@type":"Organization","@id":"https:\/\/jbsy-china.com\/#organization","name":"Jingbang Industrial","url":"https:\/\/jbsy-china.com\/","logo":{"@type":"ImageObject","inLanguage":"es","@id":"https:\/\/jbsy-china.com\/#\/schema\/logo\/image\/","url":"https:\/\/jbsy-china.com\/wp-content\/uploads\/2023\/11\/cropped-\u56fe\u5c42-1.png","contentUrl":"https:\/\/jbsy-china.com\/wp-content\/uploads\/2023\/11\/cropped-\u56fe\u5c42-1.png","width":1049,"height":739,"caption":"Jingbang Industrial"},"image":{"@id":"https:\/\/jbsy-china.com\/#\/schema\/logo\/image\/"}}]}},"_links":{"self":[{"href":"https:\/\/jbsy-china.com\/es\/wp-json\/wp\/v2\/product\/31602","targetHints":{"allow":["GET"]}}],"collection":[{"href":"https:\/\/jbsy-china.com\/es\/wp-json\/wp\/v2\/product"}],"about":[{"href":"https:\/\/jbsy-china.com\/es\/wp-json\/wp\/v2\/types\/product"}],"replies":[{"embeddable":true,"href":"https:\/\/jbsy-china.com\/es\/wp-json\/wp\/v2\/comments?post=31602"}],"wp:featuredmedia":[{"embeddable":true,"href":"https:\/\/jbsy-china.com\/es\/wp-json\/wp\/v2\/media\/31604"}],"wp:attachment":[{"href":"https:\/\/jbsy-china.com\/es\/wp-json\/wp\/v2\/media?parent=31602"}],"wp:term":[{"taxonomy":"product_brand","embeddable":true,"href":"https:\/\/jbsy-china.com\/es\/wp-json\/wp\/v2\/product_brand?post=31602"},{"taxonomy":"product_cat","embeddable":true,"href":"https:\/\/jbsy-china.com\/es\/wp-json\/wp\/v2\/product_cat?post=31602"},{"taxonomy":"product_tag","embeddable":true,"href":"https:\/\/jbsy-china.com\/es\/wp-json\/wp\/v2\/product_tag?post=31602"}],"curies":[{"name":"wp","href":"https:\/\/api.w.org\/{rel}","templated":true}]}}