{"id":32743,"date":"2025-05-06T07:27:58","date_gmt":"2025-05-06T07:27:58","guid":{"rendered":"https:\/\/jbsy-china.com\/?post_type=product&#038;p=32743"},"modified":"2025-05-06T07:28:35","modified_gmt":"2025-05-06T07:28:35","slug":"020-3030-4040-4545-series-t-nuts-m4-m5-m6-m8-t-slot-nut-hammer-head-fastener-nut-for-aluminum-profile","status":"publish","type":"product","link":"https:\/\/jbsy-china.com\/es\/producto\/020-3030-4040-4545-series-t-nuts-m4-m5-m6-m8-t-slot-nut-hammer-head-fastener-nut-for-aluminum-profile\/","title":{"rendered":"020 3030 4040 4545 Serie Tuercas en T M4 M5 M6 M8 Tuerca Ranurada en T Tuerca de Fijaci\u00f3n con Cabeza de Martillo para Perfil de Aluminio"},"content":{"rendered":"<p><span style=\"color: #ff0000;\"><a style=\"color: #ff0000;\" title=\"Shenzhen Jinbang Hardware and Electronics Co.\" href=\"http:\/\/jb-bolt.com\/\" target=\"_blank\" rel=\"noopener sponsored\"><strong>Shenzhen Jinbang Hardware and Electronics Co.<\/strong> <\/a><\/span>principales productos incluyen manillar de la motocicleta, collares, ruedas s\u00edncronas, 304 316 Nylon bloqueo Hex Brida Tuerca, poleas, perillas, clavos cuerno, disipadores de calor, Ronda moleteada tuerca de color fino paso de aluminio anodizado perfil apropiado, tornillos antirrobo, Mayoristas cabeza avellanada HEX socket Tornillos y pernos, tuercas antirrobo, tornillos no est\u00e1ndar, tuercas no est\u00e1ndar, y piezas de hardware personalizados, Informaci\u00f3n de contacto:<span style=\"color: #ff0000;\">\u00a0<a style=\"color: #ff0000;\" href=\"mailto:jazz@jbsy-china.com\" target=\"_blank\" rel=\"nofollow noopener\"><strong>CORREO ELECTR\u00d3NICO: jazz@jbsy-china.com<\/strong><\/a>\u00a0<\/span>Tel:+86 189 2643 8760, el volumen de ventas directas del fabricante tiene grandes descuentos. \u00a1Bienvenido a guiar y cooperar!<\/p>\n<p><img fetchpriority=\"high\" decoding=\"async\" class=\"alignnone wp-image-1309\" src=\"http:\/\/jb-bolt.com\/wp-content\/uploads\/2023\/06\/M3-M4-M5-M6-M8-Carbon-Steel-Nickel-Plated-Sliding-T-Nuts-Slot-T-Nuts.png\" alt=\"020 3030 4040 4545 Series T Nuts M4 M5 M6 M8 T Slot Nut Hammer Head Fastener Nut for Aluminum Profile\" width=\"1530\" height=\"979\" \/><\/p>","protected":false},"excerpt":{"rendered":"<p><strong>Nombre del producto:<\/strong> 020 3030 4040 4545 Serie Tuercas en T M4 M5 M6 M8 Tuerca Ranurada en T Tuerca de Fijaci\u00f3n con Cabeza de Martillo para Perfil de Aluminio<br \/>\n<strong>Marca:<\/strong>\u00a0JINGBANG<br \/>\n<strong>Color:<\/strong>\u00a0Personalizable<br \/>\n<strong>Tama\u00f1o:<\/strong>\u00a0Personalizable<br \/>\n<strong>Procesando:<\/strong>\u00a0Tratamiento personalizable<br \/>\n<strong>Material:<\/strong> Todo aluminio acero inoxidable<br \/>\n<strong>Principales productos:<\/strong> Cerraduras de manillar de motocicleta, collares, ruedas s\u00edncronas, poleas, pomos, clavos de bocina, disipadores t\u00e9rmicos, tornillos antirrobo, tuercas antirrobo, tornillos no est\u00e1ndar, tuercas no est\u00e1ndar, piezas de ferreter\u00eda personalizadas<\/p>","protected":false},"featured_media":32793,"comment_status":"open","ping_status":"closed","template":"","meta":{"site-sidebar-layout":"default","site-content-layout":"","ast-site-content-layout":"default","site-content-style":"default","site-sidebar-style":"default","ast-global-header-display":"","ast-banner-title-visibility":"","ast-main-header-display":"","ast-hfb-above-header-display":"","ast-hfb-below-header-display":"","ast-hfb-mobile-header-display":"","site-post-title":"","ast-breadcrumbs-content":"","ast-featured-img":"","footer-sml-layout":"","ast-disable-related-posts":"","theme-transparent-header-meta":"","adv-header-id-meta":"","stick-header-meta":"","header-above-stick-meta":"","header-main-stick-meta":"","header-below-stick-meta":"","astra-migrate-meta-layouts":"default","ast-page-background-enabled":"default","ast-page-background-meta":{"desktop":{"background-color":"var(--ast-global-color-4)","background-image":"","background-repeat":"repeat","background-position":"center center","background-size":"auto","background-attachment":"scroll","background-type":"","background-media":"","overlay-type":"","overlay-color":"","overlay-opacity":"","overlay-gradient":""},"tablet":{"background-color":"","background-image":"","background-repeat":"repeat","background-position":"center center","background-size":"auto","background-attachment":"scroll","background-type":"","background-media":"","overlay-type":"","overlay-color":"","overlay-opacity":"","overlay-gradient":""},"mobile":{"background-color":"","background-image":"","background-repeat":"repeat","background-position":"center center","background-size":"auto","background-attachment":"scroll","background-type":"","background-media":"","overlay-type":"","overlay-color":"","overlay-opacity":"","overlay-gradient":""}},"ast-content-background-meta":{"desktop":{"background-color":"var(--ast-global-color-5)","background-image":"","background-repeat":"repeat","background-position":"center center","background-size":"auto","background-attachment":"scroll","background-type":"","background-media":"","overlay-type":"","overlay-color":"","overlay-opacity":"","overlay-gradient":""},"tablet":{"background-color":"var(--ast-global-color-5)","background-image":"","background-repeat":"repeat","background-position":"center center","background-size":"auto","background-attachment":"scroll","background-type":"","background-media":"","overlay-type":"","overlay-color":"","overlay-opacity":"","overlay-gradient":""},"mobile":{"background-color":"var(--ast-global-color-5)","background-image":"","background-repeat":"repeat","background-position":"center center","background-size":"auto","background-attachment":"scroll","background-type":"","background-media":"","overlay-type":"","overlay-color":"","overlay-opacity":"","overlay-gradient":""}},"_themeisle_gutenberg_block_has_review":false,"_ti_tpc_template_sync":false,"_ti_tpc_template_id":""},"product_brand":[],"product_cat":[1263,1264],"product_tag":[],"class_list":{"0":"post-32743","1":"product","2":"type-product","3":"status-publish","4":"has-post-thumbnail","6":"product_cat-more-fastener","7":"product_cat-nuts","8":"desktop-align-left","9":"tablet-align-left","10":"mobile-align-left","11":"ast-product-gallery-layout-horizontal-slider","12":"ast-product-gallery-with-no-image","13":"ast-product-tabs-layout-horizontal","14":"ast-qv-on-image","16":"first","17":"instock","18":"shipping-taxable","19":"product-type-simple"},"yoast_head":"<!-- This site is optimized with the Yoast SEO Premium plugin v21.7 (Yoast SEO v25.7) - https:\/\/yoast.com\/wordpress\/plugins\/seo\/ -->\n<title>020 3030 4040 4545 Series T Nuts M4 M5 M6 M8 T Slot Nut Hammer Head Fastener Nut for Aluminum Profile - Jingbang Industrial<\/title>\n<meta name=\"robots\" content=\"index, follow, max-snippet:-1, max-image-preview:large, max-video-preview:-1\" \/>\n<link rel=\"canonical\" href=\"https:\/\/jbsy-china.com\/es\/producto\/020-3030-4040-4545-series-t-nuts-m4-m5-m6-m8-t-slot-nut-hammer-head-fastener-nut-for-aluminum-profile\/\" \/>\n<meta property=\"og:locale\" content=\"es_ES\" \/>\n<meta property=\"og:type\" content=\"article\" \/>\n<meta property=\"og:title\" content=\"020 3030 4040 4545 Series T Nuts M4 M5 M6 M8 T Slot Nut Hammer Head Fastener Nut for Aluminum Profile\" \/>\n<meta property=\"og:description\" content=\"Product Name: 020 3030 4040 4545 Series T Nuts M4 M5 M6 M8 T Slot Nut Hammer Head Fastener Nut for Aluminum Profile Brand:\u00a0JINGBANG Color:\u00a0Customizable Size:\u00a0Customizable Processing:\u00a0Customizable processing Material: All aluminum stainless steel Main products: Motorcycle handlebar locks, collars, synchronous wheels, pulleys, knobs, horn nails, heat sinks, anti-theft screws, anti-theft nuts, non-standard screws, non-standard nuts, customized hardware parts\" \/>\n<meta property=\"og:url\" content=\"https:\/\/jbsy-china.com\/es\/producto\/020-3030-4040-4545-series-t-nuts-m4-m5-m6-m8-t-slot-nut-hammer-head-fastener-nut-for-aluminum-profile\/\" \/>\n<meta property=\"og:site_name\" content=\"Jingbang Industrial\" \/>\n<meta property=\"article:modified_time\" content=\"2025-05-06T07:28:35+00:00\" \/>\n<meta property=\"og:image\" content=\"http:\/\/jb-bolt.com\/wp-content\/uploads\/2023\/06\/M3-M4-M5-M6-M8-Carbon-Steel-Nickel-Plated-Sliding-T-Nuts-Slot-T-Nuts.png\" \/>\n<meta name=\"twitter:card\" content=\"summary_large_image\" \/>\n<script type=\"application\/ld+json\" class=\"yoast-schema-graph\">{\"@context\":\"https:\/\/schema.org\",\"@graph\":[{\"@type\":\"WebPage\",\"@id\":\"https:\/\/jbsy-china.com\/product\/020-3030-4040-4545-series-t-nuts-m4-m5-m6-m8-t-slot-nut-hammer-head-fastener-nut-for-aluminum-profile\/\",\"url\":\"https:\/\/jbsy-china.com\/product\/020-3030-4040-4545-series-t-nuts-m4-m5-m6-m8-t-slot-nut-hammer-head-fastener-nut-for-aluminum-profile\/\",\"name\":\"020 3030 4040 4545 Series T Nuts M4 M5 M6 M8 T Slot Nut Hammer Head Fastener Nut for Aluminum Profile - Jingbang Industrial\",\"isPartOf\":{\"@id\":\"https:\/\/jbsy-china.com\/#website\"},\"primaryImageOfPage\":{\"@id\":\"https:\/\/jbsy-china.com\/product\/020-3030-4040-4545-series-t-nuts-m4-m5-m6-m8-t-slot-nut-hammer-head-fastener-nut-for-aluminum-profile\/#primaryimage\"},\"image\":{\"@id\":\"https:\/\/jbsy-china.com\/product\/020-3030-4040-4545-series-t-nuts-m4-m5-m6-m8-t-slot-nut-hammer-head-fastener-nut-for-aluminum-profile\/#primaryimage\"},\"thumbnailUrl\":\"https:\/\/jbsy-china.com\/wp-content\/uploads\/2025\/05\/020-3030-4040-4545-Series-T-Nuts-M4-M5-M6-M8-T-Slot-Nut-Hammer-Head-Fastener-Nut-for-Aluminum-Profile.png\",\"datePublished\":\"2025-05-06T07:27:58+00:00\",\"dateModified\":\"2025-05-06T07:28:35+00:00\",\"breadcrumb\":{\"@id\":\"https:\/\/jbsy-china.com\/product\/020-3030-4040-4545-series-t-nuts-m4-m5-m6-m8-t-slot-nut-hammer-head-fastener-nut-for-aluminum-profile\/#breadcrumb\"},\"inLanguage\":\"es\",\"potentialAction\":[{\"@type\":\"ReadAction\",\"target\":[\"https:\/\/jbsy-china.com\/product\/020-3030-4040-4545-series-t-nuts-m4-m5-m6-m8-t-slot-nut-hammer-head-fastener-nut-for-aluminum-profile\/\"]}]},{\"@type\":\"ImageObject\",\"inLanguage\":\"es\",\"@id\":\"https:\/\/jbsy-china.com\/product\/020-3030-4040-4545-series-t-nuts-m4-m5-m6-m8-t-slot-nut-hammer-head-fastener-nut-for-aluminum-profile\/#primaryimage\",\"url\":\"https:\/\/jbsy-china.com\/wp-content\/uploads\/2025\/05\/020-3030-4040-4545-Series-T-Nuts-M4-M5-M6-M8-T-Slot-Nut-Hammer-Head-Fastener-Nut-for-Aluminum-Profile.png\",\"contentUrl\":\"https:\/\/jbsy-china.com\/wp-content\/uploads\/2025\/05\/020-3030-4040-4545-Series-T-Nuts-M4-M5-M6-M8-T-Slot-Nut-Hammer-Head-Fastener-Nut-for-Aluminum-Profile.png\",\"width\":504,\"height\":491},{\"@type\":\"BreadcrumbList\",\"@id\":\"https:\/\/jbsy-china.com\/product\/020-3030-4040-4545-series-t-nuts-m4-m5-m6-m8-t-slot-nut-hammer-head-fastener-nut-for-aluminum-profile\/#breadcrumb\",\"itemListElement\":[{\"@type\":\"ListItem\",\"position\":1,\"name\":\"Home\",\"item\":\"https:\/\/jbsy-china.com\/\"},{\"@type\":\"ListItem\",\"position\":2,\"name\":\"Products\",\"item\":\"https:\/\/jbsy-china.com\/shop\/\"},{\"@type\":\"ListItem\",\"position\":3,\"name\":\"020 3030 4040 4545 Series T Nuts M4 M5 M6 M8 T Slot Nut Hammer Head Fastener Nut for Aluminum Profile\"}]},{\"@type\":\"WebSite\",\"@id\":\"https:\/\/jbsy-china.com\/#website\",\"url\":\"https:\/\/jbsy-china.com\/\",\"name\":\"Jingbang Industrial\",\"description\":\"Hardware and electronics manufacturer\",\"publisher\":{\"@id\":\"https:\/\/jbsy-china.com\/#organization\"},\"potentialAction\":[{\"@type\":\"SearchAction\",\"target\":{\"@type\":\"EntryPoint\",\"urlTemplate\":\"https:\/\/jbsy-china.com\/?s={search_term_string}\"},\"query-input\":{\"@type\":\"PropertyValueSpecification\",\"valueRequired\":true,\"valueName\":\"search_term_string\"}}],\"inLanguage\":\"es\"},{\"@type\":\"Organization\",\"@id\":\"https:\/\/jbsy-china.com\/#organization\",\"name\":\"Jingbang Industrial\",\"url\":\"https:\/\/jbsy-china.com\/\",\"logo\":{\"@type\":\"ImageObject\",\"inLanguage\":\"es\",\"@id\":\"https:\/\/jbsy-china.com\/#\/schema\/logo\/image\/\",\"url\":\"https:\/\/jbsy-china.com\/wp-content\/uploads\/2023\/11\/cropped-\u56fe\u5c42-1.png\",\"contentUrl\":\"https:\/\/jbsy-china.com\/wp-content\/uploads\/2023\/11\/cropped-\u56fe\u5c42-1.png\",\"width\":1049,\"height\":739,\"caption\":\"Jingbang Industrial\"},\"image\":{\"@id\":\"https:\/\/jbsy-china.com\/#\/schema\/logo\/image\/\"}}]}<\/script>\n<!-- \/ Yoast SEO Premium plugin. -->","yoast_head_json":{"title":"020 3030 4040 4545 Series T Nuts M4 M5 M6 M8 T Slot Nut Hammer Head Fastener Nut for Aluminum Profile - Jingbang Industrial","robots":{"index":"index","follow":"follow","max-snippet":"max-snippet:-1","max-image-preview":"max-image-preview:large","max-video-preview":"max-video-preview:-1"},"canonical":"https:\/\/jbsy-china.com\/es\/producto\/020-3030-4040-4545-series-t-nuts-m4-m5-m6-m8-t-slot-nut-hammer-head-fastener-nut-for-aluminum-profile\/","og_locale":"es_ES","og_type":"article","og_title":"020 3030 4040 4545 Series T Nuts M4 M5 M6 M8 T Slot Nut Hammer Head Fastener Nut for Aluminum Profile","og_description":"Product Name: 020 3030 4040 4545 Series T Nuts M4 M5 M6 M8 T Slot Nut Hammer Head Fastener Nut for Aluminum Profile Brand:\u00a0JINGBANG Color:\u00a0Customizable Size:\u00a0Customizable Processing:\u00a0Customizable processing Material: All aluminum stainless steel Main products: Motorcycle handlebar locks, collars, synchronous wheels, pulleys, knobs, horn nails, heat sinks, anti-theft screws, anti-theft nuts, non-standard screws, non-standard nuts, customized hardware parts","og_url":"https:\/\/jbsy-china.com\/es\/producto\/020-3030-4040-4545-series-t-nuts-m4-m5-m6-m8-t-slot-nut-hammer-head-fastener-nut-for-aluminum-profile\/","og_site_name":"Jingbang Industrial","article_modified_time":"2025-05-06T07:28:35+00:00","og_image":[{"url":"http:\/\/jb-bolt.com\/wp-content\/uploads\/2023\/06\/M3-M4-M5-M6-M8-Carbon-Steel-Nickel-Plated-Sliding-T-Nuts-Slot-T-Nuts.png","type":"","width":"","height":""}],"twitter_card":"summary_large_image","schema":{"@context":"https:\/\/schema.org","@graph":[{"@type":"WebPage","@id":"https:\/\/jbsy-china.com\/product\/020-3030-4040-4545-series-t-nuts-m4-m5-m6-m8-t-slot-nut-hammer-head-fastener-nut-for-aluminum-profile\/","url":"https:\/\/jbsy-china.com\/product\/020-3030-4040-4545-series-t-nuts-m4-m5-m6-m8-t-slot-nut-hammer-head-fastener-nut-for-aluminum-profile\/","name":"020 3030 4040 4545 Series T Nuts M4 M5 M6 M8 T Slot Nut Hammer Head Fastener Nut for Aluminum Profile - Jingbang Industrial","isPartOf":{"@id":"https:\/\/jbsy-china.com\/#website"},"primaryImageOfPage":{"@id":"https:\/\/jbsy-china.com\/product\/020-3030-4040-4545-series-t-nuts-m4-m5-m6-m8-t-slot-nut-hammer-head-fastener-nut-for-aluminum-profile\/#primaryimage"},"image":{"@id":"https:\/\/jbsy-china.com\/product\/020-3030-4040-4545-series-t-nuts-m4-m5-m6-m8-t-slot-nut-hammer-head-fastener-nut-for-aluminum-profile\/#primaryimage"},"thumbnailUrl":"https:\/\/jbsy-china.com\/wp-content\/uploads\/2025\/05\/020-3030-4040-4545-Series-T-Nuts-M4-M5-M6-M8-T-Slot-Nut-Hammer-Head-Fastener-Nut-for-Aluminum-Profile.png","datePublished":"2025-05-06T07:27:58+00:00","dateModified":"2025-05-06T07:28:35+00:00","breadcrumb":{"@id":"https:\/\/jbsy-china.com\/product\/020-3030-4040-4545-series-t-nuts-m4-m5-m6-m8-t-slot-nut-hammer-head-fastener-nut-for-aluminum-profile\/#breadcrumb"},"inLanguage":"es","potentialAction":[{"@type":"ReadAction","target":["https:\/\/jbsy-china.com\/product\/020-3030-4040-4545-series-t-nuts-m4-m5-m6-m8-t-slot-nut-hammer-head-fastener-nut-for-aluminum-profile\/"]}]},{"@type":"ImageObject","inLanguage":"es","@id":"https:\/\/jbsy-china.com\/product\/020-3030-4040-4545-series-t-nuts-m4-m5-m6-m8-t-slot-nut-hammer-head-fastener-nut-for-aluminum-profile\/#primaryimage","url":"https:\/\/jbsy-china.com\/wp-content\/uploads\/2025\/05\/020-3030-4040-4545-Series-T-Nuts-M4-M5-M6-M8-T-Slot-Nut-Hammer-Head-Fastener-Nut-for-Aluminum-Profile.png","contentUrl":"https:\/\/jbsy-china.com\/wp-content\/uploads\/2025\/05\/020-3030-4040-4545-Series-T-Nuts-M4-M5-M6-M8-T-Slot-Nut-Hammer-Head-Fastener-Nut-for-Aluminum-Profile.png","width":504,"height":491},{"@type":"BreadcrumbList","@id":"https:\/\/jbsy-china.com\/product\/020-3030-4040-4545-series-t-nuts-m4-m5-m6-m8-t-slot-nut-hammer-head-fastener-nut-for-aluminum-profile\/#breadcrumb","itemListElement":[{"@type":"ListItem","position":1,"name":"Home","item":"https:\/\/jbsy-china.com\/"},{"@type":"ListItem","position":2,"name":"Products","item":"https:\/\/jbsy-china.com\/shop\/"},{"@type":"ListItem","position":3,"name":"020 3030 4040 4545 Series T Nuts M4 M5 M6 M8 T Slot Nut Hammer Head Fastener Nut for Aluminum Profile"}]},{"@type":"WebSite","@id":"https:\/\/jbsy-china.com\/#website","url":"https:\/\/jbsy-china.com\/","name":"Jingbang Industrial","description":"Fabricante de hardware y electr\u00f3nica","publisher":{"@id":"https:\/\/jbsy-china.com\/#organization"},"potentialAction":[{"@type":"SearchAction","target":{"@type":"EntryPoint","urlTemplate":"https:\/\/jbsy-china.com\/?s={search_term_string}"},"query-input":{"@type":"PropertyValueSpecification","valueRequired":true,"valueName":"search_term_string"}}],"inLanguage":"es"},{"@type":"Organization","@id":"https:\/\/jbsy-china.com\/#organization","name":"Jingbang Industrial","url":"https:\/\/jbsy-china.com\/","logo":{"@type":"ImageObject","inLanguage":"es","@id":"https:\/\/jbsy-china.com\/#\/schema\/logo\/image\/","url":"https:\/\/jbsy-china.com\/wp-content\/uploads\/2023\/11\/cropped-\u56fe\u5c42-1.png","contentUrl":"https:\/\/jbsy-china.com\/wp-content\/uploads\/2023\/11\/cropped-\u56fe\u5c42-1.png","width":1049,"height":739,"caption":"Jingbang Industrial"},"image":{"@id":"https:\/\/jbsy-china.com\/#\/schema\/logo\/image\/"}}]}},"_links":{"self":[{"href":"https:\/\/jbsy-china.com\/es\/wp-json\/wp\/v2\/product\/32743","targetHints":{"allow":["GET"]}}],"collection":[{"href":"https:\/\/jbsy-china.com\/es\/wp-json\/wp\/v2\/product"}],"about":[{"href":"https:\/\/jbsy-china.com\/es\/wp-json\/wp\/v2\/types\/product"}],"replies":[{"embeddable":true,"href":"https:\/\/jbsy-china.com\/es\/wp-json\/wp\/v2\/comments?post=32743"}],"wp:featuredmedia":[{"embeddable":true,"href":"https:\/\/jbsy-china.com\/es\/wp-json\/wp\/v2\/media\/32793"}],"wp:attachment":[{"href":"https:\/\/jbsy-china.com\/es\/wp-json\/wp\/v2\/media?parent=32743"}],"wp:term":[{"taxonomy":"product_brand","embeddable":true,"href":"https:\/\/jbsy-china.com\/es\/wp-json\/wp\/v2\/product_brand?post=32743"},{"taxonomy":"product_cat","embeddable":true,"href":"https:\/\/jbsy-china.com\/es\/wp-json\/wp\/v2\/product_cat?post=32743"},{"taxonomy":"product_tag","embeddable":true,"href":"https:\/\/jbsy-china.com\/es\/wp-json\/wp\/v2\/product_tag?post=32743"}],"curies":[{"name":"wp","href":"https:\/\/api.w.org\/{rel}","templated":true}]}}