{"id":32930,"date":"2025-05-06T07:29:49","date_gmt":"2025-05-06T07:29:49","guid":{"rendered":"https:\/\/jbsy-china.com\/?post_type=product&#038;p=32930"},"modified":"2025-05-06T07:30:19","modified_gmt":"2025-05-06T07:30:19","slug":"oil-drain-bolt-2","status":"publish","type":"product","link":"https:\/\/jbsy-china.com\/es\/producto\/oil-drain-bolt-2\/","title":{"rendered":"Perno de drenaje de aceite"},"content":{"rendered":"<p><img fetchpriority=\"high\" decoding=\"async\" class=\"alignnone size-full wp-image-7978\" src=\"https:\/\/jb-bolt.com\/wp-content\/uploads\/2025\/02\/\u51b7\u9566\u8be6\u60c5\u9875_01.jpg\" alt=\"\" width=\"790\" height=\"329\" \/><img decoding=\"async\" class=\"alignnone size-full wp-image-7979\" src=\"https:\/\/jb-bolt.com\/wp-content\/uploads\/2025\/02\/\u51b7\u9566\u8be6\u60c5\u9875_02.jpg\" alt=\"\" width=\"790\" height=\"981\" \/><img decoding=\"async\" class=\"alignnone size-full wp-image-7980\" src=\"https:\/\/jb-bolt.com\/wp-content\/uploads\/2025\/02\/\u51b7\u9566\u8be6\u60c5\u9875_03.jpg\" alt=\"\" width=\"790\" height=\"740\" \/><img loading=\"lazy\" decoding=\"async\" class=\"alignnone size-full wp-image-7981\" src=\"https:\/\/jb-bolt.com\/wp-content\/uploads\/2025\/02\/\u51b7\u9566\u8be6\u60c5\u9875_04.jpg\" alt=\"\" width=\"790\" height=\"739\" \/><img loading=\"lazy\" decoding=\"async\" class=\"alignnone size-full wp-image-7983\" src=\"https:\/\/jb-bolt.com\/wp-content\/uploads\/2025\/02\/\u51b7\u9566\u8be6\u60c5\u9875_05_01.jpg\" alt=\"\" width=\"790\" height=\"677\" \/><\/p>\n<p><strong>El proceso de estampado en fr\u00edo es uno de los nuevos procesos de mecanizado a presi\u00f3n de menor o ning\u00fan corte<\/strong><br \/>\n<strong>Se trata de un m\u00e9todo de transformaci\u00f3n que utiliza la deformaci\u00f3n pl\u00e1stica del metal bajo la acci\u00f3n de los agentes atmosf\u00e9ricos.<\/strong><br \/>\n<strong>fuerzas externas y, con ayuda de moldes, redistribuye y transfiere el volumen de metal para formar<\/strong><br \/>\n<strong>las piezas o formatos necesarios. El proceso de estampaci\u00f3n en fr\u00edo es el m\u00e1s adecuado para producir piezas est\u00e1ndar.<\/strong><br \/>\n<strong>elementos de fijaci\u00f3n como pernos, tornillos, tuercas, remaches, pasadores, etc.<\/strong><\/p>\n<p><img loading=\"lazy\" decoding=\"async\" class=\"alignnone size-full wp-image-7985\" src=\"https:\/\/jb-bolt.com\/wp-content\/uploads\/2025\/02\/\u51b7\u9566\u8be6\u60c5\u9875_05_03.jpg\" alt=\"\" width=\"790\" height=\"603\" \/><img loading=\"lazy\" decoding=\"async\" class=\"alignnone size-full wp-image-7986\" src=\"https:\/\/jb-bolt.com\/wp-content\/uploads\/2025\/02\/\u51b7\u9566\u8be6\u60c5\u9875_06.jpg\" alt=\"\" width=\"790\" height=\"742\" \/><\/p>\n<p>Un drenaje de aceite <a href=\"https:\/\/jb-bolt.com\/product-category\/safety-bolt\/\">perno<\/a>tambi\u00e9n conocido como\u00a0<strong>perno de drenaje de aceite<\/strong>es un componente cr\u00edtico en maquinaria, motores y otros sistemas mec\u00e1nicos que utilizan aceite para lubricaci\u00f3n o refrigeraci\u00f3n. Suele estar situado en el punto m\u00e1s bajo de un dep\u00f3sito o c\u00e1rter de aceite, lo que permite el drenaje controlado del aceite usado o contaminado durante el mantenimiento o los cambios de aceite.<\/p>\n<div class=\"mb-2 flex gap-3 empty:hidden -ml-2\">\n<div class=\"items-center justify-start rounded-xl p-1 flex\">\n<div class=\"flex items-center\">\n<p data-start=\"306\" data-end=\"352\"><strong data-start=\"306\" data-end=\"352\">Las caracter\u00edsticas clave de un tornillo de drenaje de aceite incluyen:<\/strong><\/p>\n<ol data-start=\"354\" data-end=\"1313\">\n<li data-start=\"354\" data-end=\"491\">\n<p data-start=\"357\" data-end=\"491\"><strong data-start=\"357\" data-end=\"369\">Material<\/strong>: A menudo fabricados con metales como el acero, el aluminio o el acero inoxidable para resistir la corrosi\u00f3n y proporcionar resistencia bajo presi\u00f3n.<\/p>\n<\/li>\n<li data-start=\"493\" data-end=\"649\">\n<p data-start=\"496\" data-end=\"649\"><strong data-start=\"496\" data-end=\"517\">Mecanismo de sellado<\/strong>: El tornillo suele tener una superficie de sellado integrada o utiliza una junta t\u00f3rica o empaquetadura para garantizar un sellado a prueba de fugas una vez apretado.<\/p>\n<\/li>\n<li data-start=\"651\" data-end=\"843\">\n<p data-start=\"654\" data-end=\"843\"><strong data-start=\"654\" data-end=\"664\">Dise\u00f1o<\/strong>: Puede venir con una cabeza hexagonal o cuadrada para poder apretarlo o aflojarlo con una llave. Algunos dise\u00f1os incluyen una v\u00e1lvula integrada o un orificio de drenaje para controlar la salida del aceite.<\/p>\n<\/li>\n<li data-start=\"845\" data-end=\"997\">\n<p data-start=\"848\" data-end=\"997\"><strong data-start=\"848\" data-end=\"864\">Aplicaciones<\/strong>: De uso com\u00fan en motores de automoci\u00f3n, maquinaria, equipos industriales o cualquier sistema que requiera lubricaci\u00f3n con aceite o contenci\u00f3n de fluidos.<\/p>\n<\/li>\n<li data-start=\"999\" data-end=\"1130\">\n<p data-start=\"1002\" data-end=\"1130\"><strong data-start=\"1002\" data-end=\"1028\">Tama\u00f1os y tipos de rosca<\/strong>: Disponibles en varios tama\u00f1os y tipos de rosca para adaptarse a los requisitos espec\u00edficos de dise\u00f1o del sistema.<\/p>\n<\/li>\n<li data-start=\"1132\" data-end=\"1313\">\n<p data-start=\"1135\" data-end=\"1313\"><strong data-start=\"1135\" data-end=\"1146\">Prop\u00f3sito<\/strong>: Para cerrar de forma segura los compartimentos de aceite o los dep\u00f3sitos de fluidos, impidiendo al mismo tiempo la entrada de suciedad o residuos. Tambi\u00e9n puede estar dise\u00f1ado para facilitar la inspecci\u00f3n o el cambio de fluidos.<\/p>\n<\/li>\n<\/ol>\n<p data-start=\"1315\" data-end=\"1430\" data-is-last-node=\"\" data-is-only-node=\"\">Si tiene en mente una aplicaci\u00f3n o un contexto espec\u00edfico, no dude en darme m\u00e1s detalles y podr\u00e9 adaptar m\u00e1s la descripci\u00f3n.<\/p>\n<h3><\/h3>\n<\/div>\n<\/div>\n<\/div>","protected":false},"excerpt":{"rendered":"<h5 data-start=\"267\" data-end=\"288\"><strong data-start=\"271\" data-end=\"287\">Caracter\u00edsticas principales<\/strong>:<\/h5>\n<ul data-start=\"289\" data-end=\"525\">\n<li data-start=\"289\" data-end=\"367\"><strong data-start=\"291\" data-end=\"310\">Sello a prueba de fugas<\/strong>: Evita las fugas de aceite de los dep\u00f3sitos o los motores.<\/li>\n<li data-start=\"368\" data-end=\"444\"><strong data-start=\"370\" data-end=\"381\">Duradero<\/strong>: Fabricado con materiales como acero, acero inoxidable o aluminio.<\/li>\n<li data-start=\"445\" data-end=\"525\"><strong data-start=\"447\" data-end=\"466\">F\u00e1cil de instalar<\/strong>: Se puede apretar con una herramienta est\u00e1ndar para un sellado seguro.<\/li>\n<\/ul>","protected":false},"featured_media":32981,"comment_status":"open","ping_status":"closed","template":"","meta":{"site-sidebar-layout":"default","site-content-layout":"","ast-site-content-layout":"default","site-content-style":"default","site-sidebar-style":"default","ast-global-header-display":"","ast-banner-title-visibility":"","ast-main-header-display":"","ast-hfb-above-header-display":"","ast-hfb-below-header-display":"","ast-hfb-mobile-header-display":"","site-post-title":"","ast-breadcrumbs-content":"","ast-featured-img":"","footer-sml-layout":"","ast-disable-related-posts":"","theme-transparent-header-meta":"","adv-header-id-meta":"","stick-header-meta":"","header-above-stick-meta":"","header-main-stick-meta":"","header-below-stick-meta":"","astra-migrate-meta-layouts":"default","ast-page-background-enabled":"default","ast-page-background-meta":{"desktop":{"background-color":"var(--ast-global-color-4)","background-image":"","background-repeat":"repeat","background-position":"center center","background-size":"auto","background-attachment":"scroll","background-type":"","background-media":"","overlay-type":"","overlay-color":"","overlay-opacity":"","overlay-gradient":""},"tablet":{"background-color":"","background-image":"","background-repeat":"repeat","background-position":"center center","background-size":"auto","background-attachment":"scroll","background-type":"","background-media":"","overlay-type":"","overlay-color":"","overlay-opacity":"","overlay-gradient":""},"mobile":{"background-color":"","background-image":"","background-repeat":"repeat","background-position":"center center","background-size":"auto","background-attachment":"scroll","background-type":"","background-media":"","overlay-type":"","overlay-color":"","overlay-opacity":"","overlay-gradient":""}},"ast-content-background-meta":{"desktop":{"background-color":"var(--ast-global-color-5)","background-image":"","background-repeat":"repeat","background-position":"center center","background-size":"auto","background-attachment":"scroll","background-type":"","background-media":"","overlay-type":"","overlay-color":"","overlay-opacity":"","overlay-gradient":""},"tablet":{"background-color":"var(--ast-global-color-5)","background-image":"","background-repeat":"repeat","background-position":"center center","background-size":"auto","background-attachment":"scroll","background-type":"","background-media":"","overlay-type":"","overlay-color":"","overlay-opacity":"","overlay-gradient":""},"mobile":{"background-color":"var(--ast-global-color-5)","background-image":"","background-repeat":"repeat","background-position":"center center","background-size":"auto","background-attachment":"scroll","background-type":"","background-media":"","overlay-type":"","overlay-color":"","overlay-opacity":"","overlay-gradient":""}},"_themeisle_gutenberg_block_has_review":false,"_ti_tpc_template_sync":false,"_ti_tpc_template_id":""},"product_brand":[],"product_cat":[1267],"product_tag":[1260,1259],"class_list":{"0":"post-32930","1":"product","2":"type-product","3":"status-publish","4":"has-post-thumbnail","6":"product_cat-bolts","7":"product_tag-oil-drain-bolt","8":"product_tag-oil-drain-plug","9":"desktop-align-left","10":"tablet-align-left","11":"mobile-align-left","12":"ast-product-gallery-layout-horizontal-slider","13":"ast-product-tabs-layout-horizontal","14":"ast-qv-on-image","16":"first","17":"instock","18":"shipping-taxable","19":"product-type-simple"},"yoast_head":"<!-- This site is optimized with the Yoast SEO Premium plugin v21.7 (Yoast SEO v25.7) - https:\/\/yoast.com\/wordpress\/plugins\/seo\/ -->\n<title>Oil drain bolt - Jingbang Industrial<\/title>\n<meta name=\"robots\" content=\"index, follow, max-snippet:-1, max-image-preview:large, max-video-preview:-1\" \/>\n<link rel=\"canonical\" href=\"https:\/\/jbsy-china.com\/es\/producto\/oil-drain-bolt-2\/\" \/>\n<meta property=\"og:locale\" content=\"es_ES\" \/>\n<meta property=\"og:type\" content=\"article\" \/>\n<meta property=\"og:title\" content=\"Oil drain bolt\" \/>\n<meta property=\"og:description\" content=\"Key Features:   Leak-Proof Seal: Prevents oil from leaking out of reservoirs or engines.  Durable: Made from materials like steel, stainless steel, or aluminum.  Easy to Install: Can be tightened with a standard tool for secure sealing.\" \/>\n<meta property=\"og:url\" content=\"https:\/\/jbsy-china.com\/es\/producto\/oil-drain-bolt-2\/\" \/>\n<meta property=\"og:site_name\" content=\"Jingbang Industrial\" \/>\n<meta property=\"article:modified_time\" content=\"2025-05-06T07:30:19+00:00\" \/>\n<meta name=\"twitter:card\" content=\"summary_large_image\" \/>\n<meta name=\"twitter:label1\" content=\"Tiempo de lectura\" \/>\n\t<meta name=\"twitter:data1\" content=\"2 minutos\" \/>\n<script type=\"application\/ld+json\" class=\"yoast-schema-graph\">{\"@context\":\"https:\/\/schema.org\",\"@graph\":[{\"@type\":\"WebPage\",\"@id\":\"https:\/\/jbsy-china.com\/product\/oil-drain-bolt-2\/\",\"url\":\"https:\/\/jbsy-china.com\/product\/oil-drain-bolt-2\/\",\"name\":\"Oil drain bolt - Jingbang Industrial\",\"isPartOf\":{\"@id\":\"https:\/\/jbsy-china.com\/#website\"},\"primaryImageOfPage\":{\"@id\":\"https:\/\/jbsy-china.com\/product\/oil-drain-bolt-2\/#primaryimage\"},\"image\":{\"@id\":\"https:\/\/jbsy-china.com\/product\/oil-drain-bolt-2\/#primaryimage\"},\"thumbnailUrl\":\"https:\/\/jbsy-china.com\/wp-content\/uploads\/2025\/05\/\u672a\u6807\u9898-1-\u6062\u590d\u7684.jpg\",\"datePublished\":\"2025-05-06T07:29:49+00:00\",\"dateModified\":\"2025-05-06T07:30:19+00:00\",\"breadcrumb\":{\"@id\":\"https:\/\/jbsy-china.com\/product\/oil-drain-bolt-2\/#breadcrumb\"},\"inLanguage\":\"es\",\"potentialAction\":[{\"@type\":\"ReadAction\",\"target\":[\"https:\/\/jbsy-china.com\/product\/oil-drain-bolt-2\/\"]}]},{\"@type\":\"ImageObject\",\"inLanguage\":\"es\",\"@id\":\"https:\/\/jbsy-china.com\/product\/oil-drain-bolt-2\/#primaryimage\",\"url\":\"https:\/\/jbsy-china.com\/wp-content\/uploads\/2025\/05\/\u672a\u6807\u9898-1-\u6062\u590d\u7684.jpg\",\"contentUrl\":\"https:\/\/jbsy-china.com\/wp-content\/uploads\/2025\/05\/\u672a\u6807\u9898-1-\u6062\u590d\u7684.jpg\",\"width\":800,\"height\":800},{\"@type\":\"BreadcrumbList\",\"@id\":\"https:\/\/jbsy-china.com\/product\/oil-drain-bolt-2\/#breadcrumb\",\"itemListElement\":[{\"@type\":\"ListItem\",\"position\":1,\"name\":\"Home\",\"item\":\"https:\/\/jbsy-china.com\/\"},{\"@type\":\"ListItem\",\"position\":2,\"name\":\"Products\",\"item\":\"https:\/\/jbsy-china.com\/shop\/\"},{\"@type\":\"ListItem\",\"position\":3,\"name\":\"Oil drain bolt\"}]},{\"@type\":\"WebSite\",\"@id\":\"https:\/\/jbsy-china.com\/#website\",\"url\":\"https:\/\/jbsy-china.com\/\",\"name\":\"Jingbang Industrial\",\"description\":\"Hardware and electronics manufacturer\",\"publisher\":{\"@id\":\"https:\/\/jbsy-china.com\/#organization\"},\"potentialAction\":[{\"@type\":\"SearchAction\",\"target\":{\"@type\":\"EntryPoint\",\"urlTemplate\":\"https:\/\/jbsy-china.com\/?s={search_term_string}\"},\"query-input\":{\"@type\":\"PropertyValueSpecification\",\"valueRequired\":true,\"valueName\":\"search_term_string\"}}],\"inLanguage\":\"es\"},{\"@type\":\"Organization\",\"@id\":\"https:\/\/jbsy-china.com\/#organization\",\"name\":\"Jingbang Industrial\",\"url\":\"https:\/\/jbsy-china.com\/\",\"logo\":{\"@type\":\"ImageObject\",\"inLanguage\":\"es\",\"@id\":\"https:\/\/jbsy-china.com\/#\/schema\/logo\/image\/\",\"url\":\"https:\/\/jbsy-china.com\/wp-content\/uploads\/2023\/11\/cropped-\u56fe\u5c42-1.png\",\"contentUrl\":\"https:\/\/jbsy-china.com\/wp-content\/uploads\/2023\/11\/cropped-\u56fe\u5c42-1.png\",\"width\":1049,\"height\":739,\"caption\":\"Jingbang Industrial\"},\"image\":{\"@id\":\"https:\/\/jbsy-china.com\/#\/schema\/logo\/image\/\"}}]}<\/script>\n<!-- \/ Yoast SEO Premium plugin. -->","yoast_head_json":{"title":"Oil drain bolt - Jingbang Industrial","robots":{"index":"index","follow":"follow","max-snippet":"max-snippet:-1","max-image-preview":"max-image-preview:large","max-video-preview":"max-video-preview:-1"},"canonical":"https:\/\/jbsy-china.com\/es\/producto\/oil-drain-bolt-2\/","og_locale":"es_ES","og_type":"article","og_title":"Oil drain bolt","og_description":"Key Features:   Leak-Proof Seal: Prevents oil from leaking out of reservoirs or engines.  Durable: Made from materials like steel, stainless steel, or aluminum.  Easy to Install: Can be tightened with a standard tool for secure sealing.","og_url":"https:\/\/jbsy-china.com\/es\/producto\/oil-drain-bolt-2\/","og_site_name":"Jingbang Industrial","article_modified_time":"2025-05-06T07:30:19+00:00","twitter_card":"summary_large_image","twitter_misc":{"Tiempo de lectura":"2 minutos"},"schema":{"@context":"https:\/\/schema.org","@graph":[{"@type":"WebPage","@id":"https:\/\/jbsy-china.com\/product\/oil-drain-bolt-2\/","url":"https:\/\/jbsy-china.com\/product\/oil-drain-bolt-2\/","name":"Oil drain bolt - Jingbang Industrial","isPartOf":{"@id":"https:\/\/jbsy-china.com\/#website"},"primaryImageOfPage":{"@id":"https:\/\/jbsy-china.com\/product\/oil-drain-bolt-2\/#primaryimage"},"image":{"@id":"https:\/\/jbsy-china.com\/product\/oil-drain-bolt-2\/#primaryimage"},"thumbnailUrl":"https:\/\/jbsy-china.com\/wp-content\/uploads\/2025\/05\/\u672a\u6807\u9898-1-\u6062\u590d\u7684.jpg","datePublished":"2025-05-06T07:29:49+00:00","dateModified":"2025-05-06T07:30:19+00:00","breadcrumb":{"@id":"https:\/\/jbsy-china.com\/product\/oil-drain-bolt-2\/#breadcrumb"},"inLanguage":"es","potentialAction":[{"@type":"ReadAction","target":["https:\/\/jbsy-china.com\/product\/oil-drain-bolt-2\/"]}]},{"@type":"ImageObject","inLanguage":"es","@id":"https:\/\/jbsy-china.com\/product\/oil-drain-bolt-2\/#primaryimage","url":"https:\/\/jbsy-china.com\/wp-content\/uploads\/2025\/05\/\u672a\u6807\u9898-1-\u6062\u590d\u7684.jpg","contentUrl":"https:\/\/jbsy-china.com\/wp-content\/uploads\/2025\/05\/\u672a\u6807\u9898-1-\u6062\u590d\u7684.jpg","width":800,"height":800},{"@type":"BreadcrumbList","@id":"https:\/\/jbsy-china.com\/product\/oil-drain-bolt-2\/#breadcrumb","itemListElement":[{"@type":"ListItem","position":1,"name":"Home","item":"https:\/\/jbsy-china.com\/"},{"@type":"ListItem","position":2,"name":"Products","item":"https:\/\/jbsy-china.com\/shop\/"},{"@type":"ListItem","position":3,"name":"Oil drain bolt"}]},{"@type":"WebSite","@id":"https:\/\/jbsy-china.com\/#website","url":"https:\/\/jbsy-china.com\/","name":"Jingbang Industrial","description":"Fabricante de hardware y electr\u00f3nica","publisher":{"@id":"https:\/\/jbsy-china.com\/#organization"},"potentialAction":[{"@type":"SearchAction","target":{"@type":"EntryPoint","urlTemplate":"https:\/\/jbsy-china.com\/?s={search_term_string}"},"query-input":{"@type":"PropertyValueSpecification","valueRequired":true,"valueName":"search_term_string"}}],"inLanguage":"es"},{"@type":"Organization","@id":"https:\/\/jbsy-china.com\/#organization","name":"Jingbang Industrial","url":"https:\/\/jbsy-china.com\/","logo":{"@type":"ImageObject","inLanguage":"es","@id":"https:\/\/jbsy-china.com\/#\/schema\/logo\/image\/","url":"https:\/\/jbsy-china.com\/wp-content\/uploads\/2023\/11\/cropped-\u56fe\u5c42-1.png","contentUrl":"https:\/\/jbsy-china.com\/wp-content\/uploads\/2023\/11\/cropped-\u56fe\u5c42-1.png","width":1049,"height":739,"caption":"Jingbang Industrial"},"image":{"@id":"https:\/\/jbsy-china.com\/#\/schema\/logo\/image\/"}}]}},"_links":{"self":[{"href":"https:\/\/jbsy-china.com\/es\/wp-json\/wp\/v2\/product\/32930","targetHints":{"allow":["GET"]}}],"collection":[{"href":"https:\/\/jbsy-china.com\/es\/wp-json\/wp\/v2\/product"}],"about":[{"href":"https:\/\/jbsy-china.com\/es\/wp-json\/wp\/v2\/types\/product"}],"replies":[{"embeddable":true,"href":"https:\/\/jbsy-china.com\/es\/wp-json\/wp\/v2\/comments?post=32930"}],"wp:featuredmedia":[{"embeddable":true,"href":"https:\/\/jbsy-china.com\/es\/wp-json\/wp\/v2\/media\/32981"}],"wp:attachment":[{"href":"https:\/\/jbsy-china.com\/es\/wp-json\/wp\/v2\/media?parent=32930"}],"wp:term":[{"taxonomy":"product_brand","embeddable":true,"href":"https:\/\/jbsy-china.com\/es\/wp-json\/wp\/v2\/product_brand?post=32930"},{"taxonomy":"product_cat","embeddable":true,"href":"https:\/\/jbsy-china.com\/es\/wp-json\/wp\/v2\/product_cat?post=32930"},{"taxonomy":"product_tag","embeddable":true,"href":"https:\/\/jbsy-china.com\/es\/wp-json\/wp\/v2\/product_tag?post=32930"}],"curies":[{"name":"wp","href":"https:\/\/api.w.org\/{rel}","templated":true}]}}