{"id":32932,"date":"2025-05-06T07:29:49","date_gmt":"2025-05-06T07:29:49","guid":{"rendered":"https:\/\/jbsy-china.com\/?post_type=product&#038;p=32932"},"modified":"2025-05-06T07:30:28","modified_gmt":"2025-05-06T07:30:28","slug":"safety-wire-bolt-2","status":"publish","type":"product","link":"https:\/\/jbsy-china.com\/es\/producto\/safety-wire-bolt-2\/","title":{"rendered":"Perno de seguridad"},"content":{"rendered":"<p><img fetchpriority=\"high\" decoding=\"async\" class=\"alignnone size-full wp-image-7963\" src=\"https:\/\/jb-bolt.com\/wp-content\/uploads\/2025\/02\/\u4e3b\u63a8-\u9632\u76d7\u87ba\u6bcd_01.jpg\" alt=\"\" width=\"790\" height=\"1330\" \/><img decoding=\"async\" class=\"alignnone size-full wp-image-7964\" src=\"https:\/\/jb-bolt.com\/wp-content\/uploads\/2025\/02\/\u4e3b\u63a8-\u9632\u76d7\u87ba\u6bcd_02.jpg\" alt=\"\" width=\"790\" height=\"930\" \/><img decoding=\"async\" class=\"alignnone size-full wp-image-7965\" src=\"https:\/\/jb-bolt.com\/wp-content\/uploads\/2025\/02\/\u4e3b\u63a8-\u9632\u76d7\u87ba\u6bcd_03.jpg\" alt=\"\" width=\"790\" height=\"1060\" \/><img loading=\"lazy\" decoding=\"async\" class=\"alignnone size-full wp-image-7966\" src=\"https:\/\/jb-bolt.com\/wp-content\/uploads\/2025\/02\/\u4e3b\u63a8-\u9632\u76d7\u87ba\u6bcd_04.jpg\" alt=\"\" width=\"790\" height=\"850\" \/><\/p>\n<p><strong>La fijaci\u00f3n y apertura de pernos y tuercas adopta un dise\u00f1o no est\u00e1ndar, y la coincidencia<\/strong><br \/>\n<strong>Para resolver los problemas de apertura y fijaci\u00f3n se utilizan herramientas no est\u00e1ndar. En general, se utilizan otras<\/strong><br \/>\n<strong>no se pueden insertar llaves. En el dise\u00f1o de apariencia de tuercas y tornillos, ranurado no est\u00e1ndar.<\/strong><br \/>\n<strong>apertura o herramientas de ranura pentagonal, heptagonal, de nueve esquinas o a medida correspondiente<\/strong><br \/>\n<strong>han desempe\u00f1ado un muy buen efecto antirrobo<\/strong><\/p>\n<p><img loading=\"lazy\" decoding=\"async\" class=\"alignnone size-full wp-image-7968\" src=\"https:\/\/jb-bolt.com\/wp-content\/uploads\/2025\/02\/\u4e3b\u63a8-\u9632\u76d7\u87ba\u6bcd_06.jpg\" alt=\"\" width=\"790\" height=\"690\" \/><\/p>\n<p><strong>El proceso de estampado en fr\u00edo es uno de los nuevos procesos de mecanizado a presi\u00f3n de menor o ning\u00fan corte<\/strong><br \/>\n<strong>Se trata de un m\u00e9todo de transformaci\u00f3n que utiliza la deformaci\u00f3n pl\u00e1stica del metal bajo la acci\u00f3n de los agentes atmosf\u00e9ricos.<\/strong><br \/>\n<strong>fuerzas externas y, con ayuda de moldes, redistribuye y transfiere el volumen de metal para formar<\/strong><br \/>\n<strong>las piezas o formatos necesarios. El proceso de estampaci\u00f3n en fr\u00edo es el m\u00e1s adecuado para producir piezas est\u00e1ndar.<\/strong><br \/>\n<strong>elementos de fijaci\u00f3n como pernos, tornillos, tuercas, remaches, pasadores, etc.<\/strong><\/p>\n<p><img loading=\"lazy\" decoding=\"async\" class=\"alignnone size-full wp-image-7970\" src=\"https:\/\/jb-bolt.com\/wp-content\/uploads\/2025\/02\/\u4e3b\u63a8-\u9632\u76d7\u87ba\u6bcd_08.jpg\" alt=\"\" width=\"790\" height=\"590\" \/><img loading=\"lazy\" decoding=\"async\" class=\"alignnone size-full wp-image-7971\" src=\"https:\/\/jb-bolt.com\/wp-content\/uploads\/2025\/02\/\u4e3b\u63a8-\u9632\u76d7\u87ba\u6bcd_09.jpg\" alt=\"\" width=\"790\" height=\"720\" \/><\/p>\n<p>A\u00a0<strong>cable de seguridad<a href=\"https:\/\/jbsy-china.com\/es\/screwsbolts\/\"> perno<\/a><\/strong> es una fijaci\u00f3n especializada dise\u00f1ada para evitar el aflojamiento o desprendimiento debido a vibraciones, ciclos t\u00e9rmicos u otras fuerzas din\u00e1micas. Suele utilizarse en industrias de alto riesgo, donde el fallo de una uni\u00f3n atornillada podr\u00eda tener consecuencias catastr\u00f3ficas.\u00a0<strong>cable de seguridad<a href=\"https:\/\/jbsy-china.com\/es\/screwsbolts\/\"> perno<\/a><\/strong><\/p>\n<h3><strong>Caracter\u00edsticas clave de un perno de alambre de seguridad:<\/strong><\/h3>\n<ol start=\"1\">\n<li><strong>Prop\u00f3sito<\/strong>:\n<ul>\n<li>Evita que los pernos, tuercas u otros elementos de fijaci\u00f3n se aflojen con las vibraciones o el movimiento.<\/li>\n<li>Garantiza la integridad de las conexiones cr\u00edticas en entornos de alta tensi\u00f3n.<\/li>\n<\/ul>\n<\/li>\n<li><strong>Dise\u00f1o<\/strong>:\n<ul>\n<li>El tornillo suele tener un orificio taladrado en la cabeza o el v\u00e1stago.<\/li>\n<li>Un alambre met\u00e1lico (a menudo de acero inoxidable) se enhebra a trav\u00e9s del orificio y se fija a los pernos adyacentes o a una estructura fija.<\/li>\n<\/ul>\n<\/li>\n<li><strong>Instalaci\u00f3n<\/strong>:\n<ul>\n<li>El alambre se retuerce con fuerza y se encamina siguiendo un patr\u00f3n espec\u00edfico para crear tensi\u00f3n, asegurando que el perno no pueda girar suelto.<\/li>\n<li>La instalaci\u00f3n correcta requiere habilidad y el cumplimiento de las t\u00e9cnicas de torsi\u00f3n de cables de seguridad.<\/li>\n<\/ul>\n<\/li>\n<li><strong>Materiales<\/strong>:\n<ul>\n<li>Los pernos suelen estar fabricados con materiales de alta resistencia, como acero inoxidable, titanio o acero aleado.<\/li>\n<li>El cable de seguridad suele ser de acero inoxidable para ofrecer resistencia a la corrosi\u00f3n y durabilidad.<\/li>\n<\/ul>\n<\/li>\n<\/ol>\n<hr \/>\n<h3><strong>Aplicaciones<\/strong>:<\/h3>\n<ul>\n<li><strong>Aeroespacial<\/strong>: Se utiliza en motores de aviones, trenes de aterrizaje y otros sistemas cr\u00edticos.<\/li>\n<li><strong>Automoci\u00f3n<\/strong>: Se encuentra en coches de carreras y veh\u00edculos de alto rendimiento.<\/li>\n<li><strong>Maquinaria industrial<\/strong>: Aplicado en maquinaria pesada sometida a vibraciones.<\/li>\n<li><strong>Militar y Defensa<\/strong>: Se utiliza en veh\u00edculos, armas y equipos.<\/li>\n<li><strong>Marina<\/strong>: Garantiza la fiabilidad en embarcaciones y buques expuestos a movimientos constantes.<\/li>\n<\/ul>\n<hr \/>\n<h3><strong>Ventajas<\/strong>:<\/h3>\n<ul>\n<li><strong>Fiabilidad<\/strong>: Proporciona un mecanismo a prueba de fallos para evitar el aflojamiento.<\/li>\n<li><strong>Durabilidad<\/strong>: Resiste la corrosi\u00f3n y el desgaste en entornos dif\u00edciles.<\/li>\n<\/ul>","protected":false},"excerpt":{"rendered":"<h5 data-start=\"167\" data-end=\"184\"><strong>Caracter\u00edsticas principales:<\/strong><\/h5>\n<ul data-start=\"185\" data-end=\"329\">\n<li data-start=\"185\" data-end=\"232\"><strong data-start=\"187\" data-end=\"211\">Resistencia a las vibraciones<\/strong>: Evita el aflojamiento.<\/li>\n<li data-start=\"233\" data-end=\"273\"><strong data-start=\"235\" data-end=\"251\">A prueba de manipulaciones<\/strong>: Seguro y fiable.<\/li>\n<li data-start=\"274\" data-end=\"329\"><strong data-start=\"276\" data-end=\"299\">Resistente a la corrosi\u00f3n<\/strong>: Fabricado con materiales duraderos.<\/li>\n<\/ul>","protected":false},"featured_media":32993,"comment_status":"open","ping_status":"closed","template":"","meta":{"site-sidebar-layout":"default","site-content-layout":"","ast-site-content-layout":"default","site-content-style":"default","site-sidebar-style":"default","ast-global-header-display":"","ast-banner-title-visibility":"","ast-main-header-display":"","ast-hfb-above-header-display":"","ast-hfb-below-header-display":"","ast-hfb-mobile-header-display":"","site-post-title":"","ast-breadcrumbs-content":"","ast-featured-img":"","footer-sml-layout":"","ast-disable-related-posts":"","theme-transparent-header-meta":"","adv-header-id-meta":"","stick-header-meta":"","header-above-stick-meta":"","header-main-stick-meta":"","header-below-stick-meta":"","astra-migrate-meta-layouts":"default","ast-page-background-enabled":"default","ast-page-background-meta":{"desktop":{"background-color":"var(--ast-global-color-4)","background-image":"","background-repeat":"repeat","background-position":"center center","background-size":"auto","background-attachment":"scroll","background-type":"","background-media":"","overlay-type":"","overlay-color":"","overlay-opacity":"","overlay-gradient":""},"tablet":{"background-color":"","background-image":"","background-repeat":"repeat","background-position":"center center","background-size":"auto","background-attachment":"scroll","background-type":"","background-media":"","overlay-type":"","overlay-color":"","overlay-opacity":"","overlay-gradient":""},"mobile":{"background-color":"","background-image":"","background-repeat":"repeat","background-position":"center center","background-size":"auto","background-attachment":"scroll","background-type":"","background-media":"","overlay-type":"","overlay-color":"","overlay-opacity":"","overlay-gradient":""}},"ast-content-background-meta":{"desktop":{"background-color":"var(--ast-global-color-5)","background-image":"","background-repeat":"repeat","background-position":"center center","background-size":"auto","background-attachment":"scroll","background-type":"","background-media":"","overlay-type":"","overlay-color":"","overlay-opacity":"","overlay-gradient":""},"tablet":{"background-color":"var(--ast-global-color-5)","background-image":"","background-repeat":"repeat","background-position":"center center","background-size":"auto","background-attachment":"scroll","background-type":"","background-media":"","overlay-type":"","overlay-color":"","overlay-opacity":"","overlay-gradient":""},"mobile":{"background-color":"var(--ast-global-color-5)","background-image":"","background-repeat":"repeat","background-position":"center center","background-size":"auto","background-attachment":"scroll","background-type":"","background-media":"","overlay-type":"","overlay-color":"","overlay-opacity":"","overlay-gradient":""}},"_themeisle_gutenberg_block_has_review":false,"_ti_tpc_template_sync":false,"_ti_tpc_template_id":""},"product_brand":[],"product_cat":[1268],"product_tag":[1254,1255,1253],"class_list":{"0":"post-32932","1":"product","2":"type-product","3":"status-publish","4":"has-post-thumbnail","6":"product_cat-safety-bolt","7":"product_tag-locking-wire-bolt","8":"product_tag-wire-fastened-bolt","9":"product_tag-wire-locked-bolt","10":"desktop-align-left","11":"tablet-align-left","12":"mobile-align-left","13":"ast-product-gallery-layout-horizontal-slider","14":"ast-product-tabs-layout-horizontal","15":"ast-qv-on-image","17":"first","18":"instock","19":"shipping-taxable","20":"product-type-simple"},"yoast_head":"<!-- This site is optimized with the Yoast SEO Premium plugin v21.7 (Yoast SEO v25.7) - https:\/\/yoast.com\/wordpress\/plugins\/seo\/ -->\n<title>Safety wire bolt - Jingbang Industrial<\/title>\n<meta name=\"robots\" content=\"index, follow, max-snippet:-1, max-image-preview:large, max-video-preview:-1\" \/>\n<link rel=\"canonical\" href=\"https:\/\/jbsy-china.com\/es\/producto\/safety-wire-bolt-2\/\" \/>\n<meta property=\"og:locale\" content=\"es_ES\" \/>\n<meta property=\"og:type\" content=\"article\" \/>\n<meta property=\"og:title\" content=\"Safety wire bolt\" \/>\n<meta property=\"og:description\" content=\"Key Features:   Vibration Resistance: Prevents loosening.  Tamper-Proof: Secure and reliable.  Corrosion-Resistant: Made from durable materials.\" \/>\n<meta property=\"og:url\" content=\"https:\/\/jbsy-china.com\/es\/producto\/safety-wire-bolt-2\/\" \/>\n<meta property=\"og:site_name\" content=\"Jingbang Industrial\" \/>\n<meta property=\"article:modified_time\" content=\"2025-05-06T07:30:28+00:00\" \/>\n<meta name=\"twitter:card\" content=\"summary_large_image\" \/>\n<meta name=\"twitter:label1\" content=\"Tiempo de lectura\" \/>\n\t<meta name=\"twitter:data1\" content=\"2 minutos\" \/>\n<script type=\"application\/ld+json\" class=\"yoast-schema-graph\">{\"@context\":\"https:\/\/schema.org\",\"@graph\":[{\"@type\":\"WebPage\",\"@id\":\"https:\/\/jbsy-china.com\/product\/safety-wire-bolt-2\/\",\"url\":\"https:\/\/jbsy-china.com\/product\/safety-wire-bolt-2\/\",\"name\":\"Safety wire bolt - Jingbang Industrial\",\"isPartOf\":{\"@id\":\"https:\/\/jbsy-china.com\/#website\"},\"primaryImageOfPage\":{\"@id\":\"https:\/\/jbsy-china.com\/product\/safety-wire-bolt-2\/#primaryimage\"},\"image\":{\"@id\":\"https:\/\/jbsy-china.com\/product\/safety-wire-bolt-2\/#primaryimage\"},\"thumbnailUrl\":\"https:\/\/jbsy-china.com\/wp-content\/uploads\/2025\/05\/fa37fb14729a3fdef1a57603535b072.png\",\"datePublished\":\"2025-05-06T07:29:49+00:00\",\"dateModified\":\"2025-05-06T07:30:28+00:00\",\"breadcrumb\":{\"@id\":\"https:\/\/jbsy-china.com\/product\/safety-wire-bolt-2\/#breadcrumb\"},\"inLanguage\":\"es\",\"potentialAction\":[{\"@type\":\"ReadAction\",\"target\":[\"https:\/\/jbsy-china.com\/product\/safety-wire-bolt-2\/\"]}]},{\"@type\":\"ImageObject\",\"inLanguage\":\"es\",\"@id\":\"https:\/\/jbsy-china.com\/product\/safety-wire-bolt-2\/#primaryimage\",\"url\":\"https:\/\/jbsy-china.com\/wp-content\/uploads\/2025\/05\/fa37fb14729a3fdef1a57603535b072.png\",\"contentUrl\":\"https:\/\/jbsy-china.com\/wp-content\/uploads\/2025\/05\/fa37fb14729a3fdef1a57603535b072.png\",\"width\":800,\"height\":800},{\"@type\":\"BreadcrumbList\",\"@id\":\"https:\/\/jbsy-china.com\/product\/safety-wire-bolt-2\/#breadcrumb\",\"itemListElement\":[{\"@type\":\"ListItem\",\"position\":1,\"name\":\"Home\",\"item\":\"https:\/\/jbsy-china.com\/\"},{\"@type\":\"ListItem\",\"position\":2,\"name\":\"Products\",\"item\":\"https:\/\/jbsy-china.com\/shop\/\"},{\"@type\":\"ListItem\",\"position\":3,\"name\":\"Safety wire bolt\"}]},{\"@type\":\"WebSite\",\"@id\":\"https:\/\/jbsy-china.com\/#website\",\"url\":\"https:\/\/jbsy-china.com\/\",\"name\":\"Jingbang Industrial\",\"description\":\"Hardware and electronics manufacturer\",\"publisher\":{\"@id\":\"https:\/\/jbsy-china.com\/#organization\"},\"potentialAction\":[{\"@type\":\"SearchAction\",\"target\":{\"@type\":\"EntryPoint\",\"urlTemplate\":\"https:\/\/jbsy-china.com\/?s={search_term_string}\"},\"query-input\":{\"@type\":\"PropertyValueSpecification\",\"valueRequired\":true,\"valueName\":\"search_term_string\"}}],\"inLanguage\":\"es\"},{\"@type\":\"Organization\",\"@id\":\"https:\/\/jbsy-china.com\/#organization\",\"name\":\"Jingbang Industrial\",\"url\":\"https:\/\/jbsy-china.com\/\",\"logo\":{\"@type\":\"ImageObject\",\"inLanguage\":\"es\",\"@id\":\"https:\/\/jbsy-china.com\/#\/schema\/logo\/image\/\",\"url\":\"https:\/\/jbsy-china.com\/wp-content\/uploads\/2023\/11\/cropped-\u56fe\u5c42-1.png\",\"contentUrl\":\"https:\/\/jbsy-china.com\/wp-content\/uploads\/2023\/11\/cropped-\u56fe\u5c42-1.png\",\"width\":1049,\"height\":739,\"caption\":\"Jingbang Industrial\"},\"image\":{\"@id\":\"https:\/\/jbsy-china.com\/#\/schema\/logo\/image\/\"}}]}<\/script>\n<!-- \/ Yoast SEO Premium plugin. -->","yoast_head_json":{"title":"Safety wire bolt - Jingbang Industrial","robots":{"index":"index","follow":"follow","max-snippet":"max-snippet:-1","max-image-preview":"max-image-preview:large","max-video-preview":"max-video-preview:-1"},"canonical":"https:\/\/jbsy-china.com\/es\/producto\/safety-wire-bolt-2\/","og_locale":"es_ES","og_type":"article","og_title":"Safety wire bolt","og_description":"Key Features:   Vibration Resistance: Prevents loosening.  Tamper-Proof: Secure and reliable.  Corrosion-Resistant: Made from durable materials.","og_url":"https:\/\/jbsy-china.com\/es\/producto\/safety-wire-bolt-2\/","og_site_name":"Jingbang Industrial","article_modified_time":"2025-05-06T07:30:28+00:00","twitter_card":"summary_large_image","twitter_misc":{"Tiempo de lectura":"2 minutos"},"schema":{"@context":"https:\/\/schema.org","@graph":[{"@type":"WebPage","@id":"https:\/\/jbsy-china.com\/product\/safety-wire-bolt-2\/","url":"https:\/\/jbsy-china.com\/product\/safety-wire-bolt-2\/","name":"Safety wire bolt - Jingbang Industrial","isPartOf":{"@id":"https:\/\/jbsy-china.com\/#website"},"primaryImageOfPage":{"@id":"https:\/\/jbsy-china.com\/product\/safety-wire-bolt-2\/#primaryimage"},"image":{"@id":"https:\/\/jbsy-china.com\/product\/safety-wire-bolt-2\/#primaryimage"},"thumbnailUrl":"https:\/\/jbsy-china.com\/wp-content\/uploads\/2025\/05\/fa37fb14729a3fdef1a57603535b072.png","datePublished":"2025-05-06T07:29:49+00:00","dateModified":"2025-05-06T07:30:28+00:00","breadcrumb":{"@id":"https:\/\/jbsy-china.com\/product\/safety-wire-bolt-2\/#breadcrumb"},"inLanguage":"es","potentialAction":[{"@type":"ReadAction","target":["https:\/\/jbsy-china.com\/product\/safety-wire-bolt-2\/"]}]},{"@type":"ImageObject","inLanguage":"es","@id":"https:\/\/jbsy-china.com\/product\/safety-wire-bolt-2\/#primaryimage","url":"https:\/\/jbsy-china.com\/wp-content\/uploads\/2025\/05\/fa37fb14729a3fdef1a57603535b072.png","contentUrl":"https:\/\/jbsy-china.com\/wp-content\/uploads\/2025\/05\/fa37fb14729a3fdef1a57603535b072.png","width":800,"height":800},{"@type":"BreadcrumbList","@id":"https:\/\/jbsy-china.com\/product\/safety-wire-bolt-2\/#breadcrumb","itemListElement":[{"@type":"ListItem","position":1,"name":"Home","item":"https:\/\/jbsy-china.com\/"},{"@type":"ListItem","position":2,"name":"Products","item":"https:\/\/jbsy-china.com\/shop\/"},{"@type":"ListItem","position":3,"name":"Safety wire bolt"}]},{"@type":"WebSite","@id":"https:\/\/jbsy-china.com\/#website","url":"https:\/\/jbsy-china.com\/","name":"Jingbang Industrial","description":"Fabricante de hardware y electr\u00f3nica","publisher":{"@id":"https:\/\/jbsy-china.com\/#organization"},"potentialAction":[{"@type":"SearchAction","target":{"@type":"EntryPoint","urlTemplate":"https:\/\/jbsy-china.com\/?s={search_term_string}"},"query-input":{"@type":"PropertyValueSpecification","valueRequired":true,"valueName":"search_term_string"}}],"inLanguage":"es"},{"@type":"Organization","@id":"https:\/\/jbsy-china.com\/#organization","name":"Jingbang Industrial","url":"https:\/\/jbsy-china.com\/","logo":{"@type":"ImageObject","inLanguage":"es","@id":"https:\/\/jbsy-china.com\/#\/schema\/logo\/image\/","url":"https:\/\/jbsy-china.com\/wp-content\/uploads\/2023\/11\/cropped-\u56fe\u5c42-1.png","contentUrl":"https:\/\/jbsy-china.com\/wp-content\/uploads\/2023\/11\/cropped-\u56fe\u5c42-1.png","width":1049,"height":739,"caption":"Jingbang Industrial"},"image":{"@id":"https:\/\/jbsy-china.com\/#\/schema\/logo\/image\/"}}]}},"_links":{"self":[{"href":"https:\/\/jbsy-china.com\/es\/wp-json\/wp\/v2\/product\/32932","targetHints":{"allow":["GET"]}}],"collection":[{"href":"https:\/\/jbsy-china.com\/es\/wp-json\/wp\/v2\/product"}],"about":[{"href":"https:\/\/jbsy-china.com\/es\/wp-json\/wp\/v2\/types\/product"}],"replies":[{"embeddable":true,"href":"https:\/\/jbsy-china.com\/es\/wp-json\/wp\/v2\/comments?post=32932"}],"wp:featuredmedia":[{"embeddable":true,"href":"https:\/\/jbsy-china.com\/es\/wp-json\/wp\/v2\/media\/32993"}],"wp:attachment":[{"href":"https:\/\/jbsy-china.com\/es\/wp-json\/wp\/v2\/media?parent=32932"}],"wp:term":[{"taxonomy":"product_brand","embeddable":true,"href":"https:\/\/jbsy-china.com\/es\/wp-json\/wp\/v2\/product_brand?post=32932"},{"taxonomy":"product_cat","embeddable":true,"href":"https:\/\/jbsy-china.com\/es\/wp-json\/wp\/v2\/product_cat?post=32932"},{"taxonomy":"product_tag","embeddable":true,"href":"https:\/\/jbsy-china.com\/es\/wp-json\/wp\/v2\/product_tag?post=32932"}],"curies":[{"name":"wp","href":"https:\/\/api.w.org\/{rel}","templated":true}]}}