{"id":32934,"date":"2025-05-06T07:29:49","date_gmt":"2025-05-06T07:29:49","guid":{"rendered":"https:\/\/jbsy-china.com\/?post_type=product&#038;p=32934"},"modified":"2025-05-06T07:30:42","modified_gmt":"2025-05-06T07:30:42","slug":"nuts-and-bolts-manufacturers-2","status":"publish","type":"product","link":"https:\/\/jbsy-china.com\/es\/producto\/nuts-and-bolts-manufacturers-2\/","title":{"rendered":"Fabricantes de tuercas y tornillos"},"content":{"rendered":"<p><img fetchpriority=\"high\" decoding=\"async\" class=\"alignnone size-full wp-image-7978\" src=\"https:\/\/jb-bolt.com\/wp-content\/uploads\/2025\/02\/\u51b7\u9566\u8be6\u60c5\u9875_01.jpg\" alt=\"\" width=\"790\" height=\"329\" \/><img decoding=\"async\" class=\"alignnone size-full wp-image-7979\" src=\"https:\/\/jb-bolt.com\/wp-content\/uploads\/2025\/02\/\u51b7\u9566\u8be6\u60c5\u9875_02.jpg\" alt=\"\" width=\"790\" height=\"981\" \/><img decoding=\"async\" class=\"alignnone size-full wp-image-7980\" src=\"https:\/\/jb-bolt.com\/wp-content\/uploads\/2025\/02\/\u51b7\u9566\u8be6\u60c5\u9875_03.jpg\" alt=\"\" width=\"790\" height=\"740\" \/><img loading=\"lazy\" decoding=\"async\" class=\"alignnone size-full wp-image-7981\" src=\"https:\/\/jb-bolt.com\/wp-content\/uploads\/2025\/02\/\u51b7\u9566\u8be6\u60c5\u9875_04.jpg\" alt=\"\" width=\"790\" height=\"739\" \/><img loading=\"lazy\" decoding=\"async\" class=\"alignnone size-full wp-image-7983\" src=\"https:\/\/jb-bolt.com\/wp-content\/uploads\/2025\/02\/\u51b7\u9566\u8be6\u60c5\u9875_05_01.jpg\" alt=\"\" width=\"790\" height=\"677\" \/><\/p>\n<p><strong>El proceso de estampado en fr\u00edo es uno de los nuevos procesos de mecanizado a presi\u00f3n de menor o ning\u00fan corte<\/strong><br \/>\n<strong>Se trata de un m\u00e9todo de transformaci\u00f3n que utiliza la deformaci\u00f3n pl\u00e1stica del metal bajo la acci\u00f3n de los agentes atmosf\u00e9ricos.<\/strong><br \/>\n<strong>fuerzas externas y, con ayuda de moldes, redistribuye y transfiere el volumen de metal para formar<\/strong><br \/>\n<strong>las piezas o formatos necesarios. El proceso de estampaci\u00f3n en fr\u00edo es el m\u00e1s adecuado para producir piezas est\u00e1ndar.<\/strong><br \/>\n<strong>elementos de fijaci\u00f3n como pernos, tornillos, tuercas, remaches, pasadores, etc.<\/strong><\/p>\n<p><img loading=\"lazy\" decoding=\"async\" class=\"alignnone size-full wp-image-7985\" src=\"https:\/\/jb-bolt.com\/wp-content\/uploads\/2025\/02\/\u51b7\u9566\u8be6\u60c5\u9875_05_03.jpg\" alt=\"\" width=\"790\" height=\"603\" \/><img loading=\"lazy\" decoding=\"async\" class=\"alignnone size-full wp-image-7986\" src=\"https:\/\/jb-bolt.com\/wp-content\/uploads\/2025\/02\/\u51b7\u9566\u8be6\u60c5\u9875_06.jpg\" alt=\"\" width=\"790\" height=\"742\" \/><\/p>\n<p><strong><a href=\"https:\/\/jb-bolt.com\/\">Tuercas y tornillos<\/a> fabricantes<\/strong>\u00a0son empresas especializadas en la producci\u00f3n de elementos de fijaci\u00f3n, que son componentes esenciales utilizados para unir o asegurar materiales en diversas industrias. Estos fabricantes producen una amplia gama de tuercas, pernos, tornillos, arandelas y otros productos de fijaci\u00f3n relacionados, destinados a sectores como la construcci\u00f3n, la automoci\u00f3n, la industria aeroespacial, la maquinaria y los bienes de consumo.<\/p>\n<h3 data-start=\"373\" data-end=\"398\">1. <strong data-start=\"380\" data-end=\"397\">Gama de productos<\/strong>:<\/h3>\n<ul data-start=\"402\" data-end=\"1003\">\n<li data-start=\"402\" data-end=\"587\"><strong data-start=\"404\" data-end=\"413\">Pernos<\/strong>: Suelen ser elementos de fijaci\u00f3n met\u00e1licos con un eje roscado y una cabeza en un extremo. Los tipos m\u00e1s comunes son los pernos hexagonales, los pernos de carro, los pernos de m\u00e1quina, los tirafondos y los pernos de anclaje.<\/li>\n<li data-start=\"591\" data-end=\"728\"><strong data-start=\"593\" data-end=\"601\">Nueces<\/strong>: Las tuercas son elementos de fijaci\u00f3n con rosca interior que se acoplan a los tornillos. Los tipos m\u00e1s comunes son las tuercas hexagonales, las contratuercas, las tuercas de mariposa y las tuercas de sombrerete.<\/li>\n<li data-start=\"732\" data-end=\"873\"><strong data-start=\"734\" data-end=\"745\">Lavadoras<\/strong>: Se utilizan con tuercas y tornillos para distribuir la carga y reducir el desgaste. Los tipos incluyen arandelas planas, arandelas el\u00e1sticas y arandelas de seguridad.<\/li>\n<li data-start=\"877\" data-end=\"999\"><strong data-start=\"879\" data-end=\"889\">Tornillos<\/strong>: Aunque ligeramente diferentes de los pernos, los tornillos son otro elemento de fijaci\u00f3n roscado que los fabricantes pueden producir.<\/li>\n<\/ul>\n<h3 data-start=\"1004\" data-end=\"1030\">2. <strong data-start=\"1011\" data-end=\"1029\">Tipos de material<\/strong>:<\/h3>\n<ul data-start=\"1034\" data-end=\"1692\">\n<li data-start=\"1034\" data-end=\"1141\"><strong data-start=\"1036\" data-end=\"1045\">Acero<\/strong>: El material m\u00e1s com\u00fan, a menudo utilizado en automoci\u00f3n, construcci\u00f3n y aplicaciones industriales.<\/li>\n<li data-start=\"1145\" data-end=\"1268\"><strong data-start=\"1147\" data-end=\"1166\">Acero inoxidable<\/strong>: Conocido por su resistencia a la corrosi\u00f3n, se utiliza en la industria marina, alimentaria y m\u00e9dica.<\/li>\n<li data-start=\"1272\" data-end=\"1392\"><strong data-start=\"1274\" data-end=\"1283\">Lat\u00f3n<\/strong>: Proporciona una excelente resistencia a la corrosi\u00f3n y conductividad el\u00e9ctrica, a menudo utilizado en aplicaciones el\u00e9ctricas.<\/li>\n<li data-start=\"1396\" data-end=\"1486\"><strong data-start=\"1398\" data-end=\"1410\">Aluminio<\/strong>: Ligero y resistente a la corrosi\u00f3n, se utiliza en industrias como la aeroespacial.<\/li>\n<li data-start=\"1490\" data-end=\"1692\"><strong data-start=\"1492\" data-end=\"1510\">Aleaciones especiales<\/strong>: Los fabricantes suelen ofrecer tuercas y tornillos fabricados con materiales como titanio, cobre o aleaciones especiales para satisfacer requisitos espec\u00edficos de resistencia a la fuerza, la temperatura o los productos qu\u00edmicos.<\/li>\n<\/ul>\n<h3 data-start=\"1694\" data-end=\"1719\">3. <strong data-start=\"1701\" data-end=\"1718\">Personalizaci\u00f3n<\/strong>:<\/h3>\n<p data-start=\"1723\" data-end=\"1945\">Muchos fabricantes ofrecen tornillos y tuercas a medida adaptados a tama\u00f1os, dise\u00f1os y especificaciones concretos. Esto puede incluir patrones de rosca \u00fanicos, revestimiento o caracter\u00edsticas adicionales como formas, tama\u00f1os o acabados no est\u00e1ndar.<\/p>\n<h3 data-start=\"1947\" data-end=\"1982\">4. <strong data-start=\"1954\" data-end=\"1981\">Procesos de fabricaci\u00f3n<\/strong>:<\/h3>\n<ul data-start=\"1986\" data-end=\"2425\">\n<li data-start=\"1986\" data-end=\"2099\"><strong data-start=\"1988\" data-end=\"2004\">Rumbo fr\u00edo<\/strong>: Consiste en formar la cabeza del tornillo a partir de un trozo de alambre sin calentar el material.<\/li>\n<li data-start=\"2103\" data-end=\"2166\"><strong data-start=\"2105\" data-end=\"2116\">Forja<\/strong>: Se calienta el metal y se le da forma de tornillo o tuerca.<\/li>\n<li data-start=\"2170\" data-end=\"2295\"><strong data-start=\"2172\" data-end=\"2190\">Hilo rodante<\/strong>: En lugar de cortar roscas, el laminado de roscas forma roscas mediante presi\u00f3n, creando elementos de fijaci\u00f3n m\u00e1s resistentes.<\/li>\n<li data-start=\"2299\" data-end=\"2425\"><strong data-start=\"2301\" data-end=\"2322\">Moldeo por inyecci\u00f3n<\/strong>: Para las tuercas y tornillos de pl\u00e1stico, los fabricantes utilizan el moldeo por inyecci\u00f3n para darles la forma requerida.<\/li>\n<\/ul>\n<h3 data-start=\"2427\" data-end=\"2460\">5. <strong data-start=\"2434\" data-end=\"2459\">Calidad y normas<\/strong>:<\/h3>\n<p data-start=\"2464\" data-end=\"2593\">Los fabricantes deben cumplir varias normas industriales para garantizar que sus productos cumplen las especificaciones exigidas. Esto incluye:<\/p>\n<ul data-start=\"2597\" data-end=\"2896\">\n<li data-start=\"2597\" data-end=\"2656\"><strong data-start=\"2599\" data-end=\"2616\">Normas ISO<\/strong> (por ejemplo, ISO 9001 para la gesti\u00f3n de la calidad)<\/li>\n<li data-start=\"2660\" data-end=\"2720\"><strong data-start=\"2662\" data-end=\"2710\">ANSI (Instituto Nacional Estadounidense de Normalizaci\u00f3n)<\/strong> normas<\/li>\n<li data-start=\"2724\" data-end=\"2813\"><strong data-start=\"2726\" data-end=\"2779\">ASTM (Sociedad Americana de Pruebas y Materiales)<\/strong> normas relativas a las propiedades de los materiales<\/li>\n<li data-start=\"2817\" data-end=\"2892\"><strong data-start=\"2819\" data-end=\"2859\">DIN (Instituto Alem\u00e1n de Normalizaci\u00f3n)<\/strong> normas (especialmente en Europa)<\/li>\n<\/ul>\n<h3 data-start=\"2897\" data-end=\"2931\">6. <strong data-start=\"2904\" data-end=\"2930\">Acabados y revestimientos<\/strong>:<\/h3>\n<ul data-start=\"2935\" data-end=\"3265\">\n<li data-start=\"2935\" data-end=\"2983\"><strong data-start=\"2937\" data-end=\"2953\">Cincado<\/strong>: Ofrece resistencia a la corrosi\u00f3n.<\/li>\n<li data-start=\"2987\" data-end=\"3067\"><strong data-start=\"2989\" data-end=\"3004\">Galvanizaci\u00f3n<\/strong>: Revestimiento de zinc aplicado por inmersi\u00f3n en caliente para proteger contra la oxidaci\u00f3n.<\/li>\n<li data-start=\"3071\" data-end=\"3149\"><strong data-start=\"3073\" data-end=\"3086\">Anodizado<\/strong>: Se utiliza en fijaciones de aluminio para aumentar la resistencia a la corrosi\u00f3n.<\/li>\n<li data-start=\"3153\" data-end=\"3265\"><strong data-start=\"3155\" data-end=\"3176\">Revestimiento de fosfato<\/strong>: A\u00f1ade una capa para una mejor lubricaci\u00f3n durante el montaje y aumenta la resistencia a la corrosi\u00f3n.<\/li>\n<\/ul>\n<h3 data-start=\"3267\" data-end=\"3291\">7. <strong data-start=\"3274\" data-end=\"3290\">Cadena de suministro<\/strong>:<\/h3>\n<ul data-start=\"3295\" data-end=\"3666\">\n<li data-start=\"3295\" data-end=\"3403\"><strong data-start=\"3297\" data-end=\"3312\">Pedidos al por mayor<\/strong>: Muchos fabricantes suministran elementos de fijaci\u00f3n a granel para proyectos a gran escala o series de producci\u00f3n.<\/li>\n<li data-start=\"3407\" data-end=\"3520\"><strong data-start=\"3409\" data-end=\"3426\">Pedidos a medida<\/strong>: Tambi\u00e9n pueden atender pedidos m\u00e1s peque\u00f1os o personalizados en funci\u00f3n de los requisitos de cada proyecto.<\/li>\n<li data-start=\"3524\" data-end=\"3666\"><strong data-start=\"3526\" data-end=\"3549\">Distribuci\u00f3n mundial<\/strong>: Los grandes fabricantes suelen realizar env\u00edos a todo el mundo, con centros de distribuci\u00f3n y asociaciones minoristas en varias regiones.<\/li>\n<\/ul>\n<p>&nbsp;<\/p>","protected":false},"excerpt":{"rendered":"<h5 data-start=\"308\" data-end=\"342\"><strong>Tornillos y tuercas est\u00e1ndar<\/strong><\/h5>\n<p data-start=\"343\" data-end=\"443\"><strong data-start=\"343\" data-end=\"358\">Descripci\u00f3n<\/strong>: Elementos de fijaci\u00f3n b\u00e1sicos para aplicaciones generales, disponibles en varios tama\u00f1os y materiales.<\/p>\n<ul data-start=\"444\" data-end=\"695\">\n<li data-start=\"444\" data-end=\"501\"><strong data-start=\"446\" data-end=\"459\">Materiales<\/strong>: Acero, acero inoxidable, lat\u00f3n, aluminio.<\/li>\n<li data-start=\"502\" data-end=\"580\"><strong data-start=\"504\" data-end=\"516\">Revestimientos<\/strong>: Zincado, galvanizado, \u00f3xido negro para resistencia a la corrosi\u00f3n.<\/li>\n<li data-start=\"581\" data-end=\"638\"><strong data-start=\"583\" data-end=\"599\">Tipos de hilo<\/strong>: Roscas m\u00e9tricas, UNC, UNF y personalizadas.<\/li>\n<li data-start=\"639\" data-end=\"695\"><strong data-start=\"641\" data-end=\"657\">Aplicaciones<\/strong>: Construcci\u00f3n, maquinaria, automoci\u00f3n.<\/li>\n<\/ul>","protected":false},"featured_media":33012,"comment_status":"open","ping_status":"closed","template":"","meta":{"site-sidebar-layout":"default","site-content-layout":"","ast-site-content-layout":"default","site-content-style":"default","site-sidebar-style":"default","ast-global-header-display":"","ast-banner-title-visibility":"","ast-main-header-display":"","ast-hfb-above-header-display":"","ast-hfb-below-header-display":"","ast-hfb-mobile-header-display":"","site-post-title":"","ast-breadcrumbs-content":"","ast-featured-img":"","footer-sml-layout":"","ast-disable-related-posts":"","theme-transparent-header-meta":"","adv-header-id-meta":"","stick-header-meta":"","header-above-stick-meta":"","header-main-stick-meta":"","header-below-stick-meta":"","astra-migrate-meta-layouts":"default","ast-page-background-enabled":"default","ast-page-background-meta":{"desktop":{"background-color":"var(--ast-global-color-4)","background-image":"","background-repeat":"repeat","background-position":"center center","background-size":"auto","background-attachment":"scroll","background-type":"","background-media":"","overlay-type":"","overlay-color":"","overlay-opacity":"","overlay-gradient":""},"tablet":{"background-color":"","background-image":"","background-repeat":"repeat","background-position":"center center","background-size":"auto","background-attachment":"scroll","background-type":"","background-media":"","overlay-type":"","overlay-color":"","overlay-opacity":"","overlay-gradient":""},"mobile":{"background-color":"","background-image":"","background-repeat":"repeat","background-position":"center center","background-size":"auto","background-attachment":"scroll","background-type":"","background-media":"","overlay-type":"","overlay-color":"","overlay-opacity":"","overlay-gradient":""}},"ast-content-background-meta":{"desktop":{"background-color":"var(--ast-global-color-5)","background-image":"","background-repeat":"repeat","background-position":"center center","background-size":"auto","background-attachment":"scroll","background-type":"","background-media":"","overlay-type":"","overlay-color":"","overlay-opacity":"","overlay-gradient":""},"tablet":{"background-color":"var(--ast-global-color-5)","background-image":"","background-repeat":"repeat","background-position":"center center","background-size":"auto","background-attachment":"scroll","background-type":"","background-media":"","overlay-type":"","overlay-color":"","overlay-opacity":"","overlay-gradient":""},"mobile":{"background-color":"var(--ast-global-color-5)","background-image":"","background-repeat":"repeat","background-position":"center center","background-size":"auto","background-attachment":"scroll","background-type":"","background-media":"","overlay-type":"","overlay-color":"","overlay-opacity":"","overlay-gradient":""}},"_themeisle_gutenberg_block_has_review":false,"_ti_tpc_template_sync":false,"_ti_tpc_template_id":""},"product_brand":[],"product_cat":[1263],"product_tag":[1249,1248,1250],"class_list":{"0":"post-32934","1":"product","2":"type-product","3":"status-publish","4":"has-post-thumbnail","6":"product_cat-more-fastener","7":"product_tag-bolt-and-nut-producer","8":"product_tag-fastener-manufacturer","9":"product_tag-hardware-manufacturer","10":"desktop-align-left","11":"tablet-align-left","12":"mobile-align-left","13":"ast-product-gallery-layout-horizontal-slider","14":"ast-product-tabs-layout-horizontal","15":"ast-qv-on-image","17":"first","18":"instock","19":"shipping-taxable","20":"product-type-simple"},"yoast_head":"<!-- This site is optimized with the Yoast SEO Premium plugin v21.7 (Yoast SEO v25.7) - https:\/\/yoast.com\/wordpress\/plugins\/seo\/ -->\n<title>Nuts and Bolts Manufacturers - Jingbang Industrial<\/title>\n<meta name=\"robots\" content=\"index, follow, max-snippet:-1, max-image-preview:large, max-video-preview:-1\" \/>\n<link rel=\"canonical\" href=\"https:\/\/jbsy-china.com\/es\/producto\/nuts-and-bolts-manufacturers-2\/\" \/>\n<meta property=\"og:locale\" content=\"es_ES\" \/>\n<meta property=\"og:type\" content=\"article\" \/>\n<meta property=\"og:title\" content=\"Nuts and Bolts Manufacturers\" \/>\n<meta property=\"og:description\" content=\"Standard Nuts and Bolts Description: Basic fasteners for general applications, available in various sizes and materials.    Materials: Steel, stainless steel, brass, aluminum.  Coatings: Zinc-plated, galvanized, black oxide for corrosion resistance.  Thread Types: Metric, UNC, UNF, and custom threads.  Applications: Construction, machinery, automotive.\" \/>\n<meta property=\"og:url\" content=\"https:\/\/jbsy-china.com\/es\/producto\/nuts-and-bolts-manufacturers-2\/\" \/>\n<meta property=\"og:site_name\" content=\"Jingbang Industrial\" \/>\n<meta property=\"article:modified_time\" content=\"2025-05-06T07:30:42+00:00\" \/>\n<meta name=\"twitter:card\" content=\"summary_large_image\" \/>\n<meta name=\"twitter:label1\" content=\"Tiempo de lectura\" \/>\n\t<meta name=\"twitter:data1\" content=\"3 minutos\" \/>\n<script type=\"application\/ld+json\" class=\"yoast-schema-graph\">{\"@context\":\"https:\/\/schema.org\",\"@graph\":[{\"@type\":\"WebPage\",\"@id\":\"https:\/\/jbsy-china.com\/product\/nuts-and-bolts-manufacturers-2\/\",\"url\":\"https:\/\/jbsy-china.com\/product\/nuts-and-bolts-manufacturers-2\/\",\"name\":\"Nuts and Bolts Manufacturers - Jingbang Industrial\",\"isPartOf\":{\"@id\":\"https:\/\/jbsy-china.com\/#website\"},\"primaryImageOfPage\":{\"@id\":\"https:\/\/jbsy-china.com\/product\/nuts-and-bolts-manufacturers-2\/#primaryimage\"},\"image\":{\"@id\":\"https:\/\/jbsy-china.com\/product\/nuts-and-bolts-manufacturers-2\/#primaryimage\"},\"thumbnailUrl\":\"https:\/\/jbsy-china.com\/wp-content\/uploads\/2025\/05\/9f0de1845db8e101704c1cc666acad3.png\",\"datePublished\":\"2025-05-06T07:29:49+00:00\",\"dateModified\":\"2025-05-06T07:30:42+00:00\",\"breadcrumb\":{\"@id\":\"https:\/\/jbsy-china.com\/product\/nuts-and-bolts-manufacturers-2\/#breadcrumb\"},\"inLanguage\":\"es\",\"potentialAction\":[{\"@type\":\"ReadAction\",\"target\":[\"https:\/\/jbsy-china.com\/product\/nuts-and-bolts-manufacturers-2\/\"]}]},{\"@type\":\"ImageObject\",\"inLanguage\":\"es\",\"@id\":\"https:\/\/jbsy-china.com\/product\/nuts-and-bolts-manufacturers-2\/#primaryimage\",\"url\":\"https:\/\/jbsy-china.com\/wp-content\/uploads\/2025\/05\/9f0de1845db8e101704c1cc666acad3.png\",\"contentUrl\":\"https:\/\/jbsy-china.com\/wp-content\/uploads\/2025\/05\/9f0de1845db8e101704c1cc666acad3.png\",\"width\":800,\"height\":800},{\"@type\":\"BreadcrumbList\",\"@id\":\"https:\/\/jbsy-china.com\/product\/nuts-and-bolts-manufacturers-2\/#breadcrumb\",\"itemListElement\":[{\"@type\":\"ListItem\",\"position\":1,\"name\":\"Home\",\"item\":\"https:\/\/jbsy-china.com\/\"},{\"@type\":\"ListItem\",\"position\":2,\"name\":\"Products\",\"item\":\"https:\/\/jbsy-china.com\/shop\/\"},{\"@type\":\"ListItem\",\"position\":3,\"name\":\"Nuts and Bolts Manufacturers\"}]},{\"@type\":\"WebSite\",\"@id\":\"https:\/\/jbsy-china.com\/#website\",\"url\":\"https:\/\/jbsy-china.com\/\",\"name\":\"Jingbang Industrial\",\"description\":\"Hardware and electronics manufacturer\",\"publisher\":{\"@id\":\"https:\/\/jbsy-china.com\/#organization\"},\"potentialAction\":[{\"@type\":\"SearchAction\",\"target\":{\"@type\":\"EntryPoint\",\"urlTemplate\":\"https:\/\/jbsy-china.com\/?s={search_term_string}\"},\"query-input\":{\"@type\":\"PropertyValueSpecification\",\"valueRequired\":true,\"valueName\":\"search_term_string\"}}],\"inLanguage\":\"es\"},{\"@type\":\"Organization\",\"@id\":\"https:\/\/jbsy-china.com\/#organization\",\"name\":\"Jingbang Industrial\",\"url\":\"https:\/\/jbsy-china.com\/\",\"logo\":{\"@type\":\"ImageObject\",\"inLanguage\":\"es\",\"@id\":\"https:\/\/jbsy-china.com\/#\/schema\/logo\/image\/\",\"url\":\"https:\/\/jbsy-china.com\/wp-content\/uploads\/2023\/11\/cropped-\u56fe\u5c42-1.png\",\"contentUrl\":\"https:\/\/jbsy-china.com\/wp-content\/uploads\/2023\/11\/cropped-\u56fe\u5c42-1.png\",\"width\":1049,\"height\":739,\"caption\":\"Jingbang Industrial\"},\"image\":{\"@id\":\"https:\/\/jbsy-china.com\/#\/schema\/logo\/image\/\"}}]}<\/script>\n<!-- \/ Yoast SEO Premium plugin. -->","yoast_head_json":{"title":"Nuts and Bolts Manufacturers - Jingbang Industrial","robots":{"index":"index","follow":"follow","max-snippet":"max-snippet:-1","max-image-preview":"max-image-preview:large","max-video-preview":"max-video-preview:-1"},"canonical":"https:\/\/jbsy-china.com\/es\/producto\/nuts-and-bolts-manufacturers-2\/","og_locale":"es_ES","og_type":"article","og_title":"Nuts and Bolts Manufacturers","og_description":"Standard Nuts and Bolts Description: Basic fasteners for general applications, available in various sizes and materials.    Materials: Steel, stainless steel, brass, aluminum.  Coatings: Zinc-plated, galvanized, black oxide for corrosion resistance.  Thread Types: Metric, UNC, UNF, and custom threads.  Applications: Construction, machinery, automotive.","og_url":"https:\/\/jbsy-china.com\/es\/producto\/nuts-and-bolts-manufacturers-2\/","og_site_name":"Jingbang Industrial","article_modified_time":"2025-05-06T07:30:42+00:00","twitter_card":"summary_large_image","twitter_misc":{"Tiempo de lectura":"3 minutos"},"schema":{"@context":"https:\/\/schema.org","@graph":[{"@type":"WebPage","@id":"https:\/\/jbsy-china.com\/product\/nuts-and-bolts-manufacturers-2\/","url":"https:\/\/jbsy-china.com\/product\/nuts-and-bolts-manufacturers-2\/","name":"Nuts and Bolts Manufacturers - Jingbang Industrial","isPartOf":{"@id":"https:\/\/jbsy-china.com\/#website"},"primaryImageOfPage":{"@id":"https:\/\/jbsy-china.com\/product\/nuts-and-bolts-manufacturers-2\/#primaryimage"},"image":{"@id":"https:\/\/jbsy-china.com\/product\/nuts-and-bolts-manufacturers-2\/#primaryimage"},"thumbnailUrl":"https:\/\/jbsy-china.com\/wp-content\/uploads\/2025\/05\/9f0de1845db8e101704c1cc666acad3.png","datePublished":"2025-05-06T07:29:49+00:00","dateModified":"2025-05-06T07:30:42+00:00","breadcrumb":{"@id":"https:\/\/jbsy-china.com\/product\/nuts-and-bolts-manufacturers-2\/#breadcrumb"},"inLanguage":"es","potentialAction":[{"@type":"ReadAction","target":["https:\/\/jbsy-china.com\/product\/nuts-and-bolts-manufacturers-2\/"]}]},{"@type":"ImageObject","inLanguage":"es","@id":"https:\/\/jbsy-china.com\/product\/nuts-and-bolts-manufacturers-2\/#primaryimage","url":"https:\/\/jbsy-china.com\/wp-content\/uploads\/2025\/05\/9f0de1845db8e101704c1cc666acad3.png","contentUrl":"https:\/\/jbsy-china.com\/wp-content\/uploads\/2025\/05\/9f0de1845db8e101704c1cc666acad3.png","width":800,"height":800},{"@type":"BreadcrumbList","@id":"https:\/\/jbsy-china.com\/product\/nuts-and-bolts-manufacturers-2\/#breadcrumb","itemListElement":[{"@type":"ListItem","position":1,"name":"Home","item":"https:\/\/jbsy-china.com\/"},{"@type":"ListItem","position":2,"name":"Products","item":"https:\/\/jbsy-china.com\/shop\/"},{"@type":"ListItem","position":3,"name":"Nuts and Bolts Manufacturers"}]},{"@type":"WebSite","@id":"https:\/\/jbsy-china.com\/#website","url":"https:\/\/jbsy-china.com\/","name":"Jingbang Industrial","description":"Fabricante de hardware y electr\u00f3nica","publisher":{"@id":"https:\/\/jbsy-china.com\/#organization"},"potentialAction":[{"@type":"SearchAction","target":{"@type":"EntryPoint","urlTemplate":"https:\/\/jbsy-china.com\/?s={search_term_string}"},"query-input":{"@type":"PropertyValueSpecification","valueRequired":true,"valueName":"search_term_string"}}],"inLanguage":"es"},{"@type":"Organization","@id":"https:\/\/jbsy-china.com\/#organization","name":"Jingbang Industrial","url":"https:\/\/jbsy-china.com\/","logo":{"@type":"ImageObject","inLanguage":"es","@id":"https:\/\/jbsy-china.com\/#\/schema\/logo\/image\/","url":"https:\/\/jbsy-china.com\/wp-content\/uploads\/2023\/11\/cropped-\u56fe\u5c42-1.png","contentUrl":"https:\/\/jbsy-china.com\/wp-content\/uploads\/2023\/11\/cropped-\u56fe\u5c42-1.png","width":1049,"height":739,"caption":"Jingbang Industrial"},"image":{"@id":"https:\/\/jbsy-china.com\/#\/schema\/logo\/image\/"}}]}},"_links":{"self":[{"href":"https:\/\/jbsy-china.com\/es\/wp-json\/wp\/v2\/product\/32934","targetHints":{"allow":["GET"]}}],"collection":[{"href":"https:\/\/jbsy-china.com\/es\/wp-json\/wp\/v2\/product"}],"about":[{"href":"https:\/\/jbsy-china.com\/es\/wp-json\/wp\/v2\/types\/product"}],"replies":[{"embeddable":true,"href":"https:\/\/jbsy-china.com\/es\/wp-json\/wp\/v2\/comments?post=32934"}],"wp:featuredmedia":[{"embeddable":true,"href":"https:\/\/jbsy-china.com\/es\/wp-json\/wp\/v2\/media\/33012"}],"wp:attachment":[{"href":"https:\/\/jbsy-china.com\/es\/wp-json\/wp\/v2\/media?parent=32934"}],"wp:term":[{"taxonomy":"product_brand","embeddable":true,"href":"https:\/\/jbsy-china.com\/es\/wp-json\/wp\/v2\/product_brand?post=32934"},{"taxonomy":"product_cat","embeddable":true,"href":"https:\/\/jbsy-china.com\/es\/wp-json\/wp\/v2\/product_cat?post=32934"},{"taxonomy":"product_tag","embeddable":true,"href":"https:\/\/jbsy-china.com\/es\/wp-json\/wp\/v2\/product_tag?post=32934"}],"curies":[{"name":"wp","href":"https:\/\/api.w.org\/{rel}","templated":true}]}}