{"id":32935,"date":"2025-05-06T07:29:49","date_gmt":"2025-05-06T07:29:49","guid":{"rendered":"https:\/\/jbsy-china.com\/?post_type=product&#038;p=32935"},"modified":"2025-05-09T06:52:13","modified_gmt":"2025-05-09T06:52:13","slug":"twelve-head-bolt-2","status":"publish","type":"product","link":"https:\/\/jbsy-china.com\/es\/producto\/twelve-head-bolt-2\/","title":{"rendered":"Doce tornillos de cabeza"},"content":{"rendered":"<p><img fetchpriority=\"high\" decoding=\"async\" class=\"alignnone size-full wp-image-7978\" src=\"https:\/\/jb-bolt.com\/wp-content\/uploads\/2025\/02\/\u51b7\u9566\u8be6\u60c5\u9875_01.jpg\" alt=\"\" width=\"790\" height=\"329\" \/><img decoding=\"async\" class=\"alignnone size-full wp-image-7979\" src=\"https:\/\/jb-bolt.com\/wp-content\/uploads\/2025\/02\/\u51b7\u9566\u8be6\u60c5\u9875_02.jpg\" alt=\"\" width=\"790\" height=\"981\" \/><img decoding=\"async\" class=\"alignnone size-full wp-image-7980\" src=\"https:\/\/jb-bolt.com\/wp-content\/uploads\/2025\/02\/\u51b7\u9566\u8be6\u60c5\u9875_03.jpg\" alt=\"\" width=\"790\" height=\"740\" \/><img loading=\"lazy\" decoding=\"async\" class=\"alignnone size-full wp-image-7981\" src=\"https:\/\/jb-bolt.com\/wp-content\/uploads\/2025\/02\/\u51b7\u9566\u8be6\u60c5\u9875_04.jpg\" alt=\"\" width=\"790\" height=\"739\" \/><img loading=\"lazy\" decoding=\"async\" class=\"alignnone size-full wp-image-7983\" src=\"https:\/\/jb-bolt.com\/wp-content\/uploads\/2025\/02\/\u51b7\u9566\u8be6\u60c5\u9875_05_01.jpg\" alt=\"\" width=\"790\" height=\"677\" \/><\/p>\n<p><strong>El proceso de estampado en fr\u00edo es uno de los nuevos procesos de mecanizado a presi\u00f3n de menor o ning\u00fan corte<\/strong><br \/>\n<strong>Se trata de un m\u00e9todo de transformaci\u00f3n que utiliza la deformaci\u00f3n pl\u00e1stica del metal bajo la acci\u00f3n de los agentes atmosf\u00e9ricos.<\/strong><br \/>\n<strong>fuerzas externas y, con ayuda de moldes, redistribuye y transfiere el volumen de metal para formar<\/strong><br \/>\n<strong>las piezas o formatos necesarios. El proceso de estampaci\u00f3n en fr\u00edo es el m\u00e1s adecuado para producir piezas est\u00e1ndar.<\/strong><br \/>\n<strong>elementos de fijaci\u00f3n como pernos, tornillos, tuercas, remaches, pasadores, etc.<\/strong><\/p>\n<p><img loading=\"lazy\" decoding=\"async\" class=\"alignnone size-full wp-image-7985\" src=\"https:\/\/jb-bolt.com\/wp-content\/uploads\/2025\/02\/\u51b7\u9566\u8be6\u60c5\u9875_05_03.jpg\" alt=\"\" width=\"790\" height=\"603\" \/><img loading=\"lazy\" decoding=\"async\" class=\"alignnone size-full wp-image-7986\" src=\"https:\/\/jb-bolt.com\/wp-content\/uploads\/2025\/02\/\u51b7\u9566\u8be6\u60c5\u9875_06.jpg\" alt=\"\" width=\"790\" height=\"742\" \/><\/p>\n<p><a href=\"https:\/\/jb-bolt.com\/product-category\/flange-bolt\/\"><strong>Doce tornillos de cabeza<\/strong><\/a> son un tipo de tornillo con cabeza de doce lados (dodecagonal), que proporciona un ajuste m\u00e1s seguro y preciso para aplicaciones de alto par. Estos tornillos se utilizan a menudo en entornos exigentes en los que los tornillos hexagonales tradicionales de seis caras podr\u00edan no ofrecer el nivel de rendimiento necesario.<\/p>\n<h3 data-start=\"0\" data-end=\"48\"><strong data-start=\"4\" data-end=\"48\">Perno de doce cabezas - Introducci\u00f3n del producto<\/strong><\/h3>\n<p data-start=\"50\" data-end=\"383\"><strong data-start=\"50\" data-end=\"71\">Perno de doce cabezas<\/strong>\u00a0son tornillos con un dise\u00f1o exclusivo de cabeza de doce lados, que proporciona m\u00faltiples puntos de agarre, lo que los hace ideales para aplicaciones que requieren un par de apriete m\u00e1s elevado o una instalaci\u00f3n\/desinstalaci\u00f3n m\u00e1s sencilla en espacios reducidos. Estos tornillos se utilizan normalmente en maquinaria de alto rendimiento, automoci\u00f3n y aplicaciones industriales.<\/p>\n<hr data-start=\"385\" data-end=\"388\" \/>\n<h3 data-start=\"390\" data-end=\"411\"><strong data-start=\"394\" data-end=\"410\">Caracter\u00edsticas principales<\/strong>:<\/h3>\n<ul data-start=\"412\" data-end=\"862\">\n<li data-start=\"412\" data-end=\"523\"><strong data-start=\"414\" data-end=\"435\">Cabeza de doce lados<\/strong>: Permite un mejor agarre con las herramientas, mejorando la aplicaci\u00f3n del par y reduciendo el deslizamiento.<\/li>\n<li data-start=\"524\" data-end=\"649\"><strong data-start=\"526\" data-end=\"552\">Alta resistencia a la torsi\u00f3n<\/strong>: Dise\u00f1ado para aplicaciones pesadas que requieren una fijaci\u00f3n fuerte y resistencia al aflojamiento.<\/li>\n<li data-start=\"650\" data-end=\"742\"><strong data-start=\"652\" data-end=\"666\">Durabilidad<\/strong>: Fabricados con materiales de alta resistencia, como el acero al carbono o el acero inoxidable.<\/li>\n<li data-start=\"743\" data-end=\"862\"><strong data-start=\"745\" data-end=\"768\">Resistente a la corrosi\u00f3n<\/strong>: A menudo disponibles con revestimientos como el zinc o el \u00f3xido negro para protegerlos contra la oxidaci\u00f3n y el desgaste.<\/li>\n<\/ul>\n<hr data-start=\"864\" data-end=\"867\" \/>\n<h3 data-start=\"869\" data-end=\"890\"><strong data-start=\"873\" data-end=\"889\">Aplicaciones<\/strong>:<\/h3>\n<ul data-start=\"891\" data-end=\"1217\">\n<li data-start=\"891\" data-end=\"955\"><strong data-start=\"893\" data-end=\"907\">Automoci\u00f3n<\/strong>: Se utiliza en el montaje de motores y en zonas sometidas a grandes esfuerzos.<\/li>\n<li data-start=\"956\" data-end=\"1029\"><strong data-start=\"958\" data-end=\"982\">Equipamiento industrial<\/strong>: En maquinaria pesada y sistemas de fabricaci\u00f3n.<\/li>\n<li data-start=\"1030\" data-end=\"1123\"><strong data-start=\"1032\" data-end=\"1045\">Aeroespacial<\/strong>: Fijaci\u00f3n segura en componentes aeron\u00e1uticos que requieren precisi\u00f3n y alto par de apriete.<\/li>\n<li data-start=\"1124\" data-end=\"1217\"><strong data-start=\"1126\" data-end=\"1142\">Construcci\u00f3n<\/strong>: Adecuado para componentes estructurales que necesitan una fijaci\u00f3n segura y de alto par.<\/li>\n<\/ul>","protected":false},"excerpt":{"rendered":"<h5 data-start=\"390\" data-end=\"411\"><strong data-start=\"394\" data-end=\"410\">Caracter\u00edsticas principales<\/strong>:<\/h5>\n<ul data-start=\"412\" data-end=\"862\">\n<li data-start=\"412\" data-end=\"523\"><strong data-start=\"414\" data-end=\"435\">Cabeza de doce lados<\/strong>: Permite un mejor agarre con las herramientas, mejorando la aplicaci\u00f3n del par y reduciendo el deslizamiento.<\/li>\n<li data-start=\"524\" data-end=\"649\"><strong data-start=\"526\" data-end=\"552\">Alta resistencia a la torsi\u00f3n<\/strong>: Dise\u00f1ado para aplicaciones pesadas que requieren una fijaci\u00f3n fuerte y resistencia al aflojamiento.<\/li>\n<li data-start=\"650\" data-end=\"742\"><strong data-start=\"652\" data-end=\"666\">Durabilidad<\/strong>: Fabricados con materiales de alta resistencia, como el acero al carbono o el acero inoxidable.<\/li>\n<li data-start=\"743\" data-end=\"862\"><strong data-start=\"745\" data-end=\"768\">Resistente a la corrosi\u00f3n<\/strong>: A menudo disponibles con revestimientos como el zinc o el \u00f3xido negro para protegerlos contra la oxidaci\u00f3n y el desgaste.<\/li>\n<\/ul>","protected":false},"featured_media":33019,"comment_status":"open","ping_status":"closed","template":"","meta":{"site-sidebar-layout":"default","site-content-layout":"","ast-site-content-layout":"default","site-content-style":"default","site-sidebar-style":"default","ast-global-header-display":"","ast-banner-title-visibility":"","ast-main-header-display":"","ast-hfb-above-header-display":"","ast-hfb-below-header-display":"","ast-hfb-mobile-header-display":"","site-post-title":"","ast-breadcrumbs-content":"","ast-featured-img":"","footer-sml-layout":"","ast-disable-related-posts":"","theme-transparent-header-meta":"","adv-header-id-meta":"","stick-header-meta":"","header-above-stick-meta":"","header-main-stick-meta":"","header-below-stick-meta":"","astra-migrate-meta-layouts":"default","ast-page-background-enabled":"default","ast-page-background-meta":{"desktop":{"background-color":"var(--ast-global-color-4)","background-image":"","background-repeat":"repeat","background-position":"center center","background-size":"auto","background-attachment":"scroll","background-type":"","background-media":"","overlay-type":"","overlay-color":"","overlay-opacity":"","overlay-gradient":""},"tablet":{"background-color":"","background-image":"","background-repeat":"repeat","background-position":"center center","background-size":"auto","background-attachment":"scroll","background-type":"","background-media":"","overlay-type":"","overlay-color":"","overlay-opacity":"","overlay-gradient":""},"mobile":{"background-color":"","background-image":"","background-repeat":"repeat","background-position":"center center","background-size":"auto","background-attachment":"scroll","background-type":"","background-media":"","overlay-type":"","overlay-color":"","overlay-opacity":"","overlay-gradient":""}},"ast-content-background-meta":{"desktop":{"background-color":"var(--ast-global-color-5)","background-image":"","background-repeat":"repeat","background-position":"center center","background-size":"auto","background-attachment":"scroll","background-type":"","background-media":"","overlay-type":"","overlay-color":"","overlay-opacity":"","overlay-gradient":""},"tablet":{"background-color":"var(--ast-global-color-5)","background-image":"","background-repeat":"repeat","background-position":"center center","background-size":"auto","background-attachment":"scroll","background-type":"","background-media":"","overlay-type":"","overlay-color":"","overlay-opacity":"","overlay-gradient":""},"mobile":{"background-color":"var(--ast-global-color-5)","background-image":"","background-repeat":"repeat","background-position":"center center","background-size":"auto","background-attachment":"scroll","background-type":"","background-media":"","overlay-type":"","overlay-color":"","overlay-opacity":"","overlay-gradient":""}},"_themeisle_gutenberg_block_has_review":false,"_ti_tpc_template_sync":false,"_ti_tpc_template_id":""},"product_brand":[],"product_cat":[1273],"product_tag":[1245,1246,1247],"class_list":{"0":"post-32935","1":"product","2":"type-product","3":"status-publish","4":"has-post-thumbnail","6":"product_cat-12-point-bolt","7":"product_tag-12-point-bolts","8":"product_tag-12-point-fasteners","9":"product_tag-twelve-flanged-bolts","10":"desktop-align-left","11":"tablet-align-left","12":"mobile-align-left","13":"ast-product-gallery-layout-horizontal-slider","14":"ast-product-tabs-layout-horizontal","15":"ast-qv-on-image","17":"first","18":"instock","19":"shipping-taxable","20":"product-type-simple"},"yoast_head":"<!-- This site is optimized with the Yoast SEO Premium plugin v21.7 (Yoast SEO v25.7) - https:\/\/yoast.com\/wordpress\/plugins\/seo\/ -->\n<title>Twelve head bolt - Jingbang Industrial<\/title>\n<meta name=\"robots\" content=\"index, follow, max-snippet:-1, max-image-preview:large, max-video-preview:-1\" \/>\n<link rel=\"canonical\" href=\"https:\/\/jbsy-china.com\/es\/producto\/twelve-head-bolt-2\/\" \/>\n<meta property=\"og:locale\" content=\"es_ES\" \/>\n<meta property=\"og:type\" content=\"article\" \/>\n<meta property=\"og:title\" content=\"Twelve head bolt\" \/>\n<meta property=\"og:description\" content=\"Key Features:   Twelve-Sided Head: Allows for better grip with tools, improving torque application and reducing slipping.  High Torque Resistance: Designed for heavy-duty applications that require strong fastening and resistance to loosening.  Durability: Made from high-strength materials such as carbon steel or stainless steel.  Corrosion-Resistant: Often available with coatings like zinc or black oxide for protection against rust and wear.\" \/>\n<meta property=\"og:url\" content=\"https:\/\/jbsy-china.com\/es\/producto\/twelve-head-bolt-2\/\" \/>\n<meta property=\"og:site_name\" content=\"Jingbang Industrial\" \/>\n<meta property=\"article:modified_time\" content=\"2025-05-09T06:52:13+00:00\" \/>\n<meta property=\"og:image\" content=\"http:\/\/jbsy-china.com\/wp-content\/uploads\/2025\/05\/8140f8e2935d58f3b5ae17c237c3043.png\" \/>\n\t<meta property=\"og:image:width\" content=\"800\" \/>\n\t<meta property=\"og:image:height\" content=\"800\" \/>\n\t<meta property=\"og:image:type\" content=\"image\/png\" \/>\n<meta name=\"twitter:card\" content=\"summary_large_image\" \/>\n<meta name=\"twitter:label1\" content=\"Tiempo de lectura\" \/>\n\t<meta name=\"twitter:data1\" content=\"1 minuto\" \/>\n<script type=\"application\/ld+json\" class=\"yoast-schema-graph\">{\"@context\":\"https:\/\/schema.org\",\"@graph\":[{\"@type\":\"WebPage\",\"@id\":\"https:\/\/jbsy-china.com\/product\/twelve-head-bolt-2\/\",\"url\":\"https:\/\/jbsy-china.com\/product\/twelve-head-bolt-2\/\",\"name\":\"Twelve head bolt - Jingbang Industrial\",\"isPartOf\":{\"@id\":\"https:\/\/jbsy-china.com\/#website\"},\"primaryImageOfPage\":{\"@id\":\"https:\/\/jbsy-china.com\/product\/twelve-head-bolt-2\/#primaryimage\"},\"image\":{\"@id\":\"https:\/\/jbsy-china.com\/product\/twelve-head-bolt-2\/#primaryimage\"},\"thumbnailUrl\":\"https:\/\/jbsy-china.com\/wp-content\/uploads\/2025\/05\/8140f8e2935d58f3b5ae17c237c3043.png\",\"datePublished\":\"2025-05-06T07:29:49+00:00\",\"dateModified\":\"2025-05-09T06:52:13+00:00\",\"breadcrumb\":{\"@id\":\"https:\/\/jbsy-china.com\/product\/twelve-head-bolt-2\/#breadcrumb\"},\"inLanguage\":\"es\",\"potentialAction\":[{\"@type\":\"ReadAction\",\"target\":[\"https:\/\/jbsy-china.com\/product\/twelve-head-bolt-2\/\"]}]},{\"@type\":\"ImageObject\",\"inLanguage\":\"es\",\"@id\":\"https:\/\/jbsy-china.com\/product\/twelve-head-bolt-2\/#primaryimage\",\"url\":\"https:\/\/jbsy-china.com\/wp-content\/uploads\/2025\/05\/8140f8e2935d58f3b5ae17c237c3043.png\",\"contentUrl\":\"https:\/\/jbsy-china.com\/wp-content\/uploads\/2025\/05\/8140f8e2935d58f3b5ae17c237c3043.png\",\"width\":800,\"height\":800},{\"@type\":\"BreadcrumbList\",\"@id\":\"https:\/\/jbsy-china.com\/product\/twelve-head-bolt-2\/#breadcrumb\",\"itemListElement\":[{\"@type\":\"ListItem\",\"position\":1,\"name\":\"Home\",\"item\":\"https:\/\/jbsy-china.com\/\"},{\"@type\":\"ListItem\",\"position\":2,\"name\":\"Products\",\"item\":\"https:\/\/jbsy-china.com\/shop\/\"},{\"@type\":\"ListItem\",\"position\":3,\"name\":\"Twelve head bolt\"}]},{\"@type\":\"WebSite\",\"@id\":\"https:\/\/jbsy-china.com\/#website\",\"url\":\"https:\/\/jbsy-china.com\/\",\"name\":\"Jingbang Industrial\",\"description\":\"Hardware and electronics manufacturer\",\"publisher\":{\"@id\":\"https:\/\/jbsy-china.com\/#organization\"},\"potentialAction\":[{\"@type\":\"SearchAction\",\"target\":{\"@type\":\"EntryPoint\",\"urlTemplate\":\"https:\/\/jbsy-china.com\/?s={search_term_string}\"},\"query-input\":{\"@type\":\"PropertyValueSpecification\",\"valueRequired\":true,\"valueName\":\"search_term_string\"}}],\"inLanguage\":\"es\"},{\"@type\":\"Organization\",\"@id\":\"https:\/\/jbsy-china.com\/#organization\",\"name\":\"Jingbang Industrial\",\"url\":\"https:\/\/jbsy-china.com\/\",\"logo\":{\"@type\":\"ImageObject\",\"inLanguage\":\"es\",\"@id\":\"https:\/\/jbsy-china.com\/#\/schema\/logo\/image\/\",\"url\":\"https:\/\/jbsy-china.com\/wp-content\/uploads\/2023\/11\/cropped-\u56fe\u5c42-1.png\",\"contentUrl\":\"https:\/\/jbsy-china.com\/wp-content\/uploads\/2023\/11\/cropped-\u56fe\u5c42-1.png\",\"width\":1049,\"height\":739,\"caption\":\"Jingbang Industrial\"},\"image\":{\"@id\":\"https:\/\/jbsy-china.com\/#\/schema\/logo\/image\/\"}}]}<\/script>\n<!-- \/ Yoast SEO Premium plugin. -->","yoast_head_json":{"title":"Twelve head bolt - Jingbang Industrial","robots":{"index":"index","follow":"follow","max-snippet":"max-snippet:-1","max-image-preview":"max-image-preview:large","max-video-preview":"max-video-preview:-1"},"canonical":"https:\/\/jbsy-china.com\/es\/producto\/twelve-head-bolt-2\/","og_locale":"es_ES","og_type":"article","og_title":"Twelve head bolt","og_description":"Key Features:   Twelve-Sided Head: Allows for better grip with tools, improving torque application and reducing slipping.  High Torque Resistance: Designed for heavy-duty applications that require strong fastening and resistance to loosening.  Durability: Made from high-strength materials such as carbon steel or stainless steel.  Corrosion-Resistant: Often available with coatings like zinc or black oxide for protection against rust and wear.","og_url":"https:\/\/jbsy-china.com\/es\/producto\/twelve-head-bolt-2\/","og_site_name":"Jingbang Industrial","article_modified_time":"2025-05-09T06:52:13+00:00","og_image":[{"width":800,"height":800,"url":"http:\/\/jbsy-china.com\/wp-content\/uploads\/2025\/05\/8140f8e2935d58f3b5ae17c237c3043.png","type":"image\/png"}],"twitter_card":"summary_large_image","twitter_misc":{"Tiempo de lectura":"1 minuto"},"schema":{"@context":"https:\/\/schema.org","@graph":[{"@type":"WebPage","@id":"https:\/\/jbsy-china.com\/product\/twelve-head-bolt-2\/","url":"https:\/\/jbsy-china.com\/product\/twelve-head-bolt-2\/","name":"Twelve head bolt - Jingbang Industrial","isPartOf":{"@id":"https:\/\/jbsy-china.com\/#website"},"primaryImageOfPage":{"@id":"https:\/\/jbsy-china.com\/product\/twelve-head-bolt-2\/#primaryimage"},"image":{"@id":"https:\/\/jbsy-china.com\/product\/twelve-head-bolt-2\/#primaryimage"},"thumbnailUrl":"https:\/\/jbsy-china.com\/wp-content\/uploads\/2025\/05\/8140f8e2935d58f3b5ae17c237c3043.png","datePublished":"2025-05-06T07:29:49+00:00","dateModified":"2025-05-09T06:52:13+00:00","breadcrumb":{"@id":"https:\/\/jbsy-china.com\/product\/twelve-head-bolt-2\/#breadcrumb"},"inLanguage":"es","potentialAction":[{"@type":"ReadAction","target":["https:\/\/jbsy-china.com\/product\/twelve-head-bolt-2\/"]}]},{"@type":"ImageObject","inLanguage":"es","@id":"https:\/\/jbsy-china.com\/product\/twelve-head-bolt-2\/#primaryimage","url":"https:\/\/jbsy-china.com\/wp-content\/uploads\/2025\/05\/8140f8e2935d58f3b5ae17c237c3043.png","contentUrl":"https:\/\/jbsy-china.com\/wp-content\/uploads\/2025\/05\/8140f8e2935d58f3b5ae17c237c3043.png","width":800,"height":800},{"@type":"BreadcrumbList","@id":"https:\/\/jbsy-china.com\/product\/twelve-head-bolt-2\/#breadcrumb","itemListElement":[{"@type":"ListItem","position":1,"name":"Home","item":"https:\/\/jbsy-china.com\/"},{"@type":"ListItem","position":2,"name":"Products","item":"https:\/\/jbsy-china.com\/shop\/"},{"@type":"ListItem","position":3,"name":"Twelve head bolt"}]},{"@type":"WebSite","@id":"https:\/\/jbsy-china.com\/#website","url":"https:\/\/jbsy-china.com\/","name":"Jingbang Industrial","description":"Fabricante de hardware y electr\u00f3nica","publisher":{"@id":"https:\/\/jbsy-china.com\/#organization"},"potentialAction":[{"@type":"SearchAction","target":{"@type":"EntryPoint","urlTemplate":"https:\/\/jbsy-china.com\/?s={search_term_string}"},"query-input":{"@type":"PropertyValueSpecification","valueRequired":true,"valueName":"search_term_string"}}],"inLanguage":"es"},{"@type":"Organization","@id":"https:\/\/jbsy-china.com\/#organization","name":"Jingbang Industrial","url":"https:\/\/jbsy-china.com\/","logo":{"@type":"ImageObject","inLanguage":"es","@id":"https:\/\/jbsy-china.com\/#\/schema\/logo\/image\/","url":"https:\/\/jbsy-china.com\/wp-content\/uploads\/2023\/11\/cropped-\u56fe\u5c42-1.png","contentUrl":"https:\/\/jbsy-china.com\/wp-content\/uploads\/2023\/11\/cropped-\u56fe\u5c42-1.png","width":1049,"height":739,"caption":"Jingbang Industrial"},"image":{"@id":"https:\/\/jbsy-china.com\/#\/schema\/logo\/image\/"}}]}},"_links":{"self":[{"href":"https:\/\/jbsy-china.com\/es\/wp-json\/wp\/v2\/product\/32935","targetHints":{"allow":["GET"]}}],"collection":[{"href":"https:\/\/jbsy-china.com\/es\/wp-json\/wp\/v2\/product"}],"about":[{"href":"https:\/\/jbsy-china.com\/es\/wp-json\/wp\/v2\/types\/product"}],"replies":[{"embeddable":true,"href":"https:\/\/jbsy-china.com\/es\/wp-json\/wp\/v2\/comments?post=32935"}],"wp:featuredmedia":[{"embeddable":true,"href":"https:\/\/jbsy-china.com\/es\/wp-json\/wp\/v2\/media\/33019"}],"wp:attachment":[{"href":"https:\/\/jbsy-china.com\/es\/wp-json\/wp\/v2\/media?parent=32935"}],"wp:term":[{"taxonomy":"product_brand","embeddable":true,"href":"https:\/\/jbsy-china.com\/es\/wp-json\/wp\/v2\/product_brand?post=32935"},{"taxonomy":"product_cat","embeddable":true,"href":"https:\/\/jbsy-china.com\/es\/wp-json\/wp\/v2\/product_cat?post=32935"},{"taxonomy":"product_tag","embeddable":true,"href":"https:\/\/jbsy-china.com\/es\/wp-json\/wp\/v2\/product_tag?post=32935"}],"curies":[{"name":"wp","href":"https:\/\/api.w.org\/{rel}","templated":true}]}}