{"id":32939,"date":"2025-05-06T07:29:49","date_gmt":"2025-05-06T07:29:49","guid":{"rendered":"https:\/\/jbsy-china.com\/?post_type=product&#038;p=32939"},"modified":"2025-05-06T07:31:08","modified_gmt":"2025-05-06T07:31:08","slug":"barrel-nut-2","status":"publish","type":"product","link":"https:\/\/jbsy-china.com\/es\/producto\/barrel-nut-2\/","title":{"rendered":"Tuerca de barril"},"content":{"rendered":"<p>&nbsp;<\/p>\n<p><img fetchpriority=\"high\" decoding=\"async\" class=\"alignnone size-full wp-image-7978\" src=\"https:\/\/jb-bolt.com\/wp-content\/uploads\/2025\/02\/\u51b7\u9566\u8be6\u60c5\u9875_01.jpg\" alt=\"\" width=\"790\" height=\"329\" \/><img decoding=\"async\" class=\"alignnone size-full wp-image-7979\" src=\"https:\/\/jb-bolt.com\/wp-content\/uploads\/2025\/02\/\u51b7\u9566\u8be6\u60c5\u9875_02.jpg\" alt=\"\" width=\"790\" height=\"981\" \/><img decoding=\"async\" class=\"alignnone size-full wp-image-7980\" src=\"https:\/\/jb-bolt.com\/wp-content\/uploads\/2025\/02\/\u51b7\u9566\u8be6\u60c5\u9875_03.jpg\" alt=\"\" width=\"790\" height=\"740\" \/><img loading=\"lazy\" decoding=\"async\" class=\"alignnone size-full wp-image-7981\" src=\"https:\/\/jb-bolt.com\/wp-content\/uploads\/2025\/02\/\u51b7\u9566\u8be6\u60c5\u9875_04.jpg\" alt=\"\" width=\"790\" height=\"739\" \/><img loading=\"lazy\" decoding=\"async\" class=\"alignnone size-full wp-image-7983\" src=\"https:\/\/jb-bolt.com\/wp-content\/uploads\/2025\/02\/\u51b7\u9566\u8be6\u60c5\u9875_05_01.jpg\" alt=\"\" width=\"790\" height=\"677\" \/><\/p>\n<p><strong>El proceso de estampado en fr\u00edo es uno de los nuevos procesos de mecanizado a presi\u00f3n de menor o ning\u00fan corte<\/strong><br \/>\n<strong>Se trata de un m\u00e9todo de transformaci\u00f3n que utiliza la deformaci\u00f3n pl\u00e1stica del metal bajo la acci\u00f3n de los agentes atmosf\u00e9ricos.<\/strong><br \/>\n<strong>fuerzas externas y, con ayuda de moldes, redistribuye y transfiere el volumen de metal para formar<\/strong><br \/>\n<strong>las piezas o formatos necesarios. El proceso de estampaci\u00f3n en fr\u00edo es el m\u00e1s adecuado para producir piezas est\u00e1ndar.<\/strong><br \/>\n<strong>elementos de fijaci\u00f3n como pernos, tornillos, tuercas, remaches, pasadores, etc.<\/strong><\/p>\n<p><img loading=\"lazy\" decoding=\"async\" class=\"alignnone size-full wp-image-7985\" src=\"https:\/\/jb-bolt.com\/wp-content\/uploads\/2025\/02\/\u51b7\u9566\u8be6\u60c5\u9875_05_03.jpg\" alt=\"\" width=\"790\" height=\"603\" \/><img loading=\"lazy\" decoding=\"async\" class=\"alignnone size-full wp-image-7986\" src=\"https:\/\/jb-bolt.com\/wp-content\/uploads\/2025\/02\/\u51b7\u9566\u8be6\u60c5\u9875_06.jpg\" alt=\"\" width=\"790\" height=\"742\" \/><\/p>\n<p data-start=\"45\" data-end=\"420\">A <strong data-start=\"47\" data-end=\"61\">barril <a href=\"https:\/\/jb-bolt.com\/product-category\/barrel-safety-nut\/\">tuerca<\/a><\/strong> (tambi\u00e9n conocido como <strong data-start=\"79\" data-end=\"94\">pasador transversal<\/strong>, <strong data-start=\"96\" data-end=\"109\">tuerca espinal<\/strong>o <strong data-start=\"114\" data-end=\"130\">puesto vinculante<\/strong>) es un componente de fijaci\u00f3n dise\u00f1ado para proporcionar uniones fuertes y seguras en diversas aplicaciones, como muebles, industria aeroespacial, automoci\u00f3n y ensamblajes mec\u00e1nicos. Consiste en un cuerpo met\u00e1lico cil\u00edndrico y corto con un orificio roscado interior que le permite recibir un perno o tornillo.<\/p>\n<hr data-start=\"422\" data-end=\"425\" \/>\n<h2 data-start=\"427\" data-end=\"458\"><strong data-start=\"430\" data-end=\"456\">1. Dise\u00f1o y caracter\u00edsticas<\/strong><\/h2>\n<ul data-start=\"459\" data-end=\"1079\">\n<li data-start=\"459\" data-end=\"559\"><strong data-start=\"461\" data-end=\"471\">Forma:<\/strong> Cil\u00edndricos o ligeramente alargados, a veces con rebordes o ranuras para mejorar el agarre.<\/li>\n<li data-start=\"560\" data-end=\"670\"><strong data-start=\"562\" data-end=\"585\">Roscado interior:<\/strong> El orificio del interior de la tuerca del ca\u00f1\u00f3n est\u00e1 roscado para alojar un perno o un tornillo de m\u00e1quina.<\/li>\n<li data-start=\"671\" data-end=\"827\"><strong data-start=\"673\" data-end=\"686\">Material:<\/strong> Normalmente se fabrica con <strong data-start=\"707\" data-end=\"763\">acero, acero inoxidable, lat\u00f3n, aluminio o titanio<\/strong>en funci\u00f3n de la solidez y la resistencia a la corrosi\u00f3n requeridas.<\/li>\n<li data-start=\"828\" data-end=\"938\"><strong data-start=\"830\" data-end=\"850\">Variaciones de tama\u00f1o:<\/strong> Viene en diferentes di\u00e1metros, tama\u00f1os de rosca y longitudes para adaptarse a aplicaciones espec\u00edficas.<\/li>\n<li data-start=\"939\" data-end=\"1079\"><strong data-start=\"941\" data-end=\"957\">Orientaci\u00f3n:<\/strong> El roscado interno suele ser perpendicular a la longitud del ca\u00f1\u00f3n, pero algunos dise\u00f1os permiten una alineaci\u00f3n paralela.<\/li>\n<\/ul>\n<hr data-start=\"1081\" data-end=\"1084\" \/>\n<h2 data-start=\"1086\" data-end=\"1118\"><strong data-start=\"1089\" data-end=\"1116\">2. Tipos de tuercas<\/strong><\/h2>\n<h3 data-start=\"1119\" data-end=\"1162\"><strong data-start=\"1123\" data-end=\"1160\">(A) Basado en la forma y la estructura:<\/strong><\/h3>\n<ol data-start=\"1163\" data-end=\"1745\">\n<li data-start=\"1163\" data-end=\"1285\"><strong data-start=\"1166\" data-end=\"1190\">Tuerca de ca\u00f1\u00f3n est\u00e1ndar:<\/strong> Cuerpo cil\u00edndrico simple con rosca interior, utilizado en muebles y fijaciones en general.<\/li>\n<li data-start=\"1286\" data-end=\"1412\"><strong data-start=\"1289\" data-end=\"1332\">Pasador transversal (Tuerca de barril perpendicular):<\/strong> El perno pasa perpendicular a la tuerca, lo que es habitual en las uniones de muebles.<\/li>\n<li data-start=\"1413\" data-end=\"1519\"><strong data-start=\"1416\" data-end=\"1439\">Tuerca con brida:<\/strong> Tiene una pesta\u00f1a extendida en un extremo para una mejor distribuci\u00f3n de la carga y estabilidad.<\/li>\n<li data-start=\"1520\" data-end=\"1621\"><strong data-start=\"1523\" data-end=\"1546\">Tuerca de barril ranurada:<\/strong> Incluye una ranura o ranura de destornillador para facilitar el apriete y la alineaci\u00f3n.<\/li>\n<li data-start=\"1622\" data-end=\"1745\"><strong data-start=\"1625\" data-end=\"1659\">Poste de encuadernaci\u00f3n (tornillos Chicago):<\/strong> Consta de una parte masculina y otra femenina, y se utiliza a menudo en encuadernaci\u00f3n y productos de cuero.<\/li>\n<\/ol>\n<p>&nbsp;<\/p>","protected":false},"excerpt":{"rendered":"<h5 data-start=\"265\" data-end=\"286\"><strong data-start=\"269\" data-end=\"285\">Caracter\u00edsticas principales<\/strong>:<\/h5>\n<ul data-start=\"287\" data-end=\"502\">\n<li data-start=\"287\" data-end=\"344\"><strong data-start=\"289\" data-end=\"311\">Dise\u00f1o cil\u00edndrico<\/strong>: Para una conexi\u00f3n segura y al ras.<\/li>\n<li data-start=\"345\" data-end=\"418\"><strong data-start=\"347\" data-end=\"358\">Duradero<\/strong>: Fabricado con materiales como acero, acero inoxidable o lat\u00f3n.<\/li>\n<li data-start=\"419\" data-end=\"502\"><strong data-start=\"421\" data-end=\"434\">Vers\u00e1til<\/strong>: Compatible con diversas aplicaciones, desde muebles hasta maquinaria.<\/li>\n<\/ul>","protected":false},"featured_media":33041,"comment_status":"open","ping_status":"closed","template":"","meta":{"site-sidebar-layout":"default","site-content-layout":"","ast-site-content-layout":"default","site-content-style":"default","site-sidebar-style":"default","ast-global-header-display":"","ast-banner-title-visibility":"","ast-main-header-display":"","ast-hfb-above-header-display":"","ast-hfb-below-header-display":"","ast-hfb-mobile-header-display":"","site-post-title":"","ast-breadcrumbs-content":"","ast-featured-img":"","footer-sml-layout":"","ast-disable-related-posts":"","theme-transparent-header-meta":"","adv-header-id-meta":"","stick-header-meta":"","header-above-stick-meta":"","header-main-stick-meta":"","header-below-stick-meta":"","astra-migrate-meta-layouts":"default","ast-page-background-enabled":"default","ast-page-background-meta":{"desktop":{"background-color":"var(--ast-global-color-4)","background-image":"","background-repeat":"repeat","background-position":"center center","background-size":"auto","background-attachment":"scroll","background-type":"","background-media":"","overlay-type":"","overlay-color":"","overlay-opacity":"","overlay-gradient":""},"tablet":{"background-color":"","background-image":"","background-repeat":"repeat","background-position":"center center","background-size":"auto","background-attachment":"scroll","background-type":"","background-media":"","overlay-type":"","overlay-color":"","overlay-opacity":"","overlay-gradient":""},"mobile":{"background-color":"","background-image":"","background-repeat":"repeat","background-position":"center center","background-size":"auto","background-attachment":"scroll","background-type":"","background-media":"","overlay-type":"","overlay-color":"","overlay-opacity":"","overlay-gradient":""}},"ast-content-background-meta":{"desktop":{"background-color":"var(--ast-global-color-5)","background-image":"","background-repeat":"repeat","background-position":"center center","background-size":"auto","background-attachment":"scroll","background-type":"","background-media":"","overlay-type":"","overlay-color":"","overlay-opacity":"","overlay-gradient":""},"tablet":{"background-color":"var(--ast-global-color-5)","background-image":"","background-repeat":"repeat","background-position":"center center","background-size":"auto","background-attachment":"scroll","background-type":"","background-media":"","overlay-type":"","overlay-color":"","overlay-opacity":"","overlay-gradient":""},"mobile":{"background-color":"var(--ast-global-color-5)","background-image":"","background-repeat":"repeat","background-position":"center center","background-size":"auto","background-attachment":"scroll","background-type":"","background-media":"","overlay-type":"","overlay-color":"","overlay-opacity":"","overlay-gradient":""}},"_themeisle_gutenberg_block_has_review":false,"_ti_tpc_template_sync":false,"_ti_tpc_template_id":""},"product_brand":[],"product_cat":[1266],"product_tag":[335,333],"class_list":{"0":"post-32939","1":"product","2":"type-product","3":"status-publish","4":"has-post-thumbnail","6":"product_cat-barrel-nut","7":"product_tag-round-nut","8":"product_tag-sleeve-nut","9":"desktop-align-left","10":"tablet-align-left","11":"mobile-align-left","12":"ast-product-gallery-layout-horizontal-slider","13":"ast-product-tabs-layout-horizontal","14":"ast-qv-on-image","16":"first","17":"instock","18":"shipping-taxable","19":"product-type-simple"},"yoast_head":"<!-- This site is optimized with the Yoast SEO Premium plugin v21.7 (Yoast SEO v25.7) - https:\/\/yoast.com\/wordpress\/plugins\/seo\/ -->\n<title>Barrel nut - Jingbang Industrial<\/title>\n<meta name=\"robots\" content=\"index, follow, max-snippet:-1, max-image-preview:large, max-video-preview:-1\" \/>\n<link rel=\"canonical\" href=\"https:\/\/jbsy-china.com\/es\/producto\/barrel-nut-2\/\" \/>\n<meta property=\"og:locale\" content=\"es_ES\" \/>\n<meta property=\"og:type\" content=\"article\" \/>\n<meta property=\"og:title\" content=\"Barrel nut\" \/>\n<meta property=\"og:description\" content=\"Key Features:   Cylindrical Design: For a flush, secure connection.  Durable: Made from materials like steel, stainless steel, or brass.  Versatile: Compatible with various applications, from furniture to machinery.\" \/>\n<meta property=\"og:url\" content=\"https:\/\/jbsy-china.com\/es\/producto\/barrel-nut-2\/\" \/>\n<meta property=\"og:site_name\" content=\"Jingbang Industrial\" \/>\n<meta property=\"article:modified_time\" content=\"2025-05-06T07:31:08+00:00\" \/>\n<meta name=\"twitter:card\" content=\"summary_large_image\" \/>\n<meta name=\"twitter:label1\" content=\"Tiempo de lectura\" \/>\n\t<meta name=\"twitter:data1\" content=\"2 minutos\" \/>\n<script type=\"application\/ld+json\" class=\"yoast-schema-graph\">{\"@context\":\"https:\/\/schema.org\",\"@graph\":[{\"@type\":\"WebPage\",\"@id\":\"https:\/\/jbsy-china.com\/product\/barrel-nut-2\/\",\"url\":\"https:\/\/jbsy-china.com\/product\/barrel-nut-2\/\",\"name\":\"Barrel nut - Jingbang Industrial\",\"isPartOf\":{\"@id\":\"https:\/\/jbsy-china.com\/#website\"},\"primaryImageOfPage\":{\"@id\":\"https:\/\/jbsy-china.com\/product\/barrel-nut-2\/#primaryimage\"},\"image\":{\"@id\":\"https:\/\/jbsy-china.com\/product\/barrel-nut-2\/#primaryimage\"},\"thumbnailUrl\":\"https:\/\/jbsy-china.com\/wp-content\/uploads\/2025\/05\/3a5feb0f8e59613dc80dada58c550ce.png\",\"datePublished\":\"2025-05-06T07:29:49+00:00\",\"dateModified\":\"2025-05-06T07:31:08+00:00\",\"breadcrumb\":{\"@id\":\"https:\/\/jbsy-china.com\/product\/barrel-nut-2\/#breadcrumb\"},\"inLanguage\":\"es\",\"potentialAction\":[{\"@type\":\"ReadAction\",\"target\":[\"https:\/\/jbsy-china.com\/product\/barrel-nut-2\/\"]}]},{\"@type\":\"ImageObject\",\"inLanguage\":\"es\",\"@id\":\"https:\/\/jbsy-china.com\/product\/barrel-nut-2\/#primaryimage\",\"url\":\"https:\/\/jbsy-china.com\/wp-content\/uploads\/2025\/05\/3a5feb0f8e59613dc80dada58c550ce.png\",\"contentUrl\":\"https:\/\/jbsy-china.com\/wp-content\/uploads\/2025\/05\/3a5feb0f8e59613dc80dada58c550ce.png\",\"width\":800,\"height\":800},{\"@type\":\"BreadcrumbList\",\"@id\":\"https:\/\/jbsy-china.com\/product\/barrel-nut-2\/#breadcrumb\",\"itemListElement\":[{\"@type\":\"ListItem\",\"position\":1,\"name\":\"Home\",\"item\":\"https:\/\/jbsy-china.com\/\"},{\"@type\":\"ListItem\",\"position\":2,\"name\":\"Products\",\"item\":\"https:\/\/jbsy-china.com\/shop\/\"},{\"@type\":\"ListItem\",\"position\":3,\"name\":\"Barrel nut\"}]},{\"@type\":\"WebSite\",\"@id\":\"https:\/\/jbsy-china.com\/#website\",\"url\":\"https:\/\/jbsy-china.com\/\",\"name\":\"Jingbang Industrial\",\"description\":\"Hardware and electronics manufacturer\",\"publisher\":{\"@id\":\"https:\/\/jbsy-china.com\/#organization\"},\"potentialAction\":[{\"@type\":\"SearchAction\",\"target\":{\"@type\":\"EntryPoint\",\"urlTemplate\":\"https:\/\/jbsy-china.com\/?s={search_term_string}\"},\"query-input\":{\"@type\":\"PropertyValueSpecification\",\"valueRequired\":true,\"valueName\":\"search_term_string\"}}],\"inLanguage\":\"es\"},{\"@type\":\"Organization\",\"@id\":\"https:\/\/jbsy-china.com\/#organization\",\"name\":\"Jingbang Industrial\",\"url\":\"https:\/\/jbsy-china.com\/\",\"logo\":{\"@type\":\"ImageObject\",\"inLanguage\":\"es\",\"@id\":\"https:\/\/jbsy-china.com\/#\/schema\/logo\/image\/\",\"url\":\"https:\/\/jbsy-china.com\/wp-content\/uploads\/2023\/11\/cropped-\u56fe\u5c42-1.png\",\"contentUrl\":\"https:\/\/jbsy-china.com\/wp-content\/uploads\/2023\/11\/cropped-\u56fe\u5c42-1.png\",\"width\":1049,\"height\":739,\"caption\":\"Jingbang Industrial\"},\"image\":{\"@id\":\"https:\/\/jbsy-china.com\/#\/schema\/logo\/image\/\"}}]}<\/script>\n<!-- \/ Yoast SEO Premium plugin. -->","yoast_head_json":{"title":"Barrel nut - Jingbang Industrial","robots":{"index":"index","follow":"follow","max-snippet":"max-snippet:-1","max-image-preview":"max-image-preview:large","max-video-preview":"max-video-preview:-1"},"canonical":"https:\/\/jbsy-china.com\/es\/producto\/barrel-nut-2\/","og_locale":"es_ES","og_type":"article","og_title":"Barrel nut","og_description":"Key Features:   Cylindrical Design: For a flush, secure connection.  Durable: Made from materials like steel, stainless steel, or brass.  Versatile: Compatible with various applications, from furniture to machinery.","og_url":"https:\/\/jbsy-china.com\/es\/producto\/barrel-nut-2\/","og_site_name":"Jingbang Industrial","article_modified_time":"2025-05-06T07:31:08+00:00","twitter_card":"summary_large_image","twitter_misc":{"Tiempo de lectura":"2 minutos"},"schema":{"@context":"https:\/\/schema.org","@graph":[{"@type":"WebPage","@id":"https:\/\/jbsy-china.com\/product\/barrel-nut-2\/","url":"https:\/\/jbsy-china.com\/product\/barrel-nut-2\/","name":"Barrel nut - Jingbang Industrial","isPartOf":{"@id":"https:\/\/jbsy-china.com\/#website"},"primaryImageOfPage":{"@id":"https:\/\/jbsy-china.com\/product\/barrel-nut-2\/#primaryimage"},"image":{"@id":"https:\/\/jbsy-china.com\/product\/barrel-nut-2\/#primaryimage"},"thumbnailUrl":"https:\/\/jbsy-china.com\/wp-content\/uploads\/2025\/05\/3a5feb0f8e59613dc80dada58c550ce.png","datePublished":"2025-05-06T07:29:49+00:00","dateModified":"2025-05-06T07:31:08+00:00","breadcrumb":{"@id":"https:\/\/jbsy-china.com\/product\/barrel-nut-2\/#breadcrumb"},"inLanguage":"es","potentialAction":[{"@type":"ReadAction","target":["https:\/\/jbsy-china.com\/product\/barrel-nut-2\/"]}]},{"@type":"ImageObject","inLanguage":"es","@id":"https:\/\/jbsy-china.com\/product\/barrel-nut-2\/#primaryimage","url":"https:\/\/jbsy-china.com\/wp-content\/uploads\/2025\/05\/3a5feb0f8e59613dc80dada58c550ce.png","contentUrl":"https:\/\/jbsy-china.com\/wp-content\/uploads\/2025\/05\/3a5feb0f8e59613dc80dada58c550ce.png","width":800,"height":800},{"@type":"BreadcrumbList","@id":"https:\/\/jbsy-china.com\/product\/barrel-nut-2\/#breadcrumb","itemListElement":[{"@type":"ListItem","position":1,"name":"Home","item":"https:\/\/jbsy-china.com\/"},{"@type":"ListItem","position":2,"name":"Products","item":"https:\/\/jbsy-china.com\/shop\/"},{"@type":"ListItem","position":3,"name":"Barrel nut"}]},{"@type":"WebSite","@id":"https:\/\/jbsy-china.com\/#website","url":"https:\/\/jbsy-china.com\/","name":"Jingbang Industrial","description":"Fabricante de hardware y electr\u00f3nica","publisher":{"@id":"https:\/\/jbsy-china.com\/#organization"},"potentialAction":[{"@type":"SearchAction","target":{"@type":"EntryPoint","urlTemplate":"https:\/\/jbsy-china.com\/?s={search_term_string}"},"query-input":{"@type":"PropertyValueSpecification","valueRequired":true,"valueName":"search_term_string"}}],"inLanguage":"es"},{"@type":"Organization","@id":"https:\/\/jbsy-china.com\/#organization","name":"Jingbang Industrial","url":"https:\/\/jbsy-china.com\/","logo":{"@type":"ImageObject","inLanguage":"es","@id":"https:\/\/jbsy-china.com\/#\/schema\/logo\/image\/","url":"https:\/\/jbsy-china.com\/wp-content\/uploads\/2023\/11\/cropped-\u56fe\u5c42-1.png","contentUrl":"https:\/\/jbsy-china.com\/wp-content\/uploads\/2023\/11\/cropped-\u56fe\u5c42-1.png","width":1049,"height":739,"caption":"Jingbang Industrial"},"image":{"@id":"https:\/\/jbsy-china.com\/#\/schema\/logo\/image\/"}}]}},"_links":{"self":[{"href":"https:\/\/jbsy-china.com\/es\/wp-json\/wp\/v2\/product\/32939","targetHints":{"allow":["GET"]}}],"collection":[{"href":"https:\/\/jbsy-china.com\/es\/wp-json\/wp\/v2\/product"}],"about":[{"href":"https:\/\/jbsy-china.com\/es\/wp-json\/wp\/v2\/types\/product"}],"replies":[{"embeddable":true,"href":"https:\/\/jbsy-china.com\/es\/wp-json\/wp\/v2\/comments?post=32939"}],"wp:featuredmedia":[{"embeddable":true,"href":"https:\/\/jbsy-china.com\/es\/wp-json\/wp\/v2\/media\/33041"}],"wp:attachment":[{"href":"https:\/\/jbsy-china.com\/es\/wp-json\/wp\/v2\/media?parent=32939"}],"wp:term":[{"taxonomy":"product_brand","embeddable":true,"href":"https:\/\/jbsy-china.com\/es\/wp-json\/wp\/v2\/product_brand?post=32939"},{"taxonomy":"product_cat","embeddable":true,"href":"https:\/\/jbsy-china.com\/es\/wp-json\/wp\/v2\/product_cat?post=32939"},{"taxonomy":"product_tag","embeddable":true,"href":"https:\/\/jbsy-china.com\/es\/wp-json\/wp\/v2\/product_tag?post=32939"}],"curies":[{"name":"wp","href":"https:\/\/api.w.org\/{rel}","templated":true}]}}