{"id":33136,"date":"2025-05-06T07:32:36","date_gmt":"2025-05-06T07:32:36","guid":{"rendered":"https:\/\/jbsy-china.com\/?post_type=product&#038;p=33136"},"modified":"2025-07-31T09:36:09","modified_gmt":"2025-07-31T09:36:09","slug":"hexagonal-shear-bolts-gold-plated","status":"publish","type":"product","link":"https:\/\/jbsy-china.com\/es\/producto\/hexagonal-shear-bolts-gold-plated\/","title":{"rendered":"Pernos de cizalladura hexagonales dorados"},"content":{"rendered":"<p><img fetchpriority=\"high\" decoding=\"async\" class=\"alignnone size-full wp-image-7978\" src=\"http:\/\/jb-bolt.com\/wp-content\/uploads\/2025\/02\/\u51b7\u9566\u8be6\u60c5\u9875_01.jpg\" alt=\"\" width=\"790\" height=\"329\" \/> <img decoding=\"async\" class=\"alignnone size-full wp-image-7979\" src=\"http:\/\/jb-bolt.com\/wp-content\/uploads\/2025\/02\/\u51b7\u9566\u8be6\u60c5\u9875_02.jpg\" alt=\"\" width=\"790\" height=\"981\" \/> <img decoding=\"async\" class=\"alignnone size-full wp-image-7980\" src=\"http:\/\/jb-bolt.com\/wp-content\/uploads\/2025\/02\/\u51b7\u9566\u8be6\u60c5\u9875_03.jpg\" alt=\"\" width=\"790\" height=\"740\" \/> <img loading=\"lazy\" decoding=\"async\" class=\"alignnone size-full wp-image-7981\" src=\"http:\/\/jb-bolt.com\/wp-content\/uploads\/2025\/02\/\u51b7\u9566\u8be6\u60c5\u9875_04.jpg\" alt=\"\" width=\"790\" height=\"739\" \/> <img loading=\"lazy\" decoding=\"async\" class=\"alignnone size-full wp-image-7983\" src=\"http:\/\/jb-bolt.com\/wp-content\/uploads\/2025\/02\/\u51b7\u9566\u8be6\u60c5\u9875_05_01.jpg\" alt=\"\" width=\"790\" height=\"677\" \/><\/p>\n<p><strong>El proceso de estampado en fr\u00edo es uno de los nuevos procesos de mecanizado a presi\u00f3n de menor o ning\u00fan corte<\/strong><br \/>\n<strong>metal. Es un m\u00e9todo de transformaci\u00f3n que utiliza la deformaci\u00f3n pl\u00e1stica del metal bajo la acci\u00f3n de<\/strong><br \/>\n<strong>fuerzas externas y, con ayuda de moldes, redistribuye y transfiere el volumen de metal para formar<\/strong><br \/>\n<strong>las piezas o formatos necesarios. El proceso de estampaci\u00f3n en fr\u00edo es el m\u00e1s adecuado para producir piezas est\u00e1ndar.<\/strong><br \/>\n<strong>elementos de fijaci\u00f3n como pernos, tornillos, tuercas, remaches, pasadores, etc.<\/strong><\/p>\n<p><img loading=\"lazy\" decoding=\"async\" class=\"alignnone size-full wp-image-7985\" src=\"http:\/\/jb-bolt.com\/wp-content\/uploads\/2025\/02\/\u51b7\u9566\u8be6\u60c5\u9875_05_03.jpg\" alt=\"\" width=\"790\" height=\"603\" \/> <img loading=\"lazy\" decoding=\"async\" class=\"alignnone size-full wp-image-7986\" src=\"http:\/\/jb-bolt.com\/wp-content\/uploads\/2025\/02\/\u51b7\u9566\u8be6\u60c5\u9875_06.jpg\" alt=\"\" width=\"790\" height=\"742\" \/><\/p>\n<div class=\"dad65929\">\n<div class=\"_4f9bf79 d7dc56a8 _43c05b5\">\n<div class=\"ds-markdown ds-markdown--block\">\n<p class=\"ds-markdown-paragraph\">Hexagonal dorado <a href=\"https:\/\/jbsy-china.com\/es\/shear-off-nuts-and-bolts\/\">pernos de cizallamiento<\/a> son fijaciones especializadas dise\u00f1adas para aplicaciones que requieren tanto seguridad como resistencia a la corrosi\u00f3n. He aqu\u00ed una descripci\u00f3n detallada:<\/p>\n<h5><strong>1. Material y construcci\u00f3n<\/strong><\/h5>\n<ul>\n<li>\n<p class=\"ds-markdown-paragraph\"><strong>Base met\u00e1lica<\/strong>: Fabricado normalmente con acero de alta resistencia o acero inoxidable para garantizar la integridad estructural.<\/p>\n<\/li>\n<li>\n<p class=\"ds-markdown-paragraph\"><strong>Revestimiento<\/strong>: Galvanoplastia con una capa de oro (a menudo un fino revestimiento de micras), que proporciona resistencia a la corrosi\u00f3n y un acabado decorativo.<\/p>\n<\/li>\n<\/ul>\n<h5><strong>2. Dise\u00f1o de la cabeza<\/strong><\/h5>\n<ul>\n<li>\n<p class=\"ds-markdown-paragraph\"><strong>Cabeza hexagonal<\/strong>: Presenta una cabeza hexagonal para acoplar herramientas (por ejemplo, llaves hexagonales o vasos).<\/p>\n<\/li>\n<li>\n<p class=\"ds-markdown-paragraph\"><strong>Caracter\u00edstica de cizallamiento<\/strong>: La cabeza est\u00e1 dise\u00f1ada para cizallarse con un par de apriete predeterminado, dejando tras de s\u00ed un v\u00e1stago liso a prueba de manipulaciones. Esto impide la extracci\u00f3n no autorizada.<\/p>\n<\/li>\n<\/ul>\n<h5><strong>3. Tipo de hilo<\/strong><\/h5>\n<ul>\n<li>\n<p class=\"ds-markdown-paragraph\">Pueden tener roscas de m\u00e1quina (por ejemplo, m\u00e9tricas o UNC\/UNF) o roscas personalizadas en funci\u00f3n de la aplicaci\u00f3n.<\/p>\n<\/li>\n<li>Pernos de cizalladura hexagonales dorados<\/li>\n<\/ul>\n<h5><strong>4. Aplicaciones<\/strong><\/h5>\n<ul>\n<li>\n<p class=\"ds-markdown-paragraph\"><strong>Usos de seguridad<\/strong>: Ideal para montajes a prueba de manipulaciones en infraestructuras p\u00fablicas, electr\u00f3nica, aeroespacial o hardware militar.<\/p>\n<\/li>\n<li>\n<p class=\"ds-markdown-paragraph\"><strong>Est\u00e9tico\/Funcional<\/strong>: El chapado en oro ofrece protecci\u00f3n contra la corrosi\u00f3n y un acabado atractivo para los componentes visibles.<\/p>\n<\/li>\n<\/ul>\n<h5><strong>5. Ventajas<\/strong><\/h5>\n<ul>\n<li>\n<p class=\"ds-markdown-paragraph\"><strong>A prueba de manipulaciones<\/strong>: La cabeza cizallada impide el desmontaje.<\/p>\n<\/li>\n<li>\n<p class=\"ds-markdown-paragraph\"><strong>Resistencia a la corrosi\u00f3n<\/strong>: El chapado en oro protege contra la oxidaci\u00f3n.<\/p>\n<\/li>\n<li>\n<p class=\"ds-markdown-paragraph\"><strong>Alta resistencia<\/strong>: El material de la base garantiza la durabilidad bajo tensi\u00f3n.<\/p>\n<\/li>\n<\/ul>\n<h5><strong>6. Tama\u00f1os comunes<\/strong><\/h5>\n<ul>\n<li>\n<p class=\"ds-markdown-paragraph\">La gama abarca desde di\u00e1metros peque\u00f1os (M3, M4) hasta di\u00e1metros mayores (M12+), con longitudes adaptadas a necesidades espec\u00edficas.<\/p>\n<\/li>\n<li>Pernos de cizalladura hexagonales dorados<\/li>\n<\/ul>\n<h5><strong>7. Normas<\/strong><\/h5>\n<ul>\n<li>\n<p class=\"ds-markdown-paragraph\">Pueden cumplir normas industriales como DIN, ISO o MIL-SPEC para pernos de cizallamiento.<\/p>\n<\/li>\n<\/ul>\n<p class=\"ds-markdown-paragraph\">Estos tornillos se utilizan cuando se necesita una fijaci\u00f3n permanente y segura con protecci\u00f3n medioambiental a\u00f1adida. Si desea m\u00e1s informaci\u00f3n sobre tama\u00f1os, pares de apriete o alternativas, p\u00f3ngase en contacto conmigo.<\/p>\n<\/div>\n<\/div>\n<\/div>","protected":false},"excerpt":{"rendered":"<h6><strong>Caracter\u00edsticas principales:<\/strong><\/h6>\n<ul>\n<li style=\"list-style-type: none;\">\n<ul>\n<li>\n<p class=\"ds-markdown-paragraph\">Dise\u00f1o est\u00e1ndar de seis caras para facilitar la instalaci\u00f3n con una llave inglesa o una llave de vaso.<\/p>\n<\/li>\n<li>\n<p class=\"ds-markdown-paragraph\">Corta con un par de torsi\u00f3n predeterminado, dejando un mu\u00f1\u00f3n liso y no fr\u00e1gil.<\/p>\n<\/li>\n<li>\n<p class=\"ds-markdown-paragraph\">Revestimiento fino de oro (galvanoplastia) para resistencia a la corrosi\u00f3n y protecci\u00f3n contra la oxidaci\u00f3n.<\/p>\n<\/li>\n<\/ul>\n<\/li>\n<\/ul>","protected":false},"featured_media":33165,"comment_status":"closed","ping_status":"closed","template":"","meta":{"site-sidebar-layout":"default","site-content-layout":"","ast-site-content-layout":"default","site-content-style":"default","site-sidebar-style":"default","ast-global-header-display":"","ast-banner-title-visibility":"","ast-main-header-display":"","ast-hfb-above-header-display":"","ast-hfb-below-header-display":"","ast-hfb-mobile-header-display":"","site-post-title":"","ast-breadcrumbs-content":"","ast-featured-img":"","footer-sml-layout":"","ast-disable-related-posts":"","theme-transparent-header-meta":"default","adv-header-id-meta":"","stick-header-meta":"default","header-above-stick-meta":"","header-main-stick-meta":"","header-below-stick-meta":"","astra-migrate-meta-layouts":"set","ast-page-background-enabled":"default","ast-page-background-meta":{"desktop":{"background-color":"var(--ast-global-color-4)","background-image":"","background-repeat":"repeat","background-position":"center center","background-size":"auto","background-attachment":"scroll","background-type":"","background-media":"","overlay-type":"","overlay-color":"","overlay-opacity":"","overlay-gradient":""},"tablet":{"background-color":"","background-image":"","background-repeat":"repeat","background-position":"center center","background-size":"auto","background-attachment":"scroll","background-type":"","background-media":"","overlay-type":"","overlay-color":"","overlay-opacity":"","overlay-gradient":""},"mobile":{"background-color":"","background-image":"","background-repeat":"repeat","background-position":"center center","background-size":"auto","background-attachment":"scroll","background-type":"","background-media":"","overlay-type":"","overlay-color":"","overlay-opacity":"","overlay-gradient":""}},"ast-content-background-meta":{"desktop":{"background-color":"var(--ast-global-color-5)","background-image":"","background-repeat":"repeat","background-position":"center center","background-size":"auto","background-attachment":"scroll","background-type":"","background-media":"","overlay-type":"","overlay-color":"","overlay-opacity":"","overlay-gradient":""},"tablet":{"background-color":"var(--ast-global-color-5)","background-image":"","background-repeat":"repeat","background-position":"center center","background-size":"auto","background-attachment":"scroll","background-type":"","background-media":"","overlay-type":"","overlay-color":"","overlay-opacity":"","overlay-gradient":""},"mobile":{"background-color":"var(--ast-global-color-5)","background-image":"","background-repeat":"repeat","background-position":"center center","background-size":"auto","background-attachment":"scroll","background-type":"","background-media":"","overlay-type":"","overlay-color":"","overlay-opacity":"","overlay-gradient":""}},"_themeisle_gutenberg_block_has_review":false,"_ti_tpc_template_sync":false,"_ti_tpc_template_id":""},"product_brand":[],"product_cat":[1272],"product_tag":[],"class_list":{"0":"post-33136","1":"product","2":"type-product","3":"status-publish","4":"has-post-thumbnail","6":"product_cat-shear-off-nuts-and-bolts","7":"desktop-align-left","8":"tablet-align-left","9":"mobile-align-left","10":"ast-product-gallery-layout-horizontal-slider","11":"ast-product-tabs-layout-horizontal","12":"ast-qv-on-image","14":"first","15":"instock","16":"shipping-taxable","17":"product-type-simple"},"yoast_head":"<!-- This site is optimized with the Yoast SEO Premium plugin v21.7 (Yoast SEO v25.7) - https:\/\/yoast.com\/wordpress\/plugins\/seo\/ -->\n<title>Hexagonal shear bolts gold plated - Jingbang Industrial<\/title>\n<meta name=\"description\" content=\"Gold-plated hexagonal shear bolts are specialized fasteners designed for applications requiring both security and corrosion resistance.\" \/>\n<meta name=\"robots\" content=\"index, follow, max-snippet:-1, max-image-preview:large, max-video-preview:-1\" \/>\n<link rel=\"canonical\" href=\"https:\/\/jbsy-china.com\/es\/producto\/hexagonal-shear-bolts-gold-plated\/\" \/>\n<meta property=\"og:locale\" content=\"es_ES\" \/>\n<meta property=\"og:type\" content=\"article\" \/>\n<meta property=\"og:title\" content=\"Hexagonal shear bolts gold plated\" \/>\n<meta property=\"og:description\" content=\"Gold-plated hexagonal shear bolts are specialized fasteners designed for applications requiring both security and corrosion resistance.\" \/>\n<meta property=\"og:url\" content=\"https:\/\/jbsy-china.com\/es\/producto\/hexagonal-shear-bolts-gold-plated\/\" \/>\n<meta property=\"og:site_name\" content=\"Jingbang Industrial\" \/>\n<meta property=\"article:modified_time\" content=\"2025-07-31T09:36:09+00:00\" \/>\n<meta property=\"og:image\" content=\"http:\/\/jbsy-china.com\/wp-content\/uploads\/2025\/05\/\u5916\u516d\u89d2\u5e26\u76d8\u5934\u526a\u5207\u87ba\u6813\u9540\u91d1.jpg\" \/>\n\t<meta property=\"og:image:width\" content=\"800\" \/>\n\t<meta property=\"og:image:height\" content=\"800\" \/>\n\t<meta property=\"og:image:type\" content=\"image\/jpeg\" \/>\n<meta name=\"twitter:card\" content=\"summary_large_image\" \/>\n<meta name=\"twitter:label1\" content=\"Tiempo de lectura\" \/>\n\t<meta name=\"twitter:data1\" content=\"3 minutos\" \/>\n<script type=\"application\/ld+json\" class=\"yoast-schema-graph\">{\"@context\":\"https:\/\/schema.org\",\"@graph\":[{\"@type\":\"WebPage\",\"@id\":\"https:\/\/jbsy-china.com\/product\/hexagonal-shear-bolts-gold-plated\/\",\"url\":\"https:\/\/jbsy-china.com\/product\/hexagonal-shear-bolts-gold-plated\/\",\"name\":\"Hexagonal shear bolts gold plated - Jingbang Industrial\",\"isPartOf\":{\"@id\":\"https:\/\/jbsy-china.com\/#website\"},\"primaryImageOfPage\":{\"@id\":\"https:\/\/jbsy-china.com\/product\/hexagonal-shear-bolts-gold-plated\/#primaryimage\"},\"image\":{\"@id\":\"https:\/\/jbsy-china.com\/product\/hexagonal-shear-bolts-gold-plated\/#primaryimage\"},\"thumbnailUrl\":\"https:\/\/jbsy-china.com\/wp-content\/uploads\/2025\/05\/\u5916\u516d\u89d2\u5e26\u76d8\u5934\u526a\u5207\u87ba\u6813\u9540\u91d1.jpg\",\"datePublished\":\"2025-05-06T07:32:36+00:00\",\"dateModified\":\"2025-07-31T09:36:09+00:00\",\"description\":\"Gold-plated hexagonal shear bolts are specialized fasteners designed for applications requiring both security and corrosion resistance.\",\"breadcrumb\":{\"@id\":\"https:\/\/jbsy-china.com\/product\/hexagonal-shear-bolts-gold-plated\/#breadcrumb\"},\"inLanguage\":\"es\",\"potentialAction\":[{\"@type\":\"ReadAction\",\"target\":[\"https:\/\/jbsy-china.com\/product\/hexagonal-shear-bolts-gold-plated\/\"]}]},{\"@type\":\"ImageObject\",\"inLanguage\":\"es\",\"@id\":\"https:\/\/jbsy-china.com\/product\/hexagonal-shear-bolts-gold-plated\/#primaryimage\",\"url\":\"https:\/\/jbsy-china.com\/wp-content\/uploads\/2025\/05\/\u5916\u516d\u89d2\u5e26\u76d8\u5934\u526a\u5207\u87ba\u6813\u9540\u91d1.jpg\",\"contentUrl\":\"https:\/\/jbsy-china.com\/wp-content\/uploads\/2025\/05\/\u5916\u516d\u89d2\u5e26\u76d8\u5934\u526a\u5207\u87ba\u6813\u9540\u91d1.jpg\",\"width\":800,\"height\":800},{\"@type\":\"BreadcrumbList\",\"@id\":\"https:\/\/jbsy-china.com\/product\/hexagonal-shear-bolts-gold-plated\/#breadcrumb\",\"itemListElement\":[{\"@type\":\"ListItem\",\"position\":1,\"name\":\"Home\",\"item\":\"https:\/\/jbsy-china.com\/\"},{\"@type\":\"ListItem\",\"position\":2,\"name\":\"Products\",\"item\":\"https:\/\/jbsy-china.com\/shop\/\"},{\"@type\":\"ListItem\",\"position\":3,\"name\":\"Hexagonal shear bolts gold plated\"}]},{\"@type\":\"WebSite\",\"@id\":\"https:\/\/jbsy-china.com\/#website\",\"url\":\"https:\/\/jbsy-china.com\/\",\"name\":\"Jingbang Industrial\",\"description\":\"Hardware and electronics manufacturer\",\"publisher\":{\"@id\":\"https:\/\/jbsy-china.com\/#organization\"},\"potentialAction\":[{\"@type\":\"SearchAction\",\"target\":{\"@type\":\"EntryPoint\",\"urlTemplate\":\"https:\/\/jbsy-china.com\/?s={search_term_string}\"},\"query-input\":{\"@type\":\"PropertyValueSpecification\",\"valueRequired\":true,\"valueName\":\"search_term_string\"}}],\"inLanguage\":\"es\"},{\"@type\":\"Organization\",\"@id\":\"https:\/\/jbsy-china.com\/#organization\",\"name\":\"Jingbang Industrial\",\"url\":\"https:\/\/jbsy-china.com\/\",\"logo\":{\"@type\":\"ImageObject\",\"inLanguage\":\"es\",\"@id\":\"https:\/\/jbsy-china.com\/#\/schema\/logo\/image\/\",\"url\":\"https:\/\/jbsy-china.com\/wp-content\/uploads\/2023\/11\/cropped-\u56fe\u5c42-1.png\",\"contentUrl\":\"https:\/\/jbsy-china.com\/wp-content\/uploads\/2023\/11\/cropped-\u56fe\u5c42-1.png\",\"width\":1049,\"height\":739,\"caption\":\"Jingbang Industrial\"},\"image\":{\"@id\":\"https:\/\/jbsy-china.com\/#\/schema\/logo\/image\/\"}}]}<\/script>\n<!-- \/ Yoast SEO Premium plugin. -->","yoast_head_json":{"title":"Hexagonal shear bolts gold plated - Jingbang Industrial","description":"Gold-plated hexagonal shear bolts are specialized fasteners designed for applications requiring both security and corrosion resistance.","robots":{"index":"index","follow":"follow","max-snippet":"max-snippet:-1","max-image-preview":"max-image-preview:large","max-video-preview":"max-video-preview:-1"},"canonical":"https:\/\/jbsy-china.com\/es\/producto\/hexagonal-shear-bolts-gold-plated\/","og_locale":"es_ES","og_type":"article","og_title":"Hexagonal shear bolts gold plated","og_description":"Gold-plated hexagonal shear bolts are specialized fasteners designed for applications requiring both security and corrosion resistance.","og_url":"https:\/\/jbsy-china.com\/es\/producto\/hexagonal-shear-bolts-gold-plated\/","og_site_name":"Jingbang Industrial","article_modified_time":"2025-07-31T09:36:09+00:00","og_image":[{"width":800,"height":800,"url":"http:\/\/jbsy-china.com\/wp-content\/uploads\/2025\/05\/\u5916\u516d\u89d2\u5e26\u76d8\u5934\u526a\u5207\u87ba\u6813\u9540\u91d1.jpg","type":"image\/jpeg"}],"twitter_card":"summary_large_image","twitter_misc":{"Tiempo de lectura":"3 minutos"},"schema":{"@context":"https:\/\/schema.org","@graph":[{"@type":"WebPage","@id":"https:\/\/jbsy-china.com\/product\/hexagonal-shear-bolts-gold-plated\/","url":"https:\/\/jbsy-china.com\/product\/hexagonal-shear-bolts-gold-plated\/","name":"Hexagonal shear bolts gold plated - Jingbang Industrial","isPartOf":{"@id":"https:\/\/jbsy-china.com\/#website"},"primaryImageOfPage":{"@id":"https:\/\/jbsy-china.com\/product\/hexagonal-shear-bolts-gold-plated\/#primaryimage"},"image":{"@id":"https:\/\/jbsy-china.com\/product\/hexagonal-shear-bolts-gold-plated\/#primaryimage"},"thumbnailUrl":"https:\/\/jbsy-china.com\/wp-content\/uploads\/2025\/05\/\u5916\u516d\u89d2\u5e26\u76d8\u5934\u526a\u5207\u87ba\u6813\u9540\u91d1.jpg","datePublished":"2025-05-06T07:32:36+00:00","dateModified":"2025-07-31T09:36:09+00:00","description":"Gold-plated hexagonal shear bolts are specialized fasteners designed for applications requiring both security and corrosion resistance.","breadcrumb":{"@id":"https:\/\/jbsy-china.com\/product\/hexagonal-shear-bolts-gold-plated\/#breadcrumb"},"inLanguage":"es","potentialAction":[{"@type":"ReadAction","target":["https:\/\/jbsy-china.com\/product\/hexagonal-shear-bolts-gold-plated\/"]}]},{"@type":"ImageObject","inLanguage":"es","@id":"https:\/\/jbsy-china.com\/product\/hexagonal-shear-bolts-gold-plated\/#primaryimage","url":"https:\/\/jbsy-china.com\/wp-content\/uploads\/2025\/05\/\u5916\u516d\u89d2\u5e26\u76d8\u5934\u526a\u5207\u87ba\u6813\u9540\u91d1.jpg","contentUrl":"https:\/\/jbsy-china.com\/wp-content\/uploads\/2025\/05\/\u5916\u516d\u89d2\u5e26\u76d8\u5934\u526a\u5207\u87ba\u6813\u9540\u91d1.jpg","width":800,"height":800},{"@type":"BreadcrumbList","@id":"https:\/\/jbsy-china.com\/product\/hexagonal-shear-bolts-gold-plated\/#breadcrumb","itemListElement":[{"@type":"ListItem","position":1,"name":"Home","item":"https:\/\/jbsy-china.com\/"},{"@type":"ListItem","position":2,"name":"Products","item":"https:\/\/jbsy-china.com\/shop\/"},{"@type":"ListItem","position":3,"name":"Hexagonal shear bolts gold plated"}]},{"@type":"WebSite","@id":"https:\/\/jbsy-china.com\/#website","url":"https:\/\/jbsy-china.com\/","name":"Jingbang Industrial","description":"Fabricante de hardware y electr\u00f3nica","publisher":{"@id":"https:\/\/jbsy-china.com\/#organization"},"potentialAction":[{"@type":"SearchAction","target":{"@type":"EntryPoint","urlTemplate":"https:\/\/jbsy-china.com\/?s={search_term_string}"},"query-input":{"@type":"PropertyValueSpecification","valueRequired":true,"valueName":"search_term_string"}}],"inLanguage":"es"},{"@type":"Organization","@id":"https:\/\/jbsy-china.com\/#organization","name":"Jingbang Industrial","url":"https:\/\/jbsy-china.com\/","logo":{"@type":"ImageObject","inLanguage":"es","@id":"https:\/\/jbsy-china.com\/#\/schema\/logo\/image\/","url":"https:\/\/jbsy-china.com\/wp-content\/uploads\/2023\/11\/cropped-\u56fe\u5c42-1.png","contentUrl":"https:\/\/jbsy-china.com\/wp-content\/uploads\/2023\/11\/cropped-\u56fe\u5c42-1.png","width":1049,"height":739,"caption":"Jingbang Industrial"},"image":{"@id":"https:\/\/jbsy-china.com\/#\/schema\/logo\/image\/"}}]}},"_links":{"self":[{"href":"https:\/\/jbsy-china.com\/es\/wp-json\/wp\/v2\/product\/33136","targetHints":{"allow":["GET"]}}],"collection":[{"href":"https:\/\/jbsy-china.com\/es\/wp-json\/wp\/v2\/product"}],"about":[{"href":"https:\/\/jbsy-china.com\/es\/wp-json\/wp\/v2\/types\/product"}],"replies":[{"embeddable":true,"href":"https:\/\/jbsy-china.com\/es\/wp-json\/wp\/v2\/comments?post=33136"}],"wp:featuredmedia":[{"embeddable":true,"href":"https:\/\/jbsy-china.com\/es\/wp-json\/wp\/v2\/media\/33165"}],"wp:attachment":[{"href":"https:\/\/jbsy-china.com\/es\/wp-json\/wp\/v2\/media?parent=33136"}],"wp:term":[{"taxonomy":"product_brand","embeddable":true,"href":"https:\/\/jbsy-china.com\/es\/wp-json\/wp\/v2\/product_brand?post=33136"},{"taxonomy":"product_cat","embeddable":true,"href":"https:\/\/jbsy-china.com\/es\/wp-json\/wp\/v2\/product_cat?post=33136"},{"taxonomy":"product_tag","embeddable":true,"href":"https:\/\/jbsy-china.com\/es\/wp-json\/wp\/v2\/product_tag?post=33136"}],"curies":[{"name":"wp","href":"https:\/\/api.w.org\/{rel}","templated":true}]}}