{"id":33251,"date":"2025-05-09T09:02:39","date_gmt":"2025-05-09T09:02:39","guid":{"rendered":"https:\/\/jbsy-china.com\/?post_type=product&#038;p=33251"},"modified":"2025-07-31T06:14:40","modified_gmt":"2025-07-31T06:14:40","slug":"shear-bolts-black-nickel-plated","status":"publish","type":"product","link":"https:\/\/jbsy-china.com\/es\/producto\/shear-bolts-black-nickel-plated\/","title":{"rendered":"Pernos de cizalla niquelados en negro"},"content":{"rendered":"<p><img fetchpriority=\"high\" decoding=\"async\" class=\"alignnone size-full wp-image-31578\" src=\"http:\/\/jbsy-china.com\/wp-content\/uploads\/2025\/02\/\u51b7\u9566\u8be6\u60c5\u9875_01.jpg\" alt=\"\" width=\"790\" height=\"329\" srcset=\"https:\/\/jbsy-china.com\/wp-content\/uploads\/2025\/02\/\u51b7\u9566\u8be6\u60c5\u9875_01.jpg 790w, https:\/\/jbsy-china.com\/wp-content\/uploads\/2025\/02\/\u51b7\u9566\u8be6\u60c5\u9875_01-300x125.jpg 300w, https:\/\/jbsy-china.com\/wp-content\/uploads\/2025\/02\/\u51b7\u9566\u8be6\u60c5\u9875_01-768x320.jpg 768w, https:\/\/jbsy-china.com\/wp-content\/uploads\/2025\/02\/\u51b7\u9566\u8be6\u60c5\u9875_01-600x250.jpg 600w\" sizes=\"(max-width: 790px) 100vw, 790px\" \/> <img decoding=\"async\" class=\"alignnone size-full wp-image-31579\" src=\"http:\/\/jbsy-china.com\/wp-content\/uploads\/2025\/02\/\u51b7\u9566\u8be6\u60c5\u9875_02.jpg\" alt=\"\" width=\"790\" height=\"981\" srcset=\"https:\/\/jbsy-china.com\/wp-content\/uploads\/2025\/02\/\u51b7\u9566\u8be6\u60c5\u9875_02.jpg 790w, https:\/\/jbsy-china.com\/wp-content\/uploads\/2025\/02\/\u51b7\u9566\u8be6\u60c5\u9875_02-242x300.jpg 242w, https:\/\/jbsy-china.com\/wp-content\/uploads\/2025\/02\/\u51b7\u9566\u8be6\u60c5\u9875_02-768x954.jpg 768w, https:\/\/jbsy-china.com\/wp-content\/uploads\/2025\/02\/\u51b7\u9566\u8be6\u60c5\u9875_02-600x745.jpg 600w\" sizes=\"(max-width: 790px) 100vw, 790px\" \/> <img decoding=\"async\" class=\"alignnone size-full wp-image-31580\" src=\"http:\/\/jbsy-china.com\/wp-content\/uploads\/2025\/02\/\u51b7\u9566\u8be6\u60c5\u9875_03.jpg\" alt=\"\" width=\"790\" height=\"740\" srcset=\"https:\/\/jbsy-china.com\/wp-content\/uploads\/2025\/02\/\u51b7\u9566\u8be6\u60c5\u9875_03.jpg 790w, https:\/\/jbsy-china.com\/wp-content\/uploads\/2025\/02\/\u51b7\u9566\u8be6\u60c5\u9875_03-300x281.jpg 300w, https:\/\/jbsy-china.com\/wp-content\/uploads\/2025\/02\/\u51b7\u9566\u8be6\u60c5\u9875_03-768x719.jpg 768w, https:\/\/jbsy-china.com\/wp-content\/uploads\/2025\/02\/\u51b7\u9566\u8be6\u60c5\u9875_03-600x562.jpg 600w\" sizes=\"(max-width: 790px) 100vw, 790px\" \/> <img loading=\"lazy\" decoding=\"async\" class=\"alignnone size-full wp-image-31581\" src=\"http:\/\/jbsy-china.com\/wp-content\/uploads\/2025\/02\/\u51b7\u9566\u8be6\u60c5\u9875_04.jpg\" alt=\"\" width=\"790\" height=\"739\" srcset=\"https:\/\/jbsy-china.com\/wp-content\/uploads\/2025\/02\/\u51b7\u9566\u8be6\u60c5\u9875_04.jpg 790w, https:\/\/jbsy-china.com\/wp-content\/uploads\/2025\/02\/\u51b7\u9566\u8be6\u60c5\u9875_04-300x281.jpg 300w, https:\/\/jbsy-china.com\/wp-content\/uploads\/2025\/02\/\u51b7\u9566\u8be6\u60c5\u9875_04-768x718.jpg 768w, https:\/\/jbsy-china.com\/wp-content\/uploads\/2025\/02\/\u51b7\u9566\u8be6\u60c5\u9875_04-600x561.jpg 600w\" sizes=\"(max-width: 790px) 100vw, 790px\" \/> <img loading=\"lazy\" decoding=\"async\" class=\"alignnone size-full wp-image-31583\" src=\"http:\/\/jbsy-china.com\/wp-content\/uploads\/2025\/02\/\u51b7\u9566\u8be6\u60c5\u9875_05_01.jpg\" alt=\"\" width=\"790\" height=\"677\" srcset=\"https:\/\/jbsy-china.com\/wp-content\/uploads\/2025\/02\/\u51b7\u9566\u8be6\u60c5\u9875_05_01.jpg 790w, https:\/\/jbsy-china.com\/wp-content\/uploads\/2025\/02\/\u51b7\u9566\u8be6\u60c5\u9875_05_01-300x257.jpg 300w, https:\/\/jbsy-china.com\/wp-content\/uploads\/2025\/02\/\u51b7\u9566\u8be6\u60c5\u9875_05_01-768x658.jpg 768w, https:\/\/jbsy-china.com\/wp-content\/uploads\/2025\/02\/\u51b7\u9566\u8be6\u60c5\u9875_05_01-600x514.jpg 600w\" sizes=\"(max-width: 790px) 100vw, 790px\" \/><\/p>\n<p><strong>El proceso de estampado en fr\u00edo es uno de los nuevos procesos de mecanizado a presi\u00f3n de menor o ning\u00fan corte<\/strong><br \/>\n<strong>metal. Es un m\u00e9todo de transformaci\u00f3n que utiliza la deformaci\u00f3n pl\u00e1stica del metal bajo la acci\u00f3n de<\/strong><br \/>\n<strong>fuerzas externas y, con ayuda de moldes, redistribuye y transfiere el volumen de metal para formar<\/strong><br \/>\n<strong>las piezas o formatos necesarios. El proceso de estampaci\u00f3n en fr\u00edo es el m\u00e1s adecuado para producir piezas est\u00e1ndar.<\/strong><br \/>\n<strong>elementos de fijaci\u00f3n como pernos, tornillos, tuercas, remaches, pasadores, etc.<\/strong><\/p>\n<p><img loading=\"lazy\" decoding=\"async\" class=\"alignnone size-full wp-image-31585\" src=\"http:\/\/jbsy-china.com\/wp-content\/uploads\/2025\/02\/\u51b7\u9566\u8be6\u60c5\u9875_05_03.jpg\" alt=\"\" width=\"790\" height=\"603\" srcset=\"https:\/\/jbsy-china.com\/wp-content\/uploads\/2025\/02\/\u51b7\u9566\u8be6\u60c5\u9875_05_03.jpg 790w, https:\/\/jbsy-china.com\/wp-content\/uploads\/2025\/02\/\u51b7\u9566\u8be6\u60c5\u9875_05_03-300x229.jpg 300w, https:\/\/jbsy-china.com\/wp-content\/uploads\/2025\/02\/\u51b7\u9566\u8be6\u60c5\u9875_05_03-768x586.jpg 768w, https:\/\/jbsy-china.com\/wp-content\/uploads\/2025\/02\/\u51b7\u9566\u8be6\u60c5\u9875_05_03-600x458.jpg 600w\" sizes=\"(max-width: 790px) 100vw, 790px\" \/> <img loading=\"lazy\" decoding=\"async\" class=\"alignnone size-full wp-image-31586\" src=\"http:\/\/jbsy-china.com\/wp-content\/uploads\/2025\/02\/\u51b7\u9566\u8be6\u60c5\u9875_06.jpg\" alt=\"\" width=\"790\" height=\"742\" srcset=\"https:\/\/jbsy-china.com\/wp-content\/uploads\/2025\/02\/\u51b7\u9566\u8be6\u60c5\u9875_06.jpg 790w, https:\/\/jbsy-china.com\/wp-content\/uploads\/2025\/02\/\u51b7\u9566\u8be6\u60c5\u9875_06-300x282.jpg 300w, https:\/\/jbsy-china.com\/wp-content\/uploads\/2025\/02\/\u51b7\u9566\u8be6\u60c5\u9875_06-768x721.jpg 768w, https:\/\/jbsy-china.com\/wp-content\/uploads\/2025\/02\/\u51b7\u9566\u8be6\u60c5\u9875_06-600x564.jpg 600w\" sizes=\"(max-width: 790px) 100vw, 790px\" \/><\/p>\n<p class=\"ds-markdown-paragraph\">Niquelado negro <a href=\"https:\/\/jbsy-china.com\/es\/shear-off-nuts-and-bolts\/\">pernos de cizallamiento<\/a> son fijaciones especializadas dise\u00f1adas para ofrecer resistencia a la corrosi\u00f3n y un punto de rotura controlado bajo un par de apriete o esfuerzo cortante espec\u00edficos. He aqu\u00ed una descripci\u00f3n detallada:<\/p>\n<h5><strong>1. Material y construcci\u00f3n:<\/strong><\/h5>\n<ul>\n<li>\n<p class=\"ds-markdown-paragraph\"><strong>Metal base:<\/strong>\u00a0Suelen fabricarse en acero de alta resistencia o aleaci\u00f3n para garantizar su durabilidad.<\/p>\n<\/li>\n<li>\n<p class=\"ds-markdown-paragraph\"><strong>Chapado:<\/strong>\u00a0Recubierto con\u00a0<strong>n\u00edquel negro<\/strong>Un acabado oscuro, mate o semibrillante que ofrece:<\/p>\n<ul>\n<li>\n<p class=\"ds-markdown-paragraph\"><strong>Resistencia a la corrosi\u00f3n:<\/strong>\u00a0Protege contra el \u00f3xido y los da\u00f1os ambientales.<\/p>\n<\/li>\n<li>\n<p class=\"ds-markdown-paragraph\"><strong>Atractivo est\u00e9tico:<\/strong>\u00a0Proporciona un elegante acabado negro no reflectante.<\/p>\n<\/li>\n<li>\n<p class=\"ds-markdown-paragraph\"><strong>Lubricidad moderada:<\/strong>\u00a0Ayuda en el apriete pero es menos resbaladizo que el zinc o el cromo.<\/p>\n<\/li>\n<\/ul>\n<\/li>\n<\/ul>\n<h5><strong>2. Dise\u00f1o de pernos a cortante:<\/strong><\/h5>\n<ul>\n<li>\n<p class=\"ds-markdown-paragraph\"><strong>Prop\u00f3sito:<\/strong>\u00a0Dise\u00f1ado para\u00a0<strong>cortar<\/strong>\u00a0a un par o carga predeterminados, actuando como un fusible mec\u00e1nico para proteger la maquinaria de da\u00f1os por sobrecarga.<\/p>\n<\/li>\n<li>\n<p class=\"ds-markdown-paragraph\"><strong>Punto d\u00e9bil:<\/strong>\u00a0A menudo tiene un di\u00e1metro de mango dentado o reducido para asegurar una rotura controlada.<\/p>\n<\/li>\n<li><strong>Pernos de cizalla niquelados en negro<\/strong><\/li>\n<li>\n<p class=\"ds-markdown-paragraph\"><strong>Aplicaciones comunes:<\/strong>\u00a0Se utiliza en equipos agr\u00edcolas (por ejemplo, cortadoras rotativas, sinfines), sistemas de seguridad de autom\u00f3viles y maquinaria industrial.<\/p>\n<\/li>\n<\/ul>\n<h5><strong>3. Caracter\u00edsticas principales:<\/strong><\/h5>\n<ul>\n<li>\n<p class=\"ds-markdown-paragraph\"><strong>Fracaso controlado:<\/strong>\u00a0Evita da\u00f1os costosos por cizallamiento antes de que la fuerza excesiva da\u00f1e otros componentes.<\/p>\n<\/li>\n<li>\n<p class=\"ds-markdown-paragraph\"><strong>Tipo de hilo:<\/strong>\u00a0Pueden tener roscas finas o gruesas en funci\u00f3n de la aplicaci\u00f3n (por ejemplo, normas m\u00e9tricas o SAE).<\/p>\n<\/li>\n<li>\n<p class=\"ds-markdown-paragraph\"><strong>Estilos de cabeza:<\/strong>\u00a0Cabeza hexagonal, cabeza de brida o cabezas especiales para requisitos espec\u00edficos de par de apriete.<\/p>\n<\/li>\n<\/ul>\n<h5><strong>4. Ventajas del niquelado negro:<\/strong><\/h5>\n<ul>\n<li>\n<p class=\"ds-markdown-paragraph\"><strong>Durabilidad mejorada:<\/strong>\u00a0M\u00e1s resistentes al desgaste que los tornillos lisos o cincados.<\/p>\n<\/li>\n<li>\n<p class=\"ds-markdown-paragraph\"><strong>Acabado decorativo:<\/strong>\u00a0A menudo se utiliza en aplicaciones visibles en las que la est\u00e9tica importa.<\/p>\n<\/li>\n<li>\n<p class=\"ds-markdown-paragraph\"><strong>Mejor adherencia:<\/strong>\u00a0La pintura o los revestimientos se adhieren mejor que al n\u00edquel brillante.<\/p>\n<\/li>\n<li><strong>Pernos de cizalla niquelados en negro<\/strong><\/li>\n<\/ul>\n<h5><strong>5. Usos comunes:<\/strong><\/h5>\n<ul>\n<li>\n<p class=\"ds-markdown-paragraph\"><strong>Agricultura:<\/strong>\u00a0Pernos de cizallamiento en ejes de toma de fuerza, plataformas de segadoras y cosechadoras.<\/p>\n<\/li>\n<li>\n<p class=\"ds-markdown-paragraph\"><strong>Autom\u00f3vil:<\/strong>\u00a0Puntos de cizalladura cr\u00edticos para la seguridad en cinturones de seguridad o transmisiones.<\/p>\n<\/li>\n<li>\n<p class=\"ds-markdown-paragraph\"><strong>Maquinaria industrial:<\/strong>\u00a0Protecci\u00f3n contra sobrecargas en transportadores o cajas de engranajes.<\/p>\n<\/li>\n<\/ul>","protected":false},"excerpt":{"rendered":"<h6><strong>Caracter\u00edsticas principales:<\/strong><\/h6>\n<ul>\n<li>\n<p class=\"ds-markdown-paragraph\"><strong>Fracaso controlado:<\/strong>\u00a0Evita da\u00f1os costosos por cizallamiento antes de que la fuerza excesiva da\u00f1e otros componentes.<\/p>\n<\/li>\n<li>\n<p class=\"ds-markdown-paragraph\"><strong>Tipo de hilo:<\/strong>\u00a0Pueden tener roscas finas o gruesas en funci\u00f3n de la aplicaci\u00f3n (por ejemplo, normas m\u00e9tricas o SAE).<\/p>\n<\/li>\n<li>\n<p class=\"ds-markdown-paragraph\"><strong>Estilos de cabeza:<\/strong>\u00a0Cabeza hexagonal, cabeza de brida o cabezas especiales para requisitos espec\u00edficos de par de apriete.<\/p>\n<\/li>\n<\/ul>","protected":false},"featured_media":33164,"comment_status":"open","ping_status":"closed","template":"","meta":{"site-sidebar-layout":"default","site-content-layout":"","ast-site-content-layout":"default","site-content-style":"default","site-sidebar-style":"default","ast-global-header-display":"","ast-banner-title-visibility":"","ast-main-header-display":"","ast-hfb-above-header-display":"","ast-hfb-below-header-display":"","ast-hfb-mobile-header-display":"","site-post-title":"","ast-breadcrumbs-content":"","ast-featured-img":"","footer-sml-layout":"","ast-disable-related-posts":"","theme-transparent-header-meta":"default","adv-header-id-meta":"","stick-header-meta":"default","header-above-stick-meta":"","header-main-stick-meta":"","header-below-stick-meta":"","astra-migrate-meta-layouts":"set","ast-page-background-enabled":"default","ast-page-background-meta":{"desktop":{"background-color":"var(--ast-global-color-4)","background-image":"","background-repeat":"repeat","background-position":"center center","background-size":"auto","background-attachment":"scroll","background-type":"","background-media":"","overlay-type":"","overlay-color":"","overlay-opacity":"","overlay-gradient":""},"tablet":{"background-color":"","background-image":"","background-repeat":"repeat","background-position":"center center","background-size":"auto","background-attachment":"scroll","background-type":"","background-media":"","overlay-type":"","overlay-color":"","overlay-opacity":"","overlay-gradient":""},"mobile":{"background-color":"","background-image":"","background-repeat":"repeat","background-position":"center center","background-size":"auto","background-attachment":"scroll","background-type":"","background-media":"","overlay-type":"","overlay-color":"","overlay-opacity":"","overlay-gradient":""}},"ast-content-background-meta":{"desktop":{"background-color":"var(--ast-global-color-5)","background-image":"","background-repeat":"repeat","background-position":"center center","background-size":"auto","background-attachment":"scroll","background-type":"","background-media":"","overlay-type":"","overlay-color":"","overlay-opacity":"","overlay-gradient":""},"tablet":{"background-color":"var(--ast-global-color-5)","background-image":"","background-repeat":"repeat","background-position":"center center","background-size":"auto","background-attachment":"scroll","background-type":"","background-media":"","overlay-type":"","overlay-color":"","overlay-opacity":"","overlay-gradient":""},"mobile":{"background-color":"var(--ast-global-color-5)","background-image":"","background-repeat":"repeat","background-position":"center center","background-size":"auto","background-attachment":"scroll","background-type":"","background-media":"","overlay-type":"","overlay-color":"","overlay-opacity":"","overlay-gradient":""}},"_themeisle_gutenberg_block_has_review":false,"_ti_tpc_template_sync":false,"_ti_tpc_template_id":""},"product_brand":[],"product_cat":[1272],"product_tag":[],"class_list":{"0":"post-33251","1":"product","2":"type-product","3":"status-publish","4":"has-post-thumbnail","6":"product_cat-shear-off-nuts-and-bolts","7":"desktop-align-left","8":"tablet-align-left","9":"mobile-align-left","10":"ast-product-gallery-layout-horizontal-slider","11":"ast-product-tabs-layout-horizontal","12":"ast-qv-on-image","14":"first","15":"instock","16":"shipping-taxable","17":"product-type-simple"},"yoast_head":"<!-- This site is optimized with the Yoast SEO Premium plugin v21.7 (Yoast SEO v25.7) - https:\/\/yoast.com\/wordpress\/plugins\/seo\/ -->\n<title>Shear bolts black nickel plated - Jingbang Industrial<\/title>\n<meta name=\"description\" content=\"Black nickel plated shear bolts are specially designed fasteners to provide corrosion resistance and a controlled breaking point under shear stress.\" \/>\n<meta name=\"robots\" content=\"index, follow, max-snippet:-1, max-image-preview:large, max-video-preview:-1\" \/>\n<link rel=\"canonical\" href=\"https:\/\/jbsy-china.com\/es\/producto\/shear-bolts-black-nickel-plated\/\" \/>\n<meta property=\"og:locale\" content=\"es_ES\" \/>\n<meta property=\"og:type\" content=\"article\" \/>\n<meta property=\"og:title\" content=\"Shear bolts black nickel plated\" \/>\n<meta property=\"og:description\" content=\"Black nickel plated shear bolts are specially designed fasteners to provide corrosion resistance and a controlled breaking point under shear stress.\" \/>\n<meta property=\"og:url\" content=\"https:\/\/jbsy-china.com\/es\/producto\/shear-bolts-black-nickel-plated\/\" \/>\n<meta property=\"og:site_name\" content=\"Jingbang Industrial\" \/>\n<meta property=\"article:modified_time\" content=\"2025-07-31T06:14:40+00:00\" \/>\n<meta property=\"og:image\" content=\"http:\/\/jbsy-china.com\/wp-content\/uploads\/2025\/05\/\u5916\u516d\u89d2\u5e26\u76d8\u5934\u526a\u5207\u87ba\u6813\u9540\u9ed1\u954d.jpg\" \/>\n\t<meta property=\"og:image:width\" content=\"800\" \/>\n\t<meta property=\"og:image:height\" content=\"800\" \/>\n\t<meta property=\"og:image:type\" content=\"image\/jpeg\" \/>\n<meta name=\"twitter:card\" content=\"summary_large_image\" \/>\n<meta name=\"twitter:label1\" content=\"Tiempo de lectura\" \/>\n\t<meta name=\"twitter:data1\" content=\"4 minutos\" \/>\n<script type=\"application\/ld+json\" class=\"yoast-schema-graph\">{\"@context\":\"https:\/\/schema.org\",\"@graph\":[{\"@type\":\"WebPage\",\"@id\":\"https:\/\/jbsy-china.com\/product\/shear-bolts-black-nickel-plated\/\",\"url\":\"https:\/\/jbsy-china.com\/product\/shear-bolts-black-nickel-plated\/\",\"name\":\"Shear bolts black nickel plated - Jingbang Industrial\",\"isPartOf\":{\"@id\":\"https:\/\/jbsy-china.com\/#website\"},\"primaryImageOfPage\":{\"@id\":\"https:\/\/jbsy-china.com\/product\/shear-bolts-black-nickel-plated\/#primaryimage\"},\"image\":{\"@id\":\"https:\/\/jbsy-china.com\/product\/shear-bolts-black-nickel-plated\/#primaryimage\"},\"thumbnailUrl\":\"https:\/\/jbsy-china.com\/wp-content\/uploads\/2025\/05\/\u5916\u516d\u89d2\u5e26\u76d8\u5934\u526a\u5207\u87ba\u6813\u9540\u9ed1\u954d.jpg\",\"datePublished\":\"2025-05-09T09:02:39+00:00\",\"dateModified\":\"2025-07-31T06:14:40+00:00\",\"description\":\"Black nickel plated shear bolts are specially designed fasteners to provide corrosion resistance and a controlled breaking point under shear stress.\",\"breadcrumb\":{\"@id\":\"https:\/\/jbsy-china.com\/product\/shear-bolts-black-nickel-plated\/#breadcrumb\"},\"inLanguage\":\"es\",\"potentialAction\":[{\"@type\":\"ReadAction\",\"target\":[\"https:\/\/jbsy-china.com\/product\/shear-bolts-black-nickel-plated\/\"]}]},{\"@type\":\"ImageObject\",\"inLanguage\":\"es\",\"@id\":\"https:\/\/jbsy-china.com\/product\/shear-bolts-black-nickel-plated\/#primaryimage\",\"url\":\"https:\/\/jbsy-china.com\/wp-content\/uploads\/2025\/05\/\u5916\u516d\u89d2\u5e26\u76d8\u5934\u526a\u5207\u87ba\u6813\u9540\u9ed1\u954d.jpg\",\"contentUrl\":\"https:\/\/jbsy-china.com\/wp-content\/uploads\/2025\/05\/\u5916\u516d\u89d2\u5e26\u76d8\u5934\u526a\u5207\u87ba\u6813\u9540\u9ed1\u954d.jpg\",\"width\":800,\"height\":800},{\"@type\":\"BreadcrumbList\",\"@id\":\"https:\/\/jbsy-china.com\/product\/shear-bolts-black-nickel-plated\/#breadcrumb\",\"itemListElement\":[{\"@type\":\"ListItem\",\"position\":1,\"name\":\"Home\",\"item\":\"https:\/\/jbsy-china.com\/\"},{\"@type\":\"ListItem\",\"position\":2,\"name\":\"Products\",\"item\":\"https:\/\/jbsy-china.com\/shop\/\"},{\"@type\":\"ListItem\",\"position\":3,\"name\":\"Shear bolts black nickel plated\"}]},{\"@type\":\"WebSite\",\"@id\":\"https:\/\/jbsy-china.com\/#website\",\"url\":\"https:\/\/jbsy-china.com\/\",\"name\":\"Jingbang Industrial\",\"description\":\"Hardware and electronics manufacturer\",\"publisher\":{\"@id\":\"https:\/\/jbsy-china.com\/#organization\"},\"potentialAction\":[{\"@type\":\"SearchAction\",\"target\":{\"@type\":\"EntryPoint\",\"urlTemplate\":\"https:\/\/jbsy-china.com\/?s={search_term_string}\"},\"query-input\":{\"@type\":\"PropertyValueSpecification\",\"valueRequired\":true,\"valueName\":\"search_term_string\"}}],\"inLanguage\":\"es\"},{\"@type\":\"Organization\",\"@id\":\"https:\/\/jbsy-china.com\/#organization\",\"name\":\"Jingbang Industrial\",\"url\":\"https:\/\/jbsy-china.com\/\",\"logo\":{\"@type\":\"ImageObject\",\"inLanguage\":\"es\",\"@id\":\"https:\/\/jbsy-china.com\/#\/schema\/logo\/image\/\",\"url\":\"https:\/\/jbsy-china.com\/wp-content\/uploads\/2023\/11\/cropped-\u56fe\u5c42-1.png\",\"contentUrl\":\"https:\/\/jbsy-china.com\/wp-content\/uploads\/2023\/11\/cropped-\u56fe\u5c42-1.png\",\"width\":1049,\"height\":739,\"caption\":\"Jingbang Industrial\"},\"image\":{\"@id\":\"https:\/\/jbsy-china.com\/#\/schema\/logo\/image\/\"}}]}<\/script>\n<!-- \/ Yoast SEO Premium plugin. -->","yoast_head_json":{"title":"Shear bolts black nickel plated - Jingbang Industrial","description":"Black nickel plated shear bolts are specially designed fasteners to provide corrosion resistance and a controlled breaking point under shear stress.","robots":{"index":"index","follow":"follow","max-snippet":"max-snippet:-1","max-image-preview":"max-image-preview:large","max-video-preview":"max-video-preview:-1"},"canonical":"https:\/\/jbsy-china.com\/es\/producto\/shear-bolts-black-nickel-plated\/","og_locale":"es_ES","og_type":"article","og_title":"Shear bolts black nickel plated","og_description":"Black nickel plated shear bolts are specially designed fasteners to provide corrosion resistance and a controlled breaking point under shear stress.","og_url":"https:\/\/jbsy-china.com\/es\/producto\/shear-bolts-black-nickel-plated\/","og_site_name":"Jingbang Industrial","article_modified_time":"2025-07-31T06:14:40+00:00","og_image":[{"width":800,"height":800,"url":"http:\/\/jbsy-china.com\/wp-content\/uploads\/2025\/05\/\u5916\u516d\u89d2\u5e26\u76d8\u5934\u526a\u5207\u87ba\u6813\u9540\u9ed1\u954d.jpg","type":"image\/jpeg"}],"twitter_card":"summary_large_image","twitter_misc":{"Tiempo de lectura":"4 minutos"},"schema":{"@context":"https:\/\/schema.org","@graph":[{"@type":"WebPage","@id":"https:\/\/jbsy-china.com\/product\/shear-bolts-black-nickel-plated\/","url":"https:\/\/jbsy-china.com\/product\/shear-bolts-black-nickel-plated\/","name":"Shear bolts black nickel plated - Jingbang Industrial","isPartOf":{"@id":"https:\/\/jbsy-china.com\/#website"},"primaryImageOfPage":{"@id":"https:\/\/jbsy-china.com\/product\/shear-bolts-black-nickel-plated\/#primaryimage"},"image":{"@id":"https:\/\/jbsy-china.com\/product\/shear-bolts-black-nickel-plated\/#primaryimage"},"thumbnailUrl":"https:\/\/jbsy-china.com\/wp-content\/uploads\/2025\/05\/\u5916\u516d\u89d2\u5e26\u76d8\u5934\u526a\u5207\u87ba\u6813\u9540\u9ed1\u954d.jpg","datePublished":"2025-05-09T09:02:39+00:00","dateModified":"2025-07-31T06:14:40+00:00","description":"Black nickel plated shear bolts are specially designed fasteners to provide corrosion resistance and a controlled breaking point under shear stress.","breadcrumb":{"@id":"https:\/\/jbsy-china.com\/product\/shear-bolts-black-nickel-plated\/#breadcrumb"},"inLanguage":"es","potentialAction":[{"@type":"ReadAction","target":["https:\/\/jbsy-china.com\/product\/shear-bolts-black-nickel-plated\/"]}]},{"@type":"ImageObject","inLanguage":"es","@id":"https:\/\/jbsy-china.com\/product\/shear-bolts-black-nickel-plated\/#primaryimage","url":"https:\/\/jbsy-china.com\/wp-content\/uploads\/2025\/05\/\u5916\u516d\u89d2\u5e26\u76d8\u5934\u526a\u5207\u87ba\u6813\u9540\u9ed1\u954d.jpg","contentUrl":"https:\/\/jbsy-china.com\/wp-content\/uploads\/2025\/05\/\u5916\u516d\u89d2\u5e26\u76d8\u5934\u526a\u5207\u87ba\u6813\u9540\u9ed1\u954d.jpg","width":800,"height":800},{"@type":"BreadcrumbList","@id":"https:\/\/jbsy-china.com\/product\/shear-bolts-black-nickel-plated\/#breadcrumb","itemListElement":[{"@type":"ListItem","position":1,"name":"Home","item":"https:\/\/jbsy-china.com\/"},{"@type":"ListItem","position":2,"name":"Products","item":"https:\/\/jbsy-china.com\/shop\/"},{"@type":"ListItem","position":3,"name":"Shear bolts black nickel plated"}]},{"@type":"WebSite","@id":"https:\/\/jbsy-china.com\/#website","url":"https:\/\/jbsy-china.com\/","name":"Jingbang Industrial","description":"Fabricante de hardware y electr\u00f3nica","publisher":{"@id":"https:\/\/jbsy-china.com\/#organization"},"potentialAction":[{"@type":"SearchAction","target":{"@type":"EntryPoint","urlTemplate":"https:\/\/jbsy-china.com\/?s={search_term_string}"},"query-input":{"@type":"PropertyValueSpecification","valueRequired":true,"valueName":"search_term_string"}}],"inLanguage":"es"},{"@type":"Organization","@id":"https:\/\/jbsy-china.com\/#organization","name":"Jingbang Industrial","url":"https:\/\/jbsy-china.com\/","logo":{"@type":"ImageObject","inLanguage":"es","@id":"https:\/\/jbsy-china.com\/#\/schema\/logo\/image\/","url":"https:\/\/jbsy-china.com\/wp-content\/uploads\/2023\/11\/cropped-\u56fe\u5c42-1.png","contentUrl":"https:\/\/jbsy-china.com\/wp-content\/uploads\/2023\/11\/cropped-\u56fe\u5c42-1.png","width":1049,"height":739,"caption":"Jingbang Industrial"},"image":{"@id":"https:\/\/jbsy-china.com\/#\/schema\/logo\/image\/"}}]}},"_links":{"self":[{"href":"https:\/\/jbsy-china.com\/es\/wp-json\/wp\/v2\/product\/33251","targetHints":{"allow":["GET"]}}],"collection":[{"href":"https:\/\/jbsy-china.com\/es\/wp-json\/wp\/v2\/product"}],"about":[{"href":"https:\/\/jbsy-china.com\/es\/wp-json\/wp\/v2\/types\/product"}],"replies":[{"embeddable":true,"href":"https:\/\/jbsy-china.com\/es\/wp-json\/wp\/v2\/comments?post=33251"}],"wp:featuredmedia":[{"embeddable":true,"href":"https:\/\/jbsy-china.com\/es\/wp-json\/wp\/v2\/media\/33164"}],"wp:attachment":[{"href":"https:\/\/jbsy-china.com\/es\/wp-json\/wp\/v2\/media?parent=33251"}],"wp:term":[{"taxonomy":"product_brand","embeddable":true,"href":"https:\/\/jbsy-china.com\/es\/wp-json\/wp\/v2\/product_brand?post=33251"},{"taxonomy":"product_cat","embeddable":true,"href":"https:\/\/jbsy-china.com\/es\/wp-json\/wp\/v2\/product_cat?post=33251"},{"taxonomy":"product_tag","embeddable":true,"href":"https:\/\/jbsy-china.com\/es\/wp-json\/wp\/v2\/product_tag?post=33251"}],"curies":[{"name":"wp","href":"https:\/\/api.w.org\/{rel}","templated":true}]}}