{"id":33433,"date":"2025-05-16T06:09:04","date_gmt":"2025-05-16T06:09:04","guid":{"rendered":"https:\/\/jbsy-china.com\/?post_type=product&#038;p=33433"},"modified":"2025-07-08T07:19:55","modified_gmt":"2025-07-08T07:19:55","slug":"titanium-nut-metal-locking","status":"publish","type":"product","link":"https:\/\/jbsy-china.com\/es\/producto\/titanium-nut-metal-locking\/","title":{"rendered":"Tuerca de titanio cierre met\u00e1lico"},"content":{"rendered":"<p><img fetchpriority=\"high\" decoding=\"async\" class=\"alignnone size-full wp-image-31694\" src=\"http:\/\/jbsy-china.com\/wp-content\/uploads\/2025\/02\/\u4e3b\u63a8-\u9632\u76d7\u87ba\u6bcd_01.jpg\" alt=\"\" width=\"790\" height=\"1330\" srcset=\"https:\/\/jbsy-china.com\/wp-content\/uploads\/2025\/02\/\u4e3b\u63a8-\u9632\u76d7\u87ba\u6bcd_01.jpg 790w, https:\/\/jbsy-china.com\/wp-content\/uploads\/2025\/02\/\u4e3b\u63a8-\u9632\u76d7\u87ba\u6bcd_01-178x300.jpg 178w, https:\/\/jbsy-china.com\/wp-content\/uploads\/2025\/02\/\u4e3b\u63a8-\u9632\u76d7\u87ba\u6bcd_01-608x1024.jpg 608w, https:\/\/jbsy-china.com\/wp-content\/uploads\/2025\/02\/\u4e3b\u63a8-\u9632\u76d7\u87ba\u6bcd_01-768x1293.jpg 768w, https:\/\/jbsy-china.com\/wp-content\/uploads\/2025\/02\/\u4e3b\u63a8-\u9632\u76d7\u87ba\u6bcd_01-600x1010.jpg 600w\" sizes=\"(max-width: 790px) 100vw, 790px\" \/> <img decoding=\"async\" class=\"alignnone size-full wp-image-31695\" src=\"http:\/\/jbsy-china.com\/wp-content\/uploads\/2025\/02\/\u4e3b\u63a8-\u9632\u76d7\u87ba\u6bcd_02.jpg\" alt=\"\" width=\"790\" height=\"930\" srcset=\"https:\/\/jbsy-china.com\/wp-content\/uploads\/2025\/02\/\u4e3b\u63a8-\u9632\u76d7\u87ba\u6bcd_02.jpg 790w, https:\/\/jbsy-china.com\/wp-content\/uploads\/2025\/02\/\u4e3b\u63a8-\u9632\u76d7\u87ba\u6bcd_02-255x300.jpg 255w, https:\/\/jbsy-china.com\/wp-content\/uploads\/2025\/02\/\u4e3b\u63a8-\u9632\u76d7\u87ba\u6bcd_02-768x904.jpg 768w, https:\/\/jbsy-china.com\/wp-content\/uploads\/2025\/02\/\u4e3b\u63a8-\u9632\u76d7\u87ba\u6bcd_02-600x706.jpg 600w\" sizes=\"(max-width: 790px) 100vw, 790px\" \/> <img decoding=\"async\" class=\"alignnone size-full wp-image-31696\" src=\"http:\/\/jbsy-china.com\/wp-content\/uploads\/2025\/02\/\u4e3b\u63a8-\u9632\u76d7\u87ba\u6bcd_03.jpg\" alt=\"\" width=\"790\" height=\"1060\" srcset=\"https:\/\/jbsy-china.com\/wp-content\/uploads\/2025\/02\/\u4e3b\u63a8-\u9632\u76d7\u87ba\u6bcd_03.jpg 790w, https:\/\/jbsy-china.com\/wp-content\/uploads\/2025\/02\/\u4e3b\u63a8-\u9632\u76d7\u87ba\u6bcd_03-224x300.jpg 224w, https:\/\/jbsy-china.com\/wp-content\/uploads\/2025\/02\/\u4e3b\u63a8-\u9632\u76d7\u87ba\u6bcd_03-763x1024.jpg 763w, https:\/\/jbsy-china.com\/wp-content\/uploads\/2025\/02\/\u4e3b\u63a8-\u9632\u76d7\u87ba\u6bcd_03-768x1030.jpg 768w, https:\/\/jbsy-china.com\/wp-content\/uploads\/2025\/02\/\u4e3b\u63a8-\u9632\u76d7\u87ba\u6bcd_03-600x805.jpg 600w\" sizes=\"(max-width: 790px) 100vw, 790px\" \/> <img loading=\"lazy\" decoding=\"async\" class=\"alignnone size-full wp-image-31697\" src=\"http:\/\/jbsy-china.com\/wp-content\/uploads\/2025\/02\/\u4e3b\u63a8-\u9632\u76d7\u87ba\u6bcd_04.jpg\" alt=\"\" width=\"790\" height=\"850\" srcset=\"https:\/\/jbsy-china.com\/wp-content\/uploads\/2025\/02\/\u4e3b\u63a8-\u9632\u76d7\u87ba\u6bcd_04.jpg 790w, https:\/\/jbsy-china.com\/wp-content\/uploads\/2025\/02\/\u4e3b\u63a8-\u9632\u76d7\u87ba\u6bcd_04-279x300.jpg 279w, https:\/\/jbsy-china.com\/wp-content\/uploads\/2025\/02\/\u4e3b\u63a8-\u9632\u76d7\u87ba\u6bcd_04-768x826.jpg 768w, https:\/\/jbsy-china.com\/wp-content\/uploads\/2025\/02\/\u4e3b\u63a8-\u9632\u76d7\u87ba\u6bcd_04-600x646.jpg 600w\" sizes=\"(max-width: 790px) 100vw, 790px\" \/><\/p>\n<p><strong>La fijaci\u00f3n y apertura de pernos y tuercas adopta un dise\u00f1o no est\u00e1ndar, y la coincidencia<\/strong><br \/>\n<strong>Para resolver los problemas de apertura y fijaci\u00f3n se utilizan herramientas no est\u00e1ndar. En general, se utilizan otras<\/strong><br \/>\n<strong>no se pueden insertar llaves. En el dise\u00f1o de apariencia de tuercas y tornillos, ranurado no est\u00e1ndar,<\/strong><br \/>\n<strong>apertura o herramientas de ranura pentagonal, heptagonal, de nueve esquinas o a medida correspondiente<\/strong><br \/>\n<strong>han desempe\u00f1ado un muy buen efecto antirrobo<\/strong><\/p>\n<p><img loading=\"lazy\" decoding=\"async\" class=\"alignnone size-full wp-image-31699\" src=\"http:\/\/jbsy-china.com\/wp-content\/uploads\/2025\/02\/\u4e3b\u63a8-\u9632\u76d7\u87ba\u6bcd_06.jpg\" alt=\"\" width=\"790\" height=\"690\" srcset=\"https:\/\/jbsy-china.com\/wp-content\/uploads\/2025\/02\/\u4e3b\u63a8-\u9632\u76d7\u87ba\u6bcd_06.jpg 790w, https:\/\/jbsy-china.com\/wp-content\/uploads\/2025\/02\/\u4e3b\u63a8-\u9632\u76d7\u87ba\u6bcd_06-300x262.jpg 300w, https:\/\/jbsy-china.com\/wp-content\/uploads\/2025\/02\/\u4e3b\u63a8-\u9632\u76d7\u87ba\u6bcd_06-768x671.jpg 768w, https:\/\/jbsy-china.com\/wp-content\/uploads\/2025\/02\/\u4e3b\u63a8-\u9632\u76d7\u87ba\u6bcd_06-600x524.jpg 600w\" sizes=\"(max-width: 790px) 100vw, 790px\" \/><\/p>\n<p><strong>El proceso de estampado en fr\u00edo es uno de los nuevos procesos de mecanizado a presi\u00f3n de menor o ning\u00fan corte<\/strong><br \/>\n<strong>metal. Es un m\u00e9todo de transformaci\u00f3n que utiliza la deformaci\u00f3n pl\u00e1stica del metal bajo la acci\u00f3n de<\/strong><br \/>\n<strong>fuerzas externas y, con ayuda de moldes, redistribuye y transfiere el volumen de metal para formar<\/strong><br \/>\n<strong>las piezas o formatos necesarios. El proceso de estampaci\u00f3n en fr\u00edo es el m\u00e1s adecuado para producir piezas est\u00e1ndar.<\/strong><br \/>\n<strong>elementos de fijaci\u00f3n como pernos, tornillos, tuercas, remaches, pasadores, etc.<\/strong><\/p>\n<p><img loading=\"lazy\" decoding=\"async\" class=\"alignnone size-full wp-image-31701\" src=\"http:\/\/jbsy-china.com\/wp-content\/uploads\/2025\/02\/\u4e3b\u63a8-\u9632\u76d7\u87ba\u6bcd_08.jpg\" alt=\"\" width=\"790\" height=\"590\" srcset=\"https:\/\/jbsy-china.com\/wp-content\/uploads\/2025\/02\/\u4e3b\u63a8-\u9632\u76d7\u87ba\u6bcd_08.jpg 790w, https:\/\/jbsy-china.com\/wp-content\/uploads\/2025\/02\/\u4e3b\u63a8-\u9632\u76d7\u87ba\u6bcd_08-300x224.jpg 300w, https:\/\/jbsy-china.com\/wp-content\/uploads\/2025\/02\/\u4e3b\u63a8-\u9632\u76d7\u87ba\u6bcd_08-768x574.jpg 768w, https:\/\/jbsy-china.com\/wp-content\/uploads\/2025\/02\/\u4e3b\u63a8-\u9632\u76d7\u87ba\u6bcd_08-600x448.jpg 600w\" sizes=\"(max-width: 790px) 100vw, 790px\" \/> <img loading=\"lazy\" decoding=\"async\" class=\"alignnone size-full wp-image-31702\" src=\"http:\/\/jbsy-china.com\/wp-content\/uploads\/2025\/02\/\u4e3b\u63a8-\u9632\u76d7\u87ba\u6bcd_09.jpg\" alt=\"\" width=\"790\" height=\"720\" srcset=\"https:\/\/jbsy-china.com\/wp-content\/uploads\/2025\/02\/\u4e3b\u63a8-\u9632\u76d7\u87ba\u6bcd_09.jpg 790w, https:\/\/jbsy-china.com\/wp-content\/uploads\/2025\/02\/\u4e3b\u63a8-\u9632\u76d7\u87ba\u6bcd_09-300x273.jpg 300w, https:\/\/jbsy-china.com\/wp-content\/uploads\/2025\/02\/\u4e3b\u63a8-\u9632\u76d7\u87ba\u6bcd_09-768x700.jpg 768w, https:\/\/jbsy-china.com\/wp-content\/uploads\/2025\/02\/\u4e3b\u63a8-\u9632\u76d7\u87ba\u6bcd_09-600x547.jpg 600w\" sizes=\"(max-width: 790px) 100vw, 790px\" \/><\/p>\n<p class=\"ds-markdown-paragraph\">Titanio <a href=\"https:\/\/jbsy-china.com\/es\/lock-nut\/\">tuerca cierre met\u00e1lico<\/a> son fijaciones especializadas dise\u00f1adas para proporcionar alta resistencia, resistencia a la corrosi\u00f3n y capacidad de bloqueo seguro en aplicaciones exigentes. Estas tuercas se utilizan habitualmente en los sectores aeroespacial, automovil\u00edstico, naval e industrial, donde la resistencia a las vibraciones y la durabilidad son fundamentales.<\/p>\n<h3><strong>Caracter\u00edsticas principales de las tuercas de bloqueo de aleaci\u00f3n de titanio:<\/strong><\/h3>\n<ol start=\"1\">\n<li>\n<p class=\"ds-markdown-paragraph\"><strong>Composici\u00f3n del material<\/strong><\/p>\n<ul>\n<li>\n<p class=\"ds-markdown-paragraph\">Fabricado con aleaciones de titanio de alta calidad como\u00a0<strong>Ti-6Al-4V (Grado 5)<\/strong>\u00a0o\u00a0<strong>Ti-6Al-4V ELI (Grado 23)<\/strong>.<\/p>\n<\/li>\n<li>\n<p class=\"ds-markdown-paragraph\">Ofrece una excelente relaci\u00f3n resistencia-peso, resistencia a la corrosi\u00f3n y biocompatibilidad.<\/p>\n<\/li>\n<\/ul>\n<\/li>\n<li>\n<p class=\"ds-markdown-paragraph\"><strong>Mecanismo de bloqueo<\/strong><\/p>\n<ul>\n<li>\n<p class=\"ds-markdown-paragraph\"><strong>Cierre met\u00e1lico:<\/strong>\u00a0Suele incluir un sistema de bloqueo totalmente met\u00e1lico sin nylon (por ejemplo, roscas deformadas, dise\u00f1o con bridas o una caracter\u00edstica de par de apriete predominante) para evitar que se aflojen con las vibraciones.<\/p>\n<\/li>\n<li>\n<p class=\"ds-markdown-paragraph\"><strong>Tipos comunes:<\/strong><\/p>\n<ul>\n<li>\n<p class=\"ds-markdown-paragraph\"><strong>Tuercas de apriete<\/strong>\u00a0(por ejemplo, tuercas r\u00edgidas totalmente met\u00e1licas)<\/p>\n<\/li>\n<li>\n<p class=\"ds-markdown-paragraph\"><strong>Contratuercas de dos piezas<\/strong>\u00a0(con collar de giro libre e inserto de bloqueo)<\/p>\n<\/li>\n<li>\n<p class=\"ds-markdown-paragraph\"><strong>Tuercas dentadas con brida<\/strong>\u00a0(con estr\u00edas para el agarre)<\/p>\n<\/li>\n<\/ul>\n<\/li>\n<\/ul>\n<\/li>\n<li>\n<p class=\"ds-markdown-paragraph\"><strong>Ventajas<\/strong><\/p>\n<ul>\n<li>\n<p class=\"ds-markdown-paragraph\"><strong>Resistencia a altas temperaturas:<\/strong>\u00a0Se comporta bien en entornos extremos (a diferencia de los insertos de nailon, que se degradan a altas temperaturas).<\/p>\n<\/li>\n<li>\n<p class=\"ds-markdown-paragraph\"><strong>Resistencia a las vibraciones:<\/strong>\u00a0Evita el autoaflojamiento en aplicaciones din\u00e1micas.<\/p>\n<\/li>\n<li>\n<p class=\"ds-markdown-paragraph\"><strong>Ligero:<\/strong>\u00a0Ideal para veh\u00edculos aeroespaciales y de altas prestaciones.<\/p>\n<\/li>\n<li>\n<p class=\"ds-markdown-paragraph\"><strong>No magn\u00e9tico y resistente a la corrosi\u00f3n:<\/strong>\u00a0Adecuado para aplicaciones marinas y m\u00e9dicas.<\/p>\n<\/li>\n<\/ul>\n<\/li>\n<li>\n<p class=\"ds-markdown-paragraph\"><strong>Aplicaciones comunes<\/strong><\/p>\n<ul>\n<li>\n<p class=\"ds-markdown-paragraph\">Componentes de aeronaves y naves espaciales<\/p>\n<\/li>\n<li>\n<p class=\"ds-markdown-paragraph\">Sistemas de automoci\u00f3n de alto rendimiento<\/p>\n<\/li>\n<li>\n<p class=\"ds-markdown-paragraph\">Equipamiento militar y de defensa<\/p>\n<\/li>\n<li>\n<p class=\"ds-markdown-paragraph\">Transformaci\u00f3n qu\u00edmica e instalaciones en alta mar<\/p>\n<\/li>\n<li>\n<p class=\"ds-markdown-paragraph\">Implantes y dispositivos m\u00e9dicos (si est\u00e1n hechos de grados biocompatibles)<\/p>\n<\/li>\n<\/ul>\n<\/li>\n<li>\n<p class=\"ds-markdown-paragraph\"><strong>Normas y especificaciones<\/strong><\/p>\n<ul>\n<li>\n<p class=\"ds-markdown-paragraph\"><strong>Aeroespacial:<\/strong>\u00a0NAS, MS, AN, MIL-SPEC<\/p>\n<\/li>\n<li>\n<p class=\"ds-markdown-paragraph\"><strong>Industrial:<\/strong>\u00a0DIN, ISO, ASTM<\/p>\n<\/li>\n<li>\n<p class=\"ds-markdown-paragraph\"><strong>Autom\u00f3vil:<\/strong>\u00a0Especificaciones personalizadas de alto rendimiento<\/p>\n<\/li>\n<\/ul>\n<\/li>\n<\/ol>\n<h3><strong>Comparaci\u00f3n con otras tuercas de bloqueo<\/strong><\/h3>\n<ul>\n<li>\n<p class=\"ds-markdown-paragraph\"><strong>Tuercas de inserci\u00f3n de nylon (Nyloc):<\/strong>\u00a0M\u00e1s baratos pero se degradan a altas temperaturas.<\/p>\n<\/li>\n<li>\n<p class=\"ds-markdown-paragraph\"><strong>Contratuercas de acero inoxidable:<\/strong>\u00a0M\u00e1s pesado y menos resistente a la corrosi\u00f3n que el titanio.<\/p>\n<\/li>\n<li>\n<p class=\"ds-markdown-paragraph\"><strong>Contratuercas de lat\u00f3n o cobre:<\/strong>\u00a0M\u00e1s blando y menos duradero.<\/p>\n<\/li>\n<\/ul>\n<h3><strong>Conclusi\u00f3n<\/strong><\/h3>\n<p class=\"ds-markdown-paragraph\">Los cierres met\u00e1licos con tuerca de titanio son cierres de primera calidad para aplicaciones cr\u00edticas en las que el ahorro de peso, la solidez y la resistencia a las vibraciones son esenciales. Su dise\u00f1o de bloqueo totalmente met\u00e1lico garantiza la fiabilidad en condiciones extremas en las que los mecanismos de bloqueo basados en pl\u00e1stico fallar\u00edan.<\/p>","protected":false},"excerpt":{"rendered":"<h6><strong>Caracter\u00edsticas principales de las tuercas de bloqueo de aleaci\u00f3n de titanio:<\/strong><\/h6>\n<ul>\n<li style=\"list-style-type: none;\">\n<ul>\n<li>\n<p class=\"ds-markdown-paragraph\">Fabricado con aleaciones de titanio de alta calidad como\u00a0<strong>Ti-6Al-4V (Grado 5)<\/strong>\u00a0o\u00a0<strong>Ti-6Al-4V ELI (Grado 23)<\/strong>.<\/p>\n<\/li>\n<li>\n<p class=\"ds-markdown-paragraph\">Ofrece una excelente relaci\u00f3n resistencia-peso, resistencia a la corrosi\u00f3n y biocompatibilidad.<\/p>\n<\/li>\n<li>\n<p class=\"ds-markdown-paragraph\"><strong>Cierre met\u00e1lico:<\/strong> Normalmente incluye un sistema de bloqueo totalmente met\u00e1lico sin nylon para evitar que se afloje con las vibraciones.<\/p>\n<\/li>\n<\/ul>\n<\/li>\n<\/ul>","protected":false},"featured_media":33379,"comment_status":"open","ping_status":"closed","template":"","meta":{"site-sidebar-layout":"default","site-content-layout":"","ast-site-content-layout":"default","site-content-style":"default","site-sidebar-style":"default","ast-global-header-display":"","ast-banner-title-visibility":"","ast-main-header-display":"","ast-hfb-above-header-display":"","ast-hfb-below-header-display":"","ast-hfb-mobile-header-display":"","site-post-title":"","ast-breadcrumbs-content":"","ast-featured-img":"","footer-sml-layout":"","ast-disable-related-posts":"","theme-transparent-header-meta":"default","adv-header-id-meta":"","stick-header-meta":"default","header-above-stick-meta":"","header-main-stick-meta":"","header-below-stick-meta":"","astra-migrate-meta-layouts":"set","ast-page-background-enabled":"default","ast-page-background-meta":{"desktop":{"background-color":"var(--ast-global-color-4)","background-image":"","background-repeat":"repeat","background-position":"center center","background-size":"auto","background-attachment":"scroll","background-type":"","background-media":"","overlay-type":"","overlay-color":"","overlay-opacity":"","overlay-gradient":""},"tablet":{"background-color":"","background-image":"","background-repeat":"repeat","background-position":"center center","background-size":"auto","background-attachment":"scroll","background-type":"","background-media":"","overlay-type":"","overlay-color":"","overlay-opacity":"","overlay-gradient":""},"mobile":{"background-color":"","background-image":"","background-repeat":"repeat","background-position":"center center","background-size":"auto","background-attachment":"scroll","background-type":"","background-media":"","overlay-type":"","overlay-color":"","overlay-opacity":"","overlay-gradient":""}},"ast-content-background-meta":{"desktop":{"background-color":"var(--ast-global-color-5)","background-image":"","background-repeat":"repeat","background-position":"center center","background-size":"auto","background-attachment":"scroll","background-type":"","background-media":"","overlay-type":"","overlay-color":"","overlay-opacity":"","overlay-gradient":""},"tablet":{"background-color":"var(--ast-global-color-5)","background-image":"","background-repeat":"repeat","background-position":"center center","background-size":"auto","background-attachment":"scroll","background-type":"","background-media":"","overlay-type":"","overlay-color":"","overlay-opacity":"","overlay-gradient":""},"mobile":{"background-color":"var(--ast-global-color-5)","background-image":"","background-repeat":"repeat","background-position":"center center","background-size":"auto","background-attachment":"scroll","background-type":"","background-media":"","overlay-type":"","overlay-color":"","overlay-opacity":"","overlay-gradient":""}},"_themeisle_gutenberg_block_has_review":false,"_ti_tpc_template_sync":false,"_ti_tpc_template_id":""},"product_brand":[],"product_cat":[1274],"product_tag":[],"class_list":{"0":"post-33433","1":"product","2":"type-product","3":"status-publish","4":"has-post-thumbnail","6":"product_cat-lock-nut","7":"desktop-align-left","8":"tablet-align-left","9":"mobile-align-left","10":"ast-product-gallery-layout-horizontal-slider","11":"ast-product-tabs-layout-horizontal","12":"ast-qv-on-image","14":"first","15":"instock","16":"shipping-taxable","17":"product-type-simple"},"yoast_head":"<!-- This site is optimized with the Yoast SEO Premium plugin v21.7 (Yoast SEO v25.7) - https:\/\/yoast.com\/wordpress\/plugins\/seo\/ -->\n<title>Titanium nut metal locking - Jingbang Industrial<\/title>\n<meta name=\"description\" content=\"Titanium nut metal locking are specialized fasteners designed to provide high strength, corrosion resistance and secure locking in demanding applications.\" \/>\n<meta name=\"robots\" content=\"index, follow, max-snippet:-1, max-image-preview:large, max-video-preview:-1\" \/>\n<link rel=\"canonical\" href=\"https:\/\/jbsy-china.com\/es\/producto\/titanium-nut-metal-locking\/\" \/>\n<meta property=\"og:locale\" content=\"es_ES\" \/>\n<meta property=\"og:type\" content=\"article\" \/>\n<meta property=\"og:title\" content=\"Titanium nut metal locking\" \/>\n<meta property=\"og:description\" content=\"Titanium nut metal locking are specialized fasteners designed to provide high strength, corrosion resistance and secure locking in demanding applications.\" \/>\n<meta property=\"og:url\" content=\"https:\/\/jbsy-china.com\/es\/producto\/titanium-nut-metal-locking\/\" \/>\n<meta property=\"og:site_name\" content=\"Jingbang Industrial\" \/>\n<meta property=\"article:modified_time\" content=\"2025-07-08T07:19:55+00:00\" \/>\n<meta property=\"og:image\" content=\"http:\/\/jbsy-china.com\/wp-content\/uploads\/2025\/05\/\u516d\u89d2\u6cd5\u5170\u91d1\u5c5e\u9501\u7d27\u949b\u87ba\u6bcd.jpg\" \/>\n\t<meta property=\"og:image:width\" content=\"800\" \/>\n\t<meta property=\"og:image:height\" content=\"800\" \/>\n\t<meta property=\"og:image:type\" content=\"image\/jpeg\" \/>\n<meta name=\"twitter:card\" content=\"summary_large_image\" \/>\n<meta name=\"twitter:label1\" content=\"Tiempo de lectura\" \/>\n\t<meta name=\"twitter:data1\" content=\"4 minutos\" \/>\n<script type=\"application\/ld+json\" class=\"yoast-schema-graph\">{\"@context\":\"https:\/\/schema.org\",\"@graph\":[{\"@type\":\"WebPage\",\"@id\":\"https:\/\/jbsy-china.com\/product\/titanium-nut-metal-locking\/\",\"url\":\"https:\/\/jbsy-china.com\/product\/titanium-nut-metal-locking\/\",\"name\":\"Titanium nut metal locking - Jingbang Industrial\",\"isPartOf\":{\"@id\":\"https:\/\/jbsy-china.com\/#website\"},\"primaryImageOfPage\":{\"@id\":\"https:\/\/jbsy-china.com\/product\/titanium-nut-metal-locking\/#primaryimage\"},\"image\":{\"@id\":\"https:\/\/jbsy-china.com\/product\/titanium-nut-metal-locking\/#primaryimage\"},\"thumbnailUrl\":\"https:\/\/jbsy-china.com\/wp-content\/uploads\/2025\/05\/\u516d\u89d2\u6cd5\u5170\u91d1\u5c5e\u9501\u7d27\u949b\u87ba\u6bcd.jpg\",\"datePublished\":\"2025-05-16T06:09:04+00:00\",\"dateModified\":\"2025-07-08T07:19:55+00:00\",\"description\":\"Titanium nut metal locking are specialized fasteners designed to provide high strength, corrosion resistance and secure locking in demanding applications.\",\"breadcrumb\":{\"@id\":\"https:\/\/jbsy-china.com\/product\/titanium-nut-metal-locking\/#breadcrumb\"},\"inLanguage\":\"es\",\"potentialAction\":[{\"@type\":\"ReadAction\",\"target\":[\"https:\/\/jbsy-china.com\/product\/titanium-nut-metal-locking\/\"]}]},{\"@type\":\"ImageObject\",\"inLanguage\":\"es\",\"@id\":\"https:\/\/jbsy-china.com\/product\/titanium-nut-metal-locking\/#primaryimage\",\"url\":\"https:\/\/jbsy-china.com\/wp-content\/uploads\/2025\/05\/\u516d\u89d2\u6cd5\u5170\u91d1\u5c5e\u9501\u7d27\u949b\u87ba\u6bcd.jpg\",\"contentUrl\":\"https:\/\/jbsy-china.com\/wp-content\/uploads\/2025\/05\/\u516d\u89d2\u6cd5\u5170\u91d1\u5c5e\u9501\u7d27\u949b\u87ba\u6bcd.jpg\",\"width\":800,\"height\":800},{\"@type\":\"BreadcrumbList\",\"@id\":\"https:\/\/jbsy-china.com\/product\/titanium-nut-metal-locking\/#breadcrumb\",\"itemListElement\":[{\"@type\":\"ListItem\",\"position\":1,\"name\":\"Home\",\"item\":\"https:\/\/jbsy-china.com\/\"},{\"@type\":\"ListItem\",\"position\":2,\"name\":\"Products\",\"item\":\"https:\/\/jbsy-china.com\/shop\/\"},{\"@type\":\"ListItem\",\"position\":3,\"name\":\"Titanium nut metal locking\"}]},{\"@type\":\"WebSite\",\"@id\":\"https:\/\/jbsy-china.com\/#website\",\"url\":\"https:\/\/jbsy-china.com\/\",\"name\":\"Jingbang Industrial\",\"description\":\"Hardware and electronics manufacturer\",\"publisher\":{\"@id\":\"https:\/\/jbsy-china.com\/#organization\"},\"potentialAction\":[{\"@type\":\"SearchAction\",\"target\":{\"@type\":\"EntryPoint\",\"urlTemplate\":\"https:\/\/jbsy-china.com\/?s={search_term_string}\"},\"query-input\":{\"@type\":\"PropertyValueSpecification\",\"valueRequired\":true,\"valueName\":\"search_term_string\"}}],\"inLanguage\":\"es\"},{\"@type\":\"Organization\",\"@id\":\"https:\/\/jbsy-china.com\/#organization\",\"name\":\"Jingbang Industrial\",\"url\":\"https:\/\/jbsy-china.com\/\",\"logo\":{\"@type\":\"ImageObject\",\"inLanguage\":\"es\",\"@id\":\"https:\/\/jbsy-china.com\/#\/schema\/logo\/image\/\",\"url\":\"https:\/\/jbsy-china.com\/wp-content\/uploads\/2023\/11\/cropped-\u56fe\u5c42-1.png\",\"contentUrl\":\"https:\/\/jbsy-china.com\/wp-content\/uploads\/2023\/11\/cropped-\u56fe\u5c42-1.png\",\"width\":1049,\"height\":739,\"caption\":\"Jingbang Industrial\"},\"image\":{\"@id\":\"https:\/\/jbsy-china.com\/#\/schema\/logo\/image\/\"}}]}<\/script>\n<!-- \/ Yoast SEO Premium plugin. -->","yoast_head_json":{"title":"Titanium nut metal locking - Jingbang Industrial","description":"Titanium nut metal locking are specialized fasteners designed to provide high strength, corrosion resistance and secure locking in demanding applications.","robots":{"index":"index","follow":"follow","max-snippet":"max-snippet:-1","max-image-preview":"max-image-preview:large","max-video-preview":"max-video-preview:-1"},"canonical":"https:\/\/jbsy-china.com\/es\/producto\/titanium-nut-metal-locking\/","og_locale":"es_ES","og_type":"article","og_title":"Titanium nut metal locking","og_description":"Titanium nut metal locking are specialized fasteners designed to provide high strength, corrosion resistance and secure locking in demanding applications.","og_url":"https:\/\/jbsy-china.com\/es\/producto\/titanium-nut-metal-locking\/","og_site_name":"Jingbang Industrial","article_modified_time":"2025-07-08T07:19:55+00:00","og_image":[{"width":800,"height":800,"url":"http:\/\/jbsy-china.com\/wp-content\/uploads\/2025\/05\/\u516d\u89d2\u6cd5\u5170\u91d1\u5c5e\u9501\u7d27\u949b\u87ba\u6bcd.jpg","type":"image\/jpeg"}],"twitter_card":"summary_large_image","twitter_misc":{"Tiempo de lectura":"4 minutos"},"schema":{"@context":"https:\/\/schema.org","@graph":[{"@type":"WebPage","@id":"https:\/\/jbsy-china.com\/product\/titanium-nut-metal-locking\/","url":"https:\/\/jbsy-china.com\/product\/titanium-nut-metal-locking\/","name":"Titanium nut metal locking - Jingbang Industrial","isPartOf":{"@id":"https:\/\/jbsy-china.com\/#website"},"primaryImageOfPage":{"@id":"https:\/\/jbsy-china.com\/product\/titanium-nut-metal-locking\/#primaryimage"},"image":{"@id":"https:\/\/jbsy-china.com\/product\/titanium-nut-metal-locking\/#primaryimage"},"thumbnailUrl":"https:\/\/jbsy-china.com\/wp-content\/uploads\/2025\/05\/\u516d\u89d2\u6cd5\u5170\u91d1\u5c5e\u9501\u7d27\u949b\u87ba\u6bcd.jpg","datePublished":"2025-05-16T06:09:04+00:00","dateModified":"2025-07-08T07:19:55+00:00","description":"Titanium nut metal locking are specialized fasteners designed to provide high strength, corrosion resistance and secure locking in demanding applications.","breadcrumb":{"@id":"https:\/\/jbsy-china.com\/product\/titanium-nut-metal-locking\/#breadcrumb"},"inLanguage":"es","potentialAction":[{"@type":"ReadAction","target":["https:\/\/jbsy-china.com\/product\/titanium-nut-metal-locking\/"]}]},{"@type":"ImageObject","inLanguage":"es","@id":"https:\/\/jbsy-china.com\/product\/titanium-nut-metal-locking\/#primaryimage","url":"https:\/\/jbsy-china.com\/wp-content\/uploads\/2025\/05\/\u516d\u89d2\u6cd5\u5170\u91d1\u5c5e\u9501\u7d27\u949b\u87ba\u6bcd.jpg","contentUrl":"https:\/\/jbsy-china.com\/wp-content\/uploads\/2025\/05\/\u516d\u89d2\u6cd5\u5170\u91d1\u5c5e\u9501\u7d27\u949b\u87ba\u6bcd.jpg","width":800,"height":800},{"@type":"BreadcrumbList","@id":"https:\/\/jbsy-china.com\/product\/titanium-nut-metal-locking\/#breadcrumb","itemListElement":[{"@type":"ListItem","position":1,"name":"Home","item":"https:\/\/jbsy-china.com\/"},{"@type":"ListItem","position":2,"name":"Products","item":"https:\/\/jbsy-china.com\/shop\/"},{"@type":"ListItem","position":3,"name":"Titanium nut metal locking"}]},{"@type":"WebSite","@id":"https:\/\/jbsy-china.com\/#website","url":"https:\/\/jbsy-china.com\/","name":"Jingbang Industrial","description":"Fabricante de hardware y electr\u00f3nica","publisher":{"@id":"https:\/\/jbsy-china.com\/#organization"},"potentialAction":[{"@type":"SearchAction","target":{"@type":"EntryPoint","urlTemplate":"https:\/\/jbsy-china.com\/?s={search_term_string}"},"query-input":{"@type":"PropertyValueSpecification","valueRequired":true,"valueName":"search_term_string"}}],"inLanguage":"es"},{"@type":"Organization","@id":"https:\/\/jbsy-china.com\/#organization","name":"Jingbang Industrial","url":"https:\/\/jbsy-china.com\/","logo":{"@type":"ImageObject","inLanguage":"es","@id":"https:\/\/jbsy-china.com\/#\/schema\/logo\/image\/","url":"https:\/\/jbsy-china.com\/wp-content\/uploads\/2023\/11\/cropped-\u56fe\u5c42-1.png","contentUrl":"https:\/\/jbsy-china.com\/wp-content\/uploads\/2023\/11\/cropped-\u56fe\u5c42-1.png","width":1049,"height":739,"caption":"Jingbang Industrial"},"image":{"@id":"https:\/\/jbsy-china.com\/#\/schema\/logo\/image\/"}}]}},"_links":{"self":[{"href":"https:\/\/jbsy-china.com\/es\/wp-json\/wp\/v2\/product\/33433","targetHints":{"allow":["GET"]}}],"collection":[{"href":"https:\/\/jbsy-china.com\/es\/wp-json\/wp\/v2\/product"}],"about":[{"href":"https:\/\/jbsy-china.com\/es\/wp-json\/wp\/v2\/types\/product"}],"replies":[{"embeddable":true,"href":"https:\/\/jbsy-china.com\/es\/wp-json\/wp\/v2\/comments?post=33433"}],"wp:featuredmedia":[{"embeddable":true,"href":"https:\/\/jbsy-china.com\/es\/wp-json\/wp\/v2\/media\/33379"}],"wp:attachment":[{"href":"https:\/\/jbsy-china.com\/es\/wp-json\/wp\/v2\/media?parent=33433"}],"wp:term":[{"taxonomy":"product_brand","embeddable":true,"href":"https:\/\/jbsy-china.com\/es\/wp-json\/wp\/v2\/product_brand?post=33433"},{"taxonomy":"product_cat","embeddable":true,"href":"https:\/\/jbsy-china.com\/es\/wp-json\/wp\/v2\/product_cat?post=33433"},{"taxonomy":"product_tag","embeddable":true,"href":"https:\/\/jbsy-china.com\/es\/wp-json\/wp\/v2\/product_tag?post=33433"}],"curies":[{"name":"wp","href":"https:\/\/api.w.org\/{rel}","templated":true}]}}