{"id":33449,"date":"2025-05-16T06:24:36","date_gmt":"2025-05-16T06:24:36","guid":{"rendered":"https:\/\/jbsy-china.com\/?post_type=product&#038;p=33449"},"modified":"2025-07-28T06:31:25","modified_gmt":"2025-07-28T06:31:25","slug":"12-point-locking-nut-black-zinc","status":"publish","type":"product","link":"https:\/\/jbsy-china.com\/es\/producto\/12-point-locking-nut-black-zinc\/","title":{"rendered":"Tuerca de bloqueo de 12 puntos cinc negro"},"content":{"rendered":"<p><img fetchpriority=\"high\" decoding=\"async\" class=\"alignnone size-full wp-image-31694\" src=\"http:\/\/jbsy-china.com\/wp-content\/uploads\/2025\/02\/\u4e3b\u63a8-\u9632\u76d7\u87ba\u6bcd_01.jpg\" alt=\"\" width=\"790\" height=\"1330\" srcset=\"https:\/\/jbsy-china.com\/wp-content\/uploads\/2025\/02\/\u4e3b\u63a8-\u9632\u76d7\u87ba\u6bcd_01.jpg 790w, https:\/\/jbsy-china.com\/wp-content\/uploads\/2025\/02\/\u4e3b\u63a8-\u9632\u76d7\u87ba\u6bcd_01-178x300.jpg 178w, https:\/\/jbsy-china.com\/wp-content\/uploads\/2025\/02\/\u4e3b\u63a8-\u9632\u76d7\u87ba\u6bcd_01-608x1024.jpg 608w, https:\/\/jbsy-china.com\/wp-content\/uploads\/2025\/02\/\u4e3b\u63a8-\u9632\u76d7\u87ba\u6bcd_01-768x1293.jpg 768w, https:\/\/jbsy-china.com\/wp-content\/uploads\/2025\/02\/\u4e3b\u63a8-\u9632\u76d7\u87ba\u6bcd_01-600x1010.jpg 600w\" sizes=\"(max-width: 790px) 100vw, 790px\" \/> <img decoding=\"async\" class=\"alignnone size-full wp-image-31695\" src=\"http:\/\/jbsy-china.com\/wp-content\/uploads\/2025\/02\/\u4e3b\u63a8-\u9632\u76d7\u87ba\u6bcd_02.jpg\" alt=\"\" width=\"790\" height=\"930\" srcset=\"https:\/\/jbsy-china.com\/wp-content\/uploads\/2025\/02\/\u4e3b\u63a8-\u9632\u76d7\u87ba\u6bcd_02.jpg 790w, https:\/\/jbsy-china.com\/wp-content\/uploads\/2025\/02\/\u4e3b\u63a8-\u9632\u76d7\u87ba\u6bcd_02-255x300.jpg 255w, https:\/\/jbsy-china.com\/wp-content\/uploads\/2025\/02\/\u4e3b\u63a8-\u9632\u76d7\u87ba\u6bcd_02-768x904.jpg 768w, https:\/\/jbsy-china.com\/wp-content\/uploads\/2025\/02\/\u4e3b\u63a8-\u9632\u76d7\u87ba\u6bcd_02-600x706.jpg 600w\" sizes=\"(max-width: 790px) 100vw, 790px\" \/> <img decoding=\"async\" class=\"alignnone size-full wp-image-31696\" src=\"http:\/\/jbsy-china.com\/wp-content\/uploads\/2025\/02\/\u4e3b\u63a8-\u9632\u76d7\u87ba\u6bcd_03.jpg\" alt=\"\" width=\"790\" height=\"1060\" srcset=\"https:\/\/jbsy-china.com\/wp-content\/uploads\/2025\/02\/\u4e3b\u63a8-\u9632\u76d7\u87ba\u6bcd_03.jpg 790w, https:\/\/jbsy-china.com\/wp-content\/uploads\/2025\/02\/\u4e3b\u63a8-\u9632\u76d7\u87ba\u6bcd_03-224x300.jpg 224w, https:\/\/jbsy-china.com\/wp-content\/uploads\/2025\/02\/\u4e3b\u63a8-\u9632\u76d7\u87ba\u6bcd_03-763x1024.jpg 763w, https:\/\/jbsy-china.com\/wp-content\/uploads\/2025\/02\/\u4e3b\u63a8-\u9632\u76d7\u87ba\u6bcd_03-768x1030.jpg 768w, https:\/\/jbsy-china.com\/wp-content\/uploads\/2025\/02\/\u4e3b\u63a8-\u9632\u76d7\u87ba\u6bcd_03-600x805.jpg 600w\" sizes=\"(max-width: 790px) 100vw, 790px\" \/> <img loading=\"lazy\" decoding=\"async\" class=\"alignnone size-full wp-image-31697\" src=\"http:\/\/jbsy-china.com\/wp-content\/uploads\/2025\/02\/\u4e3b\u63a8-\u9632\u76d7\u87ba\u6bcd_04.jpg\" alt=\"\" width=\"790\" height=\"850\" srcset=\"https:\/\/jbsy-china.com\/wp-content\/uploads\/2025\/02\/\u4e3b\u63a8-\u9632\u76d7\u87ba\u6bcd_04.jpg 790w, https:\/\/jbsy-china.com\/wp-content\/uploads\/2025\/02\/\u4e3b\u63a8-\u9632\u76d7\u87ba\u6bcd_04-279x300.jpg 279w, https:\/\/jbsy-china.com\/wp-content\/uploads\/2025\/02\/\u4e3b\u63a8-\u9632\u76d7\u87ba\u6bcd_04-768x826.jpg 768w, https:\/\/jbsy-china.com\/wp-content\/uploads\/2025\/02\/\u4e3b\u63a8-\u9632\u76d7\u87ba\u6bcd_04-600x646.jpg 600w\" sizes=\"(max-width: 790px) 100vw, 790px\" \/><\/p>\n<p><strong>La fijaci\u00f3n y apertura de pernos y tuercas adopta un dise\u00f1o no est\u00e1ndar, y la coincidencia<\/strong><br \/>\n<strong>Para resolver los problemas de apertura y fijaci\u00f3n se utilizan herramientas no est\u00e1ndar. En general, se utilizan otras<\/strong><br \/>\n<strong>no se pueden insertar llaves. En el dise\u00f1o de apariencia de tuercas y tornillos, ranurado no est\u00e1ndar,<\/strong><br \/>\n<strong>apertura o herramientas de ranura pentagonal, heptagonal, de nueve esquinas o a medida correspondiente<\/strong><br \/>\n<strong>han desempe\u00f1ado un muy buen efecto antirrobo<\/strong><\/p>\n<p><img loading=\"lazy\" decoding=\"async\" class=\"alignnone size-full wp-image-31699\" src=\"http:\/\/jbsy-china.com\/wp-content\/uploads\/2025\/02\/\u4e3b\u63a8-\u9632\u76d7\u87ba\u6bcd_06.jpg\" alt=\"\" width=\"790\" height=\"690\" srcset=\"https:\/\/jbsy-china.com\/wp-content\/uploads\/2025\/02\/\u4e3b\u63a8-\u9632\u76d7\u87ba\u6bcd_06.jpg 790w, https:\/\/jbsy-china.com\/wp-content\/uploads\/2025\/02\/\u4e3b\u63a8-\u9632\u76d7\u87ba\u6bcd_06-300x262.jpg 300w, https:\/\/jbsy-china.com\/wp-content\/uploads\/2025\/02\/\u4e3b\u63a8-\u9632\u76d7\u87ba\u6bcd_06-768x671.jpg 768w, https:\/\/jbsy-china.com\/wp-content\/uploads\/2025\/02\/\u4e3b\u63a8-\u9632\u76d7\u87ba\u6bcd_06-600x524.jpg 600w\" sizes=\"(max-width: 790px) 100vw, 790px\" \/><\/p>\n<p><strong>El proceso de estampado en fr\u00edo es uno de los nuevos procesos de mecanizado a presi\u00f3n de menor o ning\u00fan corte<\/strong><br \/>\n<strong>metal. Es un m\u00e9todo de transformaci\u00f3n que utiliza la deformaci\u00f3n pl\u00e1stica del metal bajo la acci\u00f3n de<\/strong><br \/>\n<strong>fuerzas externas y, con ayuda de moldes, redistribuye y transfiere el volumen de metal para formar<\/strong><br \/>\n<strong>las piezas o formatos necesarios. El proceso de estampaci\u00f3n en fr\u00edo es el m\u00e1s adecuado para producir piezas est\u00e1ndar.<\/strong><br \/>\n<strong>elementos de fijaci\u00f3n como pernos, tornillos, tuercas, remaches, pasadores, etc.<\/strong><\/p>\n<p><img loading=\"lazy\" decoding=\"async\" class=\"alignnone size-full wp-image-31701\" src=\"http:\/\/jbsy-china.com\/wp-content\/uploads\/2025\/02\/\u4e3b\u63a8-\u9632\u76d7\u87ba\u6bcd_08.jpg\" alt=\"\" width=\"790\" height=\"590\" srcset=\"https:\/\/jbsy-china.com\/wp-content\/uploads\/2025\/02\/\u4e3b\u63a8-\u9632\u76d7\u87ba\u6bcd_08.jpg 790w, https:\/\/jbsy-china.com\/wp-content\/uploads\/2025\/02\/\u4e3b\u63a8-\u9632\u76d7\u87ba\u6bcd_08-300x224.jpg 300w, https:\/\/jbsy-china.com\/wp-content\/uploads\/2025\/02\/\u4e3b\u63a8-\u9632\u76d7\u87ba\u6bcd_08-768x574.jpg 768w, https:\/\/jbsy-china.com\/wp-content\/uploads\/2025\/02\/\u4e3b\u63a8-\u9632\u76d7\u87ba\u6bcd_08-600x448.jpg 600w\" sizes=\"(max-width: 790px) 100vw, 790px\" \/> <img loading=\"lazy\" decoding=\"async\" class=\"alignnone size-full wp-image-31702\" src=\"http:\/\/jbsy-china.com\/wp-content\/uploads\/2025\/02\/\u4e3b\u63a8-\u9632\u76d7\u87ba\u6bcd_09.jpg\" alt=\"\" width=\"790\" height=\"720\" srcset=\"https:\/\/jbsy-china.com\/wp-content\/uploads\/2025\/02\/\u4e3b\u63a8-\u9632\u76d7\u87ba\u6bcd_09.jpg 790w, https:\/\/jbsy-china.com\/wp-content\/uploads\/2025\/02\/\u4e3b\u63a8-\u9632\u76d7\u87ba\u6bcd_09-300x273.jpg 300w, https:\/\/jbsy-china.com\/wp-content\/uploads\/2025\/02\/\u4e3b\u63a8-\u9632\u76d7\u87ba\u6bcd_09-768x700.jpg 768w, https:\/\/jbsy-china.com\/wp-content\/uploads\/2025\/02\/\u4e3b\u63a8-\u9632\u76d7\u87ba\u6bcd_09-600x547.jpg 600w\" sizes=\"(max-width: 790px) 100vw, 790px\" \/><\/p>\n<p class=\"ds-markdown-paragraph\">A 12 puntos <a href=\"https:\/\/jbsy-china.com\/es\/lock-nut\/\">contratuerca<\/a> de zinc negro es una fijaci\u00f3n de alto rendimiento dise\u00f1ada para aplicaciones seguras y resistentes a las vibraciones en las que la protecci\u00f3n contra la corrosi\u00f3n y la aplicaci\u00f3n precisa del par de apriete son fundamentales. El\u00a0<strong>Dise\u00f1o de 12 puntos (dodecagonal)<\/strong>\u00a0permite\u00a0<strong>Enganche de la herramienta a 30<\/strong>por lo que es ideal para espacios reducidos, mientras que el\u00a0<strong>cincado negro<\/strong>\u00a0proporciona una mayor durabilidad y un acabado elegante y antirreflectante.<\/p>\n<hr \/>\n<h5><strong>Caracter\u00edsticas principales:<\/strong><\/h5>\n<h4><strong>1. Dise\u00f1o de 12 puntos<\/strong><\/h4>\n<ul>\n<li>\n<p class=\"ds-markdown-paragraph\"><strong>Enganche de la herramienta a 30<\/strong>\u00a0(frente a los 60\u00b0 de las tuercas hexagonales est\u00e1ndar) para mejorar la accesibilidad en espacios reducidos.<\/p>\n<\/li>\n<li>\n<p class=\"ds-markdown-paragraph\">Compatible con\u00a0<strong>Llaves de vaso de 12 puntas, llaves y herramientas dinamom\u00e9tricas<\/strong>\u00a0(com\u00fan en aplicaciones aeroespaciales, automovil\u00edsticas y militares).<\/p>\n<\/li>\n<\/ul>\n<h4><strong>2. Recubrimiento de zinc negro<\/strong><\/h4>\n<ul>\n<li>\n<p class=\"ds-markdown-paragraph\"><strong>Resistente a la corrosi\u00f3n<\/strong>\u00a0- Protege contra la herrumbre y la oxidaci\u00f3n en entornos agresivos.<\/p>\n<\/li>\n<li>\n<p class=\"ds-markdown-paragraph\"><strong>Est\u00e9tica y baja reflectividad<\/strong>\u00a0- Ideal para aplicaciones que requieren un acabado discreto o sin reflejos.<\/p>\n<\/li>\n<li>\n<p class=\"ds-markdown-paragraph\"><strong>Lubricidad mejorada<\/strong>\u00a0- Reduce la fricci\u00f3n durante la instalaci\u00f3n, ayudando a una aplicaci\u00f3n precisa del par de apriete.<\/p>\n<\/li>\n<\/ul>\n<h4><strong>3. Mecanismo de bloqueo<\/strong><\/h4>\n<ul>\n<li>\n<p class=\"ds-markdown-paragraph\"><strong>Par predominante<\/strong>\u00a0(roscas deformadas o inserto de nylon) para resistir el aflojamiento bajo vibraci\u00f3n.<\/p>\n<\/li>\n<li>\n<p class=\"ds-markdown-paragraph\">Las versiones alternativas pueden incluir\u00a0<strong>collares de cierre met\u00e1licos, caras dentadas o elementos de retenci\u00f3n secundarios<\/strong>.<\/p>\n<\/li>\n<\/ul>\n<hr \/>\n<h5><strong>Resumen:<\/strong><\/h5>\n<p class=\"ds-markdown-paragraph\">La contratuerca de 12 puntos de zinc negro combina\u00a0<strong>fijaci\u00f3n de alta resistencia, resistencia a las vibraciones y protecci\u00f3n contra la corrosi\u00f3n<\/strong>\u00a0en un dise\u00f1o compacto y f\u00e1cil de usar. Ideal para\u00a0<strong>aplicaciones cr\u00edticas<\/strong>\u00a0donde la fiabilidad y la durabilidad medioambiental son primordiales.<\/p>","protected":false},"excerpt":{"rendered":"<h6><strong>Caracter\u00edsticas principales:<\/strong><\/h6>\n<ul>\n<li>\n<p class=\"ds-markdown-paragraph\"><strong>Resistente a la corrosi\u00f3n<\/strong>\u00a0- Protege contra la herrumbre y la oxidaci\u00f3n en entornos agresivos.<\/p>\n<\/li>\n<li>\n<p class=\"ds-markdown-paragraph\"><strong>Est\u00e9tica y baja reflectividad<\/strong>\u00a0- Ideal para aplicaciones que requieren un acabado discreto o sin reflejos.<\/p>\n<\/li>\n<li>\n<p class=\"ds-markdown-paragraph\"><strong>Lubricidad mejorada<\/strong>\u00a0- Reduce la fricci\u00f3n durante la instalaci\u00f3n, ayudando a una aplicaci\u00f3n precisa del par de apriete.<\/p>\n<\/li>\n<\/ul>","protected":false},"featured_media":33371,"comment_status":"open","ping_status":"closed","template":"","meta":{"site-sidebar-layout":"default","site-content-layout":"","ast-site-content-layout":"default","site-content-style":"default","site-sidebar-style":"default","ast-global-header-display":"","ast-banner-title-visibility":"","ast-main-header-display":"","ast-hfb-above-header-display":"","ast-hfb-below-header-display":"","ast-hfb-mobile-header-display":"","site-post-title":"","ast-breadcrumbs-content":"","ast-featured-img":"","footer-sml-layout":"","ast-disable-related-posts":"","theme-transparent-header-meta":"default","adv-header-id-meta":"","stick-header-meta":"default","header-above-stick-meta":"","header-main-stick-meta":"","header-below-stick-meta":"","astra-migrate-meta-layouts":"set","ast-page-background-enabled":"default","ast-page-background-meta":{"desktop":{"background-color":"var(--ast-global-color-4)","background-image":"","background-repeat":"repeat","background-position":"center center","background-size":"auto","background-attachment":"scroll","background-type":"","background-media":"","overlay-type":"","overlay-color":"","overlay-opacity":"","overlay-gradient":""},"tablet":{"background-color":"","background-image":"","background-repeat":"repeat","background-position":"center center","background-size":"auto","background-attachment":"scroll","background-type":"","background-media":"","overlay-type":"","overlay-color":"","overlay-opacity":"","overlay-gradient":""},"mobile":{"background-color":"","background-image":"","background-repeat":"repeat","background-position":"center center","background-size":"auto","background-attachment":"scroll","background-type":"","background-media":"","overlay-type":"","overlay-color":"","overlay-opacity":"","overlay-gradient":""}},"ast-content-background-meta":{"desktop":{"background-color":"var(--ast-global-color-5)","background-image":"","background-repeat":"repeat","background-position":"center center","background-size":"auto","background-attachment":"scroll","background-type":"","background-media":"","overlay-type":"","overlay-color":"","overlay-opacity":"","overlay-gradient":""},"tablet":{"background-color":"var(--ast-global-color-5)","background-image":"","background-repeat":"repeat","background-position":"center center","background-size":"auto","background-attachment":"scroll","background-type":"","background-media":"","overlay-type":"","overlay-color":"","overlay-opacity":"","overlay-gradient":""},"mobile":{"background-color":"var(--ast-global-color-5)","background-image":"","background-repeat":"repeat","background-position":"center center","background-size":"auto","background-attachment":"scroll","background-type":"","background-media":"","overlay-type":"","overlay-color":"","overlay-opacity":"","overlay-gradient":""}},"_themeisle_gutenberg_block_has_review":false,"_ti_tpc_template_sync":false,"_ti_tpc_template_id":""},"product_brand":[],"product_cat":[1274],"product_tag":[],"class_list":{"0":"post-33449","1":"product","2":"type-product","3":"status-publish","4":"has-post-thumbnail","6":"product_cat-lock-nut","7":"desktop-align-left","8":"tablet-align-left","9":"mobile-align-left","10":"ast-product-gallery-layout-horizontal-slider","11":"ast-product-tabs-layout-horizontal","12":"ast-qv-on-image","14":"first","15":"instock","16":"shipping-taxable","17":"product-type-simple"},"yoast_head":"<!-- This site is optimized with the Yoast SEO Premium plugin v21.7 (Yoast SEO v25.7) - https:\/\/yoast.com\/wordpress\/plugins\/seo\/ -->\n<title>12-point locking nut black zinc - Jingbang Industrial<\/title>\n<meta name=\"description\" content=\"The 12-point locking nut with black zinc coating is a high performance fastener designed for secure, vibration-resistant applications.\" \/>\n<meta name=\"robots\" content=\"index, follow, max-snippet:-1, max-image-preview:large, max-video-preview:-1\" \/>\n<link rel=\"canonical\" href=\"https:\/\/jbsy-china.com\/es\/producto\/12-point-locking-nut-black-zinc\/\" \/>\n<meta property=\"og:locale\" content=\"es_ES\" \/>\n<meta property=\"og:type\" content=\"article\" \/>\n<meta property=\"og:title\" content=\"12-point locking nut black zinc\" \/>\n<meta property=\"og:description\" content=\"The 12-point locking nut with black zinc coating is a high performance fastener designed for secure, vibration-resistant applications.\" \/>\n<meta property=\"og:url\" content=\"https:\/\/jbsy-china.com\/es\/producto\/12-point-locking-nut-black-zinc\/\" \/>\n<meta property=\"og:site_name\" content=\"Jingbang Industrial\" \/>\n<meta property=\"article:modified_time\" content=\"2025-07-28T06:31:25+00:00\" \/>\n<meta property=\"og:image\" content=\"http:\/\/jbsy-china.com\/wp-content\/uploads\/2025\/05\/12\u89d2\u6cd5\u5170\u91d1\u5c5e\u9501\u7d27\u87ba\u6bcd\u9540\u9ed1.jpg\" \/>\n\t<meta property=\"og:image:width\" content=\"800\" \/>\n\t<meta property=\"og:image:height\" content=\"800\" \/>\n\t<meta property=\"og:image:type\" content=\"image\/jpeg\" \/>\n<meta name=\"twitter:card\" content=\"summary_large_image\" \/>\n<meta name=\"twitter:label1\" content=\"Tiempo de lectura\" \/>\n\t<meta name=\"twitter:data1\" content=\"3 minutos\" \/>\n<script type=\"application\/ld+json\" class=\"yoast-schema-graph\">{\"@context\":\"https:\/\/schema.org\",\"@graph\":[{\"@type\":\"WebPage\",\"@id\":\"https:\/\/jbsy-china.com\/product\/12-point-locking-nut-black-zinc\/\",\"url\":\"https:\/\/jbsy-china.com\/product\/12-point-locking-nut-black-zinc\/\",\"name\":\"12-point locking nut black zinc - Jingbang Industrial\",\"isPartOf\":{\"@id\":\"https:\/\/jbsy-china.com\/#website\"},\"primaryImageOfPage\":{\"@id\":\"https:\/\/jbsy-china.com\/product\/12-point-locking-nut-black-zinc\/#primaryimage\"},\"image\":{\"@id\":\"https:\/\/jbsy-china.com\/product\/12-point-locking-nut-black-zinc\/#primaryimage\"},\"thumbnailUrl\":\"https:\/\/jbsy-china.com\/wp-content\/uploads\/2025\/05\/12\u89d2\u6cd5\u5170\u91d1\u5c5e\u9501\u7d27\u87ba\u6bcd\u9540\u9ed1.jpg\",\"datePublished\":\"2025-05-16T06:24:36+00:00\",\"dateModified\":\"2025-07-28T06:31:25+00:00\",\"description\":\"The 12-point locking nut with black zinc coating is a high performance fastener designed for secure, vibration-resistant applications.\",\"breadcrumb\":{\"@id\":\"https:\/\/jbsy-china.com\/product\/12-point-locking-nut-black-zinc\/#breadcrumb\"},\"inLanguage\":\"es\",\"potentialAction\":[{\"@type\":\"ReadAction\",\"target\":[\"https:\/\/jbsy-china.com\/product\/12-point-locking-nut-black-zinc\/\"]}]},{\"@type\":\"ImageObject\",\"inLanguage\":\"es\",\"@id\":\"https:\/\/jbsy-china.com\/product\/12-point-locking-nut-black-zinc\/#primaryimage\",\"url\":\"https:\/\/jbsy-china.com\/wp-content\/uploads\/2025\/05\/12\u89d2\u6cd5\u5170\u91d1\u5c5e\u9501\u7d27\u87ba\u6bcd\u9540\u9ed1.jpg\",\"contentUrl\":\"https:\/\/jbsy-china.com\/wp-content\/uploads\/2025\/05\/12\u89d2\u6cd5\u5170\u91d1\u5c5e\u9501\u7d27\u87ba\u6bcd\u9540\u9ed1.jpg\",\"width\":800,\"height\":800},{\"@type\":\"BreadcrumbList\",\"@id\":\"https:\/\/jbsy-china.com\/product\/12-point-locking-nut-black-zinc\/#breadcrumb\",\"itemListElement\":[{\"@type\":\"ListItem\",\"position\":1,\"name\":\"Home\",\"item\":\"https:\/\/jbsy-china.com\/\"},{\"@type\":\"ListItem\",\"position\":2,\"name\":\"Products\",\"item\":\"https:\/\/jbsy-china.com\/shop\/\"},{\"@type\":\"ListItem\",\"position\":3,\"name\":\"12-point locking nut black zinc\"}]},{\"@type\":\"WebSite\",\"@id\":\"https:\/\/jbsy-china.com\/#website\",\"url\":\"https:\/\/jbsy-china.com\/\",\"name\":\"Jingbang Industrial\",\"description\":\"Hardware and electronics manufacturer\",\"publisher\":{\"@id\":\"https:\/\/jbsy-china.com\/#organization\"},\"potentialAction\":[{\"@type\":\"SearchAction\",\"target\":{\"@type\":\"EntryPoint\",\"urlTemplate\":\"https:\/\/jbsy-china.com\/?s={search_term_string}\"},\"query-input\":{\"@type\":\"PropertyValueSpecification\",\"valueRequired\":true,\"valueName\":\"search_term_string\"}}],\"inLanguage\":\"es\"},{\"@type\":\"Organization\",\"@id\":\"https:\/\/jbsy-china.com\/#organization\",\"name\":\"Jingbang Industrial\",\"url\":\"https:\/\/jbsy-china.com\/\",\"logo\":{\"@type\":\"ImageObject\",\"inLanguage\":\"es\",\"@id\":\"https:\/\/jbsy-china.com\/#\/schema\/logo\/image\/\",\"url\":\"https:\/\/jbsy-china.com\/wp-content\/uploads\/2023\/11\/cropped-\u56fe\u5c42-1.png\",\"contentUrl\":\"https:\/\/jbsy-china.com\/wp-content\/uploads\/2023\/11\/cropped-\u56fe\u5c42-1.png\",\"width\":1049,\"height\":739,\"caption\":\"Jingbang Industrial\"},\"image\":{\"@id\":\"https:\/\/jbsy-china.com\/#\/schema\/logo\/image\/\"}}]}<\/script>\n<!-- \/ Yoast SEO Premium plugin. -->","yoast_head_json":{"title":"12-point locking nut black zinc - Jingbang Industrial","description":"The 12-point locking nut with black zinc coating is a high performance fastener designed for secure, vibration-resistant applications.","robots":{"index":"index","follow":"follow","max-snippet":"max-snippet:-1","max-image-preview":"max-image-preview:large","max-video-preview":"max-video-preview:-1"},"canonical":"https:\/\/jbsy-china.com\/es\/producto\/12-point-locking-nut-black-zinc\/","og_locale":"es_ES","og_type":"article","og_title":"12-point locking nut black zinc","og_description":"The 12-point locking nut with black zinc coating is a high performance fastener designed for secure, vibration-resistant applications.","og_url":"https:\/\/jbsy-china.com\/es\/producto\/12-point-locking-nut-black-zinc\/","og_site_name":"Jingbang Industrial","article_modified_time":"2025-07-28T06:31:25+00:00","og_image":[{"width":800,"height":800,"url":"http:\/\/jbsy-china.com\/wp-content\/uploads\/2025\/05\/12\u89d2\u6cd5\u5170\u91d1\u5c5e\u9501\u7d27\u87ba\u6bcd\u9540\u9ed1.jpg","type":"image\/jpeg"}],"twitter_card":"summary_large_image","twitter_misc":{"Tiempo de lectura":"3 minutos"},"schema":{"@context":"https:\/\/schema.org","@graph":[{"@type":"WebPage","@id":"https:\/\/jbsy-china.com\/product\/12-point-locking-nut-black-zinc\/","url":"https:\/\/jbsy-china.com\/product\/12-point-locking-nut-black-zinc\/","name":"12-point locking nut black zinc - Jingbang Industrial","isPartOf":{"@id":"https:\/\/jbsy-china.com\/#website"},"primaryImageOfPage":{"@id":"https:\/\/jbsy-china.com\/product\/12-point-locking-nut-black-zinc\/#primaryimage"},"image":{"@id":"https:\/\/jbsy-china.com\/product\/12-point-locking-nut-black-zinc\/#primaryimage"},"thumbnailUrl":"https:\/\/jbsy-china.com\/wp-content\/uploads\/2025\/05\/12\u89d2\u6cd5\u5170\u91d1\u5c5e\u9501\u7d27\u87ba\u6bcd\u9540\u9ed1.jpg","datePublished":"2025-05-16T06:24:36+00:00","dateModified":"2025-07-28T06:31:25+00:00","description":"The 12-point locking nut with black zinc coating is a high performance fastener designed for secure, vibration-resistant applications.","breadcrumb":{"@id":"https:\/\/jbsy-china.com\/product\/12-point-locking-nut-black-zinc\/#breadcrumb"},"inLanguage":"es","potentialAction":[{"@type":"ReadAction","target":["https:\/\/jbsy-china.com\/product\/12-point-locking-nut-black-zinc\/"]}]},{"@type":"ImageObject","inLanguage":"es","@id":"https:\/\/jbsy-china.com\/product\/12-point-locking-nut-black-zinc\/#primaryimage","url":"https:\/\/jbsy-china.com\/wp-content\/uploads\/2025\/05\/12\u89d2\u6cd5\u5170\u91d1\u5c5e\u9501\u7d27\u87ba\u6bcd\u9540\u9ed1.jpg","contentUrl":"https:\/\/jbsy-china.com\/wp-content\/uploads\/2025\/05\/12\u89d2\u6cd5\u5170\u91d1\u5c5e\u9501\u7d27\u87ba\u6bcd\u9540\u9ed1.jpg","width":800,"height":800},{"@type":"BreadcrumbList","@id":"https:\/\/jbsy-china.com\/product\/12-point-locking-nut-black-zinc\/#breadcrumb","itemListElement":[{"@type":"ListItem","position":1,"name":"Home","item":"https:\/\/jbsy-china.com\/"},{"@type":"ListItem","position":2,"name":"Products","item":"https:\/\/jbsy-china.com\/shop\/"},{"@type":"ListItem","position":3,"name":"12-point locking nut black zinc"}]},{"@type":"WebSite","@id":"https:\/\/jbsy-china.com\/#website","url":"https:\/\/jbsy-china.com\/","name":"Jingbang Industrial","description":"Fabricante de hardware y electr\u00f3nica","publisher":{"@id":"https:\/\/jbsy-china.com\/#organization"},"potentialAction":[{"@type":"SearchAction","target":{"@type":"EntryPoint","urlTemplate":"https:\/\/jbsy-china.com\/?s={search_term_string}"},"query-input":{"@type":"PropertyValueSpecification","valueRequired":true,"valueName":"search_term_string"}}],"inLanguage":"es"},{"@type":"Organization","@id":"https:\/\/jbsy-china.com\/#organization","name":"Jingbang Industrial","url":"https:\/\/jbsy-china.com\/","logo":{"@type":"ImageObject","inLanguage":"es","@id":"https:\/\/jbsy-china.com\/#\/schema\/logo\/image\/","url":"https:\/\/jbsy-china.com\/wp-content\/uploads\/2023\/11\/cropped-\u56fe\u5c42-1.png","contentUrl":"https:\/\/jbsy-china.com\/wp-content\/uploads\/2023\/11\/cropped-\u56fe\u5c42-1.png","width":1049,"height":739,"caption":"Jingbang Industrial"},"image":{"@id":"https:\/\/jbsy-china.com\/#\/schema\/logo\/image\/"}}]}},"_links":{"self":[{"href":"https:\/\/jbsy-china.com\/es\/wp-json\/wp\/v2\/product\/33449","targetHints":{"allow":["GET"]}}],"collection":[{"href":"https:\/\/jbsy-china.com\/es\/wp-json\/wp\/v2\/product"}],"about":[{"href":"https:\/\/jbsy-china.com\/es\/wp-json\/wp\/v2\/types\/product"}],"replies":[{"embeddable":true,"href":"https:\/\/jbsy-china.com\/es\/wp-json\/wp\/v2\/comments?post=33449"}],"wp:featuredmedia":[{"embeddable":true,"href":"https:\/\/jbsy-china.com\/es\/wp-json\/wp\/v2\/media\/33371"}],"wp:attachment":[{"href":"https:\/\/jbsy-china.com\/es\/wp-json\/wp\/v2\/media?parent=33449"}],"wp:term":[{"taxonomy":"product_brand","embeddable":true,"href":"https:\/\/jbsy-china.com\/es\/wp-json\/wp\/v2\/product_brand?post=33449"},{"taxonomy":"product_cat","embeddable":true,"href":"https:\/\/jbsy-china.com\/es\/wp-json\/wp\/v2\/product_cat?post=33449"},{"taxonomy":"product_tag","embeddable":true,"href":"https:\/\/jbsy-china.com\/es\/wp-json\/wp\/v2\/product_tag?post=33449"}],"curies":[{"name":"wp","href":"https:\/\/api.w.org\/{rel}","templated":true}]}}