{"id":33453,"date":"2025-05-16T06:29:37","date_gmt":"2025-05-16T06:29:37","guid":{"rendered":"https:\/\/jbsy-china.com\/?post_type=product&#038;p=33453"},"modified":"2025-06-18T06:52:31","modified_gmt":"2025-06-18T06:52:31","slug":"custom-lock-nuts","status":"publish","type":"product","link":"https:\/\/jbsy-china.com\/es\/producto\/custom-lock-nuts\/","title":{"rendered":"Contratuercas personalizadas"},"content":{"rendered":"<p><img fetchpriority=\"high\" decoding=\"async\" class=\"alignnone size-full wp-image-31694\" src=\"http:\/\/jbsy-china.com\/wp-content\/uploads\/2025\/02\/\u4e3b\u63a8-\u9632\u76d7\u87ba\u6bcd_01.jpg\" alt=\"\" width=\"790\" height=\"1330\" srcset=\"https:\/\/jbsy-china.com\/wp-content\/uploads\/2025\/02\/\u4e3b\u63a8-\u9632\u76d7\u87ba\u6bcd_01.jpg 790w, https:\/\/jbsy-china.com\/wp-content\/uploads\/2025\/02\/\u4e3b\u63a8-\u9632\u76d7\u87ba\u6bcd_01-178x300.jpg 178w, https:\/\/jbsy-china.com\/wp-content\/uploads\/2025\/02\/\u4e3b\u63a8-\u9632\u76d7\u87ba\u6bcd_01-608x1024.jpg 608w, https:\/\/jbsy-china.com\/wp-content\/uploads\/2025\/02\/\u4e3b\u63a8-\u9632\u76d7\u87ba\u6bcd_01-768x1293.jpg 768w, https:\/\/jbsy-china.com\/wp-content\/uploads\/2025\/02\/\u4e3b\u63a8-\u9632\u76d7\u87ba\u6bcd_01-600x1010.jpg 600w\" sizes=\"(max-width: 790px) 100vw, 790px\" \/> <img decoding=\"async\" class=\"alignnone size-full wp-image-31695\" src=\"http:\/\/jbsy-china.com\/wp-content\/uploads\/2025\/02\/\u4e3b\u63a8-\u9632\u76d7\u87ba\u6bcd_02.jpg\" alt=\"\" width=\"790\" height=\"930\" srcset=\"https:\/\/jbsy-china.com\/wp-content\/uploads\/2025\/02\/\u4e3b\u63a8-\u9632\u76d7\u87ba\u6bcd_02.jpg 790w, https:\/\/jbsy-china.com\/wp-content\/uploads\/2025\/02\/\u4e3b\u63a8-\u9632\u76d7\u87ba\u6bcd_02-255x300.jpg 255w, https:\/\/jbsy-china.com\/wp-content\/uploads\/2025\/02\/\u4e3b\u63a8-\u9632\u76d7\u87ba\u6bcd_02-768x904.jpg 768w, https:\/\/jbsy-china.com\/wp-content\/uploads\/2025\/02\/\u4e3b\u63a8-\u9632\u76d7\u87ba\u6bcd_02-600x706.jpg 600w\" sizes=\"(max-width: 790px) 100vw, 790px\" \/> <img decoding=\"async\" class=\"alignnone size-full wp-image-31696\" src=\"http:\/\/jbsy-china.com\/wp-content\/uploads\/2025\/02\/\u4e3b\u63a8-\u9632\u76d7\u87ba\u6bcd_03.jpg\" alt=\"\" width=\"790\" height=\"1060\" srcset=\"https:\/\/jbsy-china.com\/wp-content\/uploads\/2025\/02\/\u4e3b\u63a8-\u9632\u76d7\u87ba\u6bcd_03.jpg 790w, https:\/\/jbsy-china.com\/wp-content\/uploads\/2025\/02\/\u4e3b\u63a8-\u9632\u76d7\u87ba\u6bcd_03-224x300.jpg 224w, https:\/\/jbsy-china.com\/wp-content\/uploads\/2025\/02\/\u4e3b\u63a8-\u9632\u76d7\u87ba\u6bcd_03-763x1024.jpg 763w, https:\/\/jbsy-china.com\/wp-content\/uploads\/2025\/02\/\u4e3b\u63a8-\u9632\u76d7\u87ba\u6bcd_03-768x1030.jpg 768w, https:\/\/jbsy-china.com\/wp-content\/uploads\/2025\/02\/\u4e3b\u63a8-\u9632\u76d7\u87ba\u6bcd_03-600x805.jpg 600w\" sizes=\"(max-width: 790px) 100vw, 790px\" \/> <img loading=\"lazy\" decoding=\"async\" class=\"alignnone size-full wp-image-31697\" src=\"http:\/\/jbsy-china.com\/wp-content\/uploads\/2025\/02\/\u4e3b\u63a8-\u9632\u76d7\u87ba\u6bcd_04.jpg\" alt=\"\" width=\"790\" height=\"850\" srcset=\"https:\/\/jbsy-china.com\/wp-content\/uploads\/2025\/02\/\u4e3b\u63a8-\u9632\u76d7\u87ba\u6bcd_04.jpg 790w, https:\/\/jbsy-china.com\/wp-content\/uploads\/2025\/02\/\u4e3b\u63a8-\u9632\u76d7\u87ba\u6bcd_04-279x300.jpg 279w, https:\/\/jbsy-china.com\/wp-content\/uploads\/2025\/02\/\u4e3b\u63a8-\u9632\u76d7\u87ba\u6bcd_04-768x826.jpg 768w, https:\/\/jbsy-china.com\/wp-content\/uploads\/2025\/02\/\u4e3b\u63a8-\u9632\u76d7\u87ba\u6bcd_04-600x646.jpg 600w\" sizes=\"(max-width: 790px) 100vw, 790px\" \/><\/p>\n<p><strong>La fijaci\u00f3n y apertura de pernos y tuercas adopta un dise\u00f1o no est\u00e1ndar, y la coincidencia<\/strong><br \/>\n<strong>Para resolver los problemas de apertura y fijaci\u00f3n se utilizan herramientas no est\u00e1ndar. En general, se utilizan otras<\/strong><br \/>\n<strong>no se pueden insertar llaves. En el dise\u00f1o de apariencia de tuercas y tornillos, ranurado no est\u00e1ndar,<\/strong><br \/>\n<strong>apertura o herramientas de ranura pentagonal, heptagonal, de nueve esquinas o a medida correspondiente<\/strong><br \/>\n<strong>han desempe\u00f1ado un muy buen efecto antirrobo<\/strong><\/p>\n<p><img loading=\"lazy\" decoding=\"async\" class=\"alignnone size-full wp-image-31699\" src=\"http:\/\/jbsy-china.com\/wp-content\/uploads\/2025\/02\/\u4e3b\u63a8-\u9632\u76d7\u87ba\u6bcd_06.jpg\" alt=\"\" width=\"790\" height=\"690\" srcset=\"https:\/\/jbsy-china.com\/wp-content\/uploads\/2025\/02\/\u4e3b\u63a8-\u9632\u76d7\u87ba\u6bcd_06.jpg 790w, https:\/\/jbsy-china.com\/wp-content\/uploads\/2025\/02\/\u4e3b\u63a8-\u9632\u76d7\u87ba\u6bcd_06-300x262.jpg 300w, https:\/\/jbsy-china.com\/wp-content\/uploads\/2025\/02\/\u4e3b\u63a8-\u9632\u76d7\u87ba\u6bcd_06-768x671.jpg 768w, https:\/\/jbsy-china.com\/wp-content\/uploads\/2025\/02\/\u4e3b\u63a8-\u9632\u76d7\u87ba\u6bcd_06-600x524.jpg 600w\" sizes=\"(max-width: 790px) 100vw, 790px\" \/><\/p>\n<p><strong>El proceso de estampado en fr\u00edo es uno de los nuevos procesos de mecanizado a presi\u00f3n de menor o ning\u00fan corte<\/strong><br \/>\n<strong>metal. Es un m\u00e9todo de transformaci\u00f3n que utiliza la deformaci\u00f3n pl\u00e1stica del metal bajo la acci\u00f3n de<\/strong><br \/>\n<strong>fuerzas externas y, con ayuda de moldes, redistribuye y transfiere el volumen de metal para formar<\/strong><br \/>\n<strong>las piezas o formatos necesarios. El proceso de estampaci\u00f3n en fr\u00edo es el m\u00e1s adecuado para producir piezas est\u00e1ndar.<\/strong><br \/>\n<strong>elementos de fijaci\u00f3n como pernos, tornillos, tuercas, remaches, pasadores, etc.<\/strong><\/p>\n<p><img loading=\"lazy\" decoding=\"async\" class=\"alignnone size-full wp-image-31701\" src=\"http:\/\/jbsy-china.com\/wp-content\/uploads\/2025\/02\/\u4e3b\u63a8-\u9632\u76d7\u87ba\u6bcd_08.jpg\" alt=\"\" width=\"790\" height=\"590\" srcset=\"https:\/\/jbsy-china.com\/wp-content\/uploads\/2025\/02\/\u4e3b\u63a8-\u9632\u76d7\u87ba\u6bcd_08.jpg 790w, https:\/\/jbsy-china.com\/wp-content\/uploads\/2025\/02\/\u4e3b\u63a8-\u9632\u76d7\u87ba\u6bcd_08-300x224.jpg 300w, https:\/\/jbsy-china.com\/wp-content\/uploads\/2025\/02\/\u4e3b\u63a8-\u9632\u76d7\u87ba\u6bcd_08-768x574.jpg 768w, https:\/\/jbsy-china.com\/wp-content\/uploads\/2025\/02\/\u4e3b\u63a8-\u9632\u76d7\u87ba\u6bcd_08-600x448.jpg 600w\" sizes=\"(max-width: 790px) 100vw, 790px\" \/> <img loading=\"lazy\" decoding=\"async\" class=\"alignnone size-full wp-image-31702\" src=\"http:\/\/jbsy-china.com\/wp-content\/uploads\/2025\/02\/\u4e3b\u63a8-\u9632\u76d7\u87ba\u6bcd_09.jpg\" alt=\"\" width=\"790\" height=\"720\" srcset=\"https:\/\/jbsy-china.com\/wp-content\/uploads\/2025\/02\/\u4e3b\u63a8-\u9632\u76d7\u87ba\u6bcd_09.jpg 790w, https:\/\/jbsy-china.com\/wp-content\/uploads\/2025\/02\/\u4e3b\u63a8-\u9632\u76d7\u87ba\u6bcd_09-300x273.jpg 300w, https:\/\/jbsy-china.com\/wp-content\/uploads\/2025\/02\/\u4e3b\u63a8-\u9632\u76d7\u87ba\u6bcd_09-768x700.jpg 768w, https:\/\/jbsy-china.com\/wp-content\/uploads\/2025\/02\/\u4e3b\u63a8-\u9632\u76d7\u87ba\u6bcd_09-600x547.jpg 600w\" sizes=\"(max-width: 790px) 100vw, 790px\" \/><\/p>\n<p class=\"ds-markdown-paragraph\">A medida<a href=\"https:\/\/jbsy-china.com\/es\/lock-nut\/\"> tuercas de seguridad<\/a> son fijaciones especializadas dise\u00f1adas para resistir el aflojamiento bajo vibraci\u00f3n, torsi\u00f3n o cargas din\u00e1micas. garantizan una fijaci\u00f3n segura y fiable en entornos cr\u00edticos.<\/p>\n<h3><strong>Caracter\u00edsticas clave:<\/strong><\/h3>\n<ol start=\"1\">\n<li>\n<p class=\"ds-markdown-paragraph\"><strong>Mecanismo de bloqueo<\/strong>\u00a0- Utiliza varias caracter\u00edsticas antiaflojamiento como:<\/p>\n<ul>\n<li>\n<p class=\"ds-markdown-paragraph\"><strong>Insertos de nylon<\/strong>\u00a0(deformaci\u00f3n el\u00e1stica para una resistencia basada en la fricci\u00f3n).<\/p>\n<\/li>\n<li>\n<p class=\"ds-markdown-paragraph\"><strong>Roscas deformadas o el\u00edpticas<\/strong>\u00a0(crea un ajuste de interferencia).<\/p>\n<\/li>\n<li>\n<p class=\"ds-markdown-paragraph\"><strong>Anillos o dientes met\u00e1licos de bloqueo<\/strong>\u00a0(bordes dentados o collares de cierre secundarios).<\/p>\n<\/li>\n<li>\n<p class=\"ds-markdown-paragraph\"><strong>Adhesivos qu\u00edmicos<\/strong>\u00a0(parches fijadores de roscas para una retenci\u00f3n permanente).<\/p>\n<\/li>\n<\/ul>\n<\/li>\n<li>\n<p class=\"ds-markdown-paragraph\"><strong>Personalizaci\u00f3n de materiales y acabados<\/strong>\u00a0-<\/p>\n<ul>\n<li>\n<p class=\"ds-markdown-paragraph\"><strong>Materiales:<\/strong>\u00a0Acero inoxidable (304\/316), acero aleado (grado 8\/10), lat\u00f3n, titanio o aleaciones de alta temperatura.<\/p>\n<\/li>\n<li>\n<p class=\"ds-markdown-paragraph\"><strong>Revestimientos:<\/strong>\u00a0Cincado, \u00f3xido negro, Dacromet, n\u00edquel o PTFE para resistencia a la corrosi\u00f3n\/qu\u00edmica.<\/p>\n<\/li>\n<\/ul>\n<\/li>\n<li>\n<p class=\"ds-markdown-paragraph\"><strong>Adaptabilidad dimensional<\/strong>\u00a0-<\/p>\n<ul>\n<li>\n<p class=\"ds-markdown-paragraph\">Tama\u00f1os de rosca personalizados (m\u00e9trica, UNC, UNF o pasos patentados).<\/p>\n<\/li>\n<li>\n<p class=\"ds-markdown-paragraph\">Formas modificadas (rebordeadas, moleteadas, de perfil bajo o de longitud de agarre ampliada).<\/p>\n<\/li>\n<\/ul>\n<\/li>\n<li>\n<p class=\"ds-markdown-paragraph\"><strong>Mejoras de rendimiento<\/strong>\u00a0-<\/p>\n<ul>\n<li>\n<p class=\"ds-markdown-paragraph\"><strong>Resistencia a altas temperaturas<\/strong>\u00a0(para motores\/sistemas de escape).<\/p>\n<\/li>\n<li>\n<p class=\"ds-markdown-paragraph\">Contratuercas personalizadas<\/p>\n<\/li>\n<\/ul>\n<\/li>\n<\/ol>\n<h3><strong>Ventajas de la personalizaci\u00f3n:<\/strong><\/h3>\n<ul>\n<li>\n<p class=\"ds-markdown-paragraph\"><strong>Mayor fiabilidad<\/strong>\u00a0para montajes de misi\u00f3n cr\u00edtica.<\/p>\n<\/li>\n<li>\n<p class=\"ds-markdown-paragraph\"><strong>Mantenimiento reducido<\/strong>\u00a0impidiendo el aflojamiento espont\u00e1neo.<\/p>\n<\/li>\n<\/ul>\n<p class=\"ds-markdown-paragraph\">Las contratuercas personalizadas son ideales cuando las opciones est\u00e1ndar no satisfacen las exigencias operativas espec\u00edficas. Desea orientaci\u00f3n para seleccionar un tipo espec\u00edfico en funci\u00f3n de su caso de uso?<\/p>","protected":false},"excerpt":{"rendered":"<h6><strong>Caracter\u00edsticas clave:<\/strong><\/h6>\n<ul>\n<li style=\"list-style-type: none;\">\n<ul>\n<li>\n<p class=\"ds-markdown-paragraph\"><strong>Insertos de nylon<\/strong>\u00a0(deformaci\u00f3n el\u00e1stica para una resistencia basada en la fricci\u00f3n).<\/p>\n<\/li>\n<li>\n<p class=\"ds-markdown-paragraph\"><strong>Roscas deformadas o el\u00edpticas<\/strong>\u00a0(crea un ajuste de interferencia).<\/p>\n<\/li>\n<li>\n<p class=\"ds-markdown-paragraph\"><strong>Anillos o dientes met\u00e1licos de bloqueo<\/strong>\u00a0(bordes dentados o collares de cierre secundarios).<\/p>\n<\/li>\n<\/ul>\n<\/li>\n<\/ul>","protected":false},"featured_media":33377,"comment_status":"open","ping_status":"closed","template":"","meta":{"site-sidebar-layout":"default","site-content-layout":"","ast-site-content-layout":"default","site-content-style":"default","site-sidebar-style":"default","ast-global-header-display":"","ast-banner-title-visibility":"","ast-main-header-display":"","ast-hfb-above-header-display":"","ast-hfb-below-header-display":"","ast-hfb-mobile-header-display":"","site-post-title":"","ast-breadcrumbs-content":"","ast-featured-img":"","footer-sml-layout":"","ast-disable-related-posts":"","theme-transparent-header-meta":"default","adv-header-id-meta":"","stick-header-meta":"default","header-above-stick-meta":"","header-main-stick-meta":"","header-below-stick-meta":"","astra-migrate-meta-layouts":"set","ast-page-background-enabled":"default","ast-page-background-meta":{"desktop":{"background-color":"var(--ast-global-color-4)","background-image":"","background-repeat":"repeat","background-position":"center center","background-size":"auto","background-attachment":"scroll","background-type":"","background-media":"","overlay-type":"","overlay-color":"","overlay-opacity":"","overlay-gradient":""},"tablet":{"background-color":"","background-image":"","background-repeat":"repeat","background-position":"center center","background-size":"auto","background-attachment":"scroll","background-type":"","background-media":"","overlay-type":"","overlay-color":"","overlay-opacity":"","overlay-gradient":""},"mobile":{"background-color":"","background-image":"","background-repeat":"repeat","background-position":"center center","background-size":"auto","background-attachment":"scroll","background-type":"","background-media":"","overlay-type":"","overlay-color":"","overlay-opacity":"","overlay-gradient":""}},"ast-content-background-meta":{"desktop":{"background-color":"var(--ast-global-color-5)","background-image":"","background-repeat":"repeat","background-position":"center center","background-size":"auto","background-attachment":"scroll","background-type":"","background-media":"","overlay-type":"","overlay-color":"","overlay-opacity":"","overlay-gradient":""},"tablet":{"background-color":"var(--ast-global-color-5)","background-image":"","background-repeat":"repeat","background-position":"center center","background-size":"auto","background-attachment":"scroll","background-type":"","background-media":"","overlay-type":"","overlay-color":"","overlay-opacity":"","overlay-gradient":""},"mobile":{"background-color":"var(--ast-global-color-5)","background-image":"","background-repeat":"repeat","background-position":"center center","background-size":"auto","background-attachment":"scroll","background-type":"","background-media":"","overlay-type":"","overlay-color":"","overlay-opacity":"","overlay-gradient":""}},"_themeisle_gutenberg_block_has_review":false,"_ti_tpc_template_sync":false,"_ti_tpc_template_id":""},"product_brand":[],"product_cat":[1274],"product_tag":[],"class_list":{"0":"post-33453","1":"product","2":"type-product","3":"status-publish","4":"has-post-thumbnail","6":"product_cat-lock-nut","7":"desktop-align-left","8":"tablet-align-left","9":"mobile-align-left","10":"ast-product-gallery-layout-horizontal-slider","11":"ast-product-tabs-layout-horizontal","12":"ast-qv-on-image","14":"first","15":"instock","16":"shipping-taxable","17":"product-type-simple"},"yoast_head":"<!-- This site is optimized with the Yoast SEO Premium plugin v21.7 (Yoast SEO v25.7) - https:\/\/yoast.com\/wordpress\/plugins\/seo\/ -->\n<title>Custom lock nuts - Jingbang Industrial<\/title>\n<meta name=\"description\" content=\"Custom lock nuts are precision-engineered fasteners designed to maintain a secure hold in high-vibration, high-torque or dynamically loaded environments.\" \/>\n<meta name=\"robots\" content=\"index, follow, max-snippet:-1, max-image-preview:large, max-video-preview:-1\" \/>\n<link rel=\"canonical\" href=\"https:\/\/jbsy-china.com\/es\/producto\/custom-lock-nuts\/\" \/>\n<meta property=\"og:locale\" content=\"es_ES\" \/>\n<meta property=\"og:type\" content=\"article\" \/>\n<meta property=\"og:title\" content=\"Custom lock nuts\" \/>\n<meta property=\"og:description\" content=\"Custom lock nuts are precision-engineered fasteners designed to maintain a secure hold in high-vibration, high-torque or dynamically loaded environments.\" \/>\n<meta property=\"og:url\" content=\"https:\/\/jbsy-china.com\/es\/producto\/custom-lock-nuts\/\" \/>\n<meta property=\"og:site_name\" content=\"Jingbang Industrial\" \/>\n<meta property=\"article:modified_time\" content=\"2025-06-18T06:52:31+00:00\" \/>\n<meta property=\"og:image\" content=\"http:\/\/jbsy-china.com\/wp-content\/uploads\/2025\/05\/\u7cbe\u5bc6\u9501\u7d27\u87ba\u6bcd.jpg\" \/>\n\t<meta property=\"og:image:width\" content=\"800\" \/>\n\t<meta property=\"og:image:height\" content=\"800\" \/>\n\t<meta property=\"og:image:type\" content=\"image\/jpeg\" \/>\n<meta name=\"twitter:card\" content=\"summary_large_image\" \/>\n<meta name=\"twitter:label1\" content=\"Tiempo de lectura\" \/>\n\t<meta name=\"twitter:data1\" content=\"3 minutos\" \/>\n<script type=\"application\/ld+json\" class=\"yoast-schema-graph\">{\"@context\":\"https:\/\/schema.org\",\"@graph\":[{\"@type\":\"WebPage\",\"@id\":\"https:\/\/jbsy-china.com\/product\/custom-lock-nuts\/\",\"url\":\"https:\/\/jbsy-china.com\/product\/custom-lock-nuts\/\",\"name\":\"Custom lock nuts - Jingbang Industrial\",\"isPartOf\":{\"@id\":\"https:\/\/jbsy-china.com\/#website\"},\"primaryImageOfPage\":{\"@id\":\"https:\/\/jbsy-china.com\/product\/custom-lock-nuts\/#primaryimage\"},\"image\":{\"@id\":\"https:\/\/jbsy-china.com\/product\/custom-lock-nuts\/#primaryimage\"},\"thumbnailUrl\":\"https:\/\/jbsy-china.com\/wp-content\/uploads\/2025\/05\/\u7cbe\u5bc6\u9501\u7d27\u87ba\u6bcd.jpg\",\"datePublished\":\"2025-05-16T06:29:37+00:00\",\"dateModified\":\"2025-06-18T06:52:31+00:00\",\"description\":\"Custom lock nuts are precision-engineered fasteners designed to maintain a secure hold in high-vibration, high-torque or dynamically loaded environments.\",\"breadcrumb\":{\"@id\":\"https:\/\/jbsy-china.com\/product\/custom-lock-nuts\/#breadcrumb\"},\"inLanguage\":\"es\",\"potentialAction\":[{\"@type\":\"ReadAction\",\"target\":[\"https:\/\/jbsy-china.com\/product\/custom-lock-nuts\/\"]}]},{\"@type\":\"ImageObject\",\"inLanguage\":\"es\",\"@id\":\"https:\/\/jbsy-china.com\/product\/custom-lock-nuts\/#primaryimage\",\"url\":\"https:\/\/jbsy-china.com\/wp-content\/uploads\/2025\/05\/\u7cbe\u5bc6\u9501\u7d27\u87ba\u6bcd.jpg\",\"contentUrl\":\"https:\/\/jbsy-china.com\/wp-content\/uploads\/2025\/05\/\u7cbe\u5bc6\u9501\u7d27\u87ba\u6bcd.jpg\",\"width\":800,\"height\":800},{\"@type\":\"BreadcrumbList\",\"@id\":\"https:\/\/jbsy-china.com\/product\/custom-lock-nuts\/#breadcrumb\",\"itemListElement\":[{\"@type\":\"ListItem\",\"position\":1,\"name\":\"Home\",\"item\":\"https:\/\/jbsy-china.com\/\"},{\"@type\":\"ListItem\",\"position\":2,\"name\":\"Products\",\"item\":\"https:\/\/jbsy-china.com\/shop\/\"},{\"@type\":\"ListItem\",\"position\":3,\"name\":\"Custom lock nuts\"}]},{\"@type\":\"WebSite\",\"@id\":\"https:\/\/jbsy-china.com\/#website\",\"url\":\"https:\/\/jbsy-china.com\/\",\"name\":\"Jingbang Industrial\",\"description\":\"Hardware and electronics manufacturer\",\"publisher\":{\"@id\":\"https:\/\/jbsy-china.com\/#organization\"},\"potentialAction\":[{\"@type\":\"SearchAction\",\"target\":{\"@type\":\"EntryPoint\",\"urlTemplate\":\"https:\/\/jbsy-china.com\/?s={search_term_string}\"},\"query-input\":{\"@type\":\"PropertyValueSpecification\",\"valueRequired\":true,\"valueName\":\"search_term_string\"}}],\"inLanguage\":\"es\"},{\"@type\":\"Organization\",\"@id\":\"https:\/\/jbsy-china.com\/#organization\",\"name\":\"Jingbang Industrial\",\"url\":\"https:\/\/jbsy-china.com\/\",\"logo\":{\"@type\":\"ImageObject\",\"inLanguage\":\"es\",\"@id\":\"https:\/\/jbsy-china.com\/#\/schema\/logo\/image\/\",\"url\":\"https:\/\/jbsy-china.com\/wp-content\/uploads\/2023\/11\/cropped-\u56fe\u5c42-1.png\",\"contentUrl\":\"https:\/\/jbsy-china.com\/wp-content\/uploads\/2023\/11\/cropped-\u56fe\u5c42-1.png\",\"width\":1049,\"height\":739,\"caption\":\"Jingbang Industrial\"},\"image\":{\"@id\":\"https:\/\/jbsy-china.com\/#\/schema\/logo\/image\/\"}}]}<\/script>\n<!-- \/ Yoast SEO Premium plugin. -->","yoast_head_json":{"title":"Custom lock nuts - Jingbang Industrial","description":"Custom lock nuts are precision-engineered fasteners designed to maintain a secure hold in high-vibration, high-torque or dynamically loaded environments.","robots":{"index":"index","follow":"follow","max-snippet":"max-snippet:-1","max-image-preview":"max-image-preview:large","max-video-preview":"max-video-preview:-1"},"canonical":"https:\/\/jbsy-china.com\/es\/producto\/custom-lock-nuts\/","og_locale":"es_ES","og_type":"article","og_title":"Custom lock nuts","og_description":"Custom lock nuts are precision-engineered fasteners designed to maintain a secure hold in high-vibration, high-torque or dynamically loaded environments.","og_url":"https:\/\/jbsy-china.com\/es\/producto\/custom-lock-nuts\/","og_site_name":"Jingbang Industrial","article_modified_time":"2025-06-18T06:52:31+00:00","og_image":[{"width":800,"height":800,"url":"http:\/\/jbsy-china.com\/wp-content\/uploads\/2025\/05\/\u7cbe\u5bc6\u9501\u7d27\u87ba\u6bcd.jpg","type":"image\/jpeg"}],"twitter_card":"summary_large_image","twitter_misc":{"Tiempo de lectura":"3 minutos"},"schema":{"@context":"https:\/\/schema.org","@graph":[{"@type":"WebPage","@id":"https:\/\/jbsy-china.com\/product\/custom-lock-nuts\/","url":"https:\/\/jbsy-china.com\/product\/custom-lock-nuts\/","name":"Custom lock nuts - Jingbang Industrial","isPartOf":{"@id":"https:\/\/jbsy-china.com\/#website"},"primaryImageOfPage":{"@id":"https:\/\/jbsy-china.com\/product\/custom-lock-nuts\/#primaryimage"},"image":{"@id":"https:\/\/jbsy-china.com\/product\/custom-lock-nuts\/#primaryimage"},"thumbnailUrl":"https:\/\/jbsy-china.com\/wp-content\/uploads\/2025\/05\/\u7cbe\u5bc6\u9501\u7d27\u87ba\u6bcd.jpg","datePublished":"2025-05-16T06:29:37+00:00","dateModified":"2025-06-18T06:52:31+00:00","description":"Custom lock nuts are precision-engineered fasteners designed to maintain a secure hold in high-vibration, high-torque or dynamically loaded environments.","breadcrumb":{"@id":"https:\/\/jbsy-china.com\/product\/custom-lock-nuts\/#breadcrumb"},"inLanguage":"es","potentialAction":[{"@type":"ReadAction","target":["https:\/\/jbsy-china.com\/product\/custom-lock-nuts\/"]}]},{"@type":"ImageObject","inLanguage":"es","@id":"https:\/\/jbsy-china.com\/product\/custom-lock-nuts\/#primaryimage","url":"https:\/\/jbsy-china.com\/wp-content\/uploads\/2025\/05\/\u7cbe\u5bc6\u9501\u7d27\u87ba\u6bcd.jpg","contentUrl":"https:\/\/jbsy-china.com\/wp-content\/uploads\/2025\/05\/\u7cbe\u5bc6\u9501\u7d27\u87ba\u6bcd.jpg","width":800,"height":800},{"@type":"BreadcrumbList","@id":"https:\/\/jbsy-china.com\/product\/custom-lock-nuts\/#breadcrumb","itemListElement":[{"@type":"ListItem","position":1,"name":"Home","item":"https:\/\/jbsy-china.com\/"},{"@type":"ListItem","position":2,"name":"Products","item":"https:\/\/jbsy-china.com\/shop\/"},{"@type":"ListItem","position":3,"name":"Custom lock nuts"}]},{"@type":"WebSite","@id":"https:\/\/jbsy-china.com\/#website","url":"https:\/\/jbsy-china.com\/","name":"Jingbang Industrial","description":"Fabricante de hardware y electr\u00f3nica","publisher":{"@id":"https:\/\/jbsy-china.com\/#organization"},"potentialAction":[{"@type":"SearchAction","target":{"@type":"EntryPoint","urlTemplate":"https:\/\/jbsy-china.com\/?s={search_term_string}"},"query-input":{"@type":"PropertyValueSpecification","valueRequired":true,"valueName":"search_term_string"}}],"inLanguage":"es"},{"@type":"Organization","@id":"https:\/\/jbsy-china.com\/#organization","name":"Jingbang Industrial","url":"https:\/\/jbsy-china.com\/","logo":{"@type":"ImageObject","inLanguage":"es","@id":"https:\/\/jbsy-china.com\/#\/schema\/logo\/image\/","url":"https:\/\/jbsy-china.com\/wp-content\/uploads\/2023\/11\/cropped-\u56fe\u5c42-1.png","contentUrl":"https:\/\/jbsy-china.com\/wp-content\/uploads\/2023\/11\/cropped-\u56fe\u5c42-1.png","width":1049,"height":739,"caption":"Jingbang Industrial"},"image":{"@id":"https:\/\/jbsy-china.com\/#\/schema\/logo\/image\/"}}]}},"_links":{"self":[{"href":"https:\/\/jbsy-china.com\/es\/wp-json\/wp\/v2\/product\/33453","targetHints":{"allow":["GET"]}}],"collection":[{"href":"https:\/\/jbsy-china.com\/es\/wp-json\/wp\/v2\/product"}],"about":[{"href":"https:\/\/jbsy-china.com\/es\/wp-json\/wp\/v2\/types\/product"}],"replies":[{"embeddable":true,"href":"https:\/\/jbsy-china.com\/es\/wp-json\/wp\/v2\/comments?post=33453"}],"wp:featuredmedia":[{"embeddable":true,"href":"https:\/\/jbsy-china.com\/es\/wp-json\/wp\/v2\/media\/33377"}],"wp:attachment":[{"href":"https:\/\/jbsy-china.com\/es\/wp-json\/wp\/v2\/media?parent=33453"}],"wp:term":[{"taxonomy":"product_brand","embeddable":true,"href":"https:\/\/jbsy-china.com\/es\/wp-json\/wp\/v2\/product_brand?post=33453"},{"taxonomy":"product_cat","embeddable":true,"href":"https:\/\/jbsy-china.com\/es\/wp-json\/wp\/v2\/product_cat?post=33453"},{"taxonomy":"product_tag","embeddable":true,"href":"https:\/\/jbsy-china.com\/es\/wp-json\/wp\/v2\/product_tag?post=33453"}],"curies":[{"name":"wp","href":"https:\/\/api.w.org\/{rel}","templated":true}]}}