{"id":33485,"date":"2025-05-16T06:57:24","date_gmt":"2025-05-16T06:57:24","guid":{"rendered":"https:\/\/jbsy-china.com\/?post_type=product&#038;p=33485"},"modified":"2025-06-10T07:39:20","modified_gmt":"2025-06-10T07:39:20","slug":"cross-recessed-chicago-screws","status":"publish","type":"product","link":"https:\/\/jbsy-china.com\/es\/producto\/cross-recessed-chicago-screws\/","title":{"rendered":"Cruz empotrada Chicago tornillos"},"content":{"rendered":"<p><img fetchpriority=\"high\" decoding=\"async\" class=\"alignnone size-full wp-image-31578\" src=\"http:\/\/jbsy-china.com\/wp-content\/uploads\/2025\/02\/\u51b7\u9566\u8be6\u60c5\u9875_01.jpg\" alt=\"\" width=\"790\" height=\"329\" srcset=\"https:\/\/jbsy-china.com\/wp-content\/uploads\/2025\/02\/\u51b7\u9566\u8be6\u60c5\u9875_01.jpg 790w, https:\/\/jbsy-china.com\/wp-content\/uploads\/2025\/02\/\u51b7\u9566\u8be6\u60c5\u9875_01-300x125.jpg 300w, https:\/\/jbsy-china.com\/wp-content\/uploads\/2025\/02\/\u51b7\u9566\u8be6\u60c5\u9875_01-768x320.jpg 768w, https:\/\/jbsy-china.com\/wp-content\/uploads\/2025\/02\/\u51b7\u9566\u8be6\u60c5\u9875_01-600x250.jpg 600w\" sizes=\"(max-width: 790px) 100vw, 790px\" \/> <img decoding=\"async\" class=\"alignnone size-full wp-image-31579\" src=\"http:\/\/jbsy-china.com\/wp-content\/uploads\/2025\/02\/\u51b7\u9566\u8be6\u60c5\u9875_02.jpg\" alt=\"\" width=\"790\" height=\"981\" srcset=\"https:\/\/jbsy-china.com\/wp-content\/uploads\/2025\/02\/\u51b7\u9566\u8be6\u60c5\u9875_02.jpg 790w, https:\/\/jbsy-china.com\/wp-content\/uploads\/2025\/02\/\u51b7\u9566\u8be6\u60c5\u9875_02-242x300.jpg 242w, https:\/\/jbsy-china.com\/wp-content\/uploads\/2025\/02\/\u51b7\u9566\u8be6\u60c5\u9875_02-768x954.jpg 768w, https:\/\/jbsy-china.com\/wp-content\/uploads\/2025\/02\/\u51b7\u9566\u8be6\u60c5\u9875_02-600x745.jpg 600w\" sizes=\"(max-width: 790px) 100vw, 790px\" \/> <img decoding=\"async\" class=\"alignnone size-full wp-image-31580\" src=\"http:\/\/jbsy-china.com\/wp-content\/uploads\/2025\/02\/\u51b7\u9566\u8be6\u60c5\u9875_03.jpg\" alt=\"\" width=\"790\" height=\"740\" srcset=\"https:\/\/jbsy-china.com\/wp-content\/uploads\/2025\/02\/\u51b7\u9566\u8be6\u60c5\u9875_03.jpg 790w, https:\/\/jbsy-china.com\/wp-content\/uploads\/2025\/02\/\u51b7\u9566\u8be6\u60c5\u9875_03-300x281.jpg 300w, https:\/\/jbsy-china.com\/wp-content\/uploads\/2025\/02\/\u51b7\u9566\u8be6\u60c5\u9875_03-768x719.jpg 768w, https:\/\/jbsy-china.com\/wp-content\/uploads\/2025\/02\/\u51b7\u9566\u8be6\u60c5\u9875_03-600x562.jpg 600w\" sizes=\"(max-width: 790px) 100vw, 790px\" \/> <img loading=\"lazy\" decoding=\"async\" class=\"alignnone size-full wp-image-31581\" src=\"http:\/\/jbsy-china.com\/wp-content\/uploads\/2025\/02\/\u51b7\u9566\u8be6\u60c5\u9875_04.jpg\" alt=\"\" width=\"790\" height=\"739\" srcset=\"https:\/\/jbsy-china.com\/wp-content\/uploads\/2025\/02\/\u51b7\u9566\u8be6\u60c5\u9875_04.jpg 790w, https:\/\/jbsy-china.com\/wp-content\/uploads\/2025\/02\/\u51b7\u9566\u8be6\u60c5\u9875_04-300x281.jpg 300w, https:\/\/jbsy-china.com\/wp-content\/uploads\/2025\/02\/\u51b7\u9566\u8be6\u60c5\u9875_04-768x718.jpg 768w, https:\/\/jbsy-china.com\/wp-content\/uploads\/2025\/02\/\u51b7\u9566\u8be6\u60c5\u9875_04-600x561.jpg 600w\" sizes=\"(max-width: 790px) 100vw, 790px\" \/> <img loading=\"lazy\" decoding=\"async\" class=\"alignnone size-full wp-image-31583\" src=\"http:\/\/jbsy-china.com\/wp-content\/uploads\/2025\/02\/\u51b7\u9566\u8be6\u60c5\u9875_05_01.jpg\" alt=\"\" width=\"790\" height=\"677\" srcset=\"https:\/\/jbsy-china.com\/wp-content\/uploads\/2025\/02\/\u51b7\u9566\u8be6\u60c5\u9875_05_01.jpg 790w, https:\/\/jbsy-china.com\/wp-content\/uploads\/2025\/02\/\u51b7\u9566\u8be6\u60c5\u9875_05_01-300x257.jpg 300w, https:\/\/jbsy-china.com\/wp-content\/uploads\/2025\/02\/\u51b7\u9566\u8be6\u60c5\u9875_05_01-768x658.jpg 768w, https:\/\/jbsy-china.com\/wp-content\/uploads\/2025\/02\/\u51b7\u9566\u8be6\u60c5\u9875_05_01-600x514.jpg 600w\" sizes=\"(max-width: 790px) 100vw, 790px\" \/><\/p>\n<p><strong>El proceso de estampado en fr\u00edo es uno de los nuevos procesos de mecanizado a presi\u00f3n de menor o ning\u00fan corte<\/strong><br \/>\n<strong>metal. Es un m\u00e9todo de transformaci\u00f3n que utiliza la deformaci\u00f3n pl\u00e1stica del metal bajo la acci\u00f3n de<\/strong><br \/>\n<strong>fuerzas externas y, con ayuda de moldes, redistribuye y transfiere el volumen de metal para formar<\/strong><br \/>\n<strong>las piezas o formatos necesarios. El proceso de estampaci\u00f3n en fr\u00edo es el m\u00e1s adecuado para producir piezas est\u00e1ndar.<\/strong><br \/>\n<strong>elementos de fijaci\u00f3n como pernos, tornillos, tuercas, remaches, pasadores, etc.<\/strong><\/p>\n<p><img loading=\"lazy\" decoding=\"async\" class=\"alignnone size-full wp-image-31585\" src=\"http:\/\/jbsy-china.com\/wp-content\/uploads\/2025\/02\/\u51b7\u9566\u8be6\u60c5\u9875_05_03.jpg\" alt=\"\" width=\"790\" height=\"603\" srcset=\"https:\/\/jbsy-china.com\/wp-content\/uploads\/2025\/02\/\u51b7\u9566\u8be6\u60c5\u9875_05_03.jpg 790w, https:\/\/jbsy-china.com\/wp-content\/uploads\/2025\/02\/\u51b7\u9566\u8be6\u60c5\u9875_05_03-300x229.jpg 300w, https:\/\/jbsy-china.com\/wp-content\/uploads\/2025\/02\/\u51b7\u9566\u8be6\u60c5\u9875_05_03-768x586.jpg 768w, https:\/\/jbsy-china.com\/wp-content\/uploads\/2025\/02\/\u51b7\u9566\u8be6\u60c5\u9875_05_03-600x458.jpg 600w\" sizes=\"(max-width: 790px) 100vw, 790px\" \/> <img loading=\"lazy\" decoding=\"async\" class=\"alignnone size-full wp-image-31586\" src=\"http:\/\/jbsy-china.com\/wp-content\/uploads\/2025\/02\/\u51b7\u9566\u8be6\u60c5\u9875_06.jpg\" alt=\"\" width=\"790\" height=\"742\" srcset=\"https:\/\/jbsy-china.com\/wp-content\/uploads\/2025\/02\/\u51b7\u9566\u8be6\u60c5\u9875_06.jpg 790w, https:\/\/jbsy-china.com\/wp-content\/uploads\/2025\/02\/\u51b7\u9566\u8be6\u60c5\u9875_06-300x282.jpg 300w, https:\/\/jbsy-china.com\/wp-content\/uploads\/2025\/02\/\u51b7\u9566\u8be6\u60c5\u9875_06-768x721.jpg 768w, https:\/\/jbsy-china.com\/wp-content\/uploads\/2025\/02\/\u51b7\u9566\u8be6\u60c5\u9875_06-600x564.jpg 600w\" sizes=\"(max-width: 790px) 100vw, 790px\" \/><\/p>\n<div class=\"dad65929\">\n<div class=\"_4f9bf79 d7dc56a8 _43c05b5\">\n<div class=\"ds-markdown ds-markdown--block\">\n<p class=\"ds-markdown-paragraph\"><strong>Cruz Empotrada <a href=\"https:\/\/jbsy-china.com\/es\/chicago-screw\/\">Tornillos Chicago<\/a><\/strong>\u00a0(tambi\u00e9n conocido como\u00a0<strong>Tornillos sexuales de cabeza Phillips<\/strong>\u00a0o\u00a0<strong>postes de conexi\u00f3n de accionamiento transversal<\/strong>) son fijaciones especializadas de dos piezas dise\u00f1adas para aplicaciones que requieren un montaje asistido por herramienta y un acabado enrasado de perfil bajo. Estos elementos de fijaci\u00f3n de calidad industrial constan de:<\/p>\n<ol start=\"1\">\n<li>\n<p class=\"ds-markdown-paragraph\"><strong>Componente de tornillo macho<\/strong><\/p>\n<\/li>\n<\/ol>\n<ul>\n<li>\n<p class=\"ds-markdown-paragraph\">Presenta una cabeza plana avellanada con un rebaje de precisi\u00f3n en cruz (Phillips)<\/p>\n<\/li>\n<li>\n<p class=\"ds-markdown-paragraph\">Dise\u00f1ado para un acoplamiento seguro con destornilladores Phillips est\u00e1ndar<\/p>\n<\/li>\n<\/ul>\n<ol start=\"2\">\n<li>\n<p class=\"ds-markdown-paragraph\"><strong>Componente hembra del ca\u00f1\u00f3n<\/strong><\/p>\n<\/li>\n<\/ol>\n<ul>\n<li>\n<p class=\"ds-markdown-paragraph\">Ca\u00f1\u00f3n cil\u00edndrico roscado de precisi\u00f3n con roscas internas<\/p>\n<\/li>\n<li>\n<p class=\"ds-markdown-paragraph\">Suelen tener el exterior moleteado o liso para sujetar la herramienta<\/p>\n<\/li>\n<li>\n<p class=\"ds-markdown-paragraph\">Cruz empotrada Chicago tornillos<\/p>\n<\/li>\n<li>\n<p class=\"ds-markdown-paragraph\">Dise\u00f1ado para encapsular completamente las roscas de los tornillos una vez montados<\/p>\n<\/li>\n<\/ul>\n<p class=\"ds-markdown-paragraph\"><strong>Especificaciones t\u00e9cnicas clave:<\/strong><\/p>\n<ul>\n<li>\n<p class=\"ds-markdown-paragraph\"><strong>Tipos de accionamiento:<\/strong>\u00a0Phillips (est\u00e1ndar), Phillips\/cuadrado h\u00edbrido (para mayor par de apriete)<\/p>\n<\/li>\n<li>\n<p class=\"ds-markdown-paragraph\"><strong>Materiales:<\/strong>\u00a0Acero inoxidable 304\/316 (resistente a la corrosi\u00f3n), lat\u00f3n (antichispas), acero templado (alta resistencia)<\/p>\n<\/li>\n<li>\n<p class=\"ds-markdown-paragraph\"><strong>Gama de temperaturas:<\/strong>\u00a0-40\u00b0F a +500\u00b0F (en funci\u00f3n del material)<\/p>\n<\/li>\n<\/ul>\n<p class=\"ds-markdown-paragraph\"><strong>Ventajas de rendimiento:<\/strong><\/p>\n<ul>\n<li>\n<p class=\"ds-markdown-paragraph\"><strong>Transmisi\u00f3n de par superior:<\/strong>\u00a0El dise\u00f1o de escotadura transversal evita que se salga la leva durante la instalaci\u00f3n de par elevado<\/p>\n<\/li>\n<li>\n<p class=\"ds-markdown-paragraph\"><strong>Resistencia a las vibraciones:<\/strong>\u00a0Variantes de bloqueo de rosca disponibles (parche de nailon o adhesivo qu\u00edmico)<\/p>\n<\/li>\n<li>\n<p class=\"ds-markdown-paragraph\"><strong>Resistencia a la corrosi\u00f3n:<\/strong>\u00a0Acabados marinos opcionales para entornos dif\u00edciles<\/p>\n<\/li>\n<\/ul>\n<p class=\"ds-markdown-paragraph\"><strong>Aplicaciones industriales:<\/strong><\/p>\n<ol start=\"1\">\n<li>\n<p class=\"ds-markdown-paragraph\"><strong>Industria del transporte:<\/strong>\u00a0Paneles interiores de aeronaves, sujeci\u00f3n de guarnecidos de veh\u00edculos<\/p>\n<\/li>\n<li>\n<p class=\"ds-markdown-paragraph\"><strong>Maquinaria pesada:<\/strong>\u00a0Puntos de montaje resistentes a las vibraciones<\/p>\n<\/li>\n<li>\n<p class=\"ds-markdown-paragraph\"><strong>Metalister\u00eda arquitect\u00f3nica:<\/strong>\u00a0Conexiones estructurales empotradas<\/p>\n<\/li>\n<\/ol>\n<p class=\"ds-markdown-paragraph\"><strong>Especificaciones de instalaci\u00f3n:<\/strong><\/p>\n<ul>\n<li>\n<p class=\"ds-markdown-paragraph\">Par de apriete recomendado: 5-25 in-lbs (dependiendo del material\/tama\u00f1o)<\/p>\n<\/li>\n<li>\n<p class=\"ds-markdown-paragraph\">Cruz empotrada Chicago tornillos<\/p>\n<\/li>\n<li>\n<p class=\"ds-markdown-paragraph\">Compuesto fijador de roscas recomendado para instalaciones permanentes<\/p>\n<\/li>\n<\/ul>\n<p class=\"ds-markdown-paragraph\">Esta soluci\u00f3n de fijaci\u00f3n de calidad profesional es especialmente valiosa en aplicaciones que requieren un desmontaje repetido manteniendo la integridad estructural. El dise\u00f1o en cruz ofrece un equilibrio \u00f3ptimo entre velocidad de instalaci\u00f3n y seguridad, por lo que es ideal para entornos de producci\u00f3n.<\/p>\n<\/div>\n<\/div>\n<\/div>\n<p class=\"ds-markdown-paragraph\">","protected":false},"excerpt":{"rendered":"<h6><strong>Caracter\u00edsticas principales:<\/strong><\/h6>\n<ul>\n<li class=\"ds-markdown-paragraph\"><strong>Cross\/Phillips Drive<\/strong>\u00a0- Permite un apriete r\u00e1pido y seguro con un destornillador Phillips est\u00e1ndar.<\/li>\n<li class=\"ds-markdown-paragraph\"><strong>Acabado enrasado<\/strong>\u00a0- La cabeza avellanada se asienta suavemente contra la superficie.<\/li>\n<li class=\"ds-markdown-paragraph\"><strong>Ca\u00f1\u00f3n roscado<\/strong>\u00a0- Las roscas internas proporcionan una sujeci\u00f3n fuerte y resistente a las vibraciones.<\/li>\n<\/ul>","protected":false},"featured_media":33473,"comment_status":"open","ping_status":"closed","template":"","meta":{"site-sidebar-layout":"default","site-content-layout":"","ast-site-content-layout":"default","site-content-style":"default","site-sidebar-style":"default","ast-global-header-display":"","ast-banner-title-visibility":"","ast-main-header-display":"","ast-hfb-above-header-display":"","ast-hfb-below-header-display":"","ast-hfb-mobile-header-display":"","site-post-title":"","ast-breadcrumbs-content":"","ast-featured-img":"","footer-sml-layout":"","ast-disable-related-posts":"","theme-transparent-header-meta":"default","adv-header-id-meta":"","stick-header-meta":"default","header-above-stick-meta":"","header-main-stick-meta":"","header-below-stick-meta":"","astra-migrate-meta-layouts":"set","ast-page-background-enabled":"default","ast-page-background-meta":{"desktop":{"background-color":"var(--ast-global-color-4)","background-image":"","background-repeat":"repeat","background-position":"center center","background-size":"auto","background-attachment":"scroll","background-type":"","background-media":"","overlay-type":"","overlay-color":"","overlay-opacity":"","overlay-gradient":""},"tablet":{"background-color":"","background-image":"","background-repeat":"repeat","background-position":"center center","background-size":"auto","background-attachment":"scroll","background-type":"","background-media":"","overlay-type":"","overlay-color":"","overlay-opacity":"","overlay-gradient":""},"mobile":{"background-color":"","background-image":"","background-repeat":"repeat","background-position":"center center","background-size":"auto","background-attachment":"scroll","background-type":"","background-media":"","overlay-type":"","overlay-color":"","overlay-opacity":"","overlay-gradient":""}},"ast-content-background-meta":{"desktop":{"background-color":"var(--ast-global-color-5)","background-image":"","background-repeat":"repeat","background-position":"center center","background-size":"auto","background-attachment":"scroll","background-type":"","background-media":"","overlay-type":"","overlay-color":"","overlay-opacity":"","overlay-gradient":""},"tablet":{"background-color":"var(--ast-global-color-5)","background-image":"","background-repeat":"repeat","background-position":"center center","background-size":"auto","background-attachment":"scroll","background-type":"","background-media":"","overlay-type":"","overlay-color":"","overlay-opacity":"","overlay-gradient":""},"mobile":{"background-color":"var(--ast-global-color-5)","background-image":"","background-repeat":"repeat","background-position":"center center","background-size":"auto","background-attachment":"scroll","background-type":"","background-media":"","overlay-type":"","overlay-color":"","overlay-opacity":"","overlay-gradient":""}},"_themeisle_gutenberg_block_has_review":false,"_ti_tpc_template_sync":false,"_ti_tpc_template_id":""},"product_brand":[],"product_cat":[1276],"product_tag":[],"class_list":{"0":"post-33485","1":"product","2":"type-product","3":"status-publish","4":"has-post-thumbnail","6":"product_cat-chicago-screw","7":"desktop-align-left","8":"tablet-align-left","9":"mobile-align-left","10":"ast-product-gallery-layout-horizontal-slider","11":"ast-product-tabs-layout-horizontal","12":"ast-qv-on-image","14":"first","15":"instock","16":"shipping-taxable","17":"product-type-simple"},"yoast_head":"<!-- This site is optimized with the Yoast SEO Premium plugin v21.7 (Yoast SEO v25.7) - https:\/\/yoast.com\/wordpress\/plugins\/seo\/ -->\n<title>Cross recessed Chicago screws - Jingbang Industrial<\/title>\n<meta name=\"description\" content=\"The Cross recessed Chicago screws is a two-part fastener that has a cross slot on the outer screw head to allow for easier installation with a screwdriver.\" \/>\n<meta name=\"robots\" content=\"index, follow, max-snippet:-1, max-image-preview:large, max-video-preview:-1\" \/>\n<link rel=\"canonical\" href=\"https:\/\/jbsy-china.com\/es\/producto\/cross-recessed-chicago-screws\/\" \/>\n<meta property=\"og:locale\" content=\"es_ES\" \/>\n<meta property=\"og:type\" content=\"article\" \/>\n<meta property=\"og:title\" content=\"Cross recessed Chicago screws\" \/>\n<meta property=\"og:description\" content=\"The Cross recessed Chicago screws is a two-part fastener that has a cross slot on the outer screw head to allow for easier installation with a screwdriver.\" \/>\n<meta property=\"og:url\" content=\"https:\/\/jbsy-china.com\/es\/producto\/cross-recessed-chicago-screws\/\" \/>\n<meta property=\"og:site_name\" content=\"Jingbang Industrial\" \/>\n<meta property=\"article:modified_time\" content=\"2025-06-10T07:39:20+00:00\" \/>\n<meta property=\"og:image\" content=\"http:\/\/jbsy-china.com\/wp-content\/uploads\/2025\/05\/\u5341\u5b57\u69fd\u9540\u954d\u5b50\u6bcd\u87ba\u9489.jpg\" \/>\n\t<meta property=\"og:image:width\" content=\"800\" \/>\n\t<meta property=\"og:image:height\" content=\"800\" \/>\n\t<meta property=\"og:image:type\" content=\"image\/jpeg\" \/>\n<meta name=\"twitter:card\" content=\"summary_large_image\" \/>\n<meta name=\"twitter:label1\" content=\"Tiempo de lectura\" \/>\n\t<meta name=\"twitter:data1\" content=\"3 minutos\" \/>\n<script type=\"application\/ld+json\" class=\"yoast-schema-graph\">{\"@context\":\"https:\/\/schema.org\",\"@graph\":[{\"@type\":\"WebPage\",\"@id\":\"https:\/\/jbsy-china.com\/product\/cross-recessed-chicago-screws\/\",\"url\":\"https:\/\/jbsy-china.com\/product\/cross-recessed-chicago-screws\/\",\"name\":\"Cross recessed Chicago screws - Jingbang Industrial\",\"isPartOf\":{\"@id\":\"https:\/\/jbsy-china.com\/#website\"},\"primaryImageOfPage\":{\"@id\":\"https:\/\/jbsy-china.com\/product\/cross-recessed-chicago-screws\/#primaryimage\"},\"image\":{\"@id\":\"https:\/\/jbsy-china.com\/product\/cross-recessed-chicago-screws\/#primaryimage\"},\"thumbnailUrl\":\"https:\/\/jbsy-china.com\/wp-content\/uploads\/2025\/05\/\u5341\u5b57\u69fd\u9540\u954d\u5b50\u6bcd\u87ba\u9489.jpg\",\"datePublished\":\"2025-05-16T06:57:24+00:00\",\"dateModified\":\"2025-06-10T07:39:20+00:00\",\"description\":\"The Cross recessed Chicago screws is a two-part fastener that has a cross slot on the outer screw head to allow for easier installation with a screwdriver.\",\"breadcrumb\":{\"@id\":\"https:\/\/jbsy-china.com\/product\/cross-recessed-chicago-screws\/#breadcrumb\"},\"inLanguage\":\"es\",\"potentialAction\":[{\"@type\":\"ReadAction\",\"target\":[\"https:\/\/jbsy-china.com\/product\/cross-recessed-chicago-screws\/\"]}]},{\"@type\":\"ImageObject\",\"inLanguage\":\"es\",\"@id\":\"https:\/\/jbsy-china.com\/product\/cross-recessed-chicago-screws\/#primaryimage\",\"url\":\"https:\/\/jbsy-china.com\/wp-content\/uploads\/2025\/05\/\u5341\u5b57\u69fd\u9540\u954d\u5b50\u6bcd\u87ba\u9489.jpg\",\"contentUrl\":\"https:\/\/jbsy-china.com\/wp-content\/uploads\/2025\/05\/\u5341\u5b57\u69fd\u9540\u954d\u5b50\u6bcd\u87ba\u9489.jpg\",\"width\":800,\"height\":800},{\"@type\":\"BreadcrumbList\",\"@id\":\"https:\/\/jbsy-china.com\/product\/cross-recessed-chicago-screws\/#breadcrumb\",\"itemListElement\":[{\"@type\":\"ListItem\",\"position\":1,\"name\":\"Home\",\"item\":\"https:\/\/jbsy-china.com\/\"},{\"@type\":\"ListItem\",\"position\":2,\"name\":\"Products\",\"item\":\"https:\/\/jbsy-china.com\/shop\/\"},{\"@type\":\"ListItem\",\"position\":3,\"name\":\"Cross recessed Chicago screws\"}]},{\"@type\":\"WebSite\",\"@id\":\"https:\/\/jbsy-china.com\/#website\",\"url\":\"https:\/\/jbsy-china.com\/\",\"name\":\"Jingbang Industrial\",\"description\":\"Hardware and electronics manufacturer\",\"publisher\":{\"@id\":\"https:\/\/jbsy-china.com\/#organization\"},\"potentialAction\":[{\"@type\":\"SearchAction\",\"target\":{\"@type\":\"EntryPoint\",\"urlTemplate\":\"https:\/\/jbsy-china.com\/?s={search_term_string}\"},\"query-input\":{\"@type\":\"PropertyValueSpecification\",\"valueRequired\":true,\"valueName\":\"search_term_string\"}}],\"inLanguage\":\"es\"},{\"@type\":\"Organization\",\"@id\":\"https:\/\/jbsy-china.com\/#organization\",\"name\":\"Jingbang Industrial\",\"url\":\"https:\/\/jbsy-china.com\/\",\"logo\":{\"@type\":\"ImageObject\",\"inLanguage\":\"es\",\"@id\":\"https:\/\/jbsy-china.com\/#\/schema\/logo\/image\/\",\"url\":\"https:\/\/jbsy-china.com\/wp-content\/uploads\/2023\/11\/cropped-\u56fe\u5c42-1.png\",\"contentUrl\":\"https:\/\/jbsy-china.com\/wp-content\/uploads\/2023\/11\/cropped-\u56fe\u5c42-1.png\",\"width\":1049,\"height\":739,\"caption\":\"Jingbang Industrial\"},\"image\":{\"@id\":\"https:\/\/jbsy-china.com\/#\/schema\/logo\/image\/\"}}]}<\/script>\n<!-- \/ Yoast SEO Premium plugin. -->","yoast_head_json":{"title":"Cross recessed Chicago screws - Jingbang Industrial","description":"The Cross recessed Chicago screws is a two-part fastener that has a cross slot on the outer screw head to allow for easier installation with a screwdriver.","robots":{"index":"index","follow":"follow","max-snippet":"max-snippet:-1","max-image-preview":"max-image-preview:large","max-video-preview":"max-video-preview:-1"},"canonical":"https:\/\/jbsy-china.com\/es\/producto\/cross-recessed-chicago-screws\/","og_locale":"es_ES","og_type":"article","og_title":"Cross recessed Chicago screws","og_description":"The Cross recessed Chicago screws is a two-part fastener that has a cross slot on the outer screw head to allow for easier installation with a screwdriver.","og_url":"https:\/\/jbsy-china.com\/es\/producto\/cross-recessed-chicago-screws\/","og_site_name":"Jingbang Industrial","article_modified_time":"2025-06-10T07:39:20+00:00","og_image":[{"width":800,"height":800,"url":"http:\/\/jbsy-china.com\/wp-content\/uploads\/2025\/05\/\u5341\u5b57\u69fd\u9540\u954d\u5b50\u6bcd\u87ba\u9489.jpg","type":"image\/jpeg"}],"twitter_card":"summary_large_image","twitter_misc":{"Tiempo de lectura":"3 minutos"},"schema":{"@context":"https:\/\/schema.org","@graph":[{"@type":"WebPage","@id":"https:\/\/jbsy-china.com\/product\/cross-recessed-chicago-screws\/","url":"https:\/\/jbsy-china.com\/product\/cross-recessed-chicago-screws\/","name":"Cross recessed Chicago screws - Jingbang Industrial","isPartOf":{"@id":"https:\/\/jbsy-china.com\/#website"},"primaryImageOfPage":{"@id":"https:\/\/jbsy-china.com\/product\/cross-recessed-chicago-screws\/#primaryimage"},"image":{"@id":"https:\/\/jbsy-china.com\/product\/cross-recessed-chicago-screws\/#primaryimage"},"thumbnailUrl":"https:\/\/jbsy-china.com\/wp-content\/uploads\/2025\/05\/\u5341\u5b57\u69fd\u9540\u954d\u5b50\u6bcd\u87ba\u9489.jpg","datePublished":"2025-05-16T06:57:24+00:00","dateModified":"2025-06-10T07:39:20+00:00","description":"The Cross recessed Chicago screws is a two-part fastener that has a cross slot on the outer screw head to allow for easier installation with a screwdriver.","breadcrumb":{"@id":"https:\/\/jbsy-china.com\/product\/cross-recessed-chicago-screws\/#breadcrumb"},"inLanguage":"es","potentialAction":[{"@type":"ReadAction","target":["https:\/\/jbsy-china.com\/product\/cross-recessed-chicago-screws\/"]}]},{"@type":"ImageObject","inLanguage":"es","@id":"https:\/\/jbsy-china.com\/product\/cross-recessed-chicago-screws\/#primaryimage","url":"https:\/\/jbsy-china.com\/wp-content\/uploads\/2025\/05\/\u5341\u5b57\u69fd\u9540\u954d\u5b50\u6bcd\u87ba\u9489.jpg","contentUrl":"https:\/\/jbsy-china.com\/wp-content\/uploads\/2025\/05\/\u5341\u5b57\u69fd\u9540\u954d\u5b50\u6bcd\u87ba\u9489.jpg","width":800,"height":800},{"@type":"BreadcrumbList","@id":"https:\/\/jbsy-china.com\/product\/cross-recessed-chicago-screws\/#breadcrumb","itemListElement":[{"@type":"ListItem","position":1,"name":"Home","item":"https:\/\/jbsy-china.com\/"},{"@type":"ListItem","position":2,"name":"Products","item":"https:\/\/jbsy-china.com\/shop\/"},{"@type":"ListItem","position":3,"name":"Cross recessed Chicago screws"}]},{"@type":"WebSite","@id":"https:\/\/jbsy-china.com\/#website","url":"https:\/\/jbsy-china.com\/","name":"Jingbang Industrial","description":"Fabricante de hardware y electr\u00f3nica","publisher":{"@id":"https:\/\/jbsy-china.com\/#organization"},"potentialAction":[{"@type":"SearchAction","target":{"@type":"EntryPoint","urlTemplate":"https:\/\/jbsy-china.com\/?s={search_term_string}"},"query-input":{"@type":"PropertyValueSpecification","valueRequired":true,"valueName":"search_term_string"}}],"inLanguage":"es"},{"@type":"Organization","@id":"https:\/\/jbsy-china.com\/#organization","name":"Jingbang Industrial","url":"https:\/\/jbsy-china.com\/","logo":{"@type":"ImageObject","inLanguage":"es","@id":"https:\/\/jbsy-china.com\/#\/schema\/logo\/image\/","url":"https:\/\/jbsy-china.com\/wp-content\/uploads\/2023\/11\/cropped-\u56fe\u5c42-1.png","contentUrl":"https:\/\/jbsy-china.com\/wp-content\/uploads\/2023\/11\/cropped-\u56fe\u5c42-1.png","width":1049,"height":739,"caption":"Jingbang Industrial"},"image":{"@id":"https:\/\/jbsy-china.com\/#\/schema\/logo\/image\/"}}]}},"_links":{"self":[{"href":"https:\/\/jbsy-china.com\/es\/wp-json\/wp\/v2\/product\/33485","targetHints":{"allow":["GET"]}}],"collection":[{"href":"https:\/\/jbsy-china.com\/es\/wp-json\/wp\/v2\/product"}],"about":[{"href":"https:\/\/jbsy-china.com\/es\/wp-json\/wp\/v2\/types\/product"}],"replies":[{"embeddable":true,"href":"https:\/\/jbsy-china.com\/es\/wp-json\/wp\/v2\/comments?post=33485"}],"wp:featuredmedia":[{"embeddable":true,"href":"https:\/\/jbsy-china.com\/es\/wp-json\/wp\/v2\/media\/33473"}],"wp:attachment":[{"href":"https:\/\/jbsy-china.com\/es\/wp-json\/wp\/v2\/media?parent=33485"}],"wp:term":[{"taxonomy":"product_brand","embeddable":true,"href":"https:\/\/jbsy-china.com\/es\/wp-json\/wp\/v2\/product_brand?post=33485"},{"taxonomy":"product_cat","embeddable":true,"href":"https:\/\/jbsy-china.com\/es\/wp-json\/wp\/v2\/product_cat?post=33485"},{"taxonomy":"product_tag","embeddable":true,"href":"https:\/\/jbsy-china.com\/es\/wp-json\/wp\/v2\/product_tag?post=33485"}],"curies":[{"name":"wp","href":"https:\/\/api.w.org\/{rel}","templated":true}]}}