{"id":33525,"date":"2025-05-16T07:19:14","date_gmt":"2025-05-16T07:19:14","guid":{"rendered":"https:\/\/jbsy-china.com\/?post_type=product&#038;p=33525"},"modified":"2025-07-28T06:47:34","modified_gmt":"2025-07-28T06:47:34","slug":"pan-head-oil-plug-screw","status":"publish","type":"product","link":"https:\/\/jbsy-china.com\/es\/producto\/pan-head-oil-plug-screw\/","title":{"rendered":"Tornillo de cabeza plana para tap\u00f3n de aceite"},"content":{"rendered":"<p><a href=\"https:\/\/jbsy-china.com\/es\/oil-plug-screw\/\"><img fetchpriority=\"high\" decoding=\"async\" class=\"alignnone size-full wp-image-31578\" src=\"http:\/\/jbsy-china.com\/wp-content\/uploads\/2025\/02\/\u51b7\u9566\u8be6\u60c5\u9875_01.jpg\" alt=\"\" width=\"790\" height=\"329\" srcset=\"https:\/\/jbsy-china.com\/wp-content\/uploads\/2025\/02\/\u51b7\u9566\u8be6\u60c5\u9875_01.jpg 790w, https:\/\/jbsy-china.com\/wp-content\/uploads\/2025\/02\/\u51b7\u9566\u8be6\u60c5\u9875_01-300x125.jpg 300w, https:\/\/jbsy-china.com\/wp-content\/uploads\/2025\/02\/\u51b7\u9566\u8be6\u60c5\u9875_01-768x320.jpg 768w, https:\/\/jbsy-china.com\/wp-content\/uploads\/2025\/02\/\u51b7\u9566\u8be6\u60c5\u9875_01-600x250.jpg 600w\" sizes=\"(max-width: 790px) 100vw, 790px\" \/><\/a> <img decoding=\"async\" class=\"alignnone size-full wp-image-31579\" src=\"http:\/\/jbsy-china.com\/wp-content\/uploads\/2025\/02\/\u51b7\u9566\u8be6\u60c5\u9875_02.jpg\" alt=\"\" width=\"790\" height=\"981\" srcset=\"https:\/\/jbsy-china.com\/wp-content\/uploads\/2025\/02\/\u51b7\u9566\u8be6\u60c5\u9875_02.jpg 790w, https:\/\/jbsy-china.com\/wp-content\/uploads\/2025\/02\/\u51b7\u9566\u8be6\u60c5\u9875_02-242x300.jpg 242w, https:\/\/jbsy-china.com\/wp-content\/uploads\/2025\/02\/\u51b7\u9566\u8be6\u60c5\u9875_02-768x954.jpg 768w, https:\/\/jbsy-china.com\/wp-content\/uploads\/2025\/02\/\u51b7\u9566\u8be6\u60c5\u9875_02-600x745.jpg 600w\" sizes=\"(max-width: 790px) 100vw, 790px\" \/> <img decoding=\"async\" class=\"alignnone size-full wp-image-31580\" src=\"http:\/\/jbsy-china.com\/wp-content\/uploads\/2025\/02\/\u51b7\u9566\u8be6\u60c5\u9875_03.jpg\" alt=\"\" width=\"790\" height=\"740\" srcset=\"https:\/\/jbsy-china.com\/wp-content\/uploads\/2025\/02\/\u51b7\u9566\u8be6\u60c5\u9875_03.jpg 790w, https:\/\/jbsy-china.com\/wp-content\/uploads\/2025\/02\/\u51b7\u9566\u8be6\u60c5\u9875_03-300x281.jpg 300w, https:\/\/jbsy-china.com\/wp-content\/uploads\/2025\/02\/\u51b7\u9566\u8be6\u60c5\u9875_03-768x719.jpg 768w, https:\/\/jbsy-china.com\/wp-content\/uploads\/2025\/02\/\u51b7\u9566\u8be6\u60c5\u9875_03-600x562.jpg 600w\" sizes=\"(max-width: 790px) 100vw, 790px\" \/> <img loading=\"lazy\" decoding=\"async\" class=\"alignnone size-full wp-image-31581\" src=\"http:\/\/jbsy-china.com\/wp-content\/uploads\/2025\/02\/\u51b7\u9566\u8be6\u60c5\u9875_04.jpg\" alt=\"\" width=\"790\" height=\"739\" srcset=\"https:\/\/jbsy-china.com\/wp-content\/uploads\/2025\/02\/\u51b7\u9566\u8be6\u60c5\u9875_04.jpg 790w, https:\/\/jbsy-china.com\/wp-content\/uploads\/2025\/02\/\u51b7\u9566\u8be6\u60c5\u9875_04-300x281.jpg 300w, https:\/\/jbsy-china.com\/wp-content\/uploads\/2025\/02\/\u51b7\u9566\u8be6\u60c5\u9875_04-768x718.jpg 768w, https:\/\/jbsy-china.com\/wp-content\/uploads\/2025\/02\/\u51b7\u9566\u8be6\u60c5\u9875_04-600x561.jpg 600w\" sizes=\"(max-width: 790px) 100vw, 790px\" \/> <img loading=\"lazy\" decoding=\"async\" class=\"alignnone size-full wp-image-31583\" src=\"http:\/\/jbsy-china.com\/wp-content\/uploads\/2025\/02\/\u51b7\u9566\u8be6\u60c5\u9875_05_01.jpg\" alt=\"\" width=\"790\" height=\"677\" srcset=\"https:\/\/jbsy-china.com\/wp-content\/uploads\/2025\/02\/\u51b7\u9566\u8be6\u60c5\u9875_05_01.jpg 790w, https:\/\/jbsy-china.com\/wp-content\/uploads\/2025\/02\/\u51b7\u9566\u8be6\u60c5\u9875_05_01-300x257.jpg 300w, https:\/\/jbsy-china.com\/wp-content\/uploads\/2025\/02\/\u51b7\u9566\u8be6\u60c5\u9875_05_01-768x658.jpg 768w, https:\/\/jbsy-china.com\/wp-content\/uploads\/2025\/02\/\u51b7\u9566\u8be6\u60c5\u9875_05_01-600x514.jpg 600w\" sizes=\"(max-width: 790px) 100vw, 790px\" \/><\/p>\n<p><strong>El proceso de estampado en fr\u00edo es uno de los nuevos procesos de mecanizado a presi\u00f3n de menor o ning\u00fan corte<\/strong><br \/>\n<strong>metal. Es un m\u00e9todo de transformaci\u00f3n que utiliza la deformaci\u00f3n pl\u00e1stica del metal bajo la acci\u00f3n de<\/strong><br \/>\n<strong>fuerzas externas y, con ayuda de moldes, redistribuye y transfiere el volumen de metal para formar<\/strong><br \/>\n<strong>las piezas o formatos necesarios. El proceso de estampaci\u00f3n en fr\u00edo es el m\u00e1s adecuado para producir piezas est\u00e1ndar.<\/strong><br \/>\n<strong>elementos de fijaci\u00f3n como pernos, tornillos, tuercas, remaches, pasadores, etc.<\/strong><\/p>\n<p><img loading=\"lazy\" decoding=\"async\" class=\"alignnone size-full wp-image-31585\" src=\"http:\/\/jbsy-china.com\/wp-content\/uploads\/2025\/02\/\u51b7\u9566\u8be6\u60c5\u9875_05_03.jpg\" alt=\"\" width=\"790\" height=\"603\" srcset=\"https:\/\/jbsy-china.com\/wp-content\/uploads\/2025\/02\/\u51b7\u9566\u8be6\u60c5\u9875_05_03.jpg 790w, https:\/\/jbsy-china.com\/wp-content\/uploads\/2025\/02\/\u51b7\u9566\u8be6\u60c5\u9875_05_03-300x229.jpg 300w, https:\/\/jbsy-china.com\/wp-content\/uploads\/2025\/02\/\u51b7\u9566\u8be6\u60c5\u9875_05_03-768x586.jpg 768w, https:\/\/jbsy-china.com\/wp-content\/uploads\/2025\/02\/\u51b7\u9566\u8be6\u60c5\u9875_05_03-600x458.jpg 600w\" sizes=\"(max-width: 790px) 100vw, 790px\" \/> <img loading=\"lazy\" decoding=\"async\" class=\"alignnone size-full wp-image-31586\" src=\"http:\/\/jbsy-china.com\/wp-content\/uploads\/2025\/02\/\u51b7\u9566\u8be6\u60c5\u9875_06.jpg\" alt=\"\" width=\"790\" height=\"742\" srcset=\"https:\/\/jbsy-china.com\/wp-content\/uploads\/2025\/02\/\u51b7\u9566\u8be6\u60c5\u9875_06.jpg 790w, https:\/\/jbsy-china.com\/wp-content\/uploads\/2025\/02\/\u51b7\u9566\u8be6\u60c5\u9875_06-300x282.jpg 300w, https:\/\/jbsy-china.com\/wp-content\/uploads\/2025\/02\/\u51b7\u9566\u8be6\u60c5\u9875_06-768x721.jpg 768w, https:\/\/jbsy-china.com\/wp-content\/uploads\/2025\/02\/\u51b7\u9566\u8be6\u60c5\u9875_06-600x564.jpg 600w\" sizes=\"(max-width: 790px) 100vw, 790px\" \/><\/p>\n<h5><strong>Tornillo de cabeza plana para tap\u00f3n de aceite - Descripci\u00f3n general<\/strong><\/h5>\n<p class=\"ds-markdown-paragraph\">A\u00a0<strong>cabeza de plato <a href=\"https:\/\/jbsy-china.com\/es\/oil-plug-screw\/\">tornillo del tap\u00f3n de aceite<\/a><\/strong>\u00a0es un cierre roscado dise\u00f1ado para sellar puertos de aceite, orificios de drenaje o dep\u00f3sitos de fluidos en sistemas mec\u00e1nicos. Presenta una\u00a0<strong>cabeza abovedada<\/strong>\u00a0con un accionamiento externo (normalmente ranurado, Phillips o hexagonal) y un cuerpo roscado para una instalaci\u00f3n segura.<\/p>\n<hr \/>\n<h5><strong>Caracter\u00edsticas principales<\/strong><\/h5>\n<ol start=\"1\">\n<li>\n<p class=\"ds-markdown-paragraph\"><strong>Dise\u00f1o de la cabeza:<\/strong><\/p>\n<ul>\n<li>\n<p class=\"ds-markdown-paragraph\"><strong>Cabezal panor\u00e1mico<\/strong>\u00a0(perfil bajo, parte superior redondeada con superficie de apoyo plana).<\/p>\n<\/li>\n<li>\n<p class=\"ds-markdown-paragraph\">Proporciona una ligera protuberancia para facilitar el acceso a las herramientas, al tiempo que mantiene un contorno suave.<\/p>\n<\/li>\n<\/ul>\n<\/li>\n<li>\n<p class=\"ds-markdown-paragraph\"><strong>Tipos de accionamiento:<\/strong><\/p>\n<ul>\n<li>\n<p class=\"ds-markdown-paragraph\"><strong>Ranurado<\/strong>\u00a0(destornillador plano).<\/p>\n<\/li>\n<li>\n<p class=\"ds-markdown-paragraph\"><strong>Phillips<\/strong>\u00a0(destornillador de estrella).<\/p>\n<\/li>\n<li>\n<p class=\"ds-markdown-paragraph\"><strong>Llave hexagonal (Allen)<\/strong>\u00a0(menos com\u00fan, pero se utiliza para un par m\u00e1s alto).<\/p>\n<\/li>\n<\/ul>\n<\/li>\n<li>\n<p class=\"ds-markdown-paragraph\"><strong>Tipo de hilo:<\/strong><\/p>\n<ul>\n<li>\n<p class=\"ds-markdown-paragraph\"><strong>M\u00e9trico (M6, M8, etc.)<\/strong>\u00a0o\u00a0<strong>imperial (UNC\/UNF)<\/strong>\u00a0hilos.<\/p>\n<\/li>\n<li>\n<p class=\"ds-markdown-paragraph\">Puede incluir\u00a0<strong>roscas c\u00f3nicas (NPT)<\/strong>\u00a0o\u00a0<strong>roscas rectas con caracter\u00edsticas de estanqueidad<\/strong>.<\/p>\n<\/li>\n<\/ul>\n<\/li>\n<li>\n<p class=\"ds-markdown-paragraph\"><strong>Mecanismo de sellado:<\/strong><\/p>\n<ul>\n<li>\n<p class=\"ds-markdown-paragraph\">A menudo se combina con un\u00a0<strong>arandela integrada, junta t\u00f3rica o junta de cobre<\/strong>\u00a0para evitar fugas de aceite.<\/p>\n<\/li>\n<li>\n<p class=\"ds-markdown-paragraph\">Algunos dise\u00f1os se basan en\u00a0<strong>sellador de roscas (por ejemplo, cinta de tefl\u00f3n)<\/strong>.<\/p>\n<\/li>\n<\/ul>\n<\/li>\n<li>\n<p class=\"ds-markdown-paragraph\"><strong>Materiales y revestimientos:<\/strong><\/p>\n<ul>\n<li>\n<p class=\"ds-markdown-paragraph\"><strong>Acero<\/strong>\u00a0(carbono o aleaci\u00f3n),\u00a0<strong>acero inoxidable<\/strong>\u00a0(resistente a la corrosi\u00f3n), o\u00a0<strong>lat\u00f3n<\/strong>\u00a0(para aplicaciones sin chispas).<\/p>\n<\/li>\n<li>\n<p class=\"ds-markdown-paragraph\">Revestimientos:\u00a0<strong>Zincado, \u00f3xido negro o recubierto de PTFE<\/strong>\u00a0por su durabilidad.<\/p>\n<\/li>\n<li>Tornillo del tap\u00f3n de aceite de cabeza plana.<\/li>\n<\/ul>\n<\/li>\n<\/ol>\n<hr \/>\n<h5><strong>Aplicaciones comunes<\/strong><\/h5>\n<ul>\n<li>\n<p class=\"ds-markdown-paragraph\">Sellado\u00a0<strong>c\u00e1rteres de aceite de motores, cajas de cambios, sistemas hidr\u00e1ulicos y carcasas de diferenciales<\/strong>.<\/p>\n<\/li>\n<li>\n<p class=\"ds-markdown-paragraph\">Actuando como\u00a0<strong>tapones de vaciado\/llenado<\/strong>\u00a0en equipos de automoci\u00f3n e industriales.<\/p>\n<\/li>\n<li>\n<p class=\"ds-markdown-paragraph\">Se utiliza cuando un\u00a0<strong>cabezal de perfil bajo<\/strong>\u00a0en lugar de tornillos hexagonales o tapones con brida.<\/p>\n<\/li>\n<\/ul>\n<hr \/>\n<h5><strong>Variantes<\/strong><\/h5>\n<ul>\n<li>\n<p class=\"ds-markdown-paragraph\"><strong>Tap\u00f3n ranurado de cabeza troncoc\u00f3nica<\/strong>\u00a0(b\u00e1sico, herramienta-simple).<\/p>\n<\/li>\n<li>\n<p class=\"ds-markdown-paragraph\"><strong>Tap\u00f3n de aceite Phillips<\/strong>\u00a0(com\u00fan en maquinaria de consumo).<\/p>\n<\/li>\n<li>\n<p class=\"ds-markdown-paragraph\"><strong>Tap\u00f3n roscado con junta t\u00f3rica<\/strong>\u00a0(junta integrada para una mejor prevenci\u00f3n de fugas).<\/p>\n<\/li>\n<\/ul>","protected":false},"excerpt":{"rendered":"<p>Cold heading process is one of the new processes for pressure machining of less or no cutting metal. It is a processing method that utilizes the plastic deformation of metal under the action of external forces, and with the aid of molds, redistributes and transfers the volume of metal to form the required parts or [&hellip;]<\/p>","protected":false},"featured_media":33511,"comment_status":"open","ping_status":"closed","template":"","meta":{"site-sidebar-layout":"default","site-content-layout":"","ast-site-content-layout":"default","site-content-style":"default","site-sidebar-style":"default","ast-global-header-display":"","ast-banner-title-visibility":"","ast-main-header-display":"","ast-hfb-above-header-display":"","ast-hfb-below-header-display":"","ast-hfb-mobile-header-display":"","site-post-title":"","ast-breadcrumbs-content":"","ast-featured-img":"","footer-sml-layout":"","ast-disable-related-posts":"","theme-transparent-header-meta":"default","adv-header-id-meta":"","stick-header-meta":"default","header-above-stick-meta":"","header-main-stick-meta":"","header-below-stick-meta":"","astra-migrate-meta-layouts":"set","ast-page-background-enabled":"default","ast-page-background-meta":{"desktop":{"background-color":"var(--ast-global-color-4)","background-image":"","background-repeat":"repeat","background-position":"center center","background-size":"auto","background-attachment":"scroll","background-type":"","background-media":"","overlay-type":"","overlay-color":"","overlay-opacity":"","overlay-gradient":""},"tablet":{"background-color":"","background-image":"","background-repeat":"repeat","background-position":"center center","background-size":"auto","background-attachment":"scroll","background-type":"","background-media":"","overlay-type":"","overlay-color":"","overlay-opacity":"","overlay-gradient":""},"mobile":{"background-color":"","background-image":"","background-repeat":"repeat","background-position":"center center","background-size":"auto","background-attachment":"scroll","background-type":"","background-media":"","overlay-type":"","overlay-color":"","overlay-opacity":"","overlay-gradient":""}},"ast-content-background-meta":{"desktop":{"background-color":"var(--ast-global-color-5)","background-image":"","background-repeat":"repeat","background-position":"center center","background-size":"auto","background-attachment":"scroll","background-type":"","background-media":"","overlay-type":"","overlay-color":"","overlay-opacity":"","overlay-gradient":""},"tablet":{"background-color":"var(--ast-global-color-5)","background-image":"","background-repeat":"repeat","background-position":"center center","background-size":"auto","background-attachment":"scroll","background-type":"","background-media":"","overlay-type":"","overlay-color":"","overlay-opacity":"","overlay-gradient":""},"mobile":{"background-color":"var(--ast-global-color-5)","background-image":"","background-repeat":"repeat","background-position":"center center","background-size":"auto","background-attachment":"scroll","background-type":"","background-media":"","overlay-type":"","overlay-color":"","overlay-opacity":"","overlay-gradient":""}},"_themeisle_gutenberg_block_has_review":false,"_ti_tpc_template_sync":false,"_ti_tpc_template_id":""},"product_brand":[],"product_cat":[1277],"product_tag":[],"class_list":{"0":"post-33525","1":"product","2":"type-product","3":"status-publish","4":"has-post-thumbnail","6":"product_cat-oil-plug-screw","7":"desktop-align-left","8":"tablet-align-left","9":"mobile-align-left","10":"ast-product-gallery-layout-horizontal-slider","11":"ast-product-tabs-layout-horizontal","12":"ast-qv-on-image","14":"first","15":"instock","16":"shipping-taxable","17":"product-type-simple"},"yoast_head":"<!-- This site is optimized with the Yoast SEO Premium plugin v21.7 (Yoast SEO v25.7) - https:\/\/yoast.com\/wordpress\/plugins\/seo\/ -->\n<title>Pan head oil plug screw - Jingbang Industrial<\/title>\n<meta name=\"description\" content=\"A pan head oil plug screw is a threaded fastener designed to seal oil ports, drain holes, or fluid reservoirs in mechanical systems.\" \/>\n<meta name=\"robots\" content=\"index, follow, max-snippet:-1, max-image-preview:large, max-video-preview:-1\" \/>\n<link rel=\"canonical\" href=\"https:\/\/jbsy-china.com\/es\/producto\/pan-head-oil-plug-screw\/\" \/>\n<meta property=\"og:locale\" content=\"es_ES\" \/>\n<meta property=\"og:type\" content=\"article\" \/>\n<meta property=\"og:title\" content=\"Pan head oil plug screw\" \/>\n<meta property=\"og:description\" content=\"A pan head oil plug screw is a threaded fastener designed to seal oil ports, drain holes, or fluid reservoirs in mechanical systems.\" \/>\n<meta property=\"og:url\" content=\"https:\/\/jbsy-china.com\/es\/producto\/pan-head-oil-plug-screw\/\" \/>\n<meta property=\"og:site_name\" content=\"Jingbang Industrial\" \/>\n<meta property=\"article:modified_time\" content=\"2025-07-28T06:47:34+00:00\" \/>\n<meta property=\"og:image\" content=\"http:\/\/jbsy-china.com\/wp-content\/uploads\/2025\/05\/\u76d8\u5934\u5185\u516d\u89d2\u6cb9\u585e\u87ba\u6813.jpg\" \/>\n\t<meta property=\"og:image:width\" content=\"800\" \/>\n\t<meta property=\"og:image:height\" content=\"800\" \/>\n\t<meta property=\"og:image:type\" content=\"image\/jpeg\" \/>\n<meta name=\"twitter:card\" content=\"summary_large_image\" \/>\n<meta name=\"twitter:label1\" content=\"Tiempo de lectura\" \/>\n\t<meta name=\"twitter:data1\" content=\"3 minutos\" \/>\n<script type=\"application\/ld+json\" class=\"yoast-schema-graph\">{\"@context\":\"https:\/\/schema.org\",\"@graph\":[{\"@type\":\"WebPage\",\"@id\":\"https:\/\/jbsy-china.com\/product\/pan-head-oil-plug-screw\/\",\"url\":\"https:\/\/jbsy-china.com\/product\/pan-head-oil-plug-screw\/\",\"name\":\"Pan head oil plug screw - Jingbang Industrial\",\"isPartOf\":{\"@id\":\"https:\/\/jbsy-china.com\/#website\"},\"primaryImageOfPage\":{\"@id\":\"https:\/\/jbsy-china.com\/product\/pan-head-oil-plug-screw\/#primaryimage\"},\"image\":{\"@id\":\"https:\/\/jbsy-china.com\/product\/pan-head-oil-plug-screw\/#primaryimage\"},\"thumbnailUrl\":\"https:\/\/jbsy-china.com\/wp-content\/uploads\/2025\/05\/\u76d8\u5934\u5185\u516d\u89d2\u6cb9\u585e\u87ba\u6813.jpg\",\"datePublished\":\"2025-05-16T07:19:14+00:00\",\"dateModified\":\"2025-07-28T06:47:34+00:00\",\"description\":\"A pan head oil plug screw is a threaded fastener designed to seal oil ports, drain holes, or fluid reservoirs in mechanical systems.\",\"breadcrumb\":{\"@id\":\"https:\/\/jbsy-china.com\/product\/pan-head-oil-plug-screw\/#breadcrumb\"},\"inLanguage\":\"es\",\"potentialAction\":[{\"@type\":\"ReadAction\",\"target\":[\"https:\/\/jbsy-china.com\/product\/pan-head-oil-plug-screw\/\"]}]},{\"@type\":\"ImageObject\",\"inLanguage\":\"es\",\"@id\":\"https:\/\/jbsy-china.com\/product\/pan-head-oil-plug-screw\/#primaryimage\",\"url\":\"https:\/\/jbsy-china.com\/wp-content\/uploads\/2025\/05\/\u76d8\u5934\u5185\u516d\u89d2\u6cb9\u585e\u87ba\u6813.jpg\",\"contentUrl\":\"https:\/\/jbsy-china.com\/wp-content\/uploads\/2025\/05\/\u76d8\u5934\u5185\u516d\u89d2\u6cb9\u585e\u87ba\u6813.jpg\",\"width\":800,\"height\":800},{\"@type\":\"BreadcrumbList\",\"@id\":\"https:\/\/jbsy-china.com\/product\/pan-head-oil-plug-screw\/#breadcrumb\",\"itemListElement\":[{\"@type\":\"ListItem\",\"position\":1,\"name\":\"Home\",\"item\":\"https:\/\/jbsy-china.com\/\"},{\"@type\":\"ListItem\",\"position\":2,\"name\":\"Products\",\"item\":\"https:\/\/jbsy-china.com\/shop\/\"},{\"@type\":\"ListItem\",\"position\":3,\"name\":\"Pan head oil plug screw\"}]},{\"@type\":\"WebSite\",\"@id\":\"https:\/\/jbsy-china.com\/#website\",\"url\":\"https:\/\/jbsy-china.com\/\",\"name\":\"Jingbang Industrial\",\"description\":\"Hardware and electronics manufacturer\",\"publisher\":{\"@id\":\"https:\/\/jbsy-china.com\/#organization\"},\"potentialAction\":[{\"@type\":\"SearchAction\",\"target\":{\"@type\":\"EntryPoint\",\"urlTemplate\":\"https:\/\/jbsy-china.com\/?s={search_term_string}\"},\"query-input\":{\"@type\":\"PropertyValueSpecification\",\"valueRequired\":true,\"valueName\":\"search_term_string\"}}],\"inLanguage\":\"es\"},{\"@type\":\"Organization\",\"@id\":\"https:\/\/jbsy-china.com\/#organization\",\"name\":\"Jingbang Industrial\",\"url\":\"https:\/\/jbsy-china.com\/\",\"logo\":{\"@type\":\"ImageObject\",\"inLanguage\":\"es\",\"@id\":\"https:\/\/jbsy-china.com\/#\/schema\/logo\/image\/\",\"url\":\"https:\/\/jbsy-china.com\/wp-content\/uploads\/2023\/11\/cropped-\u56fe\u5c42-1.png\",\"contentUrl\":\"https:\/\/jbsy-china.com\/wp-content\/uploads\/2023\/11\/cropped-\u56fe\u5c42-1.png\",\"width\":1049,\"height\":739,\"caption\":\"Jingbang Industrial\"},\"image\":{\"@id\":\"https:\/\/jbsy-china.com\/#\/schema\/logo\/image\/\"}}]}<\/script>\n<!-- \/ Yoast SEO Premium plugin. -->","yoast_head_json":{"title":"Pan head oil plug screw - Jingbang Industrial","description":"A pan head oil plug screw is a threaded fastener designed to seal oil ports, drain holes, or fluid reservoirs in mechanical systems.","robots":{"index":"index","follow":"follow","max-snippet":"max-snippet:-1","max-image-preview":"max-image-preview:large","max-video-preview":"max-video-preview:-1"},"canonical":"https:\/\/jbsy-china.com\/es\/producto\/pan-head-oil-plug-screw\/","og_locale":"es_ES","og_type":"article","og_title":"Pan head oil plug screw","og_description":"A pan head oil plug screw is a threaded fastener designed to seal oil ports, drain holes, or fluid reservoirs in mechanical systems.","og_url":"https:\/\/jbsy-china.com\/es\/producto\/pan-head-oil-plug-screw\/","og_site_name":"Jingbang Industrial","article_modified_time":"2025-07-28T06:47:34+00:00","og_image":[{"width":800,"height":800,"url":"http:\/\/jbsy-china.com\/wp-content\/uploads\/2025\/05\/\u76d8\u5934\u5185\u516d\u89d2\u6cb9\u585e\u87ba\u6813.jpg","type":"image\/jpeg"}],"twitter_card":"summary_large_image","twitter_misc":{"Tiempo de lectura":"3 minutos"},"schema":{"@context":"https:\/\/schema.org","@graph":[{"@type":"WebPage","@id":"https:\/\/jbsy-china.com\/product\/pan-head-oil-plug-screw\/","url":"https:\/\/jbsy-china.com\/product\/pan-head-oil-plug-screw\/","name":"Pan head oil plug screw - Jingbang Industrial","isPartOf":{"@id":"https:\/\/jbsy-china.com\/#website"},"primaryImageOfPage":{"@id":"https:\/\/jbsy-china.com\/product\/pan-head-oil-plug-screw\/#primaryimage"},"image":{"@id":"https:\/\/jbsy-china.com\/product\/pan-head-oil-plug-screw\/#primaryimage"},"thumbnailUrl":"https:\/\/jbsy-china.com\/wp-content\/uploads\/2025\/05\/\u76d8\u5934\u5185\u516d\u89d2\u6cb9\u585e\u87ba\u6813.jpg","datePublished":"2025-05-16T07:19:14+00:00","dateModified":"2025-07-28T06:47:34+00:00","description":"A pan head oil plug screw is a threaded fastener designed to seal oil ports, drain holes, or fluid reservoirs in mechanical systems.","breadcrumb":{"@id":"https:\/\/jbsy-china.com\/product\/pan-head-oil-plug-screw\/#breadcrumb"},"inLanguage":"es","potentialAction":[{"@type":"ReadAction","target":["https:\/\/jbsy-china.com\/product\/pan-head-oil-plug-screw\/"]}]},{"@type":"ImageObject","inLanguage":"es","@id":"https:\/\/jbsy-china.com\/product\/pan-head-oil-plug-screw\/#primaryimage","url":"https:\/\/jbsy-china.com\/wp-content\/uploads\/2025\/05\/\u76d8\u5934\u5185\u516d\u89d2\u6cb9\u585e\u87ba\u6813.jpg","contentUrl":"https:\/\/jbsy-china.com\/wp-content\/uploads\/2025\/05\/\u76d8\u5934\u5185\u516d\u89d2\u6cb9\u585e\u87ba\u6813.jpg","width":800,"height":800},{"@type":"BreadcrumbList","@id":"https:\/\/jbsy-china.com\/product\/pan-head-oil-plug-screw\/#breadcrumb","itemListElement":[{"@type":"ListItem","position":1,"name":"Home","item":"https:\/\/jbsy-china.com\/"},{"@type":"ListItem","position":2,"name":"Products","item":"https:\/\/jbsy-china.com\/shop\/"},{"@type":"ListItem","position":3,"name":"Pan head oil plug screw"}]},{"@type":"WebSite","@id":"https:\/\/jbsy-china.com\/#website","url":"https:\/\/jbsy-china.com\/","name":"Jingbang Industrial","description":"Fabricante de hardware y electr\u00f3nica","publisher":{"@id":"https:\/\/jbsy-china.com\/#organization"},"potentialAction":[{"@type":"SearchAction","target":{"@type":"EntryPoint","urlTemplate":"https:\/\/jbsy-china.com\/?s={search_term_string}"},"query-input":{"@type":"PropertyValueSpecification","valueRequired":true,"valueName":"search_term_string"}}],"inLanguage":"es"},{"@type":"Organization","@id":"https:\/\/jbsy-china.com\/#organization","name":"Jingbang Industrial","url":"https:\/\/jbsy-china.com\/","logo":{"@type":"ImageObject","inLanguage":"es","@id":"https:\/\/jbsy-china.com\/#\/schema\/logo\/image\/","url":"https:\/\/jbsy-china.com\/wp-content\/uploads\/2023\/11\/cropped-\u56fe\u5c42-1.png","contentUrl":"https:\/\/jbsy-china.com\/wp-content\/uploads\/2023\/11\/cropped-\u56fe\u5c42-1.png","width":1049,"height":739,"caption":"Jingbang Industrial"},"image":{"@id":"https:\/\/jbsy-china.com\/#\/schema\/logo\/image\/"}}]}},"_links":{"self":[{"href":"https:\/\/jbsy-china.com\/es\/wp-json\/wp\/v2\/product\/33525","targetHints":{"allow":["GET"]}}],"collection":[{"href":"https:\/\/jbsy-china.com\/es\/wp-json\/wp\/v2\/product"}],"about":[{"href":"https:\/\/jbsy-china.com\/es\/wp-json\/wp\/v2\/types\/product"}],"replies":[{"embeddable":true,"href":"https:\/\/jbsy-china.com\/es\/wp-json\/wp\/v2\/comments?post=33525"}],"wp:featuredmedia":[{"embeddable":true,"href":"https:\/\/jbsy-china.com\/es\/wp-json\/wp\/v2\/media\/33511"}],"wp:attachment":[{"href":"https:\/\/jbsy-china.com\/es\/wp-json\/wp\/v2\/media?parent=33525"}],"wp:term":[{"taxonomy":"product_brand","embeddable":true,"href":"https:\/\/jbsy-china.com\/es\/wp-json\/wp\/v2\/product_brand?post=33525"},{"taxonomy":"product_cat","embeddable":true,"href":"https:\/\/jbsy-china.com\/es\/wp-json\/wp\/v2\/product_cat?post=33525"},{"taxonomy":"product_tag","embeddable":true,"href":"https:\/\/jbsy-china.com\/es\/wp-json\/wp\/v2\/product_tag?post=33525"}],"curies":[{"name":"wp","href":"https:\/\/api.w.org\/{rel}","templated":true}]}}