{"id":33549,"date":"2025-05-16T07:39:12","date_gmt":"2025-05-16T07:39:12","guid":{"rendered":"https:\/\/jbsy-china.com\/?post_type=product&#038;p=33549"},"modified":"2025-05-23T06:40:35","modified_gmt":"2025-05-23T06:40:35","slug":"square-oil-plug-screw","status":"publish","type":"product","link":"https:\/\/jbsy-china.com\/es\/producto\/square-oil-plug-screw\/","title":{"rendered":"Tornillo cuadrado del tap\u00f3n de aceite"},"content":{"rendered":"<p><img fetchpriority=\"high\" decoding=\"async\" class=\"alignnone size-full wp-image-31578\" src=\"http:\/\/jbsy-china.com\/wp-content\/uploads\/2025\/02\/\u51b7\u9566\u8be6\u60c5\u9875_01.jpg\" alt=\"\" width=\"790\" height=\"329\" srcset=\"https:\/\/jbsy-china.com\/wp-content\/uploads\/2025\/02\/\u51b7\u9566\u8be6\u60c5\u9875_01.jpg 790w, https:\/\/jbsy-china.com\/wp-content\/uploads\/2025\/02\/\u51b7\u9566\u8be6\u60c5\u9875_01-300x125.jpg 300w, https:\/\/jbsy-china.com\/wp-content\/uploads\/2025\/02\/\u51b7\u9566\u8be6\u60c5\u9875_01-768x320.jpg 768w, https:\/\/jbsy-china.com\/wp-content\/uploads\/2025\/02\/\u51b7\u9566\u8be6\u60c5\u9875_01-600x250.jpg 600w\" sizes=\"(max-width: 790px) 100vw, 790px\" \/> <img decoding=\"async\" class=\"alignnone size-full wp-image-31579\" src=\"http:\/\/jbsy-china.com\/wp-content\/uploads\/2025\/02\/\u51b7\u9566\u8be6\u60c5\u9875_02.jpg\" alt=\"\" width=\"790\" height=\"981\" srcset=\"https:\/\/jbsy-china.com\/wp-content\/uploads\/2025\/02\/\u51b7\u9566\u8be6\u60c5\u9875_02.jpg 790w, https:\/\/jbsy-china.com\/wp-content\/uploads\/2025\/02\/\u51b7\u9566\u8be6\u60c5\u9875_02-242x300.jpg 242w, https:\/\/jbsy-china.com\/wp-content\/uploads\/2025\/02\/\u51b7\u9566\u8be6\u60c5\u9875_02-768x954.jpg 768w, https:\/\/jbsy-china.com\/wp-content\/uploads\/2025\/02\/\u51b7\u9566\u8be6\u60c5\u9875_02-600x745.jpg 600w\" sizes=\"(max-width: 790px) 100vw, 790px\" \/> <img decoding=\"async\" class=\"alignnone size-full wp-image-31580\" src=\"http:\/\/jbsy-china.com\/wp-content\/uploads\/2025\/02\/\u51b7\u9566\u8be6\u60c5\u9875_03.jpg\" alt=\"\" width=\"790\" height=\"740\" srcset=\"https:\/\/jbsy-china.com\/wp-content\/uploads\/2025\/02\/\u51b7\u9566\u8be6\u60c5\u9875_03.jpg 790w, https:\/\/jbsy-china.com\/wp-content\/uploads\/2025\/02\/\u51b7\u9566\u8be6\u60c5\u9875_03-300x281.jpg 300w, https:\/\/jbsy-china.com\/wp-content\/uploads\/2025\/02\/\u51b7\u9566\u8be6\u60c5\u9875_03-768x719.jpg 768w, https:\/\/jbsy-china.com\/wp-content\/uploads\/2025\/02\/\u51b7\u9566\u8be6\u60c5\u9875_03-600x562.jpg 600w\" sizes=\"(max-width: 790px) 100vw, 790px\" \/> <img loading=\"lazy\" decoding=\"async\" class=\"alignnone size-full wp-image-31581\" src=\"http:\/\/jbsy-china.com\/wp-content\/uploads\/2025\/02\/\u51b7\u9566\u8be6\u60c5\u9875_04.jpg\" alt=\"\" width=\"790\" height=\"739\" srcset=\"https:\/\/jbsy-china.com\/wp-content\/uploads\/2025\/02\/\u51b7\u9566\u8be6\u60c5\u9875_04.jpg 790w, https:\/\/jbsy-china.com\/wp-content\/uploads\/2025\/02\/\u51b7\u9566\u8be6\u60c5\u9875_04-300x281.jpg 300w, https:\/\/jbsy-china.com\/wp-content\/uploads\/2025\/02\/\u51b7\u9566\u8be6\u60c5\u9875_04-768x718.jpg 768w, https:\/\/jbsy-china.com\/wp-content\/uploads\/2025\/02\/\u51b7\u9566\u8be6\u60c5\u9875_04-600x561.jpg 600w\" sizes=\"(max-width: 790px) 100vw, 790px\" \/> <img loading=\"lazy\" decoding=\"async\" class=\"alignnone size-full wp-image-31583\" src=\"http:\/\/jbsy-china.com\/wp-content\/uploads\/2025\/02\/\u51b7\u9566\u8be6\u60c5\u9875_05_01.jpg\" alt=\"\" width=\"790\" height=\"677\" srcset=\"https:\/\/jbsy-china.com\/wp-content\/uploads\/2025\/02\/\u51b7\u9566\u8be6\u60c5\u9875_05_01.jpg 790w, https:\/\/jbsy-china.com\/wp-content\/uploads\/2025\/02\/\u51b7\u9566\u8be6\u60c5\u9875_05_01-300x257.jpg 300w, https:\/\/jbsy-china.com\/wp-content\/uploads\/2025\/02\/\u51b7\u9566\u8be6\u60c5\u9875_05_01-768x658.jpg 768w, https:\/\/jbsy-china.com\/wp-content\/uploads\/2025\/02\/\u51b7\u9566\u8be6\u60c5\u9875_05_01-600x514.jpg 600w\" sizes=\"(max-width: 790px) 100vw, 790px\" \/><\/p>\n<p><strong>El proceso de estampado en fr\u00edo es uno de los nuevos procesos de mecanizado a presi\u00f3n de menor o ning\u00fan corte<\/strong><br \/>\n<strong>metal. Es un m\u00e9todo de transformaci\u00f3n que utiliza la deformaci\u00f3n pl\u00e1stica del metal bajo la acci\u00f3n de<\/strong><br \/>\n<strong>fuerzas externas y, con ayuda de moldes, redistribuye y transfiere el volumen de metal para formar<\/strong><br \/>\n<strong>las piezas o formatos necesarios. El proceso de estampaci\u00f3n en fr\u00edo es el m\u00e1s adecuado para producir piezas est\u00e1ndar.<\/strong><br \/>\n<strong>elementos de fijaci\u00f3n como pernos, tornillos, tuercas, remaches, pasadores, etc.<\/strong><\/p>\n<p><img loading=\"lazy\" decoding=\"async\" class=\"alignnone size-full wp-image-31585\" src=\"http:\/\/jbsy-china.com\/wp-content\/uploads\/2025\/02\/\u51b7\u9566\u8be6\u60c5\u9875_05_03.jpg\" alt=\"\" width=\"790\" height=\"603\" srcset=\"https:\/\/jbsy-china.com\/wp-content\/uploads\/2025\/02\/\u51b7\u9566\u8be6\u60c5\u9875_05_03.jpg 790w, https:\/\/jbsy-china.com\/wp-content\/uploads\/2025\/02\/\u51b7\u9566\u8be6\u60c5\u9875_05_03-300x229.jpg 300w, https:\/\/jbsy-china.com\/wp-content\/uploads\/2025\/02\/\u51b7\u9566\u8be6\u60c5\u9875_05_03-768x586.jpg 768w, https:\/\/jbsy-china.com\/wp-content\/uploads\/2025\/02\/\u51b7\u9566\u8be6\u60c5\u9875_05_03-600x458.jpg 600w\" sizes=\"(max-width: 790px) 100vw, 790px\" \/> <img loading=\"lazy\" decoding=\"async\" class=\"alignnone size-full wp-image-31586\" src=\"http:\/\/jbsy-china.com\/wp-content\/uploads\/2025\/02\/\u51b7\u9566\u8be6\u60c5\u9875_06.jpg\" alt=\"\" width=\"790\" height=\"742\" srcset=\"https:\/\/jbsy-china.com\/wp-content\/uploads\/2025\/02\/\u51b7\u9566\u8be6\u60c5\u9875_06.jpg 790w, https:\/\/jbsy-china.com\/wp-content\/uploads\/2025\/02\/\u51b7\u9566\u8be6\u60c5\u9875_06-300x282.jpg 300w, https:\/\/jbsy-china.com\/wp-content\/uploads\/2025\/02\/\u51b7\u9566\u8be6\u60c5\u9875_06-768x721.jpg 768w, https:\/\/jbsy-china.com\/wp-content\/uploads\/2025\/02\/\u51b7\u9566\u8be6\u60c5\u9875_06-600x564.jpg 600w\" sizes=\"(max-width: 790px) 100vw, 790px\" \/><\/p>\n<h3><strong>Descripci\u00f3n de una plaza <a href=\"https:\/\/jbsy-china.com\/es\/oil-plug-screw\/\">Tornillo del tap\u00f3n de aceite<\/a><\/strong><\/h3>\n<p class=\"ds-markdown-paragraph\">A\u00a0<strong>tornillo cuadrado del tap\u00f3n de aceite<\/strong>\u00a0es un cierre roscado dise\u00f1ado para sellar puertos de aceite o fluidos en sistemas mec\u00e1nicos, como motores, cajas de cambio y unidades hidr\u00e1ulicas. Se caracteriza por\u00a0<strong>cabeza cuadrada<\/strong>que permite un f\u00e1cil montaje y desmontaje con una llave est\u00e1ndar o una herramienta de cuadradillo.<\/p>\n<hr \/>\n<h3><strong>Caracter\u00edsticas principales y elementos de dise\u00f1o<\/strong><\/h3>\n<h4><strong>1. Dise\u00f1o de la cabeza<\/strong><\/h4>\n<ul>\n<li>\n<p class=\"ds-markdown-paragraph\"><strong>Cabeza cuadrada<\/strong>\u00a0(normalmente de 4 caras) para enganchar la llave.<\/p>\n<\/li>\n<li>\n<p class=\"ds-markdown-paragraph\">Algunas versiones tienen un\u00a0<strong>base embridada<\/strong>\u00a0para mejorar la estanqueidad y distribuir la presi\u00f3n.<\/p>\n<\/li>\n<li>\n<p class=\"ds-markdown-paragraph\">Dise\u00f1o de perfil bajo para evitar enganches en espacios reducidos.<\/p>\n<\/li>\n<\/ul>\n<h4><strong>2. Tipo de hilo<\/strong><\/h4>\n<ul>\n<li>\n<p class=\"ds-markdown-paragraph\"><strong>Roscas c\u00f3nicas (NPT - National Pipe Taper):<\/strong>\u00a0Crea un sello herm\u00e9tico cuando se enrosca, com\u00fanmente utilizado en sistemas de fluidos.<\/p>\n<\/li>\n<li>\n<p class=\"ds-markdown-paragraph\"><strong>Roscas rectas (NPS\/BSPP):<\/strong>\u00a0Requiere una arandela de sellado o una junta t\u00f3rica para evitar fugas.<\/p>\n<\/li>\n<li>\n<p class=\"ds-markdown-paragraph\"><strong>Est\u00e1ndares de rosca m\u00e9trica o SAE (Imperial)<\/strong>seg\u00fan la aplicaci\u00f3n.<\/p>\n<\/li>\n<\/ul>\n<h4><strong>3. Mecanismo de sellado<\/strong><\/h4>\n<ul>\n<li>\n<p class=\"ds-markdown-paragraph\"><strong>Junta t\u00f3rica integrada o junta de goma<\/strong>\u00a0(para un sellado reutilizable y a prueba de fugas).<\/p>\n<\/li>\n<li>\n<p class=\"ds-markdown-paragraph\"><strong>Arandela de cobre o aluminio<\/strong>\u00a0(de un solo uso, se deforma para crear un sello).<\/p>\n<\/li>\n<li>\n<p class=\"ds-markdown-paragraph\"><strong>Roscas c\u00f3nicas<\/strong>\u00a0(autosellante en tapones NPT).<\/p>\n<\/li>\n<li>\n<p class=\"ds-markdown-paragraph\">Algunos enchufes tienen\u00a0<strong>puntas magn\u00e9ticas<\/strong>\u00a0para capturar restos met\u00e1licos en los sistemas de aceite.<\/p>\n<\/li>\n<\/ul>\n<hr \/>\n<h3><strong>Aplicaciones primarias<\/strong><\/h3>\n<ul>\n<li>\n<p class=\"ds-markdown-paragraph\"><strong>Tapones de drenaje del aceite del motor<\/strong>\u00a0(coches, motos, maquinaria pesada).<\/p>\n<\/li>\n<li>\n<p class=\"ds-markdown-paragraph\"><strong>Tapones de llenado\/drenaje de transmisi\u00f3n y diferencial<\/strong>.<\/p>\n<\/li>\n<li>\n<p class=\"ds-markdown-paragraph\"><strong>Puntos de acceso al sistema hidr\u00e1ulico<\/strong>.<\/p>\n<\/li>\n<li>\n<p class=\"ds-markdown-paragraph\"><strong>Reductores, bombas y equipos industriales<\/strong>.<\/p>\n<\/li>\n<\/ul>\n<hr \/>\n<p class=\"ds-markdown-paragraph\">","protected":false},"excerpt":{"rendered":"<h6><strong>Caracter\u00edsticas clave:<\/strong><\/h6>\n<ol start=\"1\">\n<li>\n<p class=\"ds-markdown-paragraph\"><strong>Tipo de cabeza:<\/strong><\/p>\n<ul>\n<li>\n<p class=\"ds-markdown-paragraph\">Cabeza cuadrada, dise\u00f1ada para facilitar la instalaci\u00f3n y el desmontaje con una llave o herramienta cuadrada.<\/p>\n<\/li>\n<li>\n<p class=\"ds-markdown-paragraph\">Algunos pueden tener una base embridada para mejorar la estanqueidad.<\/p>\n<\/li>\n<\/ul>\n<\/li>\n<li>\n<p class=\"ds-markdown-paragraph\"><strong>Tipo de hilo:<\/strong><\/p>\n<ul>\n<li>\n<p class=\"ds-markdown-paragraph\">Suele presentar una rosca c\u00f3nica o recta (paralela), en funci\u00f3n de los requisitos de estanquidad.<\/p>\n<\/li>\n<li>\n<p class=\"ds-markdown-paragraph\">Pueden tener roscas NPT (National Pipe Taper) para una mejor estanqueidad en sistemas de fluidos.<\/p>\n<\/li>\n<\/ul>\n<\/li>\n<li>\n<p class=\"ds-markdown-paragraph\"><strong>Material:<\/strong><\/p>\n<ul>\n<li>\n<p class=\"ds-markdown-paragraph\">A menudo fabricado con\u00a0<strong>acero, acero inoxidable, lat\u00f3n o aluminio<\/strong>\u00a0para la resistencia a la corrosi\u00f3n.<\/p>\n<\/li>\n<li>\n<p class=\"ds-markdown-paragraph\">Puede estar recubierto (por ejemplo, de zinc, \u00f3xido negro) para una mayor durabilidad.<\/p>\n<\/li>\n<\/ul>\n<\/li>\n<\/ol>","protected":false},"featured_media":33501,"comment_status":"open","ping_status":"closed","template":"","meta":{"site-sidebar-layout":"default","site-content-layout":"","ast-site-content-layout":"default","site-content-style":"default","site-sidebar-style":"default","ast-global-header-display":"","ast-banner-title-visibility":"","ast-main-header-display":"","ast-hfb-above-header-display":"","ast-hfb-below-header-display":"","ast-hfb-mobile-header-display":"","site-post-title":"","ast-breadcrumbs-content":"","ast-featured-img":"","footer-sml-layout":"","ast-disable-related-posts":"","theme-transparent-header-meta":"default","adv-header-id-meta":"","stick-header-meta":"default","header-above-stick-meta":"","header-main-stick-meta":"","header-below-stick-meta":"","astra-migrate-meta-layouts":"set","ast-page-background-enabled":"default","ast-page-background-meta":{"desktop":{"background-color":"var(--ast-global-color-4)","background-image":"","background-repeat":"repeat","background-position":"center center","background-size":"auto","background-attachment":"scroll","background-type":"","background-media":"","overlay-type":"","overlay-color":"","overlay-opacity":"","overlay-gradient":""},"tablet":{"background-color":"","background-image":"","background-repeat":"repeat","background-position":"center center","background-size":"auto","background-attachment":"scroll","background-type":"","background-media":"","overlay-type":"","overlay-color":"","overlay-opacity":"","overlay-gradient":""},"mobile":{"background-color":"","background-image":"","background-repeat":"repeat","background-position":"center center","background-size":"auto","background-attachment":"scroll","background-type":"","background-media":"","overlay-type":"","overlay-color":"","overlay-opacity":"","overlay-gradient":""}},"ast-content-background-meta":{"desktop":{"background-color":"var(--ast-global-color-5)","background-image":"","background-repeat":"repeat","background-position":"center center","background-size":"auto","background-attachment":"scroll","background-type":"","background-media":"","overlay-type":"","overlay-color":"","overlay-opacity":"","overlay-gradient":""},"tablet":{"background-color":"var(--ast-global-color-5)","background-image":"","background-repeat":"repeat","background-position":"center center","background-size":"auto","background-attachment":"scroll","background-type":"","background-media":"","overlay-type":"","overlay-color":"","overlay-opacity":"","overlay-gradient":""},"mobile":{"background-color":"var(--ast-global-color-5)","background-image":"","background-repeat":"repeat","background-position":"center center","background-size":"auto","background-attachment":"scroll","background-type":"","background-media":"","overlay-type":"","overlay-color":"","overlay-opacity":"","overlay-gradient":""}},"_themeisle_gutenberg_block_has_review":false,"_ti_tpc_template_sync":false,"_ti_tpc_template_id":""},"product_brand":[],"product_cat":[1277],"product_tag":[1278,1280,1279],"class_list":{"0":"post-33549","1":"product","2":"type-product","3":"status-publish","4":"has-post-thumbnail","6":"product_cat-oil-plug-screw","7":"product_tag-drain-screw","8":"product_tag-machine-screw-plug","9":"product_tag-square-head-plug","10":"desktop-align-left","11":"tablet-align-left","12":"mobile-align-left","13":"ast-product-gallery-layout-horizontal-slider","14":"ast-product-tabs-layout-horizontal","15":"ast-qv-on-image","17":"first","18":"instock","19":"shipping-taxable","20":"product-type-simple"},"yoast_head":"<!-- This site is optimized with the Yoast SEO Premium plugin v21.7 (Yoast SEO v25.7) - https:\/\/yoast.com\/wordpress\/plugins\/seo\/ -->\n<title>Square oil plug screw - Jingbang Industrial<\/title>\n<meta name=\"description\" content=\"A square oil plug screw is a type of fastener commonly used in machinery, automotive, and industrial applications to seal oil or fluid ports.\" \/>\n<meta name=\"robots\" content=\"index, follow, max-snippet:-1, max-image-preview:large, max-video-preview:-1\" \/>\n<link rel=\"canonical\" href=\"https:\/\/jbsy-china.com\/es\/producto\/square-oil-plug-screw\/\" \/>\n<meta property=\"og:locale\" content=\"es_ES\" \/>\n<meta property=\"og:type\" content=\"article\" \/>\n<meta property=\"og:title\" content=\"Square oil plug screw\" \/>\n<meta property=\"og:description\" content=\"A square oil plug screw is a type of fastener commonly used in machinery, automotive, and industrial applications to seal oil or fluid ports.\" \/>\n<meta property=\"og:url\" content=\"https:\/\/jbsy-china.com\/es\/producto\/square-oil-plug-screw\/\" \/>\n<meta property=\"og:site_name\" content=\"Jingbang Industrial\" \/>\n<meta property=\"article:modified_time\" content=\"2025-05-23T06:40:35+00:00\" \/>\n<meta property=\"og:image\" content=\"http:\/\/jbsy-china.com\/wp-content\/uploads\/2025\/05\/304\u4e0d\u9508\u94a2\u5916\u56db\u65b9\u6cb9\u585e\u87ba\u4e1d.jpg\" \/>\n\t<meta property=\"og:image:width\" content=\"800\" \/>\n\t<meta property=\"og:image:height\" content=\"800\" \/>\n\t<meta property=\"og:image:type\" content=\"image\/jpeg\" \/>\n<meta name=\"twitter:card\" content=\"summary_large_image\" \/>\n<meta name=\"twitter:label1\" content=\"Tiempo de lectura\" \/>\n\t<meta name=\"twitter:data1\" content=\"3 minutos\" \/>\n<script type=\"application\/ld+json\" class=\"yoast-schema-graph\">{\"@context\":\"https:\/\/schema.org\",\"@graph\":[{\"@type\":\"WebPage\",\"@id\":\"https:\/\/jbsy-china.com\/product\/square-oil-plug-screw\/\",\"url\":\"https:\/\/jbsy-china.com\/product\/square-oil-plug-screw\/\",\"name\":\"Square oil plug screw - Jingbang Industrial\",\"isPartOf\":{\"@id\":\"https:\/\/jbsy-china.com\/#website\"},\"primaryImageOfPage\":{\"@id\":\"https:\/\/jbsy-china.com\/product\/square-oil-plug-screw\/#primaryimage\"},\"image\":{\"@id\":\"https:\/\/jbsy-china.com\/product\/square-oil-plug-screw\/#primaryimage\"},\"thumbnailUrl\":\"https:\/\/jbsy-china.com\/wp-content\/uploads\/2025\/05\/304\u4e0d\u9508\u94a2\u5916\u56db\u65b9\u6cb9\u585e\u87ba\u4e1d.jpg\",\"datePublished\":\"2025-05-16T07:39:12+00:00\",\"dateModified\":\"2025-05-23T06:40:35+00:00\",\"description\":\"A square oil plug screw is a type of fastener commonly used in machinery, automotive, and industrial applications to seal oil or fluid ports.\",\"breadcrumb\":{\"@id\":\"https:\/\/jbsy-china.com\/product\/square-oil-plug-screw\/#breadcrumb\"},\"inLanguage\":\"es\",\"potentialAction\":[{\"@type\":\"ReadAction\",\"target\":[\"https:\/\/jbsy-china.com\/product\/square-oil-plug-screw\/\"]}]},{\"@type\":\"ImageObject\",\"inLanguage\":\"es\",\"@id\":\"https:\/\/jbsy-china.com\/product\/square-oil-plug-screw\/#primaryimage\",\"url\":\"https:\/\/jbsy-china.com\/wp-content\/uploads\/2025\/05\/304\u4e0d\u9508\u94a2\u5916\u56db\u65b9\u6cb9\u585e\u87ba\u4e1d.jpg\",\"contentUrl\":\"https:\/\/jbsy-china.com\/wp-content\/uploads\/2025\/05\/304\u4e0d\u9508\u94a2\u5916\u56db\u65b9\u6cb9\u585e\u87ba\u4e1d.jpg\",\"width\":800,\"height\":800},{\"@type\":\"BreadcrumbList\",\"@id\":\"https:\/\/jbsy-china.com\/product\/square-oil-plug-screw\/#breadcrumb\",\"itemListElement\":[{\"@type\":\"ListItem\",\"position\":1,\"name\":\"Home\",\"item\":\"https:\/\/jbsy-china.com\/\"},{\"@type\":\"ListItem\",\"position\":2,\"name\":\"Products\",\"item\":\"https:\/\/jbsy-china.com\/shop\/\"},{\"@type\":\"ListItem\",\"position\":3,\"name\":\"Square oil plug screw\"}]},{\"@type\":\"WebSite\",\"@id\":\"https:\/\/jbsy-china.com\/#website\",\"url\":\"https:\/\/jbsy-china.com\/\",\"name\":\"Jingbang Industrial\",\"description\":\"Hardware and electronics manufacturer\",\"publisher\":{\"@id\":\"https:\/\/jbsy-china.com\/#organization\"},\"potentialAction\":[{\"@type\":\"SearchAction\",\"target\":{\"@type\":\"EntryPoint\",\"urlTemplate\":\"https:\/\/jbsy-china.com\/?s={search_term_string}\"},\"query-input\":{\"@type\":\"PropertyValueSpecification\",\"valueRequired\":true,\"valueName\":\"search_term_string\"}}],\"inLanguage\":\"es\"},{\"@type\":\"Organization\",\"@id\":\"https:\/\/jbsy-china.com\/#organization\",\"name\":\"Jingbang Industrial\",\"url\":\"https:\/\/jbsy-china.com\/\",\"logo\":{\"@type\":\"ImageObject\",\"inLanguage\":\"es\",\"@id\":\"https:\/\/jbsy-china.com\/#\/schema\/logo\/image\/\",\"url\":\"https:\/\/jbsy-china.com\/wp-content\/uploads\/2023\/11\/cropped-\u56fe\u5c42-1.png\",\"contentUrl\":\"https:\/\/jbsy-china.com\/wp-content\/uploads\/2023\/11\/cropped-\u56fe\u5c42-1.png\",\"width\":1049,\"height\":739,\"caption\":\"Jingbang Industrial\"},\"image\":{\"@id\":\"https:\/\/jbsy-china.com\/#\/schema\/logo\/image\/\"}}]}<\/script>\n<!-- \/ Yoast SEO Premium plugin. -->","yoast_head_json":{"title":"Square oil plug screw - Jingbang Industrial","description":"A square oil plug screw is a type of fastener commonly used in machinery, automotive, and industrial applications to seal oil or fluid ports.","robots":{"index":"index","follow":"follow","max-snippet":"max-snippet:-1","max-image-preview":"max-image-preview:large","max-video-preview":"max-video-preview:-1"},"canonical":"https:\/\/jbsy-china.com\/es\/producto\/square-oil-plug-screw\/","og_locale":"es_ES","og_type":"article","og_title":"Square oil plug screw","og_description":"A square oil plug screw is a type of fastener commonly used in machinery, automotive, and industrial applications to seal oil or fluid ports.","og_url":"https:\/\/jbsy-china.com\/es\/producto\/square-oil-plug-screw\/","og_site_name":"Jingbang Industrial","article_modified_time":"2025-05-23T06:40:35+00:00","og_image":[{"width":800,"height":800,"url":"http:\/\/jbsy-china.com\/wp-content\/uploads\/2025\/05\/304\u4e0d\u9508\u94a2\u5916\u56db\u65b9\u6cb9\u585e\u87ba\u4e1d.jpg","type":"image\/jpeg"}],"twitter_card":"summary_large_image","twitter_misc":{"Tiempo de lectura":"3 minutos"},"schema":{"@context":"https:\/\/schema.org","@graph":[{"@type":"WebPage","@id":"https:\/\/jbsy-china.com\/product\/square-oil-plug-screw\/","url":"https:\/\/jbsy-china.com\/product\/square-oil-plug-screw\/","name":"Square oil plug screw - Jingbang Industrial","isPartOf":{"@id":"https:\/\/jbsy-china.com\/#website"},"primaryImageOfPage":{"@id":"https:\/\/jbsy-china.com\/product\/square-oil-plug-screw\/#primaryimage"},"image":{"@id":"https:\/\/jbsy-china.com\/product\/square-oil-plug-screw\/#primaryimage"},"thumbnailUrl":"https:\/\/jbsy-china.com\/wp-content\/uploads\/2025\/05\/304\u4e0d\u9508\u94a2\u5916\u56db\u65b9\u6cb9\u585e\u87ba\u4e1d.jpg","datePublished":"2025-05-16T07:39:12+00:00","dateModified":"2025-05-23T06:40:35+00:00","description":"A square oil plug screw is a type of fastener commonly used in machinery, automotive, and industrial applications to seal oil or fluid ports.","breadcrumb":{"@id":"https:\/\/jbsy-china.com\/product\/square-oil-plug-screw\/#breadcrumb"},"inLanguage":"es","potentialAction":[{"@type":"ReadAction","target":["https:\/\/jbsy-china.com\/product\/square-oil-plug-screw\/"]}]},{"@type":"ImageObject","inLanguage":"es","@id":"https:\/\/jbsy-china.com\/product\/square-oil-plug-screw\/#primaryimage","url":"https:\/\/jbsy-china.com\/wp-content\/uploads\/2025\/05\/304\u4e0d\u9508\u94a2\u5916\u56db\u65b9\u6cb9\u585e\u87ba\u4e1d.jpg","contentUrl":"https:\/\/jbsy-china.com\/wp-content\/uploads\/2025\/05\/304\u4e0d\u9508\u94a2\u5916\u56db\u65b9\u6cb9\u585e\u87ba\u4e1d.jpg","width":800,"height":800},{"@type":"BreadcrumbList","@id":"https:\/\/jbsy-china.com\/product\/square-oil-plug-screw\/#breadcrumb","itemListElement":[{"@type":"ListItem","position":1,"name":"Home","item":"https:\/\/jbsy-china.com\/"},{"@type":"ListItem","position":2,"name":"Products","item":"https:\/\/jbsy-china.com\/shop\/"},{"@type":"ListItem","position":3,"name":"Square oil plug screw"}]},{"@type":"WebSite","@id":"https:\/\/jbsy-china.com\/#website","url":"https:\/\/jbsy-china.com\/","name":"Jingbang Industrial","description":"Fabricante de hardware y electr\u00f3nica","publisher":{"@id":"https:\/\/jbsy-china.com\/#organization"},"potentialAction":[{"@type":"SearchAction","target":{"@type":"EntryPoint","urlTemplate":"https:\/\/jbsy-china.com\/?s={search_term_string}"},"query-input":{"@type":"PropertyValueSpecification","valueRequired":true,"valueName":"search_term_string"}}],"inLanguage":"es"},{"@type":"Organization","@id":"https:\/\/jbsy-china.com\/#organization","name":"Jingbang Industrial","url":"https:\/\/jbsy-china.com\/","logo":{"@type":"ImageObject","inLanguage":"es","@id":"https:\/\/jbsy-china.com\/#\/schema\/logo\/image\/","url":"https:\/\/jbsy-china.com\/wp-content\/uploads\/2023\/11\/cropped-\u56fe\u5c42-1.png","contentUrl":"https:\/\/jbsy-china.com\/wp-content\/uploads\/2023\/11\/cropped-\u56fe\u5c42-1.png","width":1049,"height":739,"caption":"Jingbang Industrial"},"image":{"@id":"https:\/\/jbsy-china.com\/#\/schema\/logo\/image\/"}}]}},"_links":{"self":[{"href":"https:\/\/jbsy-china.com\/es\/wp-json\/wp\/v2\/product\/33549","targetHints":{"allow":["GET"]}}],"collection":[{"href":"https:\/\/jbsy-china.com\/es\/wp-json\/wp\/v2\/product"}],"about":[{"href":"https:\/\/jbsy-china.com\/es\/wp-json\/wp\/v2\/types\/product"}],"replies":[{"embeddable":true,"href":"https:\/\/jbsy-china.com\/es\/wp-json\/wp\/v2\/comments?post=33549"}],"wp:featuredmedia":[{"embeddable":true,"href":"https:\/\/jbsy-china.com\/es\/wp-json\/wp\/v2\/media\/33501"}],"wp:attachment":[{"href":"https:\/\/jbsy-china.com\/es\/wp-json\/wp\/v2\/media?parent=33549"}],"wp:term":[{"taxonomy":"product_brand","embeddable":true,"href":"https:\/\/jbsy-china.com\/es\/wp-json\/wp\/v2\/product_brand?post=33549"},{"taxonomy":"product_cat","embeddable":true,"href":"https:\/\/jbsy-china.com\/es\/wp-json\/wp\/v2\/product_cat?post=33549"},{"taxonomy":"product_tag","embeddable":true,"href":"https:\/\/jbsy-china.com\/es\/wp-json\/wp\/v2\/product_tag?post=33549"}],"curies":[{"name":"wp","href":"https:\/\/api.w.org\/{rel}","templated":true}]}}